{"id":11830,"date":"2020-04-24T12:05:33","date_gmt":"2020-04-24T12:05:33","guid":{"rendered":"https:\/\/the-rsgroup.com\/tesar-polska\/"},"modified":"2025-12-09T10:49:03","modified_gmt":"2025-12-09T10:49:03","slug":"tesar-polska-old","status":"publish","type":"page","link":"https:\/\/the-rsgroup.com\/de\/tesar-polska-old\/","title":{"rendered":"Tesar Polska old"},"content":{"rendered":"<div class=\"wpb-content-wrapper\"><p>[vc_row css=&#8220;.vc_custom_1575405437154{padding-top: 20px !important;padding-bottom: 80px !important;}&#8220;][vc_column apress_zindex=&#8220;9&#8243; el_class=&#8220;custom_sidebar high_zIndex&#8220;][apress_heading sub_title=&#8220;&#8220; content_alignment=&#8220;left&#8220; enable_delimiter=&#8220;&#8220; color_scheme=&#8220;color_scheme2&#8243; style=&#8220;heading_style1&#8243; title_font_options=&#8220;tag:h2|letter_spacing:1&#8243; subtitle_font_options=&#8220;tag:div&#8220; heading_margin=&#8220;margin-bottom:30&#8243; class=&#8220;h2-heading-custom&#8220;]Tesar Polska mit Sitz in Niepo\u0142omice in Polen entwirft und produziert seit 2013 Gie\u00dfharztransformatoren sowie Strom- und Spannungswandler.[\/apress_heading][vc_column_text css=&#8220;.vc_custom_1591184886107{margin-bottom: 0px !important;}&#8220;]Tesar Polska ist Teil des bekannten Transformatorenherstellers Tesar, der als erstes italienisches Unternehmen die Technik des Gie\u00dfharzes f\u00fcr Transformatoren eingef\u00fchrt hat.<\/p>\n<p>Nach langj\u00e4hriger T\u00e4tigkeit mit einem Verkaufsb\u00fcro in Polen beschloss Tesar den Bau einer neuen Produktionsst\u00e4tte im Industriegebiet von Krakau, die seit 2013 unter dem eigenen Namen Tesar Polska in Betrieb ist.<\/p>\n<p>Im Jahr 2016 wurden Tesar und Tesar Polska Teil von R&amp;S, einem f\u00fchrenden Anbieter von elektrischen Infrastrukturprodukten in Schl\u00fcsselm\u00e4rkten rund um den Globus.[\/vc_column_text][\/vc_column][\/vc_row][vc_row full_width=&#8220;stretch_row&#8220; css=&#8220;.vc_custom_1587016913495{margin-top: 0px !important;padding-top: 60px !important;padding-bottom: 60px !important;background-color: #f8f8f8 !important;}&#8220;][vc_column][vc_row_inner][vc_column_inner el_class=&#8220;custom_sidebar&#8220; width=&#8220;1\/2&#8243;]\r\n<!--Image Box Start-->\r\n<div class=\"zolo_imagebox_new_swing new_imagebox_style4\"><div class=\"zolo_imagebox_new_wrapper zolo_imagebox_new_153680185169e8bc5ea3db9 new_imagebox_style4 noanimation\" data-animation =\"No Animation\" data-delay =\"500\" data-id =\"zolo_imagebox_new_153680185169e8bc5ea3db9\">\r\n    <a title=\"Giessharztransformatoren\" href=\"\/de\/produkte\/transformatoren\/trockentransformatoren\/\" target=\"_self\" rel=\"\">\r\n    <div class=\"zolo_imagebox_new_box\">\r\n        <div class=\"zolo_thumbnail\" style=\"background:url(https:\/\/the-rsgroup.com\/wp-content\/uploads\/2020\/01\/cast-resin-transformer-tesar.png) no-repeat center center; -moz-background-size:cover;-webkit-background-size:cover;-o-background-size:cover;-ms-background-size:cover;background-size:cover; height:300px;\"><\/div>\r\n        <div class=\"zolo_imagebox_new_content\">\r\n            <div class=\"zolo_imagebox_new_title_des\">\r\n        <h3 class=\"entry-title zolo_imagebox_new_title\" style=\"color:#000000; \">        Gie\u00dfharz-Transformatoren <\/h3>                <span class=\"zolo_imagebox_description\" style=\"color:#000000; \">        Mit mehr als 100.000 installierten Transformatoren bietet R&amp;S die branchenweit besten Gie\u00dfharz-Transformatoren mit einer Leistung von bis zu 20 MVA an. <\/span>        <div class=\"zolo_imagebox_icon_button_element alignment_inline zolo_imagebox_icon_button_153680185169e8bc5ea3db9\"><span class=\"zolo_iconbutton_tag iconbutton_style1 button_style_none\"><span class=\"zolo_button_icon zolo_arrow_icon\"><\/span><\/span><\/div>      <\/div>\r\n    <\/div>\r\n          <\/div>\r\n    <\/a>\r\n  <\/div>\r\n<\/div><!--Image Box End-->\r\n\r\n[\/vc_column_inner][vc_column_inner el_class=&#8220;custom_sidebar&#8220; width=&#8220;1\/2&#8243;]\r\n<!--Image Box Start-->\r\n<div class=\"zolo_imagebox_new_swing new_imagebox_style4\"><div class=\"zolo_imagebox_new_wrapper zolo_imagebox_new_103496868369e8bc5eb2830 new_imagebox_style4 noanimation\" data-animation =\"No Animation\" data-delay =\"500\" data-id =\"zolo_imagebox_new_103496868369e8bc5eb2830\">\r\n    <a title=\"Messwandler\" href=\"\/de\/produkte\/transformatoren\/strom-und-spannungswandler\/\" target=\"_self\" rel=\"\">\r\n    <div class=\"zolo_imagebox_new_box\">\r\n        <div class=\"zolo_thumbnail\" style=\"background:url(https:\/\/the-rsgroup.com\/wp-content\/uploads\/2020\/01\/instrument-transformer-rs.png) no-repeat center center; -moz-background-size:cover;-webkit-background-size:cover;-o-background-size:cover;-ms-background-size:cover;background-size:cover; height:300px;\"><\/div>\r\n        <div class=\"zolo_imagebox_new_content\">\r\n            <div class=\"zolo_imagebox_new_title_des\">\r\n        <h3 class=\"entry-title zolo_imagebox_new_title\" style=\"color:#000000; \">        Messwandler <\/h3>                <span class=\"zolo_imagebox_description\" style=\"color:#000000; \">        Entdecken Sie unser Angebot an Strom- und Spannungswandlern, die in Ihrer Anlage f\u00fcr maximale Genauigkeit sorgen. <\/span>        <div class=\"zolo_imagebox_icon_button_element alignment_inline zolo_imagebox_icon_button_103496868369e8bc5eb2830\"><span class=\"zolo_iconbutton_tag iconbutton_style1 button_style_none\"><span class=\"zolo_button_icon zolo_arrow_icon\"><\/span><\/span><\/div>      <\/div>\r\n    <\/div>\r\n          <\/div>\r\n    <\/a>\r\n  <\/div>\r\n<\/div><!--Image Box End-->\r\n\r\n[\/vc_column_inner][\/vc_row_inner][\/vc_column][\/vc_row][vc_row full_width=&#8220;stretch_row&#8220; css=&#8220;.vc_custom_1587016905820{margin-top: 0px !important;padding-bottom: 60px !important;background-color: #f8f8f8 !important;}&#8220;][vc_column][vc_row_inner][vc_column_inner el_class=&#8220;custom_sidebar&#8220; width=&#8220;1\/2&#8243;]\r\n<!--Image Box Start-->\r\n<div class=\"zolo_imagebox_new_swing new_imagebox_style4\"><div class=\"zolo_imagebox_new_wrapper zolo_imagebox_new_138784741669e8bc5eb8983 new_imagebox_style4 noanimation\" data-animation =\"No Animation\" data-delay =\"500\" data-id =\"zolo_imagebox_new_138784741669e8bc5eb8983\">\r\n    <a title=\"Downloadbereich\" href=\"\/de\/produkte\/downloads\/\" target=\"_self\" rel=\"\">\r\n    <div class=\"zolo_imagebox_new_box\">\r\n        <div class=\"zolo_thumbnail\" style=\"background:url(https:\/\/the-rsgroup.com\/wp-content\/uploads\/2020\/04\/Products-with-Bows_3.jpg) no-repeat center center; -moz-background-size:cover;-webkit-background-size:cover;-o-background-size:cover;-ms-background-size:cover;background-size:cover; height:300px;\"><\/div>\r\n        <div class=\"zolo_imagebox_new_content\">\r\n            <div class=\"zolo_imagebox_new_title_des\">\r\n        <h3 class=\"entry-title zolo_imagebox_new_title\" style=\"color:#000000; \">        Downloadbereich <\/h3>                <span class=\"zolo_imagebox_description\" style=\"color:#000000; \">        Sind Sie auf der Suche nach weiteren Produktinformationen und technischen Details? <\/span>        <div class=\"zolo_imagebox_icon_button_element alignment_inline zolo_imagebox_icon_button_138784741669e8bc5eb8983\"><span class=\"zolo_iconbutton_tag iconbutton_style1 button_style_none\"><span class=\"zolo_button_icon zolo_arrow_icon\"><\/span><\/span><\/div>      <\/div>\r\n    <\/div>\r\n          <\/div>\r\n    <\/a>\r\n  <\/div>\r\n<\/div><!--Image Box End-->\r\n\r\n[\/vc_column_inner][vc_column_inner el_class=&#8220;custom_sidebar&#8220; width=&#8220;1\/2&#8243;]\r\n<!--Image Box Start-->\r\n<div class=\"zolo_imagebox_new_swing new_imagebox_style4\"><div class=\"zolo_imagebox_new_wrapper zolo_imagebox_new_67610997069e8bc5eba509 new_imagebox_style4 noanimation\" data-animation =\"No Animation\" data-delay =\"500\" data-id =\"zolo_imagebox_new_67610997069e8bc5eba509\">\r\n    <a title=\"Service und support\" href=\"\/de\/produkte\/service-und-support\/\" target=\"_self\" rel=\"\">\r\n    <div class=\"zolo_imagebox_new_box\">\r\n        <div class=\"zolo_thumbnail\" style=\"background:url(https:\/\/the-rsgroup.com\/wp-content\/uploads\/2020\/01\/service-rs.jpg) no-repeat center center; -moz-background-size:cover;-webkit-background-size:cover;-o-background-size:cover;-ms-background-size:cover;background-size:cover; height:300px;\"><\/div>\r\n        <div class=\"zolo_imagebox_new_content\">\r\n            <div class=\"zolo_imagebox_new_title_des\">\r\n        <h3 class=\"entry-title zolo_imagebox_new_title\" style=\"color:#000000; \">        Service und Unterst\u00fctzung <\/h3>                <span class=\"zolo_imagebox_description\" style=\"color:#000000; \">        Wir von R&amp;S unterst\u00fctzen Sie in jeder Hinsicht. Erfahren Sie mehr \u00fcber unsere Support- und Servicel\u00f6sungen. <\/span>        <div class=\"zolo_imagebox_icon_button_element alignment_inline zolo_imagebox_icon_button_67610997069e8bc5eba509\"><span class=\"zolo_iconbutton_tag iconbutton_style1 button_style_none\"><span class=\"zolo_button_icon zolo_arrow_icon\"><\/span><\/span><\/div>      <\/div>\r\n    <\/div>\r\n          <\/div>\r\n    <\/a>\r\n  <\/div>\r\n<\/div><!--Image Box End-->\r\n\r\n[\/vc_column_inner][\/vc_row_inner][\/vc_column][\/vc_row]<\/p>\n<\/div>","protected":false},"excerpt":{"rendered":"<p>[vc_row css=&#8220;.vc_custom_1575405437154{padding-top: 20px !important;padding-bottom: 80px !important;}&#8220;][vc_column apress_zindex=&#8220;9&#8243; el_class=&#8220;custom_sidebar high_zIndex&#8220;][apress_heading sub_title=&#8220;&#8220; content_alignment=&#8220;left&#8220; enable_delimiter=&#8220;&#8220; color_scheme=&#8220;color_scheme2&#8243; style=&#8220;heading_style1&#8243; title_font_options=&#8220;tag:h2|letter_spacing:1&#8243; subtitle_font_options=&#8220;tag:div&#8220; heading_margin=&#8220;margin-bottom:30&#8243; class=&#8220;h2-heading-custom&#8220;]Tesar Polska mit Sitz in Niepo\u0142omice in Polen entwirft und produziert seit 2013 Gie\u00dfharztransformatoren sowie Strom- und Spannungswandler.[\/apress_heading][vc_column_text css=&#8220;.vc_custom_1591184886107{margin-bottom: 0px !important;}&#8220;]Tesar Polska ist&hellip;<\/p>\n","protected":false},"author":1,"featured_media":0,"parent":0,"menu_order":0,"comment_status":"closed","ping_status":"closed","template":"template-fullwidth-page.php","meta":{"_acf_changed":false,"_monsterinsights_skip_tracking":false,"_monsterinsights_sitenote_active":false,"_monsterinsights_sitenote_note":"","_monsterinsights_sitenote_category":0,"footnotes":""},"class_list":["post-11830","page","type-page","status-publish","hentry"],"acf":[],"_links":{"self":[{"href":"https:\/\/the-rsgroup.com\/de\/wp-json\/wp\/v2\/pages\/11830","targetHints":{"allow":["GET"]}}],"collection":[{"href":"https:\/\/the-rsgroup.com\/de\/wp-json\/wp\/v2\/pages"}],"about":[{"href":"https:\/\/the-rsgroup.com\/de\/wp-json\/wp\/v2\/types\/page"}],"author":[{"embeddable":true,"href":"https:\/\/the-rsgroup.com\/de\/wp-json\/wp\/v2\/users\/1"}],"replies":[{"embeddable":true,"href":"https:\/\/the-rsgroup.com\/de\/wp-json\/wp\/v2\/comments?post=11830"}],"version-history":[{"count":3,"href":"https:\/\/the-rsgroup.com\/de\/wp-json\/wp\/v2\/pages\/11830\/revisions"}],"predecessor-version":[{"id":30692,"href":"https:\/\/the-rsgroup.com\/de\/wp-json\/wp\/v2\/pages\/11830\/revisions\/30692"}],"wp:attachment":[{"href":"https:\/\/the-rsgroup.com\/de\/wp-json\/wp\/v2\/media?parent=11830"}],"curies":[{"name":"wp","href":"https:\/\/api.w.org\/{rel}","templated":true}]}}