{"id":18097,"date":"2023-12-10T16:33:04","date_gmt":"2023-12-10T16:33:04","guid":{"rendered":"https:\/\/the-rsgroup.com\/ueber-rs\/sustainability\/"},"modified":"2025-12-22T07:17:11","modified_gmt":"2025-12-22T07:17:11","slug":"nachhaltige-entwicklung","status":"publish","type":"page","link":"https:\/\/the-rsgroup.com\/de\/ueber-rs\/nachhaltige-entwicklung\/","title":{"rendered":"Nachhaltige Entwicklung"},"content":{"rendered":"<div class=\"wpb-content-wrapper\"><p>[vc_section full_width=&#8220;stretch_row&#8220; content_placement=&#8220;middle&#8220; min_height=&#8220;480&#8243; css=&#8220;.vc_custom_1759583953168{background-image: url(https:\/\/the-rsgroup.com\/wp-content\/uploads\/2021\/06\/shutterstock_526986238-scaled.jpg?id=14430) !important;background-position: center !important;background-repeat: no-repeat !important;background-size: cover !important;}&#8220; el_class=&#8220;inner-page-banner-section&#8220;][vc_row][vc_column][apress_heading sub_title=&#8220;Unsere Standorte&#8220; content_alignment=&#8220;left&#8220; data_animation=&#8220;fadeInRight&#8220; enable_delimiter=&#8220;&#8220; style=&#8220;heading_style1&#8243; title_font_options=&#8220;tag:h1&#8243; subtitle_font_options=&#8220;tag:div&#8220;]Nachhaltige Entwicklung[\/apress_heading][\/vc_column][\/vc_row][\/vc_section][vc_row css=&#8220;.vc_custom_1758271927146{padding-top: 80px !important;padding-bottom: 80px !important;}&#8220;][vc_column apress_zindex=&#8220;9&#8243; css=&#8220;.vc_custom_1701013509166{padding-top: 0px !important;padding-bottom: 0px !important;}&#8220; el_class=&#8220;custom_sidebar high_zIndex&#8220;][apress_heading sub_title=&#8220;&#8220; content_alignment=&#8220;left&#8220; enable_delimiter=&#8220;&#8220; color_scheme=&#8220;color_scheme1&#8243; style=&#8220;heading_style1&#8243; title_font_options=&#8220;tag:h2|letter_spacing:1&#8243; subtitle_font_options=&#8220;tag:div&#8220; heading_margin=&#8220;margin-bottom:30&#8243; subheading_margin=&#8220;margin-bottom:30&#8243;]Nachhaltige Entwicklung bei R&amp;S[\/apress_heading][vc_column_text css=&#8220;&#8220;]Als f\u00fchrender Anbieter von elektrischen Infrastrukturkomponenten engagiert sich die R&amp;S Group aktiv f\u00fcr die Energiewende. Unsere Mission ist es, zuverl\u00e4ssige Energie bereitzustellen und gleichzeitig den \u00dcbergang zu erneuerbaren Energiequellen und deren effizienter Verteilung zu unterst\u00fctzen. Nachhaltigkeit ist daher ein zentraler Bestandteil unserer Unternehmensstrategie und pr\u00e4gt sowohl unsere aktuellen als auch zuk\u00fcnftigen Aktivit\u00e4ten.<\/p>\n<p>Wir verfolgen einen ganzheitlichen Ansatz zur Integration von Nachhaltigkeitsprinzipien entlang unserer gesamten Wertsch\u00f6pfungskette. Dabei setzen wir auf ein Modell der Kreislaufwirtschaft, das den gesamten Lebenszyklus unserer Produkte ber\u00fccksichtigt \u2013 von der Materialauswahl \u00fcber das Design bis hin zur Nutzung und dem Recycling. Unser Ziel ist es, die Energieeffizienz unserer Produkte kontinuierlich zu verbessern und den Einsatz ressourcenschonender Materialien zu f\u00f6rdern.<\/p>\n<p>Ein Beispiel f\u00fcr unser Engagement ist die Entwicklung der n\u00e4chsten Generation von Transformatoren. Durch den Einsatz klimafreundlicher Materialien, wie beispielsweise CO\u2082-reduziertem Stahl, und die Optimierung des Designs konnten wir die Energieeffizienz unserer aktuellen Modelle im Vergleich zu fr\u00fcheren Generationen um \u00fcber 25\u202f% steigern. Zudem bestehen mehr als 80\u202f% der in unseren Transformatoren verwendeten Rohstoffe aus verschiedenen, gr\u00f6\u00dftenteils recycelbaren Metallen.<\/p>\n<p>Innerhalb der R&amp;S Group haben wir konkrete Ziele, Prozesse und Leistungsindikatoren definiert, um unsere Fortschritte in den Bereichen Umwelt, Soziales und Unternehmensf\u00fchrung (ESG \u2013 Environmental, Social, Governance) zu messen und kontinuierlich zu verbessern. Derzeit arbeiten wir an der weiteren Integration von ESG-Grunds\u00e4tzen in unsere Gesch\u00e4ftsprozesse und Verg\u00fctungsmodelle, um eine nachhaltige Unternehmensf\u00fchrung sicherzustellen.<\/p>\n<p>Unsere Erfolge im Gesch\u00e4ftsjahr 2024, darunter ein Umsatzwachstum von 40\u202f% auf 282,6\u202fMillionen CHF und ein Rekord-Auftragsbestand von 278\u202fMillionen CHF, best\u00e4tigen die Wirksamkeit unserer nachhaltigen Strategie. Wir sind \u00fcberzeugt, dass wirtschaftlicher Erfolg und \u00f6kologische Verantwortung Hand in Hand gehen und setzen uns weiterhin daf\u00fcr ein, innovative L\u00f6sungen f\u00fcr eine nachhaltige Energiezukunft zu entwickeln.[\/vc_column_text][\/vc_column][\/vc_row][vc_row full_width=&#8220;stretch_row&#8220; equal_height=&#8220;yes&#8220; css=&#8220;.vc_custom_1758271866994{margin-top: 0px !important;padding-top: 0px !important;padding-bottom: 80px !important;}&#8220;][vc_column][vc_row_inner equal_height=&#8220;yes&#8220; gap=&#8220;20&#8243; el_class=&#8220;benefits-column-row&#8220;][vc_column_inner el_class=&#8220;custom_sidebar&#8220; width=&#8220;1\/3&#8243;][apress_gradient_icon_box description=&#8220;&#8220; color_scheme=&#8220;gradient_scheme1&#8243; icon_type=&#8220;image&#8220; icon_image=&#8220;22567&#8243; gradient_icon_size=&#8220;70&#8243; style=&#8220;iconbox_style1&#8243; class=&#8220;no-padding&#8220; title_font_options=&#8220;tag:h2|letter_spacing:1&#8243;]Strategie[\/apress_gradient_icon_box][vc_column_text css=&#8220;&#8220;]<\/p>\n<ul>\n<li style=\"text-align: left;\">Ambition, Nachhaltigkeitsstrategie &amp; Roadmap<\/li>\n<li style=\"text-align: left;\">Produkt &amp; Dienstleistungen<\/li>\n<li style=\"text-align: left;\">Kunden<\/li>\n<\/ul>\n<p>[\/vc_column_text][\/vc_column_inner][vc_column_inner el_class=&#8220;custom_sidebar&#8220; width=&#8220;1\/3&#8243;][apress_gradient_icon_box description=&#8220;&#8220; color_scheme=&#8220;gradient_scheme1&#8243; icon_type=&#8220;image&#8220; icon_image=&#8220;22008&#8243; gradient_icon_size=&#8220;70&#8243; style=&#8220;iconbox_style1&#8243; class=&#8220;no-padding&#8220; title_font_options=&#8220;tag:h2|letter_spacing:1&#8243;]Risiko &amp; Compliance[\/apress_gradient_icon_box][vc_column_text css=&#8220;&#8220;]<\/p>\n<ul>\n<li style=\"text-align: left;\">Risikobewertung<\/li>\n<li style=\"text-align: left;\">Daten und Technologie<\/li>\n<li style=\"text-align: left;\">Regulierung<\/li>\n<\/ul>\n<p>[\/vc_column_text][\/vc_column_inner][vc_column_inner el_class=&#8220;custom_sidebar&#8220; width=&#8220;1\/3&#8243;][apress_gradient_icon_box description=&#8220;&#8220; color_scheme=&#8220;gradient_scheme1&#8243; icon_type=&#8220;image&#8220; icon_image=&#8220;21719&#8243; gradient_icon_size=&#8220;70&#8243; style=&#8220;iconbox_style1&#8243; class=&#8220;no-padding&#8220; title_font_options=&#8220;tag:h2|letter_spacing:1&#8243;]Umweltmanagement[\/apress_gradient_icon_box][vc_column_text css=&#8220;&#8220;]<\/p>\n<ul>\n<li style=\"text-align: left;\">Treibhausgasemissionen<\/li>\n<li style=\"text-align: left;\">Ressourceneffizienz<\/li>\n<\/ul>\n<p>[\/vc_column_text][\/vc_column_inner][\/vc_row_inner][vc_row_inner equal_height=&#8220;yes&#8220; gap=&#8220;20&#8243; el_class=&#8220;benefits-column-row&#8220;][vc_column_inner el_class=&#8220;custom_sidebar&#8220; width=&#8220;1\/3&#8243;][apress_gradient_icon_box description=&#8220;&#8220; color_scheme=&#8220;gradient_scheme1&#8243; icon_type=&#8220;image&#8220; icon_image=&#8220;21996&#8243; gradient_icon_size=&#8220;70&#8243; style=&#8220;iconbox_style1&#8243; class=&#8220;no-padding&#8220; title_font_options=&#8220;tag:h2|letter_spacing:1&#8243;]Wertsch\u00f6pfungskette[\/apress_gradient_icon_box][vc_column_text css=&#8220;&#8220;]<\/p>\n<ul>\n<li style=\"text-align: left;\">Lieferkette<\/li>\n<li style=\"text-align: left;\">Educational Relationships<\/li>\n<\/ul>\n<p>[\/vc_column_text][\/vc_column_inner][vc_column_inner el_class=&#8220;custom_sidebar&#8220; width=&#8220;1\/3&#8243;][apress_gradient_icon_box description=&#8220;&#8220; color_scheme=&#8220;gradient_scheme1&#8243; icon_type=&#8220;image&#8220; icon_image=&#8220;22555&#8243; gradient_icon_size=&#8220;70&#8243; style=&#8220;iconbox_style1&#8243; class=&#8220;no-padding&#8220; title_font_options=&#8220;tag:h2|letter_spacing:1&#8243;]Mitarbeiter &amp; Arbeit Umfeld[\/apress_gradient_icon_box][vc_column_text css=&#8220;&#8220;]<\/p>\n<ul>\n<li style=\"text-align: left;\">Gesundheit und Sicherheit<\/li>\n<li style=\"text-align: left;\">Ethik und Verhalten am Arbeitsplatz<\/li>\n<\/ul>\n<p>[\/vc_column_text][\/vc_column_inner][vc_column_inner el_class=&#8220;custom_sidebar&#8220; width=&#8220;1\/3&#8243;][apress_gradient_icon_box description=&#8220;&#8220; color_scheme=&#8220;gradient_scheme1&#8243; icon_type=&#8220;image&#8220; icon_image=&#8220;22020&#8243; gradient_icon_size=&#8220;70&#8243; style=&#8220;iconbox_style1&#8243; class=&#8220;no-padding&#8220; title_font_options=&#8220;tag:h2|letter_spacing:1&#8243;]F\u00fchrung[\/apress_gradient_icon_box][vc_column_text css=&#8220;&#8220;]<\/p>\n<ul>\n<li style=\"text-align: left;\">Rollen und Verantwortlichkeiten<\/li>\n<li style=\"text-align: left;\">Managementsysteme<\/li>\n<li style=\"text-align: left;\">Gleichberechtigung<\/li>\n<\/ul>\n<p>[\/vc_column_text][\/vc_column_inner][\/vc_row_inner][\/vc_column][\/vc_row]<\/p>\n<\/div>","protected":false},"excerpt":{"rendered":"<p>[vc_section full_width=&#8220;stretch_row&#8220; content_placement=&#8220;middle&#8220; min_height=&#8220;480&#8243; css=&#8220;.vc_custom_1759583953168{background-image: url(https:\/\/the-rsgroup.com\/wp-content\/uploads\/2021\/06\/shutterstock_526986238-scaled.jpg?id=14430) !important;background-position: center !important;background-repeat: no-repeat !important;background-size: cover !important;}&#8220; el_class=&#8220;inner-page-banner-section&#8220;][vc_row][vc_column][apress_heading sub_title=&#8220;Unsere Standorte&#8220; content_alignment=&#8220;left&#8220; data_animation=&#8220;fadeInRight&#8220; enable_delimiter=&#8220;&#8220; style=&#8220;heading_style1&#8243; title_font_options=&#8220;tag:h1&#8243; subtitle_font_options=&#8220;tag:div&#8220;]Nachhaltige Entwicklung[\/apress_heading][\/vc_column][\/vc_row][\/vc_section][vc_row css=&#8220;.vc_custom_1758271927146{padding-top: 80px !important;padding-bottom: 80px !important;}&#8220;][vc_column apress_zindex=&#8220;9&#8243; css=&#8220;.vc_custom_1701013509166{padding-top: 0px !important;padding-bottom: 0px !important;}&#8220; el_class=&#8220;custom_sidebar high_zIndex&#8220;][apress_heading sub_title=&#8220;&#8220; content_alignment=&#8220;left&#8220; enable_delimiter=&#8220;&#8220; color_scheme=&#8220;color_scheme1&#8243;&hellip;<\/p>\n","protected":false},"author":1,"featured_media":0,"parent":3750,"menu_order":0,"comment_status":"closed","ping_status":"closed","template":"template-fullwidth-page.php","meta":{"_acf_changed":false,"_monsterinsights_skip_tracking":false,"_monsterinsights_sitenote_active":false,"_monsterinsights_sitenote_note":"","_monsterinsights_sitenote_category":0,"footnotes":""},"class_list":["post-18097","page","type-page","status-publish","hentry"],"acf":[],"_links":{"self":[{"href":"https:\/\/the-rsgroup.com\/de\/wp-json\/wp\/v2\/pages\/18097","targetHints":{"allow":["GET"]}}],"collection":[{"href":"https:\/\/the-rsgroup.com\/de\/wp-json\/wp\/v2\/pages"}],"about":[{"href":"https:\/\/the-rsgroup.com\/de\/wp-json\/wp\/v2\/types\/page"}],"author":[{"embeddable":true,"href":"https:\/\/the-rsgroup.com\/de\/wp-json\/wp\/v2\/users\/1"}],"replies":[{"embeddable":true,"href":"https:\/\/the-rsgroup.com\/de\/wp-json\/wp\/v2\/comments?post=18097"}],"version-history":[{"count":20,"href":"https:\/\/the-rsgroup.com\/de\/wp-json\/wp\/v2\/pages\/18097\/revisions"}],"predecessor-version":[{"id":31791,"href":"https:\/\/the-rsgroup.com\/de\/wp-json\/wp\/v2\/pages\/18097\/revisions\/31791"}],"up":[{"embeddable":true,"href":"https:\/\/the-rsgroup.com\/de\/wp-json\/wp\/v2\/pages\/3750"}],"wp:attachment":[{"href":"https:\/\/the-rsgroup.com\/de\/wp-json\/wp\/v2\/media?parent=18097"}],"curies":[{"name":"wp","href":"https:\/\/api.w.org\/{rel}","templated":true}]}}