{"id":18220,"date":"2023-12-11T20:07:28","date_gmt":"2023-12-11T20:07:28","guid":{"rendered":"https:\/\/the-rsgroup.com\/ueber-rs\/taetigkeitsbereiche\/"},"modified":"2025-12-05T10:55:19","modified_gmt":"2025-12-05T10:55:19","slug":"taetigkeitsbereiche","status":"publish","type":"page","link":"https:\/\/the-rsgroup.com\/de\/ueber-rs\/taetigkeitsbereiche\/","title":{"rendered":"T\u00e4tigkeitsbereiche"},"content":{"rendered":"<div class=\"wpb-content-wrapper\"><p>[vc_section full_width=&#8220;stretch_row&#8220; content_placement=&#8220;middle&#8220; min_height=&#8220;480&#8243; css=&#8220;.vc_custom_1764929124269{background-image: url(https:\/\/the-rsgroup.com\/wp-content\/uploads\/2025\/12\/f3180ede-4dd9-46e3-a083-a1e8c4528abe.jpg?id=29629) !important;background-position: center !important;background-repeat: no-repeat !important;background-size: cover !important;}&#8220; el_class=&#8220;inner-page-banner-section&#8220;][vc_row][vc_column][apress_heading sub_title=&#8220;&#8220; content_alignment=&#8220;left&#8220; data_animation=&#8220;fadeInRight&#8220; enable_delimiter=&#8220;&#8220; style=&#8220;heading_style1&#8243; title_font_options=&#8220;tag:h1&#8243; subtitle_font_options=&#8220;tag:div&#8220;]T\u00e4tigkeitsbereiche[\/apress_heading][\/vc_column][\/vc_row][\/vc_section][vc_row css=&#8220;.vc_custom_1764930559177{padding-top: 80px !important;padding-bottom: 80px !important;}&#8220;][vc_column][vc_row_inner][vc_column_inner][vc_column_text css=&#8220;&#8220;]Wir unterst\u00fctzen unsere Kunden entlang der gesamten Wertsch\u00f6pfungskette der elektrischen Energie \u2013 von der Erzeugung \u00fcber \u00dcbertragung und Verteilung bis hin zu Speicherung und ausfallkritischen Anwendungen wie Rechenzentren, Industrieanlagen, Bahn- und Infrastrukturprojekten.<\/p>\n<p>Die Energiewende ver\u00e4ndert dabei die Anforderungen an die elektrische Infrastruktur grundlegend. F\u00fcr uns als Transformatorenhersteller bedeutet das vor allem eines:<br \/>\nIn immer k\u00fcrzerer Zeit deutlich mehr, effizientere und zugleich nachhaltigere Transformatoren zu liefern \u2013 in Netzen, die technisch komplexer und regulatorisch anspruchsvoller werden.[\/vc_column_text]<div class=\"apress-spacer spacer-69edce24db988\" data-id=\"69edce24db988\" data-height=\"50\" data-height-mobile=\"50\" data-height-tab=\"50\" data-height-tab-portrait=\"\" data-height-mobile-landscape=\"\" style=\"clear:both;display:block;\"><\/div>[apress_heading sub_title=&#8220;&#8220; content_alignment=&#8220;left&#8220; enable_delimiter=&#8220;&#8220; color_scheme=&#8220;color_scheme2&#8243; style=&#8220;heading_style5&#8243; title_font_options=&#8220;tag:h2|letter_spacing:0&#8243; subtitle_font_options=&#8220;tag:div|letter_spacing:3&#8243;]Die zentralen Herausforderungen dabei sind:[\/apress_heading]<div class=\"apress-spacer spacer-69edce24dba25\" data-id=\"69edce24dba25\" data-height=\"20\" data-height-mobile=\"20\" data-height-tab=\"20\" data-height-tab-portrait=\"\" data-height-mobile-landscape=\"\" style=\"clear:both;display:block;\"><\/div>[vc_column_text css=&#8220;&#8220;]<\/p>\n<ul>\n<li>die wachsende Nachfrage nach Transformatoren durch gleichzeitigen Netzausbau, Netzverst\u00e4rkung und Modernisierung,<\/li>\n<li>die Integration erneuerbarer Energien (z. B. Wind, Solar, Batteriespeicher) mit zum Teil stark schwankenden Auslastungen,<\/li>\n<li>strenge Effizienz- und Nachhaltigkeitsvorgaben (z. B. \u00d6kodesign-Richtlinien, CO\u2082-Reduktion, Ger\u00e4usch- und Sicherheitsanforderungen)<\/li>\n<li>angespannte Rohstoff- und Material-Lieferketten.<\/li>\n<\/ul>\n<p>[\/vc_column_text][\/vc_column_inner][\/vc_row_inner][\/vc_column][\/vc_row][vc_row css=&#8220;.vc_custom_1764929364238{padding-top: 80px !important;padding-bottom: 80px !important;background-color: #E6E7E9 !important;}&#8220;][vc_column][vc_row_inner gap=&#8220;35&#8243;][vc_column_inner width=&#8220;3\/5&#8243;][apress_heading sub_title=&#8220;&#8220; content_alignment=&#8220;left&#8220; enable_delimiter=&#8220;&#8220; color_scheme=&#8220;color_scheme2&#8243; style=&#8220;heading_style5&#8243; title_font_options=&#8220;tag:h2|letter_spacing:0&#8243; subtitle_font_options=&#8220;tag:div|letter_spacing:3&#8243;]Unsere L\u00f6sungen adressieren diese Themen gezielt:[\/apress_heading]<div class=\"apress-spacer spacer-69edce24dba92\" data-id=\"69edce24dba92\" data-height=\"50\" data-height-mobile=\"50\" data-height-tab=\"50\" data-height-tab-portrait=\"\" data-height-mobile-landscape=\"\" style=\"clear:both;display:block;\"><\/div>[vc_column_text css=&#8220;&#8220;]<\/p>\n<ul>\n<li>Ausbau unserer Fertigungskapazit\u00e4ten: 2025 haben wir in Krzecz\u00f3w bei Bochnia (Polen)<br \/>\nein neues Werk der Marke Rauscher &amp; Stoecklin f\u00fcr \u00d6l-Verteiltransformatoren mit rund<br \/>\n10.000 m\u00b2 wProduktionsfl\u00e4che in Betrieb genommen.<\/li>\n<li>Umfassendes Sortiment an verlustarmen Verteil- und Leistungstransformatoren f\u00fcr<br \/>\n\u00dcbertragungs- und Verteilnetze.<\/li>\n<li>Gie\u00dfharztransformatoren f\u00fcr Industrie, Rechenzentren sowie Bau- und Infrastrukturprojekte.<\/li>\n<li>Spezialausf\u00fchrungen f\u00fcr Bahn, Marine, Bergbau, \u00d6l und Gas, Elektromobilit\u00e4t, Batteriespeicher<br \/>\nund weitere anspruchsvolle Anwendungen.<\/li>\n<li>Messwandler und Schaltger\u00e4te f\u00fcr Netz\u00fcberwachung und Netzschutz.<\/li>\n<\/ul>\n<p>[\/vc_column_text][\/vc_column_inner][vc_column_inner width=&#8220;2\/5&#8243;][vc_single_image image=&#8220;29643&#8243; img_size=&#8220;large&#8220; css=&#8220;&#8220;][\/vc_column_inner][\/vc_row_inner][\/vc_column][\/vc_row][vc_row css=&#8220;.vc_custom_1764930678922{padding-top: 80px !important;padding-bottom: 80px !important;}&#8220;][vc_column][vc_row_inner][vc_column_inner][apress_heading sub_title=&#8220;&#8220; content_alignment=&#8220;left&#8220; enable_delimiter=&#8220;&#8220; color_scheme=&#8220;color_scheme2&#8243; style=&#8220;heading_style5&#8243; title_font_options=&#8220;tag:h2|letter_spacing:0&#8243; subtitle_font_options=&#8220;tag:div|letter_spacing:3&#8243;]Kundenfokus[\/apress_heading]<div class=\"apress-spacer spacer-69edce24dbafe\" data-id=\"69edce24dbafe\" data-height=\"50\" data-height-mobile=\"50\" data-height-tab=\"50\" data-height-tab-portrait=\"\" data-height-mobile-landscape=\"\" style=\"clear:both;display:block;\"><\/div>[vc_column_text css=&#8220;&#8220;]<strong>F\u00fcr das Management unserer Kunden geht es dabei im Kern um drei Ziele:<\/strong><br \/>\nVersorgungssicherheit, Wirtschaftlichkeit und Erf\u00fcllung regulatorischer und nachhaltigkeitsbezogener Anforderungen.<\/p>\n<p><strong>Versorgungssicherheit und Netzstabilit\u00e4t:<\/strong><br \/>\nRobust ausgelegte Transformatoren und Komponenten, angepasst an Lastwechsel, Oberschwingungen und neue Betriebsprofile, erh\u00f6hen die Verf\u00fcgbarkeit und reduzieren Ausfallrisiken.<\/p>\n<p><strong>Wirtschaftlichkeit \u00fcber den Lebenszyklus:<\/strong><br \/>\nEnergieeffiziente Designs reduzieren Verluste und laufende Betriebskosten, lange Lebensdauer und geringer Wartungsbedarf sichern Investitionen \u00fcber Jahrzehnte.<\/p>\n<p><strong>Nachhaltigkeit und Regulierung:<\/strong><br \/>\nUnsere Produkte erf\u00fcllen aktuelle und absehbare Effizienz-, Umwelt- und Sicherheitsanforderungen \u2013 von europ\u00e4ischen \u00d6kodesign-Vorgaben bis hin zu kundenspezifischen Normen und Spezifikationen.[\/vc_column_text][\/vc_column_inner][\/vc_row_inner][\/vc_column][\/vc_row][vc_row css=&#8220;.vc_custom_1764930440890{padding-top: 80px !important;padding-bottom: 80px !important;background-color: #E6E7E9 !important;}&#8220;][vc_column][apress_heading sub_title=&#8220;Unsere Branchenkompetenz teilt sich in drei Segmente auf:&#8220; content_alignment=&#8220;left&#8220; enable_delimiter=&#8220;&#8220; color_scheme=&#8220;color_scheme2&#8243; style=&#8220;heading_style5&#8243; title_font_options=&#8220;tag:h2|letter_spacing:0&#8243; subtitle_font_options=&#8220;tag:div|letter_spacing:3&#8243;]Branchenkompetenz[\/apress_heading][vc_row_inner el_class=&#8220;location-expertise-section&#8220;][vc_column_inner width=&#8220;2\/3&#8243;][apress_heading sub_title=&#8220;&#8220; content_alignment=&#8220;left&#8220; enable_delimiter=&#8220;&#8220; color_scheme=&#8220;color_scheme2&#8243; style=&#8220;heading_style5&#8243; title_font_options=&#8220;tag:h2|letter_spacing:0&#8243; subtitle_font_options=&#8220;tag:div|letter_spacing:3&#8243;]Energieverteilung[\/apress_heading][vc_column_text css=&#8220;&#8220;]Stromerzeugung, Strom\u00fcbertragung, Stromverteilung und Stromspeicherung \u2013 vom Kraftwerk \u00fcber das \u00dcbertragungsnetz bis hin zur dezentralen Einspeisung.[\/vc_column_text][apress_button button_text=&#8220;Erfahren Sie mehr&#8220; button_shape=&#8220;square&#8220; class=&#8220;more-link&#8220; button_link=&#8220;url:https%3A%2F%2Fthe-rsgroup.com%2Fde%2Fbranchen%2Fenergieverteilung%2F|title:Energieverteilung&#8220;][\/vc_column_inner][vc_column_inner width=&#8220;1\/3&#8243;][vc_single_image image=&#8220;29670&#8243; img_size=&#8220;large&#8220; css=&#8220;&#8220;][\/vc_column_inner][\/vc_row_inner][vc_row_inner el_class=&#8220;location-expertise-section&#8220;][vc_column_inner width=&#8220;2\/3&#8243;][apress_heading sub_title=&#8220;&#8220; content_alignment=&#8220;left&#8220; enable_delimiter=&#8220;&#8220; color_scheme=&#8220;color_scheme2&#8243; style=&#8220;heading_style5&#8243; title_font_options=&#8220;tag:h2|letter_spacing:0&#8243; subtitle_font_options=&#8220;tag:div|letter_spacing:3&#8243;]Erneuerbare Energien (Renewables)[\/apress_heading][vc_column_text css=&#8220;&#8220;]Erneuerbare Energieerzeugung aus Wind, Solar, Photovoltaik, Biothermie und Wasserkraft \u2013 inklusive Netzanbindung, Einspeisemanagement und Speicherintegration.[\/vc_column_text][apress_button button_text=&#8220;Erfahren Sie mehr&#8220; button_shape=&#8220;square&#8220; class=&#8220;more-link&#8220; button_link=&#8220;url:https%3A%2F%2Fthe-rsgroup.com%2Fde%2Fbranchen%2Ferneuerbare-energien%2F|title:Erneuerbare%20Energien&#8220;][\/vc_column_inner][vc_column_inner width=&#8220;1\/3&#8243;][vc_single_image image=&#8220;29664&#8243; img_size=&#8220;large&#8220; css=&#8220;&#8220;][\/vc_column_inner][\/vc_row_inner][vc_row_inner el_class=&#8220;location-expertise-section&#8220;][vc_column_inner width=&#8220;2\/3&#8243;][apress_heading sub_title=&#8220;&#8220; content_alignment=&#8220;left&#8220; enable_delimiter=&#8220;&#8220; color_scheme=&#8220;color_scheme2&#8243; style=&#8220;heading_style5&#8243; title_font_options=&#8220;tag:h2|letter_spacing:0&#8243; subtitle_font_options=&#8220;tag:div|letter_spacing:3&#8243;]Industrie und Industrieanwendungen[\/apress_heading][vc_column_text css=&#8220;&#8220;]Unsere Produkte und L\u00f6sungen kommen unter anderem zum Einsatz in:<\/p>\n<ul>\n<li>Marine und H\u00e4fen (Elektrifizierung)<\/li>\n<li>Bahnverkehr (Bahnstromsysteme, Bahnstromeinspeisung, Signaltechnik)<\/li>\n<li>Rechenzentren (unterbrechungsfreie, hochverf\u00fcgbare Energieversorgung)<\/li>\n<li>Bergbau (staubige, feuchte und mechanisch anspruchsvolle Umgebungen<\/li>\n<li>\u00d6l und Gas (raue Umgebungsbedingungen, hohe Sicherheitsanforderungen)<\/li>\n<li>Batterie- und Batteriespeichersystemen (schnelle Integration, thermische Stabilit\u00e4t)<\/li>\n<li>Elektromobilit\u00e4t und Ladeinfrastruktur (Schnellladeeinrichtungen f\u00fcr PKW, LKW und Busse, urbane Netze)<\/li>\n<\/ul>\n<p>[\/vc_column_text][apress_button button_text=&#8220;Erfahren Sie mehr&#8220; button_shape=&#8220;square&#8220; class=&#8220;more-link&#8220; button_link=&#8220;url:https%3A%2F%2Fthe-rsgroup.com%2Fde%2Fbranchen%2Findustrie%2F|title:T%C3%A4tigkeitsbereiche&#8220;][\/vc_column_inner][vc_column_inner width=&#8220;1\/3&#8243;][vc_single_image image=&#8220;29683&#8243; img_size=&#8220;large&#8220; css=&#8220;&#8220;][\/vc_column_inner][\/vc_row_inner][\/vc_column][\/vc_row]<\/p>\n<\/div>","protected":false},"excerpt":{"rendered":"<p>[vc_section full_width=&#8220;stretch_row&#8220; content_placement=&#8220;middle&#8220; min_height=&#8220;480&#8243; css=&#8220;.vc_custom_1764929124269{background-image: url(https:\/\/the-rsgroup.com\/wp-content\/uploads\/2025\/12\/f3180ede-4dd9-46e3-a083-a1e8c4528abe.jpg?id=29629) !important;background-position: center !important;background-repeat: no-repeat !important;background-size: cover !important;}&#8220; el_class=&#8220;inner-page-banner-section&#8220;][vc_row][vc_column][apress_heading sub_title=&#8220;&#8220; content_alignment=&#8220;left&#8220; data_animation=&#8220;fadeInRight&#8220; enable_delimiter=&#8220;&#8220; style=&#8220;heading_style1&#8243; title_font_options=&#8220;tag:h1&#8243; subtitle_font_options=&#8220;tag:div&#8220;]T\u00e4tigkeitsbereiche[\/apress_heading][\/vc_column][\/vc_row][\/vc_section][vc_row css=&#8220;.vc_custom_1764930559177{padding-top: 80px !important;padding-bottom: 80px !important;}&#8220;][vc_column][vc_row_inner][vc_column_inner][vc_column_text css=&#8220;&#8220;]Wir unterst\u00fctzen unsere Kunden entlang der gesamten Wertsch\u00f6pfungskette der elektrischen Energie \u2013 von der&hellip;<\/p>\n","protected":false},"author":1,"featured_media":0,"parent":3750,"menu_order":0,"comment_status":"closed","ping_status":"closed","template":"template-fullwidth-page.php","meta":{"_acf_changed":false,"_monsterinsights_skip_tracking":false,"_monsterinsights_sitenote_active":false,"_monsterinsights_sitenote_note":"","_monsterinsights_sitenote_category":0,"footnotes":""},"class_list":["post-18220","page","type-page","status-publish","hentry"],"acf":[],"_links":{"self":[{"href":"https:\/\/the-rsgroup.com\/de\/wp-json\/wp\/v2\/pages\/18220","targetHints":{"allow":["GET"]}}],"collection":[{"href":"https:\/\/the-rsgroup.com\/de\/wp-json\/wp\/v2\/pages"}],"about":[{"href":"https:\/\/the-rsgroup.com\/de\/wp-json\/wp\/v2\/types\/page"}],"author":[{"embeddable":true,"href":"https:\/\/the-rsgroup.com\/de\/wp-json\/wp\/v2\/users\/1"}],"replies":[{"embeddable":true,"href":"https:\/\/the-rsgroup.com\/de\/wp-json\/wp\/v2\/comments?post=18220"}],"version-history":[{"count":27,"href":"https:\/\/the-rsgroup.com\/de\/wp-json\/wp\/v2\/pages\/18220\/revisions"}],"predecessor-version":[{"id":29728,"href":"https:\/\/the-rsgroup.com\/de\/wp-json\/wp\/v2\/pages\/18220\/revisions\/29728"}],"up":[{"embeddable":true,"href":"https:\/\/the-rsgroup.com\/de\/wp-json\/wp\/v2\/pages\/3750"}],"wp:attachment":[{"href":"https:\/\/the-rsgroup.com\/de\/wp-json\/wp\/v2\/media?parent=18220"}],"curies":[{"name":"wp","href":"https:\/\/api.w.org\/{rel}","templated":true}]}}