{"id":18230,"date":"2023-12-11T20:33:02","date_gmt":"2023-12-11T20:33:02","guid":{"rendered":"https:\/\/the-rsgroup.com\/ueber-rs\/taetigkeitsbereiche-2\/"},"modified":"2025-12-22T07:07:30","modified_gmt":"2025-12-22T07:07:30","slug":"strategie","status":"publish","type":"page","link":"https:\/\/the-rsgroup.com\/de\/ueber-rs\/strategie\/","title":{"rendered":"Strategie"},"content":{"rendered":"<div class=\"wpb-content-wrapper\"><p>[vc_section full_width=&#8220;stretch_row&#8220; content_placement=&#8220;middle&#8220; min_height=&#8220;480&#8243; css=&#8220;.vc_custom_1763460254263{background-image: url(https:\/\/the-rsgroup.com\/wp-content\/uploads\/2025\/11\/Slider_Strategy.jpg?id=27175) !important;background-position: center !important;background-repeat: no-repeat !important;background-size: cover !important;}&#8220; el_class=&#8220;inner-page-banner-section&#8220;][vc_row][vc_column][apress_heading sub_title=&#8220;&#8220; content_alignment=&#8220;left&#8220; data_animation=&#8220;fadeInRight&#8220; enable_delimiter=&#8220;&#8220; style=&#8220;heading_style1&#8243; title_font_options=&#8220;tag:h1&#8243; subtitle_font_options=&#8220;tag:div&#8220;]Strategie[\/apress_heading][\/vc_column][\/vc_row][\/vc_section][vc_row css=&#8220;.vc_custom_1758271250195{padding-top: 80px !important;padding-bottom: 80px !important;}&#8220;][vc_column apress_zindex=&#8220;9&#8243; css=&#8220;.vc_custom_1701013509166{padding-top: 0px !important;padding-bottom: 0px !important;}&#8220; el_class=&#8220;custom_sidebar high_zIndex&#8220;][apress_heading sub_title=&#8220;Unsere Strategie ist auf den Megatrend Elektrifizierung ausgerichtet und basiert auf vier zentralen S\u00e4ulen:&#8220; content_alignment=&#8220;left&#8220; enable_delimiter=&#8220;&#8220; color_scheme=&#8220;color_scheme1&#8243; style=&#8220;heading_style1&#8243; title_font_options=&#8220;tag:h2|letter_spacing:1&#8243; subtitle_font_options=&#8220;tag:div&#8220; heading_margin=&#8220;margin-bottom:30&#8243; subheading_margin=&#8220;margin-bottom:30&#8243; class=&#8220;h2-heading-custom&#8220;]Die R&amp;S Gruppe ist bestrebt, profitabel zu wachsen und den Firmenwert stetig zu steigern.[\/apress_heading][vc_column_text]<\/p>\n<ol>\n<li>Erstklassige und massgeschneiderte Produkte und Designs.<\/li>\n<li>Fokussierung auf aufstrebende Industriesektoren wie Rechenzentren, E-Mobilit\u00e4t und erneuerbare Energien.<\/li>\n<li>Geografische Expansion in neue und aufstrebende M\u00e4rkte.<\/li>\n<li>Effizienzgewinne und Leistungssteigerung durch kontinuierliche Prozessoptimierung.<\/li>\n<\/ol>\n<p>[\/vc_column_text][\/vc_column][\/vc_row][vc_row full_width=&#8220;stretch_row&#8220; equal_height=&#8220;yes&#8220; css=&#8220;.vc_custom_1758271645370{margin-top: 0px !important;padding-top: 0px !important;padding-bottom: 80px !important;background-color: #FFFFFF !important;}&#8220; row_name=&#8220;locations&#8220; el_id=&#8220;locations&#8220;][vc_column][vc_row_inner equal_height=&#8220;yes&#8220; gap=&#8220;20&#8243; el_class=&#8220;benefits-column-row&#8220;][vc_column_inner el_class=&#8220;custom_sidebar&#8220; width=&#8220;1\/2&#8243;][apress_gradient_icon_box description=&#8220;&#8220; color_scheme=&#8220;gradient_scheme1&#8243; icon_type=&#8220;image&#8220; icon_image=&#8220;2662&#8243; gradient_icon_size=&#8220;70&#8243; style=&#8220;iconbox_style1&#8243; class=&#8220;no-padding&#8220; title_font_options=&#8220;tag:h2|letter_spacing:1&#8243;]Strategie[\/apress_gradient_icon_box][vc_column_text css=&#8220;&#8220;]Die R&amp;S Gruppe ist bestrebt, profitabel zu wachsen und den Firmenwert stetig zu steigern.<br \/>\nUnsere Strategie ist auf den Megatrend Elektrifizierung ausgerichtet und basiert auf vier zentralen S\u00e4ulen:<br \/>\nErstklassige, verf\u00fcgbare und massgeschneiderte Produkte und Designs.<br \/>\nFokussierung auf aufstrebende Industriesektoren wie Rechenzentren, E-Mobilit\u00e4t und erneuerbare Energien.<br \/>\nGeografische Expansion in neue und aufstrebende M\u00e4rkte.<br \/>\nEffizienzgewinne und Leistungssteigerung durch kontinuierliche Prozessoptimierung.[\/vc_column_text][\/vc_column_inner][vc_column_inner el_class=&#8220;custom_sidebar&#8220; width=&#8220;1\/2&#8243;][apress_gradient_icon_box description=&#8220;Bei R&amp;S bedeutet Innovation die Entwicklung neuer Produkte mit dem Ziel, die Effizienz zu steigern, die Kosten zu senken, die Qualit\u00e4t zu verbessern und Umweltbelastung zu verringern. Auf diese Weise werden wir wettbewerbsf\u00e4higer, entwickeln unser Gesch\u00e4ft und tragen zur nachhaltigen Entwicklung unseres Planeten bei.&#8220; color_scheme=&#8220;gradient_scheme1&#8243; icon_type=&#8220;image&#8220; icon_image=&#8220;2662&#8243; gradient_icon_size=&#8220;70&#8243; style=&#8220;iconbox_style1&#8243; class=&#8220;no-padding&#8220; title_font_options=&#8220;tag:h2|letter_spacing:1&#8243;]Innovation[\/apress_gradient_icon_box][\/vc_column_inner][\/vc_row_inner][vc_row_inner equal_height=&#8220;yes&#8220; gap=&#8220;20&#8243; el_class=&#8220;benefits-column-row&#8220;][vc_column_inner el_class=&#8220;custom_sidebar&#8220; width=&#8220;1\/2&#8243;][apress_gradient_icon_box description=&#8220;Unser Unternehmen ist nach den geltenden Qualit\u00e4tsmanagementnormen zertifiziert. Die R&amp;S Gruppe steht f\u00fcr Qualit\u00e4t, Technologief\u00fchrerschaft, technisches Know-how sowie Kundenpartnerschaft und \u2013n\u00e4he.&#8220; color_scheme=&#8220;gradient_scheme1&#8243; icon_type=&#8220;image&#8220; icon_image=&#8220;2644&#8243; gradient_icon_size=&#8220;70&#8243; style=&#8220;iconbox_style1&#8243; class=&#8220;no-padding&#8220; title_font_options=&#8220;tag:h2|letter_spacing:1&#8243;]Qualit\u00e4t und Marke[\/apress_gradient_icon_box][\/vc_column_inner][vc_column_inner el_class=&#8220;custom_sidebar&#8220; width=&#8220;1\/2&#8243;][apress_gradient_icon_box description=&#8220;Als f\u00fchrender Anbieter von elektrischen Infrastrukturkomponenten engagiert sich die R&amp;S Group aktiv f\u00fcr die Energiewende. Unsere Mission ist es, zuverl\u00e4ssige Energie bereitzustellen und gleichzeitig den \u00dcbergang zu erneuerbaren Energiequellen und deren effizienter Verteilung zu unterst\u00fctzen. Nachhaltigkeit ist daher ein zentraler Bestandteil unserer Unternehmensstrategie und pr\u00e4gt sowohl unsere aktuellen als auch zuk\u00fcnftigen Aktivit\u00e4ten.&#8220; color_scheme=&#8220;gradient_scheme1&#8243; icon_type=&#8220;image&#8220; icon_image=&#8220;2644&#8243; gradient_icon_size=&#8220;70&#8243; style=&#8220;iconbox_style1&#8243; class=&#8220;no-padding&#8220; title_font_options=&#8220;tag:h2|letter_spacing:1&#8243;]Nachhaltigkeit:[\/apress_gradient_icon_box][\/vc_column_inner][\/vc_row_inner][vc_row_inner equal_height=&#8220;yes&#8220; gap=&#8220;20&#8243; el_class=&#8220;benefits-column-row&#8220;][vc_column_inner el_class=&#8220;custom_sidebar&#8220; width=&#8220;1\/2&#8243;][apress_gradient_icon_box description=&#8220;&#8220; color_scheme=&#8220;gradient_scheme1&#8243; icon_type=&#8220;image&#8220; icon_image=&#8220;2662&#8243; gradient_icon_size=&#8220;70&#8243; style=&#8220;iconbox_style1&#8243; class=&#8220;no-padding&#8220; title_font_options=&#8220;tag:h2|letter_spacing:1&#8243;]Ziele[\/apress_gradient_icon_box][vc_column_text css=&#8220;&#8220;]Die R&amp;S Gruppe verfolgt eine konsequente Wachstumsstrategie, die auf intelligentes Wachstum und Expansion in Zukunftsm\u00e4rkte setzt. Ziel ist es, durch Innovation und strategische Akquisitionen die Position als Marktf\u00fchrer f\u00fcr elektrische Infrastrukturprodukte insbesondere in Europa (Schweiz, Deutschland, Polen, Gro\u00dfbritannien\/Irland, Italien) nachhaltig auszubauen.<\/p>\n<p>Mit Schweizer Pr\u00e4zision und Qualit\u00e4t als Fundament streben wir danach, in puncto Nachhaltigkeit branchenweit f\u00fchrend zu sein (\u201e1st in class\u201c). Dieses Ziel verfolgen wir konsequent mit umweltfreundlichen Produkten und nachhaltigen Produktionsprozessen.[\/vc_column_text][\/vc_column_inner][vc_column_inner el_class=&#8220;custom_sidebar&#8220; width=&#8220;1\/2&#8243;][apress_gradient_icon_box description=&#8220;Die R&amp;S Group bietet zuverl\u00e4ssige elektrische Infrastrukturprodukte weltweit. Mit dem Versprechen \u201eWe guarantee energy\u201c stehen wir nicht nur f\u00fcr innovative Technologien, sondern vor allem auch f\u00fcr Schweizer Pr\u00e4zision, Qualit\u00e4t, kurze Entscheidungswege und hohe Flexibilit\u00e4t. Unsere Kunden profitieren von einer einzigartigen Kombination aus globaler Expertise und lokaler Pr\u00e4senz \u2013 unterst\u00fctzt durch flache Hierarchien und starke lokale Brands mit fundierter Marktkenntnis.&#8220; color_scheme=&#8220;gradient_scheme1&#8243; icon_type=&#8220;image&#8220; icon_image=&#8220;2662&#8243; gradient_icon_size=&#8220;70&#8243; style=&#8220;iconbox_style1&#8243; class=&#8220;no-padding&#8220; title_font_options=&#8220;tag:h2|letter_spacing:1&#8243;]Differenzierung[\/apress_gradient_icon_box][\/vc_column_inner][\/vc_row_inner][\/vc_column][\/vc_row]<\/p>\n<\/div>","protected":false},"excerpt":{"rendered":"<p>[vc_section full_width=&#8220;stretch_row&#8220; content_placement=&#8220;middle&#8220; min_height=&#8220;480&#8243; css=&#8220;.vc_custom_1763460254263{background-image: url(https:\/\/the-rsgroup.com\/wp-content\/uploads\/2025\/11\/Slider_Strategy.jpg?id=27175) !important;background-position: center !important;background-repeat: no-repeat !important;background-size: cover !important;}&#8220; el_class=&#8220;inner-page-banner-section&#8220;][vc_row][vc_column][apress_heading sub_title=&#8220;&#8220; content_alignment=&#8220;left&#8220; data_animation=&#8220;fadeInRight&#8220; enable_delimiter=&#8220;&#8220; style=&#8220;heading_style1&#8243; title_font_options=&#8220;tag:h1&#8243; subtitle_font_options=&#8220;tag:div&#8220;]Strategie[\/apress_heading][\/vc_column][\/vc_row][\/vc_section][vc_row css=&#8220;.vc_custom_1758271250195{padding-top: 80px !important;padding-bottom: 80px !important;}&#8220;][vc_column apress_zindex=&#8220;9&#8243; css=&#8220;.vc_custom_1701013509166{padding-top: 0px !important;padding-bottom: 0px !important;}&#8220; el_class=&#8220;custom_sidebar high_zIndex&#8220;][apress_heading sub_title=&#8220;Unsere Strategie ist auf den Megatrend&hellip;<\/p>\n","protected":false},"author":1,"featured_media":0,"parent":3750,"menu_order":0,"comment_status":"closed","ping_status":"closed","template":"template-fullwidth-page.php","meta":{"_acf_changed":false,"_monsterinsights_skip_tracking":false,"_monsterinsights_sitenote_active":false,"_monsterinsights_sitenote_note":"","_monsterinsights_sitenote_category":0,"footnotes":""},"class_list":["post-18230","page","type-page","status-publish","hentry"],"acf":[],"_links":{"self":[{"href":"https:\/\/the-rsgroup.com\/de\/wp-json\/wp\/v2\/pages\/18230","targetHints":{"allow":["GET"]}}],"collection":[{"href":"https:\/\/the-rsgroup.com\/de\/wp-json\/wp\/v2\/pages"}],"about":[{"href":"https:\/\/the-rsgroup.com\/de\/wp-json\/wp\/v2\/types\/page"}],"author":[{"embeddable":true,"href":"https:\/\/the-rsgroup.com\/de\/wp-json\/wp\/v2\/users\/1"}],"replies":[{"embeddable":true,"href":"https:\/\/the-rsgroup.com\/de\/wp-json\/wp\/v2\/comments?post=18230"}],"version-history":[{"count":22,"href":"https:\/\/the-rsgroup.com\/de\/wp-json\/wp\/v2\/pages\/18230\/revisions"}],"predecessor-version":[{"id":31786,"href":"https:\/\/the-rsgroup.com\/de\/wp-json\/wp\/v2\/pages\/18230\/revisions\/31786"}],"up":[{"embeddable":true,"href":"https:\/\/the-rsgroup.com\/de\/wp-json\/wp\/v2\/pages\/3750"}],"wp:attachment":[{"href":"https:\/\/the-rsgroup.com\/de\/wp-json\/wp\/v2\/media?parent=18230"}],"curies":[{"name":"wp","href":"https:\/\/api.w.org\/{rel}","templated":true}]}}