{"id":20547,"date":"2024-10-14T09:56:01","date_gmt":"2024-10-14T09:56:01","guid":{"rendered":"https:\/\/the-rsgroup.com\/kyte-powertech\/"},"modified":"2025-12-23T09:19:12","modified_gmt":"2025-12-23T09:19:12","slug":"kyte-powertech","status":"publish","type":"page","link":"https:\/\/the-rsgroup.com\/de\/kyte-powertech\/","title":{"rendered":"Kyte Powertech"},"content":{"rendered":"<div class=\"wpb-content-wrapper\"><p>[vc_section full_width=&#8220;stretch_row&#8220; content_placement=&#8220;middle&#8220; min_height=&#8220;480&#8243; css=&#8220;.vc_custom_1759589519836{background-image: url(https:\/\/the-rsgroup.com\/wp-content\/uploads\/2024\/10\/Kyte.jpg?id=20686) !important;background-position: center !important;background-repeat: no-repeat !important;background-size: cover !important;}&#8220; el_class=&#8220;inner-page-banner-section&#8220;][vc_row][vc_column][apress_heading sub_title=&#8220;Hersteller von Verteilertransformatoren mit Sitz in Irland&#8220; content_alignment=&#8220;left&#8220; data_animation=&#8220;fadeInRight&#8220; enable_delimiter=&#8220;&#8220; style=&#8220;heading_style1&#8243; title_font_options=&#8220;tag:h1&#8243; subtitle_font_options=&#8220;tag:div&#8220;]Kyte Powertech[\/apress_heading][\/vc_column][\/vc_row][\/vc_section][vc_row css=&#8220;.vc_custom_1758534194130{padding-top: 80px !important;padding-bottom: 80px !important;}&#8220;][vc_column apress_zindex=&#8220;9&#8243; el_class=&#8220;custom_sidebar high_zIndex&#8220;][apress_heading sub_title=&#8220;&#8220; content_alignment=&#8220;left&#8220; enable_delimiter=&#8220;&#8220; color_scheme=&#8220;color_scheme1&#8243; style=&#8220;heading_style1&#8243; title_font_options=&#8220;tag:h2|letter_spacing:1&#8243; subtitle_font_options=&#8220;tag:div&#8220; heading_margin=&#8220;margin-bottom:30&#8243; class=&#8220;h2-heading-custom&#8220;]Kyte Powertech mit Sitz in Cavan, Irland, entwickelt und produziert seit 1977 Verteiltransformatoren.[\/apress_heading][vc_column_text css=&#8220;.vc_custom_1728991976252{margin-bottom: 0px !important;}&#8220;]Kyte Powertech wurde 1977 in Cavan, Irland, gegr\u00fcndet und hat sich zu einem Marktf\u00fchrer in der Elektroindustrie entwickelt. Unser Antrieb sind Innovation und das Engagement f\u00fcr die Bed\u00fcrfnisse unserer Kunden. Mit unserer jahrzehntelangen Erfahrung sind wir darauf spezialisiert, hochwertige, ma\u00dfgeschneiderte L\u00f6sungen zu liefern.<\/p>\n<p>In unserem 17.500 m\u00b2 gro\u00dfen Werk haben wir ein robustes Produktionssystem aufgebaut, das es uns erm\u00f6glicht, j\u00e4hrlich \u00fcber 16.000 Verteiltransformatoren mit einer Fertigungskapazit\u00e4t von 6.500 MVA zu produzieren. Unsere breite Produktpalette und unsere Dienstleistungen sind darauf ausgerichtet, die vielf\u00e4ltigen Anforderungen der Industrie zu erf\u00fcllen.<\/p>\n<p>Als globaler Anbieter halten wir uns an internationale Normen (IEC, ANSI, BS, UL, ENATS) und sind ideal gelegen, um die wichtigsten M\u00e4rkte in Irland, Gro\u00dfbritannien und Westeuropa zu bedienen.[\/vc_column_text][\/vc_column][\/vc_row][vc_row full_width=&#8220;stretch_row_content&#8220; content_placement=&#8220;middle&#8220; bg_type=&#8220;image&#8220; parallax_style=&#8220;vcpb-default&#8220; bg_image_new=&#8220;id^25723|url^https:\/\/the-rsgroup.com\/wp-content\/uploads\/2025\/10\/Foto-2.jpg|caption^null|alt^null|title^Foto-2|description^null&#8220; bg_image_repeat=&#8220;no-repeat&#8220; bg_override=&#8220;full&#8220; css=&#8220;.vc_custom_1760496164521{padding-top: 50px !important;padding-bottom: 150px !important;background-position: center !important;background-repeat: no-repeat !important;background-size: cover !important;}&#8220; el_class=&#8220;full-width-content-section testimonial&#8220; el_id=&#8220;row3&#8243;][vc_column][vc_row_inner][vc_column_inner][vc_single_image image=&#8220;31333&#8243; img_size=&#8220;full&#8220; css=&#8220;&#8220; el_class=&#8220;test-desktop-hide&#8220;][vc_column_text css=&#8220;&#8220; el_class=&#8220;full-width-content full-width-content-right kyte&#8220;]<\/p>\n<h5>Effizienz im Alltag<\/h5>\n<p><em><i>\u201eWir halten Prozesse schlank, um die Energie ins Produkt zu stecken.\u201c<\/i><\/em><\/p>\n<h6>Anna Baranowicz, Customer Success Manager, KYTE Powertech<\/h6>\n<p>[\/vc_column_text][\/vc_column_inner][\/vc_row_inner][\/vc_column][\/vc_row][vc_row full_width=&#8220;stretch_row&#8220; css=&#8220;.vc_custom_1758534450558{margin-top: 0px !important;padding-top: 0px !important;padding-bottom: 80px !important;background-color: #FFFFFF !important;}&#8220; el_class=&#8220;related-product-info-box&#8220;][vc_column css=&#8220;.vc_custom_1766481412987{margin-top: 40px !important;}&#8220;][vc_row_inner][vc_column_inner el_class=&#8220;custom_sidebar&#8220; width=&#8220;1\/3&#8243;]\r\n<!--Image Box Start-->\r\n<div class=\"zolo_imagebox_new_swing new_imagebox_style4\"><div class=\"zolo_imagebox_new_wrapper zolo_imagebox_new_158611188969f3b363c96ff new_imagebox_style4 noanimation\" data-animation =\"No Animation\" data-delay =\"500\" data-id =\"zolo_imagebox_new_158611188969f3b363c96ff\">\r\n    <a title=\"Products\" href=\"https:\/\/www.kytepowertech.com\/products-2\/\" target=\"_blank\" rel=\"noopener\">\r\n    <div class=\"zolo_imagebox_new_box\">\r\n        <div class=\"img_thumbnail\"><img decoding=\"async\" src=\"https:\/\/the-rsgroup.com\/wp-content\/uploads\/2024\/10\/kyte-products-scaled.jpg\"\/><\/div>\r\n        <div class=\"zolo_imagebox_new_content\">\r\n            <div class=\"zolo_imagebox_new_title_des\">\r\n        <h3 class=\"entry-title zolo_imagebox_new_title\" style=\"color:#000000; \">        Produkte <\/h3>                <span class=\"zolo_imagebox_description\" style=\"color:#000000; \">        Unsere Produktpalette ist darauf ausgerichtet, die Effizienz zu optimieren, Energieverschwendung zu reduzieren und die Gesamtleistung zu verbessern. Entdecken Sie unsere au\u00dfergew\u00f6hnliche Produktpalette, auf die sich die Industrie weltweit verl\u00e4sst: <\/span>        <div class=\"zolo_imagebox_icon_button_element alignment_inline zolo_imagebox_icon_button_158611188969f3b363c96ff\"><span class=\"zolo_iconbutton_tag iconbutton_style1 button_style_none\"><span class=\"zolo_button_icon zolo_arrow_icon\"><\/span><\/span><\/div>      <\/div>\r\n    <\/div>\r\n          <\/div>\r\n    <\/a>\r\n  <\/div>\r\n<\/div><!--Image Box End-->\r\n\r\n[\/vc_column_inner][vc_column_inner el_class=&#8220;custom_sidebar&#8220; width=&#8220;1\/3&#8243;]\r\n<!--Image Box Start-->\r\n<div class=\"zolo_imagebox_new_swing new_imagebox_style4\"><div class=\"zolo_imagebox_new_wrapper zolo_imagebox_new_29477133969f3b363cfc31 new_imagebox_style4 noanimation\" data-animation =\"No Animation\" data-delay =\"500\" data-id =\"zolo_imagebox_new_29477133969f3b363cfc31\">\r\n    <a title=\"\" href=\"\/de\/produkte\/downloads\/\" target=\"_self\" rel=\"\">\r\n    <div class=\"zolo_imagebox_new_box\">\r\n        <div class=\"zolo_thumbnail\" style=\"background:url(https:\/\/the-rsgroup.com\/wp-content\/uploads\/2025\/10\/Products-with-Bows_3.jpg) no-repeat center center; -moz-background-size:cover;-webkit-background-size:cover;-o-background-size:cover;-ms-background-size:cover;background-size:cover; height:300px;\"><\/div>\r\n        <div class=\"zolo_imagebox_new_content\">\r\n            <div class=\"zolo_imagebox_new_title_des\">\r\n        <h3 class=\"entry-title zolo_imagebox_new_title\" style=\"color:#000000; \">        Downloadbereich <\/h3>                <span class=\"zolo_imagebox_description\" style=\"color:#000000; \">        Sind Sie auf der Suche nach weiteren Produktinformationen und technischen Details? <\/span>        <div class=\"zolo_imagebox_icon_button_element alignment_inline zolo_imagebox_icon_button_29477133969f3b363cfc31\"><span class=\"zolo_iconbutton_tag iconbutton_style1 button_style_none\"><span class=\"zolo_button_icon zolo_arrow_icon\"><\/span><\/span><\/div>      <\/div>\r\n    <\/div>\r\n          <\/div>\r\n    <\/a>\r\n  <\/div>\r\n<\/div><!--Image Box End-->\r\n\r\n[\/vc_column_inner][vc_column_inner el_class=&#8220;custom_sidebar&#8220; width=&#8220;1\/3&#8243;]\r\n<!--Image Box Start-->\r\n<div class=\"zolo_imagebox_new_swing new_imagebox_style4\"><div class=\"zolo_imagebox_new_wrapper zolo_imagebox_new_77533441669f3b363d1dfe new_imagebox_style4 noanimation\" data-animation =\"No Animation\" data-delay =\"500\" data-id =\"zolo_imagebox_new_77533441669f3b363d1dfe\">\r\n    <a title=\"Service and support\" href=\"\/de\/produkte\/service-und-support\/\" target=\"_self\" rel=\"\">\r\n    <div class=\"zolo_imagebox_new_box\">\r\n        <div class=\"zolo_thumbnail\" style=\"background:url(https:\/\/the-rsgroup.com\/wp-content\/uploads\/2025\/10\/Support-RS.png) no-repeat center center; -moz-background-size:cover;-webkit-background-size:cover;-o-background-size:cover;-ms-background-size:cover;background-size:cover; height:300px;\"><\/div>\r\n        <div class=\"zolo_imagebox_new_content\">\r\n            <div class=\"zolo_imagebox_new_title_des\">\r\n        <h3 class=\"entry-title zolo_imagebox_new_title\" style=\"color:#000000; \">        Service und Unterst\u00fctzung <\/h3>                <span class=\"zolo_imagebox_description\" style=\"color:#000000; \">        Wir von R&amp;S unterst\u00fctzen Sie in jeder Hinsicht. Erfahren Sie mehr \u00fcber unsere Support- und Servicel\u00f6sungen. <\/span>        <div class=\"zolo_imagebox_icon_button_element alignment_inline zolo_imagebox_icon_button_77533441669f3b363d1dfe\"><span class=\"zolo_iconbutton_tag iconbutton_style1 button_style_none\"><span class=\"zolo_button_icon zolo_arrow_icon\"><\/span><\/span><\/div>      <\/div>\r\n    <\/div>\r\n          <\/div>\r\n    <\/a>\r\n  <\/div>\r\n<\/div><!--Image Box End-->\r\n\r\n[\/vc_column_inner][\/vc_row_inner][\/vc_column][\/vc_row]<\/p>\n<\/div>","protected":false},"excerpt":{"rendered":"<p>[vc_section full_width=&#8220;stretch_row&#8220; content_placement=&#8220;middle&#8220; min_height=&#8220;480&#8243; css=&#8220;.vc_custom_1759589519836{background-image: url(https:\/\/the-rsgroup.com\/wp-content\/uploads\/2024\/10\/Kyte.jpg?id=20686) !important;background-position: center !important;background-repeat: no-repeat !important;background-size: cover !important;}&#8220; el_class=&#8220;inner-page-banner-section&#8220;][vc_row][vc_column][apress_heading sub_title=&#8220;Hersteller von Verteilertransformatoren mit Sitz in Irland&#8220; content_alignment=&#8220;left&#8220; data_animation=&#8220;fadeInRight&#8220; enable_delimiter=&#8220;&#8220; style=&#8220;heading_style1&#8243; title_font_options=&#8220;tag:h1&#8243; subtitle_font_options=&#8220;tag:div&#8220;]Kyte Powertech[\/apress_heading][\/vc_column][\/vc_row][\/vc_section][vc_row css=&#8220;.vc_custom_1758534194130{padding-top: 80px !important;padding-bottom: 80px !important;}&#8220;][vc_column apress_zindex=&#8220;9&#8243; el_class=&#8220;custom_sidebar high_zIndex&#8220;][apress_heading sub_title=&#8220;&#8220; content_alignment=&#8220;left&#8220; enable_delimiter=&#8220;&#8220; color_scheme=&#8220;color_scheme1&#8243;&hellip;<\/p>\n","protected":false},"author":1,"featured_media":0,"parent":0,"menu_order":0,"comment_status":"closed","ping_status":"closed","template":"template-fullwidth-page.php","meta":{"_acf_changed":false,"_monsterinsights_skip_tracking":false,"_monsterinsights_sitenote_active":false,"_monsterinsights_sitenote_note":"","_monsterinsights_sitenote_category":0,"footnotes":""},"class_list":["post-20547","page","type-page","status-publish","hentry"],"acf":[],"_links":{"self":[{"href":"https:\/\/the-rsgroup.com\/de\/wp-json\/wp\/v2\/pages\/20547","targetHints":{"allow":["GET"]}}],"collection":[{"href":"https:\/\/the-rsgroup.com\/de\/wp-json\/wp\/v2\/pages"}],"about":[{"href":"https:\/\/the-rsgroup.com\/de\/wp-json\/wp\/v2\/types\/page"}],"author":[{"embeddable":true,"href":"https:\/\/the-rsgroup.com\/de\/wp-json\/wp\/v2\/users\/1"}],"replies":[{"embeddable":true,"href":"https:\/\/the-rsgroup.com\/de\/wp-json\/wp\/v2\/comments?post=20547"}],"version-history":[{"count":28,"href":"https:\/\/the-rsgroup.com\/de\/wp-json\/wp\/v2\/pages\/20547\/revisions"}],"predecessor-version":[{"id":31903,"href":"https:\/\/the-rsgroup.com\/de\/wp-json\/wp\/v2\/pages\/20547\/revisions\/31903"}],"wp:attachment":[{"href":"https:\/\/the-rsgroup.com\/de\/wp-json\/wp\/v2\/media?parent=20547"}],"curies":[{"name":"wp","href":"https:\/\/api.w.org\/{rel}","templated":true}]}}