{"id":2438,"date":"2018-07-16T06:31:56","date_gmt":"2018-07-16T06:31:56","guid":{"rendered":"http:\/\/the-rsgroup.com\/homepage"},"modified":"2026-03-10T03:03:11","modified_gmt":"2026-03-10T03:03:11","slug":"power-products-reliable-power-supply-rs","status":"publish","type":"page","link":"https:\/\/the-rsgroup.com\/de\/","title":{"rendered":"Homepage"},"content":{"rendered":"<div class=\"wpb-content-wrapper\"><p>[vc_section full_width=&#8220;stretch_row&#8220; content_placement=&#8220;middle&#8220; css=&#8220;.vc_custom_1773064429785{padding-top: -60px !important;background-image: url(https:\/\/the-rsgroup.com\/wp-content\/uploads\/revslider\/video-media\/Mein-Film2_365.jpeg?id=25151) !important;background-position: center !important;background-repeat: no-repeat !important;background-size: cover !important;}&#8220; el_class=&#8220;home-container&#8220;][vc_row][vc_column][\/vc_column][\/vc_row][\/vc_section][vc_row css=&#8220;.vc_custom_1747980810238{padding-top: 50px !important;padding-bottom: 100px !important;}&#8220; el_id=&#8220;row1&#8243;][vc_column width=&#8220;1\/3&#8243; el_class=&#8220;custom_sidebar&#8220;][vc_single_image image=&#8220;21482&#8243; img_size=&#8220;full&#8220; css=&#8220;&#8220;][\/vc_column][vc_column width=&#8220;2\/3&#8243; apress_zindex=&#8220;9&#8243; css=&#8220;.vc_custom_1744888257690{background-color: #ffffff !important;}&#8220; el_class=&#8220;custom_sidebar high_zIndex&#8220;][apress_heading sub_title=&#8220;&#8220; content_alignment=&#8220;left&#8220; enable_delimiter=&#8220;&#8220; color_scheme=&#8220;color_scheme2&#8243; style=&#8220;heading_style6&#8243; title_font_options=&#8220;tag:h2|letter_spacing:0&#8243; subtitle_font_options=&#8220;tag:div|letter_spacing:3&#8243; heading_margin=&#8220;margin-top:10|margin-bottom:30&#8243; class=&#8220;h2-heading-custom&#8220;]Sichere Energieversorgung mit Leistungs-, Trocken- und \u00d6lverteiltransformatoren von einem der f\u00fchrenden Anbieter f\u00fcr Energieinfrastrukturprodukten \u2013 R&amp;S Group[\/apress_heading][vc_column_text css=&#8220;&#8220;]R&amp;S z\u00e4hlt weltweit zu den Top-Anbietern von Produkten f\u00fcr die elektrische Infrastruktur. Mit einem umfassenden Angebot, das Gie\u00dfharztransformatoren,\u00a0 \u00d6ltransformatoren, Verteiltransformatoren, Ortsnetztransformatoren, Leistungstransformatoren und Hochspannungstransformatoren umfasst, sichern wir zuverl\u00e4ssige Stromversorgungen in Schl\u00fcsselm\u00e4rkten auf der ganzen Welt. Unsere Technologie und Qualit\u00e4t spielt eine zentrale Rolle, wenn es um die Sicherstellung der Netzstabilit\u00e4t und eine nachhaltige Energieversorgung geht.<\/p>\n<p>In unserem Bestreben, die Bed\u00fcrfnisse unserer Kunden noch besser zu bedienen und die Herausforderungen des globalen Marktes proaktiv zu adressieren, baut R&amp;S seine Fertigungskapazit\u00e4ten im Bereich der Transformatorenherstellung strategisch aus. Diese Expansion erm\u00f6glicht es uns, die Verf\u00fcgbarkeit unserer Transformatorenprodukte zu erh\u00f6hen und auf die steigende Nachfrage zu reagieren. In jedem Schritt unseres \u00fcber 100 j\u00e4hrigem Engagements bleiben wir unserem Verst\u00e4ndnis f\u00fcr Qualit\u00e4t und Zuverl\u00e4ssigkeit treu.[\/vc_column_text][apress_button button_text=&#8220;Mehr erfahren&#8220; button_size=&#8220;large&#8220; button_left_margin=&#8220;&#8220; button_right_margin=&#8220;&#8220; box_shadow=&#8220;box_shadow_enable:disable|shadow_horizontal:1|shadow_vertical:2|shadow_blur:4|shadow_spread:0|box_shadow_color:rgba(0%2C0%2C0%2C0.2)&#8220; box_hover_shadow=&#8220;box_shadow_enable:disable|shadow_horizontal:2|shadow_vertical:2|shadow_blur:7|shadow_spread:0|box_shadow_color:rgba(0%2C0%2C0%2C0.2)&#8220; button_text_color_h=&#8220;#000000&#8243; button_shape=&#8220;square&#8220; button_link=&#8220;url:%2Fde%2Fueber-uns|title:%C3%9Cber%20uns||&#8220;][vc_column_text css=&#8220;&#8220;]<\/p>\n<p style=\"text-align: center;\"><style>\r\n\r\n#wpsm_counter_b_row_23241 .wpsm_counterbox\r\n{\r\n\ttext-align:center;\r\n\tmargin-top:50px;\r\n\tmargin-bottom:50px;\r\n}\r\n#wpsm_counter_b_row_23241 .wpsm_counterbox .wpsm_count-icon{\r\n\tdisplay:block;\r\n\tmargin-top:20px;\r\n\tpadding-top:0px;\r\n\tpadding-bottom:0px;\r\n\tmargin-bottom:0px;\r\n\tmargin:0 auto;\r\n}\r\n#wpsm_counter_b_row_23241 .wpsm_counterbox .wpsm_count-icon i{\r\n\tfont-size:35px;\r\n\tcolor:#2a5a90;\r\n}\r\n#wpsm_counter_b_row_23241 .wpsm_counterbox .wpsm_number{\r\n\tfont-size:26px;\r\n\tfont-weight:400;\r\n\tcolor:#2a5a90;\r\n\tfont-family:'Open Sans';\r\n\tletter-spacing:2px;\r\n\tmargin-top:20px;\r\n\tline-height: 1.3em;\r\n\tpadding-top:0px;\r\n\tpadding-bottom:0px;\r\n\tmargin-bottom:0px;\r\n}\r\n#wpsm_counter_b_row_23241 .wpsm_counterbox .wpsm_count-title{\r\n    font-size:17px;\r\n\tfont-weight:bolder;\r\n\tfont-family:'Open Sans';\r\n\tletter-spacing:2px;\r\n    color: #2a5a90;\r\n\tfont-weight:400;\r\n\tmargin-top:20px;\r\n\tpadding-top:0px;\r\n\tpadding-bottom:0px;\r\n\tmargin-bottom:0px;\r\n\tline-height: 1.3em;\r\n}\r\n\r\n.fa, .fas {\r\n    font-weight: 100 !important;\r\n}\r\n#wpsm_counter_b_row_23241 .wpsm_counterbox .wpsm_count-title{\r\n  letter-spacing:1px !important;\r\n  margin-top:0px !important;\r\n}<\/style> \r\n\t\t \r\n\t\t\r\n\t\t<style>\r\n\t\t#wpsm_counter_b_row_23241\t\t\t{\r\n\t\t\t\t\r\n\t\t\t\tposition:relative;\r\n\t\t\t\twidth:100%;\r\n\t\t\t\toverflow:hidden;\r\n\t\t\t\ttext-align:center;\r\n\t\t\t}\r\n\t\t\t \r\n\t\t\t#wpsm_counter_b_row_23241 .wpsm_row{\r\n\t\t\toverflow:hidden;\r\n\t\t\tdisplay:block;\r\n\t\t\twidth:100%;\r\n\t\t\t} \r\n\t\t\t \r\n\t\t\t#wpsm_counter_b_row_23241 .wpsm_row{\r\n\t\t\toverflow:visible;\r\n\t\t\t} \r\n\t\t\t \r\n\t\t\t#wpsm_counter_b_row_23241 .wpsm_counterbox .wpsm_count-title{\r\n\t\t\tmin-height:56px;\r\n\t\t\t}}\r\n\t\t\t \r\n\t\t<\/style>\r\n\t\t\r\n\t\t<div class=\"wpsm_counter_b_row\" id=\"wpsm_counter_b_row_23241\">\r\n\t\t\t<div>\r\n\t\t\t\t<div class=\"wpsm_row\">\r\n\t\t\r\n\t\t\t\t\t\t<div class=\"wpsm_col-md-4 wpsm_col-sm-6\">\r\n\t\t\t\t\t<div class=\"wpsm_counterbox\">\r\n\t\t\t\t\t\t \r\n\t\t\t\t\t\t<div class=\"wpsm_count-icon\"><i #2a5a90 class=\"fa fa-group\"><\/i><\/div>\r\n\t\t\t\t\t\t\t\t\t\t\t\t<div class=\"wpsm_number\" style=\"#2a5a90\" >\r\n\t\t\t\t\t\t   <span class=\"counter\">1100\t\t\t\t\t\t   <\/span>\r\n\t\t\t\t\t\t    \r\n\t\t\t\t\t    <\/div>\r\n\t\t\t\t\t\t<h3 class=\"wpsm_count-title\" #2a5a90> Mitarbeiter weltweit<\/h3>\r\n\t\t\t\t\t\t \r\n\t\t\t\t\t<\/div>\r\n\t\t\t\t<\/div>\r\n\t\t\t\t\t\t\t\t\t<div class=\"wpsm_col-md-4 wpsm_col-sm-6\">\r\n\t\t\t\t\t<div class=\"wpsm_counterbox\">\r\n\t\t\t\t\t\t \r\n\t\t\t\t\t\t<div class=\"wpsm_count-icon\"><i #2a5a90 class=\"fa fa-thumbs-up\"><\/i><\/div>\r\n\t\t\t\t\t\t\t\t\t\t\t\t<div class=\"wpsm_number\" style=\"#2a5a90\" >\r\n\t\t\t\t\t\t   <span class=\"counter\">120\t\t\t\t\t\t   <\/span>\r\n\t\t\t\t\t\t    \r\n\t\t\t\t\t    <\/div>\r\n\t\t\t\t\t\t<h3 class=\"wpsm_count-title\" #2a5a90> Handelspartner weltweit<\/h3>\r\n\t\t\t\t\t\t \r\n\t\t\t\t\t<\/div>\r\n\t\t\t\t<\/div>\r\n\t\t\t\t\t\t\t\t\t<div class=\"wpsm_col-md-4 wpsm_col-sm-6\">\r\n\t\t\t\t\t<div class=\"wpsm_counterbox\">\r\n\t\t\t\t\t\t \r\n\t\t\t\t\t\t<div class=\"wpsm_count-icon\"><i #2a5a90 class=\"fa fa-globe\"><\/i><\/div>\r\n\t\t\t\t\t\t\t\t\t\t\t\t<div class=\"wpsm_number\" style=\"#2a5a90\" >\r\n\t\t\t\t\t\t   <span class=\"counter\">75\t\t\t\t\t\t   <\/span>\r\n\t\t\t\t\t\t    \r\n\t\t\t\t\t    <\/div>\r\n\t\t\t\t\t\t<h3 class=\"wpsm_count-title\" #2a5a90> Exportl\u00e4nder<\/h3>\r\n\t\t\t\t\t\t \r\n\t\t\t\t\t<\/div>\r\n\t\t\t\t<\/div>\r\n\t\t\t\t\t\t<\/div>\r\n\t\t\t<div class=\"wpsm_row\">\r\n\t\t\t\t\t\t\r\n\t\t\t<\/div>\t\t\t\t<\/div>\r\n\t\t<\/div>\n<p>[\/vc_column_text][\/vc_column][\/vc_row][vc_row full_width=&#8220;stretch_row_content&#8220; content_placement=&#8220;middle&#8220; bg_type=&#8220;image&#8220; parallax_style=&#8220;vcpb-default&#8220; bg_image_new=&#8220;id^25398|url^https:\/\/the-rsgroup.com\/wp-content\/uploads\/2025\/10\/terzi-2-1.webp|caption^null|alt^null|title^terzi-2|description^null&#8220; bg_image_repeat=&#8220;no-repeat&#8220; bg_override=&#8220;full&#8220; css=&#8220;.vc_custom_1760495823492{padding-top: 50px !important;padding-bottom: 100px !important;background-position: center !important;background-repeat: no-repeat !important;background-size: cover !important;}&#8220; el_class=&#8220;full-width-content-section testimonial&#8220; el_id=&#8220;row3&#8243;][vc_column][vc_row_inner][vc_column_inner][vc_single_image image=&#8220;31294&#8243; img_size=&#8220;full&#8220; css=&#8220;&#8220; el_class=&#8220;test-desktop-hide&#8220;][vc_column_text css=&#8220;&#8220; el_class=&#8220;full-width-content full-width-content-right&#8220;]<\/p>\n<h5>Erfolgreiche Strategieumsetzung<\/h5>\n<p><em>\u201e<i>Eine Strategie entfaltet ihre Wirkung nur, wenn sie von engagierten Mitarbeitenden durch konsequente Umsetzung getragen wird.<\/i>\u201c<\/em><\/p>\n<h6><span data-teams=\"true\">\u2014<\/span> Eduardo Terzi, CEO R&amp;S Group<\/h6>\n<p>[\/vc_column_text][\/vc_column_inner][\/vc_row_inner][\/vc_column][\/vc_row][vc_row overflow_visible=&#8220;true&#8220; full_width=&#8220;stretch_row&#8220; bg_type=&#8220;bg_color&#8220; bg_override=&#8220;full&#8220; css=&#8220;.vc_custom_1763539295777{padding-top: 50px !important;padding-bottom: 100px !important;}&#8220; el_class=&#8220;brand-column-section mx-0&#8243; bg_color_value=&#8220;#F2F5FA&#8220; el_id=&#8220;row2&#8243;][vc_column][apress_heading sub_title=&#8220;&#8220; content_alignment=&#8220;left&#8220; enable_delimiter=&#8220;&#8220; color_scheme=&#8220;color_scheme1&#8243; style=&#8220;heading_style6&#8243; title_font_options=&#8220;tag:h2|letter_spacing:0&#8243; subtitle_font_options=&#8220;tag:div|letter_spacing:3&#8243; heading_margin=&#8220;margin-top:10|margin-bottom:30&#8243; class=&#8220;heading-css&#8220;]Unsere Brands[\/apress_heading][vc_row_inner equal_height=&#8220;yes&#8220; el_class=&#8220;brand-column-row&#8220;][vc_column_inner width=&#8220;1\/4&#8243; offset=&#8220;vc_col-lg-3 vc_col-md-offset-0 vc_col-md-3&#8243;][vc_single_image image=&#8220;22090&#8243; img_size=&#8220;full&#8220; alignment=&#8220;center&#8220; css=&#8220;&#8220;][vc_column_text css=&#8220;&#8220;]<\/p>\n<h5 style=\"text-align: center;\"><span style=\"color: #6980b4;\">Rauscher &amp; Stoecklin<\/span><\/h5>\n<p style=\"text-align: center;\">Schweizer Marktf\u00fchrer f\u00fcr L\u00f6sungen zur elektrischen Energieumwandlung und -verteilung<\/p>\n<p>[\/vc_column_text][apress_button button_text=&#8220;Mehr erfahren&#8220; button_size=&#8220;large&#8220; button_alignment=&#8220;center&#8220; box_shadow=&#8220;box_shadow_enable:disable|shadow_horizontal:1|shadow_vertical:2|shadow_blur:4|shadow_spread:0|box_shadow_color:rgba(0%2C0%2C0%2C0.2)&#8220; box_hover_shadow=&#8220;box_shadow_enable:disable|shadow_horizontal:2|shadow_vertical:2|shadow_blur:7|shadow_spread:0|box_shadow_color:rgba(0%2C0%2C0%2C0.2)&#8220; button_text_color_h=&#8220;#000000&#8243; button_shape=&#8220;square&#8220; button_link=&#8220;url:https%3A%2F%2Fthe-rsgroup.com%2Fde%2Frauscher-stoecklin%2F|title:About&#8220;][\/vc_column_inner][vc_column_inner width=&#8220;1\/4&#8243; offset=&#8220;vc_col-md-3&#8243;][vc_single_image image=&#8220;23064&#8243; img_size=&#8220;full&#8220; alignment=&#8220;center&#8220; css=&#8220;&#8220;][vc_column_text css=&#8220;&#8220;]<\/p>\n<h5 style=\"text-align: center;\"><span style=\"color: #6980b4;\">ZREW<\/span><\/h5>\n<p style=\"text-align: center;\">Polens f\u00fchrender Hersteller von Leistungstransformatoren<\/p>\n<p>[\/vc_column_text][apress_button button_text=&#8220;Mehr erfahren&#8220; button_size=&#8220;large&#8220; button_alignment=&#8220;center&#8220; box_shadow=&#8220;box_shadow_enable:disable|shadow_horizontal:1|shadow_vertical:2|shadow_blur:4|shadow_spread:0|box_shadow_color:rgba(0%2C0%2C0%2C0.2)&#8220; box_hover_shadow=&#8220;box_shadow_enable:disable|shadow_horizontal:2|shadow_vertical:2|shadow_blur:7|shadow_spread:0|box_shadow_color:rgba(0%2C0%2C0%2C0.2)&#8220; button_text_color_h=&#8220;#000000&#8243; button_shape=&#8220;square&#8220; button_link=&#8220;url:https%3A%2F%2Fthe-rsgroup.com%2Fde%2Frs-zrew%2F|title:About&#8220;][\/vc_column_inner][vc_column_inner width=&#8220;1\/4&#8243;][vc_single_image image=&#8220;23026&#8243; img_size=&#8220;full&#8220; alignment=&#8220;center&#8220; css=&#8220;&#8220;][vc_column_text css=&#8220;&#8220;]<\/p>\n<h5 style=\"text-align: center;\"><span style=\"color: #483374;\">KytePowertech<\/span><\/h5>\n<p style=\"text-align: center;\">Experte f\u00fcr Innovationen im Bereich Verteilungstransformatoren<\/p>\n<p>[\/vc_column_text][apress_button button_text=&#8220;Mehr erfahren&#8220; button_size=&#8220;large&#8220; button_alignment=&#8220;center&#8220; box_shadow=&#8220;box_shadow_enable:disable|shadow_horizontal:1|shadow_vertical:2|shadow_blur:4|shadow_spread:0|box_shadow_color:rgba(0%2C0%2C0%2C0.2)&#8220; box_hover_shadow=&#8220;box_shadow_enable:disable|shadow_horizontal:2|shadow_vertical:2|shadow_blur:7|shadow_spread:0|box_shadow_color:rgba(0%2C0%2C0%2C0.2)&#8220; button_text_color_h=&#8220;#000000&#8243; button_shape=&#8220;square&#8220; button_link=&#8220;url:https%3A%2F%2Fthe-rsgroup.com%2Fde%2Fkyte-powertech%2F|title:About&#8220;][\/vc_column_inner][vc_column_inner width=&#8220;1\/4&#8243;][vc_single_image image=&#8220;23091&#8243; img_size=&#8220;full&#8220; alignment=&#8220;center&#8220; css=&#8220;&#8220;][vc_column_text css=&#8220;&#8220;]<\/p>\n<h5 style=\"text-align: center;\"><span style=\"color: #ff0843;\">TESAR<\/span><\/h5>\n<p style=\"text-align: center;\">Spezialist f\u00fcr Gie\u00dfharztransformatoren f\u00fcr anspruchsvolle Einsatzbedingungen<\/p>\n<p>[\/vc_column_text][apress_button button_text=&#8220;Mehr erfahren&#8220; button_size=&#8220;large&#8220; button_alignment=&#8220;center&#8220; box_shadow=&#8220;box_shadow_enable:disable|shadow_horizontal:1|shadow_vertical:2|shadow_blur:4|shadow_spread:0|box_shadow_color:rgba(0%2C0%2C0%2C0.2)&#8220; box_hover_shadow=&#8220;box_shadow_enable:disable|shadow_horizontal:2|shadow_vertical:2|shadow_blur:7|shadow_spread:0|box_shadow_color:rgba(0%2C0%2C0%2C0.2)&#8220; button_text_color_h=&#8220;#000000&#8243; button_shape=&#8220;square&#8220; button_link=&#8220;url:https%3A%2F%2Fthe-rsgroup.com%2Fde%2Ftesar%2F|title:About&#8220;][\/vc_column_inner][\/vc_row_inner][\/vc_column][\/vc_row][vc_section full_width=&#8220;stretch_row&#8220; css=&#8220;.vc_custom_1766561277644{padding-top: 50px !important;padding-bottom: 85px !important;background-color: #F8F8F8 !important;}&#8220; el_class=&#8220;our-project-section&#8220; el_id=&#8220;margin-adjust&#8220;][vc_row full_width=&#8220;stretch_row&#8220; css=&#8220;.vc_custom_1758539076760{margin-top: 0px !important;padding-top: 80px !important;padding-bottom: 80px !important;background-color: #f8f8f8 !important;}&#8220; el_class=&#8220;related-product-info-box with-white-bg-pro&#8220;][vc_column el_id=&#8220;transformators&#8220;][apress_heading sub_title=&#8220;&#8220; content_alignment=&#8220;left&#8220; enable_delimiter=&#8220;&#8220; color_scheme=&#8220;color_scheme1&#8243; style=&#8220;heading_style6&#8243; title_font_options=&#8220;tag:h2|letter_spacing:0&#8243; subtitle_font_options=&#8220;tag:div|letter_spacing:3&#8243; heading_margin=&#8220;margin-top:10|margin-bottom:30|margin-left:-110&#8243; class=&#8220;heading-css&#8220;]Unsere Transformatoren[\/apress_heading][vc_row_inner][vc_column_inner el_class=&#8220;custom_sidebar&#8220; width=&#8220;1\/2&#8243;]\r\n<!--Image Box Start-->\r\n<div class=\"zolo_imagebox_new_swing new_imagebox_style4\"><div class=\"zolo_imagebox_new_wrapper zolo_imagebox_new_30403260669ede7c607fbb new_imagebox_style4 noanimation\" data-animation =\"No Animation\" data-delay =\"500\" data-id =\"zolo_imagebox_new_30403260669ede7c607fbb\">\r\n    <a title=\"Verteilungstransformatoren\" href=\"\/de\/produkte\/transformatoren\/verteiltransformatoren\" target=\"_self\" rel=\"\">\r\n    <div class=\"zolo_imagebox_new_box\">\r\n        <div class=\"zolo_thumbnail\" style=\"background:url(https:\/\/the-rsgroup.com\/wp-content\/uploads\/2025\/10\/distribution-transformers-rs-1.jpg) no-repeat center center; -moz-background-size:cover;-webkit-background-size:cover;-o-background-size:cover;-ms-background-size:cover;background-size:cover; height:300px;\"><\/div>\r\n        <div class=\"zolo_imagebox_new_content\">\r\n            <div class=\"zolo_imagebox_new_title_des\">\r\n        <h3 class=\"entry-title zolo_imagebox_new_title\" style=\"color:#000000; \">        Verteiltransformatoren <\/h3>                <span class=\"zolo_imagebox_description\" style=\"color:#000000; \">        Erfahren Sie mehr \u00fcber unsere \u00d6l-Verteiltransformatoren mit einer Leistung von bis zu 10 MVA. <\/span>        <div class=\"zolo_imagebox_icon_button_element alignment_inline zolo_imagebox_icon_button_30403260669ede7c607fbb\"><span class=\"zolo_iconbutton_tag iconbutton_style1 button_style_none\"><span class=\"zolo_button_icon zolo_arrow_icon\"><\/span><\/span><\/div>      <\/div>\r\n    <\/div>\r\n          <\/div>\r\n    <\/a>\r\n  <\/div>\r\n<\/div><!--Image Box End-->\r\n\r\n[\/vc_column_inner][vc_column_inner el_class=&#8220;custom_sidebar&#8220; width=&#8220;1\/2&#8243;]\r\n<!--Image Box Start-->\r\n<div class=\"zolo_imagebox_new_swing new_imagebox_style4\"><div class=\"zolo_imagebox_new_wrapper zolo_imagebox_new_149904372769ede7c60a1d8 new_imagebox_style4 noanimation\" data-animation =\"No Animation\" data-delay =\"500\" data-id =\"zolo_imagebox_new_149904372769ede7c60a1d8\">\r\n    <a title=\"Netztransformatoren\" href=\"\/de\/produkte\/transformatoren\/netztransformatoren\" target=\"_self\" rel=\"\">\r\n    <div class=\"zolo_imagebox_new_box\">\r\n        <div class=\"zolo_thumbnail\" style=\"background:url(https:\/\/the-rsgroup.com\/wp-content\/uploads\/2025\/10\/power-transformer-zrew-1.jpg) no-repeat center center; -moz-background-size:cover;-webkit-background-size:cover;-o-background-size:cover;-ms-background-size:cover;background-size:cover; height:300px;\"><\/div>\r\n        <div class=\"zolo_imagebox_new_content\">\r\n            <div class=\"zolo_imagebox_new_title_des\">\r\n        <h3 class=\"entry-title zolo_imagebox_new_title\" style=\"color:#000000; \">        Leistungstransformatoren <\/h3>                <span class=\"zolo_imagebox_description\" style=\"color:#000000; \">        Wir produzieren hocheffiziente Leistungstransformatoren mit Leistungen von bis zu 160 MVA. <\/span>        <div class=\"zolo_imagebox_icon_button_element alignment_inline zolo_imagebox_icon_button_149904372769ede7c60a1d8\"><span class=\"zolo_iconbutton_tag iconbutton_style1 button_style_none\"><span class=\"zolo_button_icon zolo_arrow_icon\"><\/span><\/span><\/div>      <\/div>\r\n    <\/div>\r\n          <\/div>\r\n    <\/a>\r\n  <\/div>\r\n<\/div><!--Image Box End-->\r\n\r\n[\/vc_column_inner][\/vc_row_inner][vc_row_inner][vc_column_inner el_class=&#8220;custom_sidebar&#8220; width=&#8220;1\/2&#8243;]\r\n<!--Image Box Start-->\r\n<div class=\"zolo_imagebox_new_swing new_imagebox_style4\"><div class=\"zolo_imagebox_new_wrapper zolo_imagebox_new_119423032369ede7c60afa9 new_imagebox_style4 noanimation\" data-animation =\"No Animation\" data-delay =\"500\" data-id =\"zolo_imagebox_new_119423032369ede7c60afa9\">\r\n    <a title=\"Gie\u00dfharz-Transformatoren\" href=\"\/de\/produkte\/transformatoren\/trockentransformatoren\" target=\"_self\" rel=\"\">\r\n    <div class=\"zolo_imagebox_new_box\">\r\n        <div class=\"zolo_thumbnail\" style=\"background:url(https:\/\/the-rsgroup.com\/wp-content\/uploads\/2025\/10\/Cast-resin-transformer-with-red1-1.png) no-repeat center center; -moz-background-size:cover;-webkit-background-size:cover;-o-background-size:cover;-ms-background-size:cover;background-size:cover; height:300px;\"><\/div>\r\n        <div class=\"zolo_imagebox_new_content\">\r\n            <div class=\"zolo_imagebox_new_title_des\">\r\n        <h3 class=\"entry-title zolo_imagebox_new_title\" style=\"color:#000000; \">        Gie\u00dfharz-Transformatoren <\/h3>                <span class=\"zolo_imagebox_description\" style=\"color:#000000; \">        Mit mehr als 100.000 installierten Transformatoren bietet R&amp;S die branchenweit besten Gie\u00dfharz-Transformatoren mit einer Leistung von bis zu 20 MVA an. <\/span>        <div class=\"zolo_imagebox_icon_button_element alignment_inline zolo_imagebox_icon_button_119423032369ede7c60afa9\"><span class=\"zolo_iconbutton_tag iconbutton_style1 button_style_none\"><span class=\"zolo_button_icon zolo_arrow_icon\"><\/span><\/span><\/div>      <\/div>\r\n    <\/div>\r\n          <\/div>\r\n    <\/a>\r\n  <\/div>\r\n<\/div><!--Image Box End-->\r\n\r\n[\/vc_column_inner][vc_column_inner el_class=&#8220;custom_sidebar&#8220; width=&#8220;1\/2&#8243;]\r\n<!--Image Box Start-->\r\n<div class=\"zolo_imagebox_new_swing new_imagebox_style4\"><div class=\"zolo_imagebox_new_wrapper zolo_imagebox_new_47787735269ede7c60b9db new_imagebox_style4 noanimation\" data-animation =\"No Animation\" data-delay =\"500\" data-id =\"zolo_imagebox_new_47787735269ede7c60b9db\">\r\n    <a title=\"Messwandler\" href=\"\/de\/produkte\/transformatoren\/strom-und-spannungswandler\" target=\"_self\" rel=\"\">\r\n    <div class=\"zolo_imagebox_new_box\">\r\n        <div class=\"zolo_thumbnail\" style=\"background:url(https:\/\/the-rsgroup.com\/wp-content\/uploads\/2025\/10\/instrument-transformer-rs-1.jpg) no-repeat center center; -moz-background-size:cover;-webkit-background-size:cover;-o-background-size:cover;-ms-background-size:cover;background-size:cover; height:300px;\"><\/div>\r\n        <div class=\"zolo_imagebox_new_content\">\r\n            <div class=\"zolo_imagebox_new_title_des\">\r\n        <h3 class=\"entry-title zolo_imagebox_new_title\" style=\"color:#000000; \">        Messwandler <\/h3>                <span class=\"zolo_imagebox_description\" style=\"color:#000000; \">        Entdecken Sie unser Angebot an Strom- und Spannungswandlern, die in Ihrer Anlage f\u00fcr maximale Genauigkeit sorgen. <\/span>        <div class=\"zolo_imagebox_icon_button_element alignment_inline zolo_imagebox_icon_button_47787735269ede7c60b9db\"><span class=\"zolo_iconbutton_tag iconbutton_style1 button_style_none\"><span class=\"zolo_button_icon zolo_arrow_icon\"><\/span><\/span><\/div>      <\/div>\r\n    <\/div>\r\n          <\/div>\r\n    <\/a>\r\n  <\/div>\r\n<\/div><!--Image Box End-->\r\n\r\n[\/vc_column_inner][\/vc_row_inner][\/vc_column][\/vc_row][\/vc_section][vc_row apcore_row_stretch_opt=&#8220;stretch_row_and_content&#8220; full_width=&#8220;stretch_row_content&#8220; content_placement=&#8220;middle&#8220; bg_type=&#8220;image&#8220; parallax_style=&#8220;vcpb-default&#8220; bg_image_new=&#8220;id^25409|url^https:\/\/the-rsgroup.com\/wp-content\/uploads\/2025\/10\/ulli.webp|caption^null|alt^null|title^ulli|description^null&#8220; bg_image_repeat=&#8220;no-repeat&#8220; bg_override=&#8220;full&#8220; css=&#8220;.vc_custom_1760417822644{padding-top: 50px !important;padding-bottom: 100px !important;background-color: #F2F5FA !important;background-position: center !important;background-repeat: no-repeat !important;background-size: cover !important;}&#8220; el_class=&#8220;full-width-content-section testimonial&#8220; el_id=&#8220;row5&#8243;][vc_column][vc_row_inner][vc_column_inner][vc_single_image image=&#8220;31318&#8243; img_size=&#8220;full&#8220; css=&#8220;&#8220; el_class=&#8220;test-desktop-hide&#8220;][vc_column_text css=&#8220;&#8220; el_class=&#8220;full-width-content full-width-content-left&#8220;]<\/p>\n<h5>Ausgepr\u00e4gte Kundenorientierung<\/h5>\n<p><em>\u201eDurch Professionalit\u00e4t und Zuverl\u00e4ssigkeit punkten wir bei unseren Kunden.\u201c<\/em><\/p>\n<h6><span data-teams=\"true\">\u2014 <\/span>Ulrich Voss, CSO R&amp;S Group<\/h6>\n<p>[\/vc_column_text][\/vc_column_inner][\/vc_row_inner][\/vc_column][\/vc_row]<\/p>\n<\/div>","protected":false},"excerpt":{"rendered":"<p>[vc_section full_width=&#8220;stretch_row&#8220; content_placement=&#8220;middle&#8220; css=&#8220;.vc_custom_1773064429785{padding-top: -60px !important;background-image: url(https:\/\/the-rsgroup.com\/wp-content\/uploads\/revslider\/video-media\/Mein-Film2_365.jpeg?id=25151) !important;background-position: center !important;background-repeat: no-repeat !important;background-size: cover !important;}&#8220; el_class=&#8220;home-container&#8220;][vc_row][vc_column][\/vc_column][\/vc_row][\/vc_section][vc_row css=&#8220;.vc_custom_1747980810238{padding-top: 50px !important;padding-bottom: 100px !important;}&#8220; el_id=&#8220;row1&#8243;][vc_column width=&#8220;1\/3&#8243; el_class=&#8220;custom_sidebar&#8220;][vc_single_image image=&#8220;21482&#8243; img_size=&#8220;full&#8220; css=&#8220;&#8220;][\/vc_column][vc_column width=&#8220;2\/3&#8243; apress_zindex=&#8220;9&#8243; css=&#8220;.vc_custom_1744888257690{background-color: #ffffff !important;}&#8220; el_class=&#8220;custom_sidebar high_zIndex&#8220;][apress_heading sub_title=&#8220;&#8220; content_alignment=&#8220;left&#8220; enable_delimiter=&#8220;&#8220; color_scheme=&#8220;color_scheme2&#8243; style=&#8220;heading_style6&#8243; title_font_options=&#8220;tag:h2|letter_spacing:0&#8243; subtitle_font_options=&#8220;tag:div|letter_spacing:3&#8243;&hellip;<\/p>\n","protected":false},"author":1,"featured_media":0,"parent":0,"menu_order":0,"comment_status":"closed","ping_status":"closed","template":"","meta":{"_acf_changed":false,"_monsterinsights_skip_tracking":false,"_monsterinsights_sitenote_active":false,"_monsterinsights_sitenote_note":"","_monsterinsights_sitenote_category":0,"footnotes":""},"class_list":["post-2438","page","type-page","status-publish","hentry"],"acf":[],"_links":{"self":[{"href":"https:\/\/the-rsgroup.com\/de\/wp-json\/wp\/v2\/pages\/2438","targetHints":{"allow":["GET"]}}],"collection":[{"href":"https:\/\/the-rsgroup.com\/de\/wp-json\/wp\/v2\/pages"}],"about":[{"href":"https:\/\/the-rsgroup.com\/de\/wp-json\/wp\/v2\/types\/page"}],"author":[{"embeddable":true,"href":"https:\/\/the-rsgroup.com\/de\/wp-json\/wp\/v2\/users\/1"}],"replies":[{"embeddable":true,"href":"https:\/\/the-rsgroup.com\/de\/wp-json\/wp\/v2\/comments?post=2438"}],"version-history":[{"count":37,"href":"https:\/\/the-rsgroup.com\/de\/wp-json\/wp\/v2\/pages\/2438\/revisions"}],"predecessor-version":[{"id":36122,"href":"https:\/\/the-rsgroup.com\/de\/wp-json\/wp\/v2\/pages\/2438\/revisions\/36122"}],"wp:attachment":[{"href":"https:\/\/the-rsgroup.com\/de\/wp-json\/wp\/v2\/media?parent=2438"}],"curies":[{"name":"wp","href":"https:\/\/api.w.org\/{rel}","templated":true}]}}