{"id":26117,"date":"2025-11-14T10:17:26","date_gmt":"2025-11-14T10:17:26","guid":{"rendered":"https:\/\/rs.tc-host.de\/?page_id=26117"},"modified":"2025-11-14T10:53:51","modified_gmt":"2025-11-14T10:53:51","slug":"ruffing-energietechnik","status":"publish","type":"page","link":"https:\/\/the-rsgroup.com\/de\/kontakt\/partner\/ruffing-energietechnik\/","title":{"rendered":"RUFFING ENERGIETECHNIK"},"content":{"rendered":"<div class=\"wpb-content-wrapper\"><p>[vc_section full_width=&#8220;stretch_row&#8220; content_placement=&#8220;middle&#8220; min_height=&#8220;480&#8243; css=&#8220;.vc_custom_1763115477802{background-image: url(https:\/\/the-rsgroup.com\/wp-content\/uploads\/2025\/11\/Header_Partner_Ruffing.jpg?id=26118) !important;background-position: center !important;background-repeat: no-repeat !important;background-size: cover !important;}&#8220; el_class=&#8220;inner-page-banner-section&#8220;][vc_row][vc_column][\/vc_column][\/vc_row][\/vc_section][vc_row css=&#8220;.vc_custom_1758173025204{padding-top: 80px !important;padding-bottom: 80px !important;}&#8220;][vc_column apress_zindex=&#8220;9&#8243; css=&#8220;.vc_custom_1701013509166{padding-top: 0px !important;padding-bottom: 0px !important;}&#8220; el_class=&#8220;custom_sidebar high_zIndex&#8220;][vc_row_inner][vc_column_inner][apress_heading sub_title=&#8220;&#8220; content_alignment=&#8220;left&#8220; enable_delimiter=&#8220;&#8220; color_scheme=&#8220;color_scheme1&#8243; style=&#8220;heading_style1&#8243; title_font_options=&#8220;tag:h2|letter_spacing:1&#8243; subtitle_font_options=&#8220;tag:div&#8220; heading_margin=&#8220;margin-bottom:30&#8243; subheading_margin=&#8220;margin-bottom:30&#8243; class=&#8220;h2-heading-custom&#8220;]RUFFING ENERGIETECHNIK \u2013 unser Partner f\u00fcr Saarland, Rheinland-Pfalz und S\u00fcdhessen in den PLZ-Gebieten 35, 36, 53-56, 60-67 und Teile 76[\/apress_heading][\/vc_column_inner][\/vc_row_inner][vc_row_inner gap=&#8220;30&#8243;][vc_column_inner width=&#8220;1\/3&#8243;][vc_single_image image=&#8220;26124&#8243; img_size=&#8220;medium&#8220; alignment=&#8220;center&#8220; css=&#8220;&#8220;][\/vc_column_inner][vc_column_inner width=&#8220;2\/3&#8243;][vc_column_text css=&#8220;&#8220;]<strong>RUFFING ENERGIETECHNIK<\/strong> ist seit 2006 als Ingenieurb\u00fcro und Industrievertretung f\u00fcr Elektrotechnik im Bereich Planung, Beratung und Lieferung von Mittel- und Niederspannungs- Energieverteilanlagen t\u00e4tig. Unsere Kunden sind Unternehmen aus den Bereichen Energieversorgung, Industrie sowie Elektromontage.[\/vc_column_text][vc_single_image image=&#8220;26130&#8243; img_size=&#8220;medium&#8220; css=&#8220;.vc_custom_1763117576619{margin-top: 30px !important;}&#8220;][\/vc_column_inner][\/vc_row_inner][vc_row_inner gap=&#8220;30&#8243;][vc_column_inner width=&#8220;1\/3&#8243;][vc_column_text css=&#8220;&#8220;]<\/p>\n<h3>Unser Leistungensangebot<\/h3>\n<ul>\n<li>Transformatoren<\/li>\n<li>Trafostationen<\/li>\n<li>Luft- und Gasisolierte Schaltanlagen<\/li>\n<li>Elektrische Sicherheitsger\u00e4te und Betriebsmittel<\/li>\n<li>T\u00fcren und L\u00fcftungsgitter f\u00fcr Schaltanlagen und Trafostationen<\/li>\n<\/ul>\n<p>[\/vc_column_text][\/vc_column_inner][vc_column_inner width=&#8220;2\/3&#8243;][vc_single_image image=&#8220;26138&#8243; img_size=&#8220;large&#8220; css=&#8220;&#8220;][\/vc_column_inner][\/vc_row_inner][\/vc_column][\/vc_row][vc_row full_width=&#8220;stretch_row&#8220; equal_height=&#8220;yes&#8220; css=&#8220;.vc_custom_1751369662705{padding-top: 80px !important;padding-bottom: 100px !important;background-color: #F2F2F2 !important;}&#8220; el_class=&#8220;testimonial-wrap&#8220;][vc_column centered_text=&#8220;true&#8220;][vc_row_inner gap=&#8220;30&#8243; el_class=&#8220;testimonial-wrap-row&#8220;][vc_column_inner width=&#8220;1\/6&#8243;][vc_single_image image=&#8220;26144&#8243; img_size=&#8220;full&#8220; alignment=&#8220;right&#8220; css=&#8220;&#8220;][\/vc_column_inner][vc_column_inner width=&#8220;5\/6&#8243;][vc_column_text css=&#8220;&#8220;]<strong>Partnerschaft, die Projekte m\u00f6glich macht.<\/strong><\/p>\n<p class=\"quotation\">Gemeinsam mit der R&amp;S Group setzen wir anspruchsvolle MS\/NS-Energieverteilanlagen um \u2013 von der Planung bis zur Lieferung. Mit viel Erfahrung, Kompetenz und pers\u00f6nlichem Einsatz f\u00fcr starke Ergebnisse.<\/p>\n<p><strong>\u2013 Dipl.-Ing. (FH) Cliff Ruffing, Inhaber, Ruffing Energietechnik<\/strong>[\/vc_column_text][\/vc_column_inner][\/vc_row_inner][\/vc_column][\/vc_row][vc_row full_width=&#8220;stretch_row&#8220; equal_height=&#8220;yes&#8220; bg_type=&#8220;bg_color&#8220; css=&#8220;.vc_custom_1762926139340{margin-top: 0px !important;padding-top: 80px !important;padding-bottom: 80px !important;background-color: #FFFFFF !important;}&#8220; bg_color_value=&#8220;#FFFFFF&#8220; el_class=&#8220;organization team-member&#8220;][vc_column][vc_row_inner equal_height=&#8220;yes&#8220; gap=&#8220;20&#8243;][vc_column_inner width=&#8220;1\/3&#8243;][vc_column_text css=&#8220;&#8220;]<\/p>\n<h4>Ihr Kontakt zu uns<\/h4>\n<p>Ruffing Energietechnik<br \/>\nIn der Blenk 18<br \/>\n76835 Hainfeld<br \/>\nTelefon +49 (0) 6323 \/ 98 19 44 2<\/p>\n<p>Dipl.-Ing. (FH) Cliff Ruffing<br \/>\nTelefon +49 (0) 6323 \/ 98 19 44 2<br \/>\nE-Mail <a href=\"mailto:cliff.ruffing@t-online.de\">cliff.ruffing@t-online.de<\/a>[\/vc_column_text][\/vc_column_inner][vc_column_inner el_class=&#8220;custom_sidebar&#8220; width=&#8220;2\/3&#8243;][vc_single_image image=&#8220;26150&#8243; img_size=&#8220;large&#8220; css=&#8220;&#8220;][\/vc_column_inner][\/vc_row_inner][\/vc_column][\/vc_row]<\/p>\n<\/div>","protected":false},"excerpt":{"rendered":"<p>[vc_section full_width=&#8220;stretch_row&#8220; content_placement=&#8220;middle&#8220; min_height=&#8220;480&#8243; css=&#8220;.vc_custom_1763115477802{background-image: url(https:\/\/the-rsgroup.com\/wp-content\/uploads\/2025\/11\/Header_Partner_Ruffing.jpg?id=26118) !important;background-position: center !important;background-repeat: no-repeat !important;background-size: cover !important;}&#8220; el_class=&#8220;inner-page-banner-section&#8220;][vc_row][vc_column][\/vc_column][\/vc_row][\/vc_section][vc_row css=&#8220;.vc_custom_1758173025204{padding-top: 80px !important;padding-bottom: 80px !important;}&#8220;][vc_column apress_zindex=&#8220;9&#8243; css=&#8220;.vc_custom_1701013509166{padding-top: 0px !important;padding-bottom: 0px !important;}&#8220; el_class=&#8220;custom_sidebar high_zIndex&#8220;][vc_row_inner][vc_column_inner][apress_heading sub_title=&#8220;&#8220; content_alignment=&#8220;left&#8220; enable_delimiter=&#8220;&#8220; color_scheme=&#8220;color_scheme1&#8243; style=&#8220;heading_style1&#8243; title_font_options=&#8220;tag:h2|letter_spacing:1&#8243; subtitle_font_options=&#8220;tag:div&#8220; heading_margin=&#8220;margin-bottom:30&#8243; subheading_margin=&#8220;margin-bottom:30&#8243; class=&#8220;h2-heading-custom&#8220;]RUFFING ENERGIETECHNIK \u2013 unser&hellip;<\/p>\n","protected":false},"author":7,"featured_media":0,"parent":25956,"menu_order":0,"comment_status":"closed","ping_status":"closed","template":"template-fullwidth-page.php","meta":{"_acf_changed":false,"_monsterinsights_skip_tracking":false,"_monsterinsights_sitenote_active":false,"_monsterinsights_sitenote_note":"","_monsterinsights_sitenote_category":0,"footnotes":""},"class_list":["post-26117","page","type-page","status-publish","hentry"],"acf":[],"_links":{"self":[{"href":"https:\/\/the-rsgroup.com\/de\/wp-json\/wp\/v2\/pages\/26117","targetHints":{"allow":["GET"]}}],"collection":[{"href":"https:\/\/the-rsgroup.com\/de\/wp-json\/wp\/v2\/pages"}],"about":[{"href":"https:\/\/the-rsgroup.com\/de\/wp-json\/wp\/v2\/types\/page"}],"author":[{"embeddable":true,"href":"https:\/\/the-rsgroup.com\/de\/wp-json\/wp\/v2\/users\/7"}],"replies":[{"embeddable":true,"href":"https:\/\/the-rsgroup.com\/de\/wp-json\/wp\/v2\/comments?post=26117"}],"version-history":[{"count":5,"href":"https:\/\/the-rsgroup.com\/de\/wp-json\/wp\/v2\/pages\/26117\/revisions"}],"predecessor-version":[{"id":26160,"href":"https:\/\/the-rsgroup.com\/de\/wp-json\/wp\/v2\/pages\/26117\/revisions\/26160"}],"up":[{"embeddable":true,"href":"https:\/\/the-rsgroup.com\/de\/wp-json\/wp\/v2\/pages\/25956"}],"wp:attachment":[{"href":"https:\/\/the-rsgroup.com\/de\/wp-json\/wp\/v2\/media?parent=26117"}],"curies":[{"name":"wp","href":"https:\/\/api.w.org\/{rel}","templated":true}]}}