{"id":26691,"date":"2025-11-18T01:13:42","date_gmt":"2025-11-18T01:13:42","guid":{"rendered":"https:\/\/rs.tc-host.de\/?page_id=26691"},"modified":"2025-11-18T01:14:25","modified_gmt":"2025-11-18T01:14:25","slug":"hentges-gmbh","status":"publish","type":"page","link":"https:\/\/the-rsgroup.com\/de\/kontakt\/partner\/hentges-gmbh\/","title":{"rendered":"HENTGES GmbH"},"content":{"rendered":"<div class=\"wpb-content-wrapper\"><p>[vc_section full_width=&#8220;stretch_row&#8220; content_placement=&#8220;middle&#8220; min_height=&#8220;480&#8243; css=&#8220;.vc_custom_1763428206186{background-image: url(https:\/\/the-rsgroup.com\/wp-content\/uploads\/2025\/11\/Header_Partner_Hentges.jpg?id=26693) !important;background-position: center !important;background-repeat: no-repeat !important;background-size: cover !important;}&#8220; el_class=&#8220;inner-page-banner-section&#8220;][vc_row][vc_column][\/vc_column][\/vc_row][\/vc_section][vc_row css=&#8220;.vc_custom_1758173025204{padding-top: 80px !important;padding-bottom: 80px !important;}&#8220;][vc_column apress_zindex=&#8220;9&#8243; css=&#8220;.vc_custom_1701013509166{padding-top: 0px !important;padding-bottom: 0px !important;}&#8220; el_class=&#8220;custom_sidebar high_zIndex&#8220;][vc_row_inner][vc_column_inner][apress_heading sub_title=&#8220;&#8220; content_alignment=&#8220;left&#8220; enable_delimiter=&#8220;&#8220; color_scheme=&#8220;color_scheme1&#8243; style=&#8220;heading_style1&#8243; title_font_options=&#8220;tag:h2|letter_spacing:1&#8243; subtitle_font_options=&#8220;tag:div&#8220; heading_margin=&#8220;margin-bottom:30&#8243; subheading_margin=&#8220;margin-bottom:30&#8243; class=&#8220;h2-heading-custom&#8220;]HENTGES \u2013 unser Partner f\u00fcr die PLZ-Regionen 32, 33, 40-52, 57-59 im Westen Deutschlands[\/apress_heading][\/vc_column_inner][\/vc_row_inner][vc_row_inner gap=&#8220;30&#8243;][vc_column_inner width=&#8220;1\/3&#8243;][vc_single_image image=&#8220;26699&#8243; img_size=&#8220;medium&#8220; alignment=&#8220;center&#8220; css=&#8220;&#8220;][\/vc_column_inner][vc_column_inner width=&#8220;2\/3&#8243;][vc_column_text css=&#8220;&#8220;]HENTGES beliefert seit 1984 Kunden aus aller Welt mit individuellen L\u00f6sungen elektrotechnischer Produkte f\u00fcr<br \/>\ndie Industrie und das Handwerk. Im Bereich der Nieder- und Mittelspannung haben wir ein umfassendes Portfolio,<br \/>\ndas einen gro\u00dfen Teil des Bedarfs bei der Verteilung und \u00dcberwachung von elektrischem Strom abdeckt. Seit<br \/>\n2001 entwickeln und fertigen wir am Standort Z\u00fclpich eine eigene Produktreihe Ringkernwandler f\u00fcr Mittelspannungs-<br \/>\nApplikationen.[\/vc_column_text][\/vc_column_inner][\/vc_row_inner][vc_row_inner gap=&#8220;30&#8243;][vc_column_inner width=&#8220;1\/3&#8243;][vc_column_text css=&#8220;&#8220;]<\/p>\n<h3>Unser Leistungensangebot<\/h3>\n<ul>\n<li>Leistungsschalter<\/li>\n<li>Schutzrelais<\/li>\n<li>Messwandler<\/li>\n<li>Schaltschr\u00e4nke, Anschlussk\u00e4sten und Zubeh\u00f6r<\/li>\n<li>Vollisolierte Stromschienen<\/li>\n<li>Verteiltransformatoren<\/li>\n<\/ul>\n<p>[\/vc_column_text][\/vc_column_inner][vc_column_inner width=&#8220;2\/3&#8243;][vc_single_image image=&#8220;26711&#8243; img_size=&#8220;large&#8220; css=&#8220;&#8220;][\/vc_column_inner][\/vc_row_inner][\/vc_column][\/vc_row][vc_row full_width=&#8220;stretch_row&#8220; equal_height=&#8220;yes&#8220; css=&#8220;.vc_custom_1751369662705{padding-top: 80px !important;padding-bottom: 100px !important;background-color: #F2F2F2 !important;}&#8220; el_class=&#8220;testimonial-wrap&#8220;][vc_column centered_text=&#8220;true&#8220;][vc_row_inner gap=&#8220;30&#8243; el_class=&#8220;testimonial-wrap-row&#8220;][vc_column_inner width=&#8220;1\/6&#8243;][vc_single_image image=&#8220;26705&#8243; img_size=&#8220;full&#8220; alignment=&#8220;right&#8220; css=&#8220;.vc_custom_1763428461913{padding-top: 80px !important;}&#8220;][\/vc_column_inner][vc_column_inner width=&#8220;5\/6&#8243;][vc_column_text css=&#8220;&#8220;]<strong>Starke Partnerschaft f\u00fcr MS\/NS \u2013 vom Messwandler bis zum Verteiltransformator.<\/strong><\/p>\n<p class=\"quotation\">Seit 1984 liefern wir ma\u00dfgeschneiderte MS\/NS-L\u00f6sungen und entwickeln\/fertigen in Z\u00fclpich eigene Ringkern-Messwandler f\u00fcr Mittelspannung. In den PLZ-Regionen 32, 33, 40\u201352 und 57\u201359 verbinden wir unsere Engineering-Tiefe (Schutztechnik, Leistungsschalter, vollisolierte Stromschienen, Verteiltransformatoren) mit der Produktbreite der R&amp;S Group \u2013 praxisnah, normkonform, termintreu.<\/p>\n<p><strong>\u2013 Fran\u00e7ois &amp; Irina Hentges, HENTGES GmbH Industrieelektronik<\/strong>[\/vc_column_text][\/vc_column_inner][\/vc_row_inner][\/vc_column][\/vc_row][vc_row full_width=&#8220;stretch_row&#8220; equal_height=&#8220;yes&#8220; bg_type=&#8220;bg_color&#8220; css=&#8220;.vc_custom_1762926139340{margin-top: 0px !important;padding-top: 80px !important;padding-bottom: 80px !important;background-color: #FFFFFF !important;}&#8220; bg_color_value=&#8220;#FFFFFF&#8220; el_class=&#8220;organization team-member&#8220;][vc_column][vc_row_inner equal_height=&#8220;yes&#8220; gap=&#8220;20&#8243;][vc_column_inner width=&#8220;1\/3&#8243;][vc_column_text css=&#8220;&#8220;]<\/p>\n<h4>Ihr Kontakt zu uns<\/h4>\n<p><strong>HENTGES GmbH<\/strong><br \/>\nAm Meilenstein 4<br \/>\n53909 Z\u00fclpich<br \/>\n+49 2252 835170<br \/>\n<a href=\"https:\/\/www.hentges.eu\" target=\"_blank\" rel=\"noopener\">https:\/\/www.hentges.eu<\/a><\/p>\n<p>Fran\u00e7ois Hentges<br \/>\n+49 2252-835170<br \/>\n<a href=\"mailto:francois.hentges@hentges.eu\">francois.hentges@hentges.eu<\/a><\/p>\n<p>Irina Hentges<br \/>\n+49 2252-835170<br \/>\n<a href=\"mailto:irina.hentges@hentges.eu\">irina.hentges@hentges.eu<\/a>[\/vc_column_text][\/vc_column_inner][vc_column_inner el_class=&#8220;custom_sidebar&#8220; width=&#8220;2\/3&#8243;][vc_single_image image=&#8220;26717&#8243; img_size=&#8220;large&#8220; css=&#8220;&#8220;][\/vc_column_inner][\/vc_row_inner][\/vc_column][\/vc_row]<\/p>\n<\/div>","protected":false},"excerpt":{"rendered":"<p>[vc_section full_width=&#8220;stretch_row&#8220; content_placement=&#8220;middle&#8220; min_height=&#8220;480&#8243; css=&#8220;.vc_custom_1763428206186{background-image: url(https:\/\/the-rsgroup.com\/wp-content\/uploads\/2025\/11\/Header_Partner_Hentges.jpg?id=26693) !important;background-position: center !important;background-repeat: no-repeat !important;background-size: cover !important;}&#8220; el_class=&#8220;inner-page-banner-section&#8220;][vc_row][vc_column][\/vc_column][\/vc_row][\/vc_section][vc_row css=&#8220;.vc_custom_1758173025204{padding-top: 80px !important;padding-bottom: 80px !important;}&#8220;][vc_column apress_zindex=&#8220;9&#8243; css=&#8220;.vc_custom_1701013509166{padding-top: 0px !important;padding-bottom: 0px !important;}&#8220; el_class=&#8220;custom_sidebar high_zIndex&#8220;][vc_row_inner][vc_column_inner][apress_heading sub_title=&#8220;&#8220; content_alignment=&#8220;left&#8220; enable_delimiter=&#8220;&#8220; color_scheme=&#8220;color_scheme1&#8243; style=&#8220;heading_style1&#8243; title_font_options=&#8220;tag:h2|letter_spacing:1&#8243; subtitle_font_options=&#8220;tag:div&#8220; heading_margin=&#8220;margin-bottom:30&#8243; subheading_margin=&#8220;margin-bottom:30&#8243; class=&#8220;h2-heading-custom&#8220;]HENTGES \u2013 unser Partner&hellip;<\/p>\n","protected":false},"author":14,"featured_media":0,"parent":25956,"menu_order":0,"comment_status":"closed","ping_status":"closed","template":"template-fullwidth-page.php","meta":{"_acf_changed":false,"_monsterinsights_skip_tracking":false,"_monsterinsights_sitenote_active":false,"_monsterinsights_sitenote_note":"","_monsterinsights_sitenote_category":0,"footnotes":""},"class_list":["post-26691","page","type-page","status-publish","hentry"],"acf":[],"_links":{"self":[{"href":"https:\/\/the-rsgroup.com\/de\/wp-json\/wp\/v2\/pages\/26691","targetHints":{"allow":["GET"]}}],"collection":[{"href":"https:\/\/the-rsgroup.com\/de\/wp-json\/wp\/v2\/pages"}],"about":[{"href":"https:\/\/the-rsgroup.com\/de\/wp-json\/wp\/v2\/types\/page"}],"author":[{"embeddable":true,"href":"https:\/\/the-rsgroup.com\/de\/wp-json\/wp\/v2\/users\/14"}],"replies":[{"embeddable":true,"href":"https:\/\/the-rsgroup.com\/de\/wp-json\/wp\/v2\/comments?post=26691"}],"version-history":[{"count":3,"href":"https:\/\/the-rsgroup.com\/de\/wp-json\/wp\/v2\/pages\/26691\/revisions"}],"predecessor-version":[{"id":26724,"href":"https:\/\/the-rsgroup.com\/de\/wp-json\/wp\/v2\/pages\/26691\/revisions\/26724"}],"up":[{"embeddable":true,"href":"https:\/\/the-rsgroup.com\/de\/wp-json\/wp\/v2\/pages\/25956"}],"wp:attachment":[{"href":"https:\/\/the-rsgroup.com\/de\/wp-json\/wp\/v2\/media?parent=26691"}],"curies":[{"name":"wp","href":"https:\/\/api.w.org\/{rel}","templated":true}]}}