{"id":26726,"date":"2025-11-18T01:23:07","date_gmt":"2025-11-18T01:23:07","guid":{"rendered":"https:\/\/rs.tc-host.de\/?page_id=26726"},"modified":"2025-11-18T08:11:24","modified_gmt":"2025-11-18T08:11:24","slug":"ingenieurbuero-ganss","status":"publish","type":"page","link":"https:\/\/the-rsgroup.com\/de\/kontakt\/partner\/ingenieurbuero-ganss\/","title":{"rendered":"INGENIEURB\u00dcRO GANSS"},"content":{"rendered":"<div class=\"wpb-content-wrapper\"><p>[vc_section full_width=&#8220;stretch_row&#8220; content_placement=&#8220;middle&#8220; min_height=&#8220;480&#8243; css=&#8220;.vc_custom_1763428699717{background-image: url(https:\/\/the-rsgroup.com\/wp-content\/uploads\/2025\/11\/Header_Partner_IB_Ganss.jpg?id=26728) !important;background-position: center !important;background-repeat: no-repeat !important;background-size: cover !important;}&#8220; el_class=&#8220;inner-page-banner-section&#8220;][vc_row][vc_column][\/vc_column][\/vc_row][\/vc_section][vc_row css=&#8220;.vc_custom_1758173025204{padding-top: 80px !important;padding-bottom: 80px !important;}&#8220;][vc_column apress_zindex=&#8220;9&#8243; css=&#8220;.vc_custom_1701013509166{padding-top: 0px !important;padding-bottom: 0px !important;}&#8220; el_class=&#8220;custom_sidebar high_zIndex&#8220;][vc_row_inner][vc_column_inner][apress_heading sub_title=&#8220;&#8220; content_alignment=&#8220;left&#8220; enable_delimiter=&#8220;&#8220; color_scheme=&#8220;color_scheme1&#8243; style=&#8220;heading_style1&#8243; title_font_options=&#8220;tag:h2|letter_spacing:1&#8243; subtitle_font_options=&#8220;tag:div&#8220; heading_margin=&#8220;margin-bottom:30&#8243; subheading_margin=&#8220;margin-bottom:30&#8243; class=&#8220;h2-heading-custom&#8220;]INGENIEURB\u00dcRO GANSS \u2013 unser Partner f\u00fcr die PLZ-Regionen 20-22, 26-31, 34, 37-39 im Nordwesten und der Mitte Deutschlands[\/apress_heading][\/vc_column_inner][\/vc_row_inner][vc_row_inner gap=&#8220;30&#8243;][vc_column_inner width=&#8220;1\/3&#8243;][vc_single_image image=&#8220;26746&#8243; img_size=&#8220;medium&#8220; alignment=&#8220;center&#8220; css=&#8220;&#8220;][\/vc_column_inner][vc_column_inner width=&#8220;2\/3&#8243;][vc_column_text css=&#8220;&#8220;]Das Ingenieurb\u00fcro Gan\u00df ist seit \u00fcber 30 Jahren ein kundenorientiertes Dienstleistungsunternehmen im Bereich Energietechnik. Wir vertreten verschiedene Industriepartner und bieten durch den Handel mit elementaren Komponenten direkt im eigenen Haus Transformatorenstationen als Komplettl\u00f6sungen an.<br \/>\nUnsere Leistungsfelder umfassen:<br \/>\n\u2022 Planung und Projektierung von Mittel- und Niederspannungsanlagen<br \/>\n\u2022 Lieferung und Montage von Transformatorenstationen und Schaltanlagen<br \/>\n\u2022 Pr\u00fcfung, Wartung und Instandhaltung elektrotechnischer Anlagen<br \/>\n\u2022 Beratung und Betreuung in allen Fragen der Energieversorgung und Netztechnik<br \/>\nDurch unsere langj\u00e4hrige Erfahrung und enge Zusammenarbeit mit Industriepartnern gew\u00e4hrleisten wir ma\u00dfgeschneiderte,<br \/>\nwirtschaftliche und zukunftssichere L\u00f6sungen f\u00fcr unsere Kunden.[\/vc_column_text][\/vc_column_inner][\/vc_row_inner][vc_row_inner gap=&#8220;30&#8243;][vc_column_inner width=&#8220;1\/3&#8243;][vc_column_text css=&#8220;&#8220;]<\/p>\n<h3>Unser Leistungensangebot<\/h3>\n<p><strong>1. Handel &amp; Komplettl\u00f6sungen<\/strong><br \/>\n\u2022 Handel mit elementaren Komponenten direkt im eigenen Haus<br \/>\n\u2022 Angebot von Transformatorenstationen als Komplettl\u00f6sungen<\/p>\n<p><strong>2. Netzanbindungen (Planung &amp; Umsetzung)<\/strong><br \/>\n\u2022 Netzanbindung f\u00fcr Windkraftanlagen<br \/>\n\u2022 Netzanbindung f\u00fcr Photovoltaikanlagen<br \/>\n\u2022 Netzanbindung f\u00fcr Biogasanlagen<br \/>\n\u2022 Netzanbindung f\u00fcr Industrieanlagen<br \/>\n\u2022 Planung und Lieferung von \u00dcbergabestationen<\/p>\n<p><strong>3. Projektabwicklung &amp; Service<\/strong><br \/>\n\u2022 Einleitung und Begleitung des Genehmigungsverfahrens beim zust\u00e4ndigen EVU<br \/>\n\u2022 Fertigungs\u00fcberwachung der bestellten Anlagen<br \/>\n\u2022 Organisation des (Schwer-)Transports zur Baustelle<br \/>\n\u2022 Aufstellen der Station mittels Autokran<\/p>\n<p><strong>4. Planung &amp; Engineering<\/strong><br \/>\n\u2022 Planung von Beton-Kompaktstationen f\u00fcr individuelle L\u00f6sungen<br \/>\n\u2022 Einsatzbereiche: Industrie &amp; regenerative Energien<br \/>\n\u2022 Entwicklung ma\u00dfgeschneiderter L\u00f6sungen mit hohem Qualit\u00e4tsstandard<\/p>\n<p><strong>5. Kooperation &amp; Qualit\u00e4tssicherung<\/strong><br \/>\n\u2022 Zusammenarbeit ausschlie\u00dflich mit renommierten, zuverl\u00e4ssigen Partnerfirmen<br \/>\n\u2022 Fokus auf Termintreue und hohe Qualit\u00e4t bei allen Projekten[\/vc_column_text][\/vc_column_inner][vc_column_inner width=&#8220;2\/3&#8243;][vc_single_image image=&#8220;26740&#8243; img_size=&#8220;large&#8220; css=&#8220;&#8220;][vc_single_image image=&#8220;26752&#8243; img_size=&#8220;large&#8220; css=&#8220;&#8220;][\/vc_column_inner][\/vc_row_inner][\/vc_column][\/vc_row][vc_row full_width=&#8220;stretch_row&#8220; equal_height=&#8220;yes&#8220; css=&#8220;.vc_custom_1751369662705{padding-top: 80px !important;padding-bottom: 100px !important;background-color: #F2F2F2 !important;}&#8220; el_class=&#8220;testimonial-wrap&#8220;][vc_column centered_text=&#8220;true&#8220;][vc_row_inner gap=&#8220;30&#8243; el_class=&#8220;testimonial-wrap-row&#8220;][vc_column_inner width=&#8220;1\/6&#8243;][vc_single_image image=&#8220;26734&#8243; img_size=&#8220;full&#8220; alignment=&#8220;right&#8220; css=&#8220;&#8220;][\/vc_column_inner][vc_column_inner width=&#8220;5\/6&#8243;][vc_column_text css=&#8220;&#8220;]<strong>Starke Partnerschaft f\u00fcr unsere Kunden<\/strong><\/p>\n<p class=\"quotation\">Seit vielen Jahren verbindet uns mit R&amp;S eine vertrauensvolle und erfolgreiche Partnerschaft im Bereich Transformatoren<br \/>\nund Zubeh\u00f6r. R&amp;S \u00fcberzeugt unsere Kunden durch pr\u00e4zise terminierte Lieferungen, hohe Produktqualit\u00e4t und einen<br \/>\nerstklassigen Service \u2013 sowohl w\u00e4hrend der Lieferung als auch in der Garantieabwicklung. Durch die enge und l\u00f6sungsorientierte<br \/>\nZusammenarbeit profitieren unsere Kunden von effizienten Abl\u00e4ufen, zuverl\u00e4ssigen Systeml\u00f6sungen und innovativen<br \/>\nTechnologien. Wir sind \u00fcberzeugt, dass diese starke Partnerschaft auch in Zukunft ein wichtiger Motor f\u00fcr gemeinsame<br \/>\nErfolge und nachhaltiges Wachstum sein wird.<\/p>\n<p><strong>\u2013 Dipl. Wirtschaftsingenieur (FH) Rainer Gan\u00df<\/strong>[\/vc_column_text][\/vc_column_inner][\/vc_row_inner][\/vc_column][\/vc_row][vc_row full_width=&#8220;stretch_row&#8220; equal_height=&#8220;yes&#8220; bg_type=&#8220;bg_color&#8220; css=&#8220;.vc_custom_1762926139340{margin-top: 0px !important;padding-top: 80px !important;padding-bottom: 80px !important;background-color: #FFFFFF !important;}&#8220; bg_color_value=&#8220;#FFFFFF&#8220; el_class=&#8220;organization team-member&#8220;][vc_column][vc_row_inner equal_height=&#8220;yes&#8220; gap=&#8220;20&#8243;][vc_column_inner width=&#8220;1\/3&#8243;][vc_column_text css=&#8220;&#8220;]<\/p>\n<h4>Ihr Kontakt zu uns<\/h4>\n<p><strong>Ingenieurb\u00fcro Gan\u00df<\/strong><br \/>\nLindenstra\u00dfe 5A<br \/>\n29223 Celle<br \/>\n+49 (0) 51 41 &#8211; 980 99 00<br \/>\n<a href=\"https:\/\/ib-ganss.de\" target=\"_blank\" rel=\"noopener\">www.ib-ganss.de<\/a><br \/>\n<a href=\"mailto:info@ib-ganss.de\">info@ib-ganss.de<\/a><\/p>\n<p>Herr Gan\u00df +49 171 639 35 45<br \/>\nHerr Skora +49 170 58 44 624<br \/>\nFrau Wildhagen +49 171 926 16 04[\/vc_column_text][\/vc_column_inner][vc_column_inner el_class=&#8220;custom_sidebar&#8220; width=&#8220;2\/3&#8243;][vc_single_image image=&#8220;26758&#8243; img_size=&#8220;large&#8220; css=&#8220;&#8220;][\/vc_column_inner][\/vc_row_inner][\/vc_column][\/vc_row]<\/p>\n<\/div>","protected":false},"excerpt":{"rendered":"<p>[vc_section full_width=&#8220;stretch_row&#8220; content_placement=&#8220;middle&#8220; min_height=&#8220;480&#8243; css=&#8220;.vc_custom_1763428699717{background-image: url(https:\/\/the-rsgroup.com\/wp-content\/uploads\/2025\/11\/Header_Partner_IB_Ganss.jpg?id=26728) !important;background-position: center !important;background-repeat: no-repeat !important;background-size: cover !important;}&#8220; el_class=&#8220;inner-page-banner-section&#8220;][vc_row][vc_column][\/vc_column][\/vc_row][\/vc_section][vc_row css=&#8220;.vc_custom_1758173025204{padding-top: 80px !important;padding-bottom: 80px !important;}&#8220;][vc_column apress_zindex=&#8220;9&#8243; css=&#8220;.vc_custom_1701013509166{padding-top: 0px !important;padding-bottom: 0px !important;}&#8220; el_class=&#8220;custom_sidebar high_zIndex&#8220;][vc_row_inner][vc_column_inner][apress_heading sub_title=&#8220;&#8220; content_alignment=&#8220;left&#8220; enable_delimiter=&#8220;&#8220; color_scheme=&#8220;color_scheme1&#8243; style=&#8220;heading_style1&#8243; title_font_options=&#8220;tag:h2|letter_spacing:1&#8243; subtitle_font_options=&#8220;tag:div&#8220; heading_margin=&#8220;margin-bottom:30&#8243; subheading_margin=&#8220;margin-bottom:30&#8243; class=&#8220;h2-heading-custom&#8220;]INGENIEURB\u00dcRO GANSS \u2013 unser&hellip;<\/p>\n","protected":false},"author":14,"featured_media":0,"parent":25956,"menu_order":0,"comment_status":"closed","ping_status":"closed","template":"template-fullwidth-page.php","meta":{"_acf_changed":false,"_monsterinsights_skip_tracking":false,"_monsterinsights_sitenote_active":false,"_monsterinsights_sitenote_note":"","_monsterinsights_sitenote_category":0,"footnotes":""},"class_list":["post-26726","page","type-page","status-publish","hentry"],"acf":[],"_links":{"self":[{"href":"https:\/\/the-rsgroup.com\/de\/wp-json\/wp\/v2\/pages\/26726","targetHints":{"allow":["GET"]}}],"collection":[{"href":"https:\/\/the-rsgroup.com\/de\/wp-json\/wp\/v2\/pages"}],"about":[{"href":"https:\/\/the-rsgroup.com\/de\/wp-json\/wp\/v2\/types\/page"}],"author":[{"embeddable":true,"href":"https:\/\/the-rsgroup.com\/de\/wp-json\/wp\/v2\/users\/14"}],"replies":[{"embeddable":true,"href":"https:\/\/the-rsgroup.com\/de\/wp-json\/wp\/v2\/comments?post=26726"}],"version-history":[{"count":3,"href":"https:\/\/the-rsgroup.com\/de\/wp-json\/wp\/v2\/pages\/26726\/revisions"}],"predecessor-version":[{"id":27106,"href":"https:\/\/the-rsgroup.com\/de\/wp-json\/wp\/v2\/pages\/26726\/revisions\/27106"}],"up":[{"embeddable":true,"href":"https:\/\/the-rsgroup.com\/de\/wp-json\/wp\/v2\/pages\/25956"}],"wp:attachment":[{"href":"https:\/\/the-rsgroup.com\/de\/wp-json\/wp\/v2\/media?parent=26726"}],"curies":[{"name":"wp","href":"https:\/\/api.w.org\/{rel}","templated":true}]}}