{"id":26768,"date":"2025-11-18T01:31:20","date_gmt":"2025-11-18T01:31:20","guid":{"rendered":"https:\/\/rs.tc-host.de\/?page_id=26768"},"modified":"2025-11-18T08:12:09","modified_gmt":"2025-11-18T08:12:09","slug":"orwi-technik-gmbh-co-kg","status":"publish","type":"page","link":"https:\/\/the-rsgroup.com\/de\/kontakt\/partner\/orwi-technik-gmbh-co-kg\/","title":{"rendered":"Orwi Technik GmbH &#038; Co. KG"},"content":{"rendered":"<div class=\"wpb-content-wrapper\"><p>[vc_section full_width=&#8220;stretch_row&#8220; content_placement=&#8220;middle&#8220; min_height=&#8220;480&#8243; css=&#8220;.vc_custom_1763429222348{background-image: url(https:\/\/the-rsgroup.com\/wp-content\/uploads\/2025\/11\/Header_Partner_Orwi.jpg?id=26770) !important;background-position: center !important;background-repeat: no-repeat !important;background-size: cover !important;}&#8220; el_class=&#8220;inner-page-banner-section&#8220;][vc_row][vc_column][\/vc_column][\/vc_row][\/vc_section][vc_row css=&#8220;.vc_custom_1758173025204{padding-top: 80px !important;padding-bottom: 80px !important;}&#8220;][vc_column apress_zindex=&#8220;9&#8243; css=&#8220;.vc_custom_1701013509166{padding-top: 0px !important;padding-bottom: 0px !important;}&#8220; el_class=&#8220;custom_sidebar high_zIndex&#8220;][vc_row_inner][vc_column_inner][apress_heading sub_title=&#8220;&#8220; content_alignment=&#8220;left&#8220; enable_delimiter=&#8220;&#8220; color_scheme=&#8220;color_scheme1&#8243; style=&#8220;heading_style1&#8243; title_font_options=&#8220;tag:h2|letter_spacing:1&#8243; subtitle_font_options=&#8220;tag:div&#8220; heading_margin=&#8220;margin-bottom:30&#8243; subheading_margin=&#8220;margin-bottom:30&#8243; class=&#8220;h2-heading-custom&#8220;]ORWI TECHNIK \u2013 unser Partner f\u00fcr die PLZ-Regionen 17-19, 23-25 im Nordosten Deutschlands[\/apress_heading][\/vc_column_inner][\/vc_row_inner][vc_row_inner gap=&#8220;30&#8243;][vc_column_inner width=&#8220;1\/3&#8243;][vc_single_image image=&#8220;26794&#8243; img_size=&#8220;medium&#8220; alignment=&#8220;center&#8220; css=&#8220;&#8220;][\/vc_column_inner][vc_column_inner width=&#8220;2\/3&#8243;][vc_column_text css=&#8220;&#8220;]ORWI \u2013 Ihr Partner f\u00fcr Trafostationen und elektrotechnische Gesamtl\u00f6sungen Seit \u00fcber 30 Jahren unterst\u00fctzt Orwi kleine und mittelst\u00e4ndische Unternehmen, Kommunen, St\u00e4dte, Energieversorger, internationale Konzerne und lokale Handwerksbetriebe bei Projekten der Elektro- und Energietechnik.<br \/>\nDank eines umfangreichen Lagerbestands erhalten Sie alles aus einer Hand: Leuchten und Installationsmaterial, Leuchtmittel, Kabel und Leitungen, Sicherungs- und Befestigungstechnik, moderne LED-Lichttechnik sowie Komponenten der Industrietechnik.<br \/>\nHeute liegt unser Schwerpunkt auf der Planung und Lieferung hochwertiger Trafostationen. Ob f\u00fcr Photovoltaik- Parks, Schnellladeinfrastruktur, Blockheizkraftwerke oder Industrie- und Gewerbestandorte \u2013 Orwi konzipiert und liefert Trafostationen, die technisch, wirtschaftlich und normgerecht zu Ihrem Projekt passen.[\/vc_column_text][vc_single_image image=&#8220;26776&#8243; img_size=&#8220;medium&#8220; css=&#8220;&#8220;][\/vc_column_inner][\/vc_row_inner][vc_row_inner gap=&#8220;30&#8243;][vc_column_inner width=&#8220;1\/3&#8243;][vc_column_text css=&#8220;&#8220;]<\/p>\n<h3>Unser Leistungensangebot<\/h3>\n<ul>\n<li>Planung und Lieferung von Trafostationen<\/li>\n<li>Projektplanung und Umsetzung von Photovoltaik-Parks<\/li>\n<li>Projektplanung und Umsetzung von Schnelllades\u00e4ulen<\/li>\n<li>Projektplanung und Umsetzung von Blockheizkraftwerke<\/li>\n<li>Projektplanung und Umsetzung beim Bau von Industrie- und Gewerbeanlagen<\/li>\n<\/ul>\n<p>[\/vc_column_text][\/vc_column_inner][vc_column_inner width=&#8220;2\/3&#8243;][vc_single_image image=&#8220;26782&#8243; img_size=&#8220;large&#8220; css=&#8220;&#8220;][\/vc_column_inner][\/vc_row_inner][\/vc_column][\/vc_row][vc_row full_width=&#8220;stretch_row&#8220; equal_height=&#8220;yes&#8220; css=&#8220;.vc_custom_1751369662705{padding-top: 80px !important;padding-bottom: 100px !important;background-color: #F2F2F2 !important;}&#8220; el_class=&#8220;testimonial-wrap&#8220;][vc_column centered_text=&#8220;true&#8220;][vc_row_inner gap=&#8220;30&#8243; el_class=&#8220;testimonial-wrap-row&#8220;][vc_column_inner width=&#8220;1\/6&#8243;][vc_single_image image=&#8220;26788&#8243; img_size=&#8220;full&#8220; alignment=&#8220;right&#8220; css=&#8220;&#8220;][\/vc_column_inner][vc_column_inner width=&#8220;5\/6&#8243;][vc_column_text css=&#8220;&#8220;]<strong>Benjamin Halatta, Gesch\u00e4ftsf\u00fchrer Orwi<\/strong><\/p>\n<p class=\"quotation\">Die enge Zusammenarbeit mit der R&amp;S Group verbindet unsere Planungskompetenz mit zuverl\u00e4ssiger Transformatorentechnik.<br \/>\nSo k\u00f6nnen wir unseren Kunden ganzheitliche L\u00f6sungen liefern, die technisch \u00fcberzeugen und langfristig Bestand haben.<\/p>\n<p><strong>\u2013 Benjamin Halatta, Gesch\u00e4ftsf\u00fchrer Orwi<\/strong>[\/vc_column_text][\/vc_column_inner][\/vc_row_inner][\/vc_column][\/vc_row][vc_row full_width=&#8220;stretch_row&#8220; equal_height=&#8220;yes&#8220; bg_type=&#8220;bg_color&#8220; css=&#8220;.vc_custom_1762926139340{margin-top: 0px !important;padding-top: 80px !important;padding-bottom: 80px !important;background-color: #FFFFFF !important;}&#8220; bg_color_value=&#8220;#FFFFFF&#8220; el_class=&#8220;organization team-member&#8220;][vc_column][vc_row_inner equal_height=&#8220;yes&#8220; gap=&#8220;20&#8243;][vc_column_inner width=&#8220;1\/3&#8243;][vc_column_text css=&#8220;&#8220;]<\/p>\n<h4>Ihr Kontakt zu uns<\/h4>\n<p><strong>Orwi Technik GmbH &amp; Co. KG<\/strong><br \/>\nWollinstr. 1<br \/>\n24782 B\u00fcdelsdorf<br \/>\n+49 4331\/43901-0<br \/>\n<a href=\"https:\/\/www.orwi-technik.de\" target=\"_blank\" rel=\"noopener\">https:\/\/www.orwi-technik.de<\/a><\/p>\n<p>Benjamin Halatta<br \/>\n+49 4331\/43901-20<br \/>\n<a href=\"mailto:info@orwi-technik.de\">info@orwi-technik.de<\/a>[\/vc_column_text][\/vc_column_inner][vc_column_inner el_class=&#8220;custom_sidebar&#8220; width=&#8220;2\/3&#8243;][vc_single_image image=&#8220;26800&#8243; img_size=&#8220;large&#8220; css=&#8220;&#8220;][\/vc_column_inner][\/vc_row_inner][\/vc_column][\/vc_row]<\/p>\n<\/div>","protected":false},"excerpt":{"rendered":"<p>[vc_section full_width=&#8220;stretch_row&#8220; content_placement=&#8220;middle&#8220; min_height=&#8220;480&#8243; css=&#8220;.vc_custom_1763429222348{background-image: url(https:\/\/the-rsgroup.com\/wp-content\/uploads\/2025\/11\/Header_Partner_Orwi.jpg?id=26770) !important;background-position: center !important;background-repeat: no-repeat !important;background-size: cover !important;}&#8220; el_class=&#8220;inner-page-banner-section&#8220;][vc_row][vc_column][\/vc_column][\/vc_row][\/vc_section][vc_row css=&#8220;.vc_custom_1758173025204{padding-top: 80px !important;padding-bottom: 80px !important;}&#8220;][vc_column apress_zindex=&#8220;9&#8243; css=&#8220;.vc_custom_1701013509166{padding-top: 0px !important;padding-bottom: 0px !important;}&#8220; el_class=&#8220;custom_sidebar high_zIndex&#8220;][vc_row_inner][vc_column_inner][apress_heading sub_title=&#8220;&#8220; content_alignment=&#8220;left&#8220; enable_delimiter=&#8220;&#8220; color_scheme=&#8220;color_scheme1&#8243; style=&#8220;heading_style1&#8243; title_font_options=&#8220;tag:h2|letter_spacing:1&#8243; subtitle_font_options=&#8220;tag:div&#8220; heading_margin=&#8220;margin-bottom:30&#8243; subheading_margin=&#8220;margin-bottom:30&#8243; class=&#8220;h2-heading-custom&#8220;]ORWI TECHNIK \u2013 unser&hellip;<\/p>\n","protected":false},"author":14,"featured_media":0,"parent":25956,"menu_order":0,"comment_status":"closed","ping_status":"closed","template":"template-fullwidth-page.php","meta":{"_acf_changed":false,"_monsterinsights_skip_tracking":false,"_monsterinsights_sitenote_active":false,"_monsterinsights_sitenote_note":"","_monsterinsights_sitenote_category":0,"footnotes":""},"class_list":["post-26768","page","type-page","status-publish","hentry"],"acf":[],"_links":{"self":[{"href":"https:\/\/the-rsgroup.com\/de\/wp-json\/wp\/v2\/pages\/26768","targetHints":{"allow":["GET"]}}],"collection":[{"href":"https:\/\/the-rsgroup.com\/de\/wp-json\/wp\/v2\/pages"}],"about":[{"href":"https:\/\/the-rsgroup.com\/de\/wp-json\/wp\/v2\/types\/page"}],"author":[{"embeddable":true,"href":"https:\/\/the-rsgroup.com\/de\/wp-json\/wp\/v2\/users\/14"}],"replies":[{"embeddable":true,"href":"https:\/\/the-rsgroup.com\/de\/wp-json\/wp\/v2\/comments?post=26768"}],"version-history":[{"count":3,"href":"https:\/\/the-rsgroup.com\/de\/wp-json\/wp\/v2\/pages\/26768\/revisions"}],"predecessor-version":[{"id":27107,"href":"https:\/\/the-rsgroup.com\/de\/wp-json\/wp\/v2\/pages\/26768\/revisions\/27107"}],"up":[{"embeddable":true,"href":"https:\/\/the-rsgroup.com\/de\/wp-json\/wp\/v2\/pages\/25956"}],"wp:attachment":[{"href":"https:\/\/the-rsgroup.com\/de\/wp-json\/wp\/v2\/media?parent=26768"}],"curies":[{"name":"wp","href":"https:\/\/api.w.org\/{rel}","templated":true}]}}