{"id":26958,"date":"2025-11-18T02:34:42","date_gmt":"2025-11-18T02:34:42","guid":{"rendered":"https:\/\/rs.tc-host.de\/?page_id=26958"},"modified":"2025-12-23T07:54:16","modified_gmt":"2025-12-23T07:54:16","slug":"marken","status":"publish","type":"page","link":"https:\/\/the-rsgroup.com\/de\/marken\/","title":{"rendered":"Marken"},"content":{"rendered":"<div class=\"wpb-content-wrapper\"><p>[vc_section full_width=&#8220;stretch_row&#8220; content_placement=&#8220;middle&#8220; min_height=&#8220;480&#8243; css=&#8220;.vc_custom_1763431766402{background-image: url(https:\/\/the-rsgroup.com\/wp-content\/uploads\/2025\/11\/Header_Brands.jpg?id=26911) !important;background-position: center !important;background-repeat: no-repeat !important;background-size: cover !important;}&#8220; el_class=&#8220;inner-page-banner-section&#8220;][vc_row][vc_column][apress_heading sub_title=&#8220;lokale St\u00e4rke, globale Qualit\u00e4t \u2013 We guarantee Energy&#8220; content_alignment=&#8220;left&#8220; data_animation=&#8220;fadeInRight&#8220; enable_delimiter=&#8220;&#8220; style=&#8220;heading_style1&#8243; title_font_options=&#8220;tag:h1&#8243; subtitle_font_options=&#8220;tag:div&#8220;]Marken der R&amp;S Group[\/apress_heading][\/vc_column][\/vc_row][\/vc_section][vc_row full_width=&#8220;stretch_row&#8220; content_placement=&#8220;middle&#8220; css=&#8220;.vc_custom_1763526223186{padding-top: 20px !important;padding-bottom: 40px !important;background-color: #FFFFFF !important;background-position: center !important;background-repeat: no-repeat !important;background-size: cover !important;}&#8220; min_height=&#8220;480&#8243; el_class=&#8220;page-title-section mx-0&#8243; el_id=&#8220;indus_row2&#8243; responsive_css=&#8220;padding_top_smartphones:0px|padding_top_small:0px&#8220;][vc_column apress_zindex=&#8220;9&#8243; el_class=&#8220;custom_sidebar high_zIndex&#8220;][apress_heading sub_title=&#8220;&#8220; content_alignment=&#8220;left&#8220; enable_delimiter=&#8220;&#8220; color_scheme=&#8220;design_your_own&#8220; main_heading_color=&#8220;#6980B4&#8243; style=&#8220;heading_style1&#8243; title_font_options=&#8220;tag:h2|font_size:46|line_height:50|letter_spacing:1&#8243; subtitle_font_options=&#8220;tag:div|color:%23ffffff&#8220; heading_margin=&#8220;margin-top:10|margin-bottom:30&#8243; class=&#8220;heading-custom&#8220;]Warum eine Markenfamilie?[\/apress_heading][vc_column_text css=&#8220;&#8220;]Mit unseren lokal verankerten Marken verbinden wir nahes Engineering vor Ort mit gruppenweiter Fertigungs- und Qualit\u00e4tskompetenz. Das reduziert Projektrisiken und beschleunigt die Umsetzung \u2013 von der Spezifikation bis zur Inbetriebnahme.<\/p>\n<h3><strong>Ihre Vorteile auf einen Blick:<\/strong><\/h3>\n<ul>\n<li><strong>Marktn\u00e4he &amp; Normsicherheit:<\/strong> Lokale Teams kennen Netz- und Bauvorschriften (z. B. IEC\/EN\/ENATS\/ANSI) sowie Genehmigungsprozesse \u2013 z\u00fcgige Einreichung, schnellere Freigaben.<\/li>\n<li><strong>Hohe Lieferf\u00e4higkeit:<\/strong> Regionale Fertigung und gruppenweite Kapazit\u00e4ten sichern verk\u00fcrzte Durchlaufzeiten und hohe Planbarkeit.<\/li>\n<li><strong>Technische Tiefe:<\/strong> Jede Marke ist Spezialist (z. B. Gie\u00dfharz-, Verteil- oder Leistungstransformatoren) \u2013 passgenaue Auslegung statt Kompromissen.<\/li>\n<li><strong>Lebenszyklus-Fokus (Total Cost of Ownership\/TCO):<\/strong> Verlustoptimierte Designs, robustes Materialspektrum, Service &amp; Fleet Care \u2013 niedrige Betriebskosten \u00fcber Jahrzehnte.<\/li>\n<li><strong>Supply-Chain-Resilienz:<\/strong> Mehrere europ\u00e4ische Werke, abgestimmte Standards, gemeinsame Qualit\u00e4tssicherung und ein stabiles Unterlieferanten-Netz \u2013 reduzierte Abh\u00e4ngigkeiten.<\/li>\n<li><strong>\u201eWe guarantee energy\u201c:<\/strong> Ein gemeinsames Versprechen f\u00fcr Zuverl\u00e4ssigkeit, P\u00fcnktlichkeit und verbindliche Projektabwicklung.<\/li>\n<\/ul>\n<p>[\/vc_column_text][\/vc_column][\/vc_row][vc_row full_width=&#8220;stretch_row&#8220; content_placement=&#8220;middle&#8220; css=&#8220;.vc_custom_1758531389746{padding-top: 20px !important;padding-bottom: 40px !important;background-color: #FFFFFF !important;background-position: center !important;background-repeat: no-repeat !important;background-size: cover !important;}&#8220; min_height=&#8220;480&#8243; el_class=&#8220;page-title-section&#8220; responsive_css=&#8220;padding_top_smartphones:0px|padding_top_small:0px&#8220;][vc_column apress_zindex=&#8220;9&#8243; el_class=&#8220;custom_sidebar high_zIndex&#8220;][apress_heading sub_title=&#8220;&#8220; content_alignment=&#8220;left&#8220; enable_delimiter=&#8220;&#8220; color_scheme=&#8220;design_your_own&#8220; main_heading_color=&#8220;#6980B4&#8243; style=&#8220;heading_style1&#8243; title_font_options=&#8220;tag:h2|font_size:46|line_height:50|letter_spacing:1&#8243; subtitle_font_options=&#8220;tag:div|color:%23ffffff&#8220; heading_margin=&#8220;margin-top:10|margin-bottom:30&#8243;]<\/p>\n<h2>Unsere Marken<\/h2>\n<p>[\/apress_heading][\/vc_column][\/vc_row][vc_row apcore_row_stretch_opt=&#8220;stretch_row_and_content&#8220; full_width=&#8220;stretch_row_content_no_spaces&#8220; content_placement=&#8220;middle&#8220; css=&#8220;.vc_custom_1747141675568{padding-top: 0px !important;padding-bottom: 0px !important;background-color: #F2F2F2 !important;}&#8220; el_class=&#8220;full-width-image-section&#8220;][vc_column width=&#8220;1\/2&#8243; css=&#8220;.vc_custom_1747995257510{padding-top: 0px !important;padding-bottom: 0px !important;}&#8220; el_class=&#8220;img_col&#8220;][vc_single_image image=&#8220;26926&#8243; img_size=&#8220;full&#8220; css=&#8220;&#8220;][\/vc_column][vc_column width=&#8220;1\/2&#8243; el_class=&#8220;col_content&#8220;][vc_row_inner css=&#8220;.vc_custom_1755445598875{padding-top: 60px !important;padding-right: 60px !important;padding-bottom: 60px !important;padding-left: 60px !important;}&#8220; responsive_css=&#8220;padding_top_smartphones:30px|padding_top_small:40px&#8220; el_class=&#8220;left-right-content&#8220;][vc_column_inner][vc_column_text css=&#8220;&#8220;]<\/p>\n<h3>Rauscher &amp; Stoecklin (Schweiz | Polen)<\/h3>\n<p><em>Fokus: \u00d6l-Verteiltransformatoren &amp; elektrotechnische Komponenten<\/em><br \/>\nSeit 1919 steht Rauscher &amp; Stoecklin f\u00fcr Schweizer Pr\u00e4zision in der Energieverteilung. Mit dem neuen Werk in Krzecz\u00f3w (Polen) erweitert die Marke ihre Kapazit\u00e4ten f\u00fcr \u00d6l-Verteiltransformatoren \u2013 mit verl\u00e4\u00dflichen Lieferzeiten f\u00fcr Zentraleuropa und Variantenvielfalt.<br \/>\n<strong>St\u00e4rken:<\/strong> Kompakte Bauformen, verlustarme Auslegung, projektspezifische Anpassungen (Netzanschluss, Speicher, PV\/Wind, Industrie).<\/p>\n<p><a href=\"https:\/\/the-rsgroup.com\/de\/rauscher-stoecklin\/\">Mehr erfahren<\/a>[\/vc_column_text][\/vc_column_inner][\/vc_row_inner][\/vc_column][\/vc_row][vc_row apcore_row_stretch_opt=&#8220;stretch_row_and_content&#8220; full_width=&#8220;stretch_row_content_no_spaces&#8220; content_placement=&#8220;middle&#8220; apress_column_reverse=&#8220;yes&#8220; css=&#8220;.vc_custom_1755445169057{padding-top: 0px !important;padding-bottom: 0px !important;background-color: #FFFFFF !important;}&#8220; el_class=&#8220;full-width-image-section col_order&#8220;][vc_column width=&#8220;1\/2&#8243; el_class=&#8220;col_content&#8220;][vc_row_inner css=&#8220;.vc_custom_1755445612450{padding-top: 60px !important;padding-right: 60px !important;padding-bottom: 60px !important;padding-left: 60px !important;}&#8220; el_class=&#8220;left-right-content&#8220;][vc_column_inner][vc_column_text css=&#8220;&#8220;]<\/p>\n<h3>Tesar (Italien | Polen | Golfregion)<\/h3>\n<p><em>Fokus: Gie\u00dfharz-Trockentransformatoren &amp; Messwandler<\/em><br \/>\nTesar entwickelt und fertigt seit 1979 Gie\u00dfharztransformatoren mit hoher Brandschutzklasse und minimalem Wartungsbedarf. Seit 2013 produziert Tesar Polska Gie\u00dfharztransformatoren sowie Strom- und Spannungswandler im Industriegebiet von Krakau. Tesar Gulf betreibt eine Produktionsst\u00e4tte in Al Ain (VAE) f\u00fcr die Golfstaaten \u2013 ideal f\u00fcr kurze Wege und projektspezifische Normenanforderungen.<br \/>\n<strong>St\u00e4rken:<\/strong> Sicherheit und Umweltfreundlichkeit, nahezu wartungsfreier Betrieb, weltweit mehr als 100.000 Trockentransformatoren installiert, ideal geeignet f\u00fcr Rechenzentren, Industrie &amp; Infrastruktur und erneuerbare Energieversorgung.<\/p>\n<p><a href=\"https:\/\/the-rsgroup.com\/de\/tesar\/\">Mehr erfahren<\/a>[\/vc_column_text][\/vc_column_inner][\/vc_row_inner][\/vc_column][vc_column width=&#8220;1\/2&#8243; css=&#8220;.vc_custom_1747995252391{padding-top: 0px !important;padding-bottom: 0px !important;}&#8220; el_class=&#8220;img_col&#8220;][vc_single_image image=&#8220;26932&#8243; img_size=&#8220;full&#8220; css=&#8220;&#8220;][\/vc_column][\/vc_row][vc_row apcore_row_stretch_opt=&#8220;stretch_row_and_content&#8220; full_width=&#8220;stretch_row_content_no_spaces&#8220; content_placement=&#8220;middle&#8220; apress_column_reverse=&#8220;yes&#8220; css=&#8220;.vc_custom_1766476450168{padding-top: 0px !important;padding-bottom: 0px !important;background-color: #F2F2F2 !important;}&#8220; el_class=&#8220;full-width-image-section col_order&#8220; el_id=&#8220;col-inverse&#8220;][vc_column width=&#8220;1\/2&#8243; css=&#8220;.vc_custom_1747995239755{padding-top: 0px !important;padding-bottom: 0px !important;}&#8220; el_class=&#8220;img_col&#8220;][vc_single_image image=&#8220;26920&#8243; img_size=&#8220;full&#8220; css=&#8220;&#8220;][\/vc_column][vc_column width=&#8220;1\/2&#8243; el_class=&#8220;col_content&#8220;][vc_row_inner css=&#8220;.vc_custom_1755445628490{padding-top: 60px !important;padding-right: 60px !important;padding-bottom: 60px !important;padding-left: 60px !important;}&#8220; el_class=&#8220;left-right-content&#8220;][vc_column_inner][vc_column_text css=&#8220;&#8220;]<\/p>\n<h3>Kyte Powertech (Irland)<\/h3>\n<p><em>Fokus: Verteiltransformatoren (Pole-\/Pad-Mount, Station)<\/em><br \/>\nKyte Powertech wurde 1977 gegr\u00fcndet und j\u00e4hrlich \u00fcber 16.000 Verteiltransformatoren mit einer Fertigungskapazit\u00e4t von 6.500 MVA\u2013 optimiert f\u00fcr IEC\/EN\/BS\/ENATS\/ANSI. Hohe Fertigungskapazit\u00e4t, robuste Designs und kurze Lieferzeiten f\u00fcr Irland, UK und Westeuropa.<br \/>\n<strong>St\u00e4rken:<\/strong> Netzanschl\u00fcsse, Stadt- und Werksnetze, erneuerbare Einspeisung, niedrige Verluste gem\u00e4\u00df EU-\u00d6kodesign.<\/p>\n<p><a href=\"https:\/\/the-rsgroup.com\/de\/kyte-powertech\/\">Mehr erfahren<\/a>[\/vc_column_text][\/vc_column_inner][\/vc_row_inner][\/vc_column][\/vc_row][vc_row apcore_row_stretch_opt=&#8220;stretch_row_and_content&#8220; full_width=&#8220;stretch_row_content_no_spaces&#8220; content_placement=&#8220;middle&#8220; apress_column_reverse=&#8220;yes&#8220; css=&#8220;.vc_custom_1755445169057{padding-top: 0px !important;padding-bottom: 0px !important;background-color: #FFFFFF !important;}&#8220; el_class=&#8220;full-width-image-section col_order&#8220;][vc_column width=&#8220;1\/2&#8243; el_class=&#8220;col_content&#8220;][vc_row_inner css=&#8220;.vc_custom_1755445612450{padding-top: 60px !important;padding-right: 60px !important;padding-bottom: 60px !important;padding-left: 60px !important;}&#8220; el_class=&#8220;left-right-content&#8220;][vc_column_inner][vc_column_text css=&#8220;&#8220;]<\/p>\n<h3>ZREW (Polen)<\/h3>\n<p><em>Fokus: Leistungstransformatoren bis zu 160 MVA<\/em><br \/>\nZREW realisiert ma\u00dfgeschneiderte Leistungstransformatoren f\u00fcr \u00dcbertragungs-\/Verteilnetze, Energieerzeugung (Renewables, Maschinentransformator GSU) und Industrie \u2013 K\u00fchlungsarten ONAN\/ONAF\/OFAF\/ODAF, Sonderisolationen und akustischer Optimierung.<br \/>\n<strong>St\u00e4rken:<\/strong> Projektengineering nach IEC\/IEEE und Kundenspezifikation, hohe Zuverl\u00e4ssigkeit, Lebenszyklus-Monitoring (z. B. DGA\/Condition Monitoring), ideal geeignet f\u00fcr Kraftwerke, W\u00e4rmekraftwerke, PV-Projekte, Windparks und Verteilungsnetze.<\/p>\n<p><a href=\"https:\/\/the-rsgroup.com\/de\/rs-zrew\/\">Mehr erfahren<\/a>[\/vc_column_text][\/vc_column_inner][\/vc_row_inner][\/vc_column][vc_column width=&#8220;1\/2&#8243; css=&#8220;.vc_custom_1747995252391{padding-top: 0px !important;padding-bottom: 0px !important;}&#8220; el_class=&#8220;img_col&#8220;][vc_single_image image=&#8220;26938&#8243; img_size=&#8220;full&#8220; css=&#8220;&#8220;][\/vc_column][\/vc_row]<\/p>\n<\/div>","protected":false},"excerpt":{"rendered":"<p>[vc_section full_width=&#8220;stretch_row&#8220; content_placement=&#8220;middle&#8220; min_height=&#8220;480&#8243; css=&#8220;.vc_custom_1763431766402{background-image: url(https:\/\/the-rsgroup.com\/wp-content\/uploads\/2025\/11\/Header_Brands.jpg?id=26911) !important;background-position: center !important;background-repeat: no-repeat !important;background-size: cover !important;}&#8220; el_class=&#8220;inner-page-banner-section&#8220;][vc_row][vc_column][apress_heading sub_title=&#8220;lokale St\u00e4rke, globale Qualit\u00e4t \u2013 We guarantee Energy&#8220; content_alignment=&#8220;left&#8220; data_animation=&#8220;fadeInRight&#8220; enable_delimiter=&#8220;&#8220; style=&#8220;heading_style1&#8243; title_font_options=&#8220;tag:h1&#8243; subtitle_font_options=&#8220;tag:div&#8220;]Marken der R&amp;S Group[\/apress_heading][\/vc_column][\/vc_row][\/vc_section][vc_row full_width=&#8220;stretch_row&#8220; content_placement=&#8220;middle&#8220; css=&#8220;.vc_custom_1763526223186{padding-top: 20px !important;padding-bottom: 40px !important;background-color: #FFFFFF !important;background-position:&hellip;<\/p>\n","protected":false},"author":14,"featured_media":0,"parent":0,"menu_order":0,"comment_status":"closed","ping_status":"closed","template":"template-fullwidth-page.php","meta":{"_acf_changed":false,"_monsterinsights_skip_tracking":false,"_monsterinsights_sitenote_active":false,"_monsterinsights_sitenote_note":"","_monsterinsights_sitenote_category":0,"footnotes":""},"class_list":["post-26958","page","type-page","status-publish","hentry"],"acf":[],"_links":{"self":[{"href":"https:\/\/the-rsgroup.com\/de\/wp-json\/wp\/v2\/pages\/26958","targetHints":{"allow":["GET"]}}],"collection":[{"href":"https:\/\/the-rsgroup.com\/de\/wp-json\/wp\/v2\/pages"}],"about":[{"href":"https:\/\/the-rsgroup.com\/de\/wp-json\/wp\/v2\/types\/page"}],"author":[{"embeddable":true,"href":"https:\/\/the-rsgroup.com\/de\/wp-json\/wp\/v2\/users\/14"}],"replies":[{"embeddable":true,"href":"https:\/\/the-rsgroup.com\/de\/wp-json\/wp\/v2\/comments?post=26958"}],"version-history":[{"count":13,"href":"https:\/\/the-rsgroup.com\/de\/wp-json\/wp\/v2\/pages\/26958\/revisions"}],"predecessor-version":[{"id":31879,"href":"https:\/\/the-rsgroup.com\/de\/wp-json\/wp\/v2\/pages\/26958\/revisions\/31879"}],"wp:attachment":[{"href":"https:\/\/the-rsgroup.com\/de\/wp-json\/wp\/v2\/media?parent=26958"}],"curies":[{"name":"wp","href":"https:\/\/api.w.org\/{rel}","templated":true}]}}