{"id":29497,"date":"2025-11-27T02:27:16","date_gmt":"2025-11-27T02:27:16","guid":{"rendered":"https:\/\/the-rsgroup.com\/?page_id=29497"},"modified":"2025-11-28T11:17:21","modified_gmt":"2025-11-28T11:17:21","slug":"compliance","status":"publish","type":"page","link":"https:\/\/the-rsgroup.com\/de\/compliance\/","title":{"rendered":"Compliance"},"content":{"rendered":"<div class=\"wpb-content-wrapper\"><p>[vc_section full_width=&#8220;stretch_row&#8220; content_placement=&#8220;middle&#8220; min_height=&#8220;480&#8243; css=&#8220;.vc_custom_1764209699613{background-image: url(https:\/\/the-rsgroup.com\/wp-content\/uploads\/2025\/11\/Compliance_background_mont.jpg?id=29448) !important;background-position: center !important;background-repeat: no-repeat !important;background-size: cover !important;}&#8220; el_class=&#8220;inner-page-banner-section&#8220;][vc_row][vc_column][apress_heading sub_title=&#8220;Verantwortung als Prinzip&#8220; content_alignment=&#8220;left&#8220; data_animation=&#8220;fadeInRight&#8220; enable_delimiter=&#8220;&#8220; style=&#8220;heading_style1&#8243; title_font_options=&#8220;tag:h1&#8243; subtitle_font_options=&#8220;tag:div&#8220;]Compliance bei der R&amp;S Group[\/apress_heading][\/vc_column][\/vc_row][\/vc_section][vc_row full_width=&#8220;stretch_row&#8220; content_placement=&#8220;middle&#8220; css=&#8220;.vc_custom_1763526145060{padding-top: 20px !important;padding-bottom: 40px !important;background-color: #FFFFFF !important;background-position: center !important;background-repeat: no-repeat !important;background-size: cover !important;}&#8220; min_height=&#8220;480&#8243; el_class=&#8220;page-title-section mx-0&#8243; el_id=&#8220;indus_row2&#8243; responsive_css=&#8220;padding_top_smartphones:0px|padding_top_small:0px&#8220;][vc_column apress_zindex=&#8220;9&#8243; el_class=&#8220;custom_sidebar high_zIndex&#8220;][apress_heading sub_title=&#8220;&#8220; content_alignment=&#8220;left&#8220; enable_delimiter=&#8220;&#8220; color_scheme=&#8220;design_your_own&#8220; main_heading_color=&#8220;#6980B4&#8243; style=&#8220;heading_style1&#8243; title_font_options=&#8220;tag:h2|font_size:46|line_height:50|letter_spacing:1&#8243; subtitle_font_options=&#8220;tag:div|color:%23ffffff&#8220; heading_margin=&#8220;margin-top:10|margin-bottom:30&#8243; class=&#8220;heading-custom&#8220;]Compliance bedeutet f\u00fcr uns mehr als Regelkonformit\u00e4t \u2013 sie steht f\u00fcr eine Unternehmenskultur, in der Werte, Integrit\u00e4t und verantwortungsvolles Handeln den Rahmen f\u00fcr jede Entscheidung und jede Zusammenarbeit bilden.[\/apress_heading][vc_column_text css=&#8220;&#8220;]Eine Unternehmenskultur, die ethische Grunds\u00e4tze und Werte ins Zentrum stellt, ist ein wichtiges Fundament f\u00fcr jedes Unternehmen. Bei R&amp;S haben wir uns zu h\u00f6chsten Standards verpflichtet, nicht nur bez\u00fcglich der Produkte, die wir f\u00fcr unsere Kunden entwickeln und bauen, sondern auch in der Art und Weise, wie wir intern und mit externen Interessengruppen zusammenarbeiten.<br \/>\n<strong>Erfahren Sie mehr dar\u00fcber in unserem Verhaltenskodex.<\/strong>[\/vc_column_text][vc_single_image image=&#8220;29462&#8243; img_size=&#8220;medium&#8220; alignment=&#8220;center&#8220; onclick=&#8220;custom_link&#8220; img_link_target=&#8220;_blank&#8220; css=&#8220;&#8220; link=&#8220;https:\/\/the-rsgroup.com\/wp-content\/uploads\/2025\/11\/20250613-Code-of-Conduct_RS-Group_DE_final_signed.pdf&#8220;][vc_column_text css=&#8220;&#8220;]<\/p>\n<h3><strong>Hinweise melden \u2013 vertraulich und verantwortungsvoll<\/strong><\/h3>\n<p>Mitarbeitenden wie auch externen Stakeholdern steht zudem die Speak Up Line als Meldekanal zur Verf\u00fcgung. Die Speak Up Line ist ein sicherer Kanal, \u00fcber den online Hinweise gegeben werden k\u00f6nnen, bei Bedarf auch in anonymer Form. Die Speak Up Line ist in allen vier Untenehmens-Sprachen verf\u00fcgbar.<\/p>\n<p><a href=\"https:\/\/app.sygnanet.pl\/the-rsgroup\/de\" target=\"_blank\" rel=\"noopener\">https:\/\/app.sygnanet.pl\/the-rsgroup\/de<\/a><\/p>\n<p>Alle Meldungen werden von der Legal &amp; Compliance-Abteilung der R&amp;S Gruppe bearbeitet und mit h\u00f6chster Vertraulichkeit behandelt. Mitarbeitende, die Meldung erstatten, geniessen besonderen Schutz gem\u00e4ss den jeweils geltenden lokalen gesetzlichen Vorgaben.<\/p>\n<p><strong>Kontakt:<\/strong><\/p>\n<p>Beda Br\u00fclhart<br \/>\nGroup General Counsel &amp; Compliance Officer<\/p>\n<p>R&amp;S Group Holding AG<br \/>\nc\/o R&amp;S International Holding AG<br \/>\nReuslistrasse 32<br \/>\nCH-4450 Sissach<br \/>\nSchweiz<\/p>\n<p><a href=\"beda.bruelhart@the-rsgroup.com\">beda.bruelhart(at)the-rsgroup.com<\/a>[\/vc_column_text][\/vc_column][\/vc_row]<\/p>\n<\/div>","protected":false},"excerpt":{"rendered":"<p>[vc_section full_width=&#8220;stretch_row&#8220; content_placement=&#8220;middle&#8220; min_height=&#8220;480&#8243; css=&#8220;.vc_custom_1764209699613{background-image: url(https:\/\/the-rsgroup.com\/wp-content\/uploads\/2025\/11\/Compliance_background_mont.jpg?id=29448) !important;background-position: center !important;background-repeat: no-repeat !important;background-size: cover !important;}&#8220; el_class=&#8220;inner-page-banner-section&#8220;][vc_row][vc_column][apress_heading sub_title=&#8220;Verantwortung als Prinzip&#8220; content_alignment=&#8220;left&#8220; data_animation=&#8220;fadeInRight&#8220; enable_delimiter=&#8220;&#8220; style=&#8220;heading_style1&#8243; title_font_options=&#8220;tag:h1&#8243; subtitle_font_options=&#8220;tag:div&#8220;]Compliance bei der R&amp;S Group[\/apress_heading][\/vc_column][\/vc_row][\/vc_section][vc_row full_width=&#8220;stretch_row&#8220; content_placement=&#8220;middle&#8220; css=&#8220;.vc_custom_1763526145060{padding-top: 20px !important;padding-bottom: 40px !important;background-color: #FFFFFF !important;background-position: center !important;background-repeat: no-repeat !important;background-size:&hellip;<\/p>\n","protected":false},"author":14,"featured_media":0,"parent":0,"menu_order":0,"comment_status":"closed","ping_status":"closed","template":"template-fullwidth-page.php","meta":{"_acf_changed":false,"_monsterinsights_skip_tracking":false,"_monsterinsights_sitenote_active":false,"_monsterinsights_sitenote_note":"","_monsterinsights_sitenote_category":0,"footnotes":""},"class_list":["post-29497","page","type-page","status-publish","hentry"],"acf":[],"_links":{"self":[{"href":"https:\/\/the-rsgroup.com\/de\/wp-json\/wp\/v2\/pages\/29497","targetHints":{"allow":["GET"]}}],"collection":[{"href":"https:\/\/the-rsgroup.com\/de\/wp-json\/wp\/v2\/pages"}],"about":[{"href":"https:\/\/the-rsgroup.com\/de\/wp-json\/wp\/v2\/types\/page"}],"author":[{"embeddable":true,"href":"https:\/\/the-rsgroup.com\/de\/wp-json\/wp\/v2\/users\/14"}],"replies":[{"embeddable":true,"href":"https:\/\/the-rsgroup.com\/de\/wp-json\/wp\/v2\/comments?post=29497"}],"version-history":[{"count":7,"href":"https:\/\/the-rsgroup.com\/de\/wp-json\/wp\/v2\/pages\/29497\/revisions"}],"predecessor-version":[{"id":29540,"href":"https:\/\/the-rsgroup.com\/de\/wp-json\/wp\/v2\/pages\/29497\/revisions\/29540"}],"wp:attachment":[{"href":"https:\/\/the-rsgroup.com\/de\/wp-json\/wp\/v2\/media?parent=29497"}],"curies":[{"name":"wp","href":"https:\/\/api.w.org\/{rel}","templated":true}]}}