{"id":30637,"date":"2025-12-09T09:04:44","date_gmt":"2025-12-09T09:04:44","guid":{"rendered":"https:\/\/the-rsgroup.com\/?page_id=30637"},"modified":"2025-12-20T01:26:34","modified_gmt":"2025-12-20T01:26:34","slug":"tesar-gulf","status":"publish","type":"page","link":"https:\/\/the-rsgroup.com\/de\/tesar\/tesar-gulf\/","title":{"rendered":"Tesar Gulf"},"content":{"rendered":"<div class=\"wpb-content-wrapper\"><p>[vc_section full_width=&#8220;stretch_row&#8220; content_placement=&#8220;middle&#8220; min_height=&#8220;480&#8243; css=&#8220;.vc_custom_1766193990898{background-image: url(https:\/\/the-rsgroup.com\/wp-content\/uploads\/2025\/12\/Tesar_Gulf_Header.webp?id=31661) !important;background-position: center !important;background-repeat: no-repeat !important;background-size: cover !important;}&#8220; el_class=&#8220;inner-page-banner-section&#8220;][vc_row][vc_column][apress_heading sub_title=&#8220;Gie\u00dfharz-Trockentransformatoren f\u00fcr die Golfregion&#8220; content_alignment=&#8220;left&#8220; data_animation=&#8220;fadeInRight&#8220; enable_delimiter=&#8220;&#8220; style=&#8220;heading_style1&#8243; title_font_options=&#8220;tag:h1&#8243; subtitle_font_options=&#8220;tag:div&#8220;]Tesar Gulf[\/apress_heading][\/vc_column][\/vc_row][\/vc_section][vc_row css=&#8220;.vc_custom_1754110673091{padding-top: 80px !important;padding-bottom: 80px !important;}&#8220;][vc_column apress_zindex=&#8220;9&#8243; el_class=&#8220;custom_sidebar high_zIndex&#8220;][apress_heading sub_title=&#8220;&#8220; content_alignment=&#8220;left&#8220; enable_delimiter=&#8220;&#8220; color_scheme=&#8220;color_scheme2&#8243; style=&#8220;heading_style1&#8243; title_font_options=&#8220;tag:h2|letter_spacing:1&#8243; subtitle_font_options=&#8220;tag:div&#8220; heading_margin=&#8220;margin-bottom:30&#8243; class=&#8220;heading-custom&#8220;]Tesar Gulf \u2013 Lokale Fertigung f\u00fcr anspruchsvolle Klimazonen[\/apress_heading][vc_column_text css=&#8220;.vc_custom_1766193496548{margin-bottom: 0px !important;}&#8220;]Tesar Gulf mit Produktionsstandort in Al Ain (Vereinigte Arabische Emirate) entwickelt und fertigt seit 2012 Gie\u00dfharztransformatoren (Trockentransformatoren) f\u00fcr Mittelspannungsanwendungen in der Golfregion und dem erweiterten Mittleren Osten. Als Teil der Tesar Gruppe verbindet Tesar Gulf europ\u00e4ische Engineering-Kompetenz mit lokaler Fertigung \u2013 speziell ausgelegt f\u00fcr hohe Umgebungstemperaturen, W\u00fcstenklima, K\u00fcstenn\u00e4he und korrosive Umgebungen.<br \/>\nDie lokale Pr\u00e4senz st\u00e4rkt die Kundenn\u00e4he und den Service in den VAE sowie im gesamten Mittleren Osten. Der Standort in Al Ain ist darauf ausgerichtet, Infrastrukturprojekte, Versorgungsunternehmen und industrielle Anwender in den GCC-Staaten und angrenzenden M\u00e4rkten auf kurzen Wegen, mit normkonformen Transformatorl\u00f6sungen zu unterst\u00fctzen.<\/p>\n<p>Seit 2016 ist das Tesar Teil der international erfolgreichen R&amp;S Gruppe, einem f\u00fchrenden Anbieter von elektrischen Infrastrukturprodukten in globalen Schl\u00fcsselm\u00e4rkten. Der Kundenstamm reicht von Erzeugern erneuerbarer Energien (Wind- und Solarparks) \u00fcber regionale und \u00fcberregionale \u00dcbertragungs- und Verteilnetzbetreiber bis hin zu Kunden aus unterschiedlichsten Industrie- und Infrastrukturbereichen \u2013 darunter Planer und Betreiber von Datacentern, Bahnstromversorgungen, Chemie- und Produktionsbetrieben, Gro\u00dfkliniken, Flugh\u00e4fen, Metro- und Stra\u00dfenbahnsystemen sowie Ladeinfrastruktur f\u00fcr die Elektromobilit\u00e4t und vieles mehr.[\/vc_column_text][\/vc_column][\/vc_row][vc_row css=&#8220;.vc_custom_1764930440890{padding-top: 80px !important;padding-bottom: 80px !important;background-color: #E6E7E9 !important;}&#8220;][vc_column][apress_heading sub_title=&#8220;&#8220; content_alignment=&#8220;left&#8220; enable_delimiter=&#8220;&#8220; color_scheme=&#8220;color_scheme2&#8243; style=&#8220;heading_style5&#8243; title_font_options=&#8220;tag:h2|letter_spacing:0&#8243; subtitle_font_options=&#8220;tag:div|letter_spacing:3&#8243;]Lieferportfolio Tesar Gulf[\/apress_heading][vc_row_inner el_class=&#8220;location-expertise-section brand-page&#8220;][vc_column_inner][apress_heading sub_title=&#8220;&#8220; content_alignment=&#8220;left&#8220; enable_delimiter=&#8220;&#8220; color_scheme=&#8220;color_scheme2&#8243; style=&#8220;heading_style5&#8243; title_font_options=&#8220;tag:h2|letter_spacing:0&#8243; subtitle_font_options=&#8220;tag:div|letter_spacing:3&#8243;]Gie\u00dfharztransformatoren (Trockentransformatoren) [\/apress_heading][vc_column_text css=&#8220;&#8220;]bis 3.150 kVA und 33 kV f\u00fcr Mittelspannungsnetze, Datencenter sowie andere Industrie- und Infrastrukturprojekte[\/vc_column_text][\/vc_column_inner][\/vc_row_inner][vc_row_inner el_class=&#8220;location-expertise-section brand-page&#8220;][vc_column_inner][apress_heading sub_title=&#8220;&#8220; content_alignment=&#8220;left&#8220; enable_delimiter=&#8220;&#8220; color_scheme=&#8220;color_scheme2&#8243; style=&#8220;heading_style5&#8243; title_font_options=&#8220;tag:h2|letter_spacing:0&#8243; subtitle_font_options=&#8220;tag:div|letter_spacing:3&#8243;]Service &amp; Support \u2013 L\u00f6sungen aus einer Hand[\/apress_heading][vc_column_text css=&#8220;&#8220;]Tesar Gulf bietet technischen Support und projektspezifische Unterst\u00fctzung rund um Gie\u00dfharz-Trockentransformatoren sowie Strom- und Spannungswandler f\u00fcr die Golfregion. Engineering- und Service-Teams begleiten Projekte von der Auslegung und Spezifikation \u00fcber die Unterst\u00fctzung bei regionalen Normen und Netzanforderungen bis hin zur Inbetriebnahme. Erg\u00e4nzend stehen Diagnose-, Modernisierungs- und Serviceleistungen \u00fcber den gesamten Lebenszyklus der installierten Transformatoren zur Verf\u00fcgung \u2013 abgestimmt auf die Bed\u00fcrfnisse von Energieversorgern, Industrie, Infrastrukturbetreibern und EPC-Partnern in den GCC-Staaten und angrenzenden M\u00e4rkten.[\/vc_column_text][\/vc_column_inner][\/vc_row_inner][\/vc_column][\/vc_row][vc_row full_width=&#8220;stretch_row_content&#8220; content_placement=&#8220;middle&#8220; bg_type=&#8220;image&#8220; parallax_style=&#8220;vcpb-default&#8220; bg_image_new=&#8220;id^31480|url^https:\/\/the-rsgroup.com\/wp-content\/uploads\/2025\/12\/Frederico_Bianchini_2048_680.jpg|caption^null|alt^null|title^Frederico_Bianchini_2048_680|description^null&#8220; bg_image_repeat=&#8220;no-repeat&#8220; bg_override=&#8220;full&#8220; css=&#8220;.vc_custom_1765801767525{padding-top: 50px !important;padding-bottom: 100px !important;background-position: center !important;background-repeat: no-repeat !important;background-size: cover !important;}&#8220; el_class=&#8220;full-width-content-section testimonial&#8220; el_id=&#8220;row3&#8243;][vc_column][vc_row_inner][vc_column_inner][vc_single_image image=&#8220;31470&#8243; img_size=&#8220;full&#8220; css=&#8220;&#8220; el_class=&#8220;test-desktop-hide&#8220;][vc_column_text css=&#8220;&#8220; el_class=&#8220;full-width-content full-width-content-left tesar&#8220;]<\/p>\n<h5>Jeder Guss ein Qualit\u00e4tsversprechen<\/h5>\n<p><em>\u201e<i>Beim Vergie\u00dfen unserer Wicklungen z\u00e4hlt jede Sekunde \u2013 unsere Erfahrung macht den Unterschied in Sicherheit und Langlebigkeit.\u201c<\/i><br \/>\n<\/em><\/p>\n<h6>Volodymyr Zaytsev, Expert Research &amp; Development Engineering, Tesar Italia<\/h6>\n<p>[\/vc_column_text][\/vc_column_inner][\/vc_row_inner][\/vc_column][\/vc_row]<\/p>\n<\/div>","protected":false},"excerpt":{"rendered":"<p>[vc_section full_width=&#8220;stretch_row&#8220; content_placement=&#8220;middle&#8220; min_height=&#8220;480&#8243; css=&#8220;.vc_custom_1766193990898{background-image: url(https:\/\/the-rsgroup.com\/wp-content\/uploads\/2025\/12\/Tesar_Gulf_Header.webp?id=31661) !important;background-position: center !important;background-repeat: no-repeat !important;background-size: cover !important;}&#8220; el_class=&#8220;inner-page-banner-section&#8220;][vc_row][vc_column][apress_heading sub_title=&#8220;Gie\u00dfharz-Trockentransformatoren f\u00fcr die Golfregion&#8220; content_alignment=&#8220;left&#8220; data_animation=&#8220;fadeInRight&#8220; enable_delimiter=&#8220;&#8220; style=&#8220;heading_style1&#8243; title_font_options=&#8220;tag:h1&#8243; subtitle_font_options=&#8220;tag:div&#8220;]Tesar Gulf[\/apress_heading][\/vc_column][\/vc_row][\/vc_section][vc_row css=&#8220;.vc_custom_1754110673091{padding-top: 80px !important;padding-bottom: 80px !important;}&#8220;][vc_column apress_zindex=&#8220;9&#8243; el_class=&#8220;custom_sidebar high_zIndex&#8220;][apress_heading sub_title=&#8220;&#8220; content_alignment=&#8220;left&#8220; enable_delimiter=&#8220;&#8220; color_scheme=&#8220;color_scheme2&#8243; style=&#8220;heading_style1&#8243; title_font_options=&#8220;tag:h2|letter_spacing:1&#8243; subtitle_font_options=&#8220;tag:div&#8220;&hellip;<\/p>\n","protected":false},"author":14,"featured_media":0,"parent":8373,"menu_order":0,"comment_status":"closed","ping_status":"closed","template":"template-fullwidth-page.php","meta":{"_acf_changed":false,"_monsterinsights_skip_tracking":false,"_monsterinsights_sitenote_active":false,"_monsterinsights_sitenote_note":"","_monsterinsights_sitenote_category":0,"footnotes":""},"class_list":["post-30637","page","type-page","status-publish","hentry"],"acf":[],"_links":{"self":[{"href":"https:\/\/the-rsgroup.com\/de\/wp-json\/wp\/v2\/pages\/30637","targetHints":{"allow":["GET"]}}],"collection":[{"href":"https:\/\/the-rsgroup.com\/de\/wp-json\/wp\/v2\/pages"}],"about":[{"href":"https:\/\/the-rsgroup.com\/de\/wp-json\/wp\/v2\/types\/page"}],"author":[{"embeddable":true,"href":"https:\/\/the-rsgroup.com\/de\/wp-json\/wp\/v2\/users\/14"}],"replies":[{"embeddable":true,"href":"https:\/\/the-rsgroup.com\/de\/wp-json\/wp\/v2\/comments?post=30637"}],"version-history":[{"count":6,"href":"https:\/\/the-rsgroup.com\/de\/wp-json\/wp\/v2\/pages\/30637\/revisions"}],"predecessor-version":[{"id":31667,"href":"https:\/\/the-rsgroup.com\/de\/wp-json\/wp\/v2\/pages\/30637\/revisions\/31667"}],"up":[{"embeddable":true,"href":"https:\/\/the-rsgroup.com\/de\/wp-json\/wp\/v2\/pages\/8373"}],"wp:attachment":[{"href":"https:\/\/the-rsgroup.com\/de\/wp-json\/wp\/v2\/media?parent=30637"}],"curies":[{"name":"wp","href":"https:\/\/api.w.org\/{rel}","templated":true}]}}