{"id":30649,"date":"2025-12-09T09:16:06","date_gmt":"2025-12-09T09:16:06","guid":{"rendered":"https:\/\/the-rsgroup.com\/?page_id=30649"},"modified":"2026-01-06T10:08:30","modified_gmt":"2026-01-06T10:08:30","slug":"tesar-italia","status":"publish","type":"page","link":"https:\/\/the-rsgroup.com\/de\/tesar\/tesar-italia\/","title":{"rendered":"Tesar Italia"},"content":{"rendered":"<div class=\"wpb-content-wrapper\"><p>[vc_section full_width=&#8220;stretch_row&#8220; content_placement=&#8220;middle&#8220; min_height=&#8220;480&#8243; css=&#8220;.vc_custom_1767694105400{background-image: url(https:\/\/the-rsgroup.com\/wp-content\/uploads\/2025\/12\/Tesar_italia_header.webp?id=31684) !important;background-position: center !important;background-repeat: no-repeat !important;background-size: cover !important;}&#8220; el_class=&#8220;inner-page-banner-section center-bottom&#8220;][vc_row][vc_column][apress_heading sub_title=&#8220;Der Spezialist f\u00fcr Gie\u00dfharz-Trockentransformatoren&#8220; content_alignment=&#8220;left&#8220; data_animation=&#8220;fadeInRight&#8220; enable_delimiter=&#8220;&#8220; style=&#8220;heading_style1&#8243; title_font_options=&#8220;tag:h1&#8243; subtitle_font_options=&#8220;tag:div&#8220;]Tesar Italia[\/apress_heading][\/vc_column][\/vc_row][\/vc_section][vc_row css=&#8220;.vc_custom_1754110673091{padding-top: 80px !important;padding-bottom: 80px !important;}&#8220;][vc_column apress_zindex=&#8220;9&#8243; el_class=&#8220;custom_sidebar high_zIndex&#8220;][apress_heading sub_title=&#8220;&#8220; content_alignment=&#8220;left&#8220; enable_delimiter=&#8220;&#8220; color_scheme=&#8220;color_scheme2&#8243; style=&#8220;heading_style1&#8243; title_font_options=&#8220;tag:h2|letter_spacing:1&#8243; subtitle_font_options=&#8220;tag:div&#8220; heading_margin=&#8220;margin-bottom:30&#8243; class=&#8220;heading-custom&#8220;]Tesar Italia \u2013 Pionier f\u00fcr Gie\u00dfharztransformatoren seit 1979[\/apress_heading][vc_column_text css=&#8220;.vc_custom_1766193513559{margin-bottom: 0px !important;}&#8220;]Die Tesar Gruppe, mit Hauptsitz in Subbiano, Italien und weiteren Produktionsst\u00e4tten in Polen und den Vereinigten Arabischen Emiraten, entwickelt und produziert seit \u00fcber 40 Jahren hochqualitative Gie\u00dfharztransformatoren sowie Strom- und Spannungswandler. Als erstes italienisches Unternehmen und einer der Pioniere Europas f\u00fchrte Tesar bereits 1979 die Technologie der giessharzisolierten Trockentransformatoren erfolgreich ein \u2013 mit heute \u00fcber 100.000 installierten Transformatoren weltweit. \u00a0Tesar Italia ist aktiv in europ\u00e4ischen und internationalen Normungsgremien vertreten und arbeitet eng mit Versorgern und Betreibern zusammen \u2013 von speziellen L\u00f6sungen f\u00fcr die Lagunenstadt Venedig (\u201eAcqua alta\u201c-geeignete Transformatoren) bis hin zu Gro\u00dfprojekten wie Stadien der Fu\u00dfball-WM 2022 in Katar.<\/p>\n<p>Zertifizierte Managementsysteme (ISO 9001, ISO 14001, ISO 45001) und moderne Fertigungs- und Pr\u00fcfanlagen sichern gleichbleibend hohe Produktqualit\u00e4t \u2013 \u201eItalian Engineering\u201c f\u00fcr weltweite Projekte.<\/p>\n<p>Seit 2016 ist das traditionsreiche Unternehmen Teil der international erfolgreichen R&amp;S Gruppe, einem f\u00fchrenden Anbieter von elektrischen Infrastrukturprodukten in globalen Schl\u00fcsselm\u00e4rkten. Der Kundenstamm reicht von Erzeugern erneuerbarer Energien (Wind- und Solarparks) \u00fcber regionale und \u00fcberregionale \u00dcbertragungs- und Verteilnetzbetreiber bis hin zu Kunden aus unterschiedlichsten Industrie- und Infrastrukturbereichen \u2013 darunter Planer und Betreiber von Datacentern, Bahnstromversorgungen, Chemie- und Produktionsbetrieben, Gro\u00dfkliniken, Flugh\u00e4fen, Metro- und Stra\u00dfenbahnsystemen sowie Ladeinfrastruktur f\u00fcr die Elektromobilit\u00e4t und vieles mehr.[\/vc_column_text][\/vc_column][\/vc_row][vc_row css=&#8220;.vc_custom_1764930440890{padding-top: 80px !important;padding-bottom: 80px !important;background-color: #E6E7E9 !important;}&#8220;][vc_column][apress_heading sub_title=&#8220;&#8220; content_alignment=&#8220;left&#8220; enable_delimiter=&#8220;&#8220; color_scheme=&#8220;color_scheme2&#8243; style=&#8220;heading_style5&#8243; title_font_options=&#8220;tag:h2|letter_spacing:0&#8243; subtitle_font_options=&#8220;tag:div|letter_spacing:3&#8243;]Lieferportfolio:[\/apress_heading][vc_row_inner el_class=&#8220;location-expertise-section brand-page&#8220;][vc_column_inner][apress_heading sub_title=&#8220;&#8220; content_alignment=&#8220;left&#8220; enable_delimiter=&#8220;&#8220; color_scheme=&#8220;color_scheme2&#8243; style=&#8220;heading_style5&#8243; title_font_options=&#8220;tag:h2|letter_spacing:0&#8243; subtitle_font_options=&#8220;tag:div|letter_spacing:3&#8243;]Gie\u00dfharztransformatoren (Trockentransformatoren)[\/apress_heading][vc_column_text css=&#8220;&#8220;]bis zu 25 MVA und 52 kV\u00a0Spezialausf\u00fchrungen f\u00fcr Datencenter, H\u00e4fen, Bahn, Tunnel, Offshore, Rechenzentren und kritische Infrastruktur\u00a0L\u00f6sungen f\u00fcr erneuerbare Energien (Wind, Solar\/PV, BESS) und industrielle Anwendungen\u00a0<strong>Strom- und Spannungswandler f\u00fcr Mittelspannungsanwendungen<\/strong>[\/vc_column_text][\/vc_column_inner][\/vc_row_inner][vc_row_inner el_class=&#8220;location-expertise-section brand-page&#8220;][vc_column_inner][apress_heading sub_title=&#8220;&#8220; content_alignment=&#8220;left&#8220; enable_delimiter=&#8220;&#8220; color_scheme=&#8220;color_scheme2&#8243; style=&#8220;heading_style5&#8243; title_font_options=&#8220;tag:h2|letter_spacing:0&#8243; subtitle_font_options=&#8220;tag:div|letter_spacing:3&#8243;]Service &amp; Support \u2013 L\u00f6sungen aus einer Hand[\/apress_heading][vc_column_text css=&#8220;&#8220;]Tesar Italia bietet umfassenden Service und technischen Support rund um Gie\u00dfharztransformatoren sowie Strom- und Spannungswandler. Expertenteams unterst\u00fctzen Projekte von Auslegung und Spezifikation \u00fcber Normen- und Typenauswahl bis hin zur Inbetriebnahme \u2013 und stehen dar\u00fcber hinaus f\u00fcr Diagnose, Modernisierung und Service \u00fcber den gesamten Lebenszyklus der Anlagen zur Verf\u00fcgung.[\/vc_column_text][\/vc_column_inner][\/vc_row_inner][\/vc_column][\/vc_row][vc_row full_width=&#8220;stretch_row_content&#8220; content_placement=&#8220;middle&#8220; bg_type=&#8220;image&#8220; parallax_style=&#8220;vcpb-default&#8220; bg_image_new=&#8220;id^31480|url^https:\/\/the-rsgroup.com\/wp-content\/uploads\/2025\/12\/Frederico_Bianchini_2048_680.jpg|caption^null|alt^null|title^Frederico_Bianchini_2048_680|description^null&#8220; bg_image_repeat=&#8220;no-repeat&#8220; bg_override=&#8220;full&#8220; css=&#8220;.vc_custom_1765801482038{padding-top: 50px !important;padding-bottom: 100px !important;background-position: center !important;background-repeat: no-repeat !important;background-size: cover !important;}&#8220; el_class=&#8220;full-width-content-section testimonial&#8220; el_id=&#8220;row3&#8243;][vc_column][vc_row_inner][vc_column_inner][vc_single_image image=&#8220;31470&#8243; img_size=&#8220;full&#8220; css=&#8220;&#8220; el_class=&#8220;test-desktop-hide&#8220;][vc_column_text css=&#8220;&#8220; el_class=&#8220;full-width-content full-width-content-left tesar&#8220;]<\/p>\n<h5>Jeder Guss ein Qualit\u00e4tsversprechen<\/h5>\n<p><em>\u201e<i>Beim Vergie\u00dfen unserer Wicklungen z\u00e4hlt jede Sekunde \u2013 unsere Erfahrung macht den Unterschied in Sicherheit und Langlebigkeit.\u201c<\/i><br \/>\n<\/em><\/p>\n<h6>Volodymyr Zaytsev, Expert Research &amp; Development Engineering, Tesar Italia<\/h6>\n<p>[\/vc_column_text][\/vc_column_inner][\/vc_row_inner][\/vc_column][\/vc_row]<\/p>\n<\/div>","protected":false},"excerpt":{"rendered":"<p>[vc_section full_width=&#8220;stretch_row&#8220; content_placement=&#8220;middle&#8220; min_height=&#8220;480&#8243; css=&#8220;.vc_custom_1767694105400{background-image: url(https:\/\/the-rsgroup.com\/wp-content\/uploads\/2025\/12\/Tesar_italia_header.webp?id=31684) !important;background-position: center !important;background-repeat: no-repeat !important;background-size: cover !important;}&#8220; el_class=&#8220;inner-page-banner-section center-bottom&#8220;][vc_row][vc_column][apress_heading sub_title=&#8220;Der Spezialist f\u00fcr Gie\u00dfharz-Trockentransformatoren&#8220; content_alignment=&#8220;left&#8220; data_animation=&#8220;fadeInRight&#8220; enable_delimiter=&#8220;&#8220; style=&#8220;heading_style1&#8243; title_font_options=&#8220;tag:h1&#8243; subtitle_font_options=&#8220;tag:div&#8220;]Tesar Italia[\/apress_heading][\/vc_column][\/vc_row][\/vc_section][vc_row css=&#8220;.vc_custom_1754110673091{padding-top: 80px !important;padding-bottom: 80px !important;}&#8220;][vc_column apress_zindex=&#8220;9&#8243; el_class=&#8220;custom_sidebar high_zIndex&#8220;][apress_heading sub_title=&#8220;&#8220; content_alignment=&#8220;left&#8220; enable_delimiter=&#8220;&#8220; color_scheme=&#8220;color_scheme2&#8243; style=&#8220;heading_style1&#8243; title_font_options=&#8220;tag:h2|letter_spacing:1&#8243;&hellip;<\/p>\n","protected":false},"author":14,"featured_media":0,"parent":8373,"menu_order":0,"comment_status":"closed","ping_status":"closed","template":"template-fullwidth-page.php","meta":{"_acf_changed":false,"_monsterinsights_skip_tracking":false,"_monsterinsights_sitenote_active":false,"_monsterinsights_sitenote_note":"","_monsterinsights_sitenote_category":0,"footnotes":""},"class_list":["post-30649","page","type-page","status-publish","hentry"],"acf":[],"_links":{"self":[{"href":"https:\/\/the-rsgroup.com\/de\/wp-json\/wp\/v2\/pages\/30649","targetHints":{"allow":["GET"]}}],"collection":[{"href":"https:\/\/the-rsgroup.com\/de\/wp-json\/wp\/v2\/pages"}],"about":[{"href":"https:\/\/the-rsgroup.com\/de\/wp-json\/wp\/v2\/types\/page"}],"author":[{"embeddable":true,"href":"https:\/\/the-rsgroup.com\/de\/wp-json\/wp\/v2\/users\/14"}],"replies":[{"embeddable":true,"href":"https:\/\/the-rsgroup.com\/de\/wp-json\/wp\/v2\/comments?post=30649"}],"version-history":[{"count":8,"href":"https:\/\/the-rsgroup.com\/de\/wp-json\/wp\/v2\/pages\/30649\/revisions"}],"predecessor-version":[{"id":35686,"href":"https:\/\/the-rsgroup.com\/de\/wp-json\/wp\/v2\/pages\/30649\/revisions\/35686"}],"up":[{"embeddable":true,"href":"https:\/\/the-rsgroup.com\/de\/wp-json\/wp\/v2\/pages\/8373"}],"wp:attachment":[{"href":"https:\/\/the-rsgroup.com\/de\/wp-json\/wp\/v2\/media?parent=30649"}],"curies":[{"name":"wp","href":"https:\/\/api.w.org\/{rel}","templated":true}]}}