{"id":30696,"date":"2025-12-09T10:55:38","date_gmt":"2025-12-09T10:55:38","guid":{"rendered":"https:\/\/the-rsgroup.com\/?page_id=30696"},"modified":"2025-12-15T09:54:03","modified_gmt":"2025-12-15T09:54:03","slug":"rauscher-stoecklin-schweiz","status":"publish","type":"page","link":"https:\/\/the-rsgroup.com\/de\/rauscher-stoecklin\/rauscher-stoecklin-schweiz\/","title":{"rendered":"Rauscher &#038; Stoecklin Schweiz"},"content":{"rendered":"<div class=\"wpb-content-wrapper\"><p>[vc_section full_width=&#8220;stretch_row&#8220; content_placement=&#8220;middle&#8220; min_height=&#8220;480&#8243; css=&#8220;.vc_custom_1765277734452{background-image: url(https:\/\/the-rsgroup.com\/wp-content\/uploads\/2025\/12\/Header_RS_Schweiz.jpg?id=30697) !important;background-position: center !important;background-repeat: no-repeat !important;background-size: cover !important;}&#8220; el_class=&#8220;inner-page-banner-section&#8220;][vc_row][vc_column][apress_heading sub_title=&#8220;Swiss Made \u00d6lverteiltransformatoren&#8220; content_alignment=&#8220;left&#8220; data_animation=&#8220;fadeInRight&#8220; enable_delimiter=&#8220;&#8220; style=&#8220;heading_style1&#8243; title_font_options=&#8220;tag:h1&#8243; subtitle_font_options=&#8220;tag:div&#8220;]Rauscher &amp; Stoecklin Schweiz [\/apress_heading][\/vc_column][\/vc_row][\/vc_section][vc_row css=&#8220;.vc_custom_1754110673091{padding-top: 80px !important;padding-bottom: 80px !important;}&#8220;][vc_column apress_zindex=&#8220;9&#8243; el_class=&#8220;custom_sidebar high_zIndex&#8220;][apress_heading sub_title=&#8220;&#8220; content_alignment=&#8220;left&#8220; enable_delimiter=&#8220;&#8220; color_scheme=&#8220;color_scheme2&#8243; style=&#8220;heading_style1&#8243; title_font_options=&#8220;tag:h2|letter_spacing:1&#8243; subtitle_font_options=&#8220;tag:div&#8220; heading_margin=&#8220;margin-bottom:30&#8243; class=&#8220;heading-custom&#8220;]\u00d6lverteiltransformatoren f\u00fcr Energieverteilung [\/apress_heading][vc_column_text css=&#8220;.vc_custom_1765277625679{margin-bottom: 0px !important;}&#8220;]Seit der Gr\u00fcndung im Jahr 1919 steht Rauscher &amp; Stoecklin mit Sitz in Sissach (Schweiz) f\u00fcr h\u00f6chste Qualit\u00e4t und Zuverl\u00e4ssigkeit in der Herstellung von \u00d6ltransformatoren und weiteren elektrotechnischen High-End-Produkten. Mit Schweizer Pr\u00e4zision entstehen elektrotechnische Komponenten und Systeme, die auf sichere, effiziente und wirtschaftliche Stromversorgung ausgerichtet sind \u2013 von der Netzanbindung \u00fcber die Verteilung bis hin zu anspruchsvollen Infrastruktur- und Industrieanwendungen.<\/p>\n<p>Seit 2012 ist das Unternehmen Teil der international erfolgreichen R&amp;S Gruppe, einem f\u00fchrenden Anbieter von elektrischen Infrastrukturprodukten in globalen Schl\u00fcsselm\u00e4rkten. Die Verbindung aus lokaler Verankerung in der Schweiz und internationalem Fertigungs- und Engineering-Netzwerk macht Rauscher &amp; Stoecklin zu einem wichtigen Kompetenzzentrum f\u00fcr \u00d6lverteiltransformatoren innerhalb der Gruppe. Der Kundenstamm reicht von Erzeugern erneuerbarer Energien (Wind- und Solarparks) \u00fcber regionale und \u00fcberregionale \u00dcbertragungs- und Verteilnetzbetreiber bis hin zu Kunden aus unterschiedlichsten Industrie- und Infrastrukturbereichen \u2013 darunter Planer und Betreiber von Datacentern, Bahnstromversorgungen, Chemie- und Produktionsbetrieben, Gro\u00dfkliniken, Flugh\u00e4fen, Metro- und Stra\u00dfenbahnsystemen sowie Ladeinfrastruktur f\u00fcr die Elektromobilit\u00e4t und vieles mehr.[\/vc_column_text][\/vc_column][\/vc_row][vc_row css=&#8220;.vc_custom_1764930440890{padding-top: 80px !important;padding-bottom: 80px !important;background-color: #E6E7E9 !important;}&#8220;][vc_column][apress_heading sub_title=&#8220;&#8220; content_alignment=&#8220;left&#8220; enable_delimiter=&#8220;&#8220; color_scheme=&#8220;color_scheme2&#8243; style=&#8220;heading_style5&#8243; title_font_options=&#8220;tag:h2|letter_spacing:0&#8243; subtitle_font_options=&#8220;tag:div|letter_spacing:3&#8243;]Unser Lieferportfolio: [\/apress_heading][vc_row_inner el_class=&#8220;location-expertise-section brand-page&#8220;][vc_column_inner][apress_heading sub_title=&#8220;&#8220; content_alignment=&#8220;left&#8220; enable_delimiter=&#8220;&#8220; color_scheme=&#8220;color_scheme2&#8243; style=&#8220;heading_style5&#8243; title_font_options=&#8220;tag:h2|letter_spacing:0&#8243; subtitle_font_options=&#8220;tag:div|letter_spacing:3&#8243;]\u00d6l-Verteiltransformatoren [\/apress_heading][vc_column_text css=&#8220;&#8220;]bis zu 2.500 kVA und 36 kV Schaltanlagen, Freileitungsschalter, Eisenbahnschalter, industrielle elektrische Steckverbinder, sichere und zuverl\u00e4ssige Hausanschl\u00fcsse<br \/>\n[\/vc_column_text][\/vc_column_inner][\/vc_row_inner][vc_row_inner el_class=&#8220;location-expertise-section brand-page&#8220;][vc_column_inner][apress_heading sub_title=&#8220;&#8220; content_alignment=&#8220;left&#8220; enable_delimiter=&#8220;&#8220; color_scheme=&#8220;color_scheme2&#8243; style=&#8220;heading_style5&#8243; title_font_options=&#8220;tag:h2|letter_spacing:0&#8243; subtitle_font_options=&#8220;tag:div|letter_spacing:3&#8243;]Service &amp; Support \u2013 Ma\u00dfgeschneiderte L\u00f6sungen aus einer Hand [\/apress_heading][vc_column_text css=&#8220;&#8220;]Wir bieten umfassenden Service und technischen Support rund um unsere \u00d6ltransformatoren und elektrotechnischen Produkte. Unsere Experten begleiten Ihre Projekte von der Planung bis zur Inbetriebnahme und dar\u00fcber hinaus.[\/vc_column_text][\/vc_column_inner][\/vc_row_inner][\/vc_column][\/vc_row][vc_row full_width=&#8220;stretch_row_content&#8220; content_placement=&#8220;middle&#8220; bg_type=&#8220;image&#8220; parallax_style=&#8220;vcpb-default&#8220; bg_image_new=&#8220;id^27638|url^https:\/\/the-rsgroup.com\/wp-content\/uploads\/2025\/11\/Mirjana-Milinkovic_3.jpg|caption^null|alt^null|title^Mirjana-Milinkovic_3|description^null&#8220; bg_image_repeat=&#8220;no-repeat&#8220; bg_override=&#8220;full&#8220; css=&#8220;.vc_custom_1763539503638{padding-top: 50px !important;padding-bottom: 100px !important;background-position: center !important;background-repeat: no-repeat !important;background-size: cover !important;}&#8220; el_class=&#8220;full-width-content-section testimonial&#8220; el_id=&#8220;row3&#8243;][vc_column][vc_row_inner][vc_column_inner][vc_single_image image=&#8220;31347&#8243; img_size=&#8220;full&#8220; css=&#8220;&#8220; el_class=&#8220;test-desktop-hide&#8220;][vc_column_text css=&#8220;&#8220; el_class=&#8220;full-width-content full-width-content-right rs&#8220;]<\/p>\n<h5>End-to-End-Logistik, die Termine h\u00e4lt<\/h5>\n<p><em>\u201eWir steuern Material- und Informationsfl\u00fcsse end-to-end \u2013 datengetrieben, transparent und mit klaren Priorit\u00e4ten f\u00fcr planbare Durchlaufzeiten und termingerechte Auslieferungen.\u201c<\/em><\/p>\n<h6>Mirjana Milinkovic, Leiterin Logistik &amp; Produktionssteuerung, Rauscher &amp; Stoecklin AG<\/h6>\n<p>[\/vc_column_text][\/vc_column_inner][\/vc_row_inner][\/vc_column][\/vc_row]<\/p>\n<\/div>","protected":false},"excerpt":{"rendered":"<p>[vc_section full_width=&#8220;stretch_row&#8220; content_placement=&#8220;middle&#8220; min_height=&#8220;480&#8243; css=&#8220;.vc_custom_1765277734452{background-image: url(https:\/\/the-rsgroup.com\/wp-content\/uploads\/2025\/12\/Header_RS_Schweiz.jpg?id=30697) !important;background-position: center !important;background-repeat: no-repeat !important;background-size: cover !important;}&#8220; el_class=&#8220;inner-page-banner-section&#8220;][vc_row][vc_column][apress_heading sub_title=&#8220;Swiss Made \u00d6lverteiltransformatoren&#8220; content_alignment=&#8220;left&#8220; data_animation=&#8220;fadeInRight&#8220; enable_delimiter=&#8220;&#8220; style=&#8220;heading_style1&#8243; title_font_options=&#8220;tag:h1&#8243; subtitle_font_options=&#8220;tag:div&#8220;]Rauscher &amp; Stoecklin Schweiz [\/apress_heading][\/vc_column][\/vc_row][\/vc_section][vc_row css=&#8220;.vc_custom_1754110673091{padding-top: 80px !important;padding-bottom: 80px !important;}&#8220;][vc_column apress_zindex=&#8220;9&#8243; el_class=&#8220;custom_sidebar high_zIndex&#8220;][apress_heading sub_title=&#8220;&#8220; content_alignment=&#8220;left&#8220; enable_delimiter=&#8220;&#8220; color_scheme=&#8220;color_scheme2&#8243; style=&#8220;heading_style1&#8243;&hellip;<\/p>\n","protected":false},"author":14,"featured_media":0,"parent":8343,"menu_order":0,"comment_status":"closed","ping_status":"closed","template":"template-fullwidth-page.php","meta":{"_acf_changed":false,"_monsterinsights_skip_tracking":false,"_monsterinsights_sitenote_active":false,"_monsterinsights_sitenote_note":"","_monsterinsights_sitenote_category":0,"footnotes":""},"class_list":["post-30696","page","type-page","status-publish","hentry"],"acf":[],"_links":{"self":[{"href":"https:\/\/the-rsgroup.com\/de\/wp-json\/wp\/v2\/pages\/30696","targetHints":{"allow":["GET"]}}],"collection":[{"href":"https:\/\/the-rsgroup.com\/de\/wp-json\/wp\/v2\/pages"}],"about":[{"href":"https:\/\/the-rsgroup.com\/de\/wp-json\/wp\/v2\/types\/page"}],"author":[{"embeddable":true,"href":"https:\/\/the-rsgroup.com\/de\/wp-json\/wp\/v2\/users\/14"}],"replies":[{"embeddable":true,"href":"https:\/\/the-rsgroup.com\/de\/wp-json\/wp\/v2\/comments?post=30696"}],"version-history":[{"count":3,"href":"https:\/\/the-rsgroup.com\/de\/wp-json\/wp\/v2\/pages\/30696\/revisions"}],"predecessor-version":[{"id":31429,"href":"https:\/\/the-rsgroup.com\/de\/wp-json\/wp\/v2\/pages\/30696\/revisions\/31429"}],"up":[{"embeddable":true,"href":"https:\/\/the-rsgroup.com\/de\/wp-json\/wp\/v2\/pages\/8343"}],"wp:attachment":[{"href":"https:\/\/the-rsgroup.com\/de\/wp-json\/wp\/v2\/media?parent=30696"}],"curies":[{"name":"wp","href":"https:\/\/api.w.org\/{rel}","templated":true}]}}