{"id":8021,"date":"2020-01-30T09:55:47","date_gmt":"2020-01-30T09:55:47","guid":{"rendered":"http:\/\/the-rsgroup.com\/ueber-uns"},"modified":"2026-01-15T13:43:14","modified_gmt":"2026-01-15T13:43:14","slug":"ueber-uns","status":"publish","type":"page","link":"https:\/\/the-rsgroup.com\/de\/ueber-rs\/ueber-uns\/","title":{"rendered":"\u00dcber uns"},"content":{"rendered":"<div class=\"wpb-content-wrapper\"><p>[vc_section full_width=&#8220;stretch_row&#8220; content_placement=&#8220;middle&#8220; min_height=&#8220;480&#8243; css=&#8220;.vc_custom_1759580409226{background-image: url(https:\/\/the-rsgroup.com\/wp-content\/uploads\/2019\/11\/DSC01021_smaller-scaled.jpg?id=3941) !important;background-position: center !important;background-repeat: no-repeat !important;background-size: cover !important;}&#8220; el_class=&#8220;inner-page-banner-section&#8220;][vc_row][vc_column][apress_heading sub_title=&#8220;Eine starke Gruppe mit einem brennenden Ehrgeiz&#8220; content_alignment=&#8220;left&#8220; data_animation=&#8220;fadeInRight&#8220; enable_delimiter=&#8220;&#8220; style=&#8220;heading_style1&#8243; title_font_options=&#8220;tag:h1&#8243; subtitle_font_options=&#8220;tag:div&#8220;]\u00dcber uns[\/apress_heading][\/vc_column][\/vc_row][\/vc_section][vc_row css=&#8220;.vc_custom_1754312742321{padding-top: 80px !important;padding-bottom: 50px !important;}&#8220;][vc_column apress_zindex=&#8220;9&#8243; css=&#8220;.vc_custom_1702308806458{padding-top: 0px !important;padding-bottom: 0px !important;}&#8220; el_class=&#8220;custom_sidebar high_zIndex&#8220;][apress_heading sub_title=&#8220;&#8220; content_alignment=&#8220;left&#8220; enable_delimiter=&#8220;&#8220; color_scheme=&#8220;color_scheme1&#8243; style=&#8220;heading_style6&#8243; title_font_options=&#8220;tag:h2|letter_spacing:0&#8243; subtitle_font_options=&#8220;tag:div|letter_spacing:3&#8243; heading_margin=&#8220;margin-top:10|margin-bottom:30&#8243; class=&#8220;h2-heading-custom&#8220;]We guarantee energy steht f\u00fcr:<br \/>\nQualit\u00e4t. Flexibilit\u00e4t. Verf\u00fcgbarkeit.[\/apress_heading][vc_column_text css=&#8220;&#8220;]Die R&amp;S Group bietet zuverl\u00e4ssige Transformatoren f\u00fcr die elektrische Infrastruktur f\u00fcr Nischenm\u00e4rkte weltweit. Mit dem Versprechen \u201eWe guarantee energy\u201c stehen wir nicht nur f\u00fcr innovative Technologien, sondern auch f\u00fcr Schweizer Pr\u00e4zision und Qualit\u00e4t, kurze Entscheidungswege und hohe Flexibilit\u00e4t. Unsere Kunden profitieren von einer einzigartigen Kombination aus globaler Expertise und lokaler Pr\u00e4senz, unterst\u00fctzt durch flache Hierarchien und starker lokaler Brands<br \/>\nmit ausgewiesener Marktkenntnis.<br \/>\nUnser Angebot umfasst Leistungstransformatoren, \u00d6ltransformatoren, Verteilertransformatoren sowie Gie\u00dfharztransformatoren und weitere elektrotechnische Komponenten.<\/p>\n<h4>Sehen Sie hier unseren <a href=\"https:\/\/youtu.be\/N1Vwf2dyFUE\" target=\"_blank\" rel=\"noopener\">Unternehmensfilm<\/a> und erfahren Sie mehr.<\/h4>\n<p>[\/vc_column_text][\/vc_column][\/vc_row][vc_row full_width=&#8220;stretch_row&#8220; equal_height=&#8220;yes&#8220; css=&#8220;.vc_custom_1754366812779{padding-bottom: 0px !important;}&#8220;][vc_column][vc_row_inner equal_height=&#8220;yes&#8220; gap=&#8220;35&#8243; el_class=&#8220;looking-trend-section&#8220;][vc_column_inner el_class=&#8220;custom_sidebar&#8220;][apress_gradient_icon_box icon_alignment=&#8220;left&#8220; description=&#8220;&#8220; box_bg_color=&#8220;&#8220; color_scheme=&#8220;gradient_scheme1&#8243; highlight_border_width=&#8220;0&#8243; highlight_border_color=&#8220;&#8220; border_hover_color_scheme=&#8220;gradient_scheme1&#8243; box_hover_shadow=&#8220;box_shadow_enable:disable|shadow_horizontal:0|shadow_vertical:7|shadow_blur:90|shadow_spread:-38|box_shadow_color:rgba(0%2C0%2C0%2C0.1)&#8220; icon_type=&#8220;image&#8220; icon_image=&#8220;22536&#8243; gradient_icon_size=&#8220;80&#8243; style=&#8220;iconbox_style8&#8243; title_font_options=&#8220;tag:h5&#8243; class=&#8220;no-padding&#8220;]<\/p>\n<h3>Unsere Mission<\/h3>\n<p>Elektrische Energie treibt unsere modernen Gesellschaften an und die Energiewende ver\u00e4ndert die Stromnetze, Infrastrukturen und Versorgungsstrategien weltweit \u2013 sie erfordert neue Antworten auf Effizienz, Flexibilit\u00e4t, Netzstabilit\u00e4t und Versorgungssicherheit.<\/p>\n<p>Unser Ziel ist es, Energie zu garantieren, indem wir unseren Kunden ein zuverl\u00e4ssiges Produktportfolio, unseren Mitarbeitenden ein attraktives Arbeitsumfeld und unseren Shareholdern eine best\u00e4ndige Wertsteigerung bieten.<br \/>\nUnser Anspruch ist dabei klar formuliert:<br \/>\n\u2022 Kunden erhalten termingerecht und zuverl\u00e4ssig h\u00f6chste Produktqualit\u00e4t.<br \/>\n\u2022 Mitarbeitern bieten wir ein attraktives, internationales Arbeitsumfeld.<br \/>\n\u2022 Shareholder profitieren von nachhaltiger und stabiler Wertsteigerung.[\/apress_gradient_icon_box][\/vc_column_inner][\/vc_row_inner][\/vc_column][\/vc_row][vc_row full_width=&#8220;stretch_row&#8220; equal_height=&#8220;yes&#8220; css=&#8220;.vc_custom_1754366823249{padding-top: 80px !important;padding-bottom: 0px !important;}&#8220;][vc_column][apress_heading sub_title=&#8220;&#8220; enable_delimiter=&#8220;&#8220; color_scheme=&#8220;color_scheme2&#8243; style=&#8220;heading_style5&#8243; title_font_options=&#8220;tag:h2|letter_spacing:0&#8243; subtitle_font_options=&#8220;tag:div|letter_spacing:3&#8243; heading_margin=&#8220;margin-top:10|margin-bottom:30&#8243;]Wichtige Fakten und Kennzahlen[\/apress_heading]<div class=\"ult-spacer spacer-69edce1adf5f1\" data-id=\"69edce1adf5f1\" data-height=\"30\" data-height-mobile=\"30\" data-height-tab=\"30\" data-height-tab-portrait=\"\" data-height-mobile-landscape=\"\" style=\"clear:both;display:block;\"><\/div>[vc_row_inner equal_height=&#8220;yes&#8220; gap=&#8220;35&#8243; el_class=&#8220;benefits-column-row&#8220;][vc_column_inner el_class=&#8220;custom_sidebar&#8220; width=&#8220;1\/3&#8243;][apress_gradient_icon_box description=&#8220;&#8220; box_bg_color=&#8220;&#8220; color_scheme=&#8220;gradient_scheme1&#8243; highlight_border_width=&#8220;0&#8243; highlight_border_color=&#8220;#ffffff&#8220; border_hover_color_scheme=&#8220;gradient_scheme1&#8243; box_hover_shadow=&#8220;box_shadow_enable:disable|shadow_horizontal:0|shadow_vertical:7|shadow_blur:90|shadow_spread:-38|box_shadow_color:rgba(0%2C0%2C0%2C0.1)&#8220; box_top_padding=&#8220;&#8220; box_right_padding=&#8220;&#8220; box_bottom_padding=&#8220;&#8220; box_left_padding=&#8220;&#8220; icon_type=&#8220;image&#8220; icon_image=&#8220;22549&#8243; gradient_icon_size=&#8220;70&#8243; style=&#8220;iconbox_style8&#8243; title_font_options=&#8220;tag:h5&#8243; class=&#8220;no-padding&#8220;]Hauptsitz: Sissach, Schweiz[\/apress_gradient_icon_box][vc_column_text css=&#8220;&#8220;]Mit Wurzeln in der Schweiz, zu Hause in Europa:<br \/>\nUnsere Herkunft steht f\u00fcr Werte wie Qualit\u00e4t, Zuverl\u00e4ssigkeit und Termintreue. Gleichzeitig verbinden wir diese mit der Vielfalt und Innovationskraft unserer verschiedenen europ\u00e4ischen Produktionsstandorte.[\/vc_column_text][\/vc_column_inner][vc_column_inner el_class=&#8220;custom_sidebar&#8220; width=&#8220;1\/3&#8243;][apress_gradient_icon_box description=&#8220;Unser Ruf als f\u00fchrender Hersteller von Energietechnikprodukten basiert auf dem fundierten Fachwissen unserer weltweit engagierten Teams \u2013 vereint aus verschiedenen L\u00e4ndern und Disziplinen.&#8220; box_bg_color=&#8220;&#8220; color_scheme=&#8220;gradient_scheme1&#8243; highlight_border_width=&#8220;0&#8243; highlight_border_color=&#8220;#ffffff&#8220; border_hover_color_scheme=&#8220;gradient_scheme1&#8243; box_hover_shadow=&#8220;box_shadow_enable:disable|shadow_horizontal:0|shadow_vertical:7|shadow_blur:90|shadow_spread:-38|box_shadow_color:rgba(0%2C0%2C0%2C0.1)&#8220; box_top_padding=&#8220;&#8220; box_right_padding=&#8220;&#8220; box_bottom_padding=&#8220;&#8220; box_left_padding=&#8220;&#8220; icon_type=&#8220;image&#8220; icon_image=&#8220;22555&#8243; gradient_icon_size=&#8220;70&#8243; style=&#8220;iconbox_style8&#8243; title_font_options=&#8220;tag:h5&#8243; class=&#8220;no-padding&#8220;]Mitarbeiterzahl: \u00fcber 1.000 Besch\u00e4ftigte weltweit mit hoher fachlicher Expertise.[\/apress_gradient_icon_box][\/vc_column_inner][vc_column_inner el_class=&#8220;custom_sidebar&#8220; width=&#8220;1\/3&#8243;][apress_gradient_icon_box description=&#8220;Unser Vertriebsmodell basiert auf kurzen Entscheidungswegen, flachen Hierarchien und dem Prinzip \u201eone face to the customer\u201c. Wir verstehen Garantie nicht nur als Produktversprechen, sondern als Verpflichtung gegen\u00fcber unseren Kunden.&#8220; box_bg_color=&#8220;&#8220; color_scheme=&#8220;gradient_scheme1&#8243; highlight_border_width=&#8220;0&#8243; highlight_border_color=&#8220;#ffffff&#8220; border_hover_color_scheme=&#8220;gradient_scheme1&#8243; box_hover_shadow=&#8220;box_shadow_enable:disable|shadow_horizontal:0|shadow_vertical:7|shadow_blur:90|shadow_spread:-38|box_shadow_color:rgba(0%2C0%2C0%2C0.1)&#8220; box_top_padding=&#8220;&#8220; box_right_padding=&#8220;&#8220; box_bottom_padding=&#8220;&#8220; box_left_padding=&#8220;&#8220; icon_type=&#8220;image&#8220; icon_image=&#8220;21996&#8243; gradient_icon_size=&#8220;70&#8243; style=&#8220;iconbox_style8&#8243; title_font_options=&#8220;tag:h5&#8243; class=&#8220;no-padding&#8220;]Vertrieb: Pers\u00f6nlich, verl\u00e4sslich, schnell[\/apress_gradient_icon_box][\/vc_column_inner][\/vc_row_inner][vc_row_inner equal_height=&#8220;yes&#8220; gap=&#8220;35&#8243; el_class=&#8220;benefits-column-row&#8220;][vc_column_inner el_class=&#8220;custom_sidebar&#8220; width=&#8220;1\/3&#8243;][apress_gradient_icon_box description=&#8220;Energietechnik-Produkte mit mehr als 50 Partner in \u00fcber 75 L\u00e4ndern, acht Produktionsst\u00e4tten und zehn internationale Verkaufsb\u00fcros.&#8220; box_bg_color=&#8220;&#8220; color_scheme=&#8220;gradient_scheme1&#8243; highlight_border_width=&#8220;0&#8243; highlight_border_color=&#8220;#ffffff&#8220; border_hover_color_scheme=&#8220;gradient_scheme1&#8243; box_hover_shadow=&#8220;box_shadow_enable:disable|shadow_horizontal:0|shadow_vertical:7|shadow_blur:90|shadow_spread:-38|box_shadow_color:rgba(0%2C0%2C0%2C0.1)&#8220; box_top_padding=&#8220;&#8220; box_right_padding=&#8220;&#8220; box_bottom_padding=&#8220;&#8220; box_left_padding=&#8220;&#8220; icon_type=&#8220;image&#8220; icon_image=&#8220;22561&#8243; gradient_icon_size=&#8220;70&#8243; style=&#8220;iconbox_style8&#8243; title_font_options=&#8220;tag:h5&#8243; class=&#8220;no-padding&#8220;]Globale Pr\u00e4senz:[\/apress_gradient_icon_box][\/vc_column_inner][vc_column_inner el_class=&#8220;custom_sidebar&#8220; width=&#8220;1\/3&#8243;][apress_gradient_icon_box description=&#8220;&#8220; box_bg_color=&#8220;&#8220; color_scheme=&#8220;gradient_scheme1&#8243; highlight_border_width=&#8220;0&#8243; highlight_border_color=&#8220;#ffffff&#8220; border_hover_color_scheme=&#8220;gradient_scheme1&#8243; box_hover_shadow=&#8220;box_shadow_enable:disable|shadow_horizontal:0|shadow_vertical:7|shadow_blur:90|shadow_spread:-38|box_shadow_color:rgba(0%2C0%2C0%2C0.1)&#8220; box_top_padding=&#8220;&#8220; box_right_padding=&#8220;&#8220; box_bottom_padding=&#8220;&#8220; box_left_padding=&#8220;&#8220; icon_type=&#8220;image&#8220; icon_image=&#8220;22008&#8243; gradient_icon_size=&#8220;70&#8243; style=&#8220;iconbox_style8&#8243; title_font_options=&#8220;tag:h5&#8243; class=&#8220;no-padding&#8220;]Sales &amp; EBIT:[\/apress_gradient_icon_box][vc_column_text css=&#8220;&#8220;]Sales (Stand Juni 2025): CHF 206,3 Mio.<br \/>\nEBITDA Zielsetzung (Stand Dez. 2025): 19%-21%[\/vc_column_text][\/vc_column_inner][vc_column_inner el_class=&#8220;custom_sidebar&#8220; width=&#8220;1\/3&#8243;][apress_gradient_icon_box description=&#8220;Die Unternehmen der R&amp;S-Gruppe verf\u00fcgen gemeinsam \u00fcber eine mehr als 200-j\u00e4hrige Erfahrung in der Energietechnik.&#8220; box_bg_color=&#8220;&#8220; color_scheme=&#8220;gradient_scheme1&#8243; highlight_border_width=&#8220;0&#8243; highlight_border_color=&#8220;#ffffff&#8220; border_hover_color_scheme=&#8220;gradient_scheme1&#8243; box_hover_shadow=&#8220;box_shadow_enable:disable|shadow_horizontal:0|shadow_vertical:7|shadow_blur:90|shadow_spread:-38|box_shadow_color:rgba(0%2C0%2C0%2C0.1)&#8220; box_top_padding=&#8220;&#8220; box_right_padding=&#8220;&#8220; box_bottom_padding=&#8220;&#8220; box_left_padding=&#8220;&#8220; icon_type=&#8220;image&#8220; icon_image=&#8220;22567&#8243; gradient_icon_size=&#8220;70&#8243; style=&#8220;iconbox_style8&#8243; title_font_options=&#8220;tag:h5&#8243; class=&#8220;no-padding&#8220;]Branchenerfahrung:[\/apress_gradient_icon_box][\/vc_column_inner][\/vc_row_inner][\/vc_column][\/vc_row][vc_row apress_enable_row_overlay=&#8220;&#8220; css=&#8220;.vc_custom_1702468779566{padding-top: 60px !important;padding-bottom: 40px !important;background-position: center !important;background-repeat: no-repeat !important;background-size: cover !important;}&#8220; el_class=&#8220;history&#8220;][vc_column][vc_row_inner gap=&#8220;20&#8243;][vc_column_inner][apress_heading sub_title=&#8220;&#8220; enable_delimiter=&#8220;&#8220; color_scheme=&#8220;color_scheme1&#8243; style=&#8220;heading_style5&#8243; title_font_options=&#8220;tag:h2|letter_spacing:0&#8243; subtitle_font_options=&#8220;tag:div|letter_spacing:3&#8243; heading_margin=&#8220;margin-top:10|margin-bottom:30&#8243;]Meilensteine unserer Unternehmensgeschichte[\/apress_heading]\t\t\t<!-- Cool Timeline Free V3.2 -->\n\t\t\t<div class=\"ctl-wrapper\" role=\"region\" aria-label=\"Timeline\">\n\t\t\t\t\t\t\t\t<div id=\"cool_timeline_1\" class=\"cool-timeline-wrapper ctl-one-sided ctl-vertical-wrapper\" >\n\t\t\t\t\t<div class=\"ctl-start\"><\/div>\n\t\t\t\t\t<!-- Timeline Container -->\n\t\t\t\t\t<div class=\"ctl-timeline ctl-timeline-container\" data-animation=\"fadeInUp\">\n\t\t\t\t\t\t<!-- Center Line -->\n\t\t\t\t\t\t<div class=\"ctl-inner-line\" role=\"presentation\"><\/div>\n\t\t\t\t\t\t<!-- Story Year Section --><div data-cls=\"sc-nv-light vertical\" class=\"timeline-year scrollable-section ctl-year ctl-year-container light-year\" data-section-title=\"2024\" id=\"year-2024\"><div class=\"ctl-year-label ctl-year-text\"><span>2024<\/span><\/div><\/div><!-- Timeline Content --><div  id=\"ctl-story-24232\" class=\"ctl-story ctl-story-dot-icon odd ctl-story-right\" data-aos=\"fadeInUp\"   data-story-index=\"1\" role=\"article\"><!-- Story Date --><div class=\"ctl-labels\"><div class=\"ctl-label-big story-date\">2024<\/div><\/div><!-- Story IconDot --><div class=\"ctl-icondot\"><\/div> <!-- Story Arrow --><div class=\"ctl-arrow\"><\/div><!-- Story Content --><div class=\"ctl-content\"><!-- Story Title --><div class=\"ctl-title story-24232\" aria-label=\"2\">8<\/div><!-- Story Description --><div class=\"ctl-description\"><p>\u00dcbernahme von Kyte Powertech Ltd. (Irland), Spezialist f\u00fcr Verteilertransformatoren.<\/p>\n<\/div><\/div><\/div><!-- Story Year Section --><div data-cls=\"sc-nv-light vertical\" class=\"timeline-year scrollable-section ctl-year ctl-year-container light-year\" data-section-title=\"2023\" id=\"year-2023\"><div class=\"ctl-year-label ctl-year-text\"><span>2023<\/span><\/div><\/div><!-- Timeline Content --><div  id=\"ctl-story-24224\" class=\"ctl-story ctl-story-dot-icon even ctl-story-right\" data-aos=\"fadeInUp\"   data-story-index=\"2\" role=\"article\"><!-- Story Date --><div class=\"ctl-labels\"><div class=\"ctl-label-big story-date\">2023<\/div><\/div><!-- Story IconDot --><div class=\"ctl-icondot\"><\/div> <!-- Story Arrow --><div class=\"ctl-arrow\"><\/div><!-- Story Content --><div class=\"ctl-content\"><!-- Story Title --><div class=\"ctl-title story-24224\" aria-label=\"2\">7<\/div><!-- Story Description --><div class=\"ctl-description\"><p>B\u00f6rsengang an der Schweizer B\u00f6rse SIX.<\/p>\n<\/div><\/div><\/div><!-- Story Year Section --><div data-cls=\"sc-nv-light vertical\" class=\"timeline-year scrollable-section ctl-year ctl-year-container light-year\" data-section-title=\"2020\" id=\"year-2020\"><div class=\"ctl-year-label ctl-year-text\"><span>2020<\/span><\/div><\/div><!-- Timeline Content --><div  id=\"ctl-story-24215\" class=\"ctl-story ctl-story-dot-icon odd ctl-story-right\" data-aos=\"fadeInUp\"   data-story-index=\"3\" role=\"article\"><!-- Story Date --><div class=\"ctl-labels\"><div class=\"ctl-label-big story-date\">2020<\/div><\/div><!-- Story IconDot --><div class=\"ctl-icondot\"><\/div> <!-- Story Arrow --><div class=\"ctl-arrow\"><\/div><!-- Story Content --><div class=\"ctl-content\"><!-- Story Title --><div class=\"ctl-title story-24215\" aria-label=\"2\">6<\/div><!-- Story Description --><div class=\"ctl-description\"><p>Einf\u00fchrung des neuen Markenversprechens \u201eWe guarantee energy\u201c f\u00fcr eine klare Kundenorientierung und einheitliche Gruppenidentit\u00e4t.<\/p>\n<\/div><\/div><\/div><!-- Story Year Section --><div data-cls=\"sc-nv-light vertical\" class=\"timeline-year scrollable-section ctl-year ctl-year-container light-year\" data-section-title=\"2017\" id=\"year-2017\"><div class=\"ctl-year-label ctl-year-text\"><span>2017<\/span><\/div><\/div><!-- Timeline Content --><div  id=\"ctl-story-24207\" class=\"ctl-story ctl-story-dot-icon even ctl-story-right\" data-aos=\"fadeInUp\"   data-story-index=\"4\" role=\"article\"><!-- Story Date --><div class=\"ctl-labels\"><div class=\"ctl-label-big story-date\">2017<\/div><\/div><!-- Story IconDot --><div class=\"ctl-icondot\"><\/div> <!-- Story Arrow --><div class=\"ctl-arrow\"><\/div><!-- Story Content --><div class=\"ctl-content\"><!-- Story Title --><div class=\"ctl-title story-24207\" aria-label=\"2\">5<\/div><!-- Story Description --><div class=\"ctl-description\"><p>Vision definiert als f\u00fchrender Anbieter hochwertiger elektrischer Infrastrukturprodukte.<\/p>\n<\/div><\/div><\/div><!-- Story Year Section --><div data-cls=\"sc-nv-light vertical\" class=\"timeline-year scrollable-section ctl-year ctl-year-container light-year\" data-section-title=\"2016\" id=\"year-2016\"><div class=\"ctl-year-label ctl-year-text\"><span>2016<\/span><\/div><\/div><!-- Timeline Content --><div  id=\"ctl-story-24199\" class=\"ctl-story ctl-story-dot-icon odd ctl-story-right\" data-aos=\"fadeInUp\"   data-story-index=\"5\" role=\"article\"><!-- Story Date --><div class=\"ctl-labels\"><div class=\"ctl-label-big story-date\">2016<\/div><\/div><!-- Story IconDot --><div class=\"ctl-icondot\"><\/div> <!-- Story Arrow --><div class=\"ctl-arrow\"><\/div><!-- Story Content --><div class=\"ctl-content\"><!-- Story Title --><div class=\"ctl-title story-24199\" aria-label=\"2\">4<\/div><!-- Story Description --><div class=\"ctl-description\"><p>\u00dcbernahme des italienischen Herstellers Tesar (Gie\u00dfharztransformatoren, Messwandler) mit Produktionsstandorten in Italien, Polen und VAE.<\/p>\n<\/div><\/div><\/div><!-- Story Year Section --><div data-cls=\"sc-nv-light vertical\" class=\"timeline-year scrollable-section ctl-year ctl-year-container light-year\" data-section-title=\"2015\" id=\"year-2015\"><div class=\"ctl-year-label ctl-year-text\"><span>2015<\/span><\/div><\/div><!-- Timeline Content --><div  id=\"ctl-story-24190\" class=\"ctl-story ctl-story-dot-icon even ctl-story-right\" data-aos=\"fadeInUp\"   data-story-index=\"6\" role=\"article\"><!-- Story Date --><div class=\"ctl-labels\"><div class=\"ctl-label-big story-date\">2015<\/div><\/div><!-- Story IconDot --><div class=\"ctl-icondot\"><\/div> <!-- Story Arrow --><div class=\"ctl-arrow\"><\/div><!-- Story Content --><div class=\"ctl-content\"><!-- Story Title --><div class=\"ctl-title story-24190\" aria-label=\"2\">3<\/div><!-- Story Description --><div class=\"ctl-description\"><p>Integration von ZREW (Polen), spezialisiert auf Leistungstransformatoren.<\/p>\n<\/div><\/div><\/div><!-- Story Year Section --><div data-cls=\"sc-nv-light vertical\" class=\"timeline-year scrollable-section ctl-year ctl-year-container light-year\" data-section-title=\"2014\" id=\"year-2014\"><div class=\"ctl-year-label ctl-year-text\"><span>2014<\/span><\/div><\/div><!-- Timeline Content --><div  id=\"ctl-story-24177\" class=\"ctl-story ctl-story-dot-icon odd ctl-story-right\" data-aos=\"fadeInUp\"   data-story-index=\"7\" role=\"article\"><!-- Story Date --><div class=\"ctl-labels\"><div class=\"ctl-label-big story-date\">2014<\/div><\/div><!-- Story IconDot --><div class=\"ctl-icondot\"><\/div> <!-- Story Arrow --><div class=\"ctl-arrow\"><\/div><!-- Story Content --><div class=\"ctl-content\"><!-- Story Title --><div class=\"ctl-title story-24177\" aria-label=\"2\">2<\/div><!-- Story Description --><div class=\"ctl-description\"><p>\u00dcbernahme von SERW (Tschechien), Experte f\u00fcr Mittel- und Hochspannungsschalter.<\/p>\n<\/div><\/div><\/div><!-- Story Year Section --><div data-cls=\"sc-nv-light vertical\" class=\"timeline-year scrollable-section ctl-year ctl-year-container light-year\" data-section-title=\"2012\" id=\"year-2012\"><div class=\"ctl-year-label ctl-year-text\"><span>2012<\/span><\/div><\/div><!-- Timeline Content --><div  id=\"ctl-story-24168\" class=\"ctl-story ctl-story-dot-icon even ctl-story-right\" data-aos=\"fadeInUp\"   data-story-index=\"8\" role=\"article\"><!-- Story Date --><div class=\"ctl-labels\"><div class=\"ctl-label-big story-date\">2012<\/div><\/div><!-- Story IconDot --><div class=\"ctl-icondot\"><\/div> <!-- Story Arrow --><div class=\"ctl-arrow\"><\/div><!-- Story Content --><div class=\"ctl-content\"><!-- Story Title --><div class=\"ctl-title story-24168\" aria-label=\"2\">1<\/div><!-- Story Description --><div class=\"ctl-description\"><p>Gr\u00fcndung der heutigen R&amp;S-Gruppe durch die \u00dcbernahme des Schweizer Traditionsunternehmens Rauscher &amp; Stoecklin, spezialisiert auf \u00d6l-Verteiltransformatoren und elektrotechnische Komponenten.<\/p>\n<\/div><\/div><\/div>\t\t\t\t\t<\/div>\n\t\t\t\t\t<div class=\"ctl-end\"><\/div>\n\t\t\t\t\t\t\t\t\t<\/div>\n\t\t\t<\/div>\n\t\t\t[\/vc_column_inner][\/vc_row_inner][\/vc_column][\/vc_row][vc_row apress_enable_row_overlay=&#8220;&#8220; css=&#8220;.vc_custom_1702468668816{padding-bottom: 50px !important;background-position: center !important;background-repeat: no-repeat !important;background-size: cover !important;}&#8220; el_class=&#8220;map-row&#8220;][vc_column css=&#8220;.vc_custom_1570530079001{margin-bottom: 0px !important;}&#8220;][apress_heading sub_title=&#8220;&#8220; enable_delimiter=&#8220;&#8220; color_scheme=&#8220;color_scheme1&#8243; style=&#8220;heading_style1&#8243; title_font_options=&#8220;tag:h2|font_size:35|line_height:50|letter_spacing:1&#8243; subtitle_font_options=&#8220;tag:div&#8220; subheading_margin=&#8220;margin-bottom:70&#8243;]Unsere Standorte weltweit[\/apress_heading]<div class=\"ult-spacer spacer-69edce1aeaa63\" data-id=\"69edce1aeaa63\" data-height=\"30\" data-height-mobile=\"30\" data-height-tab=\"30\" data-height-tab-portrait=\"\" data-height-mobile-landscape=\"\" style=\"clear:both;display:block;\"><\/div><div class=\"ult-spacer spacer-69edce1aeaaa0\" data-id=\"69edce1aeaaa0\" data-height=\"30\" data-height-mobile=\"30\" data-height-tab=\"30\" data-height-tab-portrait=\"\" data-height-mobile-landscape=\"\" style=\"clear:both;display:block;\"><\/div>[vc_column_text css=&#8220;.vc_custom_1758777075561{margin-bottom: 0px !important;}&#8220;]<div id=\"mapsvg-9108\" data-id=\"9108\" class=\"mapsvg\" data-autoload=\"true\" data-load-db=\"true\" data-loading-text=\"Loading map...\" style=\"width: 100%; height: 0; padding-bottom: 48.68%\"><\/div>[\/vc_column_text][\/vc_column][\/vc_row]<\/p>\n<\/div>","protected":false},"excerpt":{"rendered":"<p>[vc_section full_width=&#8220;stretch_row&#8220; content_placement=&#8220;middle&#8220; min_height=&#8220;480&#8243; css=&#8220;.vc_custom_1759580409226{background-image: url(https:\/\/the-rsgroup.com\/wp-content\/uploads\/2019\/11\/DSC01021_smaller-scaled.jpg?id=3941) !important;background-position: center !important;background-repeat: no-repeat !important;background-size: cover !important;}&#8220; el_class=&#8220;inner-page-banner-section&#8220;][vc_row][vc_column][apress_heading sub_title=&#8220;Eine starke Gruppe mit einem brennenden Ehrgeiz&#8220; content_alignment=&#8220;left&#8220; data_animation=&#8220;fadeInRight&#8220; enable_delimiter=&#8220;&#8220; style=&#8220;heading_style1&#8243; title_font_options=&#8220;tag:h1&#8243; subtitle_font_options=&#8220;tag:div&#8220;]\u00dcber uns[\/apress_heading][\/vc_column][\/vc_row][\/vc_section][vc_row css=&#8220;.vc_custom_1754312742321{padding-top: 80px !important;padding-bottom: 50px !important;}&#8220;][vc_column apress_zindex=&#8220;9&#8243; css=&#8220;.vc_custom_1702308806458{padding-top: 0px !important;padding-bottom: 0px !important;}&#8220; el_class=&#8220;custom_sidebar&hellip;<\/p>\n","protected":false},"author":5,"featured_media":0,"parent":3750,"menu_order":0,"comment_status":"closed","ping_status":"closed","template":"template-fullwidth-page.php","meta":{"_acf_changed":false,"_monsterinsights_skip_tracking":false,"_monsterinsights_sitenote_active":false,"_monsterinsights_sitenote_note":"","_monsterinsights_sitenote_category":0,"footnotes":""},"class_list":["post-8021","page","type-page","status-publish","hentry"],"acf":[],"_links":{"self":[{"href":"https:\/\/the-rsgroup.com\/de\/wp-json\/wp\/v2\/pages\/8021","targetHints":{"allow":["GET"]}}],"collection":[{"href":"https:\/\/the-rsgroup.com\/de\/wp-json\/wp\/v2\/pages"}],"about":[{"href":"https:\/\/the-rsgroup.com\/de\/wp-json\/wp\/v2\/types\/page"}],"author":[{"embeddable":true,"href":"https:\/\/the-rsgroup.com\/de\/wp-json\/wp\/v2\/users\/5"}],"replies":[{"embeddable":true,"href":"https:\/\/the-rsgroup.com\/de\/wp-json\/wp\/v2\/comments?post=8021"}],"version-history":[{"count":50,"href":"https:\/\/the-rsgroup.com\/de\/wp-json\/wp\/v2\/pages\/8021\/revisions"}],"predecessor-version":[{"id":35757,"href":"https:\/\/the-rsgroup.com\/de\/wp-json\/wp\/v2\/pages\/8021\/revisions\/35757"}],"up":[{"embeddable":true,"href":"https:\/\/the-rsgroup.com\/de\/wp-json\/wp\/v2\/pages\/3750"}],"wp:attachment":[{"href":"https:\/\/the-rsgroup.com\/de\/wp-json\/wp\/v2\/media?parent=8021"}],"curies":[{"name":"wp","href":"https:\/\/api.w.org\/{rel}","templated":true}]}}