{"id":8031,"date":"2020-01-30T10:11:51","date_gmt":"2020-01-30T10:11:51","guid":{"rendered":"http:\/\/the-rsgroup.com\/karriere"},"modified":"2025-10-04T13:28:45","modified_gmt":"2025-10-04T13:28:45","slug":"karriere","status":"publish","type":"page","link":"https:\/\/the-rsgroup.com\/de\/karriere\/","title":{"rendered":"Karriere"},"content":{"rendered":"<div class=\"wpb-content-wrapper\"><p>[vc_section full_width=&#8220;stretch_row&#8220; content_placement=&#8220;middle&#8220; min_height=&#8220;480&#8243; css=&#8220;.vc_custom_1759584342615{background-image: url(https:\/\/the-rsgroup.com\/wp-content\/uploads\/2019\/09\/shutterstock_1295894350_2.jpg?id=2227) !important;background-position: center !important;background-repeat: no-repeat !important;background-size: cover !important;}&#8220; el_class=&#8220;inner-page-banner-section&#8220;][vc_row][vc_column][apress_heading sub_title=&#8220;Entfalten Sie Ihr Potenzial &#8220; content_alignment=&#8220;left&#8220; data_animation=&#8220;fadeInRight&#8220; enable_delimiter=&#8220;&#8220; style=&#8220;heading_style1&#8243; title_font_options=&#8220;tag:h1&#8243; subtitle_font_options=&#8220;tag:div&#8220;]Karriere[\/apress_heading][\/vc_column][\/vc_row][\/vc_section][vc_row css=&#8220;.vc_custom_1758275558930{padding-top: 80px !important;padding-bottom: 80px !important;}&#8220;][vc_column apress_zindex=&#8220;9&#8243; el_class=&#8220;custom_sidebar high_zIndex&#8220;][apress_heading sub_title=&#8220;&#8220; content_alignment=&#8220;left&#8220; enable_delimiter=&#8220;&#8220; color_scheme=&#8220;color_scheme1&#8243; style=&#8220;heading_style1&#8243; title_font_options=&#8220;tag:h2|letter_spacing:1&#8243; subtitle_font_options=&#8220;tag:div&#8220; heading_margin=&#8220;margin-top:10|margin-bottom:30&#8243; class=&#8220;h2-heading-custom&#8220;]Unabh\u00e4ngig davon, ob Sie Student, Experte oder Wiedereinsteiger sind &#8211; bei R&amp;S erwarten Sie spannende Herausforderungen und M\u00f6glichkeiten, die Ihre Zukunft mit Sicherheit in Bewegung bringen werden.[\/apress_heading][vc_column_text]In unserem internationalen Umfeld mit weltweit agierenden Teams ist kein Tag wie der andere. Wir sind immer auf der Suche nach ambitionierten Pers\u00f6nlichkeiten, die unsere Vision eines vernetzten, nachhaltigen Energienetzes zum Leben erwecken k\u00f6nnen.[\/vc_column_text][\/vc_column][\/vc_row][vc_row full_width=&#8220;stretch_row&#8220; css=&#8220;.vc_custom_1758275764780{padding-top: 0px !important;padding-bottom: 80px !important;background-color: #FFFFFF !important;}&#8220; el_class=&#8220;related-product-info-box&#8220;][vc_column][vc_row_inner][vc_column_inner el_class=&#8220;custom_sidebar&#8220; width=&#8220;1\/2&#8243;]\r\n<!--Image Box Start-->\r\n<div class=\"zolo_imagebox_new_swing new_imagebox_style4\"><div class=\"zolo_imagebox_new_wrapper zolo_imagebox_new_37319697669ede525968ca new_imagebox_style4 noanimation\" data-animation =\"No Animation\" data-delay =\"500\" data-id =\"zolo_imagebox_new_37319697669ede525968ca\">\r\n    <a title=\"R&amp;S als Arbeitgeber\" href=\"\/de\/karriere\/rs-als-arbeitgeber\" target=\"_self\" rel=\"\">\r\n    <div class=\"zolo_imagebox_new_box\">\r\n        <div class=\"zolo_thumbnail\" style=\"background:url(https:\/\/the-rsgroup.com\/wp-content\/uploads\/2019\/12\/rs-employees-communicating.jpg) no-repeat center center; -moz-background-size:cover;-webkit-background-size:cover;-o-background-size:cover;-ms-background-size:cover;background-size:cover; height:300px;\"><\/div>\r\n        <div class=\"zolo_imagebox_new_content\">\r\n            <div class=\"zolo_imagebox_new_title_des\">\r\n        <h3 class=\"entry-title zolo_imagebox_new_title\" style=\"color:#000000; \">        R&amp;S als Arbeitgeber <\/h3>                <span class=\"zolo_imagebox_description\" style=\"color:#000000; \">        Wir bei R&amp;S unterst\u00fctzen Vielfalt, fortw\u00e4hrendes Lernen und Teilen. Erfahren Sie mehr \u00fcber uns als Arbeitgeber. <\/span>        <div class=\"zolo_imagebox_icon_button_element alignment_inline zolo_imagebox_icon_button_37319697669ede525968ca\"><span class=\"zolo_iconbutton_tag iconbutton_style1 button_style_none\"><span class=\"zolo_button_icon zolo_arrow_icon\"><\/span><\/span><\/div>      <\/div>\r\n    <\/div>\r\n          <\/div>\r\n    <\/a>\r\n  <\/div>\r\n<\/div><!--Image Box End-->\r\n\r\n[\/vc_column_inner][vc_column_inner el_class=&#8220;custom_sidebar&#8220; width=&#8220;1\/2&#8243;]\r\n<!--Image Box Start-->\r\n<div class=\"zolo_imagebox_new_swing new_imagebox_style4\"><div class=\"zolo_imagebox_new_wrapper zolo_imagebox_new_192655311769ede5259b867 new_imagebox_style4 noanimation\" data-animation =\"No Animation\" data-delay =\"500\" data-id =\"zolo_imagebox_new_192655311769ede5259b867\">\r\n    <a title=\"Stellenangebote\" href=\"\/de\/karriere\/stellenangebote\" target=\"_self\" rel=\"\">\r\n    <div class=\"zolo_imagebox_new_box\">\r\n        <div class=\"zolo_thumbnail\" style=\"background:url(https:\/\/the-rsgroup.com\/wp-content\/uploads\/2019\/09\/shutterstock_1206996289_2-1.jpg) no-repeat center center; -moz-background-size:cover;-webkit-background-size:cover;-o-background-size:cover;-ms-background-size:cover;background-size:cover; height:300px;\"><\/div>\r\n        <div class=\"zolo_imagebox_new_content\">\r\n            <div class=\"zolo_imagebox_new_title_des\">\r\n        <h3 class=\"entry-title zolo_imagebox_new_title\" style=\"color:#000000; \">        Stellenangebote <\/h3>                <span class=\"zolo_imagebox_description\" style=\"color:#000000; \">        Sind Sie bereit, sich einer neuen Herausforderung zu stellen? Bewerben Sie sich jetzt, um eine unserer offenen Stellen zu besetzen und Teil unseres ambitionierten Teams zu werden. <\/span>        <div class=\"zolo_imagebox_icon_button_element alignment_inline zolo_imagebox_icon_button_192655311769ede5259b867\"><span class=\"zolo_iconbutton_tag iconbutton_style1 button_style_none\"><span class=\"zolo_button_icon zolo_arrow_icon\"><\/span><\/span><\/div>      <\/div>\r\n    <\/div>\r\n          <\/div>\r\n    <\/a>\r\n  <\/div>\r\n<\/div><!--Image Box End-->\r\n\r\n[\/vc_column_inner][\/vc_row_inner][\/vc_column][\/vc_row]<\/p>\n<\/div>","protected":false},"excerpt":{"rendered":"<p>[vc_section full_width=&#8220;stretch_row&#8220; content_placement=&#8220;middle&#8220; min_height=&#8220;480&#8243; css=&#8220;.vc_custom_1759584342615{background-image: url(https:\/\/the-rsgroup.com\/wp-content\/uploads\/2019\/09\/shutterstock_1295894350_2.jpg?id=2227) !important;background-position: center !important;background-repeat: no-repeat !important;background-size: cover !important;}&#8220; el_class=&#8220;inner-page-banner-section&#8220;][vc_row][vc_column][apress_heading sub_title=&#8220;Entfalten Sie Ihr Potenzial &#8220; content_alignment=&#8220;left&#8220; data_animation=&#8220;fadeInRight&#8220; enable_delimiter=&#8220;&#8220; style=&#8220;heading_style1&#8243; title_font_options=&#8220;tag:h1&#8243; subtitle_font_options=&#8220;tag:div&#8220;]Karriere[\/apress_heading][\/vc_column][\/vc_row][\/vc_section][vc_row css=&#8220;.vc_custom_1758275558930{padding-top: 80px !important;padding-bottom: 80px !important;}&#8220;][vc_column apress_zindex=&#8220;9&#8243; el_class=&#8220;custom_sidebar high_zIndex&#8220;][apress_heading sub_title=&#8220;&#8220; content_alignment=&#8220;left&#8220; enable_delimiter=&#8220;&#8220; color_scheme=&#8220;color_scheme1&#8243; style=&#8220;heading_style1&#8243; title_font_options=&#8220;tag:h2|letter_spacing:1&#8243; subtitle_font_options=&#8220;tag:div&#8220;&hellip;<\/p>\n","protected":false},"author":1,"featured_media":0,"parent":0,"menu_order":0,"comment_status":"closed","ping_status":"closed","template":"template-fullwidth-page.php","meta":{"_acf_changed":false,"_monsterinsights_skip_tracking":false,"_monsterinsights_sitenote_active":false,"_monsterinsights_sitenote_note":"","_monsterinsights_sitenote_category":0,"footnotes":""},"class_list":["post-8031","page","type-page","status-publish","hentry"],"acf":[],"_links":{"self":[{"href":"https:\/\/the-rsgroup.com\/de\/wp-json\/wp\/v2\/pages\/8031","targetHints":{"allow":["GET"]}}],"collection":[{"href":"https:\/\/the-rsgroup.com\/de\/wp-json\/wp\/v2\/pages"}],"about":[{"href":"https:\/\/the-rsgroup.com\/de\/wp-json\/wp\/v2\/types\/page"}],"author":[{"embeddable":true,"href":"https:\/\/the-rsgroup.com\/de\/wp-json\/wp\/v2\/users\/1"}],"replies":[{"embeddable":true,"href":"https:\/\/the-rsgroup.com\/de\/wp-json\/wp\/v2\/comments?post=8031"}],"version-history":[{"count":7,"href":"https:\/\/the-rsgroup.com\/de\/wp-json\/wp\/v2\/pages\/8031\/revisions"}],"predecessor-version":[{"id":24888,"href":"https:\/\/the-rsgroup.com\/de\/wp-json\/wp\/v2\/pages\/8031\/revisions\/24888"}],"wp:attachment":[{"href":"https:\/\/the-rsgroup.com\/de\/wp-json\/wp\/v2\/media?parent=8031"}],"curies":[{"name":"wp","href":"https:\/\/api.w.org\/{rel}","templated":true}]}}