{"id":8051,"date":"2020-01-30T10:37:55","date_gmt":"2020-01-30T10:37:55","guid":{"rendered":"http:\/\/the-rsgroup.com\/karriere\/rs-als-arbeitgeber"},"modified":"2025-11-18T10:58:22","modified_gmt":"2025-11-18T10:58:22","slug":"rs-als-arbeitgeber","status":"publish","type":"page","link":"https:\/\/the-rsgroup.com\/de\/karriere\/rs-als-arbeitgeber\/","title":{"rendered":"R&#038;S als Arbeitgeber"},"content":{"rendered":"<div class=\"wpb-content-wrapper\"><p>[vc_section full_width=&#8220;stretch_row&#8220; content_placement=&#8220;middle&#8220; min_height=&#8220;480&#8243; css=&#8220;.vc_custom_1759585488217{background-image: url(https:\/\/the-rsgroup.com\/wp-content\/uploads\/2019\/12\/rs-employees-communicating.jpg?id=5076) !important;background-position: center !important;background-repeat: no-repeat !important;background-size: cover !important;}&#8220; el_class=&#8220;inner-page-banner-section&#8220;][vc_row][vc_column][apress_heading sub_title=&#8220;Wir unterst\u00fctzen Vielfalt&#8220; content_alignment=&#8220;left&#8220; data_animation=&#8220;fadeInRight&#8220; enable_delimiter=&#8220;&#8220; style=&#8220;heading_style1&#8243; title_font_options=&#8220;tag:h1&#8243; subtitle_font_options=&#8220;tag:div&#8220;]R&amp;S als Arbeitgeber[\/apress_heading][\/vc_column][\/vc_row][\/vc_section][vc_row css=&#8220;.vc_custom_1754397038214{padding-top: 80px !important;padding-bottom: 80px !important;}&#8220;][vc_column apress_zindex=&#8220;9&#8243; css=&#8220;.vc_custom_1574377236432{background-color: #ffffff !important;}&#8220; el_class=&#8220;custom_sidebar high_zIndex&#8220;][apress_heading sub_title=&#8220;&#8220; content_alignment=&#8220;left&#8220; enable_delimiter=&#8220;&#8220; color_scheme=&#8220;color_scheme1&#8243; style=&#8220;heading_style6&#8243; title_font_options=&#8220;tag:h2|letter_spacing:0&#8243; subtitle_font_options=&#8220;tag:div|letter_spacing:3&#8243; heading_margin=&#8220;margin-top:10|margin-bottom:30&#8243; class=&#8220;h2-heading-custom&#8220;]Als internationales Unternehmen wollen wir in unserem Arbeitsumfeld die gleiche Vielfalt achten und darstellen, wie sie auch auf der Welt existiert.[\/apress_heading][vc_column_text]Sie m\u00fcssen nicht in eine bestimmte Form passen. Wir sind eine lernende Organisation und pflegen eine Kultur, die kontinuierliches Lernen und Teilen f\u00f6rdert.[\/vc_column_text][\/vc_column][\/vc_row][vc_row apcore_row_stretch_opt=&#8220;stretch_row_and_content&#8220; full_width=&#8220;stretch_row&#8220; equal_height=&#8220;yes&#8220; el_class=&#8220;full-width-half-content&#8220; css=&#8220;.vc_custom_1753947166731{padding-top: 0px !important;padding-bottom: 0px !important;}&#8220;][vc_column width=&#8220;1\/2&#8243;][vc_single_image image=&#8220;5255&#8243; img_size=&#8220;full&#8220; css=&#8220;.vc_custom_1754396698355{padding-top: 0px !important;padding-right: 0px !important;padding-bottom: 0px !important;padding-left: 0px !important;}&#8220;][\/vc_column][vc_column width=&#8220;1\/2&#8243; el_class=&#8220;half-content-column&#8220;][apress_heading sub_title=&#8220;&#8220; content_alignment=&#8220;left&#8220; enable_delimiter=&#8220;&#8220; color_scheme=&#8220;color_scheme2&#8243; style=&#8220;heading_style5&#8243; title_font_options=&#8220;tag:h2&#8243; subtitle_font_options=&#8220;tag:div&#8220; heading_margin=&#8220;margin-top:10|margin-bottom:30&#8243;]Strive for more \u2013 We support you to develop yourself[\/apress_heading]<div class=\"ult-spacer spacer-69e8bc7293611\" data-id=\"69e8bc7293611\" data-height=\"20\" data-height-mobile=\"20\" data-height-tab=\"20\" data-height-tab-portrait=\"\" data-height-mobile-landscape=\"\" style=\"clear:both;display:block;\"><\/div>[vc_column_text css=&#8220;&#8220;]Wir sind davon \u00fcberzeugt, dass unsere Mitarbeiter das wertvollste Kapital unseres Unternehmens sind. Deshalb ermutigen wir sie, sich weiterzuentwickeln und ihre pers\u00f6nlichen Ziele zu erreichen. Unsere internationale Pr\u00e4senz erlaubt es Ihnen, aus einer Vielzahl von globalen M\u00f6glichkeiten zu w\u00e4hlen.[\/vc_column_text][\/vc_column][\/vc_row][vc_row apcore_row_stretch_opt=&#8220;stretch_row_and_content&#8220; full_width=&#8220;stretch_row&#8220; equal_height=&#8220;yes&#8220; el_class=&#8220;full-width-half-content&#8220; css=&#8220;.vc_custom_1763463491948{padding-top: 0px !important;padding-bottom: 0px !important;}&#8220; el_id=&#8220;col-reverse&#8220;][vc_column width=&#8220;1\/2&#8243; el_class=&#8220;half-content-column&#8220;][apress_heading sub_title=&#8220;&#8220; content_alignment=&#8220;left&#8220; enable_delimiter=&#8220;&#8220; color_scheme=&#8220;color_scheme2&#8243; style=&#8220;heading_style5&#8243; title_font_options=&#8220;tag:h2&#8243; subtitle_font_options=&#8220;tag:div&#8220; heading_margin=&#8220;margin-top:10|margin-bottom:30&#8243;]Ein motivierendes Arbeitsklima[\/apress_heading]<div class=\"ult-spacer spacer-69e8bc72936a5\" data-id=\"69e8bc72936a5\" data-height=\"20\" data-height-mobile=\"20\" data-height-tab=\"20\" data-height-tab-portrait=\"\" data-height-mobile-landscape=\"\" style=\"clear:both;display:block;\"><\/div>[vc_column_text css=&#8220;&#8220;]Ein gutes Arbeitsklima ist entscheidend, damit die Mitarbeiter zufrieden sind. Mit regelm\u00e4\u00dfigen Veranstaltungen wie Kochkursen oder \u201cCycle to Work\u201d-Herausforderungen unterst\u00fctzen wir ein famili\u00e4res Umfeld, in dem man tagein, tagaus gl\u00fccklich zur Arbeit geht. Unsere Grundwerte stellen sicher, dass wir alle auf demselben Level sind:<\/p>\n<ul>\n<li>Zusammenarbeit: Wir achten sehr auf die Bed\u00fcrfnisse unserer Kunden, sind teamorientiert, bescheiden, respektvoll \u2013 und streben immer nach besseren L\u00f6sungen.<\/li>\n<li>Handwerkskunst: Wir entwickeln und fertigen unsere Produkte mit gro\u00dfer Leidenschaft und Flexibilit\u00e4t, um hohe Qualit\u00e4t und technische Spitzenleistungen zu liefern.<\/li>\n<li>Verl\u00e4sslichkeit: Wir erf\u00fcllen Erwartungen und halten Versprechen durch unser Verhalten und unsere Produkte.<\/li>\n<li>Integrit\u00e4t: Wir bauen Vertrauen auf, indem wir in allem, was wir tun, ehrlich und zuverl\u00e4ssig sind.<\/li>\n<li>Nachhaltigkeit: Wir tragen durch unser hohes Sicherheits- und Umweltbewusstsein dazu bei, die Welt zu einem besseren Ort zu machen.<\/li>\n<\/ul>\n<p>[\/vc_column_text][\/vc_column][vc_column width=&#8220;1\/2&#8243;][vc_single_image image=&#8220;2937&#8243; img_size=&#8220;full&#8220; css=&#8220;.vc_custom_1754396780908{padding-top: 0px !important;padding-right: 0px !important;padding-bottom: 0px !important;padding-left: 0px !important;}&#8220;][\/vc_column][\/vc_row][vc_row apcore_row_stretch_opt=&#8220;stretch_row_and_content&#8220; full_width=&#8220;stretch_row&#8220; equal_height=&#8220;yes&#8220; el_class=&#8220;full-width-half-content&#8220; css=&#8220;.vc_custom_1753947166731{padding-top: 0px !important;padding-bottom: 0px !important;}&#8220;][vc_column width=&#8220;1\/2&#8243;][vc_single_image image=&#8220;2930&#8243; img_size=&#8220;full&#8220; css=&#8220;.vc_custom_1754396862401{padding-top: 0px !important;padding-right: 0px !important;padding-bottom: 0px !important;padding-left: 0px !important;}&#8220;][\/vc_column][vc_column width=&#8220;1\/2&#8243; el_class=&#8220;half-content-column&#8220;][apress_heading sub_title=&#8220;&#8220; content_alignment=&#8220;left&#8220; enable_delimiter=&#8220;&#8220; color_scheme=&#8220;color_scheme2&#8243; style=&#8220;heading_style5&#8243; title_font_options=&#8220;tag:h2&#8243; subtitle_font_options=&#8220;tag:div&#8220; heading_margin=&#8220;margin-top:10|margin-bottom:30&#8243;]Gro\u00dfartige M\u00f6glichkeiten f\u00fcr junge Menschen[\/apress_heading]<div class=\"ult-spacer spacer-69e8bc729371e\" data-id=\"69e8bc729371e\" data-height=\"20\" data-height-mobile=\"20\" data-height-tab=\"20\" data-height-tab-portrait=\"\" data-height-mobile-landscape=\"\" style=\"clear:both;display:block;\"><\/div>[vc_column_text css=&#8220;&#8220;]Wollen Sie Ihre Ausbildung in die Tat umsetzen? Wir bieten ein internationales Umfeld und eine gro\u00dfe Auswahl an verschiedenen Stellenangeboten f\u00fcr Studenten, Absolventen und Auszubildende. Zeigen Sie uns Ihr Potenzial und nutzen Sie die Gelegenheit, Ihr Fachwissen zu erweitern und Ihr Netzwerk mit Fachleuten auf der ganzen Welt zu erweitern. Wir von R&amp;S sind sehr daran interessiert, Ihre frischen und innovativen Ideen kennen zu lernen.[\/vc_column_text][\/vc_column][\/vc_row][vc_row full_width=&#8220;stretch_row&#8220; equal_height=&#8220;yes&#8220; css=&#8220;.vc_custom_1758288729773{padding-top: 80px !important;padding-bottom: 80px !important;background-color: #F2F2F2 !important;}&#8220; el_class=&#8220;testimonial-wrap&#8220;][vc_column centered_text=&#8220;true&#8220;][vc_row_inner gap=&#8220;30&#8243; el_class=&#8220;testimonial-wrap-row&#8220;][vc_column_inner width=&#8220;1\/6&#8243;][vc_single_image image=&#8220;21744&#8243; img_size=&#8220;full&#8220; alignment=&#8220;right&#8220; css=&#8220;&#8220;][\/vc_column_inner][vc_column_inner width=&#8220;5\/6&#8243;][vc_column_text css=&#8220;&#8220;]<\/p>\n<p class=\"quotation\">Die Vielfalt bei mir am Arbeitsplatz ist gro\u00df. Ich habe \u00fcber vier Jahre in Dubai verbracht, einer pulsierenden Stadt, die viele M\u00f6glichkeiten bietet. Jetzt bin ich wieder zur\u00fcck in Italien, wo ich meine neuen F\u00e4higkeiten anwenden und mich weiter entwickeln kann. Das ist toll!<\/p>\n<p><strong>Luca Procino \u2013 Regionalvertriebsleiter f\u00fcr den Nahen Osten<\/strong>[\/vc_column_text][\/vc_column_inner][\/vc_row_inner][vc_row_inner gap=&#8220;30&#8243; el_class=&#8220;testimonial-wrap-row&#8220; css=&#8220;.vc_custom_1754399966544{margin-top: 50px !important;}&#8220;][vc_column_inner width=&#8220;1\/6&#8243;][vc_single_image image=&#8220;21744&#8243; img_size=&#8220;full&#8220; alignment=&#8220;right&#8220; css=&#8220;&#8220;][\/vc_column_inner][vc_column_inner width=&#8220;5\/6&#8243;][vc_column_text css=&#8220;&#8220;]<\/p>\n<p class=\"quotation\">Durch die intensive F\u00f6rderung durch meinen Vorgesetzten und meine Kollegen lerne ich nicht nur etwas \u00fcber Elektrotechnik, sondern ich baue auch mein soziales Umfeld aus. So kann ich das Gelernte auch au\u00dferhalb der Ausbildung anwenden.<\/p>\n<p><strong>Robin Imhof \u2013 Auszubildender im Maschinenbau<\/strong>[\/vc_column_text][\/vc_column_inner][\/vc_row_inner]<div class=\"ult-spacer spacer-69e8bc729378b\" data-id=\"69e8bc729378b\" data-height=\"80\" data-height-mobile=\"80\" data-height-tab=\"80\" data-height-tab-portrait=\"\" data-height-mobile-landscape=\"\" style=\"clear:both;display:block;\"><\/div>[apress_button button_text=&#8220;Werfen Sie einen Blick auf unsere Stellenangebote&#8220; button_size=&#8220;medium&#8220; button_alignment=&#8220;center&#8220; box_shadow=&#8220;box_shadow_enable:disable|shadow_horizontal:1|shadow_vertical:2|shadow_blur:4|shadow_spread:0|box_shadow_color:rgba(0%2C0%2C0%2C0.2)&#8220; box_hover_shadow=&#8220;box_shadow_enable:disable|shadow_horizontal:2|shadow_vertical:2|shadow_blur:7|shadow_spread:0|box_shadow_color:rgba(0%2C0%2C0%2C0.2)&#8220; button_swing=&#8220;yes&#8220; button_shape=&#8220;square&#8220; button_link=&#8220;url:%2Fde%2Fkarriere%2Fstellenangebote%2F|title:Reference%20projects&#8220;][\/vc_column][\/vc_row]<\/p>\n<\/div>","protected":false},"excerpt":{"rendered":"<p>[vc_section full_width=&#8220;stretch_row&#8220; content_placement=&#8220;middle&#8220; min_height=&#8220;480&#8243; css=&#8220;.vc_custom_1759585488217{background-image: url(https:\/\/the-rsgroup.com\/wp-content\/uploads\/2019\/12\/rs-employees-communicating.jpg?id=5076) !important;background-position: center !important;background-repeat: no-repeat !important;background-size: cover !important;}&#8220; el_class=&#8220;inner-page-banner-section&#8220;][vc_row][vc_column][apress_heading sub_title=&#8220;Wir unterst\u00fctzen Vielfalt&#8220; content_alignment=&#8220;left&#8220; data_animation=&#8220;fadeInRight&#8220; enable_delimiter=&#8220;&#8220; style=&#8220;heading_style1&#8243; title_font_options=&#8220;tag:h1&#8243; subtitle_font_options=&#8220;tag:div&#8220;]R&amp;S als Arbeitgeber[\/apress_heading][\/vc_column][\/vc_row][\/vc_section][vc_row css=&#8220;.vc_custom_1754397038214{padding-top: 80px !important;padding-bottom: 80px !important;}&#8220;][vc_column apress_zindex=&#8220;9&#8243; css=&#8220;.vc_custom_1574377236432{background-color: #ffffff !important;}&#8220; el_class=&#8220;custom_sidebar high_zIndex&#8220;][apress_heading sub_title=&#8220;&#8220; content_alignment=&#8220;left&#8220; enable_delimiter=&#8220;&#8220; color_scheme=&#8220;color_scheme1&#8243;&hellip;<\/p>\n","protected":false},"author":1,"featured_media":0,"parent":8031,"menu_order":0,"comment_status":"closed","ping_status":"closed","template":"template-fullwidth-page.php","meta":{"_acf_changed":false,"_monsterinsights_skip_tracking":false,"_monsterinsights_sitenote_active":false,"_monsterinsights_sitenote_note":"","_monsterinsights_sitenote_category":0,"footnotes":""},"class_list":["post-8051","page","type-page","status-publish","hentry"],"acf":[],"_links":{"self":[{"href":"https:\/\/the-rsgroup.com\/de\/wp-json\/wp\/v2\/pages\/8051","targetHints":{"allow":["GET"]}}],"collection":[{"href":"https:\/\/the-rsgroup.com\/de\/wp-json\/wp\/v2\/pages"}],"about":[{"href":"https:\/\/the-rsgroup.com\/de\/wp-json\/wp\/v2\/types\/page"}],"author":[{"embeddable":true,"href":"https:\/\/the-rsgroup.com\/de\/wp-json\/wp\/v2\/users\/1"}],"replies":[{"embeddable":true,"href":"https:\/\/the-rsgroup.com\/de\/wp-json\/wp\/v2\/comments?post=8051"}],"version-history":[{"count":11,"href":"https:\/\/the-rsgroup.com\/de\/wp-json\/wp\/v2\/pages\/8051\/revisions"}],"predecessor-version":[{"id":27194,"href":"https:\/\/the-rsgroup.com\/de\/wp-json\/wp\/v2\/pages\/8051\/revisions\/27194"}],"up":[{"embeddable":true,"href":"https:\/\/the-rsgroup.com\/de\/wp-json\/wp\/v2\/pages\/8031"}],"wp:attachment":[{"href":"https:\/\/the-rsgroup.com\/de\/wp-json\/wp\/v2\/media?parent=8051"}],"curies":[{"name":"wp","href":"https:\/\/api.w.org\/{rel}","templated":true}]}}