{"id":8061,"date":"2020-01-30T10:51:32","date_gmt":"2020-01-30T10:51:32","guid":{"rendered":"http:\/\/the-rsgroup.com\/kontakt"},"modified":"2025-10-04T13:51:08","modified_gmt":"2025-10-04T13:51:08","slug":"kontakt","status":"publish","type":"page","link":"https:\/\/the-rsgroup.com\/de\/kontakt\/","title":{"rendered":"Kontakt"},"content":{"rendered":"<div class=\"wpb-content-wrapper\"><p>[vc_section full_width=&#8220;stretch_row&#8220; content_placement=&#8220;middle&#8220; min_height=&#8220;480&#8243; css=&#8220;.vc_custom_1753965526807{background-image: url(https:\/\/the-rsgroup.com\/wp-content\/uploads\/2025\/07\/slider-img12.jpg?id=22138) !important;background-position: center !important;background-repeat: no-repeat !important;background-size: cover !important;}&#8220; el_class=&#8220;inner-page-banner-section&#8220;][vc_row][vc_column][apress_heading sub_title=&#8220;Wir sind f\u00fcr Sie da&#8220; content_alignment=&#8220;left&#8220; data_animation=&#8220;fadeInRight&#8220; enable_delimiter=&#8220;&#8220; style=&#8220;heading_style1&#8243; title_font_options=&#8220;tag:h1&#8243; subtitle_font_options=&#8220;tag:div&#8220;]Kontaktieren Sie uns[\/apress_heading][\/vc_column][\/vc_row][\/vc_section][vc_row css=&#8220;.vc_custom_1574376762108{padding-top: 40px !important;padding-bottom: 40px !important;}&#8220;][vc_column width=&#8220;1\/2&#8243; apress_zindex=&#8220;9&#8243; css=&#8220;.vc_custom_1574376716855{background-color: #ffffff !important;}&#8220; el_class=&#8220;custom_sidebar high_zIndex&#8220;][apress_heading sub_title=&#8220;&#8220; content_alignment=&#8220;left&#8220; enable_delimiter=&#8220;&#8220; color_scheme=&#8220;color_scheme2&#8243; style=&#8220;heading_style1&#8243; title_font_options=&#8220;tag:h2|letter_spacing:1&#8243; subtitle_font_options=&#8220;tag:div&#8220; heading_margin=&#8220;margin-top:10|margin-bottom:30&#8243; class=&#8220;h2-heading-custom&#8220;]Ben\u00f6tigen Sie Hilfe, w\u00fcnschen Sie weitere Informationen oder m\u00f6chten Sie ein Treffen vereinbaren?[\/apress_heading][vc_column_text]Wir helfen Ihnen gerne weiter &#8211; in jeder Hinsicht! Bitte f\u00fcllen Sie das untenstehende Formular aus und wir werden uns so schnell wie m\u00f6glich mit Ihnen in Verbindung setzen.<\/p>\n<p>Sind Sie ein Lieferant? Dann f\u00fcllen Sie unser <a href=\"https:\/\/the-rsgroup.com\/de\/beschaffung\/\">Einkaufsformular<\/a> aus.[\/vc_column_text][\/vc_column][vc_column width=&#8220;1\/2&#8243;]\r\n<!--zolo calltoaction Row Start-->\r\n\r\n<div id=\"apress_contactform_1\" class=\"apress_contactform medium_buttton input_field_design_default input_field_shape_default noanimation\" data-animation =\"No Animation\" data-delay =\"500\"> \r\n\t\n<div class=\"wpcf7 no-js\" id=\"wpcf7-f8496-o1\" lang=\"de-DE\" dir=\"ltr\" data-wpcf7-id=\"8496\">\n<div class=\"screen-reader-response\"><p role=\"status\" aria-live=\"polite\" aria-atomic=\"true\"><\/p> <ul><\/ul><\/div>\n<form action=\"\/de\/wp-json\/wp\/v2\/pages\/8061#wpcf7-f8496-o1\" method=\"post\" class=\"wpcf7-form init\" aria-label=\"Kontaktformular\" novalidate=\"novalidate\" data-status=\"init\">\n<fieldset class=\"hidden-fields-container\"><input type=\"hidden\" name=\"_wpcf7\" value=\"8496\" \/><input type=\"hidden\" name=\"_wpcf7_version\" value=\"6.1.5\" \/><input type=\"hidden\" name=\"_wpcf7_locale\" value=\"de_DE\" \/><input type=\"hidden\" name=\"_wpcf7_unit_tag\" value=\"wpcf7-f8496-o1\" \/><input type=\"hidden\" name=\"_wpcf7_container_post\" value=\"0\" \/><input type=\"hidden\" name=\"_wpcf7_posted_data_hash\" value=\"\" \/>\n<\/fieldset>\n<ul class=\"contact_form\">\n\t<li class=\"one_half\">\n\t\t<p><span class=\"wpcf7-form-control-wrap\" data-name=\"your-name\"><input size=\"40\" maxlength=\"400\" class=\"wpcf7-form-control wpcf7-text wpcf7-validates-as-required\" aria-required=\"true\" aria-invalid=\"false\" placeholder=\"Name*\" value=\"\" type=\"text\" name=\"your-name\" \/><\/span>\n\t\t<\/p>\n\t<\/li>\n\t<li class=\"one_half\">\n\t\t<p><span class=\"wpcf7-form-control-wrap\" data-name=\"your-email\"><input size=\"40\" maxlength=\"400\" class=\"wpcf7-form-control wpcf7-email wpcf7-validates-as-required wpcf7-text wpcf7-validates-as-email\" aria-required=\"true\" aria-invalid=\"false\" placeholder=\"E-Mail*\" value=\"\" type=\"email\" name=\"your-email\" \/><\/span>\n\t\t<\/p>\n\t<\/li>\n\t<li class=\"one_half\">\n\t\t<p><span class=\"wpcf7-form-control-wrap\" data-name=\"your-company\"><input size=\"40\" maxlength=\"400\" class=\"wpcf7-form-control wpcf7-text\" aria-invalid=\"false\" placeholder=\"Firma\" value=\"\" type=\"text\" name=\"your-company\" \/><\/span>\n\t\t<\/p>\n\t<\/li>\n\t<li class=\"one_half\">\n\t\t<p><span class=\"wpcf7-form-control-wrap\" data-name=\"your-country\"><input size=\"40\" maxlength=\"400\" class=\"wpcf7-form-control wpcf7-text\" aria-invalid=\"false\" placeholder=\"Land\" value=\"\" type=\"text\" name=\"your-country\" \/><\/span>\n\t\t<\/p>\n\t<\/li>\n\t<li>\n\t\t<p><span class=\"wpcf7-form-control-wrap\" data-name=\"your-message\"><textarea cols=\"40\" rows=\"10\" maxlength=\"2000\" class=\"wpcf7-form-control wpcf7-textarea\" aria-invalid=\"false\" placeholder=\"Ihre Nachricht\" name=\"your-message\"><\/textarea><\/span>\n\t\t<\/p>\n\t<\/li>\n\t<li>\n\t\t<p><input class=\"wpcf7-form-control wpcf7-submit has-spinner\" type=\"submit\" value=\"Senden\" \/>\n\t\t<\/p>\n\t<\/li>\n\t<li>\n\t\t<p><span class=\"wpcf7-form-control-wrap\" data-name=\"checkbox-359\"><span class=\"wpcf7-form-control wpcf7-checkbox wpcf7-validates-as-required wpcf7-exclusive-checkbox data-privacy\" id=\"data-privacy\"><span class=\"wpcf7-list-item first last\"><label><input type=\"checkbox\" name=\"checkbox-359\" value=\"Datenschutz: Ich bin damit einverstanden, dass meine Daten gem\u00e4\u00df der Bestimmungen der Datenschutzrichtlinie verarbeitet werden. Mir ist bekannt, dass ich meine Einwilligung jederzeit widerrufen kann.\" \/><span class=\"wpcf7-list-item-label\">Datenschutz: Ich bin damit einverstanden, dass meine Daten gem\u00e4\u00df der Bestimmungen der Datenschutzrichtlinie verarbeitet werden. Mir ist bekannt, dass ich meine Einwilligung jederzeit widerrufen kann.<\/span><\/label><\/span><\/span><\/span>\n\t\t<\/p>\n\t<\/li>\n<\/ul><div class=\"wpcf7-response-output\" aria-hidden=\"true\"><\/div>\n<\/form>\n<\/div>\n \r\n<\/div>\r\n\r\n[\/vc_column][\/vc_row]<\/p>\n<\/div>","protected":false},"excerpt":{"rendered":"<p>[vc_section full_width=&#8220;stretch_row&#8220; content_placement=&#8220;middle&#8220; min_height=&#8220;480&#8243; css=&#8220;.vc_custom_1753965526807{background-image: url(https:\/\/the-rsgroup.com\/wp-content\/uploads\/2025\/07\/slider-img12.jpg?id=22138) !important;background-position: center !important;background-repeat: no-repeat !important;background-size: cover !important;}&#8220; el_class=&#8220;inner-page-banner-section&#8220;][vc_row][vc_column][apress_heading sub_title=&#8220;Wir sind f\u00fcr Sie da&#8220; content_alignment=&#8220;left&#8220; data_animation=&#8220;fadeInRight&#8220; enable_delimiter=&#8220;&#8220; style=&#8220;heading_style1&#8243; title_font_options=&#8220;tag:h1&#8243; subtitle_font_options=&#8220;tag:div&#8220;]Kontaktieren Sie uns[\/apress_heading][\/vc_column][\/vc_row][\/vc_section][vc_row css=&#8220;.vc_custom_1574376762108{padding-top: 40px !important;padding-bottom: 40px !important;}&#8220;][vc_column width=&#8220;1\/2&#8243; apress_zindex=&#8220;9&#8243; css=&#8220;.vc_custom_1574376716855{background-color: #ffffff !important;}&#8220; el_class=&#8220;custom_sidebar high_zIndex&#8220;][apress_heading sub_title=&#8220;&#8220;&hellip;<\/p>\n","protected":false},"author":1,"featured_media":0,"parent":0,"menu_order":0,"comment_status":"closed","ping_status":"closed","template":"template-fullwidth-page.php","meta":{"_acf_changed":false,"_monsterinsights_skip_tracking":false,"_monsterinsights_sitenote_active":false,"_monsterinsights_sitenote_note":"","_monsterinsights_sitenote_category":0,"footnotes":""},"class_list":["post-8061","page","type-page","status-publish","hentry"],"acf":[],"_links":{"self":[{"href":"https:\/\/the-rsgroup.com\/de\/wp-json\/wp\/v2\/pages\/8061","targetHints":{"allow":["GET"]}}],"collection":[{"href":"https:\/\/the-rsgroup.com\/de\/wp-json\/wp\/v2\/pages"}],"about":[{"href":"https:\/\/the-rsgroup.com\/de\/wp-json\/wp\/v2\/types\/page"}],"author":[{"embeddable":true,"href":"https:\/\/the-rsgroup.com\/de\/wp-json\/wp\/v2\/users\/1"}],"replies":[{"embeddable":true,"href":"https:\/\/the-rsgroup.com\/de\/wp-json\/wp\/v2\/comments?post=8061"}],"version-history":[{"count":7,"href":"https:\/\/the-rsgroup.com\/de\/wp-json\/wp\/v2\/pages\/8061\/revisions"}],"predecessor-version":[{"id":24909,"href":"https:\/\/the-rsgroup.com\/de\/wp-json\/wp\/v2\/pages\/8061\/revisions\/24909"}],"wp:attachment":[{"href":"https:\/\/the-rsgroup.com\/de\/wp-json\/wp\/v2\/media?parent=8061"}],"curies":[{"name":"wp","href":"https:\/\/api.w.org\/{rel}","templated":true}]}}