{"id":8141,"date":"2020-01-30T13:54:26","date_gmt":"2020-01-30T13:54:26","guid":{"rendered":"http:\/\/the-rsgroup.com\/newsroom"},"modified":"2025-10-04T15:00:00","modified_gmt":"2025-10-04T15:00:00","slug":"newsroom","status":"publish","type":"page","link":"https:\/\/the-rsgroup.com\/de\/newsroom\/","title":{"rendered":"Newsroom"},"content":{"rendered":"<div class=\"wpb-content-wrapper\"><p>[vc_section full_width=&#8220;stretch_row&#8220; content_placement=&#8220;middle&#8220; min_height=&#8220;480&#8243; css=&#8220;.vc_custom_1759589684490{background-image: url(https:\/\/the-rsgroup.com\/wp-content\/uploads\/2025\/07\/shutterstock_1295890804_2-scaled.jpg?id=21926) !important;background-position: center !important;background-repeat: no-repeat !important;background-size: cover !important;}&#8220; el_class=&#8220;inner-page-banner-section&#8220;][vc_row][vc_column][apress_heading sub_title=&#8220;News und Events &#8220; content_alignment=&#8220;left&#8220; data_animation=&#8220;fadeInRight&#8220; enable_delimiter=&#8220;&#8220; style=&#8220;heading_style1&#8243; title_font_options=&#8220;tag:h1&#8243; subtitle_font_options=&#8220;tag:div&#8220;]Newsroom[\/apress_heading][\/vc_column][\/vc_row][\/vc_section][vc_row equal_height=&#8220;yes&#8220; css=&#8220;.vc_custom_1758536169173{margin-top: 0px !important;margin-bottom: 0px !important;border-bottom-width: 0px !important;padding-top: 80px !important;padding-bottom: 50px !important;}&#8220;][vc_column][apress_heading sub_title=&#8220;Wir von R&amp;S m\u00f6chten Ihnen alle relevanten Informationen zur Verf\u00fcgung stellen und Ihnen die M\u00f6glichkeit bieten, uns auf einem unserer weltweiten Events zu besuchen.&#8220; content_alignment=&#8220;left&#8220; enable_delimiter=&#8220;&#8220; color_scheme=&#8220;color_scheme1&#8243; style=&#8220;heading_style5&#8243; title_font_options=&#8220;tag:h2|letter_spacing:1&#8243; subtitle_font_options=&#8220;tag:div&#8220; subheading_margin=&#8220;margin-top:30|margin-bottom:30&#8243; class=&#8220;h2-heading-custom&#8220;]Bleiben Sie mit unseren Neuigkeiten und Events auf dem Laufenden.[\/apress_heading][\/vc_column][\/vc_row][vc_row full_width=&#8220;stretch_row&#8220; css=&#8220;.vc_custom_1758536059410{margin-top: 0px !important;padding-top: 0px !important;padding-bottom: 80px !important;background-color: #FFFFFF !important;}&#8220; el_class=&#8220;related-product-info-box&#8220;][vc_column][vc_row_inner][vc_column_inner el_class=&#8220;custom_sidebar&#8220; width=&#8220;1\/2&#8243;]\r\n<!--Image Box Start-->\r\n<div class=\"zolo_imagebox_new_swing new_imagebox_style4\"><div class=\"zolo_imagebox_new_wrapper zolo_imagebox_new_213877418469edd3eb23ef7 new_imagebox_style4 noanimation\" data-animation =\"No Animation\" data-delay =\"500\" data-id =\"zolo_imagebox_new_213877418469edd3eb23ef7\">\r\n    <a title=\"News\" href=\"\/de\/newsroom\/news\" target=\"_self\" rel=\"\">\r\n    <div class=\"zolo_imagebox_new_box\">\r\n        <div class=\"zolo_thumbnail\" style=\"background:url(https:\/\/the-rsgroup.com\/wp-content\/uploads\/2019\/09\/shutterstock_667965277_2.jpg) no-repeat center center; -moz-background-size:cover;-webkit-background-size:cover;-o-background-size:cover;-ms-background-size:cover;background-size:cover; height:300px;\"><\/div>\r\n        <div class=\"zolo_imagebox_new_content\">\r\n            <div class=\"zolo_imagebox_new_title_des\">\r\n        <h3 class=\"entry-title zolo_imagebox_new_title\" style=\"color:#000000; \">        News <\/h3>                <span class=\"zolo_imagebox_description\" style=\"color:#000000; \">        Bleiben Sie mit unseren Neuigkeiten \u00fcber aktuelle Projekte, Unternehmensinformationen, Erweiterungen unseres Portfolios und vieles mehr auf dem Laufenden. <\/span>        <div class=\"zolo_imagebox_icon_button_element alignment_inline zolo_imagebox_icon_button_213877418469edd3eb23ef7\"><span class=\"zolo_iconbutton_tag iconbutton_style1 button_style_none\"><span class=\"zolo_button_icon zolo_arrow_icon\"><\/span><\/span><\/div>      <\/div>\r\n    <\/div>\r\n          <\/div>\r\n    <\/a>\r\n  <\/div>\r\n<\/div><!--Image Box End-->\r\n\r\n[\/vc_column_inner][vc_column_inner el_class=&#8220;custom_sidebar&#8220; width=&#8220;1\/2&#8243;]\r\n<!--Image Box Start-->\r\n<div class=\"zolo_imagebox_new_swing new_imagebox_style4\"><div class=\"zolo_imagebox_new_wrapper zolo_imagebox_new_132637449869edd3eb274d3 new_imagebox_style4 noanimation\" data-animation =\"No Animation\" data-delay =\"500\" data-id =\"zolo_imagebox_new_132637449869edd3eb274d3\">\r\n    <a title=\"Events\" href=\"\/de\/newsroom\/events\" target=\"_self\" rel=\"\">\r\n    <div class=\"zolo_imagebox_new_box\">\r\n        <div class=\"zolo_thumbnail\" style=\"background:url(https:\/\/the-rsgroup.com\/wp-content\/uploads\/2019\/12\/people-talking-at-conference.png) no-repeat center center; -moz-background-size:cover;-webkit-background-size:cover;-o-background-size:cover;-ms-background-size:cover;background-size:cover; height:300px;\"><\/div>\r\n        <div class=\"zolo_imagebox_new_content\">\r\n            <div class=\"zolo_imagebox_new_title_des\">\r\n        <h3 class=\"entry-title zolo_imagebox_new_title\" style=\"color:#000000; \">        Events <\/h3>                <span class=\"zolo_imagebox_description\" style=\"color:#000000; \">        Besuchen Sie uns auf einem unserer weltweiten Events und er\u00f6rtern Sie mit unseren Experten Branchentrends und vieles mehr. <\/span>        <div class=\"zolo_imagebox_icon_button_element alignment_inline zolo_imagebox_icon_button_132637449869edd3eb274d3\"><span class=\"zolo_iconbutton_tag iconbutton_style1 button_style_none\"><span class=\"zolo_button_icon zolo_arrow_icon\"><\/span><\/span><\/div>      <\/div>\r\n    <\/div>\r\n          <\/div>\r\n    <\/a>\r\n  <\/div>\r\n<\/div><!--Image Box End-->\r\n\r\n[\/vc_column_inner][\/vc_row_inner][\/vc_column][\/vc_row]<\/p>\n<\/div>","protected":false},"excerpt":{"rendered":"<p>[vc_section full_width=&#8220;stretch_row&#8220; content_placement=&#8220;middle&#8220; min_height=&#8220;480&#8243; css=&#8220;.vc_custom_1759589684490{background-image: url(https:\/\/the-rsgroup.com\/wp-content\/uploads\/2025\/07\/shutterstock_1295890804_2-scaled.jpg?id=21926) !important;background-position: center !important;background-repeat: no-repeat !important;background-size: cover !important;}&#8220; el_class=&#8220;inner-page-banner-section&#8220;][vc_row][vc_column][apress_heading sub_title=&#8220;News und Events &#8220; content_alignment=&#8220;left&#8220; data_animation=&#8220;fadeInRight&#8220; enable_delimiter=&#8220;&#8220; style=&#8220;heading_style1&#8243; title_font_options=&#8220;tag:h1&#8243; subtitle_font_options=&#8220;tag:div&#8220;]Newsroom[\/apress_heading][\/vc_column][\/vc_row][\/vc_section][vc_row equal_height=&#8220;yes&#8220; css=&#8220;.vc_custom_1758536169173{margin-top: 0px !important;margin-bottom: 0px !important;border-bottom-width: 0px !important;padding-top: 80px !important;padding-bottom: 50px !important;}&#8220;][vc_column][apress_heading sub_title=&#8220;Wir von R&amp;S m\u00f6chten&hellip;<\/p>\n","protected":false},"author":1,"featured_media":0,"parent":0,"menu_order":0,"comment_status":"closed","ping_status":"closed","template":"template-fullwidth-page.php","meta":{"_acf_changed":false,"_monsterinsights_skip_tracking":false,"_monsterinsights_sitenote_active":false,"_monsterinsights_sitenote_note":"","_monsterinsights_sitenote_category":0,"footnotes":""},"class_list":["post-8141","page","type-page","status-publish","hentry"],"acf":[],"_links":{"self":[{"href":"https:\/\/the-rsgroup.com\/de\/wp-json\/wp\/v2\/pages\/8141","targetHints":{"allow":["GET"]}}],"collection":[{"href":"https:\/\/the-rsgroup.com\/de\/wp-json\/wp\/v2\/pages"}],"about":[{"href":"https:\/\/the-rsgroup.com\/de\/wp-json\/wp\/v2\/types\/page"}],"author":[{"embeddable":true,"href":"https:\/\/the-rsgroup.com\/de\/wp-json\/wp\/v2\/users\/1"}],"replies":[{"embeddable":true,"href":"https:\/\/the-rsgroup.com\/de\/wp-json\/wp\/v2\/comments?post=8141"}],"version-history":[{"count":5,"href":"https:\/\/the-rsgroup.com\/de\/wp-json\/wp\/v2\/pages\/8141\/revisions"}],"predecessor-version":[{"id":24973,"href":"https:\/\/the-rsgroup.com\/de\/wp-json\/wp\/v2\/pages\/8141\/revisions\/24973"}],"wp:attachment":[{"href":"https:\/\/the-rsgroup.com\/de\/wp-json\/wp\/v2\/media?parent=8141"}],"curies":[{"name":"wp","href":"https:\/\/api.w.org\/{rel}","templated":true}]}}