{"id":8173,"date":"2020-01-30T14:35:12","date_gmt":"2020-01-30T14:35:12","guid":{"rendered":"http:\/\/the-rsgroup.com\/beschaffung"},"modified":"2025-12-17T08:36:18","modified_gmt":"2025-12-17T08:36:18","slug":"beschaffung","status":"publish","type":"page","link":"https:\/\/the-rsgroup.com\/de\/ueber-rs\/beschaffung\/","title":{"rendered":"Beschaffung"},"content":{"rendered":"<div class=\"wpb-content-wrapper\"><p>[vc_section full_width=&#8220;stretch_row&#8220; content_placement=&#8220;middle&#8220; min_height=&#8220;480&#8243; css=&#8220;.vc_custom_1759582815459{background-image: url(https:\/\/the-rsgroup.com\/wp-content\/uploads\/2019\/11\/shutterstock_498363907-scaled.jpg?id=3988) !important;background-position: center !important;background-repeat: no-repeat !important;background-size: cover !important;}&#8220; el_class=&#8220;inner-page-banner-section&#8220;][vc_row][vc_column][apress_heading sub_title=&#8220;Wollen Sie uns beliefern?&#8220; content_alignment=&#8220;left&#8220; data_animation=&#8220;fadeInRight&#8220; enable_delimiter=&#8220;&#8220; style=&#8220;heading_style1&#8243; title_font_options=&#8220;tag:h1&#8243; subtitle_font_options=&#8220;tag:div&#8220;]Beschaffung[\/apress_heading][\/vc_column][\/vc_row][\/vc_section][vc_row css=&#8220;.vc_custom_1758269870876{padding-top: 80px !important;padding-bottom: 80px !important;}&#8220;][vc_column apress_zindex=&#8220;9&#8243; css=&#8220;.vc_custom_1572440705123{background-color: #ffffff !important;}&#8220; el_class=&#8220;custom_sidebar high_zIndex&#8220;][apress_heading sub_title=&#8220;Unsere internationale Pr\u00e4senz erlaubt es uns, ein globales Netzwerk aufzubauen und mit Lieferanten in der ganzen Welt Verbindungen herzustellen. Wir brauchen starke und zuverl\u00e4ssige Partner, die sich mit unseren Standards und Werten &#8211; h\u00f6chste Qualit\u00e4t und Effizienz &#8211; identifizieren. F\u00fcllen Sie das folgende Formular aus, und wir werden uns so schnell wie m\u00f6glich bei Ihnen melden.&#8220; content_alignment=&#8220;left&#8220; enable_delimiter=&#8220;&#8220; color_scheme=&#8220;color_scheme1&#8243; style=&#8220;heading_style1&#8243; title_font_options=&#8220;tag:h2|letter_spacing:1&#8243; subtitle_font_options=&#8220;tag:div&#8220; heading_margin=&#8220;margin-top:10|margin-bottom:30&#8243; class=&#8220;h2-heading-custom&#8220;]Wir sind immer auf der Suche nach den besten Lieferanten.[\/apress_heading][vc_column_text]Das Beschaffungswesen der R&amp;S Gruppe gew\u00e4hrleistet eine zuverl\u00e4ssige und rechtzeitige Lieferung von Schl\u00fcsselmaterialien, technischen Ger\u00e4ten und Dienstleistungen. Unsere internationale Position erm\u00f6glicht es uns, starke Beziehungen und ein globales Netzwerk aufzubauen und zu pflegen, um mit unseren Lieferanten die h\u00f6chsten Qualit\u00e4tsstandards sowie die sozialen und \u00f6kologischen Anforderungen zu erf\u00fcllen. Dazu brauchen wir starke und zuverl\u00e4ssige Partner, die sich mit unseren Standards identifizieren und uns dabei helfen, einen Mehrwert in Bezug auf Qualit\u00e4t, Kosten, Innovation, Nachhaltigkeit und Materialverf\u00fcgbarkeit zu schaffen.<\/p>\n<p>Bitte f\u00fcllen Sie das Formular in englischer Sprache aus.[\/vc_column_text][\/vc_column][\/vc_row][vc_row full_width=&#8220;stretch_row&#8220; equal_height=&#8220;yes&#8220; css=&#8220;.vc_custom_1758269962863{margin-top: 0px !important;padding-bottom: 80px !important;}&#8220;][vc_column width=&#8220;1\/6&#8243; centered_text=&#8220;true&#8220;][\/vc_column][vc_column width=&#8220;2\/3&#8243;]\r\n<!--zolo calltoaction Row Start-->\r\n\r\n<div id=\"apress_contactform_1\" class=\"apress_contactform medium_buttton input_field_design_default input_field_shape_default noanimation\" data-animation =\"No Animation\" data-delay =\"500\"> \r\n\t\n<div class=\"wpcf7 no-js\" id=\"wpcf7-f8501-o1\" lang=\"de-DE\" dir=\"ltr\" data-wpcf7-id=\"8501\">\n<div class=\"screen-reader-response\"><p role=\"status\" aria-live=\"polite\" aria-atomic=\"true\"><\/p> <ul><\/ul><\/div>\n<form action=\"\/de\/wp-json\/wp\/v2\/pages\/8173#wpcf7-f8501-o1\" method=\"post\" class=\"wpcf7-form init\" aria-label=\"Kontaktformular\" novalidate=\"novalidate\" data-status=\"init\">\n<fieldset class=\"hidden-fields-container\"><input type=\"hidden\" name=\"_wpcf7\" value=\"8501\" \/><input type=\"hidden\" name=\"_wpcf7_version\" value=\"6.1.5\" \/><input type=\"hidden\" name=\"_wpcf7_locale\" value=\"de_DE\" \/><input type=\"hidden\" name=\"_wpcf7_unit_tag\" value=\"wpcf7-f8501-o1\" \/><input type=\"hidden\" name=\"_wpcf7_container_post\" value=\"0\" \/><input type=\"hidden\" name=\"_wpcf7_posted_data_hash\" value=\"\" \/>\n<\/fieldset>\n<ul class=\"contact_form\">\n\t<li class=\"one_half\">\n\t\t<p><span class=\"wpcf7-form-control-wrap\" data-name=\"company-name\"><input size=\"40\" maxlength=\"400\" class=\"wpcf7-form-control wpcf7-text wpcf7-validates-as-required\" aria-required=\"true\" aria-invalid=\"false\" placeholder=\"Company Name*\" value=\"\" type=\"text\" name=\"company-name\" \/><\/span>\n\t\t<\/p>\n\t<\/li>\n\t<li class=\"one_half\">\n\t\t<p><span class=\"wpcf7-form-control-wrap\" data-name=\"address\"><input size=\"40\" maxlength=\"400\" class=\"wpcf7-form-control wpcf7-text\" aria-invalid=\"false\" placeholder=\"Address\" value=\"\" type=\"text\" name=\"address\" \/><\/span>\n\t\t<\/p>\n\t<\/li>\n\t<li class=\"one_half\">\n\t\t<p><span class=\"wpcf7-form-control-wrap\" data-name=\"postal-code\"><input size=\"40\" maxlength=\"400\" class=\"wpcf7-form-control wpcf7-text\" aria-invalid=\"false\" placeholder=\"Postal Code\" value=\"\" type=\"text\" name=\"postal-code\" \/><\/span>\n\t\t<\/p>\n\t<\/li>\n\t<li class=\"one_half\">\n\t\t<p><span class=\"wpcf7-form-control-wrap\" data-name=\"city\"><input size=\"40\" maxlength=\"400\" class=\"wpcf7-form-control wpcf7-text\" aria-invalid=\"false\" placeholder=\"City\" value=\"\" type=\"text\" name=\"city\" \/><\/span>\n\t\t<\/p>\n\t<\/li>\n\t<li class=\"one_half\">\n\t\t<p><span class=\"wpcf7-form-control-wrap\" data-name=\"country\"><input size=\"40\" maxlength=\"400\" class=\"wpcf7-form-control wpcf7-text wpcf7-validates-as-required\" aria-required=\"true\" aria-invalid=\"false\" placeholder=\"Country*\" value=\"\" type=\"text\" name=\"country\" \/><\/span>\n\t\t<\/p>\n\t<\/li>\n\t<li class=\"one_half\">\n\t\t<p><span class=\"wpcf7-form-control-wrap\" data-name=\"contact-name\"><input size=\"40\" maxlength=\"400\" class=\"wpcf7-form-control wpcf7-text wpcf7-validates-as-required\" aria-required=\"true\" aria-invalid=\"false\" placeholder=\"Contact Name*\" value=\"\" type=\"text\" name=\"contact-name\" \/><\/span>\n\t\t<\/p>\n\t<\/li>\n\t<li class=\"one_half\">\n\t\t<p><span class=\"wpcf7-form-control-wrap\" data-name=\"department\"><input size=\"40\" maxlength=\"400\" class=\"wpcf7-form-control wpcf7-text\" aria-invalid=\"false\" placeholder=\"Department\" value=\"\" type=\"text\" name=\"department\" \/><\/span>\n\t\t<\/p>\n\t<\/li>\n\t<li class=\"one_half\">\n\t\t<p><span class=\"wpcf7-form-control-wrap\" data-name=\"email\"><input size=\"40\" maxlength=\"400\" class=\"wpcf7-form-control wpcf7-email wpcf7-validates-as-required wpcf7-text wpcf7-validates-as-email\" aria-required=\"true\" aria-invalid=\"false\" placeholder=\"Email*\" value=\"\" type=\"email\" name=\"email\" \/><\/span>\n\t\t<\/p>\n\t<\/li>\n\t<li class=\"one_half\">\n\t\t<p><span class=\"wpcf7-form-control-wrap\" data-name=\"phone-number\"><input class=\"wpcf7-form-control wpcf7-number wpcf7-validates-as-number\" aria-invalid=\"false\" placeholder=\"Phone Number\" value=\"\" type=\"number\" name=\"phone-number\" \/><\/span>\n\t\t<\/p>\n\t<\/li>\n\t<li class=\"one_half\">\n\t\t<p><span class=\"wpcf7-form-control-wrap\" data-name=\"website\"><input size=\"40\" maxlength=\"400\" class=\"wpcf7-form-control wpcf7-text\" aria-invalid=\"false\" placeholder=\"Website\" value=\"\" type=\"text\" name=\"website\" \/><\/span>\n\t\t<\/p>\n\t<\/li>\n\t<li class=\"one_half\">\n\t\t<p>Type of Company* (press Ctrl)<span class=\"wpcf7-form-control-wrap\" data-name=\"type-of-company\"><select class=\"wpcf7-form-control wpcf7-select wpcf7-validates-as-required TypeofCompany\" id=\"TypeofCompany\" aria-required=\"true\" aria-invalid=\"false\" multiple=\"multiple\" name=\"type-of-company[]\"><option value=\"Manufacturer\">Manufacturer<\/option><option value=\"Trader\/Sales Representative\">Trader\/Sales Representative<\/option><\/select><\/span>\n\t\t<\/p>\n\t<\/li>\n\t<li class=\"one_half\">\n\t\t<p>Materials\/Products* (press Ctrl)<span class=\"wpcf7-form-control-wrap\" data-name=\"materials-products\"><select class=\"wpcf7-form-control wpcf7-select wpcf7-validates-as-required MaterialsProducts\" id=\"MaterialsProducts\" aria-required=\"true\" aria-invalid=\"false\" multiple=\"multiple\" name=\"materials-products[]\"><option value=\"Electrical steel\">Electrical steel<\/option><option value=\"Electrical components\">Electrical components<\/option><option value=\"Indicators\/Thermometer\">Indicators\/Thermometer<\/option><option value=\"Tanks\/Covers\">Tanks\/Covers<\/option><option value=\"Radiators\">Radiators<\/option><option value=\"Al-\/Cu-Wire\">Al-\/Cu-Wire<\/option><option value=\"Al-Foil\/Bar\">Al-Foil\/Bar<\/option><option value=\"Cu-Foil\/Bar\">Cu-Foil\/Bar<\/option><option value=\"Tap Changers\/Bushings\">Tap Changers\/Bushings<\/option><option value=\"Insulators\">Insulators<\/option><option value=\"Metal parts\">Metal parts<\/option><option value=\"Insulating\/Pressspan\/Plywood\">Insulating\/Pressspan\/Plywood<\/option><option value=\"Cast Resin\">Cast Resin<\/option><option value=\"Oil\">Oil<\/option><option value=\"Quarz\">Quarz<\/option><option value=\"Engines\">Engines<\/option><option value=\"C-Parts\">C-Parts<\/option><option value=\"Transport\">Transport<\/option><\/select><\/span>\n\t\t<\/p>\n\t<\/li>\n\t<li class=\"one_half\">\n\t\t<p>Quality Certificate* (press Ctrl)<span class=\"wpcf7-form-control-wrap\" data-name=\"quality-certificate\"><select class=\"wpcf7-form-control wpcf7-select wpcf7-validates-as-required QualityCertificate\" id=\"QualityCertificate\" aria-required=\"true\" aria-invalid=\"false\" multiple=\"multiple\" name=\"quality-certificate[]\"><option value=\"ISO 9001\">ISO 9001<\/option><option value=\"ISO 14001\">ISO 14001<\/option><option value=\"ISO 45001\/OSHAS 18001\">ISO 45001\/OSHAS 18001<\/option><option value=\"ISO\/TS 16949\">ISO\/TS 16949<\/option><option value=\"ISO 13485\">ISO 13485<\/option><option value=\"ISO\/IEC 17025\">ISO\/IEC 17025<\/option><option value=\"ADW\/TRD\/PED\">ADW\/TRD\/PED<\/option><option value=\"EN 14399\">EN 14399<\/option><option value=\"EN 15048\">EN 15048<\/option><option value=\"A2LA Accreditation\">A2LA Accreditation<\/option><option value=\"DB AG\/Q1 Status\">DB AG\/Q1 Status<\/option><option value=\"CE Status\">CE Status<\/option><\/select><\/span>\n\t\t<\/p>\n\t<\/li>\n\t<li>\n\t\t<p><span class=\"wpcf7-form-control-wrap\" data-name=\"reference-projects\"><textarea cols=\"40\" rows=\"10\" maxlength=\"2000\" class=\"wpcf7-form-control wpcf7-textarea wpcf7-validates-as-required\" aria-required=\"true\" aria-invalid=\"false\" placeholder=\"Please list some of your reference projects*\" name=\"reference-projects\"><\/textarea><\/span>\n\t\t<\/p>\n\t<\/li>\n\t<li>\n\t\t<p><span class=\"wpcf7-form-control-wrap\" data-name=\"comments\"><textarea cols=\"40\" rows=\"10\" maxlength=\"2000\" class=\"wpcf7-form-control wpcf7-textarea wpcf7-validates-as-required\" aria-required=\"true\" aria-invalid=\"false\" placeholder=\"Please comment why you think you would be a good supplier for R&amp;S*\" name=\"comments\"><\/textarea><\/span>\n\t\t<\/p>\n\t<\/li>\n\t<li>\n\t\t<p><input class=\"wpcf7-form-control wpcf7-submit has-spinner\" type=\"submit\" value=\"Send\" \/>\n\t\t<\/p>\n\t<\/li>\n\t<li>\n\t\t<p><span class=\"wpcf7-form-control-wrap\" data-name=\"data-privacy\"><span class=\"wpcf7-form-control wpcf7-checkbox wpcf7-validates-as-required wpcf7-exclusive-checkbox data-privacy\" id=\"data-privacy\"><span class=\"wpcf7-list-item first last\"><label><input type=\"checkbox\" name=\"data-privacy\" value=\"Data privacy: I consent that my data is being processed in accordance with the data protection policy. The consent can be withdrawn at any time.\" \/><span class=\"wpcf7-list-item-label\">Data privacy: I consent that my data is being processed in accordance with the data protection policy. The consent can be withdrawn at any time.<\/span><\/label><\/span><\/span><\/span>\n\t\t<\/p>\n\t<\/li>\n<\/ul><div class=\"wpcf7-response-output\" aria-hidden=\"true\"><\/div>\n<\/form>\n<\/div>\n \r\n<\/div>\r\n\r\n[\/vc_column][vc_column width=&#8220;1\/6&#8243;][\/vc_column][\/vc_row][vc_row full_width=&#8220;stretch_row&#8220; equal_height=&#8220;yes&#8220; css=&#8220;.vc_custom_1754393384552{padding-top: 0px !important;padding-bottom: 80px !important;}&#8220;][vc_column][apress_heading sub_title=&#8220;Werfen Sie einen Blick auf unsere Einkaufskonditionen.&#8220; content_alignment=&#8220;left&#8220; enable_delimiter=&#8220;&#8220; color_scheme=&#8220;color_scheme2&#8243; style=&#8220;heading_style1&#8243; title_font_options=&#8220;tag:h2|font_size:40|line_height:50|letter_spacing:1&#8243; subtitle_font_options=&#8220;tag:div|color:%23000000&#8243; subheading_margin=&#8220;margin-bottom:50&#8243;]Passen wir zusammen?[\/apress_heading][vc_row_inner el_class=&#8220;action-btn-with-img&#8220;][vc_column_inner width=&#8220;1\/3&#8243;]\r\n<!--Image Box Start-->\r\n<div class=\"zolo_imagebox_new_wrapper zolo_imagebox_new_58614539469ee039672cc9 new_imagebox_style5 noanimation\" data-animation =\"No Animation\" data-delay =\"500\" data-id =\"zolo_imagebox_new_58614539469ee039672cc9\">\r\n    <a title=\"\" href=\"https:\/\/the-rsgroup.com\/wp-content\/uploads\/2024\/07\/RS_GTC_Purchase_2022_v02-DE.pdf\" target=\"_blank\" rel=\"\">\r\n    <div class=\"zolo_imagebox_new_box\">\r\n        <div class=\"img_thumbnail\"><img decoding=\"async\" src=\"https:\/\/the-rsgroup.com\/wp-content\/uploads\/2025\/07\/icon6.png\"\/><\/div>\r\n        <div class=\"zolo_imagebox_new_content\">\r\n            <div class=\"zolo_imagebox_new_title_des\">\r\n        <h2 class=\"entry-title zolo_imagebox_new_title\" style=\"color:#ffffff; \">        Laden Sie unsere Allgemeinen Einkaufsbedingungen herunter <\/h2>                              <\/div>\r\n    <\/div>\r\n          <\/div>\r\n    <\/a>\r\n  <\/div>\r\n<!--Image Box End-->\r\n\r\n[\/vc_column_inner][vc_column_inner width=&#8220;1\/3&#8243;]\r\n<!--Image Box Start-->\r\n<div class=\"zolo_imagebox_new_wrapper zolo_imagebox_new_75427305369ee039674e93 new_imagebox_style5 noanimation\" data-animation =\"No Animation\" data-delay =\"500\" data-id =\"zolo_imagebox_new_75427305369ee039674e93\">\r\n    <a title=\"\" href=\"https:\/\/the-rsgroup.com\/wp-content\/uploads\/2024\/07\/RS_Supplier_Code_of_Conduct_2020_v03-DE.pdf\" target=\"_blank\" rel=\"\">\r\n    <div class=\"zolo_imagebox_new_box\">\r\n        <div class=\"img_thumbnail\"><img decoding=\"async\" src=\"https:\/\/the-rsgroup.com\/wp-content\/uploads\/2025\/07\/icon7.png\"\/><\/div>\r\n        <div class=\"zolo_imagebox_new_content\">\r\n            <div class=\"zolo_imagebox_new_title_des\">\r\n        <h2 class=\"entry-title zolo_imagebox_new_title\" style=\"color:#ffffff; \">        Laden Sie unseren Verhaltenskodex f\u00fcr Lieferanten herunter <\/h2>                              <\/div>\r\n    <\/div>\r\n          <\/div>\r\n    <\/a>\r\n  <\/div>\r\n<!--Image Box End-->\r\n\r\n[\/vc_column_inner][vc_column_inner width=&#8220;1\/3&#8243;][\/vc_column_inner][\/vc_row_inner][\/vc_column][\/vc_row]<\/p>\n<\/div>","protected":false},"excerpt":{"rendered":"<p>[vc_section full_width=&#8220;stretch_row&#8220; content_placement=&#8220;middle&#8220; min_height=&#8220;480&#8243; css=&#8220;.vc_custom_1759582815459{background-image: url(https:\/\/the-rsgroup.com\/wp-content\/uploads\/2019\/11\/shutterstock_498363907-scaled.jpg?id=3988) !important;background-position: center !important;background-repeat: no-repeat !important;background-size: cover !important;}&#8220; el_class=&#8220;inner-page-banner-section&#8220;][vc_row][vc_column][apress_heading sub_title=&#8220;Wollen Sie uns beliefern?&#8220; content_alignment=&#8220;left&#8220; data_animation=&#8220;fadeInRight&#8220; enable_delimiter=&#8220;&#8220; style=&#8220;heading_style1&#8243; title_font_options=&#8220;tag:h1&#8243; subtitle_font_options=&#8220;tag:div&#8220;]Beschaffung[\/apress_heading][\/vc_column][\/vc_row][\/vc_section][vc_row css=&#8220;.vc_custom_1758269870876{padding-top: 80px !important;padding-bottom: 80px !important;}&#8220;][vc_column apress_zindex=&#8220;9&#8243; css=&#8220;.vc_custom_1572440705123{background-color: #ffffff !important;}&#8220; el_class=&#8220;custom_sidebar high_zIndex&#8220;][apress_heading sub_title=&#8220;Unsere internationale Pr\u00e4senz erlaubt es&hellip;<\/p>\n","protected":false},"author":1,"featured_media":0,"parent":3750,"menu_order":0,"comment_status":"closed","ping_status":"closed","template":"template-fullwidth-page.php","meta":{"_acf_changed":false,"_monsterinsights_skip_tracking":false,"_monsterinsights_sitenote_active":false,"_monsterinsights_sitenote_note":"","_monsterinsights_sitenote_category":0,"footnotes":""},"class_list":["post-8173","page","type-page","status-publish","hentry"],"acf":[],"_links":{"self":[{"href":"https:\/\/the-rsgroup.com\/de\/wp-json\/wp\/v2\/pages\/8173","targetHints":{"allow":["GET"]}}],"collection":[{"href":"https:\/\/the-rsgroup.com\/de\/wp-json\/wp\/v2\/pages"}],"about":[{"href":"https:\/\/the-rsgroup.com\/de\/wp-json\/wp\/v2\/types\/page"}],"author":[{"embeddable":true,"href":"https:\/\/the-rsgroup.com\/de\/wp-json\/wp\/v2\/users\/1"}],"replies":[{"embeddable":true,"href":"https:\/\/the-rsgroup.com\/de\/wp-json\/wp\/v2\/comments?post=8173"}],"version-history":[{"count":11,"href":"https:\/\/the-rsgroup.com\/de\/wp-json\/wp\/v2\/pages\/8173\/revisions"}],"predecessor-version":[{"id":31549,"href":"https:\/\/the-rsgroup.com\/de\/wp-json\/wp\/v2\/pages\/8173\/revisions\/31549"}],"up":[{"embeddable":true,"href":"https:\/\/the-rsgroup.com\/de\/wp-json\/wp\/v2\/pages\/3750"}],"wp:attachment":[{"href":"https:\/\/the-rsgroup.com\/de\/wp-json\/wp\/v2\/media?parent=8173"}],"curies":[{"name":"wp","href":"https:\/\/api.w.org\/{rel}","templated":true}]}}