{"id":8213,"date":"2020-01-31T08:18:30","date_gmt":"2020-01-31T08:18:30","guid":{"rendered":"http:\/\/the-rsgroup.com\/produkte\/elektrische-schaltanlagen"},"modified":"2025-12-23T05:21:31","modified_gmt":"2025-12-23T05:21:31","slug":"elektrische-schaltanlagen","status":"publish","type":"page","link":"https:\/\/the-rsgroup.com\/de\/produkte\/elektrische-schaltanlagen\/","title":{"rendered":"Schaltanlagen"},"content":{"rendered":"<div class=\"wpb-content-wrapper\"><p>[vc_section full_width=&#8220;stretch_row&#8220; content_placement=&#8220;middle&#8220; min_height=&#8220;480&#8243; css=&#8220;.vc_custom_1759592151058{background-image: url(https:\/\/the-rsgroup.com\/wp-content\/uploads\/2019\/09\/shutterstock_1009873003_2.jpg?id=2225) !important;background-position: center !important;background-repeat: no-repeat !important;background-size: cover !important;}&#8220; el_class=&#8220;inner-page-banner-section&#8220;][vc_row][vc_column][apress_heading sub_title=&#8220;Entwickelt, um die speziellen Anforderungen Ihres individuellen Projekts zu erf\u00fcllen&#8220; content_alignment=&#8220;left&#8220; data_animation=&#8220;fadeInRight&#8220; enable_delimiter=&#8220;&#8220; style=&#8220;heading_style1&#8243; title_font_options=&#8220;tag:h1&#8243; subtitle_font_options=&#8220;tag:div&#8220;]Schaltanlagen[\/apress_heading][\/vc_column][\/vc_row][\/vc_section][vc_row css=&#8220;.vc_custom_1758620783038{padding-top: 80px !important;padding-bottom: 80px !important;}&#8220;][vc_column apress_zindex=&#8220;9&#8243; el_class=&#8220;custom_sidebar high_zIndex&#8220;][vc_row_inner][vc_column_inner][apress_heading sub_title=&#8220;&#8220; content_alignment=&#8220;left&#8220; enable_delimiter=&#8220;&#8220; color_scheme=&#8220;color_scheme1&#8243; style=&#8220;heading_style6&#8243; title_font_options=&#8220;tag:h2|letter_spacing:0&#8243; subtitle_font_options=&#8220;tag:div|letter_spacing:3&#8243; heading_margin=&#8220;margin-bottom:30&#8243; class=&#8220;h2-heading-custom&#8220;]Mit unserer \u00fcber 100 Jahren gesammelten Erfahrung stellen wir hochwertige Schaltanlagen gem\u00e4ss den Anforderungen unserer Kunden her.[\/apress_heading][\/vc_column_inner][\/vc_row_inner][vc_row_inner][vc_column_inner width=&#8220;2\/3&#8243;][apress_heading sub_title=&#8220;&#8220; content_alignment=&#8220;left&#8220; enable_delimiter=&#8220;&#8220; color_scheme=&#8220;design_your_own&#8220; main_heading_color=&#8220;#0a0a0a&#8220; style=&#8220;heading_style6&#8243; title_font_options=&#8220;tag:h2|letter_spacing:0&#8243; subtitle_font_options=&#8220;tag:div|letter_spacing:3&#8243; heading_margin=&#8220;margin-top:10|margin-bottom:30&#8243;]Nennstrom: bis zu 6.300 A[\/apress_heading][vc_column_text]R&amp;S Schaltanlagen eignen sich f\u00fcr die Stromverteilung in allen Geb\u00e4udetypen \u2013 vom Einfamilienhaus bis hin zu grossen Industriekomplexen. Des Weiteren auch f\u00fcr die Anwendungsbereiche Tunnelbeleuchtung, Ventilation, Verkehrssignale, Heizung, Klimatisierung, Pneumatik und der Einsatz in Industrieanlagen. Dar\u00fcber hinaus liefern wir in besonderen F\u00e4llen Umrichtersysteme f\u00fcr Windgeneratoren, Antriebe, Netzkopplungen und andere Anwendungen. Erg\u00e4nzt werden unsere Schaltanlagen durch Serviceleistungen wie Konzepterstellung, Planung und Layout-Design, Elektroschemataerstellung, Engineering und Installation, und Instandsetzungen. Bei Bedarf unterst\u00fctzen wir Sie selbstverst\u00e4ndlich auch bei der Wartung und Beratung Ihrer Schaltanlagen.[\/vc_column_text][\/vc_column_inner][vc_column_inner width=&#8220;1\/3&#8243;][apress_expanding_image image=&#8220;12842&#8243; img_size=&#8220;full&#8220; alignment=&#8220;center&#8220; max_width=&#8220;100%&#8220;][\/vc_column_inner][\/vc_row_inner][\/vc_column][\/vc_row][vc_row full_width=&#8220;stretch_row&#8220; equal_height=&#8220;yes&#8220; css=&#8220;.vc_custom_1754279860960{padding-bottom: 80px !important;}&#8220;][vc_column][apress_heading sub_title=&#8220;&#8220; enable_delimiter=&#8220;&#8220; color_scheme=&#8220;color_scheme2&#8243; style=&#8220;heading_style5&#8243; title_font_options=&#8220;tag:h2|letter_spacing:0&#8243; subtitle_font_options=&#8220;tag:div|letter_spacing:3&#8243;]Vorteile unserer Schaltanlagen, die f\u00fcr sich selbst sprechen[\/apress_heading]<div class=\"ult-spacer spacer-69e8bc14b23bf\" data-id=\"69e8bc14b23bf\" data-height=\"60\" data-height-mobile=\"60\" data-height-tab=\"60\" data-height-tab-portrait=\"\" data-height-mobile-landscape=\"\" style=\"clear:both;display:block;\"><\/div>[vc_row_inner equal_height=&#8220;yes&#8220; gap=&#8220;20&#8243; el_class=&#8220;benefits-column-row&#8220;][vc_column_inner el_class=&#8220;custom_sidebar&#8220; width=&#8220;1\/3&#8243;][apress_gradient_icon_box description=&#8220;Wir fertigen unsere Schaltanlagen gem\u00e4ss Kundenspezifikation und den gesetzlichen Normen EN 61439 und EN 60204 an. Unser flexibles Team setzt zudem gerne auch kurzfristige \u00c4nderungen um.&#8220; box_bg_color=&#8220;&#8220; color_scheme=&#8220;gradient_scheme1&#8243; highlight_border_width=&#8220;0&#8243; highlight_border_color=&#8220;#ffffff&#8220; border_hover_color_scheme=&#8220;gradient_scheme1&#8243; box_hover_shadow=&#8220;box_shadow_enable:disable|shadow_horizontal:0|shadow_vertical:7|shadow_blur:90|shadow_spread:-38|box_shadow_color:rgba(0%2C0%2C0%2C0.1)&#8220; box_top_padding=&#8220;&#8220; box_right_padding=&#8220;&#8220; box_bottom_padding=&#8220;&#8220; box_left_padding=&#8220;&#8220; icon_type=&#8220;image&#8220; icon_image=&#8220;22382&#8243; gradient_icon_size=&#8220;70&#8243; style=&#8220;iconbox_style8&#8243; title_font_options=&#8220;tag:h5&#8243; class=&#8220;no-padding&#8220;]Holen Sie sich eine individuelle L\u00f6sung[\/apress_gradient_icon_box][\/vc_column_inner][vc_column_inner el_class=&#8220;custom_sidebar&#8220; width=&#8220;1\/3&#8243;][apress_gradient_icon_box description=&#8220;Wir legen grossen Wert auf eine hervorragende Bedienbarkeit und Benutzerfreundlichkeit von unseren Schaltanlagen. S\u00e4mtliche von uns eingesetzten Produktkomponenten sind hochwertig und lassen sich vor Ort bei Bedarf schnell und einfach austauschen.&#8220; box_bg_color=&#8220;&#8220; color_scheme=&#8220;gradient_scheme1&#8243; highlight_border_width=&#8220;0&#8243; highlight_border_color=&#8220;#ffffff&#8220; border_hover_color_scheme=&#8220;gradient_scheme1&#8243; box_hover_shadow=&#8220;box_shadow_enable:disable|shadow_horizontal:0|shadow_vertical:7|shadow_blur:90|shadow_spread:-38|box_shadow_color:rgba(0%2C0%2C0%2C0.1)&#8220; box_top_padding=&#8220;&#8220; box_right_padding=&#8220;&#8220; box_bottom_padding=&#8220;&#8220; box_left_padding=&#8220;&#8220; icon_type=&#8220;image&#8220; icon_image=&#8220;22104&#8243; gradient_icon_size=&#8220;70&#8243; style=&#8220;iconbox_style8&#8243; title_font_options=&#8220;tag:h5&#8243; class=&#8220;no-padding&#8220;]Vereinfachen Sie Betrieb und Wartung[\/apress_gradient_icon_box][\/vc_column_inner][vc_column_inner el_class=&#8220;custom_sidebar&#8220; width=&#8220;1\/3&#8243;][apress_gradient_icon_box description=&#8220;Schweizer Qualit\u00e4t, hochwertige Komponenten und umfangreiche Tests und Kontrollen vermeiden Fehler und garantieren Ihnen h\u00f6chste Zuverl\u00e4ssigkeit.&#8220; box_bg_color=&#8220;&#8220; color_scheme=&#8220;gradient_scheme1&#8243; highlight_border_width=&#8220;0&#8243; highlight_border_color=&#8220;#ffffff&#8220; border_hover_color_scheme=&#8220;gradient_scheme1&#8243; box_hover_shadow=&#8220;box_shadow_enable:disable|shadow_horizontal:0|shadow_vertical:7|shadow_blur:90|shadow_spread:-38|box_shadow_color:rgba(0%2C0%2C0%2C0.1)&#8220; box_top_padding=&#8220;&#8220; box_right_padding=&#8220;&#8220; box_bottom_padding=&#8220;&#8220; box_left_padding=&#8220;&#8220; icon_type=&#8220;image&#8220; icon_image=&#8220;22008&#8243; gradient_icon_size=&#8220;70&#8243; style=&#8220;iconbox_style8&#8243; title_font_options=&#8220;tag:h5&#8243; class=&#8220;no-padding&#8220;]Steigern Sie die Zuverl\u00e4ssigkeit[\/apress_gradient_icon_box][\/vc_column_inner][\/vc_row_inner][vc_row_inner equal_height=&#8220;yes&#8220; gap=&#8220;20&#8243; el_class=&#8220;benefits-column-row&#8220;][vc_column_inner el_class=&#8220;custom_sidebar&#8220; width=&#8220;1\/3&#8243;][apress_gradient_icon_box description=&#8220;Wir unterst\u00fctzen Sie w\u00e4hrend des gesamten Produktlebenszyklus. Unser motiviertes Team steht Ihnen von der Planung bis zur Inbetriebnahme zur Seite \u2013 wo und wann immer Sie wollen.&#8220; box_bg_color=&#8220;&#8220; color_scheme=&#8220;gradient_scheme1&#8243; highlight_border_width=&#8220;0&#8243; highlight_border_color=&#8220;#ffffff&#8220; border_hover_color_scheme=&#8220;gradient_scheme1&#8243; box_hover_shadow=&#8220;box_shadow_enable:disable|shadow_horizontal:0|shadow_vertical:7|shadow_blur:90|shadow_spread:-38|box_shadow_color:rgba(0%2C0%2C0%2C0.1)&#8220; box_top_padding=&#8220;&#8220; box_right_padding=&#8220;&#8220; box_bottom_padding=&#8220;&#8220; box_left_padding=&#8220;&#8220; icon_type=&#8220;image&#8220; icon_image=&#8220;22014&#8243; gradient_icon_size=&#8220;70&#8243; style=&#8220;iconbox_style8&#8243; title_font_options=&#8220;tag:h5&#8243; class=&#8220;no-padding&#8220;]Sparen Sie Zeit und \u00c4rger[\/apress_gradient_icon_box][\/vc_column_inner][vc_column_inner el_class=&#8220;custom_sidebar&#8220; width=&#8220;1\/3&#8243;][apress_gradient_icon_box description=&#8220;Unser erfahrenes Servicepersonal ist so geschult, dass sich auch anspruchsvolle Arbeiten rund um den Schaltanlagenbau einfach erledigen lassen.&#8220; box_bg_color=&#8220;&#8220; color_scheme=&#8220;gradient_scheme1&#8243; highlight_border_width=&#8220;0&#8243; highlight_border_color=&#8220;#ffffff&#8220; border_hover_color_scheme=&#8220;gradient_scheme1&#8243; box_hover_shadow=&#8220;box_shadow_enable:disable|shadow_horizontal:0|shadow_vertical:7|shadow_blur:90|shadow_spread:-38|box_shadow_color:rgba(0%2C0%2C0%2C0.1)&#8220; box_top_padding=&#8220;&#8220; box_right_padding=&#8220;&#8220; box_bottom_padding=&#8220;&#8220; box_left_padding=&#8220;&#8220; icon_type=&#8220;image&#8220; icon_image=&#8220;22098&#8243; gradient_icon_size=&#8220;70&#8243; style=&#8220;iconbox_style8&#8243; title_font_options=&#8220;tag:h5&#8243; class=&#8220;no-padding&#8220;]Vertrauen Sie unseren Experten[\/apress_gradient_icon_box][\/vc_column_inner][\/vc_row_inner][\/vc_column][\/vc_row][vc_row full_width=&#8220;stretch_row&#8220; equal_height=&#8220;yes&#8220; css=&#8220;.vc_custom_1751369662705{padding-top: 80px !important;padding-bottom: 100px !important;background-color: #F2F2F2 !important;}&#8220; el_class=&#8220;testimonial-wrap&#8220;][vc_column centered_text=&#8220;true&#8220;]<div class=\"ult-spacer spacer-69e8bc14b24a2\" data-id=\"69e8bc14b24a2\" data-height=\"80\" data-height-mobile=\"80\" data-height-tab=\"80\" data-height-tab-portrait=\"\" data-height-mobile-landscape=\"\" style=\"clear:both;display:block;\"><\/div>[apress_button button_text=&#8220;Erfahren Sie mehr in unseren Schaltanlagen Referenzprojekten&#8220; button_size=&#8220;medium&#8220; button_alignment=&#8220;center&#8220; box_shadow=&#8220;box_shadow_enable:disable|shadow_horizontal:1|shadow_vertical:2|shadow_blur:4|shadow_spread:0|box_shadow_color:rgba(0%2C0%2C0%2C0.2)&#8220; box_hover_shadow=&#8220;box_shadow_enable:disable|shadow_horizontal:2|shadow_vertical:2|shadow_blur:7|shadow_spread:0|box_shadow_color:rgba(0%2C0%2C0%2C0.2)&#8220; button_swing=&#8220;yes&#8220; button_shape=&#8220;square&#8220; button_link=&#8220;url:%2Fde%2Freferenzprojekte%2F|title:Reference%20projects&#8220;][\/vc_column][\/vc_row][vc_row full_width=&#8220;stretch_row&#8220; equal_height=&#8220;yes&#8220; css=&#8220;.vc_custom_1574722697905{padding-top: 80px !important;padding-bottom: 80px !important;}&#8220;][vc_column][apress_heading sub_title=&#8220;Werfen Sie einen Blick in unsere Schaltanlagen-Brosch\u00fcre oder kontaktieren Sie noch heute eines unserer Teammitglieder.&#8220; content_alignment=&#8220;left&#8220; enable_delimiter=&#8220;&#8220; color_scheme=&#8220;design_your_own&#8220; main_heading_color=&#8220;#000000&#8243; style=&#8220;heading_style5&#8243; title_font_options=&#8220;tag:h2&#8243; subtitle_font_options=&#8220;tag:div|color:%236980b4&#8243; heading_margin=&#8220;margin-top:10|margin-bottom:30&#8243;]<strong>Interessieren Sie sich f\u00fcr die technischen Details?<\/strong>[\/apress_heading]<div class=\"ult-spacer spacer-69e8bc14b251c\" data-id=\"69e8bc14b251c\" data-height=\"80\" data-height-mobile=\"80\" data-height-tab=\"80\" data-height-tab-portrait=\"\" data-height-mobile-landscape=\"\" style=\"clear:both;display:block;\"><\/div>[vc_row_inner el_class=&#8220;action-btn-with-img&#8220;][vc_column_inner width=&#8220;1\/3&#8243;]\r\n<!--Image Box Start-->\r\n<div class=\"zolo_imagebox_new_wrapper zolo_imagebox_new_159042333569e8bc14b25fd new_imagebox_style5 noanimation\" data-animation =\"No Animation\" data-delay =\"500\" data-id =\"zolo_imagebox_new_159042333569e8bc14b25fd\">\r\n    <a title=\"\" href=\"https:\/\/the-rsgroup.com\/wp-content\/uploads\/2020\/01\/Electric-Switchboards_Product-brochure_DE.pdf\" target=\"_blank\" rel=\"\">\r\n    <div class=\"zolo_imagebox_new_box\">\r\n        <div class=\"img_thumbnail\"><img decoding=\"async\" src=\"https:\/\/the-rsgroup.com\/wp-content\/uploads\/2025\/07\/icon6.png\"\/><\/div>\r\n        <div class=\"zolo_imagebox_new_content\">\r\n            <div class=\"zolo_imagebox_new_title_des\">\r\n        <h2 class=\"entry-title zolo_imagebox_new_title\" style=\"color:#ffffff; \">        Brosch\u00fcre Schaltanlagen <\/h2>                              <\/div>\r\n    <\/div>\r\n          <\/div>\r\n    <\/a>\r\n  <\/div>\r\n<!--Image Box End-->\r\n\r\n[\/vc_column_inner][vc_column_inner width=&#8220;1\/3&#8243;]\r\n<!--Image Box Start-->\r\n<div class=\"zolo_imagebox_new_wrapper zolo_imagebox_new_34166065769e8bc14b5309 new_imagebox_style5 noanimation\" data-animation =\"No Animation\" data-delay =\"500\" data-id =\"zolo_imagebox_new_34166065769e8bc14b5309\">\r\n    <a title=\"\" href=\"https:\/\/the-rsgroup.com\/de\/produkte\/downloads\/\" target=\"_blank\" rel=\"\">\r\n    <div class=\"zolo_imagebox_new_box\">\r\n        <div class=\"img_thumbnail\"><img decoding=\"async\" src=\"https:\/\/the-rsgroup.com\/wp-content\/uploads\/2025\/07\/icon7.png\"\/><\/div>\r\n        <div class=\"zolo_imagebox_new_content\">\r\n            <div class=\"zolo_imagebox_new_title_des\">\r\n        <h2 class=\"entry-title zolo_imagebox_new_title\" style=\"color:#ffffff; \">        Downloadbereich <\/h2>                              <\/div>\r\n    <\/div>\r\n          <\/div>\r\n    <\/a>\r\n  <\/div>\r\n<!--Image Box End-->\r\n\r\n[\/vc_column_inner][vc_column_inner width=&#8220;1\/3&#8243;][\/vc_column_inner][\/vc_row_inner]<div class=\"ult-spacer spacer-69e8bc14b5c4b\" data-id=\"69e8bc14b5c4b\" data-height=\"80\" data-height-mobile=\"80\" data-height-tab=\"80\" data-height-tab-portrait=\"\" data-height-mobile-landscape=\"\" style=\"clear:both;display:block;\"><\/div>[vc_separator color=&#8220;custom&#8220; css=&#8220;&#8220; accent_color=&#8220;#D7D7D7&#8243;]<div class=\"ult-spacer spacer-69e8bc14b5cd1\" data-id=\"69e8bc14b5cd1\" data-height=\"60\" data-height-mobile=\"60\" data-height-tab=\"60\" data-height-tab-portrait=\"\" data-height-mobile-landscape=\"\" style=\"clear:both;display:block;\"><\/div>[apress_heading sub_title=&#8220;&#8220; content_alignment=&#8220;left&#8220; enable_delimiter=&#8220;&#8220; color_scheme=&#8220;design_your_own&#8220; main_heading_color=&#8220;#000000&#8243; style=&#8220;heading_style5&#8243; title_font_options=&#8220;tag:h2&#8243; subtitle_font_options=&#8220;tag:div&#8220; heading_margin=&#8220;margin-top:10|margin-bottom:30&#8243;]Wir passen unsere Schaltanlagen an Ihre Bed\u00fcrfnisse an[\/apress_heading][vc_column_text css=&#8220;&#8220;]In Zusammenarbeit mit unseren Kunden ermitteln wir die Anforderungen jedes Projekts, suchen L\u00f6sungen und erarbeiten Implementierungsvorschl\u00e4ge. Ausserdem unterst\u00fctzen wir Sie auch bei der Konzeptbearbeitung, Budgeterstellung, Planung und Realisation, Erstellung und Revision von Elektroschemata und der Erstellung von Dispositionen. Nach der Installation stehen wir Ihnen zur Seite und f\u00fchren Anpassungen und Erweiterungen durch.[\/vc_column_text][\/vc_column][\/vc_row][vc_row full_width=&#8220;stretch_row_content&#8220; equal_height=&#8220;yes&#8220; content_placement=&#8220;middle&#8220; el_class=&#8220;product-info-column&#8220; css=&#8220;.vc_custom_1758620518511{padding-top: 80px !important;padding-bottom: 80px !important;background-color: #F2F2F2 !important;}&#8220;][vc_column css=&#8220;.vc_custom_1766467288851{padding-top: 0px !important;padding-right: 0px !important;padding-bottom: 0px !important;padding-left: 0px !important;}&#8220; el_id=&#8220;transformatory&#8220;][vc_row_inner][vc_column_inner width=&#8220;1\/4&#8243;]\r\n<!--Image Box Start-->\r\n<div class=\"zolo_imagebox_new_wrapper zolo_imagebox_new_1089632969e8bc14b5ea3 new_imagebox_style3 noanimation\" data-animation =\"No Animation\" data-delay =\"500\" data-id =\"zolo_imagebox_new_1089632969e8bc14b5ea3\">\r\n    <div class=\"zolo_imagebox_new_box\">\r\n            <div class=\"img_thumbnail\"><img decoding=\"async\" src=\"https:\/\/the-rsgroup.com\/wp-content\/uploads\/2020\/08\/Rahmenverteiler-Schaltanlagen-1.png\"\/><\/div>\r\n        <div class=\"zolo_imagebox_new_content\">\r\n      <div class=\"zolo_imagebox_new_title_des\">\r\n        <h2 class=\"entry-title zolo_imagebox_new_title\" style=\"color:#000000; \">        Standard-Rahmenverteiler <\/h2>                <span class=\"zolo_imagebox_description\" style=\"color:#000000; \">        - Individuell angefertigt<br \/>\n- Standardisierte Versionen<br \/>\n- Kurzschlussstrom bis zu 17 kA (Ipk)<br \/>\n- Konstruktion verifiziert gem\u00e4ss SNEN 61439-1\/2 oder 3 <\/span> <\/div>\r\n    <\/div>\r\n          <\/div>\r\n  <\/div>\r\n<!--Image Box End-->\r\n\r\n[\/vc_column_inner][vc_column_inner width=&#8220;1\/4&#8243;]\r\n<!--Image Box Start-->\r\n<div class=\"zolo_imagebox_new_wrapper zolo_imagebox_new_135197157569e8bc14b7ac5 new_imagebox_style3 noanimation\" data-animation =\"No Animation\" data-delay =\"500\" data-id =\"zolo_imagebox_new_135197157569e8bc14b7ac5\">\r\n    <div class=\"zolo_imagebox_new_box\">\r\n            <div class=\"img_thumbnail\"><img decoding=\"async\" src=\"https:\/\/the-rsgroup.com\/wp-content\/uploads\/2020\/08\/Steuer-Schaltanlagen-klein-1.png\"\/><\/div>\r\n        <div class=\"zolo_imagebox_new_content\">\r\n      <div class=\"zolo_imagebox_new_title_des\">\r\n        <h2 class=\"entry-title zolo_imagebox_new_title\" style=\"color:#000000; \">        Steuerschaltanlage <\/h2>                <span class=\"zolo_imagebox_description\" style=\"color:#000000; \">        - Steuerung von HLK-Anlagen<br \/>\n- Steuerungen der Geb\u00e4udeautomatisierung<br \/>\n- Maschinensteuerung<br \/>\n- Brandmeldeanlagen und Ventilation in Tunneln<br \/>\n- Konstruktion verifiziert gem\u00e4ss SNEN 61439-1\/2 und SNEN 60204 <\/span> <\/div>\r\n    <\/div>\r\n          <\/div>\r\n  <\/div>\r\n<!--Image Box End-->\r\n\r\n[\/vc_column_inner][vc_column_inner width=&#8220;1\/4&#8243;]\r\n<!--Image Box Start-->\r\n<div class=\"zolo_imagebox_new_wrapper zolo_imagebox_new_192865205069e8bc14ba5c4 new_imagebox_style3 noanimation\" data-animation =\"No Animation\" data-delay =\"500\" data-id =\"zolo_imagebox_new_192865205069e8bc14ba5c4\">\r\n    <div class=\"zolo_imagebox_new_box\">\r\n            <div class=\"img_thumbnail\"><img decoding=\"async\" src=\"https:\/\/the-rsgroup.com\/wp-content\/uploads\/2020\/08\/Unterverteilungs-Schaltanlagen.png\"\/><\/div>\r\n        <div class=\"zolo_imagebox_new_content\">\r\n      <div class=\"zolo_imagebox_new_title_des\">\r\n        <h2 class=\"entry-title zolo_imagebox_new_title\" style=\"color:#000000; \">        Haupt- und Unterverteilungsschaltanlage f\u00fcr Niederspannung <\/h2>                <span class=\"zolo_imagebox_description\" style=\"color:#000000; \">        - Individuell angefertigte Schaltanlagen bis zu 17 kA (Ipk)<br \/>\n- Systemzertifizierte Schaltanlagen bis 6.300 A \/ 85 kA (Ipk)<br \/>\n- Konstruktion verifiziert gem\u00e4ss SNEN 61439-1\/2 <\/span> <\/div>\r\n    <\/div>\r\n          <\/div>\r\n  <\/div>\r\n<!--Image Box End-->\r\n\r\n[\/vc_column_inner][vc_column_inner width=&#8220;1\/4&#8243;]\r\n<!--Image Box Start-->\r\n<div class=\"zolo_imagebox_new_wrapper zolo_imagebox_new_144627277769e8bc14beef1 new_imagebox_style3 noanimation\" data-animation =\"No Animation\" data-delay =\"500\" data-id =\"zolo_imagebox_new_144627277769e8bc14beef1\">\r\n    <div class=\"zolo_imagebox_new_box\">\r\n            <div class=\"img_thumbnail\"><img decoding=\"async\" src=\"https:\/\/the-rsgroup.com\/wp-content\/uploads\/2020\/08\/Spezial-Schaltanlagen.png\"\/><\/div>\r\n        <div class=\"zolo_imagebox_new_content\">\r\n      <div class=\"zolo_imagebox_new_title_des\">\r\n        <h2 class=\"entry-title zolo_imagebox_new_title\" style=\"color:#000000; \">        Spezialanlagen <\/h2>                <span class=\"zolo_imagebox_description\" style=\"color:#000000; \">        - Individuelle L\u00f6sungen<br \/>\n- Energieversorgung f\u00fcr Mobilfunkanlagen<br \/>\n- Energieversorgung f\u00fcr Test- und Pr\u00fcfanlagen <\/span> <\/div>\r\n    <\/div>\r\n          <\/div>\r\n  <\/div>\r\n<!--Image Box End-->\r\n\r\n[\/vc_column_inner][\/vc_row_inner][\/vc_column][\/vc_row]<\/p>\n<\/div>","protected":false},"excerpt":{"rendered":"<p>[vc_section full_width=&#8220;stretch_row&#8220; content_placement=&#8220;middle&#8220; min_height=&#8220;480&#8243; css=&#8220;.vc_custom_1759592151058{background-image: url(https:\/\/the-rsgroup.com\/wp-content\/uploads\/2019\/09\/shutterstock_1009873003_2.jpg?id=2225) !important;background-position: center !important;background-repeat: no-repeat !important;background-size: cover !important;}&#8220; el_class=&#8220;inner-page-banner-section&#8220;][vc_row][vc_column][apress_heading sub_title=&#8220;Entwickelt, um die speziellen Anforderungen Ihres individuellen Projekts zu erf\u00fcllen&#8220; content_alignment=&#8220;left&#8220; data_animation=&#8220;fadeInRight&#8220; enable_delimiter=&#8220;&#8220; style=&#8220;heading_style1&#8243; title_font_options=&#8220;tag:h1&#8243; subtitle_font_options=&#8220;tag:div&#8220;]Schaltanlagen[\/apress_heading][\/vc_column][\/vc_row][\/vc_section][vc_row css=&#8220;.vc_custom_1758620783038{padding-top: 80px !important;padding-bottom: 80px !important;}&#8220;][vc_column apress_zindex=&#8220;9&#8243; el_class=&#8220;custom_sidebar high_zIndex&#8220;][vc_row_inner][vc_column_inner][apress_heading sub_title=&#8220;&#8220; content_alignment=&#8220;left&#8220;&hellip;<\/p>\n","protected":false},"author":1,"featured_media":0,"parent":8183,"menu_order":0,"comment_status":"closed","ping_status":"closed","template":"template-fullwidth-page.php","meta":{"_acf_changed":false,"_monsterinsights_skip_tracking":false,"_monsterinsights_sitenote_active":false,"_monsterinsights_sitenote_note":"","_monsterinsights_sitenote_category":0,"footnotes":""},"class_list":["post-8213","page","type-page","status-publish","hentry"],"acf":[],"_links":{"self":[{"href":"https:\/\/the-rsgroup.com\/de\/wp-json\/wp\/v2\/pages\/8213","targetHints":{"allow":["GET"]}}],"collection":[{"href":"https:\/\/the-rsgroup.com\/de\/wp-json\/wp\/v2\/pages"}],"about":[{"href":"https:\/\/the-rsgroup.com\/de\/wp-json\/wp\/v2\/types\/page"}],"author":[{"embeddable":true,"href":"https:\/\/the-rsgroup.com\/de\/wp-json\/wp\/v2\/users\/1"}],"replies":[{"embeddable":true,"href":"https:\/\/the-rsgroup.com\/de\/wp-json\/wp\/v2\/comments?post=8213"}],"version-history":[{"count":14,"href":"https:\/\/the-rsgroup.com\/de\/wp-json\/wp\/v2\/pages\/8213\/revisions"}],"predecessor-version":[{"id":31864,"href":"https:\/\/the-rsgroup.com\/de\/wp-json\/wp\/v2\/pages\/8213\/revisions\/31864"}],"up":[{"embeddable":true,"href":"https:\/\/the-rsgroup.com\/de\/wp-json\/wp\/v2\/pages\/8183"}],"wp:attachment":[{"href":"https:\/\/the-rsgroup.com\/de\/wp-json\/wp\/v2\/media?parent=8213"}],"curies":[{"name":"wp","href":"https:\/\/api.w.org\/{rel}","templated":true}]}}