{"id":8233,"date":"2020-01-31T09:17:32","date_gmt":"2020-01-31T09:17:32","guid":{"rendered":"http:\/\/the-rsgroup.com\/produkte\/service-und-support"},"modified":"2025-12-22T05:24:24","modified_gmt":"2025-12-22T05:24:24","slug":"service-und-support","status":"publish","type":"page","link":"https:\/\/the-rsgroup.com\/de\/produkte\/service-und-support\/","title":{"rendered":"Service und Support"},"content":{"rendered":"<div class=\"wpb-content-wrapper\"><p>[vc_section full_width=&#8220;stretch_row&#8220; content_placement=&#8220;middle&#8220; min_height=&#8220;480&#8243; css=&#8220;.vc_custom_1763209605103{background-image: url(https:\/\/the-rsgroup.com\/wp-content\/uploads\/2025\/11\/Slider_Service_and_Support.jpg?id=26316) !important;background-position: center !important;background-repeat: no-repeat !important;background-size: cover !important;}&#8220; el_class=&#8220;inner-page-banner-section&#8220;][vc_row][vc_column][apress_heading sub_title=&#8220;Wir sind f\u00fcr Sie da&#8220; content_alignment=&#8220;left&#8220; data_animation=&#8220;fadeInRight&#8220; enable_delimiter=&#8220;&#8220; style=&#8220;heading_style1&#8243; title_font_options=&#8220;tag:h1&#8243; subtitle_font_options=&#8220;tag:div&#8220;]Service und Support[\/apress_heading][\/vc_column][\/vc_row][\/vc_section][vc_row css=&#8220;.vc_custom_1753947357283{padding-top: 80px !important;padding-bottom: 80px !important;}&#8220;][vc_column apress_zindex=&#8220;9&#8243; el_class=&#8220;custom_sidebar high_zIndex&#8220;][vc_row_inner][vc_column_inner][apress_heading sub_title=&#8220;&#8220; content_alignment=&#8220;left&#8220; enable_delimiter=&#8220;&#8220; color_scheme=&#8220;color_scheme2&#8243; style=&#8220;heading_style6&#8243; title_font_options=&#8220;tag:h2|letter_spacing:0&#8243; subtitle_font_options=&#8220;tag:div|letter_spacing:3&#8243; heading_margin=&#8220;margin-bottom:30&#8243;]Von der ersten Beratung \u00fcber die Projektplanung, Fertigung, Installation und den gesamten Produktlebenszyklus unterst\u00fctzen wir von R&amp;S Sie von A bis Z.[\/apress_heading][\/vc_column_inner][\/vc_row_inner][vc_row_inner][vc_column_inner width=&#8220;1\/3&#8243;][vc_single_image image=&#8220;21970&#8243; img_size=&#8220;full&#8220; css=&#8220;&#8220;][\/vc_column_inner][vc_column_inner width=&#8220;2\/3&#8243;][vc_column_text css=&#8220;.vc_custom_1766381048047{padding-left: 25px !important;}&#8220;]Auch nach der Installation unterst\u00fctzt R&amp;S Sie und sorgt daf\u00fcr, dass Ihre Anlage im Wettbewerb die Nase vorn hat. Wir helfen Ihnen durch pr\u00e4ventive Wartung, Optimierung und Systemerneuerung. Damit Sie den Kopf frei haben und sich auf Ihr Kerngesch\u00e4ft konzentrieren k\u00f6nnen. Wir k\u00fcmmern uns um Reparaturen und Upgrades und bieten Ihren Mitarbeitern die beste Ausbildung.[\/vc_column_text][\/vc_column_inner][\/vc_row_inner][\/vc_column][\/vc_row][vc_row full_width=&#8220;stretch_row&#8220; equal_height=&#8220;yes&#8220; css=&#8220;.vc_custom_1753947333217{padding-bottom: 100px !important;}&#8220;][vc_column][apress_heading sub_title=&#8220;&#8220; content_alignment=&#8220;left&#8220; enable_delimiter=&#8220;&#8220; color_scheme=&#8220;design_your_own&#8220; main_heading_color=&#8220;#000000&#8243; style=&#8220;heading_style5&#8243; title_font_options=&#8220;tag:h2|font_size:30|letter_spacing:0&#8243; subtitle_font_options=&#8220;tag:div|letter_spacing:3&#8243;]Vorteile, die f\u00fcr sich selbst sprechen[\/apress_heading]<div class=\"ult-spacer spacer-69ede70774e81\" data-id=\"69ede70774e81\" data-height=\"60\" data-height-mobile=\"60\" data-height-tab=\"60\" data-height-tab-portrait=\"\" data-height-mobile-landscape=\"\" style=\"clear:both;display:block;\"><\/div>[vc_row_inner equal_height=&#8220;yes&#8220; gap=&#8220;20&#8243; el_class=&#8220;benefits-column-row&#8220;][vc_column_inner el_class=&#8220;custom_sidebar&#8220; width=&#8220;1\/3&#8243;][apress_gradient_icon_box description=&#8220;Durch unsere weltweite Pr\u00e4senz k\u00f6nnen wir Ihnen an jedem Ort zuverl\u00e4ssige Unterst\u00fctzung und Service bieten &#8211; garantiert.&#8220; box_bg_color=&#8220;&#8220; color_scheme=&#8220;gradient_scheme1&#8243; highlight_border_width=&#8220;0&#8243; highlight_border_color=&#8220;#ffffff&#8220; border_hover_color_scheme=&#8220;gradient_scheme1&#8243; box_hover_shadow=&#8220;box_shadow_enable:disable|shadow_horizontal:0|shadow_vertical:7|shadow_blur:90|shadow_spread:-38|box_shadow_color:rgba(0%2C0%2C0%2C0.1)&#8220; box_top_padding=&#8220;&#8220; box_right_padding=&#8220;&#8220; box_bottom_padding=&#8220;&#8220; box_left_padding=&#8220;&#8220; icon_type=&#8220;image&#8220; icon_image=&#8220;21707&#8243; gradient_icon_size=&#8220;70&#8243; style=&#8220;iconbox_style8&#8243; title_font_options=&#8220;tag:h5&#8243; class=&#8220;no-padding&#8220;]Weltweite Pr\u00e4senz[\/apress_gradient_icon_box][\/vc_column_inner][vc_column_inner el_class=&#8220;custom_sidebar&#8220; width=&#8220;1\/3&#8243;][apress_gradient_icon_box description=&#8220;Unser Support-Team ist immer f\u00fcr Sie da, wenn Sie es brauchen. Unsere schnelle Reaktionszeit spricht f\u00fcr sich selbst.&#8220; box_bg_color=&#8220;&#8220; color_scheme=&#8220;gradient_scheme1&#8243; highlight_border_width=&#8220;0&#8243; highlight_border_color=&#8220;#ffffff&#8220; border_hover_color_scheme=&#8220;gradient_scheme1&#8243; box_hover_shadow=&#8220;box_shadow_enable:disable|shadow_horizontal:0|shadow_vertical:7|shadow_blur:90|shadow_spread:-38|box_shadow_color:rgba(0%2C0%2C0%2C0.1)&#8220; box_top_padding=&#8220;&#8220; box_right_padding=&#8220;&#8220; box_bottom_padding=&#8220;&#8220; box_left_padding=&#8220;&#8220; icon_type=&#8220;image&#8220; icon_image=&#8220;22104&#8243; gradient_icon_size=&#8220;70&#8243; style=&#8220;iconbox_style8&#8243; title_font_options=&#8220;tag:h5&#8243; class=&#8220;no-padding&#8220;]Schnelle Unterst\u00fctzung[\/apress_gradient_icon_box][\/vc_column_inner][vc_column_inner el_class=&#8220;custom_sidebar&#8220; width=&#8220;1\/3&#8243;][apress_gradient_icon_box description=&#8220;Unsere hochqualifizierten und erfahrenen Mitarbeiter erledigen problemlos Reparaturen und Aufr\u00fcstungen.&#8220; box_bg_color=&#8220;&#8220; color_scheme=&#8220;gradient_scheme1&#8243; highlight_border_width=&#8220;0&#8243; highlight_border_color=&#8220;#ffffff&#8220; border_hover_color_scheme=&#8220;gradient_scheme1&#8243; box_hover_shadow=&#8220;box_shadow_enable:disable|shadow_horizontal:0|shadow_vertical:7|shadow_blur:90|shadow_spread:-38|box_shadow_color:rgba(0%2C0%2C0%2C0.1)&#8220; box_top_padding=&#8220;&#8220; box_right_padding=&#8220;&#8220; box_bottom_padding=&#8220;&#8220; box_left_padding=&#8220;&#8220; icon_type=&#8220;image&#8220; icon_image=&#8220;22098&#8243; gradient_icon_size=&#8220;70&#8243; style=&#8220;iconbox_style8&#8243; title_font_options=&#8220;tag:h5&#8243; class=&#8220;no-padding&#8220;]\u00dcberaus kompetente Mitarbeiter[\/apress_gradient_icon_box][\/vc_column_inner][\/vc_row_inner][\/vc_column][\/vc_row][vc_row apcore_row_stretch_opt=&#8220;stretch_row_and_content&#8220; full_width=&#8220;stretch_row&#8220; equal_height=&#8220;yes&#8220; el_class=&#8220;full-width-half-content&#8220; css=&#8220;.vc_custom_1753947166731{padding-top: 0px !important;padding-bottom: 0px !important;}&#8220;][vc_column width=&#8220;1\/2&#8243;][vc_single_image image=&#8220;9712&#8243; img_size=&#8220;full&#8220; css=&#8220;.vc_custom_1753946442075{padding-top: 0px !important;padding-right: 0px !important;padding-bottom: 0px !important;padding-left: 0px !important;}&#8220;][\/vc_column][vc_column width=&#8220;1\/2&#8243; el_class=&#8220;half-content-column&#8220;][apress_heading sub_title=&#8220;&#8220; content_alignment=&#8220;left&#8220; enable_delimiter=&#8220;&#8220; color_scheme=&#8220;color_scheme2&#8243; style=&#8220;heading_style5&#8243; title_font_options=&#8220;tag:h2&#8243; subtitle_font_options=&#8220;tag:div&#8220; heading_margin=&#8220;margin-top:10|margin-bottom:30&#8243;]Gestalten Sie Ihr System zukunftssicher[\/apress_heading]<div class=\"ult-spacer spacer-69ede70775002\" data-id=\"69ede70775002\" data-height=\"20\" data-height-mobile=\"20\" data-height-tab=\"20\" data-height-tab-portrait=\"\" data-height-mobile-landscape=\"\" style=\"clear:both;display:block;\"><\/div>[vc_column_text css=&#8220;&#8220;]Basierend auf der jahrzehntelangen Erfahrung im Bereich After-Sales-Service f\u00fchrt R&amp;S Reparaturen, Upgrades und Wartungen an Transformatoren, Hoch- und Mittelspannungsschaltern, Freileitungsschaltern, Bahnschaltern, elektrischen Industriesteckverbindern, Schaltanlagen und Hausanschl\u00fcssen durch. Unsere hochqualifizierten Mitarbeiter besuchen Sie vor Ort, erstellen eine detaillierte Analyse und bieten Ihnen die besten Reparatur- und Aufr\u00fcstungsl\u00f6sungen an.[\/vc_column_text][\/vc_column][\/vc_row][vc_row apcore_row_stretch_opt=&#8220;stretch_row_and_content&#8220; full_width=&#8220;stretch_row&#8220; equal_height=&#8220;yes&#8220; el_class=&#8220;full-width-half-content&#8220; css=&#8220;.vc_custom_1763531347019{padding-top: 0px !important;padding-bottom: 0px !important;}&#8220; el_id=&#8220;col-reverse&#8220;][vc_column width=&#8220;1\/2&#8243; el_class=&#8220;half-content-column&#8220;][apress_heading sub_title=&#8220;&#8220; content_alignment=&#8220;left&#8220; enable_delimiter=&#8220;&#8220; color_scheme=&#8220;gradient_scheme1&#8243; style=&#8220;heading_style5&#8243; title_font_options=&#8220;tag:h2&#8243; subtitle_font_options=&#8220;tag:div&#8220; heading_margin=&#8220;margin-top:10|margin-bottom:30&#8243;]Schenken Sie unseren modernen Testlabors Ihr Vertrauen[\/apress_heading]<div class=\"ult-spacer spacer-69ede707750ec\" data-id=\"69ede707750ec\" data-height=\"20\" data-height-mobile=\"20\" data-height-tab=\"20\" data-height-tab-portrait=\"\" data-height-mobile-landscape=\"\" style=\"clear:both;display:block;\"><\/div>[vc_column_text css=&#8220;&#8220;]Diagnostik und Messungen stellen einen wesentlichen Teil unseres Gesch\u00e4fts dar. R&amp;S verf\u00fcgt \u00fcber modernste Messger\u00e4te, ein voll ausgestattetes Labor und erfahrene Mitarbeiter. Vom Testen von Isolier\u00f6len bis zum Messen von elektrischen Anlagen k\u00f6nnen wir eine umfassende Palette verschiedener Diagnostikleistungen anbieten. Dank unserer modernen Pr\u00fcflabors k\u00f6nnen wir Ihnen eine hervorragende Beratung bieten und gleichzeitig Qualit\u00e4t und Produktsicherheit garantieren.[\/vc_column_text][\/vc_column][vc_column width=&#8220;1\/2&#8243;][vc_single_image image=&#8220;9707&#8243; img_size=&#8220;full&#8220; css=&#8220;.vc_custom_1753946599338{padding-top: 0px !important;padding-right: 0px !important;padding-bottom: 0px !important;padding-left: 0px !important;}&#8220;][\/vc_column][\/vc_row][vc_row apcore_row_stretch_opt=&#8220;stretch_row_and_content&#8220; full_width=&#8220;stretch_row&#8220; equal_height=&#8220;yes&#8220; el_class=&#8220;full-width-half-content&#8220; css=&#8220;.vc_custom_1753947190194{padding-top: 0px !important;padding-bottom: 0px !important;}&#8220;][vc_column width=&#8220;1\/2&#8243;][vc_single_image image=&#8220;10094&#8243; img_size=&#8220;full&#8220; css=&#8220;.vc_custom_1753946659761{padding-top: 0px !important;padding-right: 0px !important;padding-bottom: 0px !important;padding-left: 0px !important;}&#8220;][\/vc_column][vc_column width=&#8220;1\/2&#8243; el_class=&#8220;half-content-column&#8220;][apress_heading sub_title=&#8220;&#8220; content_alignment=&#8220;left&#8220; enable_delimiter=&#8220;&#8220; color_scheme=&#8220;color_scheme2&#8243; style=&#8220;heading_style5&#8243; title_font_options=&#8220;tag:h2&#8243; subtitle_font_options=&#8220;tag:div&#8220; heading_margin=&#8220;margin-top:10|margin-bottom:30&#8243;]Bef\u00e4higen Sie Ihre Mitarbeiter[\/apress_heading]<div class=\"ult-spacer spacer-69ede7077517b\" data-id=\"69ede7077517b\" data-height=\"20\" data-height-mobile=\"20\" data-height-tab=\"20\" data-height-tab-portrait=\"\" data-height-mobile-landscape=\"\" style=\"clear:both;display:block;\"><\/div>[vc_column_text css=&#8220;&#8220;]Dank regelm\u00e4ssiger Aus- und Weiterbildungsma\u00dfnahmen on-the-job und off-the-job sind unsere Mitarbeitenden bestens geschult und geben ihr umfangreiches Fachwissen gerne an Sie weiter. Wir bieten eine Vielzahl von Schulungen zur fachgerechten Installation, Bedienung und Wartung an. Die Schulungen und Beratungen k\u00f6nnen wahlweise in unseren Produktionsst\u00e4tten oder bei Ihnen vor Ort durchgef\u00fchrt werden.[\/vc_column_text][\/vc_column][\/vc_row]<\/p>\n<\/div>","protected":false},"excerpt":{"rendered":"<p>[vc_section full_width=&#8220;stretch_row&#8220; content_placement=&#8220;middle&#8220; min_height=&#8220;480&#8243; css=&#8220;.vc_custom_1763209605103{background-image: url(https:\/\/the-rsgroup.com\/wp-content\/uploads\/2025\/11\/Slider_Service_and_Support.jpg?id=26316) !important;background-position: center !important;background-repeat: no-repeat !important;background-size: cover !important;}&#8220; el_class=&#8220;inner-page-banner-section&#8220;][vc_row][vc_column][apress_heading sub_title=&#8220;Wir sind f\u00fcr Sie da&#8220; content_alignment=&#8220;left&#8220; data_animation=&#8220;fadeInRight&#8220; enable_delimiter=&#8220;&#8220; style=&#8220;heading_style1&#8243; title_font_options=&#8220;tag:h1&#8243; subtitle_font_options=&#8220;tag:div&#8220;]Service und Support[\/apress_heading][\/vc_column][\/vc_row][\/vc_section][vc_row css=&#8220;.vc_custom_1753947357283{padding-top: 80px !important;padding-bottom: 80px !important;}&#8220;][vc_column apress_zindex=&#8220;9&#8243; el_class=&#8220;custom_sidebar high_zIndex&#8220;][vc_row_inner][vc_column_inner][apress_heading sub_title=&#8220;&#8220; content_alignment=&#8220;left&#8220; enable_delimiter=&#8220;&#8220; color_scheme=&#8220;color_scheme2&#8243; style=&#8220;heading_style6&#8243;&hellip;<\/p>\n","protected":false},"author":1,"featured_media":0,"parent":8183,"menu_order":0,"comment_status":"closed","ping_status":"closed","template":"template-fullwidth-page.php","meta":{"_acf_changed":false,"_monsterinsights_skip_tracking":false,"_monsterinsights_sitenote_active":false,"_monsterinsights_sitenote_note":"","_monsterinsights_sitenote_category":0,"footnotes":""},"class_list":["post-8233","page","type-page","status-publish","hentry"],"acf":[],"_links":{"self":[{"href":"https:\/\/the-rsgroup.com\/de\/wp-json\/wp\/v2\/pages\/8233","targetHints":{"allow":["GET"]}}],"collection":[{"href":"https:\/\/the-rsgroup.com\/de\/wp-json\/wp\/v2\/pages"}],"about":[{"href":"https:\/\/the-rsgroup.com\/de\/wp-json\/wp\/v2\/types\/page"}],"author":[{"embeddable":true,"href":"https:\/\/the-rsgroup.com\/de\/wp-json\/wp\/v2\/users\/1"}],"replies":[{"embeddable":true,"href":"https:\/\/the-rsgroup.com\/de\/wp-json\/wp\/v2\/comments?post=8233"}],"version-history":[{"count":12,"href":"https:\/\/the-rsgroup.com\/de\/wp-json\/wp\/v2\/pages\/8233\/revisions"}],"predecessor-version":[{"id":31748,"href":"https:\/\/the-rsgroup.com\/de\/wp-json\/wp\/v2\/pages\/8233\/revisions\/31748"}],"up":[{"embeddable":true,"href":"https:\/\/the-rsgroup.com\/de\/wp-json\/wp\/v2\/pages\/8183"}],"wp:attachment":[{"href":"https:\/\/the-rsgroup.com\/de\/wp-json\/wp\/v2\/media?parent=8233"}],"curies":[{"name":"wp","href":"https:\/\/api.w.org\/{rel}","templated":true}]}}