{"id":8243,"date":"2020-01-31T09:28:20","date_gmt":"2020-01-31T09:28:20","guid":{"rendered":"http:\/\/the-rsgroup.com\/produkte\/schalter"},"modified":"2025-12-26T06:10:41","modified_gmt":"2025-12-26T06:10:41","slug":"schalter","status":"publish","type":"page","link":"https:\/\/the-rsgroup.com\/de\/produkte\/schalter\/","title":{"rendered":"Schalter"},"content":{"rendered":"<div class=\"wpb-content-wrapper\"><p>[vc_section full_width=&#8220;stretch_row&#8220; content_placement=&#8220;middle&#8220; min_height=&#8220;480&#8243; css=&#8220;.vc_custom_1752657332406{background-image: url(https:\/\/the-rsgroup.com\/wp-content\/uploads\/2025\/07\/Products-switches-banner-1.jpg?id=21974) !important;background-position: center !important;background-repeat: no-repeat !important;background-size: cover !important;}&#8220; el_class=&#8220;inner-page-banner-section&#8220;][vc_row][vc_column][apress_heading sub_title=&#8220;Zuverl\u00e4ssige Schalter f\u00fcr Umspannwerke, Oberleitungen und Bahnen&#8220; content_alignment=&#8220;left&#8220; data_animation=&#8220;fadeInRight&#8220; enable_delimiter=&#8220;&#8220; style=&#8220;heading_style1&#8243; title_font_options=&#8220;tag:h1&#8243; subtitle_font_options=&#8220;tag:div&#8220;]Schalter[\/apress_heading][\/vc_column][\/vc_row][\/vc_section][vc_row css=&#8220;.vc_custom_1575386912516{padding-top: 60px !important;padding-bottom: 60px !important;}&#8220;][vc_column apress_zindex=&#8220;9&#8243; el_class=&#8220;custom_sidebar high_zIndex&#8220;][vc_row_inner][vc_column_inner width=&#8220;1\/3&#8243;][vc_single_image image=&#8220;21846&#8243; img_size=&#8220;full&#8220; css=&#8220;&#8220;][\/vc_column_inner][vc_column_inner width=&#8220;2\/3&#8243; responsive_css=&#8220;margin_left_small:20px&#8220;][apress_heading sub_title=&#8220;&#8220; content_alignment=&#8220;left&#8220; enable_delimiter=&#8220;&#8220; color_scheme=&#8220;design_your_own&#8220; main_heading_color=&#8220;#000000&#8243; style=&#8220;heading_style1&#8243; title_font_options=&#8220;tag:h2|letter_spacing:1&#8243; subtitle_font_options=&#8220;tag:div&#8220; class=&#8220;h2-heading-custom&#8220;]Unsere Hoch- und Mittelspannungstrennschalter, Leistungsschalter und Erdungsschalter garantieren auch unter widrigen Umgebungsbedingungen einen zuverl\u00e4ssigen Betrieb.[\/apress_heading][vc_column_text css=&#8220;&#8220;]Sie k\u00f6nnen in Umspannwerken und bei Freileitungsanwendungen eingesetzt werden.<\/p>\n<p>Wir bieten auch Schalter f\u00fcr die Bahnelektrifizierung an. Da wir \u00fcber umfassende Kenntnisse der Bahnindustrie verf\u00fcgen und Projekte auf der ganzen Welt erfolgreich umgesetzt haben, k\u00f6nnen Sie sich auf unsere AC- und DC-Schalter verlassen \u2013 garantiert.[\/vc_column_text][\/vc_column_inner][\/vc_row_inner][\/vc_column][\/vc_row][vc_row full_width=&#8220;stretch_row&#8220; css=&#8220;.vc_custom_1752227920519{margin-top: 0px !important;padding-top: 60px !important;padding-bottom: 100px !important;background-color: #F2F2F2 !important;}&#8220; el_class=&#8220;related-product-info-box with-white-bg-pro&#8220;][vc_column el_id=&#8220;switches&#8220;][vc_row_inner][vc_column_inner width=&#8220;1\/2&#8243; offset=&#8220;vc_col-sm-offset-1&#8243;]\r\n<!--Image Box Start-->\r\n<div class=\"zolo_imagebox_new_swing new_imagebox_style4\"><div class=\"zolo_imagebox_new_wrapper zolo_imagebox_new_200274184569ede69b2e387 new_imagebox_style4 noanimation\" data-animation =\"No Animation\" data-delay =\"500\" data-id =\"zolo_imagebox_new_200274184569ede69b2e387\">\r\n    <a title=\"Freileitungsschalter\" href=\"\/de\/produkte\/schalter\/oberleitungsschalter\" target=\"_self\" rel=\"\">\r\n    <div class=\"zolo_imagebox_new_box\">\r\n        <div class=\"zolo_thumbnail\" style=\"background:url(https:\/\/the-rsgroup.com\/wp-content\/uploads\/2025\/10\/overhead-line-switches-rs.jpg) no-repeat center center; -moz-background-size:cover;-webkit-background-size:cover;-o-background-size:cover;-ms-background-size:cover;background-size:cover; height:300px;\"><\/div>\r\n        <div class=\"zolo_imagebox_new_content\">\r\n            <div class=\"zolo_imagebox_new_title_des\">\r\n        <h3 class=\"entry-title zolo_imagebox_new_title\" style=\"color:#000000; \">        Freileitungsschalter <\/h3>                <span class=\"zolo_imagebox_description\" style=\"color:#000000; \">        Wir bieten Trennschalter und Lasttrennschalter an, die horizontal oder vertikal f\u00fcr den Einsatz in Verteilungsfreileitungen angebracht werden k\u00f6nnen. <\/span>        <div class=\"zolo_imagebox_icon_button_element alignment_inline zolo_imagebox_icon_button_200274184569ede69b2e387\"><span class=\"zolo_iconbutton_tag iconbutton_style1 button_style_none\"><span class=\"zolo_button_icon zolo_arrow_icon\"><\/span><\/span><\/div>      <\/div>\r\n    <\/div>\r\n          <\/div>\r\n    <\/a>\r\n  <\/div>\r\n<\/div><!--Image Box End-->\r\n\r\n[\/vc_column_inner][vc_column_inner width=&#8220;1\/2&#8243; offset=&#8220;vc_col-sm-offset-1&#8243;]\r\n<!--Image Box Start-->\r\n<div class=\"zolo_imagebox_new_swing new_imagebox_style4\"><div class=\"zolo_imagebox_new_wrapper zolo_imagebox_new_147051943369ede69b3246b new_imagebox_style4 noanimation\" data-animation =\"No Animation\" data-delay =\"500\" data-id =\"zolo_imagebox_new_147051943369ede69b3246b\">\r\n    <a title=\"Eisenbahnschalter\" href=\"\/de\/produkte\/schalter\/bahnelektrifizierung\" target=\"_self\" rel=\"\">\r\n    <div class=\"zolo_imagebox_new_box\">\r\n        <div class=\"zolo_thumbnail\" style=\"background:url(https:\/\/the-rsgroup.com\/wp-content\/uploads\/2025\/10\/railway-switches-rs.png) no-repeat center center; -moz-background-size:cover;-webkit-background-size:cover;-o-background-size:cover;-ms-background-size:cover;background-size:cover; height:300px;\"><\/div>\r\n        <div class=\"zolo_imagebox_new_content\">\r\n            <div class=\"zolo_imagebox_new_title_des\">\r\n        <h3 class=\"entry-title zolo_imagebox_new_title\" style=\"color:#000000; \">        Eisenbahnschalter <\/h3>                <span class=\"zolo_imagebox_description\" style=\"color:#000000; \">        Entdecken Sie unsere zuverl\u00e4ssigen Bahnschalter f\u00fcr AC- und DC-Anwendungen. Durch unsere \u00fcber 100-j\u00e4hrige Erfahrung k\u00f6nnen Sie sicher sein, dass wir Ihnen eine ma\u00dfgeschneiderte L\u00f6sung anbieten werden. <\/span>        <div class=\"zolo_imagebox_icon_button_element alignment_inline zolo_imagebox_icon_button_147051943369ede69b3246b\"><span class=\"zolo_iconbutton_tag iconbutton_style1 button_style_none\"><span class=\"zolo_button_icon zolo_arrow_icon\"><\/span><\/span><\/div>      <\/div>\r\n    <\/div>\r\n          <\/div>\r\n    <\/a>\r\n  <\/div>\r\n<\/div><!--Image Box End-->\r\n\r\n[\/vc_column_inner][\/vc_row_inner][\/vc_column][\/vc_row]<\/p>\n<\/div>","protected":false},"excerpt":{"rendered":"<p>[vc_section full_width=&#8220;stretch_row&#8220; content_placement=&#8220;middle&#8220; min_height=&#8220;480&#8243; css=&#8220;.vc_custom_1752657332406{background-image: url(https:\/\/the-rsgroup.com\/wp-content\/uploads\/2025\/07\/Products-switches-banner-1.jpg?id=21974) !important;background-position: center !important;background-repeat: no-repeat !important;background-size: cover !important;}&#8220; el_class=&#8220;inner-page-banner-section&#8220;][vc_row][vc_column][apress_heading sub_title=&#8220;Zuverl\u00e4ssige Schalter f\u00fcr Umspannwerke, Oberleitungen und Bahnen&#8220; content_alignment=&#8220;left&#8220; data_animation=&#8220;fadeInRight&#8220; enable_delimiter=&#8220;&#8220; style=&#8220;heading_style1&#8243; title_font_options=&#8220;tag:h1&#8243; subtitle_font_options=&#8220;tag:div&#8220;]Schalter[\/apress_heading][\/vc_column][\/vc_row][\/vc_section][vc_row css=&#8220;.vc_custom_1575386912516{padding-top: 60px !important;padding-bottom: 60px !important;}&#8220;][vc_column apress_zindex=&#8220;9&#8243; el_class=&#8220;custom_sidebar high_zIndex&#8220;][vc_row_inner][vc_column_inner width=&#8220;1\/3&#8243;][vc_single_image image=&#8220;21846&#8243; img_size=&#8220;full&#8220; css=&#8220;&#8220;][\/vc_column_inner][vc_column_inner width=&#8220;2\/3&#8243;&hellip;<\/p>\n","protected":false},"author":1,"featured_media":0,"parent":8183,"menu_order":0,"comment_status":"closed","ping_status":"closed","template":"template-fullwidth-page.php","meta":{"_acf_changed":false,"_monsterinsights_skip_tracking":false,"_monsterinsights_sitenote_active":false,"_monsterinsights_sitenote_note":"","_monsterinsights_sitenote_category":0,"footnotes":""},"class_list":["post-8243","page","type-page","status-publish","hentry"],"acf":[],"_links":{"self":[{"href":"https:\/\/the-rsgroup.com\/de\/wp-json\/wp\/v2\/pages\/8243","targetHints":{"allow":["GET"]}}],"collection":[{"href":"https:\/\/the-rsgroup.com\/de\/wp-json\/wp\/v2\/pages"}],"about":[{"href":"https:\/\/the-rsgroup.com\/de\/wp-json\/wp\/v2\/types\/page"}],"author":[{"embeddable":true,"href":"https:\/\/the-rsgroup.com\/de\/wp-json\/wp\/v2\/users\/1"}],"replies":[{"embeddable":true,"href":"https:\/\/the-rsgroup.com\/de\/wp-json\/wp\/v2\/comments?post=8243"}],"version-history":[{"count":14,"href":"https:\/\/the-rsgroup.com\/de\/wp-json\/wp\/v2\/pages\/8243\/revisions"}],"predecessor-version":[{"id":33270,"href":"https:\/\/the-rsgroup.com\/de\/wp-json\/wp\/v2\/pages\/8243\/revisions\/33270"}],"up":[{"embeddable":true,"href":"https:\/\/the-rsgroup.com\/de\/wp-json\/wp\/v2\/pages\/8183"}],"wp:attachment":[{"href":"https:\/\/the-rsgroup.com\/de\/wp-json\/wp\/v2\/media?parent=8243"}],"curies":[{"name":"wp","href":"https:\/\/api.w.org\/{rel}","templated":true}]}}