{"id":8273,"date":"2020-01-31T10:46:22","date_gmt":"2020-01-31T10:46:22","guid":{"rendered":"http:\/\/the-rsgroup.com\/produkte\/schalter\/oberleitungsschalter"},"modified":"2025-12-23T04:47:43","modified_gmt":"2025-12-23T04:47:43","slug":"oberleitungsschalter","status":"publish","type":"page","link":"https:\/\/the-rsgroup.com\/de\/produkte\/schalter\/oberleitungsschalter\/","title":{"rendered":"Freileitungsschalter"},"content":{"rendered":"<div class=\"wpb-content-wrapper\"><p>[vc_section full_width=&#8220;stretch_row&#8220; content_placement=&#8220;middle&#8220; min_height=&#8220;480&#8243; css=&#8220;.vc_custom_1759593258781{background-image: url(https:\/\/the-rsgroup.com\/wp-content\/uploads\/2019\/09\/shutterstock_1345497980.jpg?id=2147) !important;background-position: center !important;background-repeat: no-repeat !important;background-size: cover !important;}&#8220; el_class=&#8220;inner-page-banner-section&#8220;][vc_row][vc_column][apress_heading sub_title=&#8220;Zuverl\u00e4ssige Trennschalter und Lasttrennschalter&#8220; content_alignment=&#8220;left&#8220; data_animation=&#8220;fadeInRight&#8220; enable_delimiter=&#8220;&#8220; style=&#8220;heading_style1&#8243; title_font_options=&#8220;tag:h1&#8243; subtitle_font_options=&#8220;tag:div&#8220;]Freileitungsschalter[\/apress_heading][\/vc_column][\/vc_row][\/vc_section][vc_row css=&#8220;.vc_custom_1754280695377{padding-top: 80px !important;padding-bottom: 80px !important;}&#8220;][vc_column apress_zindex=&#8220;9&#8243; el_class=&#8220;custom_sidebar high_zIndex&#8220;][vc_row_inner][vc_column_inner][apress_heading sub_title=&#8220;&#8220; content_alignment=&#8220;left&#8220; enable_delimiter=&#8220;&#8220; color_scheme=&#8220;color_scheme1&#8243; style=&#8220;heading_style6&#8243; title_font_options=&#8220;tag:h2|letter_spacing:0&#8243; subtitle_font_options=&#8220;tag:div|letter_spacing:3&#8243; heading_margin=&#8220;margin-bottom:30&#8243; class=&#8220;h2-heading-custom&#8220;]R&amp;S verf\u00fcgt \u00fcber langj\u00e4hrige Erfahrung in der Herstellung von Schaltger\u00e4ten.[\/apress_heading][\/vc_column_inner][\/vc_row_inner][vc_row_inner][vc_column_inner width=&#8220;2\/3&#8243;][apress_heading sub_title=&#8220;&#8220; content_alignment=&#8220;left&#8220; enable_delimiter=&#8220;&#8220; color_scheme=&#8220;design_your_own&#8220; main_heading_color=&#8220;#0a0a0a&#8220; style=&#8220;heading_style6&#8243; title_font_options=&#8220;tag:div|font_size:20|letter_spacing:0&#8243; subtitle_font_options=&#8220;tag:div|letter_spacing:3&#8243; heading_margin=&#8220;margin-top:10|margin-bottom:30&#8243;]<strong>Nennstrom: von 400 A bis 630 A<\/strong><br \/>\n<strong>Nennspannung: 20 kV und 30 kV<\/strong>[\/apress_heading][vc_column_text css=&#8220;&#8220;]Wir bieten Trennschalter und Lasttrennschalter mit Erdungsm\u00f6glichkeit f\u00fcr den Einsatz in Freileitungen an. Die \u00e4u\u00dferst zuverl\u00e4ssigen Freileitungsschalter sind einfach zu installieren und k\u00f6nnen horizontal oder vertikal an Holz-, Beton- und Stahlmasten montiert werden.[\/vc_column_text][\/vc_column_inner][vc_column_inner width=&#8220;1\/3&#8243;][apress_expanding_image image=&#8220;4296&#8243; img_size=&#8220;full&#8220; alignment=&#8220;center&#8220; max_width=&#8220;100%&#8220;][\/vc_column_inner][\/vc_row_inner][\/vc_column][\/vc_row][vc_row full_width=&#8220;stretch_row&#8220; equal_height=&#8220;yes&#8220; css=&#8220;.vc_custom_1754280704800{padding-bottom: 80px !important;}&#8220;][vc_column][apress_heading sub_title=&#8220;&#8220; enable_delimiter=&#8220;&#8220; color_scheme=&#8220;color_scheme2&#8243; style=&#8220;heading_style5&#8243; title_font_options=&#8220;tag:h2|letter_spacing:0&#8243; subtitle_font_options=&#8220;tag:div|letter_spacing:3&#8243;]Vorteile unserer Freileitungsschalter, die f\u00fcr sich selbst sprechen[\/apress_heading]<div class=\"ult-spacer spacer-69ee1c7c54bc2\" data-id=\"69ee1c7c54bc2\" data-height=\"60\" data-height-mobile=\"60\" data-height-tab=\"60\" data-height-tab-portrait=\"\" data-height-mobile-landscape=\"\" style=\"clear:both;display:block;\"><\/div>[vc_row_inner equal_height=&#8220;yes&#8220; gap=&#8220;20&#8243; el_class=&#8220;benefits-column-row&#8220;][vc_column_inner el_class=&#8220;custom_sidebar&#8220; width=&#8220;1\/3&#8243;][apress_gradient_icon_box description=&#8220;Unsere Verwendung der hochwertigsten Materialien und unser modernes Herstellungsverfahren sorgen daf\u00fcr, dass die Schalter unter allen Umweltbedingungen hocheffizient sind. Die Gest\u00e4ngef\u00fchrung besteht aus zwei parallel gelagerten F\u00fchrungsrollen mit minimaler verbleibender Restreibung und somit optimaler Kraft\u00fcbertragung.&#8220; box_bg_color=&#8220;&#8220; color_scheme=&#8220;gradient_scheme1&#8243; highlight_border_width=&#8220;0&#8243; highlight_border_color=&#8220;#ffffff&#8220; border_hover_color_scheme=&#8220;gradient_scheme1&#8243; box_hover_shadow=&#8220;box_shadow_enable:disable|shadow_horizontal:0|shadow_vertical:7|shadow_blur:90|shadow_spread:-38|box_shadow_color:rgba(0%2C0%2C0%2C0.1)&#8220; box_top_padding=&#8220;&#8220; box_right_padding=&#8220;&#8220; box_bottom_padding=&#8220;&#8220; box_left_padding=&#8220;&#8220; icon_type=&#8220;image&#8220; icon_image=&#8220;21713&#8243; gradient_icon_size=&#8220;70&#8243; style=&#8220;iconbox_style8&#8243; title_font_options=&#8220;tag:h5&#8243; class=&#8220;no-padding&#8220;]Erzielen Sie das h\u00f6chste Ma\u00df an Effizienz[\/apress_gradient_icon_box][\/vc_column_inner][vc_column_inner el_class=&#8220;custom_sidebar&#8220; width=&#8220;1\/3&#8243;][apress_gradient_icon_box description=&#8220;Die Anschluss-, Verbindungs- und Kupplungsteile werden an die jeweilige Montagesituation angepasst und in der ben\u00f6tigten Menge geliefert. Unser umfassender After-Sales-Service erm\u00f6glicht es Ihnen, sich auf Ihr Kerngesch\u00e4ft zu konzentrieren.&#8220; box_bg_color=&#8220;&#8220; color_scheme=&#8220;gradient_scheme1&#8243; highlight_border_width=&#8220;0&#8243; highlight_border_color=&#8220;#ffffff&#8220; border_hover_color_scheme=&#8220;gradient_scheme1&#8243; box_hover_shadow=&#8220;box_shadow_enable:disable|shadow_horizontal:0|shadow_vertical:7|shadow_blur:90|shadow_spread:-38|box_shadow_color:rgba(0%2C0%2C0%2C0.1)&#8220; box_top_padding=&#8220;&#8220; box_right_padding=&#8220;&#8220; box_bottom_padding=&#8220;&#8220; box_left_padding=&#8220;&#8220; icon_type=&#8220;image&#8220; icon_image=&#8220;22014&#8243; gradient_icon_size=&#8220;70&#8243; style=&#8220;iconbox_style8&#8243; title_font_options=&#8220;tag:h5&#8243; class=&#8220;no-padding&#8220;]Sparen Sie Zeit und \u00c4rger[\/apress_gradient_icon_box][\/vc_column_inner][vc_column_inner el_class=&#8220;custom_sidebar&#8220; width=&#8220;1\/3&#8243;][apress_gradient_icon_box description=&#8220;Die \u00f6larme L\u00f6schkammer verf\u00fcgt \u00fcber einen Schnellschaltmechanismus, der unabh\u00e4ngig von der Schaltgeschwindigkeit des Oberleitungsschalters stets eine fehlerfreie Abschaltung gew\u00e4hrleistet.&#8220; box_bg_color=&#8220;&#8220; color_scheme=&#8220;gradient_scheme1&#8243; highlight_border_width=&#8220;0&#8243; highlight_border_color=&#8220;#ffffff&#8220; border_hover_color_scheme=&#8220;gradient_scheme1&#8243; box_hover_shadow=&#8220;box_shadow_enable:disable|shadow_horizontal:0|shadow_vertical:7|shadow_blur:90|shadow_spread:-38|box_shadow_color:rgba(0%2C0%2C0%2C0.1)&#8220; box_top_padding=&#8220;&#8220; box_right_padding=&#8220;&#8220; box_bottom_padding=&#8220;&#8220; box_left_padding=&#8220;&#8220; icon_type=&#8220;image&#8220; icon_image=&#8220;22008&#8243; gradient_icon_size=&#8220;70&#8243; style=&#8220;iconbox_style8&#8243; title_font_options=&#8220;tag:h5&#8243; class=&#8220;no-padding&#8220;]Steigern Sie die Zuverl\u00e4ssigkeit Ihres Systems[\/apress_gradient_icon_box][\/vc_column_inner][\/vc_row_inner][vc_row_inner equal_height=&#8220;yes&#8220; gap=&#8220;20&#8243; el_class=&#8220;benefits-column-row&#8220;][vc_column_inner el_class=&#8220;custom_sidebar&#8220; width=&#8220;1\/3&#8243;][apress_gradient_icon_box description=&#8220;Die Schalter lassen sich leicht vor Ort installieren und einrichten und sind praktisch wartungsfrei.&#8220; box_bg_color=&#8220;&#8220; color_scheme=&#8220;gradient_scheme1&#8243; highlight_border_width=&#8220;0&#8243; highlight_border_color=&#8220;#ffffff&#8220; border_hover_color_scheme=&#8220;gradient_scheme1&#8243; box_hover_shadow=&#8220;box_shadow_enable:disable|shadow_horizontal:0|shadow_vertical:7|shadow_blur:90|shadow_spread:-38|box_shadow_color:rgba(0%2C0%2C0%2C0.1)&#8220; box_top_padding=&#8220;&#8220; box_right_padding=&#8220;&#8220; box_bottom_padding=&#8220;&#8220; box_left_padding=&#8220;&#8220; icon_type=&#8220;image&#8220; icon_image=&#8220;22104&#8243; gradient_icon_size=&#8220;70&#8243; style=&#8220;iconbox_style8&#8243; title_font_options=&#8220;tag:h5&#8243; class=&#8220;no-padding&#8220;]Vereinfachen Sie die Wartung[\/apress_gradient_icon_box][\/vc_column_inner][vc_column_inner el_class=&#8220;custom_sidebar&#8220; width=&#8220;1\/3&#8243;][apress_gradient_icon_box description=&#8220;Die Schalter garantieren eine mechanische Lebensdauer von bis zu 10.000 Zyklen. Die Investitionskosten k\u00f6nnen dank der langen Lebensdauer und der Zuverl\u00e4ssigkeit der Schalter in allen Umgebungsbedingungen gesenkt werden.&#8220; box_bg_color=&#8220;&#8220; color_scheme=&#8220;gradient_scheme1&#8243; highlight_border_width=&#8220;0&#8243; highlight_border_color=&#8220;#ffffff&#8220; border_hover_color_scheme=&#8220;gradient_scheme1&#8243; box_hover_shadow=&#8220;box_shadow_enable:disable|shadow_horizontal:0|shadow_vertical:7|shadow_blur:90|shadow_spread:-38|box_shadow_color:rgba(0%2C0%2C0%2C0.1)&#8220; box_top_padding=&#8220;&#8220; box_right_padding=&#8220;&#8220; box_bottom_padding=&#8220;&#8220; box_left_padding=&#8220;&#8220; icon_type=&#8220;image&#8220; icon_image=&#8220;21707&#8243; gradient_icon_size=&#8220;70&#8243; style=&#8220;iconbox_style8&#8243; title_font_options=&#8220;tag:h5&#8243; class=&#8220;no-padding&#8220;]Reduzieren Sie Ihre Investitionskosten[\/apress_gradient_icon_box][\/vc_column_inner][\/vc_row_inner][\/vc_column][\/vc_row][vc_row full_width=&#8220;stretch_row&#8220; equal_height=&#8220;yes&#8220; css=&#8220;.vc_custom_1751369662705{padding-top: 80px !important;padding-bottom: 100px !important;background-color: #F2F2F2 !important;}&#8220; el_class=&#8220;testimonial-wrap&#8220;][vc_column centered_text=&#8220;true&#8220;]<div class=\"ult-spacer spacer-69ee1c7c54c8e\" data-id=\"69ee1c7c54c8e\" data-height=\"80\" data-height-mobile=\"80\" data-height-tab=\"80\" data-height-tab-portrait=\"\" data-height-mobile-landscape=\"\" style=\"clear:both;display:block;\"><\/div>[apress_button button_text=&#8220;Erfahren Sie mehr in unseren Referenzprojekten&#8220; button_size=&#8220;medium&#8220; button_alignment=&#8220;center&#8220; box_shadow=&#8220;box_shadow_enable:disable|shadow_horizontal:1|shadow_vertical:2|shadow_blur:4|shadow_spread:0|box_shadow_color:rgba(0%2C0%2C0%2C0.2)&#8220; box_hover_shadow=&#8220;box_shadow_enable:disable|shadow_horizontal:2|shadow_vertical:2|shadow_blur:7|shadow_spread:0|box_shadow_color:rgba(0%2C0%2C0%2C0.2)&#8220; button_swing=&#8220;yes&#8220; button_shape=&#8220;square&#8220; button_link=&#8220;url:https%3A%2F%2Fthe-rsgroup.com%2Fde%2Freferenzprojekte%2F|title:Reference%20projects&#8220;][\/vc_column][\/vc_row][vc_row full_width=&#8220;stretch_row&#8220; equal_height=&#8220;yes&#8220; css=&#8220;.vc_custom_1574722697905{padding-top: 80px !important;padding-bottom: 80px !important;}&#8220;][vc_column][apress_heading sub_title=&#8220;Werfen Sie einen Blick in unsere Brosch\u00fcre oder kontaktieren Sie noch heute eines unserer Teammitglieder.&#8220; content_alignment=&#8220;left&#8220; enable_delimiter=&#8220;&#8220; color_scheme=&#8220;design_your_own&#8220; main_heading_color=&#8220;#000000&#8243; style=&#8220;heading_style5&#8243; title_font_options=&#8220;tag:h2&#8243; subtitle_font_options=&#8220;tag:div|color:%236980b4&#8243; heading_margin=&#8220;margin-top:10|margin-bottom:30&#8243;]<strong>Sie interessieren sich f\u00fcr die technischen Details?<\/strong>[\/apress_heading]<div class=\"ult-spacer spacer-69ee1c7c54d0e\" data-id=\"69ee1c7c54d0e\" data-height=\"80\" data-height-mobile=\"80\" data-height-tab=\"80\" data-height-tab-portrait=\"\" data-height-mobile-landscape=\"\" style=\"clear:both;display:block;\"><\/div>[vc_row_inner el_class=&#8220;action-btn-with-img&#8220;][vc_column_inner width=&#8220;1\/3&#8243;]\r\n<!--Image Box Start-->\r\n<div class=\"zolo_imagebox_new_wrapper zolo_imagebox_new_9057612569ee1c7c54de8 new_imagebox_style5 noanimation\" data-animation =\"No Animation\" data-delay =\"500\" data-id =\"zolo_imagebox_new_9057612569ee1c7c54de8\">\r\n    <a title=\"\" href=\"https:\/\/the-rsgroup.com\/wp-content\/uploads\/2020\/01\/Overhead-line-switches_Product-brochure_DE.pdf\" target=\"_blank\" rel=\"\">\r\n    <div class=\"zolo_imagebox_new_box\">\r\n        <div class=\"img_thumbnail\"><img decoding=\"async\" src=\"https:\/\/the-rsgroup.com\/wp-content\/uploads\/2025\/07\/icon6.png\"\/><\/div>\r\n        <div class=\"zolo_imagebox_new_content\">\r\n            <div class=\"zolo_imagebox_new_title_des\">\r\n        <h2 class=\"entry-title zolo_imagebox_new_title\" style=\"color:#ffffff; \">        Brosch\u00fcre Freileitungsschalter <\/h2>                              <\/div>\r\n    <\/div>\r\n          <\/div>\r\n    <\/a>\r\n  <\/div>\r\n<!--Image Box End-->\r\n\r\n[\/vc_column_inner][vc_column_inner width=&#8220;1\/3&#8243;]\r\n<!--Image Box Start-->\r\n<div class=\"zolo_imagebox_new_wrapper zolo_imagebox_new_85189159969ee1c7c562e4 new_imagebox_style5 noanimation\" data-animation =\"No Animation\" data-delay =\"500\" data-id =\"zolo_imagebox_new_85189159969ee1c7c562e4\">\r\n    <a title=\"\" href=\"https:\/\/the-rsgroup.com\/de\/produkte\/downloads\/\" target=\"_blank\" rel=\"\">\r\n    <div class=\"zolo_imagebox_new_box\">\r\n        <div class=\"img_thumbnail\"><img decoding=\"async\" src=\"https:\/\/the-rsgroup.com\/wp-content\/uploads\/2025\/07\/icon7.png\"\/><\/div>\r\n        <div class=\"zolo_imagebox_new_content\">\r\n            <div class=\"zolo_imagebox_new_title_des\">\r\n        <h2 class=\"entry-title zolo_imagebox_new_title\" style=\"color:#ffffff; \">        Downloadbereich <\/h2>                              <\/div>\r\n    <\/div>\r\n          <\/div>\r\n    <\/a>\r\n  <\/div>\r\n<!--Image Box End-->\r\n\r\n[\/vc_column_inner][vc_column_inner width=&#8220;1\/3&#8243;][\/vc_column_inner][\/vc_row_inner]<div class=\"ult-spacer spacer-69ee1c7c569fc\" data-id=\"69ee1c7c569fc\" data-height=\"80\" data-height-mobile=\"80\" data-height-tab=\"80\" data-height-tab-portrait=\"\" data-height-mobile-landscape=\"\" style=\"clear:both;display:block;\"><\/div>[vc_separator color=&#8220;custom&#8220; css=&#8220;&#8220; accent_color=&#8220;#D7D7D7&#8243;]<div class=\"ult-spacer spacer-69ee1c7c56a6d\" data-id=\"69ee1c7c56a6d\" data-height=\"60\" data-height-mobile=\"60\" data-height-tab=\"60\" data-height-tab-portrait=\"\" data-height-mobile-landscape=\"\" style=\"clear:both;display:block;\"><\/div>[apress_heading sub_title=&#8220;&#8220; content_alignment=&#8220;left&#8220; enable_delimiter=&#8220;&#8220; color_scheme=&#8220;color_scheme2&#8243; style=&#8220;heading_style5&#8243; title_font_options=&#8220;tag:h2&#8243; subtitle_font_options=&#8220;tag:div&#8220; heading_margin=&#8220;margin-top:10|margin-bottom:30&#8243;]Wir passen unsere L\u00f6sungen individuell an Ihre Bed\u00fcrfnisse an[\/apress_heading][vc_column_text css=&#8220;&#8220;]Wir bieten horizontal oder vertikal konzipierte Trennschalter und Lasttrennschalter an, die auf Holz-, Beton- und Stahlmasten montiert werden k\u00f6nnen. Die Bedienung erfolgt manuell \u00fcber eine Hebelwinde. Sollte keine unserer Standardl\u00f6sungen Ihren Anforderungen entsprechen, bieten wir auch Sonderanfertigungen an.[\/vc_column_text][\/vc_column][\/vc_row][vc_row full_width=&#8220;stretch_row_content&#8220; equal_height=&#8220;yes&#8220; content_placement=&#8220;middle&#8220; el_class=&#8220;product-info-column&#8220; css=&#8220;.vc_custom_1758710829704{padding-top: 80px !important;padding-bottom: 80px !important;background-color: #F2F2F2 !important;}&#8220;][vc_column css=&#8220;.vc_custom_1766465208815{padding-top: 0px !important;padding-right: 0px !important;padding-bottom: 0px !important;padding-left: 0px !important;}&#8220; el_id=&#8220;transformatory&#8220;][vc_row_inner][vc_column_inner width=&#8220;1\/4&#8243;]\r\n<!--Image Box Start-->\r\n<div class=\"zolo_imagebox_new_wrapper zolo_imagebox_new_94073547369ee1c7c56b65 new_imagebox_style3 noanimation\" data-animation =\"No Animation\" data-delay =\"500\" data-id =\"zolo_imagebox_new_94073547369ee1c7c56b65\">\r\n    <div class=\"zolo_imagebox_new_box\">\r\n            <div class=\"img_thumbnail\"><img decoding=\"async\" src=\"https:\/\/the-rsgroup.com\/wp-content\/uploads\/2019\/12\/load-break-switch-mhl.png\"\/><\/div>\r\n        <div class=\"zolo_imagebox_new_content\">\r\n      <div class=\"zolo_imagebox_new_title_des\">\r\n        <h2 class=\"entry-title zolo_imagebox_new_title\" style=\"color:#000000; \">        MHL-Lasttrennschalter <\/h2>                <span class=\"zolo_imagebox_description\" style=\"color:#000000; \">        - Horizontale Bauweise<br \/>\n- Mit \u00f6larmer L\u00f6schkammer<br \/>\n- Geeignet f\u00fcr die Trennung von dreipoligen Oberleitungsabschnitten <\/span> <\/div>\r\n    <\/div>\r\n          <\/div>\r\n  <\/div>\r\n<!--Image Box End-->\r\n\r\n[\/vc_column_inner][vc_column_inner width=&#8220;1\/4&#8243;]\r\n<!--Image Box Start-->\r\n<div class=\"zolo_imagebox_new_wrapper zolo_imagebox_new_101202001969ee1c7c5d175 new_imagebox_style3 noanimation\" data-animation =\"No Animation\" data-delay =\"500\" data-id =\"zolo_imagebox_new_101202001969ee1c7c5d175\">\r\n    <div class=\"zolo_imagebox_new_box\">\r\n            <div class=\"img_thumbnail\"><img decoding=\"async\" src=\"https:\/\/the-rsgroup.com\/wp-content\/uploads\/2019\/12\/load-break-switch-mvl.png\"\/><\/div>\r\n        <div class=\"zolo_imagebox_new_content\">\r\n      <div class=\"zolo_imagebox_new_title_des\">\r\n        <h2 class=\"entry-title zolo_imagebox_new_title\" style=\"color:#000000; \">        MVL-Lasttrennschalter <\/h2>                <span class=\"zolo_imagebox_description\" style=\"color:#000000; \">        - Vertikale Bauweise<br \/>\n- Mit \u00f6larmer L\u00f6schkammer<br \/>\n- Geeignet f\u00fcr die Trennung von dreipoligen Oberleitungsabschnitten <\/span> <\/div>\r\n    <\/div>\r\n          <\/div>\r\n  <\/div>\r\n<!--Image Box End-->\r\n\r\n[\/vc_column_inner][vc_column_inner width=&#8220;1\/4&#8243;]\r\n<!--Image Box Start-->\r\n<div class=\"zolo_imagebox_new_wrapper zolo_imagebox_new_135158151869ee1c7c62de9 new_imagebox_style3 noanimation\" data-animation =\"No Animation\" data-delay =\"500\" data-id =\"zolo_imagebox_new_135158151869ee1c7c62de9\">\r\n    <div class=\"zolo_imagebox_new_box\">\r\n            <div class=\"img_thumbnail\"><img decoding=\"async\" src=\"https:\/\/the-rsgroup.com\/wp-content\/uploads\/2019\/12\/disconnector-mhf.png\"\/><\/div>\r\n        <div class=\"zolo_imagebox_new_content\">\r\n      <div class=\"zolo_imagebox_new_title_des\">\r\n        <h2 class=\"entry-title zolo_imagebox_new_title\" style=\"color:#000000; \">        MHF-Trennschalter <\/h2>                <span class=\"zolo_imagebox_description\" style=\"color:#000000; \">        - Horizontale Bauweise<br \/>\n- Mit Z\u00fcndh\u00f6rnern<br \/>\n- Geeignet f\u00fcr die Isolierung von Oberleitungsabschnitten im spannungsfreien Zustand <\/span> <\/div>\r\n    <\/div>\r\n          <\/div>\r\n  <\/div>\r\n<!--Image Box End-->\r\n\r\n[\/vc_column_inner][vc_column_inner width=&#8220;1\/4&#8243;]\r\n<!--Image Box Start-->\r\n<div class=\"zolo_imagebox_new_wrapper zolo_imagebox_new_176729171969ee1c7c63b38 new_imagebox_style3 noanimation\" data-animation =\"No Animation\" data-delay =\"500\" data-id =\"zolo_imagebox_new_176729171969ee1c7c63b38\">\r\n    <div class=\"zolo_imagebox_new_box\">\r\n            <div class=\"img_thumbnail\"><img decoding=\"async\" src=\"https:\/\/the-rsgroup.com\/wp-content\/uploads\/2019\/12\/disconnector-mvf.png\"\/><\/div>\r\n        <div class=\"zolo_imagebox_new_content\">\r\n      <div class=\"zolo_imagebox_new_title_des\">\r\n        <h2 class=\"entry-title zolo_imagebox_new_title\" style=\"color:#000000; \">        MVF-Trennschalter <\/h2>                <span class=\"zolo_imagebox_description\" style=\"color:#000000; \">        - Vertikale Ausf\u00fchrung<br \/>\n- Mit Erdung als Option<br \/>\n- Mit Z\u00fcndh\u00f6rnern<br \/>\n- Geeignet f\u00fcr die Isolierung von Oberleitungsabschnitten im spannungsfreien Zustand <\/span> <\/div>\r\n    <\/div>\r\n          <\/div>\r\n  <\/div>\r\n<!--Image Box End-->\r\n\r\n[\/vc_column_inner][\/vc_row_inner][\/vc_column][\/vc_row]<\/p>\n<\/div>","protected":false},"excerpt":{"rendered":"<p>[vc_section full_width=&#8220;stretch_row&#8220; content_placement=&#8220;middle&#8220; min_height=&#8220;480&#8243; css=&#8220;.vc_custom_1759593258781{background-image: url(https:\/\/the-rsgroup.com\/wp-content\/uploads\/2019\/09\/shutterstock_1345497980.jpg?id=2147) !important;background-position: center !important;background-repeat: no-repeat !important;background-size: cover !important;}&#8220; el_class=&#8220;inner-page-banner-section&#8220;][vc_row][vc_column][apress_heading sub_title=&#8220;Zuverl\u00e4ssige Trennschalter und Lasttrennschalter&#8220; content_alignment=&#8220;left&#8220; data_animation=&#8220;fadeInRight&#8220; enable_delimiter=&#8220;&#8220; style=&#8220;heading_style1&#8243; title_font_options=&#8220;tag:h1&#8243; subtitle_font_options=&#8220;tag:div&#8220;]Freileitungsschalter[\/apress_heading][\/vc_column][\/vc_row][\/vc_section][vc_row css=&#8220;.vc_custom_1754280695377{padding-top: 80px !important;padding-bottom: 80px !important;}&#8220;][vc_column apress_zindex=&#8220;9&#8243; el_class=&#8220;custom_sidebar high_zIndex&#8220;][vc_row_inner][vc_column_inner][apress_heading sub_title=&#8220;&#8220; content_alignment=&#8220;left&#8220; enable_delimiter=&#8220;&#8220; color_scheme=&#8220;color_scheme1&#8243; style=&#8220;heading_style6&#8243; title_font_options=&#8220;tag:h2|letter_spacing:0&#8243; subtitle_font_options=&#8220;tag:div|letter_spacing:3&#8243; heading_margin=&#8220;margin-bottom:30&#8243;&hellip;<\/p>\n","protected":false},"author":1,"featured_media":0,"parent":8243,"menu_order":0,"comment_status":"closed","ping_status":"closed","template":"template-fullwidth-page.php","meta":{"_acf_changed":false,"_monsterinsights_skip_tracking":false,"_monsterinsights_sitenote_active":false,"_monsterinsights_sitenote_note":"","_monsterinsights_sitenote_category":0,"footnotes":""},"class_list":["post-8273","page","type-page","status-publish","hentry"],"acf":[],"_links":{"self":[{"href":"https:\/\/the-rsgroup.com\/de\/wp-json\/wp\/v2\/pages\/8273","targetHints":{"allow":["GET"]}}],"collection":[{"href":"https:\/\/the-rsgroup.com\/de\/wp-json\/wp\/v2\/pages"}],"about":[{"href":"https:\/\/the-rsgroup.com\/de\/wp-json\/wp\/v2\/types\/page"}],"author":[{"embeddable":true,"href":"https:\/\/the-rsgroup.com\/de\/wp-json\/wp\/v2\/users\/1"}],"replies":[{"embeddable":true,"href":"https:\/\/the-rsgroup.com\/de\/wp-json\/wp\/v2\/comments?post=8273"}],"version-history":[{"count":14,"href":"https:\/\/the-rsgroup.com\/de\/wp-json\/wp\/v2\/pages\/8273\/revisions"}],"predecessor-version":[{"id":31849,"href":"https:\/\/the-rsgroup.com\/de\/wp-json\/wp\/v2\/pages\/8273\/revisions\/31849"}],"up":[{"embeddable":true,"href":"https:\/\/the-rsgroup.com\/de\/wp-json\/wp\/v2\/pages\/8243"}],"wp:attachment":[{"href":"https:\/\/the-rsgroup.com\/de\/wp-json\/wp\/v2\/media?parent=8273"}],"curies":[{"name":"wp","href":"https:\/\/api.w.org\/{rel}","templated":true}]}}