{"id":8343,"date":"2020-01-31T14:59:32","date_gmt":"2020-01-31T14:59:32","guid":{"rendered":"http:\/\/the-rsgroup.com\/rs-rauscher-stoecklin"},"modified":"2025-12-17T09:54:27","modified_gmt":"2025-12-17T09:54:27","slug":"rauscher-stoecklin","status":"publish","type":"page","link":"https:\/\/the-rsgroup.com\/de\/rauscher-stoecklin\/","title":{"rendered":"Rauscher &#038; Stoecklin"},"content":{"rendered":"<div class=\"wpb-content-wrapper\"><p>[vc_section full_width=&#8220;stretch_row&#8220; content_placement=&#8220;middle&#8220; min_height=&#8220;480&#8243; css=&#8220;.vc_custom_1765270064174{background-image: url(https:\/\/the-rsgroup.com\/wp-content\/uploads\/2025\/12\/Header_Rauscher_Stoecklin_Gruppe.jpg?id=30621) !important;background-position: center !important;background-repeat: no-repeat !important;background-size: cover !important;}&#8220; el_class=&#8220;inner-page-banner-section&#8220;][vc_row][vc_column][apress_heading sub_title=&#8220;\u00d6lverteiltransformatoren und Schalttechnik f\u00fcr sichere Energieverteilung&#8220; content_alignment=&#8220;left&#8220; data_animation=&#8220;fadeInRight&#8220; enable_delimiter=&#8220;&#8220; style=&#8220;heading_style1&#8243; title_font_options=&#8220;tag:h1&#8243; subtitle_font_options=&#8220;tag:div&#8220;]Rauscher &amp; Stoecklin [\/apress_heading][\/vc_column][\/vc_row][\/vc_section][vc_row css=&#8220;.vc_custom_1754110673091{padding-top: 80px !important;padding-bottom: 80px !important;}&#8220;][vc_column apress_zindex=&#8220;9&#8243; el_class=&#8220;custom_sidebar high_zIndex&#8220;][apress_heading sub_title=&#8220;&#8220; content_alignment=&#8220;left&#8220; enable_delimiter=&#8220;&#8220; color_scheme=&#8220;color_scheme2&#8243; style=&#8220;heading_style1&#8243; title_font_options=&#8220;tag:h2|letter_spacing:1&#8243; subtitle_font_options=&#8220;tag:div&#8220; heading_margin=&#8220;margin-bottom:30&#8243; class=&#8220;heading-custom&#8220;]Rauscher &amp; Stoecklin \u2013 Schweizer Engineering, europ\u00e4ische Fertigung[\/apress_heading][vc_column_text css=&#8220;.vc_custom_1765546256532{margin-bottom: 0px !important;}&#8220;]Rauscher &amp; Stoecklin b\u00fcndelt die Aktivit\u00e4ten rund um \u00d6lverteiltransformatoren, Bahnelektrifizierung, Hochstromsteckverbinder, Hausanschlusssysteme und Schaltanlagen innerhalb der R&amp;S Group. Mit dem traditionellen Schweizer Standort in Sissach und dem neuen Werk f\u00fcr \u00d6l-Verteiltransformatoren im polnischen Krzecz\u00f3w bildet die Gruppe ein starkes Kompetenz- und Fertigungsnetzwerk f\u00fcr die Energieverteilung in Europa.<\/p>\n<p>Seit 1919 steht Rauscher &amp; Stoecklin f\u00fcr Schweizer Pr\u00e4zision, Qualit\u00e4t und Zuverl\u00e4ssigkeit in der elektrotechnischen Industrie. Auf dieser Basis entstehen Produkte und Systeme, die auf sichere, effiziente und wirtschaftliche Stromversorgung ausgelegt sind \u2013 von Ortsnetzstationen und Verteilnetzen \u00fcber Bahnenergieversorgung bis hin zu industriellen Anlagen und Geb\u00e4udetechnik.<\/p>\n<p>Die Erweiterung um das Werk in Krzecz\u00f3w (Polen) st\u00e4rkt gezielt die europ\u00e4ische Lieferf\u00e4higkeit f\u00fcr \u00f6lgek\u00fchlte Verteiltransformatoren. Damit deckt die Rauscher &amp; Stoecklin Gruppe sowohl technisch anspruchsvolle Projekte mit Schweizer Engineering-Tiefe als auch volumenorientierte Netzausbau- und Modernisierungsvorhaben in Zentral- und Nordeuropa ab.[\/vc_column_text][\/vc_column][\/vc_row][vc_row css=&#8220;.vc_custom_1764930440890{padding-top: 80px !important;padding-bottom: 80px !important;background-color: #E6E7E9 !important;}&#8220;][vc_column][apress_heading sub_title=&#8220;&#8220; content_alignment=&#8220;left&#8220; enable_delimiter=&#8220;&#8220; color_scheme=&#8220;color_scheme2&#8243; style=&#8220;heading_style5&#8243; title_font_options=&#8220;tag:h2|letter_spacing:0&#8243; subtitle_font_options=&#8220;tag:div|letter_spacing:3&#8243;]St\u00e4rken von Rauscher &amp; Stoecklin im \u00dcberblick:[\/apress_heading][vc_row_inner el_class=&#8220;location-expertise-section brand-page&#8220;][vc_column_inner][apress_heading sub_title=&#8220;&#8220; content_alignment=&#8220;left&#8220; enable_delimiter=&#8220;&#8220; color_scheme=&#8220;color_scheme2&#8243; style=&#8220;heading_style5&#8243; title_font_options=&#8220;tag:h2|letter_spacing:0&#8243; subtitle_font_options=&#8220;tag:div|letter_spacing:3&#8243;]Kompetenzzentrum f\u00fcr \u00d6lverteiltransformatoren[\/apress_heading][vc_column_text css=&#8220;&#8220;]Entwicklung und Fertigung von \u00f6lgek\u00fchlten Verteiltransformatoren f\u00fcr Mittelspannungsnetze, Ortsnetzstationen, erneuerbare Energieprojekte und verschiedenste industrielle Anwendungen.[\/vc_column_text][\/vc_column_inner][\/vc_row_inner][vc_row_inner el_class=&#8220;location-expertise-section brand-page&#8220;][vc_column_inner][apress_heading sub_title=&#8220;&#8220; content_alignment=&#8220;left&#8220; enable_delimiter=&#8220;&#8220; color_scheme=&#8220;color_scheme2&#8243; style=&#8220;heading_style5&#8243; title_font_options=&#8220;tag:h2|letter_spacing:0&#8243; subtitle_font_options=&#8220;tag:div|letter_spacing:3&#8243;]Bahnelektrifizierung &amp; Schalttechnik[\/apress_heading][vc_column_text css=&#8220;&#8220;]Schalter, Fahrleitungstransformatoren und L\u00f6sungen f\u00fcr Bahnstromsysteme, Metro- und Stra\u00dfenbahninfrastruktur \u2013 f\u00fcr zuverl\u00e4ssige Energieversorgung der Fahrleitung.[\/vc_column_text][\/vc_column_inner][\/vc_row_inner][vc_row_inner el_class=&#8220;location-expertise-section brand-page&#8220;][vc_column_inner][apress_heading sub_title=&#8220;&#8220; content_alignment=&#8220;left&#8220; enable_delimiter=&#8220;&#8220; color_scheme=&#8220;color_scheme2&#8243; style=&#8220;heading_style5&#8243; title_font_options=&#8220;tag:h2|letter_spacing:0&#8243; subtitle_font_options=&#8220;tag:div|letter_spacing:3&#8243;]Hochstromsteckverbinder &amp; Hausanschlusssysteme[\/apress_heading][vc_column_text css=&#8220;&#8220;]Steckverbindungen f\u00fcr mobile Maschinen, Tunnelbau, Hafenanlagen und Baugewerbe sowie Hausanschlussl\u00f6sungen f\u00fcr Wohn-, Gewerbe- und Industriebauten.[\/vc_column_text][\/vc_column_inner][\/vc_row_inner][vc_row_inner el_class=&#8220;location-expertise-section brand-page&#8220;][vc_column_inner][apress_heading sub_title=&#8220;&#8220; content_alignment=&#8220;left&#8220; enable_delimiter=&#8220;&#8220; color_scheme=&#8220;color_scheme2&#8243; style=&#8220;heading_style5&#8243; title_font_options=&#8220;tag:h2|letter_spacing:0&#8243; subtitle_font_options=&#8220;tag:div|letter_spacing:3&#8243;]Schweizer Engineering, europ\u00e4ische Fertigung an zwei Standorten[\/apress_heading][vc_column_text css=&#8220;&#8220;]Kombination aus Schweizer Entwicklungs- und Anwendungskompetenz und erweiterter Produktionskapazit\u00e4t in Polen \u2013 f\u00fcr kurze Lieferzeiten und hohe Planbarkeit.[\/vc_column_text][\/vc_column_inner][\/vc_row_inner][vc_row_inner el_class=&#8220;location-expertise-section brand-page&#8220;][vc_column_inner][apress_heading sub_title=&#8220;&#8220; content_alignment=&#8220;left&#8220; enable_delimiter=&#8220;&#8220; color_scheme=&#8220;color_scheme2&#8243; style=&#8220;heading_style5&#8243; title_font_options=&#8220;tag:h2|letter_spacing:0&#8243; subtitle_font_options=&#8220;tag:div|letter_spacing:3&#8243;]Einsatz in kritischen Infrastrukturen[\/apress_heading][vc_column_text css=&#8220;&#8220;]L\u00f6sungen f\u00fcr Energieversorger, Industrie, Datencenter, Krankenh\u00e4user, Flugh\u00e4fen und weitere sicherheitsrelevante Anwendungen.[\/vc_column_text][\/vc_column_inner][\/vc_row_inner][\/vc_column][\/vc_row][vc_row full_width=&#8220;stretch_row&#8220; css=&#8220;.vc_custom_1765270572157{margin-top: 0px !important;padding-top: 80px !important;padding-bottom: 80px !important;background-color: #F8F8F800 !important;}&#8220; el_class=&#8220;related-product-info-box brand-column-box rs&#8220;][vc_column][vc_row_inner][vc_column_inner][apress_heading sub_title=&#8220;&#8220; content_alignment=&#8220;left&#8220; enable_delimiter=&#8220;&#8220; color_scheme=&#8220;design_your_own&#8220; main_heading_color=&#8220;#000000&#8243; style=&#8220;heading_style1&#8243; title_font_options=&#8220;tag:h2|letter_spacing:1&#8243; subtitle_font_options=&#8220;tag:div&#8220; heading_margin=&#8220;margin-bottom:30&#8243;]Besuchen Sie unsere Produktionsstandorte[\/apress_heading][\/vc_column_inner][\/vc_row_inner][vc_row_inner gap=&#8220;35&#8243; el_class=&#8220;brand-branches-column&#8220;][vc_column_inner el_class=&#8220;custom_sidebar&#8220; width=&#8220;1\/2&#8243; css=&#8220;.vc_custom_1765532006115{background-image: url(https:\/\/the-rsgroup.com\/wp-content\/uploads\/2025\/12\/Rauscher_Stoecklin_swiss.webp?id=31120) !important;background-position: center !important;background-repeat: no-repeat !important;background-size: cover !important;}&#8220;]\r\n<!--Image Box Start-->\r\n<div class=\"zolo_imagebox_new_swing new_imagebox_style4\"><div class=\"zolo_imagebox_new_wrapper zolo_imagebox_new_160874256369e8bc1a7e2c3 new_imagebox_style4 noanimation\" data-animation =\"No Animation\" data-delay =\"500\" data-id =\"zolo_imagebox_new_160874256369e8bc1a7e2c3\">\r\n    <a title=\"Dry type transformers\" href=\"https:\/\/the-rsgroup.com\/de\/rauscher-stoecklin\/rauscher-stoecklin-schweiz\/\" target=\"_self\" rel=\"\">\r\n    <div class=\"zolo_imagebox_new_box\">\r\n        <div class=\"zolo_thumbnail\" style=\"background:url(https:\/\/the-rsgroup.com\/wp-content\/uploads\/2025\/04\/RauscherStoecklin_Logo_pos_RGB-updated.png) no-repeat center center; -moz-background-size:cover;-webkit-background-size:cover;-o-background-size:cover;-ms-background-size:cover;background-size:cover; height:300px;\"><\/div>\r\n        <div class=\"zolo_imagebox_new_content\">\r\n            <div class=\"zolo_imagebox_new_title_des\">\r\n        <h3 class=\"entry-title zolo_imagebox_new_title\" style=\"color:#000000; \">        Rauscher &amp; Stoecklin Swiss <\/h3>                        <div class=\"zolo_imagebox_icon_button_element alignment_inline zolo_imagebox_icon_button_160874256369e8bc1a7e2c3\"><span class=\"zolo_iconbutton_tag iconbutton_style1 button_style_none\"><span class=\"zolo_button_icon zolo_arrow_icon\"><\/span><\/span><\/div>      <\/div>\r\n    <\/div>\r\n          <\/div>\r\n    <\/a>\r\n  <\/div>\r\n<\/div><!--Image Box End-->\r\n\r\n[\/vc_column_inner][vc_column_inner el_class=&#8220;custom_sidebar&#8220; width=&#8220;1\/2&#8243; css=&#8220;.vc_custom_1765532016434{background-image: url(https:\/\/the-rsgroup.com\/wp-content\/uploads\/2025\/12\/Rauscher_Stoecklin_Poland.webp?id=31126) !important;}&#8220;]\r\n<!--Image Box Start-->\r\n<div class=\"zolo_imagebox_new_swing new_imagebox_style4\"><div class=\"zolo_imagebox_new_wrapper zolo_imagebox_new_178328085469e8bc1a7fb1b new_imagebox_style4 noanimation\" data-animation =\"No Animation\" data-delay =\"500\" data-id =\"zolo_imagebox_new_178328085469e8bc1a7fb1b\">\r\n    <a title=\"Dry type transformers\" href=\"https:\/\/the-rsgroup.com\/de\/rauscher-stoecklin\/rauscher-stoecklin-polen\/\" target=\"_self\" rel=\"\">\r\n    <div class=\"zolo_imagebox_new_box\">\r\n        <div class=\"zolo_thumbnail\" style=\"background:url(https:\/\/the-rsgroup.com\/wp-content\/uploads\/2025\/04\/RauscherStoecklin_Logo_pos_RGB-updated.png) no-repeat center center; -moz-background-size:cover;-webkit-background-size:cover;-o-background-size:cover;-ms-background-size:cover;background-size:cover; height:300px;\"><\/div>\r\n        <div class=\"zolo_imagebox_new_content\">\r\n            <div class=\"zolo_imagebox_new_title_des\">\r\n        <h3 class=\"entry-title zolo_imagebox_new_title\" style=\"color:#000000; \">        Rauscher &amp; Stoecklin Polen <\/h3>                        <div class=\"zolo_imagebox_icon_button_element alignment_inline zolo_imagebox_icon_button_178328085469e8bc1a7fb1b\"><span class=\"zolo_iconbutton_tag iconbutton_style1 button_style_none\"><span class=\"zolo_button_icon zolo_arrow_icon\"><\/span><\/span><\/div>      <\/div>\r\n    <\/div>\r\n          <\/div>\r\n    <\/a>\r\n  <\/div>\r\n<\/div><!--Image Box End-->\r\n\r\n[\/vc_column_inner][\/vc_row_inner][\/vc_column][\/vc_row][vc_row full_width=&#8220;stretch_row_content&#8220; content_placement=&#8220;middle&#8220; bg_type=&#8220;image&#8220; parallax_style=&#8220;vcpb-default&#8220; bg_image_new=&#8220;id^31550|url^https:\/\/the-rsgroup.com\/wp-content\/uploads\/2025\/12\/Mirjana__2_2048_680.jpg|caption^null|alt^null|title^Mirjana__2_2048_680|description^null&#8220; bg_image_repeat=&#8220;no-repeat&#8220; bg_override=&#8220;full&#8220; css=&#8220;.vc_custom_1765965242836{padding-top: 50px !important;padding-bottom: 100px !important;background-position: center !important;background-repeat: no-repeat !important;background-size: cover !important;}&#8220; el_class=&#8220;full-width-content-section testimonial&#8220; el_id=&#8220;row3&#8243;][vc_column][vc_row_inner][vc_column_inner][vc_single_image image=&#8220;31556&#8243; img_size=&#8220;full&#8220; css=&#8220;&#8220; el_class=&#8220;test-desktop-hide&#8220;][vc_column_text css=&#8220;&#8220; el_class=&#8220;full-width-content full-width-content-right rs&#8220;]<\/p>\n<h5>End-to-End-Logistik, die Termine h\u00e4lt<\/h5>\n<p><em>\u201eWir steuern Material- und Informationsfl\u00fcsse end-to-end \u2013 datengetrieben, transparent und mit klaren Priorit\u00e4ten f\u00fcr planbare Durchlaufzeiten und termingerechte Auslieferungen.\u201c<\/em><\/p>\n<h6>Mirjana Milinkovic, Leiterin Logistik &amp; Produktionssteuerung, Rauscher &amp; Stoecklin AG<\/h6>\n<p>[\/vc_column_text][\/vc_column_inner][\/vc_row_inner][\/vc_column][\/vc_row]<\/p>\n<\/div>","protected":false},"excerpt":{"rendered":"<p>[vc_section full_width=&#8220;stretch_row&#8220; content_placement=&#8220;middle&#8220; min_height=&#8220;480&#8243; css=&#8220;.vc_custom_1765270064174{background-image: url(https:\/\/the-rsgroup.com\/wp-content\/uploads\/2025\/12\/Header_Rauscher_Stoecklin_Gruppe.jpg?id=30621) !important;background-position: center !important;background-repeat: no-repeat !important;background-size: cover !important;}&#8220; el_class=&#8220;inner-page-banner-section&#8220;][vc_row][vc_column][apress_heading sub_title=&#8220;\u00d6lverteiltransformatoren und Schalttechnik f\u00fcr sichere Energieverteilung&#8220; content_alignment=&#8220;left&#8220; data_animation=&#8220;fadeInRight&#8220; enable_delimiter=&#8220;&#8220; style=&#8220;heading_style1&#8243; title_font_options=&#8220;tag:h1&#8243; subtitle_font_options=&#8220;tag:div&#8220;]Rauscher &amp; Stoecklin [\/apress_heading][\/vc_column][\/vc_row][\/vc_section][vc_row css=&#8220;.vc_custom_1754110673091{padding-top: 80px !important;padding-bottom: 80px !important;}&#8220;][vc_column apress_zindex=&#8220;9&#8243; el_class=&#8220;custom_sidebar high_zIndex&#8220;][apress_heading sub_title=&#8220;&#8220; content_alignment=&#8220;left&#8220; enable_delimiter=&#8220;&#8220;&hellip;<\/p>\n","protected":false},"author":1,"featured_media":0,"parent":0,"menu_order":0,"comment_status":"closed","ping_status":"closed","template":"template-fullwidth-page.php","meta":{"_acf_changed":false,"_monsterinsights_skip_tracking":false,"_monsterinsights_sitenote_active":false,"_monsterinsights_sitenote_note":"","_monsterinsights_sitenote_category":0,"footnotes":""},"class_list":["post-8343","page","type-page","status-publish","hentry"],"acf":[],"_links":{"self":[{"href":"https:\/\/the-rsgroup.com\/de\/wp-json\/wp\/v2\/pages\/8343","targetHints":{"allow":["GET"]}}],"collection":[{"href":"https:\/\/the-rsgroup.com\/de\/wp-json\/wp\/v2\/pages"}],"about":[{"href":"https:\/\/the-rsgroup.com\/de\/wp-json\/wp\/v2\/types\/page"}],"author":[{"embeddable":true,"href":"https:\/\/the-rsgroup.com\/de\/wp-json\/wp\/v2\/users\/1"}],"replies":[{"embeddable":true,"href":"https:\/\/the-rsgroup.com\/de\/wp-json\/wp\/v2\/comments?post=8343"}],"version-history":[{"count":45,"href":"https:\/\/the-rsgroup.com\/de\/wp-json\/wp\/v2\/pages\/8343\/revisions"}],"predecessor-version":[{"id":31563,"href":"https:\/\/the-rsgroup.com\/de\/wp-json\/wp\/v2\/pages\/8343\/revisions\/31563"}],"wp:attachment":[{"href":"https:\/\/the-rsgroup.com\/de\/wp-json\/wp\/v2\/media?parent=8343"}],"curies":[{"name":"wp","href":"https:\/\/api.w.org\/{rel}","templated":true}]}}