{"id":8373,"date":"2020-01-31T15:16:51","date_gmt":"2020-01-31T15:16:51","guid":{"rendered":"http:\/\/the-rsgroup.com\/tesar"},"modified":"2025-12-23T08:12:07","modified_gmt":"2025-12-23T08:12:07","slug":"tesar","status":"publish","type":"page","link":"https:\/\/the-rsgroup.com\/de\/tesar\/","title":{"rendered":"Tesar"},"content":{"rendered":"<div class=\"wpb-content-wrapper\"><p>[vc_section full_width=&#8220;stretch_row&#8220; content_placement=&#8220;middle&#8220; min_height=&#8220;480&#8243; css=&#8220;.vc_custom_1766194532539{background-image: url(https:\/\/the-rsgroup.com\/wp-content\/uploads\/2025\/12\/Tesar_group_header.webp?id=31694) !important;background-position: center !important;background-repeat: no-repeat !important;background-size: cover !important;}&#8220; el_class=&#8220;inner-page-banner-section&#8220;][vc_row][vc_column][apress_heading sub_title=&#8220;Gie\u00dfharztransformatoren f\u00fcr anspruchsvolle Anwendungen weltweit&#8220; content_alignment=&#8220;left&#8220; data_animation=&#8220;fadeInRight&#8220; enable_delimiter=&#8220;&#8220; style=&#8220;heading_style1&#8243; title_font_options=&#8220;tag:h1&#8243; subtitle_font_options=&#8220;tag:div&#8220;]Tesar[\/apress_heading][\/vc_column][\/vc_row][\/vc_section][vc_row css=&#8220;.vc_custom_1754110673091{padding-top: 80px !important;padding-bottom: 80px !important;}&#8220;][vc_column apress_zindex=&#8220;9&#8243; el_class=&#8220;custom_sidebar high_zIndex&#8220;][apress_heading sub_title=&#8220;&#8220; content_alignment=&#8220;left&#8220; enable_delimiter=&#8220;&#8220; color_scheme=&#8220;color_scheme2&#8243; style=&#8220;heading_style1&#8243; title_font_options=&#8220;tag:h2|letter_spacing:1&#8243; subtitle_font_options=&#8220;tag:div&#8220; heading_margin=&#8220;margin-bottom:30&#8243; class=&#8220;heading-custom&#8220;]Tesar \u2013 Kompetenz f\u00fcr Gie\u00dfharz-Trockentransformatoren[\/apress_heading][vc_column_text css=&#8220;.vc_custom_1765544087330{margin-bottom: 0px !important;}&#8220;]Tesar b\u00fcndelt die weltweiten Aktivit\u00e4ten im Bereich Gie\u00dfharz-Trockentransformatoren und Messwandler innerhalb der R&amp;S Group. Mit Standorten in Italien (Tesar Italia), Polen (Tesar Polska) und den Vereinigten Arabischen Emiraten (Tesar Gulf) bietet die Gruppe ein durchg\u00e4ngiges Portfolio an Gie\u00dfharztransformatoren und Strom- bzw. Spannungswandlern f\u00fcr Mittelspannungsanwendungen \u2013 von Standardverteilnetzen bis hin zu komplexen Industrie- und Infrastrukturprojekten.<\/p>\n<p>Als einer der europ\u00e4ischen Pioniere der Gie\u00dfharztechnologie entwickelt Tesar seit 1979 trockengegossene Transformatoren mit hoher Brandschutzklasse, geringer Wartungsanf\u00e4lligkeit und hervorragender elektrischer Performance. \u00dcber 100.000 weltweit installierte Tesar-Transformatoren sind Referenz f\u00fcr technische Zuverl\u00e4ssigkeit, Effizienz und Langlebigkeit.<\/p>\n<p>Tesar ist in europ\u00e4ischen und internationalen Normungsgremien aktiv und arbeitet eng mit Energieversorgern, EPCs, Planern und Betreibern zusammen. Das Anwendungsspektrum reicht von erneuerbaren Energien (Wind, Solar, BESS) \u00fcber Rechenzentren, Tunnel, Krankenh\u00e4user und Flugh\u00e4fen bis zu Bahnenergieversorgung, Offshore-nahen Projekten und kritischer Infrastruktur.[\/vc_column_text][\/vc_column][\/vc_row][vc_row css=&#8220;.vc_custom_1764930440890{padding-top: 80px !important;padding-bottom: 80px !important;background-color: #E6E7E9 !important;}&#8220;][vc_column][apress_heading sub_title=&#8220;&#8220; content_alignment=&#8220;left&#8220; enable_delimiter=&#8220;&#8220; color_scheme=&#8220;color_scheme2&#8243; style=&#8220;heading_style5&#8243; title_font_options=&#8220;tag:h2|letter_spacing:0&#8243; subtitle_font_options=&#8220;tag:div|letter_spacing:3&#8243;]St\u00e4rken von Tesar im \u00dcberblick:[\/apress_heading][vc_row_inner el_class=&#8220;location-expertise-section brand-page&#8220;][vc_column_inner][apress_heading sub_title=&#8220;&#8220; content_alignment=&#8220;left&#8220; enable_delimiter=&#8220;&#8220; color_scheme=&#8220;color_scheme2&#8243; style=&#8220;heading_style5&#8243; title_font_options=&#8220;tag:h2|letter_spacing:0&#8243; subtitle_font_options=&#8220;tag:div|letter_spacing:3&#8243;]Gie\u00dfharzkompetenz seit 1979[\/apress_heading][vc_column_text css=&#8220;&#8220;]Tiefes Know-how in Design, Gie\u00dfprozess, Harzsystemen und Alterungsverhalten von Trockentransformatoren.[\/vc_column_text][\/vc_column_inner][\/vc_row_inner][vc_row_inner el_class=&#8220;location-expertise-section brand-page&#8220;][vc_column_inner][apress_heading sub_title=&#8220;&#8220; content_alignment=&#8220;left&#8220; enable_delimiter=&#8220;&#8220; color_scheme=&#8220;color_scheme2&#8243; style=&#8220;heading_style5&#8243; title_font_options=&#8220;tag:h2|letter_spacing:0&#8243; subtitle_font_options=&#8220;tag:div|letter_spacing:3&#8243;]Drei Produktionsstandorte \u2013 ein Qualit\u00e4tsstandard[\/apress_heading][vc_column_text css=&#8220;&#8220;]Entwicklung und Fertigung in Italien, Polen und den VAE mit harmonisierten Standards, zertifizierten Managementsystemen (u. a. ISO 9001, 14001, 45001) und modern ausgestatteten Pr\u00fcflabors.[\/vc_column_text][\/vc_column_inner][\/vc_row_inner][vc_row_inner el_class=&#8220;location-expertise-section brand-page&#8220;][vc_column_inner][apress_heading sub_title=&#8220;&#8220; content_alignment=&#8220;left&#8220; enable_delimiter=&#8220;&#8220; color_scheme=&#8220;color_scheme2&#8243; style=&#8220;heading_style5&#8243; title_font_options=&#8220;tag:h2|letter_spacing:0&#8243; subtitle_font_options=&#8220;tag:div|letter_spacing:3&#8243;]Ecodesign &amp; Energieeffizienz[\/apress_heading][vc_column_text css=&#8220;&#8220;]Verluste optimierte Designs gem\u00e4\u00df EU-\u00d6kodesign und internationalen Normen; Fokus auf niedrige Lebenszykluskosten (TCO) und CO\u2082-Reduktion.[\/vc_column_text][\/vc_column_inner][\/vc_row_inner][vc_row_inner el_class=&#8220;location-expertise-section brand-page&#8220;][vc_column_inner][apress_heading sub_title=&#8220;&#8220; content_alignment=&#8220;left&#8220; enable_delimiter=&#8220;&#8220; color_scheme=&#8220;color_scheme2&#8243; style=&#8220;heading_style5&#8243; title_font_options=&#8220;tag:h2|letter_spacing:0&#8243; subtitle_font_options=&#8220;tag:div|letter_spacing:3&#8243;]Breites Einsatzspektrum[\/apress_heading][vc_column_text css=&#8220;&#8220;]L\u00f6sungen f\u00fcr Verteilnetze, Industrie, Infrastruktur, Datencenter, H\u00e4fen, Projekte der Erneuerbaren Energien, Bahn, E-Mobilit\u00e4t, Speicheranwendungen und Sonderprojekte in anspruchsvollen Klimazonen.[\/vc_column_text][\/vc_column_inner][\/vc_row_inner][\/vc_column][\/vc_row][vc_row full_width=&#8220;stretch_row&#8220; css=&#8220;.vc_custom_1765197466128{margin-top: 0px !important;padding-top: 80px !important;padding-bottom: 80px !important;background-color: #F8F8F800 !important;}&#8220; el_class=&#8220;related-product-info-box brand-column-box tesar&#8220;][vc_column][vc_row_inner][vc_column_inner][apress_heading sub_title=&#8220;&#8220; content_alignment=&#8220;left&#8220; enable_delimiter=&#8220;&#8220; color_scheme=&#8220;color_scheme2&#8243; style=&#8220;heading_style1&#8243; title_font_options=&#8220;tag:h2|letter_spacing:1&#8243; subtitle_font_options=&#8220;tag:div&#8220; heading_margin=&#8220;margin-bottom:30&#8243;]Besuchen Sie unsere Produktionsstandorte[\/apress_heading][\/vc_column_inner][\/vc_row_inner][vc_row_inner gap=&#8220;35&#8243; el_class=&#8220;brand-branches-column&#8220;][vc_column_inner el_class=&#8220;custom_sidebar&#8220; width=&#8220;1\/3&#8243; css=&#8220;.vc_custom_1765532251665{background-image: url(https:\/\/the-rsgroup.com\/wp-content\/uploads\/2025\/12\/Header_Tesar_Italia.jpg?id=30677) !important;background-position: center !important;background-repeat: no-repeat !important;background-size: cover !important;}&#8220;]\r\n<!--Image Box Start-->\r\n<div class=\"zolo_imagebox_new_swing new_imagebox_style4\"><div class=\"zolo_imagebox_new_wrapper zolo_imagebox_new_6715617769edd1124a0d5 new_imagebox_style4 noanimation\" data-animation =\"No Animation\" data-delay =\"500\" data-id =\"zolo_imagebox_new_6715617769edd1124a0d5\">\r\n    <a title=\"Dry type transformers\" href=\"https:\/\/the-rsgroup.com\/de\/tesar\/tesar-italia\/\" target=\"_self\" rel=\"\">\r\n    <div class=\"zolo_imagebox_new_box\">\r\n        <div class=\"zolo_thumbnail\" style=\"background:url(https:\/\/the-rsgroup.com\/wp-content\/uploads\/2025\/09\/Tesar_Logo_pos_RGB-1.png) no-repeat center center; -moz-background-size:cover;-webkit-background-size:cover;-o-background-size:cover;-ms-background-size:cover;background-size:cover; height:300px;\"><\/div>\r\n        <div class=\"zolo_imagebox_new_content\">\r\n            <div class=\"zolo_imagebox_new_title_des\">\r\n        <h3 class=\"entry-title zolo_imagebox_new_title\" style=\"color:#000000; \">        Tesar Italia <\/h3>                        <div class=\"zolo_imagebox_icon_button_element alignment_inline zolo_imagebox_icon_button_6715617769edd1124a0d5\"><span class=\"zolo_iconbutton_tag iconbutton_style1 button_style_none\"><span class=\"zolo_button_icon zolo_arrow_icon\"><\/span><\/span><\/div>      <\/div>\r\n    <\/div>\r\n          <\/div>\r\n    <\/a>\r\n  <\/div>\r\n<\/div><!--Image Box End-->\r\n\r\n[\/vc_column_inner][vc_column_inner el_class=&#8220;custom_sidebar&#8220; width=&#8220;1\/3&#8243; css=&#8220;.vc_custom_1765532261392{background-image: url(https:\/\/the-rsgroup.com\/wp-content\/uploads\/2025\/12\/Header_Gulf.jpg?id=30639) !important;background-position: center !important;background-repeat: no-repeat !important;background-size: cover !important;}&#8220;]\r\n<!--Image Box Start-->\r\n<div class=\"zolo_imagebox_new_swing new_imagebox_style4\"><div class=\"zolo_imagebox_new_wrapper zolo_imagebox_new_2629790269edd1124bc1d new_imagebox_style4 noanimation\" data-animation =\"No Animation\" data-delay =\"500\" data-id =\"zolo_imagebox_new_2629790269edd1124bc1d\">\r\n    <a title=\"Dry type transformers\" href=\"https:\/\/the-rsgroup.com\/de\/tesar\/tesar-gulf\/\" target=\"_self\" rel=\"\">\r\n    <div class=\"zolo_imagebox_new_box\">\r\n        <div class=\"zolo_thumbnail\" style=\"background:url(https:\/\/the-rsgroup.com\/wp-content\/uploads\/2025\/09\/Tesar_Logo_pos_RGB-1.png) no-repeat center center; -moz-background-size:cover;-webkit-background-size:cover;-o-background-size:cover;-ms-background-size:cover;background-size:cover; height:300px;\"><\/div>\r\n        <div class=\"zolo_imagebox_new_content\">\r\n            <div class=\"zolo_imagebox_new_title_des\">\r\n        <h3 class=\"entry-title zolo_imagebox_new_title\" style=\"color:#000000; \">        Tesar Gulf <\/h3>                        <div class=\"zolo_imagebox_icon_button_element alignment_inline zolo_imagebox_icon_button_2629790269edd1124bc1d\"><span class=\"zolo_iconbutton_tag iconbutton_style1 button_style_none\"><span class=\"zolo_button_icon zolo_arrow_icon\"><\/span><\/span><\/div>      <\/div>\r\n    <\/div>\r\n          <\/div>\r\n    <\/a>\r\n  <\/div>\r\n<\/div><!--Image Box End-->\r\n\r\n[\/vc_column_inner][vc_column_inner el_class=&#8220;custom_sidebar&#8220; width=&#8220;1\/3&#8243; css=&#8220;.vc_custom_1766477447346{background-image: url(https:\/\/the-rsgroup.com\/wp-content\/uploads\/2025\/12\/Header_Tesar_PL.jpg?id=30685) !important;background-position: center !important;background-repeat: no-repeat !important;background-size: cover !important;}&#8220;]\r\n<!--Image Box Start-->\r\n<div class=\"zolo_imagebox_new_swing new_imagebox_style4\"><div class=\"zolo_imagebox_new_wrapper zolo_imagebox_new_189235127169edd1124c0cb new_imagebox_style4 noanimation\" data-animation =\"No Animation\" data-delay =\"500\" data-id =\"zolo_imagebox_new_189235127169edd1124c0cb\">\r\n    <a title=\"Dry type transformers\" href=\"https:\/\/the-rsgroup.com\/de\/tesar\/tesar-polska\/\" target=\"_self\" rel=\"\">\r\n    <div class=\"zolo_imagebox_new_box\">\r\n        <div class=\"zolo_thumbnail\" style=\"background:url(https:\/\/the-rsgroup.com\/wp-content\/uploads\/2025\/09\/Tesar_Logo_pos_RGB-1.png) no-repeat center center; -moz-background-size:cover;-webkit-background-size:cover;-o-background-size:cover;-ms-background-size:cover;background-size:cover; height:300px;\"><\/div>\r\n        <div class=\"zolo_imagebox_new_content\">\r\n            <div class=\"zolo_imagebox_new_title_des\">\r\n        <h3 class=\"entry-title zolo_imagebox_new_title\" style=\"color:#000000; \">        Tesar Polska <\/h3>                        <div class=\"zolo_imagebox_icon_button_element alignment_inline zolo_imagebox_icon_button_189235127169edd1124c0cb\"><span class=\"zolo_iconbutton_tag iconbutton_style1 button_style_none\"><span class=\"zolo_button_icon zolo_arrow_icon\"><\/span><\/span><\/div>      <\/div>\r\n    <\/div>\r\n          <\/div>\r\n    <\/a>\r\n  <\/div>\r\n<\/div><!--Image Box End-->\r\n\r\n[\/vc_column_inner][\/vc_row_inner][\/vc_column][\/vc_row][vc_row full_width=&#8220;stretch_row_content&#8220; content_placement=&#8220;middle&#8220; bg_type=&#8220;image&#8220; parallax_style=&#8220;vcpb-default&#8220; bg_image_new=&#8220;id^31480|url^https:\/\/the-rsgroup.com\/wp-content\/uploads\/2025\/12\/Frederico_Bianchini_2048_680.jpg|caption^null|alt^null|title^Frederico_Bianchini_2048_680|description^null&#8220; bg_image_repeat=&#8220;no-repeat&#8220; bg_override=&#8220;full&#8220; css=&#8220;.vc_custom_1765800639368{padding-top: 50px !important;padding-bottom: 100px !important;background-position: center !important;background-repeat: no-repeat !important;background-size: cover !important;}&#8220; el_class=&#8220;full-width-content-section testimonial&#8220; el_id=&#8220;row3&#8243;][vc_column][vc_row_inner][vc_column_inner][vc_single_image image=&#8220;31473&#8243; img_size=&#8220;full&#8220; css=&#8220;&#8220; el_class=&#8220;test-desktop-hide&#8220;][vc_column_text css=&#8220;&#8220; el_class=&#8220;full-width-content full-width-content-left tesar&#8220;]<\/p>\n<h5>Jeder Guss ein Qualit\u00e4tsversprechen<\/h5>\n<p><em>\u201e<i>Beim Vergie\u00dfen unserer Wicklungen z\u00e4hlt jede Sekunde \u2013 unsere Erfahrung macht den Unterschied in Sicherheit und Langlebigkeit.\u201c<\/i><br \/>\n<\/em><\/p>\n<h6>Volodymyr Zaytsev, Expert Research &amp; Development Engineering, Tesar Italia<\/h6>\n<p>[\/vc_column_text][\/vc_column_inner][\/vc_row_inner][\/vc_column][\/vc_row]<\/p>\n<\/div>","protected":false},"excerpt":{"rendered":"<p>[vc_section full_width=&#8220;stretch_row&#8220; content_placement=&#8220;middle&#8220; min_height=&#8220;480&#8243; css=&#8220;.vc_custom_1766194532539{background-image: url(https:\/\/the-rsgroup.com\/wp-content\/uploads\/2025\/12\/Tesar_group_header.webp?id=31694) !important;background-position: center !important;background-repeat: no-repeat !important;background-size: cover !important;}&#8220; el_class=&#8220;inner-page-banner-section&#8220;][vc_row][vc_column][apress_heading sub_title=&#8220;Gie\u00dfharztransformatoren f\u00fcr anspruchsvolle Anwendungen weltweit&#8220; content_alignment=&#8220;left&#8220; data_animation=&#8220;fadeInRight&#8220; enable_delimiter=&#8220;&#8220; style=&#8220;heading_style1&#8243; title_font_options=&#8220;tag:h1&#8243; subtitle_font_options=&#8220;tag:div&#8220;]Tesar[\/apress_heading][\/vc_column][\/vc_row][\/vc_section][vc_row css=&#8220;.vc_custom_1754110673091{padding-top: 80px !important;padding-bottom: 80px !important;}&#8220;][vc_column apress_zindex=&#8220;9&#8243; el_class=&#8220;custom_sidebar high_zIndex&#8220;][apress_heading sub_title=&#8220;&#8220; content_alignment=&#8220;left&#8220; enable_delimiter=&#8220;&#8220; color_scheme=&#8220;color_scheme2&#8243; style=&#8220;heading_style1&#8243; title_font_options=&#8220;tag:h2|letter_spacing:1&#8243; subtitle_font_options=&#8220;tag:div&#8220;&hellip;<\/p>\n","protected":false},"author":1,"featured_media":0,"parent":0,"menu_order":0,"comment_status":"closed","ping_status":"closed","template":"template-fullwidth-page.php","meta":{"_acf_changed":false,"_monsterinsights_skip_tracking":false,"_monsterinsights_sitenote_active":false,"_monsterinsights_sitenote_note":"","_monsterinsights_sitenote_category":0,"footnotes":""},"class_list":["post-8373","page","type-page","status-publish","hentry"],"acf":[],"_links":{"self":[{"href":"https:\/\/the-rsgroup.com\/de\/wp-json\/wp\/v2\/pages\/8373","targetHints":{"allow":["GET"]}}],"collection":[{"href":"https:\/\/the-rsgroup.com\/de\/wp-json\/wp\/v2\/pages"}],"about":[{"href":"https:\/\/the-rsgroup.com\/de\/wp-json\/wp\/v2\/types\/page"}],"author":[{"embeddable":true,"href":"https:\/\/the-rsgroup.com\/de\/wp-json\/wp\/v2\/users\/1"}],"replies":[{"embeddable":true,"href":"https:\/\/the-rsgroup.com\/de\/wp-json\/wp\/v2\/comments?post=8373"}],"version-history":[{"count":42,"href":"https:\/\/the-rsgroup.com\/de\/wp-json\/wp\/v2\/pages\/8373\/revisions"}],"predecessor-version":[{"id":31886,"href":"https:\/\/the-rsgroup.com\/de\/wp-json\/wp\/v2\/pages\/8373\/revisions\/31886"}],"wp:attachment":[{"href":"https:\/\/the-rsgroup.com\/de\/wp-json\/wp\/v2\/media?parent=8373"}],"curies":[{"name":"wp","href":"https:\/\/api.w.org\/{rel}","templated":true}]}}