{"id":11828,"date":"2020-04-24T12:04:42","date_gmt":"2020-04-24T12:04:42","guid":{"rendered":"https:\/\/the-rsgroup.com\/tesar-polska\/"},"modified":"2025-10-03T11:18:05","modified_gmt":"2025-10-03T11:18:05","slug":"tesar-polska","status":"publish","type":"page","link":"https:\/\/the-rsgroup.com\/fr\/tesar-polska\/","title":{"rendered":"Tesar Polska"},"content":{"rendered":"<div class=\"wpb-content-wrapper\"><p>[vc_row css=&#8221;.vc_custom_1575405437154{padding-top: 20px !important;padding-bottom: 80px !important;}&#8221;][vc_column apress_zindex=&#8221;9&#8243; el_class=&#8221;custom_sidebar high_zIndex&#8221;][apress_heading sub_title=&#8221;&#8221; content_alignment=&#8221;left&#8221; enable_delimiter=&#8221;&#8221; color_scheme=&#8221;color_scheme2&#8243; style=&#8221;heading_style1&#8243; title_font_options=&#8221;tag:h2|letter_spacing:1&#8243; subtitle_font_options=&#8221;tag:div&#8221; heading_margin=&#8221;margin-bottom:30&#8243; class=&#8221;h2-heading-custom&#8221;]Situ\u00e9 \u00e0 Niepo\u0142omice Pologne, Tesar Polska con\u00e7oit et fabrique des transformateurs en r\u00e9sine coul\u00e9e et des transformateurs d&#8217;instruments depuis 2013.[\/apress_heading][vc_column_text css=&#8221;.vc_custom_1591186915919{margin-bottom: 0px !important;}&#8221;]Tesar Polska fait partie du c\u00e9l\u00e8bre fabricant de transformateurs Tesar, la premi\u00e8re entreprise italienne \u00e0 mettre en \u0153uvre la technique de coul\u00e9e de r\u00e9sine pour transformateurs.<\/p>\n<p>Apr\u00e8s de nombreuses ann\u00e9es d&#8217;activit\u00e9 avec un bureau de vente en Pologne, Tesar a d\u00e9cid\u00e9 de construire une nouvelle usine de fabrication sur un terrain vierge dans la zone industrielle de Cracovie ; elle est op\u00e9rationnelle depuis 2013 sous son propre nom Tesar Polska.<\/p>\n<p>En 2016, Tesar et Tesar Polska ont int\u00e9gr\u00e9 R&amp;S, un fournisseur de premier plan de produits d&#8217;infrastructure \u00e9lectrique sur les principaux march\u00e9s du monde.[\/vc_column_text][\/vc_column][\/vc_row][vc_row full_width=&#8221;stretch_row&#8221; css=&#8221;.vc_custom_1587016913495{margin-top: 0px !important;padding-top: 60px !important;padding-bottom: 60px !important;background-color: #f8f8f8 !important;}&#8221;][vc_column][vc_row_inner][vc_column_inner el_class=&#8221;custom_sidebar&#8221; width=&#8221;1\/2&#8243;]\r\n<!--Image Box Start-->\r\n<div class=\"zolo_imagebox_new_swing new_imagebox_style4\"><div class=\"zolo_imagebox_new_wrapper zolo_imagebox_new_98556149769ee1dc6ade77 new_imagebox_style4 noanimation\" data-animation =\"No Animation\" data-delay =\"500\" data-id =\"zolo_imagebox_new_98556149769ee1dc6ade77\">\r\n    <a title=\"Transformateurs en r\u00e9sine moul\u00e9e\" href=\"\/fr\/produits\/transformateurs\/transformateurs-a-type-sec\/\" target=\"_self\" rel=\"\">\r\n    <div class=\"zolo_imagebox_new_box\">\r\n        <div class=\"zolo_thumbnail\" style=\"background:url(https:\/\/the-rsgroup.com\/wp-content\/uploads\/2020\/01\/cast-resin-transformer-tesar.png) no-repeat center center; -moz-background-size:cover;-webkit-background-size:cover;-o-background-size:cover;-ms-background-size:cover;background-size:cover; height:300px;\"><\/div>\r\n        <div class=\"zolo_imagebox_new_content\">\r\n            <div class=\"zolo_imagebox_new_title_des\">\r\n        <h3 class=\"entry-title zolo_imagebox_new_title\" style=\"color:#000000; \">        Transformateurs en r\u00e9sine moul\u00e9e <\/h3>                <span class=\"zolo_imagebox_description\" style=\"color:#000000; \">        Avec plus de 100 000 installations de transformateurs \u00e0 son actif, R&amp;S propose des transformateurs en r\u00e9sine moul\u00e9e de pointe avec une puissance nominale maximale de 20 MVA. <\/span>        <div class=\"zolo_imagebox_icon_button_element alignment_inline zolo_imagebox_icon_button_98556149769ee1dc6ade77\"><span class=\"zolo_iconbutton_tag iconbutton_style1 button_style_none\"><span class=\"zolo_button_icon zolo_arrow_icon\"><\/span><\/span><\/div>      <\/div>\r\n    <\/div>\r\n          <\/div>\r\n    <\/a>\r\n  <\/div>\r\n<\/div><!--Image Box End-->\r\n\r\n[\/vc_column_inner][vc_column_inner el_class=&#8221;custom_sidebar&#8221; width=&#8221;1\/2&#8243;]\r\n<!--Image Box Start-->\r\n<div class=\"zolo_imagebox_new_swing new_imagebox_style4\"><div class=\"zolo_imagebox_new_wrapper zolo_imagebox_new_67171282969ee1dc6af46e new_imagebox_style4 noanimation\" data-animation =\"No Animation\" data-delay =\"500\" data-id =\"zolo_imagebox_new_67171282969ee1dc6af46e\">\r\n    <a title=\"Transformateurs de mesure\" href=\"\/fr\/produits\/transformateurs\/transformateurs-de-courant-et-de-tension\/\" target=\"_self\" rel=\"\">\r\n    <div class=\"zolo_imagebox_new_box\">\r\n        <div class=\"zolo_thumbnail\" style=\"background:url(https:\/\/the-rsgroup.com\/wp-content\/uploads\/2020\/01\/instrument-transformer-rs.png) no-repeat center center; -moz-background-size:cover;-webkit-background-size:cover;-o-background-size:cover;-ms-background-size:cover;background-size:cover; height:300px;\"><\/div>\r\n        <div class=\"zolo_imagebox_new_content\">\r\n            <div class=\"zolo_imagebox_new_title_des\">\r\n        <h3 class=\"entry-title zolo_imagebox_new_title\" style=\"color:#000000; \">        Transformateurs de mesure <\/h3>                <span class=\"zolo_imagebox_description\" style=\"color:#000000; \">        D\u00e9couvrez notre gamme de transformateurs de courant et de tension garantissant une pr\u00e9cision maximale dans vos installations. <\/span>        <div class=\"zolo_imagebox_icon_button_element alignment_inline zolo_imagebox_icon_button_67171282969ee1dc6af46e\"><span class=\"zolo_iconbutton_tag iconbutton_style1 button_style_none\"><span class=\"zolo_button_icon zolo_arrow_icon\"><\/span><\/span><\/div>      <\/div>\r\n    <\/div>\r\n          <\/div>\r\n    <\/a>\r\n  <\/div>\r\n<\/div><!--Image Box End-->\r\n\r\n[\/vc_column_inner][\/vc_row_inner][\/vc_column][\/vc_row][vc_row full_width=&#8221;stretch_row&#8221; css=&#8221;.vc_custom_1587016905820{margin-top: 0px !important;padding-bottom: 60px !important;background-color: #f8f8f8 !important;}&#8221;][vc_column][vc_row_inner][vc_column_inner el_class=&#8221;custom_sidebar&#8221; width=&#8221;1\/2&#8243;]\r\n<!--Image Box Start-->\r\n<div class=\"zolo_imagebox_new_swing new_imagebox_style4\"><div class=\"zolo_imagebox_new_wrapper zolo_imagebox_new_172749633369ee1dc6afbe4 new_imagebox_style4 noanimation\" data-animation =\"No Animation\" data-delay =\"500\" data-id =\"zolo_imagebox_new_172749633369ee1dc6afbe4\">\r\n    <a title=\"T\u00e9l\u00e9chargements\" href=\"\/fr\/produits\/telechargements\/\" target=\"_self\" rel=\"\">\r\n    <div class=\"zolo_imagebox_new_box\">\r\n        <div class=\"zolo_thumbnail\" style=\"background:url(https:\/\/the-rsgroup.com\/wp-content\/uploads\/2020\/04\/Products-with-Bows_3.jpg) no-repeat center center; -moz-background-size:cover;-webkit-background-size:cover;-o-background-size:cover;-ms-background-size:cover;background-size:cover; height:300px;\"><\/div>\r\n        <div class=\"zolo_imagebox_new_content\">\r\n            <div class=\"zolo_imagebox_new_title_des\">\r\n        <h3 class=\"entry-title zolo_imagebox_new_title\" style=\"color:#000000; \">        T\u00e9l\u00e9chargements <\/h3>                <span class=\"zolo_imagebox_description\" style=\"color:#000000; \">        Vous cherchez plus d\u2019informations et des d\u00e9tails techniques ? <\/span>        <div class=\"zolo_imagebox_icon_button_element alignment_inline zolo_imagebox_icon_button_172749633369ee1dc6afbe4\"><span class=\"zolo_iconbutton_tag iconbutton_style1 button_style_none\"><span class=\"zolo_button_icon zolo_arrow_icon\"><\/span><\/span><\/div>      <\/div>\r\n    <\/div>\r\n          <\/div>\r\n    <\/a>\r\n  <\/div>\r\n<\/div><!--Image Box End-->\r\n\r\n[\/vc_column_inner][vc_column_inner el_class=&#8221;custom_sidebar&#8221; width=&#8221;1\/2&#8243;]\r\n<!--Image Box Start-->\r\n<div class=\"zolo_imagebox_new_swing new_imagebox_style4\"><div class=\"zolo_imagebox_new_wrapper zolo_imagebox_new_40538674769ee1dc6b015d new_imagebox_style4 noanimation\" data-animation =\"No Animation\" data-delay =\"500\" data-id =\"zolo_imagebox_new_40538674769ee1dc6b015d\">\r\n    <a title=\"Service et assistance\" href=\"\/fr\/produits\/service-et-assistance\/\" target=\"_self\" rel=\"\">\r\n    <div class=\"zolo_imagebox_new_box\">\r\n        <div class=\"zolo_thumbnail\" style=\"background:url(https:\/\/the-rsgroup.com\/wp-content\/uploads\/2020\/01\/service-rs.jpg) no-repeat center center; -moz-background-size:cover;-webkit-background-size:cover;-o-background-size:cover;-ms-background-size:cover;background-size:cover; height:300px;\"><\/div>\r\n        <div class=\"zolo_imagebox_new_content\">\r\n            <div class=\"zolo_imagebox_new_title_des\">\r\n        <h3 class=\"entry-title zolo_imagebox_new_title\" style=\"color:#000000; \">        Service et assistance <\/h3>                <span class=\"zolo_imagebox_description\" style=\"color:#000000; \">        Chez R&amp;S, nous vous soutenons jusqu\u2019au bout. D\u00e9couvrez-en plus sur nos solutions de support et de service. <\/span>        <div class=\"zolo_imagebox_icon_button_element alignment_inline zolo_imagebox_icon_button_40538674769ee1dc6b015d\"><span class=\"zolo_iconbutton_tag iconbutton_style1 button_style_none\"><span class=\"zolo_button_icon zolo_arrow_icon\"><\/span><\/span><\/div>      <\/div>\r\n    <\/div>\r\n          <\/div>\r\n    <\/a>\r\n  <\/div>\r\n<\/div><!--Image Box End-->\r\n\r\n[\/vc_column_inner][\/vc_row_inner][\/vc_column][\/vc_row]<\/p>\n<\/div>","protected":false},"excerpt":{"rendered":"<p>[vc_row css=&#8221;.vc_custom_1575405437154{padding-top: 20px !important;padding-bottom: 80px !important;}&#8221;][vc_column apress_zindex=&#8221;9&#8243; el_class=&#8221;custom_sidebar high_zIndex&#8221;][apress_heading sub_title=&#8221;&#8221; content_alignment=&#8221;left&#8221; enable_delimiter=&#8221;&#8221; color_scheme=&#8221;color_scheme2&#8243; style=&#8221;heading_style1&#8243; title_font_options=&#8221;tag:h2|letter_spacing:1&#8243; subtitle_font_options=&#8221;tag:div&#8221; heading_margin=&#8221;margin-bottom:30&#8243; class=&#8221;h2-heading-custom&#8221;]Situ\u00e9 \u00e0 Niepo\u0142omice Pologne, Tesar Polska con\u00e7oit et fabrique des transformateurs en r\u00e9sine coul\u00e9e et des transformateurs d&#8217;instruments depuis 2013.[\/apress_heading][vc_column_text css=&#8221;.vc_custom_1591186915919{margin-bottom: 0px !important;}&#8221;]Tesar&hellip;<\/p>\n","protected":false},"author":1,"featured_media":0,"parent":0,"menu_order":0,"comment_status":"closed","ping_status":"closed","template":"template-fullwidth-page.php","meta":{"_acf_changed":false,"_monsterinsights_skip_tracking":false,"_monsterinsights_sitenote_active":false,"_monsterinsights_sitenote_note":"","_monsterinsights_sitenote_category":0,"footnotes":""},"class_list":["post-11828","page","type-page","status-publish","hentry"],"acf":[],"_links":{"self":[{"href":"https:\/\/the-rsgroup.com\/fr\/wp-json\/wp\/v2\/pages\/11828","targetHints":{"allow":["GET"]}}],"collection":[{"href":"https:\/\/the-rsgroup.com\/fr\/wp-json\/wp\/v2\/pages"}],"about":[{"href":"https:\/\/the-rsgroup.com\/fr\/wp-json\/wp\/v2\/types\/page"}],"author":[{"embeddable":true,"href":"https:\/\/the-rsgroup.com\/fr\/wp-json\/wp\/v2\/users\/1"}],"replies":[{"embeddable":true,"href":"https:\/\/the-rsgroup.com\/fr\/wp-json\/wp\/v2\/comments?post=11828"}],"version-history":[{"count":2,"href":"https:\/\/the-rsgroup.com\/fr\/wp-json\/wp\/v2\/pages\/11828\/revisions"}],"predecessor-version":[{"id":24677,"href":"https:\/\/the-rsgroup.com\/fr\/wp-json\/wp\/v2\/pages\/11828\/revisions\/24677"}],"wp:attachment":[{"href":"https:\/\/the-rsgroup.com\/fr\/wp-json\/wp\/v2\/media?parent=11828"}],"curies":[{"name":"wp","href":"https:\/\/api.w.org\/{rel}","templated":true}]}}