{"id":18099,"date":"2023-12-10T16:33:52","date_gmt":"2023-12-10T16:33:52","guid":{"rendered":"https:\/\/the-rsgroup.com\/a-propos-de-rs\/sustainability\/"},"modified":"2025-12-22T07:15:12","modified_gmt":"2025-12-22T07:15:12","slug":"developpement-durable","status":"publish","type":"page","link":"https:\/\/the-rsgroup.com\/fr\/a-propos-de-rs\/developpement-durable\/","title":{"rendered":"D\u00e9veloppement durable"},"content":{"rendered":"<div class=\"wpb-content-wrapper\"><p>[vc_section full_width=&#8221;stretch_row&#8221; content_placement=&#8221;middle&#8221; min_height=&#8221;480&#8243; css=&#8221;.vc_custom_1759583953168{background-image: url(https:\/\/the-rsgroup.com\/wp-content\/uploads\/2021\/06\/shutterstock_526986238-scaled.jpg?id=14430) !important;background-position: center !important;background-repeat: no-repeat !important;background-size: cover !important;}&#8221; el_class=&#8221;inner-page-banner-section&#8221;][vc_row][vc_column][apress_heading sub_title=&#8221;&#8221; content_alignment=&#8221;left&#8221; data_animation=&#8221;fadeInRight&#8221; enable_delimiter=&#8221;&#8221; style=&#8221;heading_style1&#8243; title_font_options=&#8221;tag:h1&#8243; subtitle_font_options=&#8221;tag:div&#8221;]D\u00e9veloppement durable[\/apress_heading][\/vc_column][\/vc_row][\/vc_section][vc_row css=&#8221;.vc_custom_1758271922254{padding-top: 80px !important;padding-bottom: 80px !important;}&#8221;][vc_column apress_zindex=&#8221;9&#8243; css=&#8221;.vc_custom_1701013509166{padding-top: 0px !important;padding-bottom: 0px !important;}&#8221; el_class=&#8221;custom_sidebar high_zIndex&#8221;][apress_heading sub_title=&#8221;&#8221; content_alignment=&#8221;left&#8221; enable_delimiter=&#8221;&#8221; color_scheme=&#8221;color_scheme1&#8243; style=&#8221;heading_style1&#8243; title_font_options=&#8221;tag:h2|letter_spacing:1&#8243; subtitle_font_options=&#8221;tag:div&#8221; heading_margin=&#8221;margin-bottom:30&#8243; subheading_margin=&#8221;margin-bottom:30&#8243; class=&#8221;h2-heading-custom&#8221;]D\u00e9veloppement durable chez R&amp;S[\/apress_heading][vc_column_text css=&#8221;&#8221;]En tant que fournisseur leader de composants d&#8217;infrastructures \u00e9lectriques, le groupe R&amp;S s&#8217;engage activement dans la transition \u00e9nerg\u00e9tique. Notre mission est de fournir une \u00e9nergie fiable tout en soutenant la transition vers les \u00e9nergies renouvelables et leur distribution efficace. Le d\u00e9veloppement durable est donc au c\u0153ur de notre strat\u00e9gie d&#8217;entreprise et fa\u00e7onne nos activit\u00e9s actuelles et futures.<\/p>\n<p>Nous adoptons une approche globale pour int\u00e9grer les principes de durabilit\u00e9 tout au long de notre cha\u00eene de valeur. Nous nous appuyons sur un mod\u00e8le d&#8217;\u00e9conomie circulaire qui prend en compte l&#8217;int\u00e9gralit\u00e9 du cycle de vie de nos produits, du choix des mat\u00e9riaux \u00e0 leur conception, en passant par leur utilisation et leur recyclage. Notre objectif est d&#8217;am\u00e9liorer continuellement l&#8217;efficacit\u00e9 \u00e9nerg\u00e9tique de nos produits et de promouvoir l&#8217;utilisation de mat\u00e9riaux \u00e9conomes en ressources.<\/p>\n<p>Le d\u00e9veloppement de la nouvelle g\u00e9n\u00e9ration de transformateurs illustre parfaitement notre engagement. Gr\u00e2ce \u00e0 l&#8217;utilisation de mat\u00e9riaux respectueux du climat, comme l&#8217;acier bas carbone, et \u00e0 l&#8217;optimisation de la conception, nous avons pu augmenter l&#8217;efficacit\u00e9 \u00e9nerg\u00e9tique de nos mod\u00e8les actuels de plus de 25 % par rapport aux g\u00e9n\u00e9rations pr\u00e9c\u00e9dentes. De plus, plus de 80 % des mati\u00e8res premi\u00e8res utilis\u00e9es dans nos transformateurs sont constitu\u00e9es de divers m\u00e9taux, en grande partie recyclables.<\/p>\n<p>Au sein du groupe R&amp;S, nous avons d\u00e9fini des objectifs, des processus et des indicateurs de performance concrets pour mesurer et am\u00e9liorer continuellement nos progr\u00e8s en mati\u00e8re d&#8217;environnement, de soci\u00e9t\u00e9 et de gouvernance (ESG ) . Nous travaillons actuellement \u00e0 une meilleure int\u00e9gration des principes ESG dans nos processus op\u00e9rationnels et nos mod\u00e8les de r\u00e9mun\u00e9ration afin de garantir une gouvernance d&#8217;entreprise durable.<\/p>\n<p>Nos succ\u00e8s au cours de l&#8217;exercice 2024, avec notamment une croissance de 40 % du chiffre d&#8217;affaires \u00e0 282,6 millions de francs suisses et un carnet de commandes record de 278 millions de francs suisses, confirment l&#8217;efficacit\u00e9 de notre strat\u00e9gie durable. Convaincus que r\u00e9ussite \u00e9conomique et responsabilit\u00e9 \u00e9cologique vont de pair, nous restons engag\u00e9s dans le d\u00e9veloppement de solutions innovantes pour un avenir \u00e9nerg\u00e9tique durable.[\/vc_column_text][\/vc_column][\/vc_row][vc_row full_width=&#8221;stretch_row&#8221; equal_height=&#8221;yes&#8221; css=&#8221;.vc_custom_1758271866994{margin-top: 0px !important;padding-top: 0px !important;padding-bottom: 80px !important;}&#8221;][vc_column][vc_row_inner equal_height=&#8221;yes&#8221; gap=&#8221;20&#8243; el_class=&#8221;benefits-column-row&#8221;][vc_column_inner el_class=&#8221;custom_sidebar&#8221; width=&#8221;1\/3&#8243;][apress_gradient_icon_box description=&#8221;&#8221; color_scheme=&#8221;gradient_scheme1&#8243; icon_type=&#8221;image&#8221; icon_image=&#8221;22567&#8243; gradient_icon_size=&#8221;70&#8243; style=&#8221;iconbox_style1&#8243; class=&#8221;no-padding&#8221; title_font_options=&#8221;tag:h2|letter_spacing:1&#8243;]Strat\u00e9gie[\/apress_gradient_icon_box][vc_column_text css=&#8221;&#8221;]<\/p>\n<ul>\n<li>Ambition, strat\u00e9gie de d\u00e9veloppement durable et feuille de route<\/li>\n<li>Produits et services<\/li>\n<li>Clients<\/li>\n<\/ul>\n<p>[\/vc_column_text][\/vc_column_inner][vc_column_inner el_class=&#8221;custom_sidebar&#8221; width=&#8221;1\/3&#8243;][apress_gradient_icon_box description=&#8221;&#8221; color_scheme=&#8221;gradient_scheme1&#8243; icon_type=&#8221;image&#8221; icon_image=&#8221;22008&#8243; gradient_icon_size=&#8221;70&#8243; style=&#8221;iconbox_style1&#8243; class=&#8221;no-padding&#8221; title_font_options=&#8221;tag:h2|letter_spacing:1&#8243;]Risque et conformit\u00e9[\/apress_gradient_icon_box][vc_column_text css=&#8221;&#8221;]<\/p>\n<ul>\n<li>L&#8217;\u00e9valuation des risques<\/li>\n<li>Donn\u00e9es et technologie<\/li>\n<li>r\u00e8glement<\/li>\n<\/ul>\n<p>[\/vc_column_text][\/vc_column_inner][vc_column_inner el_class=&#8221;custom_sidebar&#8221; width=&#8221;1\/3&#8243;][apress_gradient_icon_box description=&#8221;&#8221; color_scheme=&#8221;gradient_scheme1&#8243; icon_type=&#8221;image&#8221; icon_image=&#8221;21719&#8243; gradient_icon_size=&#8221;70&#8243; style=&#8221;iconbox_style1&#8243; class=&#8221;no-padding&#8221; title_font_options=&#8221;tag:h2|letter_spacing:1&#8243;]Gestion de l\u2019environnement[\/apress_gradient_icon_box][vc_column_text css=&#8221;&#8221;]<\/p>\n<ul>\n<li>\u00c9missions de gaz \u00e0 effet de serre<\/li>\n<li>Efficacit\u00e9 des ressources<\/li>\n<\/ul>\n<p>[\/vc_column_text][\/vc_column_inner][\/vc_row_inner][vc_row_inner equal_height=&#8221;yes&#8221; gap=&#8221;20&#8243; el_class=&#8221;benefits-column-row&#8221;][vc_column_inner el_class=&#8221;custom_sidebar&#8221; width=&#8221;1\/3&#8243;][apress_gradient_icon_box description=&#8221;&#8221; color_scheme=&#8221;gradient_scheme1&#8243; icon_type=&#8221;image&#8221; icon_image=&#8221;21996&#8243; gradient_icon_size=&#8221;70&#8243; style=&#8221;iconbox_style1&#8243; class=&#8221;no-padding&#8221; title_font_options=&#8221;tag:h2|letter_spacing:1&#8243;]Cha\u00eene de valeur[\/apress_gradient_icon_box][vc_column_text css=&#8221;&#8221;]<\/p>\n<ul>\n<li>cha\u00eene d&#8217;approvisionnement<\/li>\n<li>Relations \u00e9ducatives<\/li>\n<\/ul>\n<p>[\/vc_column_text][\/vc_column_inner][vc_column_inner el_class=&#8221;custom_sidebar&#8221; width=&#8221;1\/3&#8243;][apress_gradient_icon_box description=&#8221;&#8221; color_scheme=&#8221;gradient_scheme1&#8243; icon_type=&#8221;image&#8221; icon_image=&#8221;22555&#8243; gradient_icon_size=&#8221;70&#8243; style=&#8221;iconbox_style1&#8243; class=&#8221;no-padding&#8221; title_font_options=&#8221;tag:h2|letter_spacing:1&#8243;]Employ\u00e9s et environnement de travail[\/apress_gradient_icon_box][vc_column_text css=&#8221;&#8221;]<\/p>\n<ul>\n<li>Sant\u00e9 et s\u00e9curit\u00e9<\/li>\n<li>\u00c9thique et comportement au travail<\/li>\n<\/ul>\n<p>[\/vc_column_text][\/vc_column_inner][vc_column_inner el_class=&#8221;custom_sidebar&#8221; width=&#8221;1\/3&#8243;][apress_gradient_icon_box description=&#8221;&#8221; color_scheme=&#8221;gradient_scheme1&#8243; icon_type=&#8221;image&#8221; icon_image=&#8221;22020&#8243; gradient_icon_size=&#8221;70&#8243; style=&#8221;iconbox_style1&#8243; class=&#8221;no-padding&#8221; title_font_options=&#8221;tag:h2|letter_spacing:1&#8243;]Guide[\/apress_gradient_icon_box][vc_column_text css=&#8221;&#8221;]<\/p>\n<ul>\n<li>R\u00f4les et responsabilit\u00e9s<\/li>\n<li>Syst\u00e8mes de gestion<\/li>\n<li>\u00c9galit\u00e9<\/li>\n<\/ul>\n<p>[\/vc_column_text][\/vc_column_inner][\/vc_row_inner][\/vc_column][\/vc_row]<\/p>\n<\/div>","protected":false},"excerpt":{"rendered":"<p>[vc_section full_width=&#8221;stretch_row&#8221; content_placement=&#8221;middle&#8221; min_height=&#8221;480&#8243; css=&#8221;.vc_custom_1759583953168{background-image: url(https:\/\/the-rsgroup.com\/wp-content\/uploads\/2021\/06\/shutterstock_526986238-scaled.jpg?id=14430) !important;background-position: center !important;background-repeat: no-repeat !important;background-size: cover !important;}&#8221; el_class=&#8221;inner-page-banner-section&#8221;][vc_row][vc_column][apress_heading sub_title=&#8221;&#8221; content_alignment=&#8221;left&#8221; data_animation=&#8221;fadeInRight&#8221; enable_delimiter=&#8221;&#8221; style=&#8221;heading_style1&#8243; title_font_options=&#8221;tag:h1&#8243; subtitle_font_options=&#8221;tag:div&#8221;]D\u00e9veloppement durable[\/apress_heading][\/vc_column][\/vc_row][\/vc_section][vc_row css=&#8221;.vc_custom_1758271922254{padding-top: 80px !important;padding-bottom: 80px !important;}&#8221;][vc_column apress_zindex=&#8221;9&#8243; css=&#8221;.vc_custom_1701013509166{padding-top: 0px !important;padding-bottom: 0px !important;}&#8221; el_class=&#8221;custom_sidebar high_zIndex&#8221;][apress_heading sub_title=&#8221;&#8221; content_alignment=&#8221;left&#8221; enable_delimiter=&#8221;&#8221; color_scheme=&#8221;color_scheme1&#8243; style=&#8221;heading_style1&#8243;&hellip;<\/p>\n","protected":false},"author":1,"featured_media":0,"parent":8011,"menu_order":0,"comment_status":"closed","ping_status":"closed","template":"template-fullwidth-page.php","meta":{"_acf_changed":false,"_monsterinsights_skip_tracking":false,"_monsterinsights_sitenote_active":false,"_monsterinsights_sitenote_note":"","_monsterinsights_sitenote_category":0,"footnotes":""},"class_list":["post-18099","page","type-page","status-publish","hentry"],"acf":[],"_links":{"self":[{"href":"https:\/\/the-rsgroup.com\/fr\/wp-json\/wp\/v2\/pages\/18099","targetHints":{"allow":["GET"]}}],"collection":[{"href":"https:\/\/the-rsgroup.com\/fr\/wp-json\/wp\/v2\/pages"}],"about":[{"href":"https:\/\/the-rsgroup.com\/fr\/wp-json\/wp\/v2\/types\/page"}],"author":[{"embeddable":true,"href":"https:\/\/the-rsgroup.com\/fr\/wp-json\/wp\/v2\/users\/1"}],"replies":[{"embeddable":true,"href":"https:\/\/the-rsgroup.com\/fr\/wp-json\/wp\/v2\/comments?post=18099"}],"version-history":[{"count":30,"href":"https:\/\/the-rsgroup.com\/fr\/wp-json\/wp\/v2\/pages\/18099\/revisions"}],"predecessor-version":[{"id":31790,"href":"https:\/\/the-rsgroup.com\/fr\/wp-json\/wp\/v2\/pages\/18099\/revisions\/31790"}],"up":[{"embeddable":true,"href":"https:\/\/the-rsgroup.com\/fr\/wp-json\/wp\/v2\/pages\/8011"}],"wp:attachment":[{"href":"https:\/\/the-rsgroup.com\/fr\/wp-json\/wp\/v2\/media?parent=18099"}],"curies":[{"name":"wp","href":"https:\/\/api.w.org\/{rel}","templated":true}]}}