{"id":18223,"date":"2023-12-11T20:09:29","date_gmt":"2023-12-11T20:09:29","guid":{"rendered":"https:\/\/the-rsgroup.com\/a-propos-de-rs\/domaines-dactivite\/"},"modified":"2025-12-06T08:31:41","modified_gmt":"2025-12-06T08:31:41","slug":"domaines-dactivite","status":"publish","type":"page","link":"https:\/\/the-rsgroup.com\/fr\/a-propos-de-rs\/domaines-dactivite\/","title":{"rendered":"Domaines d&#8217;activit\u00e9"},"content":{"rendered":"<div class=\"wpb-content-wrapper\"><p>[vc_section full_width=&#8221;stretch_row&#8221; content_placement=&#8221;middle&#8221; min_height=&#8221;480&#8243; css=&#8221;.vc_custom_1765009337332{background-image: url(https:\/\/the-rsgroup.com\/wp-content\/uploads\/2025\/12\/f3180ede-4dd9-46e3-a083-a1e8c4528abe.jpg?id=29632) !important;background-position: center !important;background-repeat: no-repeat !important;background-size: cover !important;}&#8221; el_class=&#8221;inner-page-banner-section&#8221;][vc_row][vc_column][apress_heading sub_title=&#8221;&#8221; content_alignment=&#8221;left&#8221; data_animation=&#8221;fadeInRight&#8221; enable_delimiter=&#8221;&#8221; style=&#8221;heading_style1&#8243; title_font_options=&#8221;tag:h1&#8243; subtitle_font_options=&#8221;tag:div&#8221;]Domaines d&#8217;activit\u00e9[\/apress_heading][\/vc_column][\/vc_row][\/vc_section][vc_row css=&#8221;.vc_custom_1764930559177{padding-top: 80px !important;padding-bottom: 80px !important;}&#8221;][vc_column][vc_row_inner][vc_column_inner][vc_column_text css=&#8221;&#8221;]Nous accompagnons nos clients tout au long de la cha\u00eene de valeur de l\u2019\u00e9nergie \u00e9lectrique \u2013 de la production au transport et \u00e0 la distribution, jusqu\u2019au stockage et aux applications critiques telles que les centres de donn\u00e9es, les installations industrielles, les projets ferroviaires et d\u2019infrastructure.<\/p>\n<p>La transition \u00e9nerg\u00e9tique modifie en profondeur les exigences impos\u00e9es aux infrastructures \u00e9lectriques. Pour nous, en tant que fabricant de transformateurs, cela signifie avant tout :<br \/>\nfournir, dans des d\u00e9lais toujours plus courts, un volume nettement plus \u00e9lev\u00e9 de transformateurs plus efficaces et plus durables \u2013 dans des r\u00e9seaux techniquement plus complexes et soumis \u00e0 des contraintes r\u00e9glementaires accrues.[\/vc_column_text]<div class=\"apress-spacer spacer-69efd62410fae\" data-id=\"69efd62410fae\" data-height=\"50\" data-height-mobile=\"50\" data-height-tab=\"50\" data-height-tab-portrait=\"\" data-height-mobile-landscape=\"\" style=\"clear:both;display:block;\"><\/div>[apress_heading sub_title=&#8221;&#8221; content_alignment=&#8221;left&#8221; enable_delimiter=&#8221;&#8221; color_scheme=&#8221;color_scheme2&#8243; style=&#8221;heading_style5&#8243; title_font_options=&#8221;tag:h2|letter_spacing:0&#8243; subtitle_font_options=&#8221;tag:div|letter_spacing:3&#8243;]Les principaux d\u00e9fis sont les suivants :[\/apress_heading]<div class=\"apress-spacer spacer-69efd6241105c\" data-id=\"69efd6241105c\" data-height=\"20\" data-height-mobile=\"20\" data-height-tab=\"20\" data-height-tab-portrait=\"\" data-height-mobile-landscape=\"\" style=\"clear:both;display:block;\"><\/div>[vc_column_text css=&#8221;&#8221;]<\/p>\n<ul>\n<li>Croissance de la demande en transformateurs en raison de l\u2019extension, du renforcement et de la modernisation simultan\u00e9s des r\u00e9seaux.<\/li>\n<li>Int\u00e9gration des \u00e9nergies renouvelables (par ex. \u00e9olien, solaire, stockage par batteries) avec des profils de charge parfois fortement fluctuants.<\/li>\n<li>Exigences strictes en mati\u00e8re d\u2019efficacit\u00e9 et de durabilit\u00e9 (par ex. directives Ecodesign, r\u00e9duction du CO\u2082, exigences acoustiques et de s\u00e9curit\u00e9).<\/li>\n<li>Cha\u00eenes d\u2019approvisionnement en mati\u00e8res premi\u00e8res et composants soumises \u00e0 de fortes tensions.<\/li>\n<\/ul>\n<p>[\/vc_column_text][\/vc_column_inner][\/vc_row_inner][\/vc_column][\/vc_row][vc_row css=&#8221;.vc_custom_1764929364238{padding-top: 80px !important;padding-bottom: 80px !important;background-color: #E6E7E9 !important;}&#8221;][vc_column][vc_row_inner gap=&#8221;35&#8243;][vc_column_inner width=&#8221;3\/5&#8243;][apress_heading sub_title=&#8221;&#8221; content_alignment=&#8221;left&#8221; enable_delimiter=&#8221;&#8221; color_scheme=&#8221;color_scheme2&#8243; style=&#8221;heading_style5&#8243; title_font_options=&#8221;tag:h2|letter_spacing:0&#8243; subtitle_font_options=&#8221;tag:div|letter_spacing:3&#8243;]Nos solutions r\u00e9pondent directement \u00e0 ces enjeux :[\/apress_heading]<div class=\"apress-spacer spacer-69efd624110ba\" data-id=\"69efd624110ba\" data-height=\"50\" data-height-mobile=\"50\" data-height-tab=\"50\" data-height-tab-portrait=\"\" data-height-mobile-landscape=\"\" style=\"clear:both;display:block;\"><\/div>[vc_column_text css=&#8221;&#8221;]<\/p>\n<ul>\n<li>Extension de nos capacit\u00e9s de production : en 2025, nous avons mis en service \u00e0 Krzecz\u00f3w pr\u00e8s de Bochnia (Pologne) une nouvelle usine de la marque Rauscher &amp; Stoecklin pour les transformateurs de distribution \u00e0 huile, d\u2019environ 10 000 m\u00b2.<\/li>\n<li>Large gamme de transformateurs de distribution et de puissance \u00e0 faibles pertes pour les r\u00e9seaux de transport et de distribution.<\/li>\n<li>Transformateurs \u00e0 r\u00e9sine coul\u00e9e pour l\u2019industrie, les centres de donn\u00e9es ainsi que les projets de construction et d\u2019infrastructure.<\/li>\n<li>Ex\u00e9cutions sp\u00e9ciales pour le ferroviaire, le maritime, les mines, le secteur p\u00e9trolier et gazier, l\u2019e-mobilit\u00e9, le stockage par batteries et d\u2019autres applications exigeantes.<\/li>\n<li>Transformateurs de mesure et appareils de commutation pour la surveillance et la protection des r\u00e9seaux.<\/li>\n<\/ul>\n<p>[\/vc_column_text][\/vc_column_inner][vc_column_inner width=&#8221;2\/5&#8243;][vc_single_image image=&#8221;29646&#8243; img_size=&#8221;large&#8221; css=&#8221;&#8221;][\/vc_column_inner][\/vc_row_inner][\/vc_column][\/vc_row][vc_row css=&#8221;.vc_custom_1764930678922{padding-top: 80px !important;padding-bottom: 80px !important;}&#8221;][vc_column][vc_row_inner][vc_column_inner][apress_heading sub_title=&#8221;&#8221; content_alignment=&#8221;left&#8221; enable_delimiter=&#8221;&#8221; color_scheme=&#8221;color_scheme2&#8243; style=&#8221;heading_style5&#8243; title_font_options=&#8221;tag:h2|letter_spacing:0&#8243; subtitle_font_options=&#8221;tag:div|letter_spacing:3&#8243;]Orientation client[\/apress_heading]<div class=\"apress-spacer spacer-69efd6241111c\" data-id=\"69efd6241111c\" data-height=\"50\" data-height-mobile=\"50\" data-height-tab=\"50\" data-height-tab-portrait=\"\" data-height-mobile-landscape=\"\" style=\"clear:both;display:block;\"><\/div>[vc_column_text css=&#8221;&#8221;]Pour les directions de nos clients, trois objectifs sont essentiels : s\u00e9curit\u00e9 d\u2019approvisionnement, rentabilit\u00e9 et conformit\u00e9 r\u00e9glementaire et environnementale.<\/p>\n<p><strong>S\u00e9curit\u00e9 d\u2019approvisionnement et stabilit\u00e9 du r\u00e9seau :<\/strong><br \/>\ndes transformateurs et composants robustes, adapt\u00e9s aux variations de charge, aux harmoniques et aux nouveaux profils d\u2019exploitation, augmentent la disponibilit\u00e9 et r\u00e9duisent les risques de d\u00e9faillance.<\/p>\n<p><strong>Rentabilit\u00e9 sur le cycle de vie :<\/strong><br \/>\ndes conceptions \u00e9nerg\u00e9tiquement efficaces r\u00e9duisent les pertes et les co\u00fbts d\u2019exploitation, tandis qu\u2019une longue dur\u00e9e de vie et un faible besoin de maintenance s\u00e9curisent les investissements sur plusieurs d\u00e9cennies.<\/p>\n<p><strong>Durabilit\u00e9 et r\u00e9glementation :<\/strong><br \/>\nnos produits satisfont aux exigences actuelles et pr\u00e9visibles en mati\u00e8re d\u2019efficacit\u00e9, d\u2019environnement et de s\u00e9curit\u00e9 \u2013 des directives Ecodesign europ\u00e9ennes jusqu\u2019aux normes et sp\u00e9cifications propres aux clients.[\/vc_column_text][\/vc_column_inner][\/vc_row_inner][\/vc_column][\/vc_row][vc_row css=&#8221;.vc_custom_1764930440890{padding-top: 80px !important;padding-bottom: 80px !important;background-color: #E6E7E9 !important;}&#8221;][vc_column][apress_heading sub_title=&#8221;Nos comp\u00e9tences sectorielles se r\u00e9partissent en trois segments :&#8221; content_alignment=&#8221;left&#8221; enable_delimiter=&#8221;&#8221; color_scheme=&#8221;color_scheme2&#8243; style=&#8221;heading_style5&#8243; title_font_options=&#8221;tag:h2|letter_spacing:0&#8243; subtitle_font_options=&#8221;tag:div|letter_spacing:3&#8243;]Comp\u00e9tences sectorielles[\/apress_heading][vc_row_inner el_class=&#8221;location-expertise-section&#8221;][vc_column_inner width=&#8221;2\/3&#8243;][apress_heading sub_title=&#8221;&#8221; content_alignment=&#8221;left&#8221; enable_delimiter=&#8221;&#8221; color_scheme=&#8221;color_scheme2&#8243; style=&#8221;heading_style5&#8243; title_font_options=&#8221;tag:h2|letter_spacing:0&#8243; subtitle_font_options=&#8221;tag:div|letter_spacing:3&#8243;]Distribution d\u2019\u00e9nergie[\/apress_heading][vc_column_text css=&#8221;&#8221;]Production, transport, distribution et stockage de l\u2019\u00e9lectricit\u00e9 \u2013 de la centrale au r\u00e9seau de transport jusqu\u2019\u00e0 l\u2019injection d\u00e9centralis\u00e9e.[\/vc_column_text][apress_button button_text=&#8221;Erfahren Sie mehr&#8221; button_shape=&#8221;square&#8221; class=&#8221;more-link&#8221; button_link=&#8221;url:https%3A%2F%2Fthe-rsgroup.com%2Ffr%2Findustries%2Fdistribution-electrique%2F|title:Energieverteilung&#8221;][\/vc_column_inner][vc_column_inner width=&#8221;1\/3&#8243;][vc_single_image image=&#8221;29673&#8243; img_size=&#8221;large&#8221; css=&#8221;&#8221;][\/vc_column_inner][\/vc_row_inner][vc_row_inner el_class=&#8221;location-expertise-section&#8221;][vc_column_inner width=&#8221;2\/3&#8243;][apress_heading sub_title=&#8221;&#8221; content_alignment=&#8221;left&#8221; enable_delimiter=&#8221;&#8221; color_scheme=&#8221;color_scheme2&#8243; style=&#8221;heading_style5&#8243; title_font_options=&#8221;tag:h2|letter_spacing:0&#8243; subtitle_font_options=&#8221;tag:div|letter_spacing:3&#8243;]\u00c9nergies renouvelables (Renewables)[\/apress_heading][vc_column_text css=&#8221;&#8221;]Production d\u2019\u00e9nergie \u00e0 partir de l\u2019\u00e9olien, du solaire, du photovolta\u00efque, de la g\u00e9othermie et de l\u2019hydro\u00e9lectricit\u00e9 \u2013 y compris le raccordement r\u00e9seau, la gestion de l\u2019injection et l\u2019int\u00e9gration du stockage.[\/vc_column_text][apress_button button_text=&#8221;Erfahren Sie mehr&#8221; button_shape=&#8221;square&#8221; class=&#8221;more-link&#8221; button_link=&#8221;url:https%3A%2F%2Fthe-rsgroup.com%2Ffr%2Findustries%2Fenergies-renouvelables%2F|title:Erneuerbare%20Energien&#8221;][\/vc_column_inner][vc_column_inner width=&#8221;1\/3&#8243;][vc_single_image image=&#8221;29667&#8243; img_size=&#8221;large&#8221; css=&#8221;&#8221;][\/vc_column_inner][\/vc_row_inner][vc_row_inner el_class=&#8221;location-expertise-section&#8221;][vc_column_inner width=&#8221;2\/3&#8243;][apress_heading sub_title=&#8221;&#8221; content_alignment=&#8221;left&#8221; enable_delimiter=&#8221;&#8221; color_scheme=&#8221;color_scheme2&#8243; style=&#8221;heading_style5&#8243; title_font_options=&#8221;tag:h2|letter_spacing:0&#8243; subtitle_font_options=&#8221;tag:div|letter_spacing:3&#8243;]Industrie et applications industrielles[\/apress_heading][vc_column_text css=&#8221;&#8221;]Nos produits et solutions sont utilis\u00e9s notamment dans :<\/p>\n<ul>\n<li>Marine et ports (\u00e9lectrification)<\/li>\n<li>Transport ferroviaire (alimentation de traction, postes d\u2019alimentation, signalisation)<\/li>\n<li>Centres de donn\u00e9es (alimentation ininterrompue et haute disponibilit\u00e9)<\/li>\n<li>Mines (environnements poussi\u00e9reux, humides et m\u00e9caniquement contraignants)<\/li>\n<li>P\u00e9trole et gaz (conditions s\u00e9v\u00e8res, exigences de s\u00e9curit\u00e9 \u00e9lev\u00e9es)<\/li>\n<li>Syst\u00e8mes de batteries et de stockage d\u2019\u00e9nergie (int\u00e9gration rapide, stabilit\u00e9 thermique)<\/li>\n<li>E-mobilit\u00e9 et infrastructures de recharge (stations de charge rapide pour voitures, poids lourds, bus, r\u00e9seaux urbains)<\/li>\n<li>R\u00e9seaux de chaleur et de froid (alimentation des syst\u00e8mes CVC des b\u00e2timents modernes)<\/li>\n<li>Chimie et plasturgie (fortes exigences de protection)<\/li>\n<li>Industrie de la p\u00e2te et du papier (pics de charge \u00e9lev\u00e9s, cycles de charge dynamiques)<\/li>\n<li>H\u00f4pitaux, a\u00e9roports, stades, mus\u00e9es et autres infrastructures publiques ou critiques<\/li>\n<\/ul>\n<p>&nbsp;<\/p>\n<p>Avec nos produits \u00e9lectrotechniques et nos solutions sur mesure, nous aidons nos clients \u00e0 transformer les d\u00e9fis de la transition \u00e9nerg\u00e9tique en avantages mesurables \u2013 dans le r\u00e9seau, sur le site industriel et dans leurs r\u00e9sultats financiers.[\/vc_column_text][apress_button button_text=&#8221;Erfahren Sie mehr&#8221; button_shape=&#8221;square&#8221; class=&#8221;more-link&#8221; button_link=&#8221;url:https%3A%2F%2Fthe-rsgroup.com%2Ffr%2Findustries%2Findustrie%2F|title:T%C3%A4tigkeitsbereiche&#8221;][\/vc_column_inner][vc_column_inner width=&#8221;1\/3&#8243;][vc_single_image image=&#8221;29686&#8243; img_size=&#8221;large&#8221; css=&#8221;&#8221;][\/vc_column_inner][\/vc_row_inner][\/vc_column][\/vc_row]<\/p>\n<\/div>","protected":false},"excerpt":{"rendered":"<p>[vc_section full_width=&#8221;stretch_row&#8221; content_placement=&#8221;middle&#8221; min_height=&#8221;480&#8243; css=&#8221;.vc_custom_1765009337332{background-image: url(https:\/\/the-rsgroup.com\/wp-content\/uploads\/2025\/12\/f3180ede-4dd9-46e3-a083-a1e8c4528abe.jpg?id=29632) !important;background-position: center !important;background-repeat: no-repeat !important;background-size: cover !important;}&#8221; el_class=&#8221;inner-page-banner-section&#8221;][vc_row][vc_column][apress_heading sub_title=&#8221;&#8221; content_alignment=&#8221;left&#8221; data_animation=&#8221;fadeInRight&#8221; enable_delimiter=&#8221;&#8221; style=&#8221;heading_style1&#8243; title_font_options=&#8221;tag:h1&#8243; subtitle_font_options=&#8221;tag:div&#8221;]Domaines d&#8217;activit\u00e9[\/apress_heading][\/vc_column][\/vc_row][\/vc_section][vc_row css=&#8221;.vc_custom_1764930559177{padding-top: 80px !important;padding-bottom: 80px !important;}&#8221;][vc_column][vc_row_inner][vc_column_inner][vc_column_text css=&#8221;&#8221;]Nous accompagnons nos clients tout au long de la cha\u00eene de valeur de&hellip;<\/p>\n","protected":false},"author":1,"featured_media":0,"parent":8011,"menu_order":0,"comment_status":"closed","ping_status":"closed","template":"template-fullwidth-page.php","meta":{"_acf_changed":false,"_monsterinsights_skip_tracking":false,"_monsterinsights_sitenote_active":false,"_monsterinsights_sitenote_note":"","_monsterinsights_sitenote_category":0,"footnotes":""},"class_list":["post-18223","page","type-page","status-publish","hentry"],"acf":[],"_links":{"self":[{"href":"https:\/\/the-rsgroup.com\/fr\/wp-json\/wp\/v2\/pages\/18223","targetHints":{"allow":["GET"]}}],"collection":[{"href":"https:\/\/the-rsgroup.com\/fr\/wp-json\/wp\/v2\/pages"}],"about":[{"href":"https:\/\/the-rsgroup.com\/fr\/wp-json\/wp\/v2\/types\/page"}],"author":[{"embeddable":true,"href":"https:\/\/the-rsgroup.com\/fr\/wp-json\/wp\/v2\/users\/1"}],"replies":[{"embeddable":true,"href":"https:\/\/the-rsgroup.com\/fr\/wp-json\/wp\/v2\/comments?post=18223"}],"version-history":[{"count":26,"href":"https:\/\/the-rsgroup.com\/fr\/wp-json\/wp\/v2\/pages\/18223\/revisions"}],"predecessor-version":[{"id":29950,"href":"https:\/\/the-rsgroup.com\/fr\/wp-json\/wp\/v2\/pages\/18223\/revisions\/29950"}],"up":[{"embeddable":true,"href":"https:\/\/the-rsgroup.com\/fr\/wp-json\/wp\/v2\/pages\/8011"}],"wp:attachment":[{"href":"https:\/\/the-rsgroup.com\/fr\/wp-json\/wp\/v2\/media?parent=18223"}],"curies":[{"name":"wp","href":"https:\/\/api.w.org\/{rel}","templated":true}]}}