{"id":18233,"date":"2023-12-11T20:35:24","date_gmt":"2023-12-11T20:35:24","guid":{"rendered":"https:\/\/the-rsgroup.com\/a-propos-de-rs\/strategie\/"},"modified":"2025-12-22T07:06:00","modified_gmt":"2025-12-22T07:06:00","slug":"strategie","status":"publish","type":"page","link":"https:\/\/the-rsgroup.com\/fr\/a-propos-de-rs\/strategie\/","title":{"rendered":"Strat\u00e9gie"},"content":{"rendered":"<div class=\"wpb-content-wrapper\"><p>[vc_section full_width=&#8221;stretch_row&#8221; content_placement=&#8221;middle&#8221; min_height=&#8221;480&#8243; css=&#8221;.vc_custom_1763460079945{background-image: url(https:\/\/the-rsgroup.com\/wp-content\/uploads\/2025\/11\/Slider_Strategy.jpg?id=27174) !important;background-position: center !important;background-repeat: no-repeat !important;background-size: cover !important;}&#8221; el_class=&#8221;inner-page-banner-section&#8221;][vc_row][vc_column][apress_heading sub_title=&#8221;&#8221; content_alignment=&#8221;left&#8221; data_animation=&#8221;fadeInRight&#8221; enable_delimiter=&#8221;&#8221; style=&#8221;heading_style1&#8243; title_font_options=&#8221;tag:h1&#8243; subtitle_font_options=&#8221;tag:div&#8221;]Strat\u00e9gie[\/apress_heading][\/vc_column][\/vc_row][\/vc_section][vc_row css=&#8221;.vc_custom_1758271246310{padding-top: 80px !important;padding-bottom: 80px !important;}&#8221;][vc_column apress_zindex=&#8221;9&#8243; css=&#8221;.vc_custom_1701013509166{padding-top: 0px !important;padding-bottom: 0px !important;}&#8221; el_class=&#8221;custom_sidebar high_zIndex&#8221;][apress_heading sub_title=&#8221;Notre strat\u00e9gie est conforme \u00e0 la m\u00e9ga-tendance d&#8217;\u00e9lectrification et s\u2019appuie sur quatre piliers cl\u00e9s :&#8221; content_alignment=&#8221;left&#8221; enable_delimiter=&#8221;&#8221; color_scheme=&#8221;color_scheme1&#8243; style=&#8221;heading_style1&#8243; title_font_options=&#8221;tag:h2|letter_spacing:1&#8243; subtitle_font_options=&#8221;tag:div&#8221; heading_margin=&#8221;margin-bottom:30&#8243; subheading_margin=&#8221;margin-bottom:30&#8243; class=&#8221;h2-heading-custom&#8221;]Le Groupe R&amp;S vise \u00e0 g\u00e9n\u00e9rer des profits et \u00e0 augmenter la valeur de l\u2019entreprise.[\/apress_heading][vc_column_text]<\/p>\n<ol>\n<li>Projets et services adapt\u00e9s aux besoins individuels<\/li>\n<li>Concentration sur les secteurs d\u2019industrie en d\u00e9veloppement, tels que les centres de donn\u00e9es, l\u2019e-mobilit\u00e9 et les sources d&#8217;\u00e9nergie renouvelables<\/li>\n<li>Expansion g\u00e9ographique sur de nouveaux march\u00e9s et sur les march\u00e9s \u00e9mergents.<\/li>\n<li>Augmentation de l&#8217;efficacit\u00e9 et de la production par l\u2019optimisation continue des processus.<\/li>\n<\/ol>\n<p>[\/vc_column_text][\/vc_column][\/vc_row][vc_row full_width=&#8221;stretch_row&#8221; equal_height=&#8221;yes&#8221; css=&#8221;.vc_custom_1758271645370{margin-top: 0px !important;padding-top: 0px !important;padding-bottom: 80px !important;background-color: #FFFFFF !important;}&#8221; row_name=&#8221;locations&#8221; el_id=&#8221;locations&#8221;][vc_column][vc_row_inner equal_height=&#8221;yes&#8221; gap=&#8221;20&#8243; el_class=&#8221;benefits-column-row&#8221;][vc_column_inner el_class=&#8221;custom_sidebar&#8221; width=&#8221;1\/2&#8243;][apress_gradient_icon_box description=&#8221;&#8221; color_scheme=&#8221;gradient_scheme1&#8243; icon_type=&#8221;image&#8221; icon_image=&#8221;2662&#8243; gradient_icon_size=&#8221;70&#8243; style=&#8221;iconbox_style1&#8243; class=&#8221;no-padding&#8221; title_font_options=&#8221;tag:h2|letter_spacing:1&#8243;]Strat\u00e9gie[\/apress_gradient_icon_box][vc_column_text css=&#8221;&#8221;]Le Groupe R&amp;S s&#8217;efforce de cro\u00eetre de mani\u00e8re rentable et d&#8217;augmenter continuellement la valeur de l&#8217;entreprise.<br \/>\nNotre strat\u00e9gie s&#8217;inscrit dans la grande tendance de l&#8217;\u00e9lectrification et repose sur quatre piliers cl\u00e9s :<br \/>\nProduits et designs premium, disponibles et personnalis\u00e9s . (Il n&#8217;y en a que trois ?)<br \/>\nSe concentrer sur les secteurs industriels \u00e9mergents tels que les datacenters centres de donn\u00e9es, la mobilit\u00e9 \u00e9lectrique et les \u00e9nergies renouvelables.<br \/>\nExpansion g\u00e9ographique vers des march\u00e9s nouveaux et \u00e9mergents.<br \/>\nGains d\u2019efficacit\u00e9 et am\u00e9liorations de performance gr\u00e2ce \u00e0 l\u2019optimisation continue des processus.[\/vc_column_text][\/vc_column_inner][vc_column_inner el_class=&#8221;custom_sidebar&#8221; width=&#8221;1\/2&#8243;][apress_gradient_icon_box description=&#8221;Chez R&amp;S, l\u2019innovation d\u00e9signe le d\u00e9veloppement de nouveaux produits en vue d\u2019augmenter l\u2019efficacit\u00e9, de r\u00e9duire les co\u00fbts, d\u2019am\u00e9liorer la qualit\u00e9 et de r\u00e9duire l\u2019impact sur l\u2019environnement. Ainsi, nous devenons plus concurrentiels, nous d\u00e9veloppons notre activit\u00e9 et nous contribuons au d\u00e9veloppement durable de notre plan\u00e8te.&#8221; color_scheme=&#8221;gradient_scheme1&#8243; icon_type=&#8221;image&#8221; icon_image=&#8221;2662&#8243; gradient_icon_size=&#8221;70&#8243; style=&#8221;iconbox_style1&#8243; class=&#8221;no-padding&#8221; title_font_options=&#8221;tag:h2|letter_spacing:1&#8243;]Innovation[\/apress_gradient_icon_box][\/vc_column_inner][\/vc_row_inner][vc_row_inner equal_height=&#8221;yes&#8221; gap=&#8221;20&#8243; el_class=&#8221;benefits-column-row&#8221;][vc_column_inner el_class=&#8221;custom_sidebar&#8221; width=&#8221;1\/2&#8243;][apress_gradient_icon_box description=&#8221;Notre entreprise est certifi\u00e9e selon les normes de gestion de la qualit\u00e9 en vigueur. Le Groupe R&amp;S est synonyme de qualit\u00e9, de leadership technologique, d&#8217;expertise technique, de partenariat et de proximit\u00e9 avec ses clients.&#8221; color_scheme=&#8221;gradient_scheme1&#8243; icon_type=&#8221;image&#8221; icon_image=&#8221;2644&#8243; gradient_icon_size=&#8221;70&#8243; style=&#8221;iconbox_style1&#8243; class=&#8221;no-padding&#8221; title_font_options=&#8221;tag:h2|letter_spacing:1&#8243;]Qualit\u00e9 et marque[\/apress_gradient_icon_box][\/vc_column_inner][vc_column_inner el_class=&#8221;custom_sidebar&#8221; width=&#8221;1\/2&#8243;][apress_gradient_icon_box description=&#8221;En tant que fournisseur leader de composants d&#8217;infrastructures \u00e9lectriques, le groupe R&amp;S s&#8217;engage activement dans la transition \u00e9nerg\u00e9tique. Notre mission est de fournir une \u00e9nergie fiable tout en soutenant la transition vers les \u00e9nergies renouvelables et leur distribution efficace. Le d\u00e9veloppement durable est donc au c\u0153ur de notre strat\u00e9gie d&#8217;entreprise et fa\u00e7onne nos activit\u00e9s actuelles et futures.&#8221; color_scheme=&#8221;gradient_scheme1&#8243; icon_type=&#8221;image&#8221; icon_image=&#8221;2644&#8243; gradient_icon_size=&#8221;70&#8243; style=&#8221;iconbox_style1&#8243; class=&#8221;no-padding&#8221; title_font_options=&#8221;tag:h2|letter_spacing:1&#8243;]Durabilit\u00e9:[\/apress_gradient_icon_box][\/vc_column_inner][\/vc_row_inner][vc_row_inner equal_height=&#8221;yes&#8221; gap=&#8221;20&#8243; el_class=&#8221;benefits-column-row&#8221;][vc_column_inner el_class=&#8221;custom_sidebar&#8221; width=&#8221;1\/2&#8243;][apress_gradient_icon_box description=&#8221;&#8221; color_scheme=&#8221;gradient_scheme1&#8243; icon_type=&#8221;image&#8221; icon_image=&#8221;2662&#8243; gradient_icon_size=&#8221;70&#8243; style=&#8221;iconbox_style1&#8243; class=&#8221;no-padding&#8221; title_font_options=&#8221;tag:h2|letter_spacing:1&#8243;]Objectifs[\/apress_gradient_icon_box][vc_column_text css=&#8221;&#8221;]Le groupe R&amp;S poursuit une strat\u00e9gie de croissance coh\u00e9rente, fond\u00e9e sur une croissance intelligente et une expansion sur les march\u00e9s d&#8217;avenir. Son objectif est de consolider durablement sa position de leader du march\u00e9 des produits d&#8217;infrastructure \u00e9lectrique gr\u00e2ce \u00e0 l&#8217;innovation et \u00e0 des acquisitions strat\u00e9giques, notamment en Europe ( Suisse , Allemagne, Pologne, Grande-Bretagne\/Irlande et Italie).<\/p>\n<p>Avec la pr\u00e9cision et la qualit\u00e9 suisses comme fondements, nous aspirons \u00e0 \u00eatre le leader du secteur en mati\u00e8re de d\u00e9veloppement durable (\u00ab\u00a0premier de sa cat\u00e9gorie\u00a0\u00bb). Nous poursuivons cet objectif avec des produits respectueux de l&#8217;environnement et des processus de production durables.[\/vc_column_text][\/vc_column_inner][vc_column_inner el_class=&#8221;custom_sidebar&#8221; width=&#8221;1\/2&#8243;][apress_gradient_icon_box description=&#8221;Le groupe R&amp;S propose des produits d&#8217;infrastructure \u00e9lectrique fiables pour des march\u00e9s de niche (et pas seulement pour les transformateurs) dans le monde entier. Avec notre promesse \u00ab Nous garantissons l&#8217;\u00e9nergie \u00bb, nous sommes synonymes non seulement de technologies innovantes, mais surtout de pr\u00e9cision suisse, de qualit\u00e9, de processus d\u00e9cisionnels courts et d&#8217;une grande flexibilit\u00e9. Nos clients b\u00e9n\u00e9ficient d&#8217;une combinaison unique d&#8217;expertise mondiale et de pr\u00e9sence locale, soutenue par des hi\u00e9rarchies horizontales et des marques locales fortes dot\u00e9es d&#8217;une connaissance approfondie du march\u00e9.&#8221; color_scheme=&#8221;gradient_scheme1&#8243; icon_type=&#8221;image&#8221; icon_image=&#8221;2662&#8243; gradient_icon_size=&#8221;70&#8243; style=&#8221;iconbox_style1&#8243; class=&#8221;no-padding&#8221; title_font_options=&#8221;tag:h2|letter_spacing:1&#8243;]diff\u00e9renciation[\/apress_gradient_icon_box][\/vc_column_inner][\/vc_row_inner][\/vc_column][\/vc_row]<\/p>\n<\/div>","protected":false},"excerpt":{"rendered":"<p>[vc_section full_width=&#8221;stretch_row&#8221; content_placement=&#8221;middle&#8221; min_height=&#8221;480&#8243; css=&#8221;.vc_custom_1763460079945{background-image: url(https:\/\/the-rsgroup.com\/wp-content\/uploads\/2025\/11\/Slider_Strategy.jpg?id=27174) !important;background-position: center !important;background-repeat: no-repeat !important;background-size: cover !important;}&#8221; el_class=&#8221;inner-page-banner-section&#8221;][vc_row][vc_column][apress_heading sub_title=&#8221;&#8221; content_alignment=&#8221;left&#8221; data_animation=&#8221;fadeInRight&#8221; enable_delimiter=&#8221;&#8221; style=&#8221;heading_style1&#8243; title_font_options=&#8221;tag:h1&#8243; subtitle_font_options=&#8221;tag:div&#8221;]Strat\u00e9gie[\/apress_heading][\/vc_column][\/vc_row][\/vc_section][vc_row css=&#8221;.vc_custom_1758271246310{padding-top: 80px !important;padding-bottom: 80px !important;}&#8221;][vc_column apress_zindex=&#8221;9&#8243; css=&#8221;.vc_custom_1701013509166{padding-top: 0px !important;padding-bottom: 0px !important;}&#8221; el_class=&#8221;custom_sidebar high_zIndex&#8221;][apress_heading sub_title=&#8221;Notre strat\u00e9gie est conforme \u00e0 la&hellip;<\/p>\n","protected":false},"author":1,"featured_media":0,"parent":8011,"menu_order":0,"comment_status":"closed","ping_status":"closed","template":"template-fullwidth-page.php","meta":{"_acf_changed":false,"_monsterinsights_skip_tracking":false,"_monsterinsights_sitenote_active":false,"_monsterinsights_sitenote_note":"","_monsterinsights_sitenote_category":0,"footnotes":""},"class_list":["post-18233","page","type-page","status-publish","hentry"],"acf":[],"_links":{"self":[{"href":"https:\/\/the-rsgroup.com\/fr\/wp-json\/wp\/v2\/pages\/18233","targetHints":{"allow":["GET"]}}],"collection":[{"href":"https:\/\/the-rsgroup.com\/fr\/wp-json\/wp\/v2\/pages"}],"about":[{"href":"https:\/\/the-rsgroup.com\/fr\/wp-json\/wp\/v2\/types\/page"}],"author":[{"embeddable":true,"href":"https:\/\/the-rsgroup.com\/fr\/wp-json\/wp\/v2\/users\/1"}],"replies":[{"embeddable":true,"href":"https:\/\/the-rsgroup.com\/fr\/wp-json\/wp\/v2\/comments?post=18233"}],"version-history":[{"count":25,"href":"https:\/\/the-rsgroup.com\/fr\/wp-json\/wp\/v2\/pages\/18233\/revisions"}],"predecessor-version":[{"id":31785,"href":"https:\/\/the-rsgroup.com\/fr\/wp-json\/wp\/v2\/pages\/18233\/revisions\/31785"}],"up":[{"embeddable":true,"href":"https:\/\/the-rsgroup.com\/fr\/wp-json\/wp\/v2\/pages\/8011"}],"wp:attachment":[{"href":"https:\/\/the-rsgroup.com\/fr\/wp-json\/wp\/v2\/media?parent=18233"}],"curies":[{"name":"wp","href":"https:\/\/api.w.org\/{rel}","templated":true}]}}