{"id":20543,"date":"2024-10-14T09:56:01","date_gmt":"2024-10-14T09:56:01","guid":{"rendered":"https:\/\/the-rsgroup.com\/kyte-powertech\/"},"modified":"2025-12-23T09:20:22","modified_gmt":"2025-12-23T09:20:22","slug":"kyte-powertech","status":"publish","type":"page","link":"https:\/\/the-rsgroup.com\/fr\/kyte-powertech\/","title":{"rendered":"Kyte Powertech"},"content":{"rendered":"<div class=\"wpb-content-wrapper\"><p>[vc_section full_width=&#8221;stretch_row&#8221; content_placement=&#8221;middle&#8221; min_height=&#8221;480&#8243; css=&#8221;.vc_custom_1759589314219{background-image: url(https:\/\/the-rsgroup.com\/wp-content\/uploads\/2024\/10\/Kyte.jpg?id=20686) !important;background-position: center !important;background-repeat: no-repeat !important;background-size: cover !important;}&#8221; el_class=&#8221;inner-page-banner-section&#8221;][vc_row][vc_column][apress_heading sub_title=&#8221;Fabricant de transformateurs de distribution bas\u00e9 en Irlande&#8221; content_alignment=&#8221;left&#8221; data_animation=&#8221;fadeInRight&#8221; enable_delimiter=&#8221;&#8221; style=&#8221;heading_style1&#8243; title_font_options=&#8221;tag:h1&#8243; subtitle_font_options=&#8221;tag:div&#8221;]Kyte Powertech[\/apress_heading][\/vc_column][\/vc_row][\/vc_section][vc_row css=&#8221;.vc_custom_1758534190525{padding-top: 80px !important;padding-bottom: 80px !important;}&#8221;][vc_column apress_zindex=&#8221;9&#8243; el_class=&#8221;custom_sidebar high_zIndex&#8221;][apress_heading sub_title=&#8221;&#8221; content_alignment=&#8221;left&#8221; enable_delimiter=&#8221;&#8221; color_scheme=&#8221;color_scheme1&#8243; style=&#8221;heading_style1&#8243; title_font_options=&#8221;tag:h2|letter_spacing:1&#8243; subtitle_font_options=&#8221;tag:div&#8221; heading_margin=&#8221;margin-bottom:30&#8243; class=&#8221;h2-heading-custom&#8221;]Kyte Powertech, dont le si\u00e8ge est \u00e0 Cavan, en Irlande, d\u00e9veloppe et produit des transformateurs de distribution depuis 1977.[\/apress_heading][vc_column_text css=&#8221;.vc_custom_1728991844757{margin-bottom: 0px !important;}&#8221;]Fond\u00e9e en 1977 \u00e0 Cavan, Kyte Powertech est devenue un leader du march\u00e9 dans l&#8217;industrie \u00e9lectrique. Notre moteur est l&#8217;innovation et l&#8217;engagement envers les besoins de nos clients. Avec des d\u00e9cennies d&#8217;exp\u00e9rience, nous nous sp\u00e9cialisons dans la fourniture de solutions de haute qualit\u00e9 et sur mesure.<\/p>\n<p>Dans notre usine de 17 500 m\u00b2, nous avons mis en place un syst\u00e8me de production robuste qui nous permet de fabriquer chaque ann\u00e9e plus de 16 000 transformateurs de distribution, avec une capacit\u00e9 de production de 6 500 MVA. Notre vaste gamme de produits et de services est con\u00e7ue pour r\u00e9pondre aux diverses exigences de l&#8217;industrie.<\/p>\n<p>En tant que fournisseur mondial, nous respectons les normes internationales (IEC, ANSI, BS, UL, ENATS) et sommes id\u00e9alement situ\u00e9s pour desservir les principaux march\u00e9s en Irlande, au Royaume-Uni et en Europe occidentale.[\/vc_column_text][\/vc_column][\/vc_row][vc_row full_width=&#8221;stretch_row_content&#8221; content_placement=&#8221;middle&#8221; bg_type=&#8221;image&#8221; parallax_style=&#8221;vcpb-default&#8221; bg_image_new=&#8221;id^25723|url^https:\/\/the-rsgroup.com\/wp-content\/uploads\/2025\/10\/Foto-2.jpg|caption^null|alt^null|title^Foto-2|description^null&#8221; bg_image_repeat=&#8221;no-repeat&#8221; bg_override=&#8221;full&#8221; css=&#8221;.vc_custom_1760496164521{padding-top: 50px !important;padding-bottom: 150px !important;background-position: center !important;background-repeat: no-repeat !important;background-size: cover !important;}&#8221; el_class=&#8221;full-width-content-section testimonial&#8221; el_id=&#8221;row3&#8243;][vc_column][vc_row_inner][vc_column_inner][vc_single_image image=&#8221;31331&#8243; img_size=&#8221;full&#8221; css=&#8221;&#8221; el_class=&#8221;test-desktop-hide&#8221;][vc_column_text css=&#8221;&#8221; el_class=&#8221;full-width-content full-width-content-right kyte&#8221;]<\/p>\n<h5>L&#8217;efficacit\u00e9 au quotidien<\/h5>\n<p><em><i>\u00ab Nous optimisons nos processus pour concentrer nos efforts sur le produit. \u00bb<\/i><\/em><\/p>\n<h6>Anna Baranowicz, Responsable de la r\u00e9ussite client, KYTE Powertech<\/h6>\n<p>[\/vc_column_text][\/vc_column_inner][\/vc_row_inner][\/vc_column][\/vc_row][vc_row full_width=&#8221;stretch_row&#8221; css=&#8221;.vc_custom_1758534290154{margin-top: 0px !important;padding-top: 0px !important;padding-bottom: 80px !important;background-color: #FFFFFF !important;}&#8221; el_class=&#8221;related-product-info-box&#8221;][vc_column css=&#8221;.vc_custom_1766481593513{margin-top: 40px !important;}&#8221;][vc_row_inner][vc_column_inner el_class=&#8221;custom_sidebar&#8221; width=&#8221;1\/3&#8243;]\r\n<!--Image Box Start-->\r\n<div class=\"zolo_imagebox_new_swing new_imagebox_style4\"><div class=\"zolo_imagebox_new_wrapper zolo_imagebox_new_1874089369efba81c7f52 new_imagebox_style4 noanimation\" data-animation =\"No Animation\" data-delay =\"500\" data-id =\"zolo_imagebox_new_1874089369efba81c7f52\">\r\n    <a title=\"Products\" href=\"https:\/\/www.kytepowertech.com\/products-2\/\" target=\"_blank\" rel=\"noopener\">\r\n    <div class=\"zolo_imagebox_new_box\">\r\n        <div class=\"img_thumbnail\"><img decoding=\"async\" src=\"https:\/\/the-rsgroup.com\/wp-content\/uploads\/2024\/10\/kyte-products-scaled.jpg\"\/><\/div>\r\n        <div class=\"zolo_imagebox_new_content\">\r\n            <div class=\"zolo_imagebox_new_title_des\">\r\n        <h3 class=\"entry-title zolo_imagebox_new_title\" style=\"color:#000000; \">        Produits <\/h3>                <span class=\"zolo_imagebox_description\" style=\"color:#000000; \">        Notre gamme de produits est con\u00e7ue pour optimiser l'efficacit\u00e9, r\u00e9duire le gaspillage d'\u00e9nergie et am\u00e9liorer les performances globales. D\u00e9couvrez notre gamme exceptionnelle de produits auxquels les industries du monde entier font confiance : <\/span>        <div class=\"zolo_imagebox_icon_button_element alignment_inline zolo_imagebox_icon_button_1874089369efba81c7f52\"><span class=\"zolo_iconbutton_tag iconbutton_style1 button_style_none\"><span class=\"zolo_button_icon zolo_arrow_icon\"><\/span><\/span><\/div>      <\/div>\r\n    <\/div>\r\n          <\/div>\r\n    <\/a>\r\n  <\/div>\r\n<\/div><!--Image Box End-->\r\n\r\n[\/vc_column_inner][vc_column_inner el_class=&#8221;custom_sidebar&#8221; width=&#8221;1\/3&#8243;]\r\n<!--Image Box Start-->\r\n<div class=\"zolo_imagebox_new_swing new_imagebox_style4\"><div class=\"zolo_imagebox_new_wrapper zolo_imagebox_new_115909558969efba81c9c6f new_imagebox_style4 noanimation\" data-animation =\"No Animation\" data-delay =\"500\" data-id =\"zolo_imagebox_new_115909558969efba81c9c6f\">\r\n    <a title=\"\" href=\"\/fr\/produits\/telechargements\/\" target=\"_self\" rel=\"\">\r\n    <div class=\"zolo_imagebox_new_box\">\r\n        <div class=\"zolo_thumbnail\" style=\"background:url(https:\/\/the-rsgroup.com\/wp-content\/uploads\/2025\/10\/Products-with-Bows_3.jpg) no-repeat center center; -moz-background-size:cover;-webkit-background-size:cover;-o-background-size:cover;-ms-background-size:cover;background-size:cover; height:300px;\"><\/div>\r\n        <div class=\"zolo_imagebox_new_content\">\r\n            <div class=\"zolo_imagebox_new_title_des\">\r\n        <h3 class=\"entry-title zolo_imagebox_new_title\" style=\"color:#000000; \">        T\u00e9l\u00e9chargements <\/h3>                <span class=\"zolo_imagebox_description\" style=\"color:#000000; \">        Vous cherchez plus d\u2019informations et des d\u00e9tails techniques ? <\/span>        <div class=\"zolo_imagebox_icon_button_element alignment_inline zolo_imagebox_icon_button_115909558969efba81c9c6f\"><span class=\"zolo_iconbutton_tag iconbutton_style1 button_style_none\"><span class=\"zolo_button_icon zolo_arrow_icon\"><\/span><\/span><\/div>      <\/div>\r\n    <\/div>\r\n          <\/div>\r\n    <\/a>\r\n  <\/div>\r\n<\/div><!--Image Box End-->\r\n\r\n[\/vc_column_inner][vc_column_inner el_class=&#8221;custom_sidebar&#8221; width=&#8221;1\/3&#8243;]\r\n<!--Image Box Start-->\r\n<div class=\"zolo_imagebox_new_swing new_imagebox_style4\"><div class=\"zolo_imagebox_new_wrapper zolo_imagebox_new_185923879269efba81cc1f8 new_imagebox_style4 noanimation\" data-animation =\"No Animation\" data-delay =\"500\" data-id =\"zolo_imagebox_new_185923879269efba81cc1f8\">\r\n    <a title=\"Service and support\" href=\"\/fr\/produits\/service-et-assistance\/\" target=\"_self\" rel=\"\">\r\n    <div class=\"zolo_imagebox_new_box\">\r\n        <div class=\"zolo_thumbnail\" style=\"background:url(https:\/\/the-rsgroup.com\/wp-content\/uploads\/2025\/10\/Support-RS.png) no-repeat center center; -moz-background-size:cover;-webkit-background-size:cover;-o-background-size:cover;-ms-background-size:cover;background-size:cover; height:300px;\"><\/div>\r\n        <div class=\"zolo_imagebox_new_content\">\r\n            <div class=\"zolo_imagebox_new_title_des\">\r\n        <h3 class=\"entry-title zolo_imagebox_new_title\" style=\"color:#000000; \">        Service et assistance <\/h3>                <span class=\"zolo_imagebox_description\" style=\"color:#000000; \">        Chez R&amp;S, nous vous soutenons jusqu\u2019au bout. D\u00e9couvrez-en plus sur nos solutions de support et de service. <\/span>        <div class=\"zolo_imagebox_icon_button_element alignment_inline zolo_imagebox_icon_button_185923879269efba81cc1f8\"><span class=\"zolo_iconbutton_tag iconbutton_style1 button_style_none\"><span class=\"zolo_button_icon zolo_arrow_icon\"><\/span><\/span><\/div>      <\/div>\r\n    <\/div>\r\n          <\/div>\r\n    <\/a>\r\n  <\/div>\r\n<\/div><!--Image Box End-->\r\n\r\n[\/vc_column_inner][\/vc_row_inner][\/vc_column][\/vc_row]<\/p>\n<\/div>","protected":false},"excerpt":{"rendered":"<p>[vc_section full_width=&#8221;stretch_row&#8221; content_placement=&#8221;middle&#8221; min_height=&#8221;480&#8243; css=&#8221;.vc_custom_1759589314219{background-image: url(https:\/\/the-rsgroup.com\/wp-content\/uploads\/2024\/10\/Kyte.jpg?id=20686) !important;background-position: center !important;background-repeat: no-repeat !important;background-size: cover !important;}&#8221; el_class=&#8221;inner-page-banner-section&#8221;][vc_row][vc_column][apress_heading sub_title=&#8221;Fabricant de transformateurs de distribution bas\u00e9 en Irlande&#8221; content_alignment=&#8221;left&#8221; data_animation=&#8221;fadeInRight&#8221; enable_delimiter=&#8221;&#8221; style=&#8221;heading_style1&#8243; title_font_options=&#8221;tag:h1&#8243; subtitle_font_options=&#8221;tag:div&#8221;]Kyte Powertech[\/apress_heading][\/vc_column][\/vc_row][\/vc_section][vc_row css=&#8221;.vc_custom_1758534190525{padding-top: 80px !important;padding-bottom: 80px !important;}&#8221;][vc_column apress_zindex=&#8221;9&#8243; el_class=&#8221;custom_sidebar high_zIndex&#8221;][apress_heading sub_title=&#8221;&#8221; content_alignment=&#8221;left&#8221; enable_delimiter=&#8221;&#8221;&hellip;<\/p>\n","protected":false},"author":1,"featured_media":0,"parent":0,"menu_order":0,"comment_status":"closed","ping_status":"closed","template":"template-fullwidth-page.php","meta":{"_acf_changed":false,"_monsterinsights_skip_tracking":false,"_monsterinsights_sitenote_active":false,"_monsterinsights_sitenote_note":"","_monsterinsights_sitenote_category":0,"footnotes":""},"class_list":["post-20543","page","type-page","status-publish","hentry"],"acf":[],"_links":{"self":[{"href":"https:\/\/the-rsgroup.com\/fr\/wp-json\/wp\/v2\/pages\/20543","targetHints":{"allow":["GET"]}}],"collection":[{"href":"https:\/\/the-rsgroup.com\/fr\/wp-json\/wp\/v2\/pages"}],"about":[{"href":"https:\/\/the-rsgroup.com\/fr\/wp-json\/wp\/v2\/types\/page"}],"author":[{"embeddable":true,"href":"https:\/\/the-rsgroup.com\/fr\/wp-json\/wp\/v2\/users\/1"}],"replies":[{"embeddable":true,"href":"https:\/\/the-rsgroup.com\/fr\/wp-json\/wp\/v2\/comments?post=20543"}],"version-history":[{"count":23,"href":"https:\/\/the-rsgroup.com\/fr\/wp-json\/wp\/v2\/pages\/20543\/revisions"}],"predecessor-version":[{"id":31904,"href":"https:\/\/the-rsgroup.com\/fr\/wp-json\/wp\/v2\/pages\/20543\/revisions\/31904"}],"wp:attachment":[{"href":"https:\/\/the-rsgroup.com\/fr\/wp-json\/wp\/v2\/media?parent=20543"}],"curies":[{"name":"wp","href":"https:\/\/api.w.org\/{rel}","templated":true}]}}