{"id":2436,"date":"2018-07-16T06:31:56","date_gmt":"2018-07-16T06:31:56","guid":{"rendered":"http:\/\/the-rsgroup.com\/homepage"},"modified":"2026-03-10T03:03:00","modified_gmt":"2026-03-10T03:03:00","slug":"power-products-reliable-power-supply-rs","status":"publish","type":"page","link":"https:\/\/the-rsgroup.com\/fr\/","title":{"rendered":"Homepage"},"content":{"rendered":"<div class=\"wpb-content-wrapper\"><p>[vc_section full_width=&#8221;stretch_row&#8221; content_placement=&#8221;middle&#8221; css=&#8221;.vc_custom_1773064429785{padding-top: -60px !important;background-image: url(https:\/\/the-rsgroup.com\/wp-content\/uploads\/revslider\/video-media\/Mein-Film2_365.jpeg?id=25151) !important;background-position: center !important;background-repeat: no-repeat !important;background-size: cover !important;}&#8221; el_class=&#8221;home-container&#8221;][vc_row][vc_column][\/vc_column][\/vc_row][\/vc_section][vc_row css=&#8221;.vc_custom_1747980810238{padding-top: 50px !important;padding-bottom: 100px !important;}&#8221; el_id=&#8221;row1&#8243;][vc_column width=&#8221;1\/3&#8243; el_class=&#8221;custom_sidebar&#8221;][vc_single_image image=&#8221;21481&#8243; img_size=&#8221;full&#8221; css=&#8221;&#8221;][\/vc_column][vc_column width=&#8221;2\/3&#8243; apress_zindex=&#8221;9&#8243; css=&#8221;.vc_custom_1744888257690{background-color: #ffffff !important;}&#8221; el_class=&#8221;custom_sidebar high_zIndex&#8221;][apress_heading sub_title=&#8221;&#8221; content_alignment=&#8221;left&#8221; enable_delimiter=&#8221;&#8221; color_scheme=&#8221;color_scheme2&#8243; style=&#8221;heading_style6&#8243; title_font_options=&#8221;tag:h2|letter_spacing:0&#8243; subtitle_font_options=&#8221;tag:div|letter_spacing:3&#8243; heading_margin=&#8221;margin-top:10|margin-bottom:30&#8243; class=&#8221;h2-heading-custom&#8221;]Alimentation \u00e9lectrique s\u00fbre avec des transformateurs de puissance ainsi que des transformateurs de distribution secs et immerg\u00e9s dans l\u2019huile, provenant de l\u2019un des principaux fournisseurs de produits d\u2019infrastructure \u00e9nerg\u00e9tique \u2013 R&amp;S Group.[\/apress_heading][vc_column_text css=&#8221;&#8221;]R&amp;S est l&#8217;un des principaux fournisseurs mondiaux de produits pour les infrastructures \u00e9lectriques. Gr\u00e2ce \u00e0 une gamme compl\u00e8te de produits comprenant des transformateurs secs enrob\u00e9s, des transformateurs immerg\u00e9s dans l&#8217;huile , des transformateurs de distribution, des transformateurs de puissance et des transformateurs haute tension, nous garantissons une alimentation \u00e9lectrique fiable sur les principaux march\u00e9s mondiaux. Notre technologie et notre qualit\u00e9 jouent un r\u00f4le essentiel pour garantir la stabilit\u00e9 du r\u00e9seau et un approvisionnement \u00e9nerg\u00e9tique durable.<\/p>\n<p>Afin de mieux r\u00e9pondre aux besoins de nos clients et de relever proactivement les d\u00e9fis du march\u00e9 mondial, R&amp;S d\u00e9veloppe strat\u00e9giquement sa capacit\u00e9 de production de transformateurs. Cette expansion nous permettra d&#8217;accro\u00eetre la disponibilit\u00e9 de nos produits et de r\u00e9pondre \u00e0 la demande croissante. Forts de plus de 100 ans d&#8217;engagement, nous restons fid\u00e8les \u00e0 notre engagement envers la qualit\u00e9 et la fiabilit\u00e9.[\/vc_column_text][apress_button button_text=&#8221;En savoir plus&#8221; button_size=&#8221;large&#8221; button_left_margin=&#8221;&#8221; button_right_margin=&#8221;&#8221; box_shadow=&#8221;box_shadow_enable:disable|shadow_horizontal:1|shadow_vertical:2|shadow_blur:4|shadow_spread:0|box_shadow_color:rgba(0%2C0%2C0%2C0.2)&#8221; box_hover_shadow=&#8221;box_shadow_enable:disable|shadow_horizontal:2|shadow_vertical:2|shadow_blur:7|shadow_spread:0|box_shadow_color:rgba(0%2C0%2C0%2C0.2)&#8221; button_text_color_h=&#8221;#000000&#8243; button_shape=&#8221;square&#8221; button_link=&#8221;url:%2Ffr%2Fa-propos-de-nous|title:%C3%80%20propos%20de%20nous||&#8221;][vc_column_text css=&#8221;&#8221;]<\/p>\n<p style=\"text-align: center;\"><style>\r\n\r\n#wpsm_counter_b_row_26398 .wpsm_counterbox\r\n{\r\n\ttext-align:center;\r\n\tmargin-top:50px;\r\n\tmargin-bottom:50px;\r\n}\r\n#wpsm_counter_b_row_26398 .wpsm_counterbox .wpsm_count-icon{\r\n\tdisplay:block;\r\n\tmargin-top:20px;\r\n\tpadding-top:0px;\r\n\tpadding-bottom:0px;\r\n\tmargin-bottom:0px;\r\n\tmargin:0 auto;\r\n}\r\n#wpsm_counter_b_row_26398 .wpsm_counterbox .wpsm_count-icon i{\r\n\tfont-size:35px;\r\n\tcolor:#2a5a90;\r\n}\r\n#wpsm_counter_b_row_26398 .wpsm_counterbox .wpsm_number{\r\n\tfont-size:26px;\r\n\tfont-weight:400;\r\n\tcolor:#2a5a90;\r\n\tfont-family:'Open Sans';\r\n\tletter-spacing:2px;\r\n\tmargin-top:20px;\r\n\tline-height: 1.3em;\r\n\tpadding-top:0px;\r\n\tpadding-bottom:0px;\r\n\tmargin-bottom:0px;\r\n}\r\n#wpsm_counter_b_row_26398 .wpsm_counterbox .wpsm_count-title{\r\n    font-size:17px;\r\n\tfont-weight:bolder;\r\n\tfont-family:'Open Sans';\r\n\tletter-spacing:2px;\r\n    color: #2a5a90;\r\n\tfont-weight:400;\r\n\tmargin-top:20px;\r\n\tpadding-top:0px;\r\n\tpadding-bottom:0px;\r\n\tmargin-bottom:0px;\r\n\tline-height: 1.3em;\r\n}\r\n\r\n.fa, .fas {\r\n    font-weight: 100 !important;\r\n}\r\n#wpsm_counter_b_row_23241 .wpsm_counterbox .wpsm_count-title{\r\n  letter-spacing:1px !important;\r\n  margin-top:0px !important;\r\n}<\/style> \r\n\t\t \r\n\t\t\r\n\t\t<style>\r\n\t\t#wpsm_counter_b_row_26398\t\t\t{\r\n\t\t\t\t\r\n\t\t\t\tposition:relative;\r\n\t\t\t\twidth:100%;\r\n\t\t\t\toverflow:hidden;\r\n\t\t\t\ttext-align:center;\r\n\t\t\t}\r\n\t\t\t \r\n\t\t\t#wpsm_counter_b_row_26398 .wpsm_row{\r\n\t\t\toverflow:hidden;\r\n\t\t\tdisplay:block;\r\n\t\t\twidth:100%;\r\n\t\t\t} \r\n\t\t\t \r\n\t\t\t#wpsm_counter_b_row_26398 .wpsm_row{\r\n\t\t\toverflow:visible;\r\n\t\t\t} \r\n\t\t\t \r\n\t\t\t#wpsm_counter_b_row_26398 .wpsm_counterbox .wpsm_count-title{\r\n\t\t\tmin-height:56px;\r\n\t\t\t}}\r\n\t\t\t \r\n\t\t<\/style>\r\n\t\t\r\n\t\t<div class=\"wpsm_counter_b_row\" id=\"wpsm_counter_b_row_26398\">\r\n\t\t\t<div>\r\n\t\t\t\t<div class=\"wpsm_row\">\r\n\t\t\r\n\t\t\t\t\t\t<div class=\"wpsm_col-md-4 wpsm_col-sm-6\">\r\n\t\t\t\t\t<div class=\"wpsm_counterbox\">\r\n\t\t\t\t\t\t \r\n\t\t\t\t\t\t<div class=\"wpsm_count-icon\"><i #2a5a90 class=\"fa fa-group\"><\/i><\/div>\r\n\t\t\t\t\t\t\t\t\t\t\t\t<div class=\"wpsm_number\" style=\"#2a5a90\" >\r\n\t\t\t\t\t\t   <span class=\"counter\">1100\t\t\t\t\t\t   <\/span>\r\n\t\t\t\t\t\t    \r\n\t\t\t\t\t    <\/div>\r\n\t\t\t\t\t\t<h3 class=\"wpsm_count-title\" #2a5a90> Collaborateurs dans le monde entier<\/h3>\r\n\t\t\t\t\t\t \r\n\t\t\t\t\t<\/div>\r\n\t\t\t\t<\/div>\r\n\t\t\t\t\t\t\t\t\t<div class=\"wpsm_col-md-4 wpsm_col-sm-6\">\r\n\t\t\t\t\t<div class=\"wpsm_counterbox\">\r\n\t\t\t\t\t\t \r\n\t\t\t\t\t\t<div class=\"wpsm_count-icon\"><i #2a5a90 class=\"fa fa-thumbs-up\"><\/i><\/div>\r\n\t\t\t\t\t\t\t\t\t\t\t\t<div class=\"wpsm_number\" style=\"#2a5a90\" >\r\n\t\t\t\t\t\t   <span class=\"counter\">120\t\t\t\t\t\t   <\/span>\r\n\t\t\t\t\t\t    \r\n\t\t\t\t\t    <\/div>\r\n\t\t\t\t\t\t<h3 class=\"wpsm_count-title\" #2a5a90> Partenaires commerciaux dans le monde entier<\/h3>\r\n\t\t\t\t\t\t \r\n\t\t\t\t\t<\/div>\r\n\t\t\t\t<\/div>\r\n\t\t\t\t\t\t\t\t\t<div class=\"wpsm_col-md-4 wpsm_col-sm-6\">\r\n\t\t\t\t\t<div class=\"wpsm_counterbox\">\r\n\t\t\t\t\t\t \r\n\t\t\t\t\t\t<div class=\"wpsm_count-icon\"><i #2a5a90 class=\"fa fa-globe\"><\/i><\/div>\r\n\t\t\t\t\t\t\t\t\t\t\t\t<div class=\"wpsm_number\" style=\"#2a5a90\" >\r\n\t\t\t\t\t\t   <span class=\"counter\">75\t\t\t\t\t\t   <\/span>\r\n\t\t\t\t\t\t    \r\n\t\t\t\t\t    <\/div>\r\n\t\t\t\t\t\t<h3 class=\"wpsm_count-title\" #2a5a90> Pays d\u2019exportation<\/h3>\r\n\t\t\t\t\t\t \r\n\t\t\t\t\t<\/div>\r\n\t\t\t\t<\/div>\r\n\t\t\t\t\t\t<\/div>\r\n\t\t\t<div class=\"wpsm_row\">\r\n\t\t\t\t\t\t\r\n\t\t\t<\/div>\t\t\t\t<\/div>\r\n\t\t<\/div>\n<p>[\/vc_column_text][\/vc_column][\/vc_row][vc_row full_width=&#8221;stretch_row_content&#8221; content_placement=&#8221;middle&#8221; bg_type=&#8221;image&#8221; parallax_style=&#8221;vcpb-default&#8221; bg_image_new=&#8221;id^25398|url^https:\/\/the-rsgroup.com\/wp-content\/uploads\/2025\/10\/terzi-2-1.webp|caption^null|alt^null|title^terzi-2|description^null&#8221; bg_image_repeat=&#8221;no-repeat&#8221; bg_override=&#8221;full&#8221; css=&#8221;.vc_custom_1760495823492{padding-top: 50px !important;padding-bottom: 100px !important;background-position: center !important;background-repeat: no-repeat !important;background-size: cover !important;}&#8221; el_class=&#8221;full-width-content-section testimonial&#8221; el_id=&#8221;row3&#8243;][vc_column][vc_row_inner][vc_column_inner][vc_single_image image=&#8221;31293&#8243; img_size=&#8221;full&#8221; css=&#8221;&#8221; el_class=&#8221;test-desktop-hide&#8221;][vc_column_text css=&#8221;&#8221; el_class=&#8221;full-width-content full-width-content-right&#8221;]<\/p>\n<h5><span data-teams=\"true\"><strong>Mise en \u0153uvre r\u00e9ussie de la strat\u00e9gie<\/strong><\/span><\/h5>\n<p><em>\u201e<span data-teams=\"true\">Une strat\u00e9gie ne d\u00e9ploie son plein effet que lorsqu\u2019elle est port\u00e9e par des collaborateurs engag\u00e9s qui la mettent en \u0153uvre avec constance.<\/span>\u201c<\/em><\/p>\n<h6><span data-teams=\"true\">\u2014 Eduardo Terzi, CEO R&amp;S Group<\/span><\/h6>\n<p>[\/vc_column_text][\/vc_column_inner][\/vc_row_inner][\/vc_column][\/vc_row][vc_row overflow_visible=&#8221;true&#8221; full_width=&#8221;stretch_row&#8221; bg_type=&#8221;bg_color&#8221; bg_override=&#8221;full&#8221; css=&#8221;.vc_custom_1763539193882{padding-top: 50px !important;padding-bottom: 100px !important;}&#8221; el_class=&#8221;brand-column-section mx-0&#8243; bg_color_value=&#8221;#F2F5FA&#8221; el_id=&#8221;row2&#8243;][vc_column][apress_heading sub_title=&#8221;&#8221; content_alignment=&#8221;left&#8221; enable_delimiter=&#8221;&#8221; color_scheme=&#8221;color_scheme1&#8243; style=&#8221;heading_style6&#8243; title_font_options=&#8221;tag:h2|letter_spacing:0&#8243; subtitle_font_options=&#8221;tag:div|letter_spacing:3&#8243; heading_margin=&#8221;margin-top:10|margin-bottom:30&#8243; class=&#8221;heading-css&#8221;]Nos marques[\/apress_heading][vc_row_inner equal_height=&#8221;yes&#8221; el_class=&#8221;brand-column-row&#8221;][vc_column_inner width=&#8221;1\/4&#8243; offset=&#8221;vc_col-lg-3 vc_col-md-offset-0 vc_col-md-3&#8243;][vc_single_image image=&#8221;22089&#8243; img_size=&#8221;full&#8221; alignment=&#8221;center&#8221; css=&#8221;&#8221;][vc_column_text css=&#8221;&#8221;]<\/p>\n<h5 style=\"text-align: center;\"><span style=\"color: #6980b4;\">Rauscher &amp; Stoecklin<\/span><\/h5>\n<p style=\"text-align: center;\">Leader suisse des solutions de conversion et de distribution de l\u2019\u00e9nergie \u00e9lectrique<\/p>\n<p>[\/vc_column_text][apress_button button_text=&#8221;En savoir plus&#8221; button_size=&#8221;large&#8221; button_alignment=&#8221;center&#8221; box_shadow=&#8221;box_shadow_enable:disable|shadow_horizontal:1|shadow_vertical:2|shadow_blur:4|shadow_spread:0|box_shadow_color:rgba(0%2C0%2C0%2C0.2)&#8221; box_hover_shadow=&#8221;box_shadow_enable:disable|shadow_horizontal:2|shadow_vertical:2|shadow_blur:7|shadow_spread:0|box_shadow_color:rgba(0%2C0%2C0%2C0.2)&#8221; button_text_color_h=&#8221;#000000&#8243; button_shape=&#8221;square&#8221; button_link=&#8221;url:https%3A%2F%2Fthe-rsgroup.com%2Ffr%2Frauscher-stoecklin%2F|title:About&#8221;][\/vc_column_inner][vc_column_inner width=&#8221;1\/4&#8243; offset=&#8221;vc_col-md-3&#8243;][vc_single_image image=&#8221;23063&#8243; img_size=&#8221;full&#8221; alignment=&#8221;center&#8221; css=&#8221;&#8221;][vc_column_text css=&#8221;&#8221;]<\/p>\n<h5 style=\"text-align: center;\"><span style=\"color: #6980b4;\">ZREW<\/span><\/h5>\n<p style=\"text-align: center;\">Le principal fabricant de transformateurs de puissance en Pologne<\/p>\n<p>[\/vc_column_text][apress_button button_text=&#8221;En savoir plus&#8221; button_size=&#8221;large&#8221; button_alignment=&#8221;center&#8221; box_shadow=&#8221;box_shadow_enable:disable|shadow_horizontal:1|shadow_vertical:2|shadow_blur:4|shadow_spread:0|box_shadow_color:rgba(0%2C0%2C0%2C0.2)&#8221; box_hover_shadow=&#8221;box_shadow_enable:disable|shadow_horizontal:2|shadow_vertical:2|shadow_blur:7|shadow_spread:0|box_shadow_color:rgba(0%2C0%2C0%2C0.2)&#8221; button_text_color_h=&#8221;#000000&#8243; button_shape=&#8221;square&#8221; button_link=&#8221;url:https%3A%2F%2Fthe-rsgroup.com%2Ffr%2Frs-zrew%2F|title:About&#8221;][\/vc_column_inner][vc_column_inner width=&#8221;1\/4&#8243;][vc_single_image image=&#8221;23025&#8243; img_size=&#8221;full&#8221; alignment=&#8221;center&#8221; css=&#8221;&#8221;][vc_column_text css=&#8221;&#8221;]<\/p>\n<h5 style=\"text-align: center;\"><span style=\"color: #483374;\">KytePowertech<\/span><\/h5>\n<p style=\"text-align: center;\">Expert en innovation pour les transformateurs de distribution<\/p>\n<p>[\/vc_column_text][apress_button button_text=&#8221;En savoir plus&#8221; button_size=&#8221;large&#8221; button_alignment=&#8221;center&#8221; box_shadow=&#8221;box_shadow_enable:disable|shadow_horizontal:1|shadow_vertical:2|shadow_blur:4|shadow_spread:0|box_shadow_color:rgba(0%2C0%2C0%2C0.2)&#8221; box_hover_shadow=&#8221;box_shadow_enable:disable|shadow_horizontal:2|shadow_vertical:2|shadow_blur:7|shadow_spread:0|box_shadow_color:rgba(0%2C0%2C0%2C0.2)&#8221; button_text_color_h=&#8221;#000000&#8243; button_shape=&#8221;square&#8221; button_link=&#8221;url:https%3A%2F%2Fthe-rsgroup.com%2Ffr%2Fkyte-powertech%2F|title:About&#8221;][\/vc_column_inner][vc_column_inner width=&#8221;1\/4&#8243;][vc_single_image image=&#8221;23090&#8243; img_size=&#8221;full&#8221; alignment=&#8221;center&#8221; css=&#8221;&#8221;][vc_column_text css=&#8221;&#8221;]<\/p>\n<h5 style=\"text-align: center;\"><span style=\"color: #ff0843;\">TESAR<\/span><\/h5>\n<p style=\"text-align: center;\">Sp\u00e9cialiste des transformateurs \u00e0 r\u00e9sine moul\u00e9e pour les environnements exigeants<\/p>\n<p>[\/vc_column_text][apress_button button_text=&#8221;En savoir plus&#8221; button_size=&#8221;large&#8221; button_alignment=&#8221;center&#8221; box_shadow=&#8221;box_shadow_enable:disable|shadow_horizontal:1|shadow_vertical:2|shadow_blur:4|shadow_spread:0|box_shadow_color:rgba(0%2C0%2C0%2C0.2)&#8221; box_hover_shadow=&#8221;box_shadow_enable:disable|shadow_horizontal:2|shadow_vertical:2|shadow_blur:7|shadow_spread:0|box_shadow_color:rgba(0%2C0%2C0%2C0.2)&#8221; button_text_color_h=&#8221;#000000&#8243; button_shape=&#8221;square&#8221; button_link=&#8221;url:https%3A%2F%2Fthe-rsgroup.com%2Ffr%2Ftesar%2F|title:About&#8221;][\/vc_column_inner][\/vc_row_inner][\/vc_column][\/vc_row][vc_section full_width=&#8221;stretch_row&#8221; css=&#8221;.vc_custom_1766561385649{padding-top: 50px !important;padding-bottom: 85px !important;background-color: #F8F8F8 !important;}&#8221; el_class=&#8221;our-project-section&#8221; el_id=&#8221;margin-adjust&#8221;][vc_row full_width=&#8221;stretch_row&#8221; css=&#8221;.vc_custom_1758539054201{margin-top: 0px !important;padding-top: 80px !important;padding-bottom: 80px !important;background-color: #f8f8f8 !important;}&#8221; el_class=&#8221;related-product-info-box with-white-bg-pro&#8221;][vc_column el_id=&#8221;transformators&#8221;][apress_heading sub_title=&#8221;&#8221; content_alignment=&#8221;left&#8221; enable_delimiter=&#8221;&#8221; color_scheme=&#8221;color_scheme1&#8243; style=&#8221;heading_style6&#8243; title_font_options=&#8221;tag:h2|letter_spacing:0&#8243; subtitle_font_options=&#8221;tag:div|letter_spacing:3&#8243; heading_margin=&#8221;margin-top:10|margin-bottom:30|margin-left:-110&#8243; class=&#8221;heading-css&#8221;]Nos transformateurs[\/apress_heading][vc_row_inner][vc_column_inner el_class=&#8221;custom_sidebar&#8221; width=&#8221;1\/2&#8243;]\r\n<!--Image Box Start-->\r\n<div class=\"zolo_imagebox_new_swing new_imagebox_style4\"><div class=\"zolo_imagebox_new_wrapper zolo_imagebox_new_207587480169f46341821fe new_imagebox_style4 noanimation\" data-animation =\"No Animation\" data-delay =\"500\" data-id =\"zolo_imagebox_new_207587480169f46341821fe\">\r\n    <a title=\"Transformateurs de distribution\" href=\"\/fr\/produits\/transformateurs\/transformateurs-de-distribution\" target=\"_self\" rel=\"\">\r\n    <div class=\"zolo_imagebox_new_box\">\r\n        <div class=\"zolo_thumbnail\" style=\"background:url(https:\/\/the-rsgroup.com\/wp-content\/uploads\/2025\/10\/transformatoren-rs-1.jpg) no-repeat center center; -moz-background-size:cover;-webkit-background-size:cover;-o-background-size:cover;-ms-background-size:cover;background-size:cover; height:300px;\"><\/div>\r\n        <div class=\"zolo_imagebox_new_content\">\r\n            <div class=\"zolo_imagebox_new_title_des\">\r\n        <h3 class=\"entry-title zolo_imagebox_new_title\" style=\"color:#000000; \">        Transformateurs de distribution <\/h3>                <span class=\"zolo_imagebox_description\" style=\"color:#000000; \">        Apprenez-en plus sur nos transformateurs de distribution \u00e0 bain d\u2019huile avec une puissance nominale d\u2019un maximum de 10MVA. <\/span>        <div class=\"zolo_imagebox_icon_button_element alignment_inline zolo_imagebox_icon_button_207587480169f46341821fe\"><span class=\"zolo_iconbutton_tag iconbutton_style1 button_style_none\"><span class=\"zolo_button_icon zolo_arrow_icon\"><\/span><\/span><\/div>      <\/div>\r\n    <\/div>\r\n          <\/div>\r\n    <\/a>\r\n  <\/div>\r\n<\/div><!--Image Box End-->\r\n\r\n[\/vc_column_inner][vc_column_inner el_class=&#8221;custom_sidebar&#8221; width=&#8221;1\/2&#8243;]\r\n<!--Image Box Start-->\r\n<div class=\"zolo_imagebox_new_swing new_imagebox_style4\"><div class=\"zolo_imagebox_new_wrapper zolo_imagebox_new_7254382769f463418986c new_imagebox_style4 noanimation\" data-animation =\"No Animation\" data-delay =\"500\" data-id =\"zolo_imagebox_new_7254382769f463418986c\">\r\n    <a title=\"Transformateurs \u00e9lectriques\" href=\"\/fr\/produits\/transformateurs\/transformateurs-electriques\" target=\"_self\" rel=\"\">\r\n    <div class=\"zolo_imagebox_new_box\">\r\n        <div class=\"zolo_thumbnail\" style=\"background:url(https:\/\/the-rsgroup.com\/wp-content\/uploads\/2025\/10\/power-transformer-zrew-1.jpg) no-repeat center center; -moz-background-size:cover;-webkit-background-size:cover;-o-background-size:cover;-ms-background-size:cover;background-size:cover; height:300px;\"><\/div>\r\n        <div class=\"zolo_imagebox_new_content\">\r\n            <div class=\"zolo_imagebox_new_title_des\">\r\n        <h3 class=\"entry-title zolo_imagebox_new_title\" style=\"color:#000000; \">        Transformateurs \u00e9lectriques <\/h3>                <span class=\"zolo_imagebox_description\" style=\"color:#000000; \">        Nous produisons des transformateurs \u00e9lectriques \u00e0 grande efficacit\u00e9 avec une puissance nominale d\u2019un maximum de 160 MVA. <\/span>        <div class=\"zolo_imagebox_icon_button_element alignment_inline zolo_imagebox_icon_button_7254382769f463418986c\"><span class=\"zolo_iconbutton_tag iconbutton_style1 button_style_none\"><span class=\"zolo_button_icon zolo_arrow_icon\"><\/span><\/span><\/div>      <\/div>\r\n    <\/div>\r\n          <\/div>\r\n    <\/a>\r\n  <\/div>\r\n<\/div><!--Image Box End-->\r\n\r\n[\/vc_column_inner][\/vc_row_inner][vc_row_inner][vc_column_inner el_class=&#8221;custom_sidebar&#8221; width=&#8221;1\/2&#8243;]\r\n<!--Image Box Start-->\r\n<div class=\"zolo_imagebox_new_swing new_imagebox_style4\"><div class=\"zolo_imagebox_new_wrapper zolo_imagebox_new_78465356269f463418a5f7 new_imagebox_style4 noanimation\" data-animation =\"No Animation\" data-delay =\"500\" data-id =\"zolo_imagebox_new_78465356269f463418a5f7\">\r\n    <a title=\"Transformateurs en r\u00e9sine moul\u00e9e\" href=\"\/fr\/produits\/transformateurs\/transformateurs-a-type-sec\" target=\"_self\" rel=\"\">\r\n    <div class=\"zolo_imagebox_new_box\">\r\n        <div class=\"zolo_thumbnail\" style=\"background:url(https:\/\/the-rsgroup.com\/wp-content\/uploads\/2025\/10\/Cast-resin-transformer-with-red1-1.png) no-repeat center center; -moz-background-size:cover;-webkit-background-size:cover;-o-background-size:cover;-ms-background-size:cover;background-size:cover; height:300px;\"><\/div>\r\n        <div class=\"zolo_imagebox_new_content\">\r\n            <div class=\"zolo_imagebox_new_title_des\">\r\n        <h3 class=\"entry-title zolo_imagebox_new_title\" style=\"color:#000000; \">        Transformateurs en r\u00e9sine moul\u00e9e <\/h3>                <span class=\"zolo_imagebox_description\" style=\"color:#000000; \">        Avec plus de 100 000 installations de transformateurs \u00e0 son actif, R&amp;S propose des transformateurs en r\u00e9sine moul\u00e9e de pointe avec une puissance nominale maximale de 20 MVA. <\/span>        <div class=\"zolo_imagebox_icon_button_element alignment_inline zolo_imagebox_icon_button_78465356269f463418a5f7\"><span class=\"zolo_iconbutton_tag iconbutton_style1 button_style_none\"><span class=\"zolo_button_icon zolo_arrow_icon\"><\/span><\/span><\/div>      <\/div>\r\n    <\/div>\r\n          <\/div>\r\n    <\/a>\r\n  <\/div>\r\n<\/div><!--Image Box End-->\r\n\r\n[\/vc_column_inner][vc_column_inner el_class=&#8221;custom_sidebar&#8221; width=&#8221;1\/2&#8243;]\r\n<!--Image Box Start-->\r\n<div class=\"zolo_imagebox_new_swing new_imagebox_style4\"><div class=\"zolo_imagebox_new_wrapper zolo_imagebox_new_39873419269f463418b235 new_imagebox_style4 noanimation\" data-animation =\"No Animation\" data-delay =\"500\" data-id =\"zolo_imagebox_new_39873419269f463418b235\">\r\n    <a title=\"Transformateurs de mesure\" href=\"\/fr\/produits\/transformateurs\/transformateurs-de-courant-et-de-tension\" target=\"_self\" rel=\"\">\r\n    <div class=\"zolo_imagebox_new_box\">\r\n        <div class=\"zolo_thumbnail\" style=\"background:url(https:\/\/the-rsgroup.com\/wp-content\/uploads\/2025\/10\/instrument-transformer-rs-1.jpg) no-repeat center center; -moz-background-size:cover;-webkit-background-size:cover;-o-background-size:cover;-ms-background-size:cover;background-size:cover; height:300px;\"><\/div>\r\n        <div class=\"zolo_imagebox_new_content\">\r\n            <div class=\"zolo_imagebox_new_title_des\">\r\n        <h3 class=\"entry-title zolo_imagebox_new_title\" style=\"color:#000000; \">        Transformatuers de courant <\/h3>                <span class=\"zolo_imagebox_description\" style=\"color:#000000; \">        D\u00e9couvrez notre gamme de transformateurs de courant et de tension garantissant une pr\u00e9cision maximale dans vos installations. <\/span>        <div class=\"zolo_imagebox_icon_button_element alignment_inline zolo_imagebox_icon_button_39873419269f463418b235\"><span class=\"zolo_iconbutton_tag iconbutton_style1 button_style_none\"><span class=\"zolo_button_icon zolo_arrow_icon\"><\/span><\/span><\/div>      <\/div>\r\n    <\/div>\r\n          <\/div>\r\n    <\/a>\r\n  <\/div>\r\n<\/div><!--Image Box End-->\r\n\r\n[\/vc_column_inner][\/vc_row_inner][\/vc_column][\/vc_row][\/vc_section][vc_row apcore_row_stretch_opt=&#8221;stretch_row_and_content&#8221; full_width=&#8221;stretch_row_content&#8221; content_placement=&#8221;middle&#8221; bg_type=&#8221;image&#8221; parallax_style=&#8221;vcpb-default&#8221; bg_image_new=&#8221;id^25409|url^https:\/\/the-rsgroup.com\/wp-content\/uploads\/2025\/10\/ulli.webp|caption^null|alt^null|title^ulli|description^null&#8221; bg_image_repeat=&#8221;no-repeat&#8221; bg_override=&#8221;full&#8221; css=&#8221;.vc_custom_1760417822644{padding-top: 50px !important;padding-bottom: 100px !important;background-color: #F2F5FA !important;background-position: center !important;background-repeat: no-repeat !important;background-size: cover !important;}&#8221; el_class=&#8221;full-width-content-section testimonial&#8221; el_id=&#8221;row5&#8243;][vc_column][vc_row_inner][vc_column_inner][vc_single_image image=&#8221;31317&#8243; img_size=&#8221;full&#8221; css=&#8221;&#8221; el_class=&#8221;test-desktop-hide&#8221;][vc_column_text css=&#8221;&#8221; el_class=&#8221;full-width-content full-width-content-left&#8221;]<\/p>\n<h5><span data-teams=\"true\"><strong>Forte orientation client<\/strong><\/span><\/h5>\n<p><em>\u201e<span data-teams=\"true\">Nous convainquons nos clients par notre professionnalisme et notre fiabilit\u00e9.<\/span>\u201c<\/em><\/p>\n<h6><span data-teams=\"true\">\u2014 Ulrich Voss, CSO R&amp;S Group<\/span><\/h6>\n<p>[\/vc_column_text][\/vc_column_inner][\/vc_row_inner][\/vc_column][\/vc_row]<\/p>\n<\/div>","protected":false},"excerpt":{"rendered":"<p>[vc_section full_width=&#8221;stretch_row&#8221; content_placement=&#8221;middle&#8221; css=&#8221;.vc_custom_1773064429785{padding-top: -60px !important;background-image: url(https:\/\/the-rsgroup.com\/wp-content\/uploads\/revslider\/video-media\/Mein-Film2_365.jpeg?id=25151) !important;background-position: center !important;background-repeat: no-repeat !important;background-size: cover !important;}&#8221; el_class=&#8221;home-container&#8221;][vc_row][vc_column][\/vc_column][\/vc_row][\/vc_section][vc_row css=&#8221;.vc_custom_1747980810238{padding-top: 50px !important;padding-bottom: 100px !important;}&#8221; el_id=&#8221;row1&#8243;][vc_column width=&#8221;1\/3&#8243; el_class=&#8221;custom_sidebar&#8221;][vc_single_image image=&#8221;21481&#8243; img_size=&#8221;full&#8221; css=&#8221;&#8221;][\/vc_column][vc_column width=&#8221;2\/3&#8243; apress_zindex=&#8221;9&#8243; css=&#8221;.vc_custom_1744888257690{background-color: #ffffff !important;}&#8221; el_class=&#8221;custom_sidebar high_zIndex&#8221;][apress_heading sub_title=&#8221;&#8221; content_alignment=&#8221;left&#8221; enable_delimiter=&#8221;&#8221; color_scheme=&#8221;color_scheme2&#8243; style=&#8221;heading_style6&#8243; title_font_options=&#8221;tag:h2|letter_spacing:0&#8243; subtitle_font_options=&#8221;tag:div|letter_spacing:3&#8243;&hellip;<\/p>\n","protected":false},"author":1,"featured_media":0,"parent":0,"menu_order":0,"comment_status":"closed","ping_status":"closed","template":"","meta":{"_acf_changed":false,"_monsterinsights_skip_tracking":false,"_monsterinsights_sitenote_active":false,"_monsterinsights_sitenote_note":"","_monsterinsights_sitenote_category":0,"footnotes":""},"class_list":["post-2436","page","type-page","status-publish","hentry"],"acf":[],"_links":{"self":[{"href":"https:\/\/the-rsgroup.com\/fr\/wp-json\/wp\/v2\/pages\/2436","targetHints":{"allow":["GET"]}}],"collection":[{"href":"https:\/\/the-rsgroup.com\/fr\/wp-json\/wp\/v2\/pages"}],"about":[{"href":"https:\/\/the-rsgroup.com\/fr\/wp-json\/wp\/v2\/types\/page"}],"author":[{"embeddable":true,"href":"https:\/\/the-rsgroup.com\/fr\/wp-json\/wp\/v2\/users\/1"}],"replies":[{"embeddable":true,"href":"https:\/\/the-rsgroup.com\/fr\/wp-json\/wp\/v2\/comments?post=2436"}],"version-history":[{"count":54,"href":"https:\/\/the-rsgroup.com\/fr\/wp-json\/wp\/v2\/pages\/2436\/revisions"}],"predecessor-version":[{"id":36121,"href":"https:\/\/the-rsgroup.com\/fr\/wp-json\/wp\/v2\/pages\/2436\/revisions\/36121"}],"wp:attachment":[{"href":"https:\/\/the-rsgroup.com\/fr\/wp-json\/wp\/v2\/media?parent=2436"}],"curies":[{"name":"wp","href":"https:\/\/api.w.org\/{rel}","templated":true}]}}