{"id":26951,"date":"2025-11-18T02:29:52","date_gmt":"2025-11-18T02:29:52","guid":{"rendered":"https:\/\/rs.tc-host.de\/?page_id=26951"},"modified":"2025-12-23T07:52:38","modified_gmt":"2025-12-23T07:52:38","slug":"marques","status":"publish","type":"page","link":"https:\/\/the-rsgroup.com\/fr\/marques\/","title":{"rendered":"Marques"},"content":{"rendered":"<div class=\"wpb-content-wrapper\"><p>[vc_section full_width=&#8221;stretch_row&#8221; content_placement=&#8221;middle&#8221; min_height=&#8221;480&#8243; css=&#8221;.vc_custom_1763431766402{background-image: url(https:\/\/the-rsgroup.com\/wp-content\/uploads\/2025\/11\/Header_Brands.jpg?id=26911) !important;background-position: center !important;background-repeat: no-repeat !important;background-size: cover !important;}&#8221; el_class=&#8221;inner-page-banner-section&#8221;][vc_row][vc_column][apress_heading sub_title=&#8221;force locale, qualit\u00e9 globale \u2013 We guarantee energy&#8221; content_alignment=&#8221;left&#8221; data_animation=&#8221;fadeInRight&#8221; enable_delimiter=&#8221;&#8221; style=&#8221;heading_style1&#8243; title_font_options=&#8221;tag:h1&#8243; subtitle_font_options=&#8221;tag:div&#8221;]Marques du groupe R&amp;S[\/apress_heading][\/vc_column][\/vc_row][\/vc_section][vc_row full_width=&#8221;stretch_row&#8221; content_placement=&#8221;middle&#8221; css=&#8221;.vc_custom_1763526190675{padding-top: 20px !important;padding-bottom: 40px !important;background-color: #FFFFFF !important;background-position: center !important;background-repeat: no-repeat !important;background-size: cover !important;}&#8221; min_height=&#8221;480&#8243; el_class=&#8221;page-title-section mx-0&#8243; el_id=&#8221;indus_row2&#8243; responsive_css=&#8221;padding_top_smartphones:0px|padding_top_small:0px&#8221;][vc_column apress_zindex=&#8221;9&#8243; el_class=&#8221;custom_sidebar high_zIndex&#8221;][apress_heading sub_title=&#8221;&#8221; content_alignment=&#8221;left&#8221; enable_delimiter=&#8221;&#8221; color_scheme=&#8221;design_your_own&#8221; main_heading_color=&#8221;#6980B4&#8243; style=&#8221;heading_style1&#8243; title_font_options=&#8221;tag:h2|font_size:46|line_height:50|letter_spacing:1&#8243; subtitle_font_options=&#8221;tag:div|color:%23ffffff&#8221; heading_margin=&#8221;margin-top:10|margin-bottom:30&#8243; class=&#8221;heading-custom&#8221;]Pourquoi une famille de marques ?[\/apress_heading][vc_column_text css=&#8221;&#8221;]Avec nos marques solidement ancr\u00e9es localement, nous associons un engineering proche du march\u00e9 \u00e0 une expertise industrielle et qualit\u00e9 au niveau du groupe. Cela r\u00e9duit les risques de projet et acc\u00e9l\u00e8re la r\u00e9alisation \u2013 de la sp\u00e9cification jusqu\u2019\u00e0 la mise en service.<\/p>\n<h3><strong>Vos avantages en un coup d\u2019\u0153il<\/strong><\/h3>\n<ul>\n<li><strong>Proximit\u00e9 du march\u00e9 &amp; conformit\u00e9 normative :<\/strong> Les \u00e9quipes locales ma\u00eetrisent les normes r\u00e9seau et b\u00e2timent (p. ex. IEC\/EN\/ENATS\/ANSI) ainsi que les proc\u00e9dures d\u2019autorisation \u2013 d\u00e9p\u00f4ts de dossiers fluides, validations plus rapides.<\/li>\n<li><strong>Forte capacit\u00e9 de livraison :<\/strong> Une production r\u00e9gionale et des capacit\u00e9s mutualis\u00e9es garantissent des d\u00e9lais raccourcis et une planification fiable.<\/li>\n<li><strong>Profondeur technique :<\/strong> Chaque marque est sp\u00e9cialiste (p. ex. transformateurs \u00e0 r\u00e9sine moul\u00e9e, de distribution ou de puissance) \u2013 un dimensionnement pr\u00e9cis plut\u00f4t que des compromis.<\/li>\n<li><strong>Focus cycle de vie (Total Cost of Ownership\/TCO) :<\/strong> Conceptions optimis\u00e9es en pertes, mat\u00e9riaux robustes, services &amp; fleet care \u2013 des co\u00fbts d\u2019exploitation faibles sur plusieurs d\u00e9cennies.<\/li>\n<li><strong>R\u00e9silience de la cha\u00eene d\u2019approvisionnement :<\/strong> Plusieurs usines europ\u00e9ennes, standards harmonis\u00e9s, assurance qualit\u00e9 commune et r\u00e9seau de sous-traitants stable \u2013 moins de d\u00e9pendances.<\/li>\n<li><strong>\u00ab We guarantee energy \u00bb :<\/strong> Une promesse commune de fiabilit\u00e9, ponctualit\u00e9 et ex\u00e9cution de projet engageante.<\/li>\n<\/ul>\n<p>[\/vc_column_text][\/vc_column][\/vc_row][vc_row full_width=&#8221;stretch_row&#8221; content_placement=&#8221;middle&#8221; css=&#8221;.vc_custom_1758531389746{padding-top: 20px !important;padding-bottom: 40px !important;background-color: #FFFFFF !important;background-position: center !important;background-repeat: no-repeat !important;background-size: cover !important;}&#8221; min_height=&#8221;480&#8243; el_class=&#8221;page-title-section&#8221; responsive_css=&#8221;padding_top_smartphones:0px|padding_top_small:0px&#8221;][vc_column apress_zindex=&#8221;9&#8243; el_class=&#8221;custom_sidebar high_zIndex&#8221;][apress_heading sub_title=&#8221;&#8221; content_alignment=&#8221;left&#8221; enable_delimiter=&#8221;&#8221; color_scheme=&#8221;design_your_own&#8221; main_heading_color=&#8221;#6980B4&#8243; style=&#8221;heading_style1&#8243; title_font_options=&#8221;tag:h2|font_size:46|line_height:50|letter_spacing:1&#8243; subtitle_font_options=&#8221;tag:div|color:%23ffffff&#8221; heading_margin=&#8221;margin-top:10|margin-bottom:30&#8243;]<\/p>\n<h2>Nos marques<\/h2>\n<p>[\/apress_heading][\/vc_column][\/vc_row][vc_row apcore_row_stretch_opt=&#8221;stretch_row_and_content&#8221; full_width=&#8221;stretch_row_content_no_spaces&#8221; content_placement=&#8221;middle&#8221; css=&#8221;.vc_custom_1747141675568{padding-top: 0px !important;padding-bottom: 0px !important;background-color: #F2F2F2 !important;}&#8221; el_class=&#8221;full-width-image-section&#8221;][vc_column width=&#8221;1\/2&#8243; css=&#8221;.vc_custom_1747995257510{padding-top: 0px !important;padding-bottom: 0px !important;}&#8221; el_class=&#8221;img_col&#8221;][vc_single_image image=&#8221;26925&#8243; img_size=&#8221;full&#8221; css=&#8221;&#8221;][\/vc_column][vc_column width=&#8221;1\/2&#8243; el_class=&#8221;col_content&#8221;][vc_row_inner css=&#8221;.vc_custom_1755445598875{padding-top: 60px !important;padding-right: 60px !important;padding-bottom: 60px !important;padding-left: 60px !important;}&#8221; responsive_css=&#8221;padding_top_smartphones:30px|padding_top_small:40px&#8221; el_class=&#8221;left-right-content&#8221;][vc_column_inner][vc_column_text css=&#8221;&#8221;]<\/p>\n<h3>Rauscher &amp; Stoecklin (Suisse | Pologne)<\/h3>\n<p><em>Focus : transformateurs de distribution \u00e0 huile &amp; composants \u00e9lectrotechniques<\/em><br \/>\nDepuis 1919, Rauscher &amp; Stoecklin incarne la pr\u00e9cision suisse dans la distribution d\u2019\u00e9nergie. Avec le nouveau site de Krzecz\u00f3w (Pologne), la marque augmente ses capacit\u00e9s en transformateurs de distribution \u00e0 huile \u2013 avec des d\u00e9lais ma\u00eetris\u00e9s pour l\u2019Europe centrale et une grande vari\u00e9t\u00e9 de versions.<br \/>\n<strong>Forces :<\/strong> Constructions compactes, faibles pertes, adaptations sp\u00e9cifiques aux projets (raccordement r\u00e9seau, stockage, PV\/\u00e9olien, industrie).<br \/>\n<a href=\"https:\/\/the-rsgroup.com\/fr\/rauscher-stoecklin\/\">En savoir plus<\/a>[\/vc_column_text][\/vc_column_inner][\/vc_row_inner][\/vc_column][\/vc_row][vc_row apcore_row_stretch_opt=&#8221;stretch_row_and_content&#8221; full_width=&#8221;stretch_row_content_no_spaces&#8221; content_placement=&#8221;middle&#8221; apress_column_reverse=&#8221;yes&#8221; css=&#8221;.vc_custom_1755445169057{padding-top: 0px !important;padding-bottom: 0px !important;background-color: #FFFFFF !important;}&#8221; el_class=&#8221;full-width-image-section col_order&#8221;][vc_column width=&#8221;1\/2&#8243; el_class=&#8221;col_content&#8221;][vc_row_inner css=&#8221;.vc_custom_1755445612450{padding-top: 60px !important;padding-right: 60px !important;padding-bottom: 60px !important;padding-left: 60px !important;}&#8221; el_class=&#8221;left-right-content&#8221;][vc_column_inner][vc_column_text css=&#8221;&#8221;]<\/p>\n<h3><strong>Tesar (Italie | Pologne | r\u00e9gion du Golfe)<\/strong><\/h3>\n<p><em>Focus : transformateurs secs \u00e0 r\u00e9sine moul\u00e9e &amp; transformateurs de mesure<\/em><br \/>\nDepuis 1979, Tesar d\u00e9veloppe et fabrique des transformateurs \u00e0 r\u00e9sine moul\u00e9e \u00e0 haut niveau de protection incendie et \u00e0 maintenance minimale. Depuis 2013, Tesar Polska produit des transformateurs secs \u00e0 r\u00e9sine ainsi que des transformateurs de courant et de tension dans la zone industrielle de Cracovie. Tesar Gulf exploite un site de production \u00e0 Al Ain (EAU) pour les pays du Golfe \u2013 id\u00e9al pour des d\u00e9lais courts et des exigences normatives sp\u00e9cifiques.<br \/>\n<strong>Forces :<\/strong> S\u00e9curit\u00e9 et respect de l\u2019environnement, fonctionnement quasi sans maintenance, plus de 100 000 transformateurs secs install\u00e9s dans le monde, parfaitement adapt\u00e9s aux data centers, \u00e0 l\u2019industrie, aux infrastructures et aux applications d\u2019\u00e9nergies renouvelables.<\/p>\n<p><a href=\"https:\/\/the-rsgroup.com\/fr\/tesar\/\">En savoir plus<\/a>[\/vc_column_text][\/vc_column_inner][\/vc_row_inner][\/vc_column][vc_column width=&#8221;1\/2&#8243; css=&#8221;.vc_custom_1747995252391{padding-top: 0px !important;padding-bottom: 0px !important;}&#8221; el_class=&#8221;img_col&#8221;][vc_single_image image=&#8221;26931&#8243; img_size=&#8221;full&#8221; css=&#8221;&#8221;][\/vc_column][\/vc_row][vc_row apcore_row_stretch_opt=&#8221;stretch_row_and_content&#8221; full_width=&#8221;stretch_row_content_no_spaces&#8221; content_placement=&#8221;middle&#8221; apress_column_reverse=&#8221;yes&#8221; css=&#8221;.vc_custom_1766476351771{padding-top: 0px !important;padding-bottom: 0px !important;background-color: #F2F2F2 !important;}&#8221; el_class=&#8221;full-width-image-section col_order&#8221; el_id=&#8221;col-inverse&#8221;][vc_column width=&#8221;1\/2&#8243; css=&#8221;.vc_custom_1747995239755{padding-top: 0px !important;padding-bottom: 0px !important;}&#8221; el_class=&#8221;img_col&#8221;][vc_single_image image=&#8221;26919&#8243; img_size=&#8221;full&#8221; css=&#8221;&#8221;][\/vc_column][vc_column width=&#8221;1\/2&#8243; el_class=&#8221;col_content&#8221;][vc_row_inner css=&#8221;.vc_custom_1755445628490{padding-top: 60px !important;padding-right: 60px !important;padding-bottom: 60px !important;padding-left: 60px !important;}&#8221; el_class=&#8221;left-right-content&#8221;][vc_column_inner][vc_column_text css=&#8221;&#8221;]<\/p>\n<h3><strong>Kyte Powertech (Irlande)<\/strong><\/h3>\n<p><em>Focus : transformateurs de distribution (sur poteau, poste, pad-mount)<\/em><br \/>\nFond\u00e9e en 1977, Kyte Powertech fabrique plus de 16 000 transformateurs de distribution par an, pour une capacit\u00e9 de 6 500 MVA \u2013 optimis\u00e9e pour IEC\/EN\/BS\/ENATS\/ANSI. Capacit\u00e9 \u00e9lev\u00e9e, conceptions robustes et d\u00e9lais courts pour l\u2019Irlande, le Royaume-Uni et l\u2019Europe de l\u2019Ouest.<br \/>\n<strong>Forces :<\/strong> Raccordement au r\u00e9seau, r\u00e9seaux urbains et industriels, int\u00e9gration des renouvelables, faibles pertes conform\u00e9ment \u00e0 l\u2019Ecodesign europ\u00e9en.<\/p>\n<p><a href=\"https:\/\/the-rsgroup.com\/fr\/kyte-powertech\/\">En savoir plus<\/a>[\/vc_column_text][\/vc_column_inner][\/vc_row_inner][\/vc_column][\/vc_row][vc_row apcore_row_stretch_opt=&#8221;stretch_row_and_content&#8221; full_width=&#8221;stretch_row_content_no_spaces&#8221; content_placement=&#8221;middle&#8221; apress_column_reverse=&#8221;yes&#8221; css=&#8221;.vc_custom_1755445169057{padding-top: 0px !important;padding-bottom: 0px !important;background-color: #FFFFFF !important;}&#8221; el_class=&#8221;full-width-image-section col_order&#8221;][vc_column width=&#8221;1\/2&#8243; el_class=&#8221;col_content&#8221;][vc_row_inner css=&#8221;.vc_custom_1755445612450{padding-top: 60px !important;padding-right: 60px !important;padding-bottom: 60px !important;padding-left: 60px !important;}&#8221; el_class=&#8221;left-right-content&#8221;][vc_column_inner][vc_column_text css=&#8221;&#8221;]<\/p>\n<h3><strong>ZREW (Pologne)<\/strong><\/h3>\n<p><em>Focus : transformateurs de puissance jusqu\u2019\u00e0 160 MVA<\/em><br \/>\nZREW con\u00e7oit des transformateurs de puissance sur mesure pour les r\u00e9seaux de transport et de distribution, la production d\u2019\u00e9nergie (renouvelables, transformateurs \u00e9l\u00e9vateurs GSU) et l\u2019industrie \u2013 avec syst\u00e8mes de refroidissement ONAN\/ONAF\/OFAF\/ODAF, isolations sp\u00e9ciales et optimisation acoustique.<br \/>\n<strong>Forces :<\/strong> Ing\u00e9nierie de projet selon IEC\/IEEE et sp\u00e9cifications client, grande fiabilit\u00e9, suivi du cycle de vie (p. ex. DGA\/condition monitoring), parfaitement adapt\u00e9 aux centrales \u00e9lectriques, centrales thermiques, projets PV, parcs \u00e9oliens et r\u00e9seaux de distribution.<\/p>\n<p><a href=\"https:\/\/the-rsgroup.com\/fr\/rs-zrew\/\">En savoir plus<\/a>[\/vc_column_text][\/vc_column_inner][\/vc_row_inner][\/vc_column][vc_column width=&#8221;1\/2&#8243; css=&#8221;.vc_custom_1747995252391{padding-top: 0px !important;padding-bottom: 0px !important;}&#8221; el_class=&#8221;img_col&#8221;][vc_single_image image=&#8221;26937&#8243; img_size=&#8221;full&#8221; css=&#8221;&#8221;][\/vc_column][\/vc_row]<\/p>\n<\/div>","protected":false},"excerpt":{"rendered":"<p>[vc_section full_width=&#8221;stretch_row&#8221; content_placement=&#8221;middle&#8221; min_height=&#8221;480&#8243; css=&#8221;.vc_custom_1763431766402{background-image: url(https:\/\/the-rsgroup.com\/wp-content\/uploads\/2025\/11\/Header_Brands.jpg?id=26911) !important;background-position: center !important;background-repeat: no-repeat !important;background-size: cover !important;}&#8221; el_class=&#8221;inner-page-banner-section&#8221;][vc_row][vc_column][apress_heading sub_title=&#8221;force locale, qualit\u00e9 globale \u2013 We guarantee energy&#8221; content_alignment=&#8221;left&#8221; data_animation=&#8221;fadeInRight&#8221; enable_delimiter=&#8221;&#8221; style=&#8221;heading_style1&#8243; title_font_options=&#8221;tag:h1&#8243; subtitle_font_options=&#8221;tag:div&#8221;]Marques du groupe R&amp;S[\/apress_heading][\/vc_column][\/vc_row][\/vc_section][vc_row full_width=&#8221;stretch_row&#8221; content_placement=&#8221;middle&#8221; css=&#8221;.vc_custom_1763526190675{padding-top: 20px !important;padding-bottom: 40px !important;background-color: #FFFFFF !important;background-position:&hellip;<\/p>\n","protected":false},"author":14,"featured_media":0,"parent":0,"menu_order":0,"comment_status":"closed","ping_status":"closed","template":"template-fullwidth-page.php","meta":{"_acf_changed":false,"_monsterinsights_skip_tracking":false,"_monsterinsights_sitenote_active":false,"_monsterinsights_sitenote_note":"","_monsterinsights_sitenote_category":0,"footnotes":""},"class_list":["post-26951","page","type-page","status-publish","hentry"],"acf":[],"_links":{"self":[{"href":"https:\/\/the-rsgroup.com\/fr\/wp-json\/wp\/v2\/pages\/26951","targetHints":{"allow":["GET"]}}],"collection":[{"href":"https:\/\/the-rsgroup.com\/fr\/wp-json\/wp\/v2\/pages"}],"about":[{"href":"https:\/\/the-rsgroup.com\/fr\/wp-json\/wp\/v2\/types\/page"}],"author":[{"embeddable":true,"href":"https:\/\/the-rsgroup.com\/fr\/wp-json\/wp\/v2\/users\/14"}],"replies":[{"embeddable":true,"href":"https:\/\/the-rsgroup.com\/fr\/wp-json\/wp\/v2\/comments?post=26951"}],"version-history":[{"count":11,"href":"https:\/\/the-rsgroup.com\/fr\/wp-json\/wp\/v2\/pages\/26951\/revisions"}],"predecessor-version":[{"id":31878,"href":"https:\/\/the-rsgroup.com\/fr\/wp-json\/wp\/v2\/pages\/26951\/revisions\/31878"}],"wp:attachment":[{"href":"https:\/\/the-rsgroup.com\/fr\/wp-json\/wp\/v2\/media?parent=26951"}],"curies":[{"name":"wp","href":"https:\/\/api.w.org\/{rel}","templated":true}]}}