{"id":31185,"date":"2025-12-12T10:51:38","date_gmt":"2025-12-12T10:51:38","guid":{"rendered":"https:\/\/the-rsgroup.com\/tesar\/tesar-gulf\/"},"modified":"2025-12-20T01:26:21","modified_gmt":"2025-12-20T01:26:21","slug":"tesar-gulf","status":"publish","type":"page","link":"https:\/\/the-rsgroup.com\/fr\/tesar\/tesar-gulf\/","title":{"rendered":"Tesar Gulf"},"content":{"rendered":"<div class=\"wpb-content-wrapper\"><p>[vc_section full_width=&#8221;stretch_row&#8221; content_placement=&#8221;middle&#8221; min_height=&#8221;480&#8243; css=&#8221;.vc_custom_1766193976315{background-image: url(https:\/\/the-rsgroup.com\/wp-content\/uploads\/2025\/12\/Tesar_Gulf_Header.webp?id=31660) !important;background-position: center !important;background-repeat: no-repeat !important;background-size: cover !important;}&#8221; el_class=&#8221;inner-page-banner-section&#8221;][vc_row][vc_column][apress_heading sub_title=&#8221;Transformateurs secs en r\u00e9sine moul\u00e9e pour la r\u00e9gion du Golfe&#8221; content_alignment=&#8221;left&#8221; data_animation=&#8221;fadeInRight&#8221; enable_delimiter=&#8221;&#8221; style=&#8221;heading_style1&#8243; title_font_options=&#8221;tag:h1&#8243; subtitle_font_options=&#8221;tag:div&#8221;]Tesar Gulf[\/apress_heading][\/vc_column][\/vc_row][\/vc_section][vc_row css=&#8221;.vc_custom_1754110673091{padding-top: 80px !important;padding-bottom: 80px !important;}&#8221;][vc_column apress_zindex=&#8221;9&#8243; el_class=&#8221;custom_sidebar high_zIndex&#8221;][apress_heading sub_title=&#8221;&#8221; content_alignment=&#8221;left&#8221; enable_delimiter=&#8221;&#8221; color_scheme=&#8221;color_scheme2&#8243; style=&#8221;heading_style1&#8243; title_font_options=&#8221;tag:h2|letter_spacing:1&#8243; subtitle_font_options=&#8221;tag:div&#8221; heading_margin=&#8221;margin-bottom:30&#8243; class=&#8221;heading-custom&#8221;]Tesar Gulf \u2013 Production locale pour des zones climatiques exigeantes[\/apress_heading][vc_column_text css=&#8221;.vc_custom_1766193449469{margin-bottom: 0px !important;}&#8221;]Tesar Gulf, avec un site de production \u00e0 Al Ain (\u00c9mirats arabes unis), d\u00e9veloppe et fabrique depuis 2012 des transformateurs en r\u00e9sine moul\u00e9e (transformateurs secs) pour des applications en moyenne tension dans la r\u00e9gion du Golfe et au Moyen-Orient \u00e9largi. En tant que membre du groupe Tesar, Tesar Gulf associe l\u2019expertise d\u2019ing\u00e9nierie europ\u00e9enne \u00e0 une production locale \u2013 sp\u00e9cialement con\u00e7ue pour des temp\u00e9ratures ambiantes \u00e9lev\u00e9es, un climat d\u00e9sertique, la proximit\u00e9 du littoral et des environnements corrosifs.<\/p>\n<p>La pr\u00e9sence locale renforce la proximit\u00e9 client et le service aux \u00c9mirats arabes unis ainsi que dans l\u2019ensemble du Moyen-Orient. Le site d\u2019Al Ain est con\u00e7u pour accompagner les projets d\u2019infrastructure, les compagnies d\u2019utilit\u00e9 publique et les utilisateurs industriels dans les pays du CCG et les march\u00e9s voisins avec des solutions de transformateurs conformes aux normes et des circuits logistiques courts.<\/p>\n<p>Depuis 2016, Tesar fait partie du groupe international R&amp;S, l\u2019un des principaux fournisseurs de produits d\u2019infrastructure \u00e9lectrique sur des march\u00e9s cl\u00e9s dans le monde entier. La base de clients s\u2019\u00e9tend des producteurs d\u2019\u00e9nergies renouvelables (parcs \u00e9oliens et solaires), aux gestionnaires de r\u00e9seaux de transport et de distribution r\u00e9gionaux et suprar\u00e9gionaux, jusqu\u2019aux clients issus de nombreux secteurs industriels et d\u2019infrastructure \u2013 notamment les bureaux d\u2019\u00e9tudes et exploitants de centres de donn\u00e9es, d\u2019alimentations de traction ferroviaire, d\u2019installations chimiques et de production, de grands h\u00f4pitaux, d\u2019a\u00e9roports, de r\u00e9seaux de m\u00e9tro et de tramway ainsi que d\u2019infrastructures de recharge pour l\u2019\u00e9lectromobilit\u00e9 et bien plus encore.[\/vc_column_text][\/vc_column][\/vc_row][vc_row css=&#8221;.vc_custom_1764930440890{padding-top: 80px !important;padding-bottom: 80px !important;background-color: #E6E7E9 !important;}&#8221;][vc_column][vc_row_inner el_class=&#8221;location-expertise-section brand-page&#8221;][vc_column_inner][apress_heading sub_title=&#8221;&#8221; content_alignment=&#8221;left&#8221; enable_delimiter=&#8221;&#8221; color_scheme=&#8221;color_scheme2&#8243; style=&#8221;heading_style5&#8243; title_font_options=&#8221;tag:h2|letter_spacing:0&#8243; subtitle_font_options=&#8221;tag:div|letter_spacing:3&#8243;]Portefeuille de livraison Tesar Gulf[\/apress_heading][vc_column_text css=&#8221;&#8221;]<\/p>\n<ul>\n<li>Transformateurs en r\u00e9sine moul\u00e9e (transformateurs secs) jusqu\u2019\u00e0 3 150 kVA et 33 kV pour r\u00e9seaux moyenne tension, centres de donn\u00e9es et autres projets industriels et d\u2019infrastructure<\/li>\n<\/ul>\n<p>[\/vc_column_text][\/vc_column_inner][\/vc_row_inner][vc_row_inner el_class=&#8221;location-expertise-section brand-page&#8221;][vc_column_inner][apress_heading sub_title=&#8221;&#8221; content_alignment=&#8221;left&#8221; enable_delimiter=&#8221;&#8221; color_scheme=&#8221;color_scheme2&#8243; style=&#8221;heading_style5&#8243; title_font_options=&#8221;tag:h2|letter_spacing:0&#8243; subtitle_font_options=&#8221;tag:div|letter_spacing:3&#8243;]Service &amp; support \u2013 Des solutions compl\u00e8tes aupr\u00e8s d\u2019un seul partenaire[\/apress_heading][vc_column_text css=&#8221;&#8221;]Tesar Gulf propose un support technique et un accompagnement sp\u00e9cifique aux projets pour les transformateurs secs en r\u00e9sine moul\u00e9e ainsi que pour les transformateurs de courant et de tension destin\u00e9s \u00e0 la r\u00e9gion du Golfe. Les \u00e9quipes d\u2019ing\u00e9nierie et de service accompagnent les projets depuis la conception et la sp\u00e9cification, en passant par l\u2019appui \u00e0 la conformit\u00e9 aux normes r\u00e9gionales et aux exigences du r\u00e9seau, jusqu\u2019\u00e0 la mise en service. En compl\u00e9ment, des prestations de diagnostic, de modernisation et de service sont disponibles tout au long du cycle de vie des transformateurs install\u00e9s \u2013 adapt\u00e9es aux besoins des fournisseurs d\u2019\u00e9nergie, de l\u2019industrie, des exploitants d\u2019infrastructures et des partenaires EPC dans les pays du CCG et les march\u00e9s voisins.[\/vc_column_text][\/vc_column_inner][\/vc_row_inner][\/vc_column][\/vc_row][vc_row full_width=&#8221;stretch_row_content&#8221; content_placement=&#8221;middle&#8221; bg_type=&#8221;image&#8221; parallax_style=&#8221;vcpb-default&#8221; bg_image_new=&#8221;id^31479|url^https:\/\/the-rsgroup.com\/wp-content\/uploads\/2025\/12\/Frederico_Bianchini_2048_680.jpg|caption^null|alt^null|title^Frederico_Bianchini_2048_680|description^null&#8221; bg_image_repeat=&#8221;no-repeat&#8221; bg_override=&#8221;full&#8221; css=&#8221;.vc_custom_1765801735506{padding-top: 50px !important;padding-bottom: 100px !important;background-position: center !important;background-repeat: no-repeat !important;background-size: cover !important;}&#8221; el_class=&#8221;full-width-content-section testimonial&#8221; el_id=&#8221;row3&#8243;][vc_column][vc_row_inner][vc_column_inner][vc_single_image image=&#8221;31472&#8243; img_size=&#8221;full&#8221; css=&#8221;&#8221; el_class=&#8221;test-desktop-hide&#8221;][vc_column_text css=&#8221;&#8221; el_class=&#8221;full-width-content full-width-content-left tesar&#8221;]<\/p>\n<h5>Jeder Guss ein Qualit\u00e4tsversprechen<\/h5>\n<p><em>\u201e<i>Beim Vergie\u00dfen unserer Wicklungen z\u00e4hlt jede Sekunde \u2013 unsere Erfahrung macht den Unterschied in Sicherheit und Langlebigkeit.\u201c<\/i><\/em><\/p>\n<h6>Volodymyr Zaytsev, Expert Research &amp; Development Engineering, Tesar Italia<\/h6>\n<p>[\/vc_column_text][\/vc_column_inner][\/vc_row_inner][\/vc_column][\/vc_row]<\/p>\n<\/div>","protected":false},"excerpt":{"rendered":"<p>[vc_section full_width=&#8221;stretch_row&#8221; content_placement=&#8221;middle&#8221; min_height=&#8221;480&#8243; css=&#8221;.vc_custom_1766193976315{background-image: url(https:\/\/the-rsgroup.com\/wp-content\/uploads\/2025\/12\/Tesar_Gulf_Header.webp?id=31660) !important;background-position: center !important;background-repeat: no-repeat !important;background-size: cover !important;}&#8221; el_class=&#8221;inner-page-banner-section&#8221;][vc_row][vc_column][apress_heading sub_title=&#8221;Transformateurs secs en r\u00e9sine moul\u00e9e pour la r\u00e9gion du Golfe&#8221; content_alignment=&#8221;left&#8221; data_animation=&#8221;fadeInRight&#8221; enable_delimiter=&#8221;&#8221; style=&#8221;heading_style1&#8243; title_font_options=&#8221;tag:h1&#8243; subtitle_font_options=&#8221;tag:div&#8221;]Tesar Gulf[\/apress_heading][\/vc_column][\/vc_row][\/vc_section][vc_row css=&#8221;.vc_custom_1754110673091{padding-top: 80px !important;padding-bottom: 80px !important;}&#8221;][vc_column apress_zindex=&#8221;9&#8243; el_class=&#8221;custom_sidebar high_zIndex&#8221;][apress_heading sub_title=&#8221;&#8221;&hellip;<\/p>\n","protected":false},"author":14,"featured_media":0,"parent":8371,"menu_order":0,"comment_status":"closed","ping_status":"closed","template":"template-fullwidth-page.php","meta":{"_acf_changed":false,"_monsterinsights_skip_tracking":false,"_monsterinsights_sitenote_active":false,"_monsterinsights_sitenote_note":"","_monsterinsights_sitenote_category":0,"footnotes":""},"class_list":["post-31185","page","type-page","status-publish","hentry"],"acf":[],"_links":{"self":[{"href":"https:\/\/the-rsgroup.com\/fr\/wp-json\/wp\/v2\/pages\/31185","targetHints":{"allow":["GET"]}}],"collection":[{"href":"https:\/\/the-rsgroup.com\/fr\/wp-json\/wp\/v2\/pages"}],"about":[{"href":"https:\/\/the-rsgroup.com\/fr\/wp-json\/wp\/v2\/types\/page"}],"author":[{"embeddable":true,"href":"https:\/\/the-rsgroup.com\/fr\/wp-json\/wp\/v2\/users\/14"}],"replies":[{"embeddable":true,"href":"https:\/\/the-rsgroup.com\/fr\/wp-json\/wp\/v2\/comments?post=31185"}],"version-history":[{"count":7,"href":"https:\/\/the-rsgroup.com\/fr\/wp-json\/wp\/v2\/pages\/31185\/revisions"}],"predecessor-version":[{"id":31666,"href":"https:\/\/the-rsgroup.com\/fr\/wp-json\/wp\/v2\/pages\/31185\/revisions\/31666"}],"up":[{"embeddable":true,"href":"https:\/\/the-rsgroup.com\/fr\/wp-json\/wp\/v2\/pages\/8371"}],"wp:attachment":[{"href":"https:\/\/the-rsgroup.com\/fr\/wp-json\/wp\/v2\/media?parent=31185"}],"curies":[{"name":"wp","href":"https:\/\/api.w.org\/{rel}","templated":true}]}}