{"id":31198,"date":"2025-12-12T10:20:58","date_gmt":"2025-12-12T10:20:58","guid":{"rendered":"https:\/\/the-rsgroup.com\/tesar\/tesar-polska\/"},"modified":"2025-12-20T01:28:48","modified_gmt":"2025-12-20T01:28:48","slug":"tesar-polska","status":"publish","type":"page","link":"https:\/\/the-rsgroup.com\/fr\/tesar\/tesar-polska\/","title":{"rendered":"Tesar Polska"},"content":{"rendered":"<div class=\"wpb-content-wrapper\"><p>[vc_section full_width=&#8221;stretch_row&#8221; content_placement=&#8221;middle&#8221; min_height=&#8221;480&#8243; css=&#8221;.vc_custom_1766194123319{background-image: url(https:\/\/the-rsgroup.com\/wp-content\/uploads\/2025\/12\/Tesar_Polska_header.webp?id=31672) !important;background-position: center !important;background-repeat: no-repeat !important;background-size: cover !important;}&#8221; el_class=&#8221;inner-page-banner-section&#8221;][vc_row][vc_column][apress_heading sub_title=&#8221;Centre de comp\u00e9tence pour transformateurs en r\u00e9sine moul\u00e9e&#8221; content_alignment=&#8221;left&#8221; data_animation=&#8221;fadeInRight&#8221; enable_delimiter=&#8221;&#8221; style=&#8221;heading_style1&#8243; title_font_options=&#8221;tag:h1&#8243; subtitle_font_options=&#8221;tag:div&#8221;]Tesar Polska[\/apress_heading][\/vc_column][\/vc_row][\/vc_section][vc_row css=&#8221;.vc_custom_1754110673091{padding-top: 80px !important;padding-bottom: 80px !important;}&#8221;][vc_column apress_zindex=&#8221;9&#8243; el_class=&#8221;custom_sidebar high_zIndex&#8221;][apress_heading sub_title=&#8221;&#8221; content_alignment=&#8221;left&#8221; enable_delimiter=&#8221;&#8221; color_scheme=&#8221;color_scheme2&#8243; style=&#8221;heading_style1&#8243; title_font_options=&#8221;tag:h2|letter_spacing:1&#8243; subtitle_font_options=&#8221;tag:div&#8221; heading_margin=&#8221;margin-bottom:30&#8243; class=&#8221;heading-custom&#8221;]Transformateurs secs en r\u00e9sine moul\u00e9e pour l\u2019Europe[\/apress_heading][vc_column_text css=&#8221;.vc_custom_1766193458594{margin-bottom: 0px !important;}&#8221;]Situ\u00e9e \u00e0 Niepo\u0142omice, dans la zone industrielle de Cracovie, Tesar Polska d\u00e9veloppe et fabrique depuis 2013 des transformateurs secs en r\u00e9sine moul\u00e9e ainsi que des transformateurs de courant et de tension pour des applications en moyenne tension. En tant que site de production du groupe Tesar, Tesar Polska compl\u00e8te l\u2019usine m\u00e8re italienne par une base industrielle moderne en Europe centrale \u2013 un emplacement central permettant d\u2019approvisionner de mani\u00e8re optimale les march\u00e9s d\u2019Europe du Nord, d\u2019Europe de l\u2019Est ainsi que le march\u00e9 allemand. Tesar Polska fait partie de la marque Tesar, l\u2019un des pionniers europ\u00e9ens de la technologie des transformateurs en r\u00e9sine moul\u00e9e depuis 1979.<\/p>\n<p>Depuis 2016, cette entreprise traditionnelle fait partie du groupe R&amp;S, acteur international de premier plan dans le domaine des produits d\u2019infrastructure \u00e9lectrique sur des march\u00e9s cl\u00e9s \u00e0 travers le monde. La client\u00e8le s\u2019\u00e9tend des producteurs d\u2019\u00e9nergies renouvelables (parcs \u00e9oliens et solaires) aux gestionnaires de r\u00e9seaux de transport et de distribution r\u00e9gionaux et suprar\u00e9gionaux, jusqu\u2019aux clients issus de nombreux secteurs industriels et d\u2019infrastructure \u2013 parmi lesquels des bureaux d\u2019\u00e9tudes et exploitants de centres de donn\u00e9es, d\u2019alimentations de traction ferroviaire, d\u2019installations chimiques et de production, de grands h\u00f4pitaux, d\u2019a\u00e9roports, de r\u00e9seaux de m\u00e9tro et de tramway ainsi que d\u2019infrastructures de recharge pour l\u2019\u00e9lectromobilit\u00e9 et bien d\u2019autres.[\/vc_column_text][\/vc_column][\/vc_row][vc_row css=&#8221;.vc_custom_1764930440890{padding-top: 80px !important;padding-bottom: 80px !important;background-color: #E6E7E9 !important;}&#8221;][vc_column][vc_row_inner el_class=&#8221;location-expertise-section brand-page&#8221;][vc_column_inner][apress_heading sub_title=&#8221;&#8221; content_alignment=&#8221;left&#8221; enable_delimiter=&#8221;&#8221; color_scheme=&#8221;color_scheme2&#8243; style=&#8221;heading_style5&#8243; title_font_options=&#8221;tag:h2|letter_spacing:0&#8243; subtitle_font_options=&#8221;tag:div|letter_spacing:3&#8243;]Portefeuille de livraison de Tesar Polska :[\/apress_heading][vc_column_text css=&#8221;&#8221;]<\/p>\n<ul>\n<li>Transformateurs secs en r\u00e9sine moul\u00e9e pour applications moyenne tension jusqu\u2019\u00e0 3 150 kVA et 24 kV, en ex\u00e9cutions pour r\u00e9seaux de distribution, industrie, infrastructure et \u00e9nergies renouvelables<\/li>\n<li>Variantes sp\u00e9cifiques aux projets pour centres de donn\u00e9es et autres applications sensibles du g\u00e9nie technique du b\u00e2timent<\/li>\n<li>Transformateurs de courant et de tension pour applications en moyenne tension<\/li>\n<li><\/li>\n<\/ul>\n<p>[\/vc_column_text][\/vc_column_inner][\/vc_row_inner][vc_row_inner el_class=&#8221;location-expertise-section brand-page&#8221;][vc_column_inner][apress_heading sub_title=&#8221;&#8221; content_alignment=&#8221;left&#8221; enable_delimiter=&#8221;&#8221; color_scheme=&#8221;color_scheme2&#8243; style=&#8221;heading_style5&#8243; title_font_options=&#8221;tag:h2|letter_spacing:0&#8243; subtitle_font_options=&#8221;tag:div|letter_spacing:3&#8243;]Service &amp; support \u2013 Des solutions compl\u00e8tes aupr\u00e8s d\u2019un seul partenaire[\/apress_heading][vc_column_text css=&#8221;&#8221;]Tesar Polska propose un support technique et un accompagnement sp\u00e9cifique aux projets pour les transformateurs en r\u00e9sine moul\u00e9e ainsi que pour les transformateurs de courant et de tension. Les \u00e9quipes accompagnent les projets depuis la conception et la sp\u00e9cification, en passant par l\u2019assistance sur les normes, les exigences r\u00e9seau et installations, jusqu\u2019\u00e0 la mise en service. En compl\u00e9ment, des prestations de diagnostic, de modernisation et de service sont disponibles tout au long du cycle de vie des transformateurs et transformateurs de mesure install\u00e9s \u2013 adapt\u00e9es aux besoins des \u00e9nerg\u00e9ticiens, de l\u2019industrie, des exploitants d\u2019infrastructures et des partenaires EPC dans toute l\u2019Europe.[\/vc_column_text][\/vc_column_inner][\/vc_row_inner][\/vc_column][\/vc_row][vc_row full_width=&#8221;stretch_row_content&#8221; content_placement=&#8221;middle&#8221; bg_type=&#8221;image&#8221; parallax_style=&#8221;vcpb-default&#8221; bg_image_new=&#8221;id^31479|url^https:\/\/the-rsgroup.com\/wp-content\/uploads\/2025\/12\/Frederico_Bianchini_2048_680.jpg|caption^null|alt^null|title^Frederico_Bianchini_2048_680|description^null&#8221; bg_image_repeat=&#8221;no-repeat&#8221; bg_override=&#8221;full&#8221; css=&#8221;.vc_custom_1765802440948{padding-top: 50px !important;padding-bottom: 100px !important;background-position: center !important;background-repeat: no-repeat !important;background-size: cover !important;}&#8221; el_class=&#8221;full-width-content-section testimonial&#8221; el_id=&#8221;row3&#8243;][vc_column][vc_row_inner][vc_column_inner][vc_single_image image=&#8221;31472&#8243; img_size=&#8221;full&#8221; css=&#8221;&#8221; el_class=&#8221;test-desktop-hide&#8221;][vc_column_text css=&#8221;&#8221; el_class=&#8221;full-width-content full-width-content-left tesar&#8221;]<\/p>\n<h5>Jeder Guss ein Qualit\u00e4tsversprechen<\/h5>\n<p><em>\u201e<i>Beim Vergie\u00dfen unserer Wicklungen z\u00e4hlt jede Sekunde \u2013 unsere Erfahrung macht den Unterschied in Sicherheit und Langlebigkeit.\u201c<\/i><\/em><\/p>\n<h6>Volodymyr Zaytsev, Expert Research &amp; Development Engineering, Tesar Italia<\/h6>\n<p>[\/vc_column_text][\/vc_column_inner][\/vc_row_inner][\/vc_column][\/vc_row]<\/p>\n<\/div>","protected":false},"excerpt":{"rendered":"<p>[vc_section full_width=&#8221;stretch_row&#8221; content_placement=&#8221;middle&#8221; min_height=&#8221;480&#8243; css=&#8221;.vc_custom_1766194123319{background-image: url(https:\/\/the-rsgroup.com\/wp-content\/uploads\/2025\/12\/Tesar_Polska_header.webp?id=31672) !important;background-position: center !important;background-repeat: no-repeat !important;background-size: cover !important;}&#8221; el_class=&#8221;inner-page-banner-section&#8221;][vc_row][vc_column][apress_heading sub_title=&#8221;Centre de comp\u00e9tence pour transformateurs en r\u00e9sine moul\u00e9e&#8221; content_alignment=&#8221;left&#8221; data_animation=&#8221;fadeInRight&#8221; enable_delimiter=&#8221;&#8221; style=&#8221;heading_style1&#8243; title_font_options=&#8221;tag:h1&#8243; subtitle_font_options=&#8221;tag:div&#8221;]Tesar Polska[\/apress_heading][\/vc_column][\/vc_row][\/vc_section][vc_row css=&#8221;.vc_custom_1754110673091{padding-top: 80px !important;padding-bottom: 80px !important;}&#8221;][vc_column apress_zindex=&#8221;9&#8243; el_class=&#8221;custom_sidebar high_zIndex&#8221;][apress_heading sub_title=&#8221;&#8221; content_alignment=&#8221;left&#8221; enable_delimiter=&#8221;&#8221;&hellip;<\/p>\n","protected":false},"author":14,"featured_media":0,"parent":8371,"menu_order":0,"comment_status":"closed","ping_status":"closed","template":"template-fullwidth-page.php","meta":{"_acf_changed":false,"_monsterinsights_skip_tracking":false,"_monsterinsights_sitenote_active":false,"_monsterinsights_sitenote_note":"","_monsterinsights_sitenote_category":0,"footnotes":""},"class_list":["post-31198","page","type-page","status-publish","hentry"],"acf":[],"_links":{"self":[{"href":"https:\/\/the-rsgroup.com\/fr\/wp-json\/wp\/v2\/pages\/31198","targetHints":{"allow":["GET"]}}],"collection":[{"href":"https:\/\/the-rsgroup.com\/fr\/wp-json\/wp\/v2\/pages"}],"about":[{"href":"https:\/\/the-rsgroup.com\/fr\/wp-json\/wp\/v2\/types\/page"}],"author":[{"embeddable":true,"href":"https:\/\/the-rsgroup.com\/fr\/wp-json\/wp\/v2\/users\/14"}],"replies":[{"embeddable":true,"href":"https:\/\/the-rsgroup.com\/fr\/wp-json\/wp\/v2\/comments?post=31198"}],"version-history":[{"count":7,"href":"https:\/\/the-rsgroup.com\/fr\/wp-json\/wp\/v2\/pages\/31198\/revisions"}],"predecessor-version":[{"id":31677,"href":"https:\/\/the-rsgroup.com\/fr\/wp-json\/wp\/v2\/pages\/31198\/revisions\/31677"}],"up":[{"embeddable":true,"href":"https:\/\/the-rsgroup.com\/fr\/wp-json\/wp\/v2\/pages\/8371"}],"wp:attachment":[{"href":"https:\/\/the-rsgroup.com\/fr\/wp-json\/wp\/v2\/media?parent=31198"}],"curies":[{"name":"wp","href":"https:\/\/api.w.org\/{rel}","templated":true}]}}