{"id":31217,"date":"2025-12-12T10:08:42","date_gmt":"2025-12-12T10:08:42","guid":{"rendered":"https:\/\/the-rsgroup.com\/tesar\/tesar-italia\/"},"modified":"2026-01-06T10:08:39","modified_gmt":"2026-01-06T10:08:39","slug":"tesar-italia","status":"publish","type":"page","link":"https:\/\/the-rsgroup.com\/fr\/tesar\/tesar-italia\/","title":{"rendered":"Tesar Italia"},"content":{"rendered":"<div class=\"wpb-content-wrapper\"><p>[vc_section full_width=&#8221;stretch_row&#8221; content_placement=&#8221;middle&#8221; min_height=&#8221;480&#8243; css=&#8221;.vc_custom_1767694114151{background-image: url(https:\/\/the-rsgroup.com\/wp-content\/uploads\/2025\/12\/Tesar_italia_header.webp?id=31683) !important;background-position: center !important;background-repeat: no-repeat !important;background-size: cover !important;}&#8221; el_class=&#8221;inner-page-banner-section center-bottom&#8221;][vc_row][vc_column][apress_heading sub_title=&#8221;Le sp\u00e9cialiste des transformateurs secs en r\u00e9sine moul\u00e9e&#8221; content_alignment=&#8221;left&#8221; data_animation=&#8221;fadeInRight&#8221; enable_delimiter=&#8221;&#8221; style=&#8221;heading_style1&#8243; title_font_options=&#8221;tag:h1&#8243; subtitle_font_options=&#8221;tag:div&#8221;]Tesar Italia[\/apress_heading][\/vc_column][\/vc_row][\/vc_section][vc_row css=&#8221;.vc_custom_1754110673091{padding-top: 80px !important;padding-bottom: 80px !important;}&#8221;][vc_column apress_zindex=&#8221;9&#8243; el_class=&#8221;custom_sidebar high_zIndex&#8221;][apress_heading sub_title=&#8221;&#8221; content_alignment=&#8221;left&#8221; enable_delimiter=&#8221;&#8221; color_scheme=&#8221;color_scheme2&#8243; style=&#8221;heading_style1&#8243; title_font_options=&#8221;tag:h2|letter_spacing:1&#8243; subtitle_font_options=&#8221;tag:div&#8221; heading_margin=&#8221;margin-bottom:30&#8243; class=&#8221;heading-custom&#8221;]Tesar Italia \u2013 Pionnier des transformateurs en r\u00e9sine moul\u00e9e depuis 1979[\/apress_heading][vc_column_text css=&#8221;.vc_custom_1766193468467{margin-bottom: 0px !important;}&#8221;]Le groupe Tesar, dont le si\u00e8ge se trouve \u00e0 Subbiano, en Italie, et qui dispose d\u2019autres sites de production en Pologne et aux \u00c9mirats arabes unis, d\u00e9veloppe et fabrique depuis plus de 40 ans des transformateurs en r\u00e9sine moul\u00e9e de haute qualit\u00e9 ainsi que des transformateurs de courant et de tension. Premi\u00e8re entreprise italienne \u2013 et l\u2019un des pionniers en Europe \u2013 Tesar a introduit avec succ\u00e8s d\u00e8s 1979 la technologie des transformateurs secs isol\u00e9s en r\u00e9sine, avec aujourd\u2019hui plus de 100 000 transformateurs install\u00e9s dans le monde. Tesar Italia participe activement aux comit\u00e9s europ\u00e9ens et internationaux de normalisation et collabore \u00e9troitement avec les fournisseurs d\u2019\u00e9nergie et les exploitants \u2013 des solutions sp\u00e9cifiques pour la ville lagunaire de Venise (transformateurs adapt\u00e9s au ph\u00e9nom\u00e8ne \u00ab acqua alta \u00bb) jusqu\u2019aux grands projets tels que les stades de la Coupe du Monde de football 2022 au Qatar.<\/p>\n<p>Des syst\u00e8mes de management certifi\u00e9s (ISO 9001, ISO 14001, ISO 45001) et des installations de production et d\u2019essai modernes garantissent une qualit\u00e9 de produit constante et \u00e9lev\u00e9e \u2013 un \u00ab Italian Engineering \u00bb au service de projets dans le monde entier.<\/p>\n<p>Depuis 2016, cette entreprise historique fait partie du groupe R&amp;S, acteur international de premier plan dans le domaine des produits d\u2019infrastructure \u00e9lectrique sur des march\u00e9s cl\u00e9s \u00e0 l\u2019\u00e9chelle mondiale. La client\u00e8le va des producteurs d\u2019\u00e9nergies renouvelables (parcs \u00e9oliens et solaires) aux gestionnaires de r\u00e9seaux de transport et de distribution r\u00e9gionaux et suprar\u00e9gionaux, jusqu\u2019aux clients issus de nombreux secteurs industriels et d\u2019infrastructure \u2013 parmi lesquels des bureaux d\u2019\u00e9tudes et exploitants de centres de donn\u00e9es, d\u2019alimentations de traction ferroviaire, d\u2019installations chimiques et de production, de grands h\u00f4pitaux, d\u2019a\u00e9roports, de r\u00e9seaux de m\u00e9tro et de tramway ainsi que d\u2019infrastructures de recharge pour l\u2019\u00e9lectromobilit\u00e9 et bien d\u2019autres.[\/vc_column_text][\/vc_column][\/vc_row][vc_row css=&#8221;.vc_custom_1764930440890{padding-top: 80px !important;padding-bottom: 80px !important;background-color: #E6E7E9 !important;}&#8221;][vc_column][vc_row_inner el_class=&#8221;location-expertise-section brand-page&#8221;][vc_column_inner][apress_heading sub_title=&#8221;&#8221; content_alignment=&#8221;left&#8221; enable_delimiter=&#8221;&#8221; color_scheme=&#8221;color_scheme2&#8243; style=&#8221;heading_style5&#8243; title_font_options=&#8221;tag:h2|letter_spacing:0&#8243; subtitle_font_options=&#8221;tag:div|letter_spacing:3&#8243;]Portefeuille de livraison :[\/apress_heading][vc_column_text css=&#8221;&#8221;]<\/p>\n<ul>\n<li>Transformateurs en r\u00e9sine moul\u00e9e (transformateurs secs) jusqu\u2019\u00e0 25 MVA et 52 kV<\/li>\n<li>Ex\u00e9cutions sp\u00e9ciales pour centres de donn\u00e9es, ports, secteur ferroviaire, tunnels, applications offshore, centres de donn\u00e9es et infrastructures critiques<\/li>\n<li>Solutions pour les \u00e9nergies renouvelables (\u00e9olien, solaire\/PV, BESS) et les applications industrielles<\/li>\n<li>Transformateurs de courant et de tension pour applications en moyenne tension<\/li>\n<\/ul>\n<p>[\/vc_column_text][\/vc_column_inner][\/vc_row_inner][vc_row_inner el_class=&#8221;location-expertise-section brand-page&#8221;][vc_column_inner][apress_heading sub_title=&#8221;&#8221; content_alignment=&#8221;left&#8221; enable_delimiter=&#8221;&#8221; color_scheme=&#8221;color_scheme2&#8243; style=&#8221;heading_style5&#8243; title_font_options=&#8221;tag:h2|letter_spacing:0&#8243; subtitle_font_options=&#8221;tag:div|letter_spacing:3&#8243;]Service &amp; support \u2013 Des solutions compl\u00e8tes aupr\u00e8s d\u2019un seul partenaire[\/apress_heading][vc_column_text css=&#8221;&#8221;]Tesar Italia propose un service complet et un support technique pour les transformateurs en r\u00e9sine moul\u00e9e ainsi que pour les transformateurs de courant et de tension. Des \u00e9quipes d\u2019experts accompagnent les projets depuis la d\u00e9finition et la sp\u00e9cification des besoins, en passant par le choix des normes et des types, jusqu\u2019\u00e0 la mise en service \u2013 et restent disponibles pour le diagnostic, la modernisation et le service sur l\u2019ensemble du cycle de vie des installations.[\/vc_column_text][\/vc_column_inner][\/vc_row_inner][\/vc_column][\/vc_row][vc_row full_width=&#8221;stretch_row_content&#8221; content_placement=&#8221;middle&#8221; bg_type=&#8221;image&#8221; parallax_style=&#8221;vcpb-default&#8221; bg_image_new=&#8221;id^31479|url^https:\/\/the-rsgroup.com\/wp-content\/uploads\/2025\/12\/Frederico_Bianchini_2048_680.jpg|caption^null|alt^null|title^Frederico_Bianchini_2048_680|description^null&#8221; bg_image_repeat=&#8221;no-repeat&#8221; bg_override=&#8221;full&#8221; css=&#8221;.vc_custom_1765801457532{padding-top: 50px !important;padding-bottom: 100px !important;background-position: center !important;background-repeat: no-repeat !important;background-size: cover !important;}&#8221; el_class=&#8221;full-width-content-section testimonial&#8221; el_id=&#8221;row3&#8243;][vc_column][vc_row_inner][vc_column_inner][vc_single_image image=&#8221;31472&#8243; img_size=&#8221;full&#8221; css=&#8221;&#8221; el_class=&#8221;test-desktop-hide&#8221;][vc_column_text css=&#8221;&#8221; el_class=&#8221;full-width-content full-width-content-left tesar&#8221;]<\/p>\n<h5>Jeder Guss ein Qualit\u00e4tsversprechen<\/h5>\n<p><em>\u201e<i>Beim Vergie\u00dfen unserer Wicklungen z\u00e4hlt jede Sekunde \u2013 unsere Erfahrung macht den Unterschied in Sicherheit und Langlebigkeit.\u201c<\/i><\/em><\/p>\n<h6>Volodymyr Zaytsev, Expert Research &amp; Development Engineering, Tesar Italia<\/h6>\n<p>[\/vc_column_text][\/vc_column_inner][\/vc_row_inner][\/vc_column][\/vc_row]<\/p>\n<\/div>","protected":false},"excerpt":{"rendered":"<p>[vc_section full_width=&#8221;stretch_row&#8221; content_placement=&#8221;middle&#8221; min_height=&#8221;480&#8243; css=&#8221;.vc_custom_1767694114151{background-image: url(https:\/\/the-rsgroup.com\/wp-content\/uploads\/2025\/12\/Tesar_italia_header.webp?id=31683) !important;background-position: center !important;background-repeat: no-repeat !important;background-size: cover !important;}&#8221; el_class=&#8221;inner-page-banner-section center-bottom&#8221;][vc_row][vc_column][apress_heading sub_title=&#8221;Le sp\u00e9cialiste des transformateurs secs en r\u00e9sine moul\u00e9e&#8221; content_alignment=&#8221;left&#8221; data_animation=&#8221;fadeInRight&#8221; enable_delimiter=&#8221;&#8221; style=&#8221;heading_style1&#8243; title_font_options=&#8221;tag:h1&#8243; subtitle_font_options=&#8221;tag:div&#8221;]Tesar Italia[\/apress_heading][\/vc_column][\/vc_row][\/vc_section][vc_row css=&#8221;.vc_custom_1754110673091{padding-top: 80px !important;padding-bottom: 80px !important;}&#8221;][vc_column apress_zindex=&#8221;9&#8243; el_class=&#8221;custom_sidebar high_zIndex&#8221;][apress_heading sub_title=&#8221;&#8221; content_alignment=&#8221;left&#8221;&hellip;<\/p>\n","protected":false},"author":14,"featured_media":0,"parent":8371,"menu_order":0,"comment_status":"closed","ping_status":"closed","template":"template-fullwidth-page.php","meta":{"_acf_changed":false,"_monsterinsights_skip_tracking":false,"_monsterinsights_sitenote_active":false,"_monsterinsights_sitenote_note":"","_monsterinsights_sitenote_category":0,"footnotes":""},"class_list":["post-31217","page","type-page","status-publish","hentry"],"acf":[],"_links":{"self":[{"href":"https:\/\/the-rsgroup.com\/fr\/wp-json\/wp\/v2\/pages\/31217","targetHints":{"allow":["GET"]}}],"collection":[{"href":"https:\/\/the-rsgroup.com\/fr\/wp-json\/wp\/v2\/pages"}],"about":[{"href":"https:\/\/the-rsgroup.com\/fr\/wp-json\/wp\/v2\/types\/page"}],"author":[{"embeddable":true,"href":"https:\/\/the-rsgroup.com\/fr\/wp-json\/wp\/v2\/users\/14"}],"replies":[{"embeddable":true,"href":"https:\/\/the-rsgroup.com\/fr\/wp-json\/wp\/v2\/comments?post=31217"}],"version-history":[{"count":7,"href":"https:\/\/the-rsgroup.com\/fr\/wp-json\/wp\/v2\/pages\/31217\/revisions"}],"predecessor-version":[{"id":35687,"href":"https:\/\/the-rsgroup.com\/fr\/wp-json\/wp\/v2\/pages\/31217\/revisions\/35687"}],"up":[{"embeddable":true,"href":"https:\/\/the-rsgroup.com\/fr\/wp-json\/wp\/v2\/pages\/8371"}],"wp:attachment":[{"href":"https:\/\/the-rsgroup.com\/fr\/wp-json\/wp\/v2\/media?parent=31217"}],"curies":[{"name":"wp","href":"https:\/\/api.w.org\/{rel}","templated":true}]}}