{"id":31231,"date":"2025-12-09T10:55:38","date_gmt":"2025-12-09T10:55:38","guid":{"rendered":"https:\/\/the-rsgroup.com\/rauscher-stoecklin\/rauscher-stoecklin-schweiz\/"},"modified":"2025-12-15T09:53:53","modified_gmt":"2025-12-15T09:53:53","slug":"rauscher-stoecklin-suisse","status":"publish","type":"page","link":"https:\/\/the-rsgroup.com\/fr\/rauscher-stoecklin\/rauscher-stoecklin-suisse\/","title":{"rendered":"Rauscher &#038; Stoecklin Suisse"},"content":{"rendered":"<div class=\"wpb-content-wrapper\"><p>[vc_section full_width=&#8221;stretch_row&#8221; content_placement=&#8221;middle&#8221; min_height=&#8221;480&#8243; css=&#8221;.vc_custom_1765277734452{background-image: url(https:\/\/the-rsgroup.com\/wp-content\/uploads\/2025\/12\/Header_RS_Schweiz.jpg?id=30697) !important;background-position: center !important;background-repeat: no-repeat !important;background-size: cover !important;}&#8221; el_class=&#8221;inner-page-banner-section&#8221;][vc_row][vc_column][apress_heading sub_title=&#8221;Transformateurs de distribution \u00e0 huile \u00ab Swiss Made \u00bb&#8221; content_alignment=&#8221;left&#8221; data_animation=&#8221;fadeInRight&#8221; enable_delimiter=&#8221;&#8221; style=&#8221;heading_style1&#8243; title_font_options=&#8221;tag:h1&#8243; subtitle_font_options=&#8221;tag:div&#8221;]Rauscher &amp; Stoecklin Suisse[\/apress_heading][\/vc_column][\/vc_row][\/vc_section][vc_row css=&#8221;.vc_custom_1754110673091{padding-top: 80px !important;padding-bottom: 80px !important;}&#8221;][vc_column apress_zindex=&#8221;9&#8243; el_class=&#8221;custom_sidebar high_zIndex&#8221;][apress_heading sub_title=&#8221;&#8221; content_alignment=&#8221;left&#8221; enable_delimiter=&#8221;&#8221; color_scheme=&#8221;color_scheme2&#8243; style=&#8221;heading_style1&#8243; title_font_options=&#8221;tag:h2|letter_spacing:1&#8243; subtitle_font_options=&#8221;tag:div&#8221; heading_margin=&#8221;margin-bottom:30&#8243; class=&#8221;heading-custom&#8221;]Transformateurs de distribution \u00e0 huile pour la distribution d\u2019\u00e9nergie[\/apress_heading][vc_column_text css=&#8221;.vc_custom_1765541147112{margin-bottom: 0px !important;}&#8221;]Depuis sa fondation en 1919, Rauscher &amp; Stoecklin, dont le si\u00e8ge est \u00e0 Sissach (Suisse), est synonyme de qualit\u00e9 et de fiabilit\u00e9 maximales dans la fabrication de transformateurs \u00e0 huile et d\u2019autres produits \u00e9lectrotechniques haut de gamme. Avec la pr\u00e9cision suisse, naissent des composants et syst\u00e8mes \u00e9lectriques con\u00e7us pour une alimentation en \u00e9nergie s\u00fbre, efficace et \u00e9conomique \u2013 de la connexion au r\u00e9seau jusqu\u2019\u00e0 la distribution, en passant par les applications d\u2019infrastructure et industrielles les plus exigeantes.<\/p>\n<p>Depuis 2012, l\u2019entreprise fait partie du groupe R&amp;S, acteur internationalement reconnu et fournisseur de premier plan de produits d\u2019infrastructure \u00e9lectrique sur des march\u00e9s cl\u00e9s \u00e0 travers le monde. L\u2019association d\u2019un ancrage local fort en Suisse et d\u2019un r\u00e9seau international de production et d\u2019ing\u00e9nierie fait de Rauscher &amp; Stoecklin un centre de comp\u00e9tence majeur pour les transformateurs de distribution \u00e0 huile au sein du groupe. La client\u00e8le va des producteurs d\u2019\u00e9nergies renouvelables (parcs \u00e9oliens et solaires) aux gestionnaires de r\u00e9seaux de transport et de distribution r\u00e9gionaux et suprar\u00e9gionaux, en passant par de nombreux acteurs industriels et d\u2019infrastructure \u2013 notamment les concepteurs et exploitants de data centers, d\u2019alimentations de traction ferroviaire, d\u2019installations chimiques et de production, de grands h\u00f4pitaux, d\u2019a\u00e9roports, de r\u00e9seaux de m\u00e9tro et de tramway, ainsi que d\u2019infrastructures de recharge pour la mobilit\u00e9 \u00e9lectrique et bien d\u2019autres encore.[\/vc_column_text][\/vc_column][\/vc_row][vc_row css=&#8221;.vc_custom_1764930440890{padding-top: 80px !important;padding-bottom: 80px !important;background-color: #E6E7E9 !important;}&#8221;][vc_column][vc_row_inner el_class=&#8221;location-expertise-section brand-page&#8221;][vc_column_inner][apress_heading sub_title=&#8221;&#8221; content_alignment=&#8221;left&#8221; enable_delimiter=&#8221;&#8221; color_scheme=&#8221;color_scheme2&#8243; style=&#8221;heading_style5&#8243; title_font_options=&#8221;tag:h2|letter_spacing:0&#8243; subtitle_font_options=&#8221;tag:div|letter_spacing:3&#8243;]Notre portefeuille de livraison :[\/apress_heading][vc_column_text css=&#8221;&#8221;]Transformateurs de distribution \u00e0 huile jusqu\u2019\u00e0 2 500 kVA et 36 kV<br \/>\nTableaux \u00e9lectriques, sectionneurs pour lignes a\u00e9riennes, sectionneurs ferroviaires, connecteurs \u00e9lectriques industriels, solutions de raccordement au r\u00e9seau s\u00fbres et fiables[\/vc_column_text][\/vc_column_inner][\/vc_row_inner][vc_row_inner el_class=&#8221;location-expertise-section brand-page&#8221;][vc_column_inner][apress_heading sub_title=&#8221;&#8221; content_alignment=&#8221;left&#8221; enable_delimiter=&#8221;&#8221; color_scheme=&#8221;color_scheme2&#8243; style=&#8221;heading_style5&#8243; title_font_options=&#8221;tag:h2|letter_spacing:0&#8243; subtitle_font_options=&#8221;tag:div|letter_spacing:3&#8243;]Service &amp; support \u2013 Des solutions sur mesure aupr\u00e8s d\u2019un interlocuteur unique[\/apress_heading][vc_column_text css=&#8221;&#8221;]Nous offrons un service complet et un support technique autour de nos transformateurs \u00e0 huile et de nos produits \u00e9lectrotechniques. Nos experts accompagnent vos projets depuis la phase de planification jusqu\u2019\u00e0 la mise en service et au-del\u00e0.[\/vc_column_text][\/vc_column_inner][\/vc_row_inner][\/vc_column][\/vc_row][vc_row full_width=&#8221;stretch_row_content&#8221; content_placement=&#8221;middle&#8221; bg_type=&#8221;image&#8221; parallax_style=&#8221;vcpb-default&#8221; bg_image_new=&#8221;id^27638|url^https:\/\/the-rsgroup.com\/wp-content\/uploads\/2025\/11\/Mirjana-Milinkovic_3.jpg|caption^null|alt^null|title^Mirjana-Milinkovic_3|description^null&#8221; bg_image_repeat=&#8221;no-repeat&#8221; bg_override=&#8221;full&#8221; css=&#8221;.vc_custom_1763539503638{padding-top: 50px !important;padding-bottom: 100px !important;background-position: center !important;background-repeat: no-repeat !important;background-size: cover !important;}&#8221; el_class=&#8221;full-width-content-section testimonial&#8221; el_id=&#8221;row3&#8243;][vc_column][vc_row_inner][vc_column_inner][vc_single_image image=&#8221;31350&#8243; img_size=&#8221;full&#8221; css=&#8221;&#8221; el_class=&#8221;test-desktop-hide&#8221;][vc_column_text css=&#8221;&#8221; el_class=&#8221;full-width-content full-width-content-right rs&#8221;]<\/p>\n<h5>Une logistique de bout en bout qui respecte les d\u00e9lais<\/h5>\n<p><em>\u201eNous pilotons les flux de mat\u00e9riaux et d\u2019informations de bout en bout \u2013 de mani\u00e8re fond\u00e9e sur les donn\u00e9es, transparente et avec des priorit\u00e9s claires, afin de garantir des temps de travers\u00e9e ma\u00eetris\u00e9s et des livraisons ponctuelles.\u201c<\/em><\/p>\n<h6>Mirjana Milinkovic, Directrice Logistique et Contr\u00f4le de Production, Rauscher &amp; Stoecklin AG<\/h6>\n<p>[\/vc_column_text][\/vc_column_inner][\/vc_row_inner][\/vc_column][\/vc_row]<\/p>\n<\/div>","protected":false},"excerpt":{"rendered":"<p>[vc_section full_width=&#8221;stretch_row&#8221; content_placement=&#8221;middle&#8221; min_height=&#8221;480&#8243; css=&#8221;.vc_custom_1765277734452{background-image: url(https:\/\/the-rsgroup.com\/wp-content\/uploads\/2025\/12\/Header_RS_Schweiz.jpg?id=30697) !important;background-position: center !important;background-repeat: no-repeat !important;background-size: cover !important;}&#8221; el_class=&#8221;inner-page-banner-section&#8221;][vc_row][vc_column][apress_heading sub_title=&#8221;Transformateurs de distribution \u00e0 huile \u00ab Swiss Made \u00bb&#8221; content_alignment=&#8221;left&#8221; data_animation=&#8221;fadeInRight&#8221; enable_delimiter=&#8221;&#8221; style=&#8221;heading_style1&#8243; title_font_options=&#8221;tag:h1&#8243; subtitle_font_options=&#8221;tag:div&#8221;]Rauscher &amp; Stoecklin Suisse[\/apress_heading][\/vc_column][\/vc_row][\/vc_section][vc_row css=&#8221;.vc_custom_1754110673091{padding-top: 80px !important;padding-bottom: 80px !important;}&#8221;][vc_column apress_zindex=&#8221;9&#8243; el_class=&#8221;custom_sidebar high_zIndex&#8221;][apress_heading&hellip;<\/p>\n","protected":false},"author":14,"featured_media":0,"parent":8341,"menu_order":0,"comment_status":"closed","ping_status":"closed","template":"template-fullwidth-page.php","meta":{"_acf_changed":false,"_monsterinsights_skip_tracking":false,"_monsterinsights_sitenote_active":false,"_monsterinsights_sitenote_note":"","_monsterinsights_sitenote_category":0,"footnotes":""},"class_list":["post-31231","page","type-page","status-publish","hentry"],"acf":[],"_links":{"self":[{"href":"https:\/\/the-rsgroup.com\/fr\/wp-json\/wp\/v2\/pages\/31231","targetHints":{"allow":["GET"]}}],"collection":[{"href":"https:\/\/the-rsgroup.com\/fr\/wp-json\/wp\/v2\/pages"}],"about":[{"href":"https:\/\/the-rsgroup.com\/fr\/wp-json\/wp\/v2\/types\/page"}],"author":[{"embeddable":true,"href":"https:\/\/the-rsgroup.com\/fr\/wp-json\/wp\/v2\/users\/14"}],"replies":[{"embeddable":true,"href":"https:\/\/the-rsgroup.com\/fr\/wp-json\/wp\/v2\/comments?post=31231"}],"version-history":[{"count":6,"href":"https:\/\/the-rsgroup.com\/fr\/wp-json\/wp\/v2\/pages\/31231\/revisions"}],"predecessor-version":[{"id":31428,"href":"https:\/\/the-rsgroup.com\/fr\/wp-json\/wp\/v2\/pages\/31231\/revisions\/31428"}],"up":[{"embeddable":true,"href":"https:\/\/the-rsgroup.com\/fr\/wp-json\/wp\/v2\/pages\/8341"}],"wp:attachment":[{"href":"https:\/\/the-rsgroup.com\/fr\/wp-json\/wp\/v2\/media?parent=31231"}],"curies":[{"name":"wp","href":"https:\/\/api.w.org\/{rel}","templated":true}]}}