{"id":31253,"date":"2025-12-09T11:00:33","date_gmt":"2025-12-09T11:00:33","guid":{"rendered":"https:\/\/the-rsgroup.com\/rauscher-stoecklin\/rauscher-stoecklin-polen\/"},"modified":"2026-01-28T00:45:00","modified_gmt":"2026-01-28T00:45:00","slug":"rauscher-stoecklin-pologne","status":"publish","type":"page","link":"https:\/\/the-rsgroup.com\/fr\/rauscher-stoecklin\/rauscher-stoecklin-pologne\/","title":{"rendered":"Rauscher &#038; Stoecklin Pologne"},"content":{"rendered":"<div class=\"wpb-content-wrapper\"><p>[vc_section full_width=&#8221;stretch_row&#8221; content_placement=&#8221;middle&#8221; min_height=&#8221;480&#8243; css=&#8221;.vc_custom_1765278057564{background-image: url(https:\/\/the-rsgroup.com\/wp-content\/uploads\/2025\/12\/Header_Rauscher_Stoecklin_Poland.jpg?id=30710) !important;background-position: center !important;background-repeat: no-repeat !important;background-size: cover !important;}&#8221; el_class=&#8221;inner-page-banner-section&#8221;][vc_row][vc_column][apress_heading sub_title=&#8221;Transformateurs de distribution \u00e0 huile de Krzecz\u00f3w pour l\u2019Europe&#8221; content_alignment=&#8221;left&#8221; data_animation=&#8221;fadeInRight&#8221; enable_delimiter=&#8221;&#8221; style=&#8221;heading_style1&#8243; title_font_options=&#8221;tag:h1&#8243; subtitle_font_options=&#8221;tag:div&#8221;]Rauscher &amp; Stoecklin Pologne[\/apress_heading][\/vc_column][\/vc_row][\/vc_section][vc_row css=&#8221;.vc_custom_1754110673091{padding-top: 80px !important;padding-bottom: 80px !important;}&#8221;][vc_column apress_zindex=&#8221;9&#8243; el_class=&#8221;custom_sidebar high_zIndex&#8221;][apress_heading sub_title=&#8221;&#8221; content_alignment=&#8221;left&#8221; enable_delimiter=&#8221;&#8221; color_scheme=&#8221;color_scheme2&#8243; style=&#8221;heading_style1&#8243; title_font_options=&#8221;tag:h2|letter_spacing:1&#8243; subtitle_font_options=&#8221;tag:div&#8221; heading_margin=&#8221;margin-bottom:30&#8243; class=&#8221;heading-custom&#8221;]Nouvelle usine de transformateurs pour transformateurs de distribution \u00e0 huile \u00e0 Krzecz\u00f3w[\/apress_heading][vc_column_text css=&#8221;.vc_custom_1765542322230{margin-bottom: 0px !important;}&#8221;]Le 3 avril 2025, le groupe R&amp;S a inaugur\u00e9 \u00e0 Krzecz\u00f3w, pr\u00e8s de Bochnia (Pologne), une nouvelle usine d\u00e9di\u00e9e aux transformateurs de distribution \u00e0 huile de la marque Rauscher &amp; Stoecklin. Sur environ 10 000 m\u00b2 de surface de production et de logistique, des transformateurs de distribution moyenne tension modernes sont fabriqu\u00e9s pour les principaux march\u00e9s europ\u00e9ens.<\/p>\n<p><strong>\u00c9l\u00e9ment strat\u00e9gique de la strat\u00e9gie industrielle europ\u00e9enne<\/strong><br \/>\nLe site en Pologne renforce sp\u00e9cifiquement la capacit\u00e9 de livraison vers l\u2019Allemagne, la Scandinavie, les pays baltes ainsi que d\u2019autres march\u00e9s d\u2019Europe centrale et orientale.[\/vc_column_text][\/vc_column][\/vc_row][vc_row css=&#8221;.vc_custom_1764930440890{padding-top: 80px !important;padding-bottom: 80px !important;background-color: #E6E7E9 !important;}&#8221;][vc_column][apress_heading sub_title=&#8221;&#8221; content_alignment=&#8221;left&#8221; enable_delimiter=&#8221;&#8221; color_scheme=&#8221;color_scheme2&#8243; style=&#8221;heading_style5&#8243; title_font_options=&#8221;tag:h2|letter_spacing:0&#8243; subtitle_font_options=&#8221;tag:div|letter_spacing:3&#8243;]Points forts du nouveau site[\/apress_heading][vc_row_inner el_class=&#8221;location-expertise-section brand-page&#8221;][vc_column_inner][apress_heading sub_title=&#8221;&#8221; content_alignment=&#8221;left&#8221; enable_delimiter=&#8221;&#8221; color_scheme=&#8221;color_scheme2&#8243; style=&#8221;heading_style5&#8243; title_font_options=&#8221;tag:h2|letter_spacing:0&#8243; subtitle_font_options=&#8221;tag:div|letter_spacing:3&#8243;]Emplacement strat\u00e9gique[\/apress_heading][vc_column_text css=&#8221;&#8221;]Connexion optimale aux principaux bassins \u00e9nerg\u00e9tiques et industriels en Europe de l\u2019Est, centrale et du Nord.[\/vc_column_text][\/vc_column_inner][\/vc_row_inner][vc_row_inner el_class=&#8221;location-expertise-section brand-page&#8221;][vc_column_inner][apress_heading sub_title=&#8221;&#8221; content_alignment=&#8221;left&#8221; enable_delimiter=&#8221;&#8221; color_scheme=&#8221;color_scheme2&#8243; style=&#8221;heading_style5&#8243; title_font_options=&#8221;tag:h2|letter_spacing:0&#8243; subtitle_font_options=&#8221;tag:div|letter_spacing:3&#8243;]Capacit\u00e9s accrues[\/apress_heading][vc_column_text css=&#8221;&#8221;]Con\u00e7u pour une production annuelle pouvant atteindre 2 500 transformateurs de distribution \u00e0 huile, afin de soutenir de mani\u00e8re fiable le d\u00e9veloppement des r\u00e9seaux, leur modernisation et les projets d\u2019\u00e9nergies renouvelables.[\/vc_column_text][\/vc_column_inner][\/vc_row_inner][vc_row_inner el_class=&#8221;location-expertise-section brand-page&#8221;][vc_column_inner][apress_heading sub_title=&#8221;&#8221; content_alignment=&#8221;left&#8221; enable_delimiter=&#8221;&#8221; color_scheme=&#8221;color_scheme2&#8243; style=&#8221;heading_style5&#8243; title_font_options=&#8221;tag:h2|letter_spacing:0&#8243; subtitle_font_options=&#8221;tag:div|letter_spacing:3&#8243;]Technologie de production moderne[\/apress_heading][vc_column_text css=&#8221;&#8221;]Planification de production num\u00e9rique, processus standardis\u00e9s et grande int\u00e9gration verticale pour une qualit\u00e9 reproductible et des d\u00e9lais de fabrication r\u00e9duits.[\/vc_column_text][\/vc_column_inner][\/vc_row_inner][vc_row_inner el_class=&#8221;location-expertise-section brand-page&#8221;][vc_column_inner][apress_heading sub_title=&#8221;&#8221; content_alignment=&#8221;left&#8221; enable_delimiter=&#8221;&#8221; color_scheme=&#8221;color_scheme2&#8243; style=&#8221;heading_style5&#8243; title_font_options=&#8221;tag:h2|letter_spacing:0&#8243; subtitle_font_options=&#8221;tag:div|letter_spacing:3&#8243;]Priorit\u00e9 \u00e0 la durabilit\u00e9[\/apress_heading][vc_column_text css=&#8221;&#8221;]Conception \u00e9nerg\u00e9tique optimis\u00e9e du site, incluant une installation photovolta\u00efque en toiture \u2013 en accord avec les objectifs de durabilit\u00e9 du groupe R&amp;S.<\/p>\n<p>Malgr\u00e9 les d\u00e9fis mondiaux tels que les ruptures de cha\u00eenes d\u2019approvisionnement et la volatilit\u00e9 des march\u00e9s, le projet a \u00e9t\u00e9 r\u00e9alis\u00e9 dans les d\u00e9lais \u2013 un signal clair de la r\u00e9silience et de la p\u00e9rennit\u00e9 du groupe R&amp;S.[\/vc_column_text][\/vc_column_inner][\/vc_row_inner][vc_row_inner el_class=&#8221;location-expertise-section brand-page&#8221;][vc_column_inner][apress_heading sub_title=&#8221;&#8221; content_alignment=&#8221;left&#8221; enable_delimiter=&#8221;&#8221; color_scheme=&#8221;color_scheme2&#8243; style=&#8221;heading_style5&#8243; title_font_options=&#8221;tag:h2|letter_spacing:0&#8243; subtitle_font_options=&#8221;tag:div|letter_spacing:3&#8243;]Notre portefeuille de livraison :[\/apress_heading][vc_column_text css=&#8221;&#8221;]L\u2019usine de Krzecz\u00f3w fabrique sous la marque Rauscher &amp; Stoecklin :<br \/>\nTransformateurs de distribution \u00e0 huile jusqu\u2019\u00e0 3 150 kVA et 33 kV de tension assign\u00e9e,<br \/>\ncon\u00e7us pour les r\u00e9seaux de distribution et postes de transformation, l\u2019injection d\u2019\u00e9nergies renouvelables (\u00e9olien, PV, BESS) ainsi que pour des projets industriels et d\u2019infrastructure.[\/vc_column_text][\/vc_column_inner][\/vc_row_inner][vc_row_inner el_class=&#8221;location-expertise-section brand-page&#8221;][vc_column_inner][apress_heading sub_title=&#8221;&#8221; content_alignment=&#8221;left&#8221; enable_delimiter=&#8221;&#8221; color_scheme=&#8221;color_scheme2&#8243; style=&#8221;heading_style5&#8243; title_font_options=&#8221;tag:h2|letter_spacing:0&#8243; subtitle_font_options=&#8221;tag:div|letter_spacing:3&#8243;]Service &amp; support \u2013 Des solutions aupr\u00e8s d\u2019un interlocuteur unique[\/apress_heading][vc_column_text css=&#8221;&#8221;]Rauscher &amp; Stoecklin Pologne offre bien plus que la simple fourniture de transformateurs :<\/p>\n<ul>\n<li>Conseil technique et dimensionnement<\/li>\n<li>Accompagnement de projet de la sp\u00e9cification \u00e0 la mise en service<\/li>\n<li>Support pour le choix des types, les normes et les exigences r\u00e9seau<\/li>\n<\/ul>\n<p>Les gestionnaires de r\u00e9seau, entreprises municipales, EPC et clients industriels b\u00e9n\u00e9ficient ainsi de transformateurs de distribution \u00e0 huile standard avec la qualit\u00e9 R&amp;S reconnue \u2013 \u00ab we guarantee energy \u00bb au sein d\u2019un dispositif industriel europ\u00e9en \u00e9largi.[\/vc_column_text][\/vc_column_inner][\/vc_row_inner][\/vc_column][\/vc_row][vc_row full_width=&#8221;stretch_row_content&#8221; content_placement=&#8221;middle&#8221; bg_type=&#8221;image&#8221; parallax_style=&#8221;vcpb-default&#8221; bg_image_new=&#8221;id^35831|url^https:\/\/the-rsgroup.com\/wp-content\/uploads\/2026\/01\/Aneta-Brauntsch-Kedyk-long.webp|caption^null|alt^null|title^Aneta-Brauntsch-Kedyk-long|description^null&#8221; bg_image_repeat=&#8221;no-repeat&#8221; bg_override=&#8221;full&#8221; css=&#8221;.vc_custom_1769561081166{padding-top: 50px !important;padding-bottom: 100px !important;background-position: center !important;background-repeat: no-repeat !important;background-size: cover !important;}&#8221; el_class=&#8221;full-width-content-section testimonial&#8221; el_id=&#8221;row3&#8243;][vc_column][vc_row_inner][vc_column_inner][vc_single_image image=&#8221;35837&#8243; img_size=&#8221;full&#8221; css=&#8221;&#8221; el_class=&#8221;test-desktop-hide&#8221;][vc_column_text css=&#8221;&#8221; el_class=&#8221;full-width-content full-width-content-right rs&#8221;]<\/p>\n<h5>Une logistique de bout en bout qui respecte les d\u00e9lais<\/h5>\n<p><em>\u201eNous pilotons les flux de mat\u00e9riaux et d\u2019informations de bout en bout \u2013 de mani\u00e8re fond\u00e9e sur les donn\u00e9es, transparente et avec des priorit\u00e9s claires, afin de garantir des temps de travers\u00e9e ma\u00eetris\u00e9s et des livraisons ponctuelles.\u201c<\/em><\/p>\n<h6><strong data-start=\"437\" data-end=\"462\">Aneta Brauntsch-Kedyk<\/strong>, Ing\u00e9nieure qualit\u00e9, Rauscher &amp; Stoecklin Polska<\/h6>\n<p>[\/vc_column_text][\/vc_column_inner][\/vc_row_inner][\/vc_column][\/vc_row]<\/p>\n<\/div>","protected":false},"excerpt":{"rendered":"<p>[vc_section full_width=&#8221;stretch_row&#8221; content_placement=&#8221;middle&#8221; min_height=&#8221;480&#8243; css=&#8221;.vc_custom_1765278057564{background-image: url(https:\/\/the-rsgroup.com\/wp-content\/uploads\/2025\/12\/Header_Rauscher_Stoecklin_Poland.jpg?id=30710) !important;background-position: center !important;background-repeat: no-repeat !important;background-size: cover !important;}&#8221; el_class=&#8221;inner-page-banner-section&#8221;][vc_row][vc_column][apress_heading sub_title=&#8221;Transformateurs de distribution \u00e0 huile de Krzecz\u00f3w pour l\u2019Europe&#8221; content_alignment=&#8221;left&#8221; data_animation=&#8221;fadeInRight&#8221; enable_delimiter=&#8221;&#8221; style=&#8221;heading_style1&#8243; title_font_options=&#8221;tag:h1&#8243; subtitle_font_options=&#8221;tag:div&#8221;]Rauscher &amp; Stoecklin Pologne[\/apress_heading][\/vc_column][\/vc_row][\/vc_section][vc_row css=&#8221;.vc_custom_1754110673091{padding-top: 80px !important;padding-bottom: 80px !important;}&#8221;][vc_column apress_zindex=&#8221;9&#8243; el_class=&#8221;custom_sidebar high_zIndex&#8221;][apress_heading&hellip;<\/p>\n","protected":false},"author":14,"featured_media":0,"parent":8341,"menu_order":0,"comment_status":"closed","ping_status":"closed","template":"template-fullwidth-page.php","meta":{"_acf_changed":false,"_monsterinsights_skip_tracking":false,"_monsterinsights_sitenote_active":false,"_monsterinsights_sitenote_note":"","_monsterinsights_sitenote_category":0,"footnotes":""},"class_list":["post-31253","page","type-page","status-publish","hentry"],"acf":[],"_links":{"self":[{"href":"https:\/\/the-rsgroup.com\/fr\/wp-json\/wp\/v2\/pages\/31253","targetHints":{"allow":["GET"]}}],"collection":[{"href":"https:\/\/the-rsgroup.com\/fr\/wp-json\/wp\/v2\/pages"}],"about":[{"href":"https:\/\/the-rsgroup.com\/fr\/wp-json\/wp\/v2\/types\/page"}],"author":[{"embeddable":true,"href":"https:\/\/the-rsgroup.com\/fr\/wp-json\/wp\/v2\/users\/14"}],"replies":[{"embeddable":true,"href":"https:\/\/the-rsgroup.com\/fr\/wp-json\/wp\/v2\/comments?post=31253"}],"version-history":[{"count":5,"href":"https:\/\/the-rsgroup.com\/fr\/wp-json\/wp\/v2\/pages\/31253\/revisions"}],"predecessor-version":[{"id":35844,"href":"https:\/\/the-rsgroup.com\/fr\/wp-json\/wp\/v2\/pages\/31253\/revisions\/35844"}],"up":[{"embeddable":true,"href":"https:\/\/the-rsgroup.com\/fr\/wp-json\/wp\/v2\/pages\/8341"}],"wp:attachment":[{"href":"https:\/\/the-rsgroup.com\/fr\/wp-json\/wp\/v2\/media?parent=31253"}],"curies":[{"name":"wp","href":"https:\/\/api.w.org\/{rel}","templated":true}]}}