{"id":8011,"date":"2020-01-29T16:42:03","date_gmt":"2020-01-29T16:42:03","guid":{"rendered":"http:\/\/the-rsgroup.com\/about-2"},"modified":"2025-12-22T04:54:50","modified_gmt":"2025-12-22T04:54:50","slug":"a-propos-de-rs","status":"publish","type":"page","link":"https:\/\/the-rsgroup.com\/fr\/a-propos-de-rs\/","title":{"rendered":"\u00c0 propos de R&#038;S"},"content":{"rendered":"<div class=\"wpb-content-wrapper\"><p>[vc_section full_width=&#8221;stretch_row&#8221; content_placement=&#8221;middle&#8221; min_height=&#8221;480&#8243; css=&#8221;.vc_custom_1759580609217{background-image: url(https:\/\/the-rsgroup.com\/wp-content\/uploads\/2019\/12\/zrew-production-employees.png?id=5306) !important;background-position: center !important;background-repeat: no-repeat !important;background-size: cover !important;}&#8221; el_class=&#8221;inner-page-banner-section&#8221;][vc_row][vc_column][apress_heading sub_title=&#8221;Premier fournisseur de produits d&#8217;infrastructure \u00e9lectrique&#8221; content_alignment=&#8221;left&#8221; data_animation=&#8221;fadeInRight&#8221; enable_delimiter=&#8221;&#8221; style=&#8221;heading_style1&#8243; title_font_options=&#8221;tag:h1&#8243; subtitle_font_options=&#8221;tag:div&#8221;]\u00c0 propos de R&amp;S[\/apress_heading][\/vc_column][\/vc_row][\/vc_section][vc_row css=&#8221;.vc_custom_1758103467857{padding-top: 80px !important;padding-bottom: 40px !important;}&#8221;][vc_column apress_zindex=&#8221;9&#8243; css=&#8221;.vc_custom_1572394676561{padding-top: 0px !important;padding-bottom: 0px !important;background-color: #ffffff !important;}&#8221; el_class=&#8221;custom_sidebar high_zIndex&#8221;][apress_heading sub_title=&#8221;&#8221; content_alignment=&#8221;left&#8221; enable_delimiter=&#8221;&#8221; color_scheme=&#8221;color_scheme2&#8243; style=&#8221;heading_style6&#8243; title_font_options=&#8221;tag:h2|letter_spacing:0&#8243; subtitle_font_options=&#8221;tag:div|letter_spacing:3&#8243; heading_margin=&#8221;margin-top:10|margin-bottom:30&#8243; class=&#8221;h2-heading-custom&#8221;]Alimentation \u00e9lectrique fiable avec transformateurs hautes performances de R&amp;S[\/apress_heading][vc_column_text css=&#8221;&#8221;]Nos produits d&#8217;infrastructure \u00e9lectrique garantissent une alimentation \u00e9lectrique stable, efficace et s\u00fbre dans le monde entier, que ce soit pour les r\u00e9seaux de transport d&#8217;\u00e9lectricit\u00e9 , les r\u00e9seaux de distribution d&#8217;\u00e9nergie, les installations industrielles ou les infrastructures critiques. Notre gamme de produits comprend des transformateurs de distribution, des transformateurs en r\u00e9sine moul\u00e9e, des transformateurs de puissance, des appareillages de commutation moyenne et haute tension, ainsi que des solutions sp\u00e9cialis\u00e9es pour l&#8217;\u00e9lectrification ferroviaire et les connecteurs industriels. Outre nos solutions syst\u00e8me standardis\u00e9es, nous d\u00e9veloppons des concepts sur mesure pour des projets exigeants, parfaitement adapt\u00e9s \u00e0 vos besoins.[\/vc_column_text][\/vc_column][\/vc_row][vc_row full_width=&#8221;stretch_row&#8221; css=&#8221;.vc_custom_1758102285984{padding-bottom: 60px !important;background-color: #F8F8F800 !important;}&#8221; el_class=&#8221;related-product-info-box&#8221;][vc_column][vc_row_inner][vc_column_inner el_class=&#8221;custom_sidebar&#8221; width=&#8221;1\/3&#8243;]\r\n<!--Image Box Start-->\r\n<div class=\"zolo_imagebox_new_swing new_imagebox_style4\"><div class=\"zolo_imagebox_new_wrapper zolo_imagebox_new_10038975969efd5f266721 new_imagebox_style4 noanimation\" data-animation =\"No Animation\" data-delay =\"500\" data-id =\"zolo_imagebox_new_10038975969efd5f266721\">\r\n    <a title=\"\u00c0 propos de nous\" href=\"\/fr\/a-propos-de-nous\" target=\"_self\" rel=\"\">\r\n    <div class=\"zolo_imagebox_new_box\">\r\n        <div class=\"zolo_thumbnail\" style=\"background:url(https:\/\/the-rsgroup.com\/wp-content\/uploads\/2019\/11\/DSC01021_smaller-scaled.jpg) no-repeat center center; -moz-background-size:cover;-webkit-background-size:cover;-o-background-size:cover;-ms-background-size:cover;background-size:cover; height:300px;\"><\/div>\r\n        <div class=\"zolo_imagebox_new_content\">\r\n            <div class=\"zolo_imagebox_new_title_des\">\r\n        <h3 class=\"entry-title zolo_imagebox_new_title\" style=\"color:#000000; \">        \u00c0 propos de nous <\/h3>                <span class=\"zolo_imagebox_description\" style=\"color:#000000; \">        Votre sp\u00e9cialiste des produits d'infrastructure \u00e9lectrique<br \/>\nR&S est un fabricant mondial de composants d'infrastructures \u00e9lectriques, privil\u00e9giant la qualit\u00e9, la fiabilit\u00e9 et la disponibilit\u00e9. Il est implant\u00e9 en Europe, Moyen-Orient et Am\u00e9rique du Sud, nous sommes un partenaire solide pour la mise en \u0153uvre de syst\u00e8mes d'alimentation \u00e9lectrique haute performance.<br \/>\nEn savoir plus sur R&S <\/span>        <div class=\"zolo_imagebox_icon_button_element alignment_inline zolo_imagebox_icon_button_10038975969efd5f266721\"><span class=\"zolo_iconbutton_tag iconbutton_style1 button_style_none\"><span class=\"zolo_button_icon zolo_arrow_icon\"><\/span><\/span><\/div>      <\/div>\r\n    <\/div>\r\n          <\/div>\r\n    <\/a>\r\n  <\/div>\r\n<\/div><!--Image Box End-->\r\n\r\n[\/vc_column_inner][vc_column_inner el_class=&#8221;custom_sidebar&#8221; width=&#8221;1\/3&#8243;]\r\n<!--Image Box Start-->\r\n<div class=\"zolo_imagebox_new_swing new_imagebox_style4\"><div class=\"zolo_imagebox_new_wrapper zolo_imagebox_new_86037460269efd5f267df1 new_imagebox_style4 noanimation\" data-animation =\"No Animation\" data-delay =\"500\" data-id =\"zolo_imagebox_new_86037460269efd5f267df1\">\r\n    <a title=\"R\u00e9daction\" href=\"\/fr\/redaction\" target=\"_self\" rel=\"\">\r\n    <div class=\"zolo_imagebox_new_box\">\r\n        <div class=\"zolo_thumbnail\" style=\"background:url(https:\/\/the-rsgroup.com\/wp-content\/uploads\/2019\/09\/shutterstock_1295890804_2.jpg) no-repeat center center; -moz-background-size:cover;-webkit-background-size:cover;-o-background-size:cover;-ms-background-size:cover;background-size:cover; height:300px;\"><\/div>\r\n        <div class=\"zolo_imagebox_new_content\">\r\n            <div class=\"zolo_imagebox_new_title_des\">\r\n        <h3 class=\"entry-title zolo_imagebox_new_title\" style=\"color:#000000; \">        R\u00e9daction <\/h3>                <span class=\"zolo_imagebox_description\" style=\"color:#000000; \">        Connaissances et informations de premi\u00e8re main sur l'industrie<br \/>\nRestez inform\u00e9 : dans notre espace presse, vous trouverez les derni\u00e8res actualit\u00e9s de l'entreprise, les innovations produits, des articles sp\u00e9cialis\u00e9s et toutes les dates des salons internationaux et des \u00e9v\u00e9nements sectoriels.<br \/>\nAcc\u00e9der \u00e0 l'espace presse <\/span>        <div class=\"zolo_imagebox_icon_button_element alignment_inline zolo_imagebox_icon_button_86037460269efd5f267df1\"><span class=\"zolo_iconbutton_tag iconbutton_style1 button_style_none\"><span class=\"zolo_button_icon zolo_arrow_icon\"><\/span><\/span><\/div>      <\/div>\r\n    <\/div>\r\n          <\/div>\r\n    <\/a>\r\n  <\/div>\r\n<\/div><!--Image Box End-->\r\n\r\n[\/vc_column_inner][vc_column_inner el_class=&#8221;custom_sidebar &#8221; width=&#8221;1\/3&#8243;]\r\n<!--Image Box Start-->\r\n<div class=\"zolo_imagebox_new_swing new_imagebox_style4\"><div class=\"zolo_imagebox_new_wrapper zolo_imagebox_new_115167157169efd5f268927 new_imagebox_style4 noanimation\" data-animation =\"No Animation\" data-delay =\"500\" data-id =\"zolo_imagebox_new_115167157169efd5f268927\">\r\n    <a title=\"Carri\u00e8res\" href=\"\/fr\/carrieres\" target=\"_self\" rel=\"\">\r\n    <div class=\"zolo_imagebox_new_box\">\r\n        <div class=\"zolo_thumbnail\" style=\"background:url(https:\/\/the-rsgroup.com\/wp-content\/uploads\/2019\/09\/shutterstock_1295894350_2.jpg) no-repeat center center; -moz-background-size:cover;-webkit-background-size:cover;-o-background-size:cover;-ms-background-size:cover;background-size:cover; height:300px;\"><\/div>\r\n        <div class=\"zolo_imagebox_new_content\">\r\n            <div class=\"zolo_imagebox_new_title_des\">\r\n        <h3 class=\"entry-title zolo_imagebox_new_title\" style=\"color:#000000; \">        Carri\u00e8res <\/h3>                <span class=\"zolo_imagebox_description\" style=\"color:#000000; \">        Votre \u00e9nergie. Notre avenir.<br \/>\nVous recherchez une carri\u00e8re enrichissante ? Nous proposons des postes stimulants dans les domaines de la technologie, de la vente, du d\u00e9veloppement et de la production, dans un environnement international offrant des perspectives de carri\u00e8re.<br \/>\nPostulez d\u00e8s maintenant <\/span>        <div class=\"zolo_imagebox_icon_button_element alignment_inline zolo_imagebox_icon_button_115167157169efd5f268927\"><span class=\"zolo_iconbutton_tag iconbutton_style1 button_style_none\"><span class=\"zolo_button_icon zolo_arrow_icon\"><\/span><\/span><\/div>      <\/div>\r\n    <\/div>\r\n          <\/div>\r\n    <\/a>\r\n  <\/div>\r\n<\/div><!--Image Box End-->\r\n\r\n[\/vc_column_inner][\/vc_row_inner][vc_row_inner][vc_column_inner el_class=&#8221;custom_sidebar&#8221; width=&#8221;1\/3&#8243;]\r\n<!--Image Box Start-->\r\n<div class=\"zolo_imagebox_new_swing new_imagebox_style4\"><div class=\"zolo_imagebox_new_wrapper zolo_imagebox_new_101139043069efd5f269303 new_imagebox_style4 noanimation\" data-animation =\"No Animation\" data-delay =\"500\" data-id =\"zolo_imagebox_new_101139043069efd5f269303\">\r\n    <a title=\"Approvisionnement\" href=\"\/fr\/approvisionnement\" target=\"_self\" rel=\"\">\r\n    <div class=\"zolo_imagebox_new_box\">\r\n        <div class=\"zolo_thumbnail\" style=\"background:url(https:\/\/the-rsgroup.com\/wp-content\/uploads\/2019\/11\/shutterstock_498363907-scaled.jpg) no-repeat center center; -moz-background-size:cover;-webkit-background-size:cover;-o-background-size:cover;-ms-background-size:cover;background-size:cover; height:300px;\"><\/div>\r\n        <div class=\"zolo_imagebox_new_content\">\r\n            <div class=\"zolo_imagebox_new_title_des\">\r\n        <h3 class=\"entry-title zolo_imagebox_new_title\" style=\"color:#000000; \">        Approvisionnement <\/h3>                <span class=\"zolo_imagebox_description\" style=\"color:#000000; \">        Souhaitez-vous rejoindre notre r\u00e9seau mondial d'approvisionnement ? Nous recherchons des partenaires performants qui partagent nos exigences de qualit\u00e9 et souhaitent collaborer avec nous \u00e0 la r\u00e9alisation de projets d'infrastructure innovants. Informations pour les fournisseurs <\/span>        <div class=\"zolo_imagebox_icon_button_element alignment_inline zolo_imagebox_icon_button_101139043069efd5f269303\"><span class=\"zolo_iconbutton_tag iconbutton_style1 button_style_none\"><span class=\"zolo_button_icon zolo_arrow_icon\"><\/span><\/span><\/div>      <\/div>\r\n    <\/div>\r\n          <\/div>\r\n    <\/a>\r\n  <\/div>\r\n<\/div><!--Image Box End-->\r\n\r\n[\/vc_column_inner][vc_column_inner el_class=&#8221;custom_sidebar&#8221; width=&#8221;1\/3&#8243;]\r\n<!--Image Box Start-->\r\n<div class=\"zolo_imagebox_new_swing new_imagebox_style4\"><div class=\"zolo_imagebox_new_wrapper zolo_imagebox_new_42949980169efd5f26a928 new_imagebox_style4 noanimation\" data-animation =\"No Animation\" data-delay =\"500\" data-id =\"zolo_imagebox_new_42949980169efd5f26a928\">\r\n    <a title=\"Sites\" href=\"\/fr\/sites\" target=\"_self\" rel=\"\">\r\n    <div class=\"zolo_imagebox_new_box\">\r\n        <div class=\"zolo_thumbnail\" style=\"background:url(https:\/\/the-rsgroup.com\/wp-content\/uploads\/2019\/11\/shutterstock_479686717-scaled.jpg) no-repeat center center; -moz-background-size:cover;-webkit-background-size:cover;-o-background-size:cover;-ms-background-size:cover;background-size:cover; height:300px;\"><\/div>\r\n        <div class=\"zolo_imagebox_new_content\">\r\n            <div class=\"zolo_imagebox_new_title_des\">\r\n        <h3 class=\"entry-title zolo_imagebox_new_title\" style=\"color:#000000; \">        Sites R&S <\/h3>                <span class=\"zolo_imagebox_description\" style=\"color:#000000; \">        dans le monde \u2013 emplacements et contacts<br \/>\nAvec des sites de production et des bureaux de vente r\u00e9partis sur trois continents, R&S est toujours proche de vous. Trouvez ici le contact id\u00e9al pour votre r\u00e9gion ou votre projet.<br \/>\nAcc\u00e8s aux sites <\/span>        <div class=\"zolo_imagebox_icon_button_element alignment_inline zolo_imagebox_icon_button_42949980169efd5f26a928\"><span class=\"zolo_iconbutton_tag iconbutton_style1 button_style_none\"><span class=\"zolo_button_icon zolo_arrow_icon\"><\/span><\/span><\/div>      <\/div>\r\n    <\/div>\r\n          <\/div>\r\n    <\/a>\r\n  <\/div>\r\n<\/div><!--Image Box End-->\r\n\r\n[\/vc_column_inner][\/vc_row_inner][\/vc_column][\/vc_row]<\/p>\n<\/div>","protected":false},"excerpt":{"rendered":"<p>[vc_section full_width=&#8221;stretch_row&#8221; content_placement=&#8221;middle&#8221; min_height=&#8221;480&#8243; css=&#8221;.vc_custom_1759580609217{background-image: url(https:\/\/the-rsgroup.com\/wp-content\/uploads\/2019\/12\/zrew-production-employees.png?id=5306) !important;background-position: center !important;background-repeat: no-repeat !important;background-size: cover !important;}&#8221; el_class=&#8221;inner-page-banner-section&#8221;][vc_row][vc_column][apress_heading sub_title=&#8221;Premier fournisseur de produits d&#8217;infrastructure \u00e9lectrique&#8221; content_alignment=&#8221;left&#8221; data_animation=&#8221;fadeInRight&#8221; enable_delimiter=&#8221;&#8221; style=&#8221;heading_style1&#8243; title_font_options=&#8221;tag:h1&#8243; subtitle_font_options=&#8221;tag:div&#8221;]\u00c0 propos de R&amp;S[\/apress_heading][\/vc_column][\/vc_row][\/vc_section][vc_row css=&#8221;.vc_custom_1758103467857{padding-top: 80px !important;padding-bottom: 40px !important;}&#8221;][vc_column apress_zindex=&#8221;9&#8243; css=&#8221;.vc_custom_1572394676561{padding-top: 0px !important;padding-bottom: 0px !important;background-color:&hellip;<\/p>\n","protected":false},"author":1,"featured_media":0,"parent":0,"menu_order":0,"comment_status":"closed","ping_status":"closed","template":"template-fullwidth-page.php","meta":{"_acf_changed":false,"_monsterinsights_skip_tracking":false,"_monsterinsights_sitenote_active":false,"_monsterinsights_sitenote_note":"","_monsterinsights_sitenote_category":0,"footnotes":""},"class_list":["post-8011","page","type-page","status-publish","hentry"],"acf":[],"_links":{"self":[{"href":"https:\/\/the-rsgroup.com\/fr\/wp-json\/wp\/v2\/pages\/8011","targetHints":{"allow":["GET"]}}],"collection":[{"href":"https:\/\/the-rsgroup.com\/fr\/wp-json\/wp\/v2\/pages"}],"about":[{"href":"https:\/\/the-rsgroup.com\/fr\/wp-json\/wp\/v2\/types\/page"}],"author":[{"embeddable":true,"href":"https:\/\/the-rsgroup.com\/fr\/wp-json\/wp\/v2\/users\/1"}],"replies":[{"embeddable":true,"href":"https:\/\/the-rsgroup.com\/fr\/wp-json\/wp\/v2\/comments?post=8011"}],"version-history":[{"count":9,"href":"https:\/\/the-rsgroup.com\/fr\/wp-json\/wp\/v2\/pages\/8011\/revisions"}],"predecessor-version":[{"id":31730,"href":"https:\/\/the-rsgroup.com\/fr\/wp-json\/wp\/v2\/pages\/8011\/revisions\/31730"}],"wp:attachment":[{"href":"https:\/\/the-rsgroup.com\/fr\/wp-json\/wp\/v2\/media?parent=8011"}],"curies":[{"name":"wp","href":"https:\/\/api.w.org\/{rel}","templated":true}]}}