{"id":8029,"date":"2020-01-30T10:10:29","date_gmt":"2020-01-30T10:10:29","guid":{"rendered":"http:\/\/the-rsgroup.com\/carrieres"},"modified":"2025-12-26T12:31:34","modified_gmt":"2025-12-26T12:31:34","slug":"carrieres","status":"publish","type":"page","link":"https:\/\/the-rsgroup.com\/fr\/carrieres\/","title":{"rendered":"Carri\u00e8res"},"content":{"rendered":"<div class=\"wpb-content-wrapper\"><p>[vc_section full_width=&#8221;stretch_row&#8221; content_placement=&#8221;middle&#8221; min_height=&#8221;480&#8243; css=&#8221;.vc_custom_1759584342615{background-image: url(https:\/\/the-rsgroup.com\/wp-content\/uploads\/2019\/09\/shutterstock_1295894350_2.jpg?id=2227) !important;background-position: center !important;background-repeat: no-repeat !important;background-size: cover !important;}&#8221; el_class=&#8221;inner-page-banner-section&#8221;][vc_row][vc_column][apress_heading sub_title=&#8221;Dopez votre avenir&#8221; content_alignment=&#8221;left&#8221; data_animation=&#8221;fadeInRight&#8221; enable_delimiter=&#8221;&#8221; style=&#8221;heading_style1&#8243; title_font_options=&#8221;tag:h1&#8243; subtitle_font_options=&#8221;tag:div&#8221;]Carri\u00e8res[\/apress_heading][\/vc_column][\/vc_row][\/vc_section][vc_row css=&#8221;.vc_custom_1758275555293{padding-top: 80px !important;padding-bottom: 80px !important;}&#8221;][vc_column apress_zindex=&#8221;9&#8243; el_class=&#8221;custom_sidebar high_zIndex&#8221;][apress_heading sub_title=&#8221;&#8221; content_alignment=&#8221;left&#8221; enable_delimiter=&#8221;&#8221; color_scheme=&#8221;color_scheme1&#8243; style=&#8221;heading_style1&#8243; title_font_options=&#8221;tag:h2|letter_spacing:1&#8243; subtitle_font_options=&#8221;tag:div&#8221; heading_margin=&#8221;margin-top:10|margin-bottom:30&#8243; class=&#8221;h2-heading-custom&#8221;]Que vous soyez \u00e9tudiant, professionnel ou de retour dans le monde du travail, chez R&amp;S, nous sommes enthousiasm\u00e9s par les d\u00e9fis et les opportunit\u00e9s \u00e0 m\u00eame de doper votre avenir.[\/apress_heading][vc_column_text]Dans notre environnement international, avec des \u00e9quipes dans le monde entier, les jours ne se ressemblent jamais. Nous sommes constamment \u00e0 la recherche de gens ambitieux qui peuvent donner corps \u00e0 notre vision d\u2019un r\u00e9seau \u00e9lectrique connect\u00e9 et durable.[\/vc_column_text][\/vc_column][\/vc_row][vc_row full_width=&#8221;stretch_row&#8221; css=&#8221;.vc_custom_1758275757383{padding-top: 0px !important;padding-bottom: 80px !important;background-color: #F8F8F803 !important;}&#8221; el_class=&#8221;related-product-info-box&#8221;][vc_column][vc_row_inner][vc_column_inner el_class=&#8221;custom_sidebar&#8221; width=&#8221;1\/2&#8243;]\r\n<!--Image Box Start-->\r\n<div class=\"zolo_imagebox_new_swing new_imagebox_style4\"><div class=\"zolo_imagebox_new_wrapper zolo_imagebox_new_114103280869edce092199f new_imagebox_style4 noanimation\" data-animation =\"No Animation\" data-delay =\"500\" data-id =\"zolo_imagebox_new_114103280869edce092199f\">\r\n    <a title=\"R&amp;S comme employeur\" href=\"https:\/\/the-rsgroup.com\/fr\/carrieres\/rs-comme-employeur\/\" target=\"_self\" rel=\"\">\r\n    <div class=\"zolo_imagebox_new_box\">\r\n        <div class=\"zolo_thumbnail\" style=\"background:url(https:\/\/the-rsgroup.com\/wp-content\/uploads\/2019\/12\/rs-employees-communicating.jpg) no-repeat center center; -moz-background-size:cover;-webkit-background-size:cover;-o-background-size:cover;-ms-background-size:cover;background-size:cover; height:300px;\"><\/div>\r\n        <div class=\"zolo_imagebox_new_content\">\r\n            <div class=\"zolo_imagebox_new_title_des\">\r\n        <h3 class=\"entry-title zolo_imagebox_new_title\" style=\"color:#000000; \">        R&amp;S comme employeur <\/h3>                <span class=\"zolo_imagebox_description\" style=\"color:#000000; \">        Chez R&amp;S, nous soutenons la diversit\u00e9, l'apprentissage continu et le partage. D\u00e9couvrez-en plus sur nous en tant qu\u2019employeur. <\/span>        <div class=\"zolo_imagebox_icon_button_element alignment_inline zolo_imagebox_icon_button_114103280869edce092199f\"><span class=\"zolo_iconbutton_tag iconbutton_style1 button_style_none\"><span class=\"zolo_button_icon zolo_arrow_icon\"><\/span><\/span><\/div>      <\/div>\r\n    <\/div>\r\n          <\/div>\r\n    <\/a>\r\n  <\/div>\r\n<\/div><!--Image Box End-->\r\n\r\n[\/vc_column_inner][vc_column_inner el_class=&#8221;custom_sidebar&#8221; width=&#8221;1\/2&#8243;]\r\n<!--Image Box Start-->\r\n<div class=\"zolo_imagebox_new_swing new_imagebox_style4\"><div class=\"zolo_imagebox_new_wrapper zolo_imagebox_new_50829865269edce0922c7d new_imagebox_style4 noanimation\" data-animation =\"No Animation\" data-delay =\"500\" data-id =\"zolo_imagebox_new_50829865269edce0922c7d\">\r\n    <a title=\"Postes disponibles\" href=\"https:\/\/the-rsgroup.com\/fr\/carrieres\/postes-disponibles\/\" target=\"_self\" rel=\"\">\r\n    <div class=\"zolo_imagebox_new_box\">\r\n        <div class=\"zolo_thumbnail\" style=\"background:url(https:\/\/the-rsgroup.com\/wp-content\/uploads\/2019\/09\/shutterstock_1206996289_2-1.jpg) no-repeat center center; -moz-background-size:cover;-webkit-background-size:cover;-o-background-size:cover;-ms-background-size:cover;background-size:cover; height:300px;\"><\/div>\r\n        <div class=\"zolo_imagebox_new_content\">\r\n            <div class=\"zolo_imagebox_new_title_des\">\r\n        <h3 class=\"entry-title zolo_imagebox_new_title\" style=\"color:#000000; \">        Postes disponibles <\/h3>                <span class=\"zolo_imagebox_description\" style=\"color:#000000; \">        \u00cates-vous pr\u00eat \u00e0 relever un nouveau d\u00e9fi ? Proposez d\u00e8s maintenant votre candidature pour occuper l\u2019un de nos postes et rejoindre notre \u00e9quipe ambitieuse. <\/span>        <div class=\"zolo_imagebox_icon_button_element alignment_inline zolo_imagebox_icon_button_50829865269edce0922c7d\"><span class=\"zolo_iconbutton_tag iconbutton_style1 button_style_none\"><span class=\"zolo_button_icon zolo_arrow_icon\"><\/span><\/span><\/div>      <\/div>\r\n    <\/div>\r\n          <\/div>\r\n    <\/a>\r\n  <\/div>\r\n<\/div><!--Image Box End-->\r\n\r\n[\/vc_column_inner][\/vc_row_inner][\/vc_column][\/vc_row]<\/p>\n<\/div>","protected":false},"excerpt":{"rendered":"<p>[vc_section full_width=&#8221;stretch_row&#8221; content_placement=&#8221;middle&#8221; min_height=&#8221;480&#8243; css=&#8221;.vc_custom_1759584342615{background-image: url(https:\/\/the-rsgroup.com\/wp-content\/uploads\/2019\/09\/shutterstock_1295894350_2.jpg?id=2227) !important;background-position: center !important;background-repeat: no-repeat !important;background-size: cover !important;}&#8221; el_class=&#8221;inner-page-banner-section&#8221;][vc_row][vc_column][apress_heading sub_title=&#8221;Dopez votre avenir&#8221; content_alignment=&#8221;left&#8221; data_animation=&#8221;fadeInRight&#8221; enable_delimiter=&#8221;&#8221; style=&#8221;heading_style1&#8243; title_font_options=&#8221;tag:h1&#8243; subtitle_font_options=&#8221;tag:div&#8221;]Carri\u00e8res[\/apress_heading][\/vc_column][\/vc_row][\/vc_section][vc_row css=&#8221;.vc_custom_1758275555293{padding-top: 80px !important;padding-bottom: 80px !important;}&#8221;][vc_column apress_zindex=&#8221;9&#8243; el_class=&#8221;custom_sidebar high_zIndex&#8221;][apress_heading sub_title=&#8221;&#8221; content_alignment=&#8221;left&#8221; enable_delimiter=&#8221;&#8221; color_scheme=&#8221;color_scheme1&#8243; style=&#8221;heading_style1&#8243; title_font_options=&#8221;tag:h2|letter_spacing:1&#8243; subtitle_font_options=&#8221;tag:div&#8221; heading_margin=&#8221;margin-top:10|margin-bottom:30&#8243; class=&#8221;h2-heading-custom&#8221;]Que&hellip;<\/p>\n","protected":false},"author":1,"featured_media":0,"parent":0,"menu_order":0,"comment_status":"closed","ping_status":"closed","template":"template-fullwidth-page.php","meta":{"_acf_changed":false,"_monsterinsights_skip_tracking":false,"_monsterinsights_sitenote_active":false,"_monsterinsights_sitenote_note":"","_monsterinsights_sitenote_category":0,"footnotes":""},"class_list":["post-8029","page","type-page","status-publish","hentry"],"acf":[],"_links":{"self":[{"href":"https:\/\/the-rsgroup.com\/fr\/wp-json\/wp\/v2\/pages\/8029","targetHints":{"allow":["GET"]}}],"collection":[{"href":"https:\/\/the-rsgroup.com\/fr\/wp-json\/wp\/v2\/pages"}],"about":[{"href":"https:\/\/the-rsgroup.com\/fr\/wp-json\/wp\/v2\/types\/page"}],"author":[{"embeddable":true,"href":"https:\/\/the-rsgroup.com\/fr\/wp-json\/wp\/v2\/users\/1"}],"replies":[{"embeddable":true,"href":"https:\/\/the-rsgroup.com\/fr\/wp-json\/wp\/v2\/comments?post=8029"}],"version-history":[{"count":8,"href":"https:\/\/the-rsgroup.com\/fr\/wp-json\/wp\/v2\/pages\/8029\/revisions"}],"predecessor-version":[{"id":33274,"href":"https:\/\/the-rsgroup.com\/fr\/wp-json\/wp\/v2\/pages\/8029\/revisions\/33274"}],"wp:attachment":[{"href":"https:\/\/the-rsgroup.com\/fr\/wp-json\/wp\/v2\/media?parent=8029"}],"curies":[{"name":"wp","href":"https:\/\/api.w.org\/{rel}","templated":true}]}}