{"id":8039,"date":"2020-01-30T10:19:42","date_gmt":"2020-01-30T10:19:42","guid":{"rendered":"http:\/\/the-rsgroup.com\/carrieres\/postes-disponibles"},"modified":"2025-11-19T07:17:28","modified_gmt":"2025-11-19T07:17:28","slug":"postes-disponibles","status":"publish","type":"page","link":"https:\/\/the-rsgroup.com\/fr\/carrieres\/postes-disponibles\/","title":{"rendered":"Postes disponibles"},"content":{"rendered":"<div class=\"wpb-content-wrapper\"><p>[vc_section full_width=&#8221;stretch_row&#8221; content_placement=&#8221;middle&#8221; min_height=&#8221;480&#8243; css=&#8221;.vc_custom_1751270434508{background-image: url(https:\/\/the-rsgroup.com\/wp-content\/uploads\/2025\/06\/slider-img2.jpg?id=21667) !important;background-position: center !important;background-repeat: no-repeat !important;background-size: cover !important;}&#8221; el_class=&#8221;inner-page-banner-section&#8221;][vc_row][vc_column][apress_heading sub_title=&#8221;Apply now and join our ambitious team&#8221; content_alignment=&#8221;left&#8221; data_animation=&#8221;fadeInRight&#8221; enable_delimiter=&#8221;&#8221; style=&#8221;heading_style1&#8243; title_font_options=&#8221;tag:h1&#8243; subtitle_font_options=&#8221;tag:div&#8221;]Postes disponibles[\/apress_heading][\/vc_column][\/vc_row][\/vc_section][vc_row full_width=&#8221;stretch_row&#8221; content_placement=&#8221;middle&#8221; css=&#8221;.vc_custom_1763536640987{padding-top: 20px !important;padding-right: 20px !important;padding-bottom: 60px !important;padding-left: 20px !important;background-color: #FFFFFF !important;background-position: center !important;background-repeat: no-repeat !important;background-size: cover !important;}&#8221; min_height=&#8221;480&#8243; el_class=&#8221;page-title-section mx-0&#8243; el_id=&#8221;indus_row2&#8243;][vc_column apress_zindex=&#8221;9&#8243; el_class=&#8221;custom_sidebar high_zIndex&#8221;][apress_heading sub_title=&#8221;&#8221; content_alignment=&#8221;left&#8221; enable_delimiter=&#8221;&#8221; color_scheme=&#8221;color_scheme2&#8243; style=&#8221;heading_style6&#8243; title_font_options=&#8221;tag:h2|letter_spacing:0&#8243; subtitle_font_options=&#8221;tag:div|letter_spacing:3&#8243; heading_margin=&#8221;margin-bottom:30&#8243; class=&#8221;h2-heading-custom&#8221;]Utilisez les options de filtrage pour trouver exactement ce dont vous avez besoin.[\/apress_heading][\/vc_column][\/vc_row][vc_row css=&#8221;.vc_custom_1751271213490{padding-bottom: 50px !important;background-color: #F2F2F2 !important;}&#8221;][vc_column apress_zindex=&#8221;9&#8243; css=&#8221;.vc_custom_1751272377564{background-color: #FFFFFF00 !important;}&#8221; el_class=&#8221;custom_sidebar high_zIndex&#8221;][vc_column_text]<form data-sf-form-id='12129' data-is-rtl='0' data-maintain-state='' data-ajax-url='https:\/\/the-rsgroup.com\/fr\/?sfid=12129&amp;sf_action=get_data&amp;sf_data=results' data-ajax-form-url='https:\/\/the-rsgroup.com\/fr\/?sfid=12129&amp;sf_action=get_data&amp;sf_data=form' data-display-result-method='shortcode' data-use-history-api='1' data-template-loaded='0' data-lang-code='fr' data-ajax='1' data-ajax-data-type='json' data-ajax-links-selector='.pagination a' data-ajax-target='#search-filter-results-12129' data-ajax-pagination-type='normal' data-update-ajax-url='0' data-only-results-ajax='0' data-scroll-to-pos='0' data-init-paged='1' data-auto-update='1' action='' method='post' class='searchandfilter' id='search-filter-form-12129' autocomplete='off' data-instance-count='1'><ul><li class=\"sf-field-taxonomy-aol_ad_category\" data-sf-field-name=\"_sft_aol_ad_category\" data-sf-field-type=\"taxonomy\" data-sf-field-input-type=\"select\">\t\t<label>\n\t\t\t\t   \t\t<select name=\"_sft_aol_ad_category[]\" class=\"sf-input-select\" title=\"\">\n\t\t\t\t\t\t  \t\t\t<option class=\"sf-level-0 sf-item-0 sf-option-active\" selected=\"selected\" data-sf-count=\"0\" data-sf-depth=\"0\" value=\"\">Cat\u00e9gories \u2013 Tous<\/option>\n\t\t\t\t\t\t\t\t\t\t\t<option class=\"sf-level-0 sf-item-322\" data-sf-count=\"2\" data-sf-depth=\"0\" value=\"administratif\">Administratif<\/option>\n\t\t\t\t\t\t\t\t\t\t\t<option class=\"sf-level-0 sf-item-328\" data-sf-count=\"3\" data-sf-depth=\"0\" value=\"autres\">Autres<\/option>\n\t\t\t\t\t\t\t\t\t\t\t<option class=\"sf-level-0 sf-item-324\" data-sf-count=\"1\" data-sf-depth=\"0\" value=\"finances-et-controle-de-gestion\">Finances et contr\u00f4le de gestion<\/option>\n\t\t\t\t\t\t\t\t\t\t\t<option class=\"sf-level-0 sf-item-323\" data-sf-count=\"2\" data-sf-depth=\"0\" value=\"ingenierie\">Ing\u00e9nierie<\/option>\n\t\t\t\t\t\t\t\t\t\t\t<option class=\"sf-level-0 sf-item-2041\" data-sf-count=\"1\" data-sf-depth=\"0\" value=\"logistics\">Logistics<\/option>\n\t\t\t\t\t\t\t\t\t\t\t<option class=\"sf-level-0 sf-item-327\" data-sf-count=\"1\" data-sf-depth=\"0\" value=\"marketing-fr\">Marketing<\/option>\n\t\t\t\t\t\t\t\t\t\t\t<option class=\"sf-level-0 sf-item-330\" data-sf-count=\"3\" data-sf-depth=\"0\" value=\"production-fr\">Production<\/option>\n\t\t\t\t\t\t\t\t\t\t\t<option class=\"sf-level-0 sf-item-332\" data-sf-count=\"5\" data-sf-depth=\"0\" value=\"qualite\">Qualit\u00e9<\/option>\n\t\t\t\t\t\t\t\t\t\t\t<option class=\"sf-level-0 sf-item-333\" data-sf-count=\"2\" data-sf-depth=\"0\" value=\"ventes\">Ventes<\/option>\n\t\t\t\t\t\t\t\t\t\t\t<\/select><\/label>\t\t\t\t\t\t\t\t\t\t<\/li><li class=\"sf-field-taxonomy-aol_ad_type\" data-sf-field-name=\"_sft_aol_ad_type\" data-sf-field-type=\"taxonomy\" data-sf-field-input-type=\"select\">\t\t<label>\n\t\t\t\t   \t\t<select name=\"_sft_aol_ad_type[]\" class=\"sf-input-select\" title=\"\">\n\t\t\t\t\t\t  \t\t\t<option class=\"sf-level-0 sf-item-0 sf-option-active\" selected=\"selected\" data-sf-count=\"0\" data-sf-depth=\"0\" value=\"\">Types \u2013 Tous<\/option>\n\t\t\t\t\t\t\t\t\t\t\t<option class=\"sf-level-0 sf-item-379\" data-sf-count=\"1\" data-sf-depth=\"0\" value=\"apprenti\">Apprenti<\/option>\n\t\t\t\t\t\t\t\t\t\t\t<option class=\"sf-level-0 sf-item-380\" data-sf-count=\"10\" data-sf-depth=\"0\" value=\"employe\">Employ\u00e9<\/option>\n\t\t\t\t\t\t\t\t\t\t\t<option class=\"sf-level-0 sf-item-1407\" data-sf-count=\"10\" data-sf-depth=\"0\" value=\"full-time-fr\">Full Time<\/option>\n\t\t\t\t\t\t\t\t\t\t\t<\/select><\/label>\t\t\t\t\t\t\t\t\t\t<\/li><li class=\"sf-field-taxonomy-aol_ad_location\" data-sf-field-name=\"_sft_aol_ad_location\" data-sf-field-type=\"taxonomy\" data-sf-field-input-type=\"select\">\t\t<label>\n\t\t\t\t   \t\t<select name=\"_sft_aol_ad_location[]\" class=\"sf-input-select\" title=\"\">\n\t\t\t\t\t\t  \t\t\t<option class=\"sf-level-0 sf-item-0 sf-option-active\" selected=\"selected\" data-sf-count=\"0\" data-sf-depth=\"0\" value=\"\">Lieux \u2013 Tous<\/option>\n\t\t\t\t\t\t\t\t\t\t\t<option class=\"sf-level-0 sf-item-408\" data-sf-count=\"9\" data-sf-depth=\"0\" value=\"pologne\">Pologne<\/option>\n\t\t\t\t\t\t\t\t\t\t\t<option class=\"sf-level-0 sf-item-405\" data-sf-count=\"3\" data-sf-depth=\"0\" value=\"republique-tcheque\">R\u00e9publique tch\u00e8que<\/option>\n\t\t\t\t\t\t\t\t\t\t\t<option class=\"sf-level-0 sf-item-409\" data-sf-count=\"2\" data-sf-depth=\"0\" value=\"suisse\">Suisse<\/option>\n\t\t\t\t\t\t\t\t\t\t\t<\/select><\/label>\t\t\t\t\t\t\t\t\t\t<\/li><\/ul><\/form>[\/vc_column_text][vc_column_text css=&#8221;&#8221; el_class=&#8221;job-opening-filter-post&#8221;]<div class=\"search-filter-results\" id=\"search-filter-results-12129\">\t\n\t\t\t<div class=\"aol-archive aol-wrapper\">\n\t\t\t<div class=\"aol-ad-inner-wrapper\">\n\t\t\t\t<div class=\"panel panel-default open\">\n\t\t\t\t\t<div class=\"panel-heading\">Kontroler\/Kontrolerka Jako\u015bci Dostaw<\/div>\n\t\t\t\t\t<div class=\"panel-body\"><p><p>ZREW Transformatory S.A., wiod\u0105cy producent olejowych transformator\u00f3w mocy, b\u0119d\u0105cy cz\u0119\u015bci\u0105 szwajcarskiej grupy R&amp;S International Holding poszukuje kandydat\u00f3w do pracy na stanowisku Kontroler\/Kontrolerka Jako\u015bci Dostaw Zakres obowi\u0105zk\u00f3w: kontrola jako\u015bci dostaw materia\u0142\u00f3w (m.in. elementy izolacyjne, akcesoria kontrolno-pomiarowe), kontrola jako\u015bci wyrob\u00f3w spawalniczych, kontrola&hellip;<\/p>\n<\/p>\n\t\t\t\t\t\t<div class=\"clearfix\"><\/div>\n\t\t\t\t\t\t<a href=\"https:\/\/the-rsgroup.com\/fr\/postes-disponibles\/kontroler-kontrolerka-jakosci-dostaw\/\"><button class=\"fusion-button button read-more btn btn-info\"><b>&gt;<\/b><\/button><\/a>\n\t\t\t\t\t<\/div>\n\t\t\t\t<\/div>\n\t\t\t<\/div>\n\t\t<\/div>\n\n\t\t\t\t<div class=\"aol-archive aol-wrapper\">\n\t\t\t<div class=\"aol-ad-inner-wrapper\">\n\t\t\t\t<div class=\"panel panel-default open\">\n\t\t\t\t\t<div class=\"panel-heading\">In\u017cynier \/ In\u017cynierka Stacji Pr\u00f3b<\/div>\n\t\t\t\t\t<div class=\"panel-body\"><p><p>ZREW Transformatory S.A., wiod\u0105cy producent olejowych transformator\u00f3w mocy, b\u0119d\u0105cy cz\u0119\u015bci\u0105 szwajcarskiej grupy R&amp;S International Holding poszukuje kandydat\u00f3w do pracy na stanowisku In\u017cynier \/ In\u017cynierka Stacji Pr\u00f3b Zakres obowi\u0105zk\u00f3w: Przeprowadzanie test\u00f3w transformator\u00f3w mocy; Przygotowywanie uk\u0142ad\u00f3w pomiarowych do pr\u00f3b transformatora; Analiza i&hellip;<\/p>\n<\/p>\n\t\t\t\t\t\t<div class=\"clearfix\"><\/div>\n\t\t\t\t\t\t<a href=\"https:\/\/the-rsgroup.com\/fr\/postes-disponibles\/inzynier-inzynierka-stacji-prob\/\"><button class=\"fusion-button button read-more btn btn-info\"><b>&gt;<\/b><\/button><\/a>\n\t\t\t\t\t<\/div>\n\t\t\t\t<\/div>\n\t\t\t<\/div>\n\t\t<\/div>\n\n\t\t\t\t<div class=\"aol-archive aol-wrapper\">\n\t\t\t<div class=\"aol-ad-inner-wrapper\">\n\t\t\t\t<div class=\"panel panel-default open\">\n\t\t\t\t\t<div class=\"panel-heading\">In\u017cynier \/ In\u017cynierka ds. Jako\u015bci<\/div>\n\t\t\t\t\t<div class=\"panel-body\"><p><p>ZREW Transformatory S.A., wiod\u0105cy producent olejowych transformator\u00f3w mocy, b\u0119d\u0105cy cz\u0119\u015bci\u0105 szwajcarskiej grupy R&amp;S International Holding poszukuje kandydat\u00f3w do pracy na stanowisku In\u017cynier \/ In\u017cynierka ds. Jako\u015bci Zakres obowi\u0105zk\u00f3w: Identyfikacja problem\u00f3w jako\u015bciowych produkt\u00f3w i proces\u00f3w oraz analiza ich przyczyn \u017ar\u00f3d\u0142owych Wdra\u017canie&hellip;<\/p>\n<\/p>\n\t\t\t\t\t\t<div class=\"clearfix\"><\/div>\n\t\t\t\t\t\t<a href=\"https:\/\/the-rsgroup.com\/fr\/postes-disponibles\/inzynier-inzynierka-ds-jakosci\/\"><button class=\"fusion-button button read-more btn btn-info\"><b>&gt;<\/b><\/button><\/a>\n\t\t\t\t\t<\/div>\n\t\t\t\t<\/div>\n\t\t\t<\/div>\n\t\t<\/div>\n\n\t\t\t\t<div class=\"aol-archive aol-wrapper\">\n\t\t\t<div class=\"aol-ad-inner-wrapper\">\n\t\t\t\t<div class=\"panel panel-default open\">\n\t\t\t\t\t<div class=\"panel-heading\">Kierownik \/ Kierowniczka Zmiany<\/div>\n\t\t\t\t\t<div class=\"panel-body\"><p><p>ZREW Transformatory S.A., wiod\u0105cy producent olejowych transformator\u00f3w mocy, b\u0119d\u0105cy cz\u0119\u015bci\u0105 szwajcarskiej grupy R&amp;S International Holding poszukuje kandydat\u00f3w do pracy na stanowisku Kierownik \/ Kierowniczka Zmiany Zakres obowi\u0105zk\u00f3w: Identyfikacja problem\u00f3w jako\u015bciowych produkt\u00f3w i proces\u00f3w oraz analiza ich przyczyn \u017ar\u00f3d\u0142owych Wdra\u017canie i&hellip;<\/p>\n<\/p>\n\t\t\t\t\t\t<div class=\"clearfix\"><\/div>\n\t\t\t\t\t\t<a href=\"https:\/\/the-rsgroup.com\/fr\/postes-disponibles\/kierownik-kierowniczka-zmiany\/\"><button class=\"fusion-button button read-more btn btn-info\"><b>&gt;<\/b><\/button><\/a>\n\t\t\t\t\t<\/div>\n\t\t\t\t<\/div>\n\t\t\t<\/div>\n\t\t<\/div>\n\n\t\t\t\t<div class=\"aol-archive aol-wrapper\">\n\t\t\t<div class=\"aol-ad-inner-wrapper\">\n\t\t\t\t<div class=\"panel panel-default open\">\n\t\t\t\t\t<div class=\"panel-heading\">Sta\u017ce\/praktyki studenckie &#8211; ZREW Transformatory &#8211; \u0141\u00f3d\u017a<\/div>\n\t\t\t\t\t<div class=\"panel-body\"><p><p>ZREW Transformatory S.A., wiod\u0105cy producent olejowych transformator\u00f3w mocy, w zwi\u0105zku z budow\u0105 nowego zak\u0142adu \u2013 \u0141\u00f3d\u017a, Nowy J\u00f3zef\u00f3w (planowany termin uruchomienia wrzesie\u0144 2026), poszukuje kandydat\u00f3w na: Sta\u017ce\/praktyki studenckie Do\u0142\u0105cz do ekipy ZREW Transformatory \u2013 buduj z nami energetyczn\u0105 przysz\u0142o\u015b\u0107! Szukasz&hellip;<\/p>\n<\/p>\n\t\t\t\t\t\t<div class=\"clearfix\"><\/div>\n\t\t\t\t\t\t<a href=\"https:\/\/the-rsgroup.com\/fr\/postes-disponibles\/staze-praktyki-studenckie\/\"><button class=\"fusion-button button read-more btn btn-info\"><b>&gt;<\/b><\/button><\/a>\n\t\t\t\t\t<\/div>\n\t\t\t\t<\/div>\n\t\t\t<\/div>\n\t\t<\/div>\n\n\t\t\t\t<div class=\"aol-archive aol-wrapper\">\n\t\t\t<div class=\"aol-ad-inner-wrapper\">\n\t\t\t\t<div class=\"panel panel-default open\">\n\t\t\t\t\t<div class=\"panel-heading\">Aussendienst Verkauf Schaltanlagenbau (80\u2013100 %)<\/div>\n\t\t\t\t\t<div class=\"panel-body\"><p><p>Rauscher &amp; Stoecklin AG\u00a0ist ein f\u00fchrendes Schweizer Unternehmen f\u00fcr elektrotechnische L\u00f6sungen in der Energieverteilung und f\u00fcr industrielle Anwendungen. Seit Jahrzehnten entwickeln und produzieren wir hochwertige Transformatoren, Schaltger\u00e4te und Energiesysteme, die weltweit im Einsatz stehen. Innovation, Schweizer Pr\u00e4zision und technologische Weiterentwicklung&hellip;<\/p>\n<\/p>\n\t\t\t\t\t\t<div class=\"clearfix\"><\/div>\n\t\t\t\t\t\t<a href=\"https:\/\/the-rsgroup.com\/fr\/postes-disponibles\/aussendienst-verkauf-schaltanlagenbau-80-100\/\"><button class=\"fusion-button button read-more btn btn-info\"><b>&gt;<\/b><\/button><\/a>\n\t\t\t\t\t<\/div>\n\t\t\t\t<\/div>\n\t\t\t<\/div>\n\t\t<\/div>\n\n\t\t\t\t<div class=\"aol-archive aol-wrapper\">\n\t\t\t<div class=\"aol-ad-inner-wrapper\">\n\t\t\t\t<div class=\"panel panel-default open\">\n\t\t\t\t\t<div class=\"panel-heading\">Teamleiter Produktion Transformatorenbau (w\/m\/d) 100%<\/div>\n\t\t\t\t\t<div class=\"panel-body\"><p><p>Rauscher &amp; Stoecklin AG\u00a0ist ein f\u00fchrendes Schweizer Unternehmen f\u00fcr elektrotechnische L\u00f6sungen in der Energieverteilung und f\u00fcr industrielle Anwendungen. Seit Jahrzehnten entwickeln und produzieren wir hochwertige Transformatoren, Schaltger\u00e4te und Energiesysteme, die weltweit im Einsatz stehen. Innovation, Schweizer Pr\u00e4zision und technologische Weiterentwicklung&hellip;<\/p>\n<\/p>\n\t\t\t\t\t\t<div class=\"clearfix\"><\/div>\n\t\t\t\t\t\t<a href=\"https:\/\/the-rsgroup.com\/fr\/postes-disponibles\/teamleiter-produktion-transformatorenbau-m-w-d-100\/\"><button class=\"fusion-button button read-more btn btn-info\"><b>&gt;<\/b><\/button><\/a>\n\t\t\t\t\t<\/div>\n\t\t\t\t<\/div>\n\t\t\t<\/div>\n\t\t<\/div>\n\n\t\t\t\t<div class=\"aol-archive aol-wrapper\">\n\t\t\t<div class=\"aol-ad-inner-wrapper\">\n\t\t\t\t<div class=\"panel panel-default open\">\n\t\t\t\t\t<div class=\"panel-heading\">M\u0142odszy Specjalista\/M\u0142odsza Specjalistka ds. Realizacji Kontrakt\u00f3w<\/div>\n\t\t\t\t\t<div class=\"panel-body\"><p><p>ZREW Transformatory S.A., wiod\u0105cy producent olejowych transformator\u00f3w mocy, b\u0119d\u0105cy cz\u0119\u015bci\u0105 szwajcarskiej grupy R&amp;S International Holding poszukuje kandydat\u00f3w do pracy na stanowisku: M\u0142odszy Specjalista\/M\u0142odsza Specjalistka ds. Realizacji Kontrakt\u00f3w Zakres zada\u0144: zapewnienie prawid\u0142owego przebiegu procesu realizacji projektu ze szczeg\u00f3lnym uwzgl\u0119dnieniem kontroli harmonogramu&hellip;<\/p>\n<\/p>\n\t\t\t\t\t\t<div class=\"clearfix\"><\/div>\n\t\t\t\t\t\t<a href=\"https:\/\/the-rsgroup.com\/fr\/postes-disponibles\/mlodszy-specjalista-ds-realizacji-kontraktow\/\"><button class=\"fusion-button button read-more btn btn-info\"><b>&gt;<\/b><\/button><\/a>\n\t\t\t\t\t<\/div>\n\t\t\t\t<\/div>\n\t\t\t<\/div>\n\t\t<\/div>\n\n\t\t\t\t<div class=\"aol-archive aol-wrapper\">\n\t\t\t<div class=\"aol-ad-inner-wrapper\">\n\t\t\t\t<div class=\"panel panel-default open\">\n\t\t\t\t\t<div class=\"panel-heading\">In\u017cynier\/In\u017cynierka Sprzeda\u017cy ds. Eksportu<\/div>\n\t\t\t\t\t<div class=\"panel-body\"><p><p>ZREW Transformatory S.A., wiod\u0105cy producent olejowych transformator\u00f3w mocy, b\u0119d\u0105cy cz\u0119\u015bci\u0105 szwajcarskiej grupy R&amp;S International Holding poszukuje kandydat\u00f3w do pracy na stanowisku In\u017cynier\/In\u017cynierka Sprzeda\u017cy ds. Eksportu Zakres obowi\u0105zk\u00f3w: wsp\u00f3\u0142praca przy realizacji projekt\u00f3w inwestycyjnych na rynkach zagranicznych, kalkulacja i analizy kosztowe, przygotowywanie&hellip;<\/p>\n<\/p>\n\t\t\t\t\t\t<div class=\"clearfix\"><\/div>\n\t\t\t\t\t\t<a href=\"https:\/\/the-rsgroup.com\/fr\/postes-disponibles\/inzynier-sprzedazy-ds-eksportu-2\/\"><button class=\"fusion-button button read-more btn btn-info\"><b>&gt;<\/b><\/button><\/a>\n\t\t\t\t\t<\/div>\n\t\t\t\t<\/div>\n\t\t\t<\/div>\n\t\t<\/div>\n\n\t\t\t\t<div class=\"aol-archive aol-wrapper\">\n\t\t\t<div class=\"aol-ad-inner-wrapper\">\n\t\t\t\t<div class=\"panel panel-default open\">\n\t\t\t\t\t<div class=\"panel-heading\">Kontroler\/Kontrolerka Jako\u015bci<\/div>\n\t\t\t\t\t<div class=\"panel-body\"><p><p>ZREW Transformatory S.A., wiod\u0105cy producent olejowych transformator\u00f3w mocy, b\u0119d\u0105cy cz\u0119\u015bci\u0105 szwajcarskiej grupy R&amp;S International Holding poszukuje kandydat\u00f3w do pracy na stanowisku Kontroler\/Kontrolerka Jako\u015bci Zakres obowi\u0105zk\u00f3w: kontrola jako\u015bci dostaw materia\u0142\u00f3w produkcyjnych, dopuszczanie materia\u0142\u00f3w do produkcji na podstawie uzyskanych wynik\u00f3w z kontroli&hellip;<\/p>\n<\/p>\n\t\t\t\t\t\t<div class=\"clearfix\"><\/div>\n\t\t\t\t\t\t<a href=\"https:\/\/the-rsgroup.com\/fr\/postes-disponibles\/kontroler-jakosci\/\"><button class=\"fusion-button button read-more btn btn-info\"><b>&gt;<\/b><\/button><\/a>\n\t\t\t\t\t<\/div>\n\t\t\t\t<\/div>\n\t\t\t<\/div>\n\t\t<\/div>\n\n\t\t\t\t<div class=\"aol-archive aol-wrapper\">\n\t\t\t<div class=\"aol-ad-inner-wrapper\">\n\t\t\t\t<div class=\"panel panel-default open\">\n\t\t\t\t\t<div class=\"panel-heading\">Spawacz\/Spawaczka<\/div>\n\t\t\t\t\t<div class=\"panel-body\"><p><p>ZREW Transformatory S.A., wiod\u0105cy producent olejowych transformator\u00f3w mocy, b\u0119d\u0105cy cz\u0119\u015bci\u0105 szwajcarskiej grupy R&amp;S International Holding poszukuje kandydat\u00f3w do pracy na stanowisku Spawacz\/Spawaczka Opis stanowiska: spawanie element\u00f3w stalowych do kadzi transformatorowych metod\u0105 MAG 135\/138 zgodnie z dostarczonym rysunkiem technicznym, przestrzeganie zasad&hellip;<\/p>\n<\/p>\n\t\t\t\t\t\t<div class=\"clearfix\"><\/div>\n\t\t\t\t\t\t<a href=\"https:\/\/the-rsgroup.com\/fr\/postes-disponibles\/spawacz\/\"><button class=\"fusion-button button read-more btn btn-info\"><b>&gt;<\/b><\/button><\/a>\n\t\t\t\t\t<\/div>\n\t\t\t\t<\/div>\n\t\t\t<\/div>\n\t\t<\/div>\n\n\t\t\t\t<div class=\"aol-archive aol-wrapper\">\n\t\t\t<div class=\"aol-ad-inner-wrapper\">\n\t\t\t\t<div class=\"panel panel-default open\">\n\t\t\t\t\t<div class=\"panel-heading\">Magazynier\/Magazynierka<\/div>\n\t\t\t\t\t<div class=\"panel-body\"><p><p>ZREW Transformatory S.A., wiod\u0105cy producent olejowych transformator\u00f3w mocy, b\u0119d\u0105cy cz\u0119\u015bci\u0105 szwajcarskiej grupy R&amp;S International Holding poszukuje kandydat\u00f3w do pracy na stanowisku Magazynier\/Magazynierka Osoba zatrudniona na tym stanowisku b\u0119dzie odpowiedzialna m. in. za: za\u0142adunek i roz\u0142adunek towaru, przyjmowanie i wydawanie towar\u00f3w&hellip;<\/p>\n<\/p>\n\t\t\t\t\t\t<div class=\"clearfix\"><\/div>\n\t\t\t\t\t\t<a href=\"https:\/\/the-rsgroup.com\/fr\/postes-disponibles\/magazynier\/\"><button class=\"fusion-button button read-more btn btn-info\"><b>&gt;<\/b><\/button><\/a>\n\t\t\t\t\t<\/div>\n\t\t\t\t<\/div>\n\t\t\t<\/div>\n\t\t<\/div>\n\n\t\t\t\t<div class=\"aol-archive aol-wrapper\">\n\t\t\t<div class=\"aol-ad-inner-wrapper\">\n\t\t\t\t<div class=\"panel panel-default open\">\n\t\t\t\t\t<div class=\"panel-heading\">Konstruktor\/Konstruktorka w Dziale Ofertowym<\/div>\n\t\t\t\t\t<div class=\"panel-body\"><p><p>ZREW Transformatory S.A., wiod\u0105cy producent olejowych transformator\u00f3w mocy, b\u0119d\u0105cy cz\u0119\u015bci\u0105 szwajcarskiej grupy R&amp;S International Holding poszukuje kandydat\u00f3w do pracy na stanowisku Konstruktor\/Konstruktorka w Dziale Ofertowym Opis stanowiska: przygotowywanie ofert pod wzgl\u0119dem technicznym, obliczenie podstawowych parametr\u00f3w transformator\u00f3w, dob\u00f3r osprz\u0119tu do transformator\u00f3w,&hellip;<\/p>\n<\/p>\n\t\t\t\t\t\t<div class=\"clearfix\"><\/div>\n\t\t\t\t\t\t<a href=\"https:\/\/the-rsgroup.com\/fr\/postes-disponibles\/konstruktor-w-dziale-ofertowym\/\"><button class=\"fusion-button button read-more btn btn-info\"><b>&gt;<\/b><\/button><\/a>\n\t\t\t\t\t<\/div>\n\t\t\t\t<\/div>\n\t\t\t<\/div>\n\t\t<\/div>\n\n\t\t\t<\/div>[\/vc_column_text][\/vc_column][\/vc_row]<\/p>\n<\/div>","protected":false},"excerpt":{"rendered":"<p>[vc_section full_width=&#8221;stretch_row&#8221; content_placement=&#8221;middle&#8221; min_height=&#8221;480&#8243; css=&#8221;.vc_custom_1751270434508{background-image: url(https:\/\/the-rsgroup.com\/wp-content\/uploads\/2025\/06\/slider-img2.jpg?id=21667) !important;background-position: center !important;background-repeat: no-repeat !important;background-size: cover !important;}&#8221; el_class=&#8221;inner-page-banner-section&#8221;][vc_row][vc_column][apress_heading sub_title=&#8221;Apply now and join our ambitious team&#8221; content_alignment=&#8221;left&#8221; data_animation=&#8221;fadeInRight&#8221; enable_delimiter=&#8221;&#8221; style=&#8221;heading_style1&#8243; title_font_options=&#8221;tag:h1&#8243; subtitle_font_options=&#8221;tag:div&#8221;]Postes disponibles[\/apress_heading][\/vc_column][\/vc_row][\/vc_section][vc_row full_width=&#8221;stretch_row&#8221; content_placement=&#8221;middle&#8221; css=&#8221;.vc_custom_1763536640987{padding-top: 20px !important;padding-right: 20px !important;padding-bottom: 60px !important;padding-left: 20px !important;background-color: #FFFFFF&hellip;<\/p>\n","protected":false},"author":1,"featured_media":0,"parent":8029,"menu_order":0,"comment_status":"closed","ping_status":"closed","template":"template-fullwidth-page.php","meta":{"_acf_changed":false,"_monsterinsights_skip_tracking":false,"_monsterinsights_sitenote_active":false,"_monsterinsights_sitenote_note":"","_monsterinsights_sitenote_category":0,"footnotes":""},"class_list":["post-8039","page","type-page","status-publish","hentry"],"acf":[],"_links":{"self":[{"href":"https:\/\/the-rsgroup.com\/fr\/wp-json\/wp\/v2\/pages\/8039","targetHints":{"allow":["GET"]}}],"collection":[{"href":"https:\/\/the-rsgroup.com\/fr\/wp-json\/wp\/v2\/pages"}],"about":[{"href":"https:\/\/the-rsgroup.com\/fr\/wp-json\/wp\/v2\/types\/page"}],"author":[{"embeddable":true,"href":"https:\/\/the-rsgroup.com\/fr\/wp-json\/wp\/v2\/users\/1"}],"replies":[{"embeddable":true,"href":"https:\/\/the-rsgroup.com\/fr\/wp-json\/wp\/v2\/comments?post=8039"}],"version-history":[{"count":6,"href":"https:\/\/the-rsgroup.com\/fr\/wp-json\/wp\/v2\/pages\/8039\/revisions"}],"predecessor-version":[{"id":27591,"href":"https:\/\/the-rsgroup.com\/fr\/wp-json\/wp\/v2\/pages\/8039\/revisions\/27591"}],"up":[{"embeddable":true,"href":"https:\/\/the-rsgroup.com\/fr\/wp-json\/wp\/v2\/pages\/8029"}],"wp:attachment":[{"href":"https:\/\/the-rsgroup.com\/fr\/wp-json\/wp\/v2\/media?parent=8039"}],"curies":[{"name":"wp","href":"https:\/\/api.w.org\/{rel}","templated":true}]}}