{"id":8049,"date":"2020-01-30T10:34:55","date_gmt":"2020-01-30T10:34:55","guid":{"rendered":"http:\/\/the-rsgroup.com\/carrieres\/rs-comme-employeur"},"modified":"2025-11-18T10:56:20","modified_gmt":"2025-11-18T10:56:20","slug":"rs-comme-employeur","status":"publish","type":"page","link":"https:\/\/the-rsgroup.com\/fr\/carrieres\/rs-comme-employeur\/","title":{"rendered":"R&#038;S comme employeur"},"content":{"rendered":"<div class=\"wpb-content-wrapper\"><p>[vc_section full_width=&#8221;stretch_row&#8221; content_placement=&#8221;middle&#8221; min_height=&#8221;480&#8243; css=&#8221;.vc_custom_1759585488217{background-image: url(https:\/\/the-rsgroup.com\/wp-content\/uploads\/2019\/12\/rs-employees-communicating.jpg?id=5076) !important;background-position: center !important;background-repeat: no-repeat !important;background-size: cover !important;}&#8221; el_class=&#8221;inner-page-banner-section&#8221;][vc_row][vc_column][apress_heading sub_title=&#8221;Nous soutenons la diversit\u00e9&#8221; content_alignment=&#8221;left&#8221; data_animation=&#8221;fadeInRight&#8221; enable_delimiter=&#8221;&#8221; style=&#8221;heading_style1&#8243; title_font_options=&#8221;tag:h1&#8243; subtitle_font_options=&#8221;tag:div&#8221;]R&amp;S comme employeur[\/apress_heading][\/vc_column][\/vc_row][\/vc_section][vc_row css=&#8221;.vc_custom_1754397038214{padding-top: 80px !important;padding-bottom: 80px !important;}&#8221;][vc_column apress_zindex=&#8221;9&#8243; css=&#8221;.vc_custom_1574377236432{background-color: #ffffff !important;}&#8221; el_class=&#8221;custom_sidebar high_zIndex&#8221;][apress_heading sub_title=&#8221;&#8221; content_alignment=&#8221;left&#8221; enable_delimiter=&#8221;&#8221; color_scheme=&#8221;color_scheme1&#8243; style=&#8221;heading_style6&#8243; title_font_options=&#8221;tag:h2|letter_spacing:0&#8243; subtitle_font_options=&#8221;tag:div|letter_spacing:3&#8243; heading_margin=&#8221;margin-top:10|margin-bottom:30&#8243; class=&#8221;h2-heading-custom&#8221;]En tant qu\u2019entreprise internationale, nous souhaitons respecter et proposer dans notre environnement de travail la m\u00eame diversit\u00e9 que celles que l&#8217;on trouve dans le monde.[\/apress_heading][vc_column_text]Vous n\u2019avez pas \u00e0 rentrer dans un moule. Nous sommes une organisation en apprentissage et nous soutenons une culture qui promeut un apprentissage et un partage continus.[\/vc_column_text][\/vc_column][\/vc_row][vc_row apcore_row_stretch_opt=&#8221;stretch_row_and_content&#8221; full_width=&#8221;stretch_row&#8221; equal_height=&#8221;yes&#8221; el_class=&#8221;full-width-half-content&#8221; css=&#8221;.vc_custom_1753947166731{padding-top: 0px !important;padding-bottom: 0px !important;}&#8221;][vc_column width=&#8221;1\/2&#8243;][vc_single_image image=&#8221;5254&#8243; img_size=&#8221;full&#8221; css=&#8221;.vc_custom_1754396698355{padding-top: 0px !important;padding-right: 0px !important;padding-bottom: 0px !important;padding-left: 0px !important;}&#8221;][\/vc_column][vc_column width=&#8221;1\/2&#8243; el_class=&#8221;half-content-column&#8221;][apress_heading sub_title=&#8221;&#8221; content_alignment=&#8221;left&#8221; enable_delimiter=&#8221;&#8221; color_scheme=&#8221;color_scheme2&#8243; style=&#8221;heading_style5&#8243; title_font_options=&#8221;tag:h2&#8243; subtitle_font_options=&#8221;tag:div&#8221; heading_margin=&#8221;margin-top:10|margin-bottom:30&#8243;]En vouloir plus \u2013 nous vous aidons \u00e0 vous d\u00e9velopper\u00a0![\/apress_heading]<div class=\"ult-spacer spacer-69efd49496148\" data-id=\"69efd49496148\" data-height=\"20\" data-height-mobile=\"20\" data-height-tab=\"20\" data-height-tab-portrait=\"\" data-height-mobile-landscape=\"\" style=\"clear:both;display:block;\"><\/div>[vc_column_text css=&#8221;&#8221;]Nous savons que nos employ\u00e9s sont le plus important avantage de notre entreprise. C\u2019est pourquoi nous les encourageons \u00e0 se d\u00e9velopper et \u00e0 atteindre leurs objectifs personnels. Notre pr\u00e9sence internationale implique que vous pouvez choisir parmi une grande vari\u00e9t\u00e9 d\u2019opportunit\u00e9s mondiales.[\/vc_column_text][\/vc_column][\/vc_row][vc_row apcore_row_stretch_opt=&#8221;stretch_row_and_content&#8221; full_width=&#8221;stretch_row&#8221; equal_height=&#8221;yes&#8221; el_class=&#8221;full-width-half-content&#8221; css=&#8221;.vc_custom_1763463371168{padding-top: 0px !important;padding-bottom: 0px !important;}&#8221; el_id=&#8221;col-reverse&#8221;][vc_column width=&#8221;1\/2&#8243; el_class=&#8221;half-content-column&#8221;][apress_heading sub_title=&#8221;&#8221; content_alignment=&#8221;left&#8221; enable_delimiter=&#8221;&#8221; color_scheme=&#8221;color_scheme2&#8243; style=&#8221;heading_style5&#8243; title_font_options=&#8221;tag:h2&#8243; subtitle_font_options=&#8221;tag:div&#8221; heading_margin=&#8221;margin-top:10|margin-bottom:30&#8243;]Un climat de travail stimulant[\/apress_heading]<div class=\"ult-spacer spacer-69efd49496203\" data-id=\"69efd49496203\" data-height=\"20\" data-height-mobile=\"20\" data-height-tab=\"20\" data-height-tab-portrait=\"\" data-height-mobile-landscape=\"\" style=\"clear:both;display:block;\"><\/div>[vc_column_text css=&#8221;&#8221;]Un bon climat de travail est vital pour que les employ\u00e9s soient satisfaits. En organisant r\u00e9guli\u00e8rement des \u00e9v\u00e9nements comme des cours de cuisine ou des d\u00e9fis \u00ab\u00a0venir au travail en v\u00e9lo\u00a0\u00bb, nous entretenons un environnement amical o\u00f9 les gens sont heureux de venir travailler jour apr\u00e8s jour. Nos valeurs principales garantissent que nous sommes sur la m\u00eame longueur d\u2019onde\u00a0:<\/p>\n<ul>\n<li>Collaboration\u00a0: nous sommes tr\u00e8s r\u00e9actifs aux besoins de nos clients, centr\u00e9s sur nos \u00e9quipes, humbles et respectueux. Et nous cherchons constamment \u00e0 proposer de meilleures solutions.<\/li>\n<li>Savoir-faire\u00a0: nous d\u00e9veloppons et fabriquons nos produits avec passion et flexibilit\u00e9 pour garantir une qualit\u00e9 \u00e9lev\u00e9e et une excellence technique.<\/li>\n<li>Fiabilit\u00e9\u00a0: nous satisfaisons les attentes et tenons nos promesses \u00e0 travers notre conduite et nos produits.<\/li>\n<li>Int\u00e9grit\u00e9\u00a0: nous d\u00e9veloppons la confiance en \u00e9tant honn\u00eates et conciliants dans tout ce que nous faisons.<\/li>\n<li>Durabilit\u00e9\u00a0: nous aidons \u00e0 faire du monde un endroit o\u00f9 il fait bon vivre gr\u00e2ce \u00e0 notre grande conscience des probl\u00e8mes de s\u00e9curit\u00e9 et d\u2019environnement.<\/li>\n<\/ul>\n<p>[\/vc_column_text][\/vc_column][vc_column width=&#8221;1\/2&#8243;][vc_single_image image=&#8221;2936&#8243; img_size=&#8221;full&#8221; css=&#8221;.vc_custom_1754396780908{padding-top: 0px !important;padding-right: 0px !important;padding-bottom: 0px !important;padding-left: 0px !important;}&#8221;][\/vc_column][\/vc_row][vc_row apcore_row_stretch_opt=&#8221;stretch_row_and_content&#8221; full_width=&#8221;stretch_row&#8221; equal_height=&#8221;yes&#8221; el_class=&#8221;full-width-half-content&#8221; css=&#8221;.vc_custom_1753947166731{padding-top: 0px !important;padding-bottom: 0px !important;}&#8221;][vc_column width=&#8221;1\/2&#8243;][vc_single_image image=&#8221;2929&#8243; img_size=&#8221;full&#8221; css=&#8221;.vc_custom_1754396862401{padding-top: 0px !important;padding-right: 0px !important;padding-bottom: 0px !important;padding-left: 0px !important;}&#8221;][\/vc_column][vc_column width=&#8221;1\/2&#8243; el_class=&#8221;half-content-column&#8221;][apress_heading sub_title=&#8221;&#8221; content_alignment=&#8221;left&#8221; enable_delimiter=&#8221;&#8221; color_scheme=&#8221;color_scheme2&#8243; style=&#8221;heading_style5&#8243; title_font_options=&#8221;tag:h2&#8243; subtitle_font_options=&#8221;tag:div&#8221; heading_margin=&#8221;margin-top:10|margin-bottom:30&#8243;]De superbes opportunit\u00e9s pour les jeunes[\/apress_heading]<div class=\"ult-spacer spacer-69efd49496272\" data-id=\"69efd49496272\" data-height=\"20\" data-height-mobile=\"20\" data-height-tab=\"20\" data-height-tab-portrait=\"\" data-height-mobile-landscape=\"\" style=\"clear:both;display:block;\"><\/div>[vc_column_text css=&#8221;&#8221;]Vous souhaitez mettre votre formation en pratique. Nous proposons un environnement international et disposons d\u2019une grande vari\u00e9t\u00e9 de postes disponibles aux \u00e9tudiants, aux jeunes dipl\u00f4m\u00e9s et aux apprentis. Montrez-nous votre potentiel et saisissez l\u2019opportunit\u00e9 d\u2019am\u00e9liorer votre expertise ainsi que d\u2019\u00e9largir votre r\u00e9seau gr\u00e2ce \u00e0 des professionnels du monde entier. Chez R&amp;S, nous avons h\u00e2te de conna\u00eetre vos id\u00e9es fra\u00eeches et innovantes.[\/vc_column_text][\/vc_column][\/vc_row][vc_row full_width=&#8221;stretch_row&#8221; equal_height=&#8221;yes&#8221; css=&#8221;.vc_custom_1758288511745{padding-top: 80px !important;padding-bottom: 80px !important;background-color: #F2F2F2 !important;}&#8221; el_class=&#8221;testimonial-wrap&#8221;][vc_column centered_text=&#8221;true&#8221;][vc_row_inner gap=&#8221;30&#8243; el_class=&#8221;testimonial-wrap-row&#8221;][vc_column_inner width=&#8221;1\/6&#8243;][vc_single_image image=&#8221;21743&#8243; img_size=&#8221;full&#8221; alignment=&#8221;right&#8221; css=&#8221;&#8221;][\/vc_column_inner][vc_column_inner width=&#8221;5\/6&#8243;][vc_column_text css=&#8221;&#8221;]<\/p>\n<p class=\"quotation\">La diversit\u00e9 est g\u00e9niale dans mon travail. J\u2019ai pass\u00e9 plus de quatre ans \u00e0 Duba\u00ef. C\u2019est une ville vivante qui offre d\u2019innombrables opportunit\u00e9s. Maintenant, je suis revenu en Italie, o\u00f9 je peux appliquer mes nouvelles comp\u00e9tences et continuer \u00e0 me d\u00e9velopper. C\u2019est excitant\u00a0!<\/p>\n<p><strong>Luca Procino \u2013 directeur commercial sectoriel pour le Moyen-Orient<\/strong>[\/vc_column_text][\/vc_column_inner][\/vc_row_inner][vc_row_inner gap=&#8221;30&#8243; el_class=&#8221;testimonial-wrap-row&#8221; css=&#8221;.vc_custom_1754399966544{margin-top: 50px !important;}&#8221;][vc_column_inner width=&#8221;1\/6&#8243;][vc_single_image image=&#8221;21743&#8243; img_size=&#8221;full&#8221; alignment=&#8221;right&#8221; css=&#8221;&#8221;][\/vc_column_inner][vc_column_inner width=&#8221;5\/6&#8243;][vc_column_text css=&#8221;&#8221;]<\/p>\n<p class=\"quotation\">Le soutien complet que je re\u00e7ois de mon superviseur et de mes coll\u00e8gues me permet \u00e0 la fois d\u2019en apprendre plus en ing\u00e9nierie \u00e9lectrique et de d\u00e9velopper mon cercle social. Cela me permet d\u2019appliquer \u00e9galement ce que j\u2019ai appris en dehors de mon stage.<\/p>\n<p><strong>Robin Imhof \u2013 apprenti ing\u00e9nieur<\/strong>[\/vc_column_text][\/vc_column_inner][\/vc_row_inner]<div class=\"ult-spacer spacer-69efd494962e0\" data-id=\"69efd494962e0\" data-height=\"80\" data-height-mobile=\"80\" data-height-tab=\"80\" data-height-tab-portrait=\"\" data-height-mobile-landscape=\"\" style=\"clear:both;display:block;\"><\/div>[apress_button button_text=&#8221;Jetez un \u0153il \u00e0 nos postes disponibles&#8221; button_size=&#8221;medium&#8221; button_alignment=&#8221;center&#8221; box_shadow=&#8221;box_shadow_enable:disable|shadow_horizontal:1|shadow_vertical:2|shadow_blur:4|shadow_spread:0|box_shadow_color:rgba(0%2C0%2C0%2C0.2)&#8221; box_hover_shadow=&#8221;box_shadow_enable:disable|shadow_horizontal:2|shadow_vertical:2|shadow_blur:7|shadow_spread:0|box_shadow_color:rgba(0%2C0%2C0%2C0.2)&#8221; button_swing=&#8221;yes&#8221; button_shape=&#8221;square&#8221; button_link=&#8221;url:%2Ffr%2Fcarrieres%2Fpostes-disponibles%2F|title:Reference%20projects&#8221;][\/vc_column][\/vc_row]<\/p>\n<\/div>","protected":false},"excerpt":{"rendered":"<p>[vc_section full_width=&#8221;stretch_row&#8221; content_placement=&#8221;middle&#8221; min_height=&#8221;480&#8243; css=&#8221;.vc_custom_1759585488217{background-image: url(https:\/\/the-rsgroup.com\/wp-content\/uploads\/2019\/12\/rs-employees-communicating.jpg?id=5076) !important;background-position: center !important;background-repeat: no-repeat !important;background-size: cover !important;}&#8221; el_class=&#8221;inner-page-banner-section&#8221;][vc_row][vc_column][apress_heading sub_title=&#8221;Nous soutenons la diversit\u00e9&#8221; content_alignment=&#8221;left&#8221; data_animation=&#8221;fadeInRight&#8221; enable_delimiter=&#8221;&#8221; style=&#8221;heading_style1&#8243; title_font_options=&#8221;tag:h1&#8243; subtitle_font_options=&#8221;tag:div&#8221;]R&amp;S comme employeur[\/apress_heading][\/vc_column][\/vc_row][\/vc_section][vc_row css=&#8221;.vc_custom_1754397038214{padding-top: 80px !important;padding-bottom: 80px !important;}&#8221;][vc_column apress_zindex=&#8221;9&#8243; css=&#8221;.vc_custom_1574377236432{background-color: #ffffff !important;}&#8221; el_class=&#8221;custom_sidebar high_zIndex&#8221;][apress_heading sub_title=&#8221;&#8221; content_alignment=&#8221;left&#8221; enable_delimiter=&#8221;&#8221;&hellip;<\/p>\n","protected":false},"author":1,"featured_media":0,"parent":8029,"menu_order":0,"comment_status":"closed","ping_status":"closed","template":"template-fullwidth-page.php","meta":{"_acf_changed":false,"_monsterinsights_skip_tracking":false,"_monsterinsights_sitenote_active":false,"_monsterinsights_sitenote_note":"","_monsterinsights_sitenote_category":0,"footnotes":""},"class_list":["post-8049","page","type-page","status-publish","hentry"],"acf":[],"_links":{"self":[{"href":"https:\/\/the-rsgroup.com\/fr\/wp-json\/wp\/v2\/pages\/8049","targetHints":{"allow":["GET"]}}],"collection":[{"href":"https:\/\/the-rsgroup.com\/fr\/wp-json\/wp\/v2\/pages"}],"about":[{"href":"https:\/\/the-rsgroup.com\/fr\/wp-json\/wp\/v2\/types\/page"}],"author":[{"embeddable":true,"href":"https:\/\/the-rsgroup.com\/fr\/wp-json\/wp\/v2\/users\/1"}],"replies":[{"embeddable":true,"href":"https:\/\/the-rsgroup.com\/fr\/wp-json\/wp\/v2\/comments?post=8049"}],"version-history":[{"count":11,"href":"https:\/\/the-rsgroup.com\/fr\/wp-json\/wp\/v2\/pages\/8049\/revisions"}],"predecessor-version":[{"id":27193,"href":"https:\/\/the-rsgroup.com\/fr\/wp-json\/wp\/v2\/pages\/8049\/revisions\/27193"}],"up":[{"embeddable":true,"href":"https:\/\/the-rsgroup.com\/fr\/wp-json\/wp\/v2\/pages\/8029"}],"wp:attachment":[{"href":"https:\/\/the-rsgroup.com\/fr\/wp-json\/wp\/v2\/media?parent=8049"}],"curies":[{"name":"wp","href":"https:\/\/api.w.org\/{rel}","templated":true}]}}