{"id":8069,"date":"2020-01-30T10:59:02","date_gmt":"2020-01-30T10:59:02","guid":{"rendered":"http:\/\/the-rsgroup.com\/industries"},"modified":"2025-12-22T13:07:27","modified_gmt":"2025-12-22T13:07:27","slug":"industries","status":"publish","type":"page","link":"https:\/\/the-rsgroup.com\/fr\/industries\/","title":{"rendered":"Industries"},"content":{"rendered":"<div class=\"wpb-content-wrapper\"><p>[vc_section full_width=&#8221;stretch_row&#8221; content_placement=&#8221;middle&#8221; min_height=&#8221;480&#8243; css=&#8221;.vc_custom_1751266011847{background-image: url(https:\/\/the-rsgroup.com\/wp-content\/uploads\/2025\/04\/industry-banner.jpg?id=21545) !important;background-position: center !important;background-repeat: no-repeat !important;background-size: cover !important;}&#8221; el_class=&#8221;inner-page-banner-section&#8221;][vc_row][vc_column][apress_heading sub_title=&#8221;Vos d\u00e9fis sont notre passion&#8221; content_alignment=&#8221;left&#8221; data_animation=&#8221;fadeInRight&#8221; enable_delimiter=&#8221;&#8221; style=&#8221;heading_style1&#8243; title_font_options=&#8221;tag:h1&#8243; subtitle_font_options=&#8221;tag:div&#8221;]Industries[\/apress_heading][\/vc_column][\/vc_row][\/vc_section][vc_row full_width=&#8221;stretch_row&#8221; content_placement=&#8221;middle&#8221; css=&#8221;.vc_custom_1763468049216{padding-top: 20px !important;padding-bottom: 40px !important;background-color: #FFFFFF !important;background-position: center !important;background-repeat: no-repeat !important;background-size: cover !important;}&#8221; min_height=&#8221;480&#8243; el_class=&#8221;page-title-section mx-0&#8243; el_id=&#8221;indus_row2&#8243; responsive_css=&#8221;padding_top_smartphones:0px|padding_top_small:0px&#8221;][vc_column apress_zindex=&#8221;9&#8243; el_class=&#8221;custom_sidebar high_zIndex&#8221;][apress_heading sub_title=&#8221;&#8221; content_alignment=&#8221;left&#8221; enable_delimiter=&#8221;&#8221; color_scheme=&#8221;design_your_own&#8221; main_heading_color=&#8221;#6980B4&#8243; style=&#8221;heading_style1&#8243; title_font_options=&#8221;tag:h2|font_size:46|line_height:50|letter_spacing:1&#8243; subtitle_font_options=&#8221;tag:div|color:%23ffffff&#8221; heading_margin=&#8221;margin-top:10|margin-bottom:30&#8243; class=&#8221;h2-heading-custom&#8221;]Gr\u00e2ce \u00e0 nos produits de haute qualit\u00e9, nous sommes un partenaire fiable pour les clients du secteur \u00e9nerg\u00e9tique de par le monde.[\/apress_heading][\/vc_column][\/vc_row][vc_row apcore_row_stretch_opt=&#8221;stretch_row_and_content&#8221; full_width=&#8221;stretch_row_content_no_spaces&#8221; content_placement=&#8221;middle&#8221; css=&#8221;.vc_custom_1747141675568{padding-top: 0px !important;padding-bottom: 0px !important;background-color: #F2F2F2 !important;}&#8221; el_class=&#8221;full-width-image-section&#8221;][vc_column width=&#8221;1\/2&#8243; css=&#8221;.vc_custom_1747995257510{padding-top: 0px !important;padding-bottom: 0px !important;}&#8221; el_class=&#8221;img_col&#8221;][vc_single_image image=&#8221;3949&#8243; img_size=&#8221;full&#8221; css=&#8221;&#8221;][\/vc_column][vc_column width=&#8221;1\/2&#8243; el_class=&#8221;col_content&#8221;][vc_row_inner css=&#8221;.vc_custom_1755445598875{padding-top: 60px !important;padding-right: 60px !important;padding-bottom: 60px !important;padding-left: 60px !important;}&#8221; responsive_css=&#8221;padding_top_smartphones:30px|padding_top_small:40px&#8221; el_class=&#8221;left-right-content&#8221;][vc_column_inner][vc_column_text css=&#8221;&#8221;]<\/p>\n<h3>Distribution \u00e9lectrique<\/h3>\n<p>Le changement est in\u00e9vitable dans le secteur de la distribution \u00e9lectrique. Nous vous assistons dans votre entreprise visant \u00e0 mettre en place un r\u00e9seau efficace et intelligent.<br \/>\n<a href=\"https:\/\/the-rsgroup.com\/fr\/industries\/distribution-electrique\">En savoir plus<\/a>[\/vc_column_text][\/vc_column_inner][\/vc_row_inner][\/vc_column][\/vc_row][vc_row apcore_row_stretch_opt=&#8221;stretch_row_and_content&#8221; full_width=&#8221;stretch_row_content_no_spaces&#8221; content_placement=&#8221;middle&#8221; apress_column_reverse=&#8221;yes&#8221; css=&#8221;.vc_custom_1755445169057{padding-top: 0px !important;padding-bottom: 0px !important;background-color: #FFFFFF !important;}&#8221; el_class=&#8221;full-width-image-section col_order&#8221;][vc_column width=&#8221;1\/2&#8243; el_class=&#8221;col_content&#8221;][vc_row_inner css=&#8221;.vc_custom_1755445612450{padding-top: 60px !important;padding-right: 60px !important;padding-bottom: 60px !important;padding-left: 60px !important;}&#8221; el_class=&#8221;left-right-content&#8221;][vc_column_inner][vc_column_text css=&#8221;&#8221;]<\/p>\n<h3>\u00c9nergies renouvelables<\/h3>\n<p>Tout le monde parle d\u2019\u00e9nergie verte. D\u00e9couvrez comment R&amp;S peut vous aider \u00e0 b\u00e9n\u00e9ficier d\u2019une alimentation en \u00e9nergie durable.<br \/>\n<a href=\"https:\/\/the-rsgroup.com\/fr\/industries\/energies-renouvelables\">En savoir plus<\/a>[\/vc_column_text][\/vc_column_inner][\/vc_row_inner][\/vc_column][vc_column width=&#8221;1\/2&#8243; css=&#8221;.vc_custom_1747995252391{padding-top: 0px !important;padding-bottom: 0px !important;}&#8221; el_class=&#8221;img_col&#8221;][vc_single_image image=&#8221;5066&#8243; img_size=&#8221;full&#8221; css=&#8221;&#8221;][\/vc_column][\/vc_row][vc_row apcore_row_stretch_opt=&#8221;stretch_row_and_content&#8221; full_width=&#8221;stretch_row_content_no_spaces&#8221; content_placement=&#8221;middle&#8221; apress_column_reverse=&#8221;yes&#8221; css=&#8221;.vc_custom_1766408840072{padding-top: 0px !important;padding-bottom: 0px !important;background-color: #F2F2F2 !important;border-color: #F2F2F2 !important;}&#8221; el_class=&#8221;full-width-image-section col_order&#8221;][vc_column width=&#8221;1\/2&#8243; css=&#8221;.vc_custom_1747995239755{padding-top: 0px !important;padding-bottom: 0px !important;}&#8221; el_class=&#8221;img_col&#8221;][vc_single_image image=&#8221;5108&#8243; img_size=&#8221;full&#8221; css=&#8221;&#8221;][\/vc_column][vc_column width=&#8221;1\/2&#8243; el_class=&#8221;col_content&#8221; css=&#8221;.vc_custom_1766408674037{background-color: #F2F2F2 !important;}&#8221;][vc_row_inner css=&#8221;.vc_custom_1755445628490{padding-top: 60px !important;padding-right: 60px !important;padding-bottom: 60px !important;padding-left: 60px !important;}&#8221; el_class=&#8221;left-right-content&#8221;][vc_column_inner][vc_column_text css=&#8221;&#8221;]<\/p>\n<h3>Industry<\/h3>\n<p>Efficiency is one of the main factors that allow industries to gain a competitive advantage. Find out more about our range with regard to energy efficiency.<br \/>\n<a href=\"https:\/\/the-rsgroup.com\/fr\/industries\/industrie\">En savoir plus<\/a>[\/vc_column_text][\/vc_column_inner][\/vc_row_inner][\/vc_column][\/vc_row]<\/p>\n<\/div>","protected":false},"excerpt":{"rendered":"<p>[vc_section full_width=&#8221;stretch_row&#8221; content_placement=&#8221;middle&#8221; min_height=&#8221;480&#8243; css=&#8221;.vc_custom_1751266011847{background-image: url(https:\/\/the-rsgroup.com\/wp-content\/uploads\/2025\/04\/industry-banner.jpg?id=21545) !important;background-position: center !important;background-repeat: no-repeat !important;background-size: cover !important;}&#8221; el_class=&#8221;inner-page-banner-section&#8221;][vc_row][vc_column][apress_heading sub_title=&#8221;Vos d\u00e9fis sont notre passion&#8221; content_alignment=&#8221;left&#8221; data_animation=&#8221;fadeInRight&#8221; enable_delimiter=&#8221;&#8221; style=&#8221;heading_style1&#8243; title_font_options=&#8221;tag:h1&#8243; subtitle_font_options=&#8221;tag:div&#8221;]Industries[\/apress_heading][\/vc_column][\/vc_row][\/vc_section][vc_row full_width=&#8221;stretch_row&#8221; content_placement=&#8221;middle&#8221; css=&#8221;.vc_custom_1763468049216{padding-top: 20px !important;padding-bottom: 40px !important;background-color: #FFFFFF !important;background-position: center !important;background-repeat: no-repeat !important;background-size: cover !important;}&#8221;&hellip;<\/p>\n","protected":false},"author":1,"featured_media":0,"parent":0,"menu_order":0,"comment_status":"closed","ping_status":"closed","template":"template-fullwidth-page.php","meta":{"_acf_changed":false,"_monsterinsights_skip_tracking":false,"_monsterinsights_sitenote_active":false,"_monsterinsights_sitenote_note":"","_monsterinsights_sitenote_category":0,"footnotes":""},"class_list":["post-8069","page","type-page","status-publish","hentry"],"acf":[],"_links":{"self":[{"href":"https:\/\/the-rsgroup.com\/fr\/wp-json\/wp\/v2\/pages\/8069","targetHints":{"allow":["GET"]}}],"collection":[{"href":"https:\/\/the-rsgroup.com\/fr\/wp-json\/wp\/v2\/pages"}],"about":[{"href":"https:\/\/the-rsgroup.com\/fr\/wp-json\/wp\/v2\/types\/page"}],"author":[{"embeddable":true,"href":"https:\/\/the-rsgroup.com\/fr\/wp-json\/wp\/v2\/users\/1"}],"replies":[{"embeddable":true,"href":"https:\/\/the-rsgroup.com\/fr\/wp-json\/wp\/v2\/comments?post=8069"}],"version-history":[{"count":20,"href":"https:\/\/the-rsgroup.com\/fr\/wp-json\/wp\/v2\/pages\/8069\/revisions"}],"predecessor-version":[{"id":31837,"href":"https:\/\/the-rsgroup.com\/fr\/wp-json\/wp\/v2\/pages\/8069\/revisions\/31837"}],"wp:attachment":[{"href":"https:\/\/the-rsgroup.com\/fr\/wp-json\/wp\/v2\/media?parent=8069"}],"curies":[{"name":"wp","href":"https:\/\/api.w.org\/{rel}","templated":true}]}}