{"id":8139,"date":"2020-01-30T13:52:39","date_gmt":"2020-01-30T13:52:39","guid":{"rendered":"http:\/\/the-rsgroup.com\/redaction"},"modified":"2025-10-04T14:58:17","modified_gmt":"2025-10-04T14:58:17","slug":"redaction","status":"publish","type":"page","link":"https:\/\/the-rsgroup.com\/fr\/redaction\/","title":{"rendered":"R\u00e9daction"},"content":{"rendered":"<div class=\"wpb-content-wrapper\"><p>[vc_section full_width=&#8221;stretch_row&#8221; content_placement=&#8221;middle&#8221; min_height=&#8221;480&#8243; css=&#8221;.vc_custom_1759589684490{background-image: url(https:\/\/the-rsgroup.com\/wp-content\/uploads\/2025\/07\/shutterstock_1295890804_2-scaled.jpg?id=21926) !important;background-position: center !important;background-repeat: no-repeat !important;background-size: cover !important;}&#8221; el_class=&#8221;inner-page-banner-section&#8221;][vc_row][vc_column][apress_heading sub_title=&#8221;Actualit\u00e9s et \u00e9v\u00e9nements &#8221; content_alignment=&#8221;left&#8221; data_animation=&#8221;fadeInRight&#8221; enable_delimiter=&#8221;&#8221; style=&#8221;heading_style1&#8243; title_font_options=&#8221;tag:h1&#8243; subtitle_font_options=&#8221;tag:div&#8221;]R\u00e9daction[\/apress_heading][\/vc_column][\/vc_row][\/vc_section][vc_row equal_height=&#8221;yes&#8221; css=&#8221;.vc_custom_1758536164104{margin-top: 0px !important;margin-bottom: 0px !important;border-bottom-width: 0px !important;padding-top: 80px !important;padding-bottom: 50px !important;}&#8221;][vc_column][apress_heading sub_title=&#8221;Chez R&amp;S, nous souhaitons vous fournir toutes les informations pertinentes dont vous avez besoin et nous vous offrons la possibilit\u00e9 de nous rejoindre lors de l\u2019un de nos \u00e9v\u00e9nements mondiaux.&#8221; content_alignment=&#8221;left&#8221; enable_delimiter=&#8221;&#8221; color_scheme=&#8221;color_scheme1&#8243; style=&#8221;heading_style5&#8243; title_font_options=&#8221;tag:h2|letter_spacing:1&#8243; subtitle_font_options=&#8221;tag:div&#8221; subheading_margin=&#8221;margin-top:30|margin-bottom:30&#8243; class=&#8221;h2-heading-custom&#8221;]Tenez-vous au courant de nos derniers \u00e9v\u00e9nements et actualit\u00e9s.[\/apress_heading][\/vc_column][\/vc_row][vc_row full_width=&#8221;stretch_row&#8221; css=&#8221;.vc_custom_1758535973586{margin-top: 0px !important;padding-top: 0px !important;padding-bottom: 80px !important;background-color: #FFFFFF !important;}&#8221; el_class=&#8221;related-product-info-box&#8221;][vc_column][vc_row_inner][vc_column_inner el_class=&#8221;custom_sidebar&#8221; width=&#8221;1\/2&#8243;]\r\n<!--Image Box Start-->\r\n<div class=\"zolo_imagebox_new_swing new_imagebox_style4\"><div class=\"zolo_imagebox_new_wrapper zolo_imagebox_new_139585941769e88d189686e new_imagebox_style4 noanimation\" data-animation =\"No Animation\" data-delay =\"500\" data-id =\"zolo_imagebox_new_139585941769e88d189686e\">\r\n    <a title=\"Actualit\u00e9s\" href=\"http:\/\/https\" target=\"_self\" rel=\"\">\r\n    <div class=\"zolo_imagebox_new_box\">\r\n        <div class=\"zolo_thumbnail\" style=\"background:url(https:\/\/the-rsgroup.com\/wp-content\/uploads\/2019\/09\/shutterstock_667965277_2.jpg) no-repeat center center; -moz-background-size:cover;-webkit-background-size:cover;-o-background-size:cover;-ms-background-size:cover;background-size:cover; height:300px;\"><\/div>\r\n        <div class=\"zolo_imagebox_new_content\">\r\n            <div class=\"zolo_imagebox_new_title_des\">\r\n        <h3 class=\"entry-title zolo_imagebox_new_title\" style=\"color:#000000; \">        Actualit\u00e9s <\/h3>                <span class=\"zolo_imagebox_description\" style=\"color:#000000; \">        Tenez-vous au courant des derni\u00e8res actualit\u00e9s concernant nos projets actuels, les informations de notre entreprise, l\u2019enrichissement de notre catalogue et de bien plus encore. <\/span>        <div class=\"zolo_imagebox_icon_button_element alignment_inline zolo_imagebox_icon_button_139585941769e88d189686e\"><span class=\"zolo_iconbutton_tag iconbutton_style1 button_style_none\"><span class=\"zolo_button_icon zolo_arrow_icon\"><\/span><\/span><\/div>      <\/div>\r\n    <\/div>\r\n          <\/div>\r\n    <\/a>\r\n  <\/div>\r\n<\/div><!--Image Box End-->\r\n\r\n[\/vc_column_inner][vc_column_inner el_class=&#8221;custom_sidebar&#8221; width=&#8221;1\/2&#8243;]\r\n<!--Image Box Start-->\r\n<div class=\"zolo_imagebox_new_swing new_imagebox_style4\"><div class=\"zolo_imagebox_new_wrapper zolo_imagebox_new_39447132969e88d1897af3 new_imagebox_style4 noanimation\" data-animation =\"No Animation\" data-delay =\"500\" data-id =\"zolo_imagebox_new_39447132969e88d1897af3\">\r\n    <a title=\"\u00c9v\u00e9nements\" href=\"http:\/\/https\" target=\"_self\" rel=\"\">\r\n    <div class=\"zolo_imagebox_new_box\">\r\n        <div class=\"zolo_thumbnail\" style=\"background:url(https:\/\/the-rsgroup.com\/wp-content\/uploads\/2019\/12\/people-talking-at-conference.png) no-repeat center center; -moz-background-size:cover;-webkit-background-size:cover;-o-background-size:cover;-ms-background-size:cover;background-size:cover; height:300px;\"><\/div>\r\n        <div class=\"zolo_imagebox_new_content\">\r\n            <div class=\"zolo_imagebox_new_title_des\">\r\n        <h3 class=\"entry-title zolo_imagebox_new_title\" style=\"color:#000000; \">        \u00c9v\u00e9nements <\/h3>                <span class=\"zolo_imagebox_description\" style=\"color:#000000; \">        Rendez-nous visite lors d\u2019un de nos \u00e9v\u00e9nements mondiaux pour discuter des tendances de l\u2019industrie et de bien d\u2019autres choses avec nos experts. <\/span>        <div class=\"zolo_imagebox_icon_button_element alignment_inline zolo_imagebox_icon_button_39447132969e88d1897af3\"><span class=\"zolo_iconbutton_tag iconbutton_style1 button_style_none\"><span class=\"zolo_button_icon zolo_arrow_icon\"><\/span><\/span><\/div>      <\/div>\r\n    <\/div>\r\n          <\/div>\r\n    <\/a>\r\n  <\/div>\r\n<\/div><!--Image Box End-->\r\n\r\n[\/vc_column_inner][\/vc_row_inner][\/vc_column][\/vc_row]<\/p>\n<\/div>","protected":false},"excerpt":{"rendered":"<p>[vc_section full_width=&#8221;stretch_row&#8221; content_placement=&#8221;middle&#8221; min_height=&#8221;480&#8243; css=&#8221;.vc_custom_1759589684490{background-image: url(https:\/\/the-rsgroup.com\/wp-content\/uploads\/2025\/07\/shutterstock_1295890804_2-scaled.jpg?id=21926) !important;background-position: center !important;background-repeat: no-repeat !important;background-size: cover !important;}&#8221; el_class=&#8221;inner-page-banner-section&#8221;][vc_row][vc_column][apress_heading sub_title=&#8221;Actualit\u00e9s et \u00e9v\u00e9nements &#8221; content_alignment=&#8221;left&#8221; data_animation=&#8221;fadeInRight&#8221; enable_delimiter=&#8221;&#8221; style=&#8221;heading_style1&#8243; title_font_options=&#8221;tag:h1&#8243; subtitle_font_options=&#8221;tag:div&#8221;]R\u00e9daction[\/apress_heading][\/vc_column][\/vc_row][\/vc_section][vc_row equal_height=&#8221;yes&#8221; css=&#8221;.vc_custom_1758536164104{margin-top: 0px !important;margin-bottom: 0px !important;border-bottom-width: 0px !important;padding-top: 80px !important;padding-bottom: 50px !important;}&#8221;][vc_column][apress_heading sub_title=&#8221;Chez R&amp;S, nous souhaitons&hellip;<\/p>\n","protected":false},"author":1,"featured_media":0,"parent":0,"menu_order":0,"comment_status":"closed","ping_status":"closed","template":"template-fullwidth-page.php","meta":{"_acf_changed":false,"_monsterinsights_skip_tracking":false,"_monsterinsights_sitenote_active":false,"_monsterinsights_sitenote_note":"","_monsterinsights_sitenote_category":0,"footnotes":""},"class_list":["post-8139","page","type-page","status-publish","hentry"],"acf":[],"_links":{"self":[{"href":"https:\/\/the-rsgroup.com\/fr\/wp-json\/wp\/v2\/pages\/8139","targetHints":{"allow":["GET"]}}],"collection":[{"href":"https:\/\/the-rsgroup.com\/fr\/wp-json\/wp\/v2\/pages"}],"about":[{"href":"https:\/\/the-rsgroup.com\/fr\/wp-json\/wp\/v2\/types\/page"}],"author":[{"embeddable":true,"href":"https:\/\/the-rsgroup.com\/fr\/wp-json\/wp\/v2\/users\/1"}],"replies":[{"embeddable":true,"href":"https:\/\/the-rsgroup.com\/fr\/wp-json\/wp\/v2\/comments?post=8139"}],"version-history":[{"count":6,"href":"https:\/\/the-rsgroup.com\/fr\/wp-json\/wp\/v2\/pages\/8139\/revisions"}],"predecessor-version":[{"id":24972,"href":"https:\/\/the-rsgroup.com\/fr\/wp-json\/wp\/v2\/pages\/8139\/revisions\/24972"}],"wp:attachment":[{"href":"https:\/\/the-rsgroup.com\/fr\/wp-json\/wp\/v2\/media?parent=8139"}],"curies":[{"name":"wp","href":"https:\/\/api.w.org\/{rel}","templated":true}]}}