{"id":8271,"date":"2020-01-31T10:42:16","date_gmt":"2020-01-31T10:42:16","guid":{"rendered":"http:\/\/the-rsgroup.com\/produits\/commutateurs\/commutateurs-pour-lignes-aeriennes"},"modified":"2025-12-23T04:44:44","modified_gmt":"2025-12-23T04:44:44","slug":"commutateurs-pour-lignes-aeriennes","status":"publish","type":"page","link":"https:\/\/the-rsgroup.com\/fr\/produits\/commutateurs\/commutateurs-pour-lignes-aeriennes\/","title":{"rendered":"Commutateurs pour lignes a\u00e9riennes"},"content":{"rendered":"<div class=\"wpb-content-wrapper\"><p>[vc_section full_width=&#8221;stretch_row&#8221; content_placement=&#8221;middle&#8221; min_height=&#8221;480&#8243; css=&#8221;.vc_custom_1759593258781{background-image: url(https:\/\/the-rsgroup.com\/wp-content\/uploads\/2019\/09\/shutterstock_1345497980.jpg?id=2147) !important;background-position: center !important;background-repeat: no-repeat !important;background-size: cover !important;}&#8221; el_class=&#8221;inner-page-banner-section&#8221;][vc_row][vc_column][apress_heading sub_title=&#8221;Sectionneurs et interrupteurs \u00e0 coupure de charge fiables&#8221; content_alignment=&#8221;left&#8221; data_animation=&#8221;fadeInRight&#8221; enable_delimiter=&#8221;&#8221; style=&#8221;heading_style1&#8243; title_font_options=&#8221;tag:h1&#8243; subtitle_font_options=&#8221;tag:div&#8221;]Commutateurs pour lignes a\u00e9riennes[\/apress_heading][\/vc_column][\/vc_row][\/vc_section][vc_row css=&#8221;.vc_custom_1754280695377{padding-top: 80px !important;padding-bottom: 80px !important;}&#8221;][vc_column apress_zindex=&#8221;9&#8243; el_class=&#8221;custom_sidebar high_zIndex&#8221;][vc_row_inner][vc_column_inner][apress_heading sub_title=&#8221;&#8221; content_alignment=&#8221;left&#8221; enable_delimiter=&#8221;&#8221; color_scheme=&#8221;color_scheme1&#8243; style=&#8221;heading_style6&#8243; title_font_options=&#8221;tag:h2|letter_spacing:0&#8243; subtitle_font_options=&#8221;tag:div|letter_spacing:3&#8243; heading_margin=&#8221;margin-bottom:30&#8243; class=&#8221;h2-heading-custom&#8221;]R&amp;S jouit de nombreuses ann\u00e9es d\u2019exp\u00e9rience dans la production de dispositifs de commutation.[\/apress_heading][\/vc_column_inner][\/vc_row_inner][vc_row_inner][vc_column_inner width=&#8221;2\/3&#8243;][apress_heading sub_title=&#8221;&#8221; content_alignment=&#8221;left&#8221; enable_delimiter=&#8221;&#8221; color_scheme=&#8221;design_your_own&#8221; main_heading_color=&#8221;#0a0a0a&#8221; style=&#8221;heading_style6&#8243; title_font_options=&#8221;tag:div|font_size:20|letter_spacing:0&#8243; subtitle_font_options=&#8221;tag:div|letter_spacing:3&#8243; heading_margin=&#8221;margin-top:10|margin-bottom:30&#8243;]<strong>Courant nominal de 400\u00a0A \u00e0 630\u00a0A<\/strong><br \/>\n<strong>Courant nominal\u00a0: 20\u00a0kV et 30\u00a0kV<\/strong>[\/apress_heading][vc_column_text css=&#8221;&#8221;]Nous proposons des disjoncteurs et des interrupteurs \u00e0 coupure de charge pouvant \u00eatre \u00e9quip\u00e9s d\u2019une mise \u00e0 la terre pour \u00eatre utilis\u00e9s dans les lignes a\u00e9riennes de distribution. Les commutateurs tr\u00e8s fiables sont faciles \u00e0 installer et peuvent \u00eatre mont\u00e9s horizontalement ou verticalement sur des poteaux en bois, en b\u00e9ton ou en acier.[\/vc_column_text][\/vc_column_inner][vc_column_inner width=&#8221;1\/3&#8243;][apress_expanding_image image=&#8221;4296&#8243; img_size=&#8221;full&#8221; alignment=&#8221;center&#8221; max_width=&#8221;100%&#8221;][\/vc_column_inner][\/vc_row_inner][\/vc_column][\/vc_row][vc_row full_width=&#8221;stretch_row&#8221; equal_height=&#8221;yes&#8221; css=&#8221;.vc_custom_1754280704800{padding-bottom: 80px !important;}&#8221;][vc_column][apress_heading sub_title=&#8221;&#8221; enable_delimiter=&#8221;&#8221; color_scheme=&#8221;color_scheme2&#8243; style=&#8221;heading_style5&#8243; title_font_options=&#8221;tag:h2|letter_spacing:0&#8243; subtitle_font_options=&#8221;tag:div|letter_spacing:3&#8243;]Des avantages qui parlent d\u2019eux-m\u00eames[\/apress_heading]<div class=\"ult-spacer spacer-69e8be1a509c2\" data-id=\"69e8be1a509c2\" data-height=\"60\" data-height-mobile=\"60\" data-height-tab=\"60\" data-height-tab-portrait=\"\" data-height-mobile-landscape=\"\" style=\"clear:both;display:block;\"><\/div>[vc_row_inner equal_height=&#8221;yes&#8221; gap=&#8221;20&#8243; el_class=&#8221;benefits-column-row&#8221;][vc_column_inner el_class=&#8221;custom_sidebar&#8221; width=&#8221;1\/3&#8243;][apress_gradient_icon_box description=&#8221;Les mat\u00e9riaux de grande qualit\u00e9 que nous s\u00e9lectionnons et notre processus de fabrication de pointe garantissent la grande efficacit\u00e9 des commutateurs dans toutes les conditions environnementales. Le guidage \u00e0 articulations consiste en deux rouleaux de guidage mont\u00e9s parall\u00e8lement avec des frictions r\u00e9siduelles minimales et donc une transmission d&#8217;\u00e9nergie optimale.&#8221; box_bg_color=&#8221;&#8221; color_scheme=&#8221;gradient_scheme1&#8243; highlight_border_width=&#8221;0&#8243; highlight_border_color=&#8221;#ffffff&#8221; border_hover_color_scheme=&#8221;gradient_scheme1&#8243; box_hover_shadow=&#8221;box_shadow_enable:disable|shadow_horizontal:0|shadow_vertical:7|shadow_blur:90|shadow_spread:-38|box_shadow_color:rgba(0%2C0%2C0%2C0.1)&#8221; box_top_padding=&#8221;&#8221; box_right_padding=&#8221;&#8221; box_bottom_padding=&#8221;&#8221; box_left_padding=&#8221;&#8221; icon_type=&#8221;image&#8221; icon_image=&#8221;21713&#8243; gradient_icon_size=&#8221;70&#8243; style=&#8221;iconbox_style8&#8243; title_font_options=&#8221;tag:h5&#8243; class=&#8221;no-padding&#8221;]Atteignez les niveaux d\u2019efficacit\u00e9 les plus \u00e9lev\u00e9s[\/apress_gradient_icon_box][\/vc_column_inner][vc_column_inner el_class=&#8221;custom_sidebar&#8221; width=&#8221;1\/3&#8243;][apress_gradient_icon_box description=&#8221;Les \u00e9l\u00e9ments de connexion, d\u2019articulation et de couplage sont adapt\u00e9s aux situations d&#8217;assemblage en question et sont fournis dans la quantit\u00e9 n\u00e9cessaire. Nos services apr\u00e8s-vente complets vous permettent de vous concentrer sur le c\u0153ur de votre activit\u00e9.&#8221; box_bg_color=&#8221;&#8221; color_scheme=&#8221;gradient_scheme1&#8243; highlight_border_width=&#8221;0&#8243; highlight_border_color=&#8221;#ffffff&#8221; border_hover_color_scheme=&#8221;gradient_scheme1&#8243; box_hover_shadow=&#8221;box_shadow_enable:disable|shadow_horizontal:0|shadow_vertical:7|shadow_blur:90|shadow_spread:-38|box_shadow_color:rgba(0%2C0%2C0%2C0.1)&#8221; box_top_padding=&#8221;&#8221; box_right_padding=&#8221;&#8221; box_bottom_padding=&#8221;&#8221; box_left_padding=&#8221;&#8221; icon_type=&#8221;image&#8221; icon_image=&#8221;22014&#8243; gradient_icon_size=&#8221;70&#8243; style=&#8221;iconbox_style8&#8243; title_font_options=&#8221;tag:h5&#8243; class=&#8221;no-padding&#8221;]\u00c9conomisez du temps et de l\u2019\u00e9nergie[\/apress_gradient_icon_box][\/vc_column_inner][vc_column_inner el_class=&#8221;custom_sidebar&#8221; width=&#8221;1\/3&#8243;][apress_gradient_icon_box description=&#8221;La chambre d\u2019extinction pauvre en huile pr\u00e9sente un m\u00e9canisme de commutation rapide qui garantit tout le temps un d\u00e9connexion totale, quelle que soit la vitesse de commutation du commutateur pour lignes a\u00e9riennes.&#8221; box_bg_color=&#8221;&#8221; color_scheme=&#8221;gradient_scheme1&#8243; highlight_border_width=&#8221;0&#8243; highlight_border_color=&#8221;#ffffff&#8221; border_hover_color_scheme=&#8221;gradient_scheme1&#8243; box_hover_shadow=&#8221;box_shadow_enable:disable|shadow_horizontal:0|shadow_vertical:7|shadow_blur:90|shadow_spread:-38|box_shadow_color:rgba(0%2C0%2C0%2C0.1)&#8221; box_top_padding=&#8221;&#8221; box_right_padding=&#8221;&#8221; box_bottom_padding=&#8221;&#8221; box_left_padding=&#8221;&#8221; icon_type=&#8221;image&#8221; icon_image=&#8221;22008&#8243; gradient_icon_size=&#8221;70&#8243; style=&#8221;iconbox_style8&#8243; title_font_options=&#8221;tag:h5&#8243; class=&#8221;no-padding&#8221;]Am\u00e9liorez la stabilit\u00e9 de votre syst\u00e8me[\/apress_gradient_icon_box][\/vc_column_inner][\/vc_row_inner][vc_row_inner equal_height=&#8221;yes&#8221; gap=&#8221;20&#8243; el_class=&#8221;benefits-column-row&#8221;][vc_column_inner el_class=&#8221;custom_sidebar&#8221; width=&#8221;1\/3&#8243;][apress_gradient_icon_box description=&#8221;Les commutateurs sont faciles \u00e0 installer et r\u00e9gl\u00e9s sur site et se passent presque totalement de maintenance.&#8221; box_bg_color=&#8221;&#8221; color_scheme=&#8221;gradient_scheme1&#8243; highlight_border_width=&#8221;0&#8243; highlight_border_color=&#8221;#ffffff&#8221; border_hover_color_scheme=&#8221;gradient_scheme1&#8243; box_hover_shadow=&#8221;box_shadow_enable:disable|shadow_horizontal:0|shadow_vertical:7|shadow_blur:90|shadow_spread:-38|box_shadow_color:rgba(0%2C0%2C0%2C0.1)&#8221; box_top_padding=&#8221;&#8221; box_right_padding=&#8221;&#8221; box_bottom_padding=&#8221;&#8221; box_left_padding=&#8221;&#8221; icon_type=&#8221;image&#8221; icon_image=&#8221;22104&#8243; gradient_icon_size=&#8221;70&#8243; style=&#8221;iconbox_style8&#8243; title_font_options=&#8221;tag:h5&#8243; class=&#8221;no-padding&#8221;]Simplifiez la maintenance[\/apress_gradient_icon_box][\/vc_column_inner][vc_column_inner el_class=&#8221;custom_sidebar&#8221; width=&#8221;1\/3&#8243;][apress_gradient_icon_box description=&#8221;Les commutateurs garantissent une dur\u00e9e de vie pouvant atteindre les 10 000 cycles. Les frais d\u2019investissement peuvent \u00eatre r\u00e9duits gr\u00e2ce \u00e0 la grande dur\u00e9e de vie des commutateurs et leur fiabilit\u00e9 dans toutes les conditions environnementales.&#8221; box_bg_color=&#8221;&#8221; color_scheme=&#8221;gradient_scheme1&#8243; highlight_border_width=&#8221;0&#8243; highlight_border_color=&#8221;#ffffff&#8221; border_hover_color_scheme=&#8221;gradient_scheme1&#8243; box_hover_shadow=&#8221;box_shadow_enable:disable|shadow_horizontal:0|shadow_vertical:7|shadow_blur:90|shadow_spread:-38|box_shadow_color:rgba(0%2C0%2C0%2C0.1)&#8221; box_top_padding=&#8221;&#8221; box_right_padding=&#8221;&#8221; box_bottom_padding=&#8221;&#8221; box_left_padding=&#8221;&#8221; icon_type=&#8221;image&#8221; icon_image=&#8221;21707&#8243; gradient_icon_size=&#8221;70&#8243; style=&#8221;iconbox_style8&#8243; title_font_options=&#8221;tag:h5&#8243; class=&#8221;no-padding&#8221;]R\u00e9duisez vos co\u00fbts d\u2019investissement[\/apress_gradient_icon_box][\/vc_column_inner][\/vc_row_inner][\/vc_column][\/vc_row][vc_row full_width=&#8221;stretch_row&#8221; equal_height=&#8221;yes&#8221; css=&#8221;.vc_custom_1751369662705{padding-top: 80px !important;padding-bottom: 100px !important;background-color: #F2F2F2 !important;}&#8221; el_class=&#8221;testimonial-wrap&#8221;][vc_column centered_text=&#8221;true&#8221;]<div class=\"ult-spacer spacer-69e8be1a50a8d\" data-id=\"69e8be1a50a8d\" data-height=\"80\" data-height-mobile=\"80\" data-height-tab=\"80\" data-height-tab-portrait=\"\" data-height-mobile-landscape=\"\" style=\"clear:both;display:block;\"><\/div>[apress_button button_text=&#8221;Apprenez-en plus gr\u00e2ce \u00e0 nos projets de r\u00e9f\u00e9rence&#8221; button_size=&#8221;medium&#8221; button_alignment=&#8221;center&#8221; box_shadow=&#8221;box_shadow_enable:disable|shadow_horizontal:1|shadow_vertical:2|shadow_blur:4|shadow_spread:0|box_shadow_color:rgba(0%2C0%2C0%2C0.2)&#8221; box_hover_shadow=&#8221;box_shadow_enable:disable|shadow_horizontal:2|shadow_vertical:2|shadow_blur:7|shadow_spread:0|box_shadow_color:rgba(0%2C0%2C0%2C0.2)&#8221; button_swing=&#8221;yes&#8221; button_shape=&#8221;square&#8221; button_link=&#8221;url:https%3A%2F%2Fthe-rsgroup.com%2Ffr%2Fprojets-de-reference%2F|title:Reference%20projects&#8221;][\/vc_column][\/vc_row][vc_row full_width=&#8221;stretch_row&#8221; equal_height=&#8221;yes&#8221; css=&#8221;.vc_custom_1574722697905{padding-top: 80px !important;padding-bottom: 80px !important;}&#8221;][vc_column][apress_heading sub_title=&#8221;Jetez un \u0153il \u00e0 notre brochure ou contactez un membre de notre \u00e9quipe d\u00e8s aujourd\u2019hui.&#8221; content_alignment=&#8221;left&#8221; enable_delimiter=&#8221;&#8221; color_scheme=&#8221;design_your_own&#8221; main_heading_color=&#8221;#000000&#8243; style=&#8221;heading_style5&#8243; title_font_options=&#8221;tag:h2&#8243; subtitle_font_options=&#8221;tag:div|color:%236980b4&#8243; heading_margin=&#8221;margin-top:10|margin-bottom:30&#8243;]<strong>Vous voulez parler technique\u00a0?<\/strong>[\/apress_heading]<div class=\"ult-spacer spacer-69e8be1a50b7a\" data-id=\"69e8be1a50b7a\" data-height=\"80\" data-height-mobile=\"80\" data-height-tab=\"80\" data-height-tab-portrait=\"\" data-height-mobile-landscape=\"\" style=\"clear:both;display:block;\"><\/div>[vc_row_inner el_class=&#8221;action-btn-with-img&#8221;][vc_column_inner width=&#8221;1\/3&#8243;]\r\n<!--Image Box Start-->\r\n<div class=\"zolo_imagebox_new_wrapper zolo_imagebox_new_186411669369e8be1a50c47 new_imagebox_style5 noanimation\" data-animation =\"No Animation\" data-delay =\"500\" data-id =\"zolo_imagebox_new_186411669369e8be1a50c47\">\r\n    <a title=\"\" href=\"https:\/\/the-rsgroup.com\/wp-content\/uploads\/2020\/01\/Overhead-line-switches_Product-brochure_DE.pdf\" target=\"_blank\" rel=\"\">\r\n    <div class=\"zolo_imagebox_new_box\">\r\n        <div class=\"img_thumbnail\"><img decoding=\"async\" src=\"https:\/\/the-rsgroup.com\/wp-content\/uploads\/2025\/07\/icon6.png\"\/><\/div>\r\n        <div class=\"zolo_imagebox_new_content\">\r\n            <div class=\"zolo_imagebox_new_title_des\">\r\n        <h2 class=\"entry-title zolo_imagebox_new_title\" style=\"color:#ffffff; \">        Brochure sur commutateurs pour lignes a\u00e9riennes (en allemand) <\/h2>                              <\/div>\r\n    <\/div>\r\n          <\/div>\r\n    <\/a>\r\n  <\/div>\r\n<!--Image Box End-->\r\n\r\n[\/vc_column_inner][vc_column_inner width=&#8221;1\/3&#8243;]\r\n<!--Image Box Start-->\r\n<div class=\"zolo_imagebox_new_wrapper zolo_imagebox_new_89912181269e8be1a51db5 new_imagebox_style5 noanimation\" data-animation =\"No Animation\" data-delay =\"500\" data-id =\"zolo_imagebox_new_89912181269e8be1a51db5\">\r\n    <a title=\"\" href=\"https:\/\/the-rsgroup.com\/fr\/produits\/telechargements\/\" target=\"_blank\" rel=\"\">\r\n    <div class=\"zolo_imagebox_new_box\">\r\n        <div class=\"img_thumbnail\"><img decoding=\"async\" src=\"https:\/\/the-rsgroup.com\/wp-content\/uploads\/2025\/07\/icon7.png\"\/><\/div>\r\n        <div class=\"zolo_imagebox_new_content\">\r\n            <div class=\"zolo_imagebox_new_title_des\">\r\n        <h2 class=\"entry-title zolo_imagebox_new_title\" style=\"color:#ffffff; \">        T\u00e9l\u00e9chargements <\/h2>                              <\/div>\r\n    <\/div>\r\n          <\/div>\r\n    <\/a>\r\n  <\/div>\r\n<!--Image Box End-->\r\n\r\n[\/vc_column_inner][vc_column_inner width=&#8221;1\/3&#8243;][\/vc_column_inner][\/vc_row_inner]<div class=\"ult-spacer spacer-69e8be1a52423\" data-id=\"69e8be1a52423\" data-height=\"80\" data-height-mobile=\"80\" data-height-tab=\"80\" data-height-tab-portrait=\"\" data-height-mobile-landscape=\"\" style=\"clear:both;display:block;\"><\/div>[vc_separator color=&#8221;custom&#8221; css=&#8221;&#8221; accent_color=&#8221;#D7D7D7&#8243;]<div class=\"ult-spacer spacer-69e8be1a5248e\" data-id=\"69e8be1a5248e\" data-height=\"60\" data-height-mobile=\"60\" data-height-tab=\"60\" data-height-tab-portrait=\"\" data-height-mobile-landscape=\"\" style=\"clear:both;display:block;\"><\/div>[apress_heading sub_title=&#8221;&#8221; content_alignment=&#8221;left&#8221; enable_delimiter=&#8221;&#8221; color_scheme=&#8221;color_scheme2&#8243; style=&#8221;heading_style5&#8243; title_font_options=&#8221;tag:h2&#8243; subtitle_font_options=&#8221;tag:div&#8221; heading_margin=&#8221;margin-top:10|margin-bottom:30&#8243;]Nous adaptons nos solutions \u00e0 vos besoins[\/apress_heading][vc_column_text css=&#8221;&#8221;]Nous proposons des disjoncteurs et des interrupteurs \u00e0 coupure de charge con\u00e7us de fa\u00e7on horizontale ou verticale et pouvant \u00eatre mont\u00e9s sur des poteaux en bois, en b\u00e9ton ou en acier. L\u2019op\u00e9ration est effectu\u00e9e manuellement \u00e0 l\u2019aide d\u2019une manivelle. Si aucune de nos solutions standard ne r\u00e9pond \u00e0 vos besoins, nous proposons \u00e9galement des produits sur mesure.[\/vc_column_text][\/vc_column][\/vc_row][vc_row full_width=&#8221;stretch_row_content&#8221; equal_height=&#8221;yes&#8221; content_placement=&#8221;middle&#8221; el_class=&#8221;product-info-column&#8221; css=&#8221;.vc_custom_1758710825303{padding-top: 80px !important;padding-bottom: 80px !important;background-color: #F2F2F2 !important;}&#8221;][vc_column css=&#8221;.vc_custom_1766465079551{padding-top: 0px !important;padding-right: 0px !important;padding-bottom: 0px !important;padding-left: 0px !important;}&#8221; el_id=&#8221;transformatory&#8221;][vc_row_inner][vc_column_inner width=&#8221;1\/4&#8243;]\r\n<!--Image Box Start-->\r\n<div class=\"zolo_imagebox_new_wrapper zolo_imagebox_new_180752954869e8be1a52587 new_imagebox_style3 noanimation\" data-animation =\"No Animation\" data-delay =\"500\" data-id =\"zolo_imagebox_new_180752954869e8be1a52587\">\r\n    <div class=\"zolo_imagebox_new_box\">\r\n            <div class=\"img_thumbnail\"><img decoding=\"async\" src=\"https:\/\/the-rsgroup.com\/wp-content\/uploads\/2019\/12\/load-break-switch-mhl.png\"\/><\/div>\r\n        <div class=\"zolo_imagebox_new_content\">\r\n      <div class=\"zolo_imagebox_new_title_des\">\r\n        <h2 class=\"entry-title zolo_imagebox_new_title\" style=\"color:#000000; \">        Interrupteur \u00e0 coupure de charge MHL <\/h2>                <span class=\"zolo_imagebox_description\" style=\"color:#000000; \">        - Conception horizontale<br \/>\n- Avec chambre d'extinction pauvre en huile<br \/>\n- Adapt\u00e9 \u00e0 la d\u00e9connexion de sections de lignes a\u00e9riennes tripolaires <\/span> <\/div>\r\n    <\/div>\r\n          <\/div>\r\n  <\/div>\r\n<!--Image Box End-->\r\n\r\n[\/vc_column_inner][vc_column_inner width=&#8221;1\/4&#8243;]\r\n<!--Image Box Start-->\r\n<div class=\"zolo_imagebox_new_wrapper zolo_imagebox_new_94401137869e8be1a543ee new_imagebox_style3 noanimation\" data-animation =\"No Animation\" data-delay =\"500\" data-id =\"zolo_imagebox_new_94401137869e8be1a543ee\">\r\n    <div class=\"zolo_imagebox_new_box\">\r\n            <div class=\"img_thumbnail\"><img decoding=\"async\" src=\"https:\/\/the-rsgroup.com\/wp-content\/uploads\/2019\/12\/load-break-switch-mvl.png\"\/><\/div>\r\n        <div class=\"zolo_imagebox_new_content\">\r\n      <div class=\"zolo_imagebox_new_title_des\">\r\n        <h2 class=\"entry-title zolo_imagebox_new_title\" style=\"color:#000000; \">        Interrupteur \u00e0 coupure de charge MVL <\/h2>                <span class=\"zolo_imagebox_description\" style=\"color:#000000; \">        - Conception verticale<br \/>\n- Mise \u00e0 la terre en option<br \/>\n- Avec chambre d'extinction pauvre en huile<br \/>\n- Adapt\u00e9 \u00e0 la d\u00e9connexion de sections de lignes a\u00e9riennes tripolaires <\/span> <\/div>\r\n    <\/div>\r\n          <\/div>\r\n  <\/div>\r\n<!--Image Box End-->\r\n\r\n[\/vc_column_inner][vc_column_inner width=&#8221;1\/4&#8243;]\r\n<!--Image Box Start-->\r\n<div class=\"zolo_imagebox_new_wrapper zolo_imagebox_new_35841176769e8be1a551be new_imagebox_style3 noanimation\" data-animation =\"No Animation\" data-delay =\"500\" data-id =\"zolo_imagebox_new_35841176769e8be1a551be\">\r\n    <div class=\"zolo_imagebox_new_box\">\r\n            <div class=\"img_thumbnail\"><img decoding=\"async\" src=\"https:\/\/the-rsgroup.com\/wp-content\/uploads\/2019\/12\/disconnector-mhf.png\"\/><\/div>\r\n        <div class=\"zolo_imagebox_new_content\">\r\n      <div class=\"zolo_imagebox_new_title_des\">\r\n        <h2 class=\"entry-title zolo_imagebox_new_title\" style=\"color:#000000; \">        Disjoncteur MHF <\/h2>                <span class=\"zolo_imagebox_description\" style=\"color:#000000; \">        - Conception horizontale<br \/>\n- Avec tiges de pr\u00e9extinction<br \/>\n- Adapt\u00e9 \u00e0 l\u2019isolation de sections de lignes a\u00e9riennes hors tension <\/span> <\/div>\r\n    <\/div>\r\n          <\/div>\r\n  <\/div>\r\n<!--Image Box End-->\r\n\r\n[\/vc_column_inner][vc_column_inner width=&#8221;1\/4&#8243;]\r\n<!--Image Box Start-->\r\n<div class=\"zolo_imagebox_new_wrapper zolo_imagebox_new_155747001469e8be1a55dea new_imagebox_style3 noanimation\" data-animation =\"No Animation\" data-delay =\"500\" data-id =\"zolo_imagebox_new_155747001469e8be1a55dea\">\r\n    <div class=\"zolo_imagebox_new_box\">\r\n            <div class=\"img_thumbnail\"><img decoding=\"async\" src=\"https:\/\/the-rsgroup.com\/wp-content\/uploads\/2019\/12\/disconnector-mvf.png\"\/><\/div>\r\n        <div class=\"zolo_imagebox_new_content\">\r\n      <div class=\"zolo_imagebox_new_title_des\">\r\n        <h2 class=\"entry-title zolo_imagebox_new_title\" style=\"color:#000000; \">        Disjoncteur MVF <\/h2>                <span class=\"zolo_imagebox_description\" style=\"color:#000000; \">        - Conception verticale<br \/>\n- Mise \u00e0 la terre en option<br \/>\n- Avec tiges de pr\u00e9extinction<br \/>\n- Adapt\u00e9 \u00e0 l\u2019isolation de sections de lignes a\u00e9riennes hors tension <\/span> <\/div>\r\n    <\/div>\r\n          <\/div>\r\n  <\/div>\r\n<!--Image Box End-->\r\n\r\n[\/vc_column_inner][\/vc_row_inner][\/vc_column][\/vc_row]<\/p>\n<\/div>","protected":false},"excerpt":{"rendered":"<p>[vc_section full_width=&#8221;stretch_row&#8221; content_placement=&#8221;middle&#8221; min_height=&#8221;480&#8243; css=&#8221;.vc_custom_1759593258781{background-image: url(https:\/\/the-rsgroup.com\/wp-content\/uploads\/2019\/09\/shutterstock_1345497980.jpg?id=2147) !important;background-position: center !important;background-repeat: no-repeat !important;background-size: cover !important;}&#8221; el_class=&#8221;inner-page-banner-section&#8221;][vc_row][vc_column][apress_heading sub_title=&#8221;Sectionneurs et interrupteurs \u00e0 coupure de charge fiables&#8221; content_alignment=&#8221;left&#8221; data_animation=&#8221;fadeInRight&#8221; enable_delimiter=&#8221;&#8221; style=&#8221;heading_style1&#8243; title_font_options=&#8221;tag:h1&#8243; subtitle_font_options=&#8221;tag:div&#8221;]Commutateurs pour lignes a\u00e9riennes[\/apress_heading][\/vc_column][\/vc_row][\/vc_section][vc_row css=&#8221;.vc_custom_1754280695377{padding-top: 80px !important;padding-bottom: 80px !important;}&#8221;][vc_column apress_zindex=&#8221;9&#8243; el_class=&#8221;custom_sidebar high_zIndex&#8221;][vc_row_inner][vc_column_inner][apress_heading sub_title=&#8221;&#8221;&hellip;<\/p>\n","protected":false},"author":1,"featured_media":0,"parent":8241,"menu_order":0,"comment_status":"closed","ping_status":"closed","template":"template-fullwidth-page.php","meta":{"_acf_changed":false,"_monsterinsights_skip_tracking":false,"_monsterinsights_sitenote_active":false,"_monsterinsights_sitenote_note":"","_monsterinsights_sitenote_category":0,"footnotes":""},"class_list":["post-8271","page","type-page","status-publish","hentry"],"acf":[],"_links":{"self":[{"href":"https:\/\/the-rsgroup.com\/fr\/wp-json\/wp\/v2\/pages\/8271","targetHints":{"allow":["GET"]}}],"collection":[{"href":"https:\/\/the-rsgroup.com\/fr\/wp-json\/wp\/v2\/pages"}],"about":[{"href":"https:\/\/the-rsgroup.com\/fr\/wp-json\/wp\/v2\/types\/page"}],"author":[{"embeddable":true,"href":"https:\/\/the-rsgroup.com\/fr\/wp-json\/wp\/v2\/users\/1"}],"replies":[{"embeddable":true,"href":"https:\/\/the-rsgroup.com\/fr\/wp-json\/wp\/v2\/comments?post=8271"}],"version-history":[{"count":13,"href":"https:\/\/the-rsgroup.com\/fr\/wp-json\/wp\/v2\/pages\/8271\/revisions"}],"predecessor-version":[{"id":31848,"href":"https:\/\/the-rsgroup.com\/fr\/wp-json\/wp\/v2\/pages\/8271\/revisions\/31848"}],"up":[{"embeddable":true,"href":"https:\/\/the-rsgroup.com\/fr\/wp-json\/wp\/v2\/pages\/8241"}],"wp:attachment":[{"href":"https:\/\/the-rsgroup.com\/fr\/wp-json\/wp\/v2\/media?parent=8271"}],"curies":[{"name":"wp","href":"https:\/\/api.w.org\/{rel}","templated":true}]}}