{"id":8341,"date":"2020-01-31T14:58:19","date_gmt":"2020-01-31T14:58:19","guid":{"rendered":"http:\/\/the-rsgroup.com\/rs-rauscher-stoecklin"},"modified":"2025-12-17T09:56:52","modified_gmt":"2025-12-17T09:56:52","slug":"rauscher-stoecklin","status":"publish","type":"page","link":"https:\/\/the-rsgroup.com\/fr\/rauscher-stoecklin\/","title":{"rendered":"Rauscher &#038; Stoecklin"},"content":{"rendered":"<div class=\"wpb-content-wrapper\"><p>[vc_section full_width=&#8221;stretch_row&#8221; content_placement=&#8221;middle&#8221; min_height=&#8221;480&#8243; css=&#8221;.vc_custom_1765270064174{background-image: url(https:\/\/the-rsgroup.com\/wp-content\/uploads\/2025\/12\/Header_Rauscher_Stoecklin_Gruppe.jpg?id=30621) !important;background-position: center !important;background-repeat: no-repeat !important;background-size: cover !important;}&#8221; el_class=&#8221;inner-page-banner-section&#8221;][vc_row][vc_column][apress_heading sub_title=&#8221;Transformateurs de distribution \u00e0 huile et appareillage de commutation pour une distribution \u00e9lectrique s\u00fbre&#8221; content_alignment=&#8221;left&#8221; data_animation=&#8221;fadeInRight&#8221; enable_delimiter=&#8221;&#8221; style=&#8221;heading_style1&#8243; title_font_options=&#8221;tag:h1&#8243; subtitle_font_options=&#8221;tag:div&#8221;]Rauscher &amp; Stoecklin[\/apress_heading][\/vc_column][\/vc_row][\/vc_section][vc_row css=&#8221;.vc_custom_1754110673091{padding-top: 80px !important;padding-bottom: 80px !important;}&#8221;][vc_column apress_zindex=&#8221;9&#8243; el_class=&#8221;custom_sidebar high_zIndex&#8221;][apress_heading sub_title=&#8221;&#8221; content_alignment=&#8221;left&#8221; enable_delimiter=&#8221;&#8221; color_scheme=&#8221;color_scheme2&#8243; style=&#8221;heading_style1&#8243; title_font_options=&#8221;tag:h2|letter_spacing:1&#8243; subtitle_font_options=&#8221;tag:div&#8221; heading_margin=&#8221;margin-bottom:30&#8243; class=&#8221;heading-custom&#8221;]Rauscher &amp; Stoecklin \u2013 Ing\u00e9nierie suisse, production europ\u00e9enne[\/apress_heading][vc_column_text css=&#8221;.vc_custom_1765528223682{margin-bottom: 0px !important;}&#8221;]Rauscher &amp; Stoecklin regroupe, au sein du groupe R&amp;S, les activit\u00e9s li\u00e9es aux transformateurs de distribution \u00e0 huile, \u00e0 l\u2019\u00e9lectrification ferroviaire, aux connecteurs de forte intensit\u00e9, aux syst\u00e8mes de raccordement au r\u00e9seau et aux tableaux \u00e9lectriques. Avec le site suisse historique de Sissach et la nouvelle usine de transformateurs de distribution \u00e0 huile \u00e0 Krzecz\u00f3w, en Pologne, le groupe forme un solide r\u00e9seau de comp\u00e9tences et de production pour la distribution d\u2019\u00e9nergie en Europe.<\/p>\n<p>Depuis 1919, Rauscher &amp; Stoecklin est synonyme de pr\u00e9cision, de qualit\u00e9 et de fiabilit\u00e9 suisses dans l\u2019industrie \u00e9lectrotechnique. Sur cette base, naissent des produits et des syst\u00e8mes con\u00e7us pour une alimentation \u00e9lectrique s\u00fbre, efficace et \u00e9conomique \u2013 des postes de distribution locaux et r\u00e9seaux de distribution jusqu\u2019\u00e0 l\u2019alimentation de traction ferroviaire, des installations industrielles et des techniques du b\u00e2timent.<\/p>\n<p>L\u2019extension avec l\u2019usine de Krzecz\u00f3w (Pologne) renforce sp\u00e9cifiquement la capacit\u00e9 de livraison europ\u00e9enne pour les transformateurs de distribution refroidis \u00e0 l\u2019huile. Ainsi, Rauscher &amp; Stoecklin couvre \u00e0 la fois des projets techniquement exigeants avec une forte profondeur d\u2019ing\u00e9nierie suisse et des projets de d\u00e9veloppement et de modernisation de r\u00e9seaux \u00e0 fort volume en Europe centrale et septentrionale.[\/vc_column_text][\/vc_column][\/vc_row][vc_row css=&#8221;.vc_custom_1764930440890{padding-top: 80px !important;padding-bottom: 80px !important;background-color: #E6E7E9 !important;}&#8221;][vc_column][apress_heading sub_title=&#8221;&#8221; content_alignment=&#8221;left&#8221; enable_delimiter=&#8221;&#8221; color_scheme=&#8221;color_scheme2&#8243; style=&#8221;heading_style5&#8243; title_font_options=&#8221;tag:h2|letter_spacing:0&#8243; subtitle_font_options=&#8221;tag:div|letter_spacing:3&#8243;]Points forts du Rauscher &amp; Stoecklin en un coup d\u2019\u0153il :[\/apress_heading][vc_row_inner el_class=&#8221;location-expertise-section brand-page&#8221;][vc_column_inner][apress_heading sub_title=&#8221;&#8221; content_alignment=&#8221;left&#8221; enable_delimiter=&#8221;&#8221; color_scheme=&#8221;color_scheme2&#8243; style=&#8221;heading_style5&#8243; title_font_options=&#8221;tag:h2|letter_spacing:0&#8243; subtitle_font_options=&#8221;tag:div|letter_spacing:3&#8243;]Centre de comp\u00e9tence pour les transformateurs de distribution \u00e0 huile[\/apress_heading][vc_column_text css=&#8221;&#8221;]Conception et fabrication de transformateurs de distribution \u00e0 huile pour r\u00e9seaux moyenne tension, postes de distribution, projets d\u2019\u00e9nergies renouvelables et diverses applications industrielles.[\/vc_column_text][\/vc_column_inner][\/vc_row_inner][vc_row_inner el_class=&#8221;location-expertise-section brand-page&#8221;][vc_column_inner][apress_heading sub_title=&#8221;&#8221; content_alignment=&#8221;left&#8221; enable_delimiter=&#8221;&#8221; color_scheme=&#8221;color_scheme2&#8243; style=&#8221;heading_style5&#8243; title_font_options=&#8221;tag:h2|letter_spacing:0&#8243; subtitle_font_options=&#8221;tag:div|letter_spacing:3&#8243;]\u00c9lectrification ferroviaire &amp; appareillage de commutation[\/apress_heading][vc_column_text css=&#8221;&#8221;]Sectionneurs, transformateurs de traction et solutions pour les syst\u00e8mes d\u2019alimentation ferroviaire, les infrastructures de m\u00e9tro et de tramway \u2013 pour une alimentation fiable des lignes a\u00e9riennes.[\/vc_column_text][\/vc_column_inner][\/vc_row_inner][vc_row_inner el_class=&#8221;location-expertise-section brand-page&#8221;][vc_column_inner][apress_heading sub_title=&#8221;&#8221; content_alignment=&#8221;left&#8221; enable_delimiter=&#8221;&#8221; color_scheme=&#8221;color_scheme2&#8243; style=&#8221;heading_style5&#8243; title_font_options=&#8221;tag:h2|letter_spacing:0&#8243; subtitle_font_options=&#8221;tag:div|letter_spacing:3&#8243;]Connecteurs de forte intensit\u00e9 &amp; syst\u00e8mes de raccordement[\/apress_heading][vc_column_text css=&#8221;&#8221;]Syst\u00e8mes de connexion enfichables pour machines mobiles, construction de tunnels, installations portuaires et secteur du b\u00e2timent, ainsi que solutions de branchement pour les b\u00e2timents r\u00e9sidentiels, commerciaux et industriels.[\/vc_column_text][\/vc_column_inner][\/vc_row_inner][vc_row_inner el_class=&#8221;location-expertise-section brand-page&#8221;][vc_column_inner][apress_heading sub_title=&#8221;&#8221; content_alignment=&#8221;left&#8221; enable_delimiter=&#8221;&#8221; color_scheme=&#8221;color_scheme2&#8243; style=&#8221;heading_style5&#8243; title_font_options=&#8221;tag:h2|letter_spacing:0&#8243; subtitle_font_options=&#8221;tag:div|letter_spacing:3&#8243;]Ing\u00e9nierie suisse, production europ\u00e9enne sur deux sites[\/apress_heading][vc_column_text css=&#8221;&#8221;]Combinaison de l\u2019expertise suisse en d\u00e9veloppement et en application avec une capacit\u00e9 de production renforc\u00e9e en Pologne \u2013 pour des d\u00e9lais de livraison courts et une grande fiabilit\u00e9 de planification.[\/vc_column_text][\/vc_column_inner][\/vc_row_inner][vc_row_inner el_class=&#8221;location-expertise-section brand-page&#8221;][vc_column_inner][apress_heading sub_title=&#8221;&#8221; content_alignment=&#8221;left&#8221; enable_delimiter=&#8221;&#8221; color_scheme=&#8221;color_scheme2&#8243; style=&#8221;heading_style5&#8243; title_font_options=&#8221;tag:h2|letter_spacing:0&#8243; subtitle_font_options=&#8221;tag:div|letter_spacing:3&#8243;]Utilisation dans les infrastructures critiques[\/apress_heading][vc_column_text css=&#8221;&#8221;]Solutions pour les entreprises de services publics, l\u2019industrie, les centres de donn\u00e9es, les h\u00f4pitaux, les a\u00e9roports et d\u2019autres applications sensibles en mati\u00e8re de s\u00e9curit\u00e9.[\/vc_column_text][\/vc_column_inner][\/vc_row_inner][\/vc_column][\/vc_row][vc_row full_width=&#8221;stretch_row&#8221; css=&#8221;.vc_custom_1765270572157{margin-top: 0px !important;padding-top: 80px !important;padding-bottom: 80px !important;background-color: #F8F8F800 !important;}&#8221; el_class=&#8221;related-product-info-box brand-column-box rs&#8221;][vc_column][vc_row_inner][vc_column_inner][apress_heading sub_title=&#8221;&#8221; content_alignment=&#8221;left&#8221; enable_delimiter=&#8221;&#8221; color_scheme=&#8221;design_your_own&#8221; main_heading_color=&#8221;#000000&#8243; style=&#8221;heading_style1&#8243; title_font_options=&#8221;tag:h2|letter_spacing:1&#8243; subtitle_font_options=&#8221;tag:div&#8221; heading_margin=&#8221;margin-bottom:30&#8243;]Visitez nos sites de production[\/apress_heading][\/vc_column_inner][\/vc_row_inner][vc_row_inner gap=&#8221;35&#8243; el_class=&#8221;brand-branches-column&#8221;][vc_column_inner el_class=&#8221;custom_sidebar&#8221; width=&#8221;1\/2&#8243; css=&#8221;.vc_custom_1765531977436{background-image: url(https:\/\/the-rsgroup.com\/wp-content\/uploads\/2025\/12\/Rauscher_Stoecklin_swiss.webp?id=31119) !important;background-position: center !important;background-repeat: no-repeat !important;background-size: cover !important;}&#8221;]\r\n<!--Image Box Start-->\r\n<div class=\"zolo_imagebox_new_swing new_imagebox_style4\"><div class=\"zolo_imagebox_new_wrapper zolo_imagebox_new_63493305869efd48f201eb new_imagebox_style4 noanimation\" data-animation =\"No Animation\" data-delay =\"500\" data-id =\"zolo_imagebox_new_63493305869efd48f201eb\">\r\n    <a title=\"Dry type transformers\" href=\"https:\/\/the-rsgroup.com\/de\/rauscher-stoecklin\/rauscher-stoecklin-schweiz\/\" target=\"_self\" rel=\"\">\r\n    <div class=\"zolo_imagebox_new_box\">\r\n        <div class=\"zolo_thumbnail\" style=\"background:url(https:\/\/the-rsgroup.com\/wp-content\/uploads\/2025\/04\/RauscherStoecklin_Logo_pos_RGB-updated.png) no-repeat center center; -moz-background-size:cover;-webkit-background-size:cover;-o-background-size:cover;-ms-background-size:cover;background-size:cover; height:300px;\"><\/div>\r\n        <div class=\"zolo_imagebox_new_content\">\r\n            <div class=\"zolo_imagebox_new_title_des\">\r\n        <h3 class=\"entry-title zolo_imagebox_new_title\" style=\"color:#000000; \">        Rauscher &amp; Stoecklin Suisse <\/h3>                        <div class=\"zolo_imagebox_icon_button_element alignment_inline zolo_imagebox_icon_button_63493305869efd48f201eb\"><span class=\"zolo_iconbutton_tag iconbutton_style1 button_style_none\"><span class=\"zolo_button_icon zolo_arrow_icon\"><\/span><\/span><\/div>      <\/div>\r\n    <\/div>\r\n          <\/div>\r\n    <\/a>\r\n  <\/div>\r\n<\/div><!--Image Box End-->\r\n\r\n[\/vc_column_inner][vc_column_inner el_class=&#8221;custom_sidebar&#8221; width=&#8221;1\/2&#8243; css=&#8221;.vc_custom_1765531986715{background-image: url(https:\/\/the-rsgroup.com\/wp-content\/uploads\/2025\/12\/Rauscher_Stoecklin_Poland.webp?id=31125) !important;background-position: center !important;background-repeat: no-repeat !important;background-size: cover !important;}&#8221;]\r\n<!--Image Box Start-->\r\n<div class=\"zolo_imagebox_new_swing new_imagebox_style4\"><div class=\"zolo_imagebox_new_wrapper zolo_imagebox_new_68413548169efd48f210a5 new_imagebox_style4 noanimation\" data-animation =\"No Animation\" data-delay =\"500\" data-id =\"zolo_imagebox_new_68413548169efd48f210a5\">\r\n    <a title=\"Dry type transformers\" href=\"https:\/\/the-rsgroup.com\/de\/rauscher-stoecklin\/rauscher-stoecklin-polen\/\" target=\"_self\" rel=\"\">\r\n    <div class=\"zolo_imagebox_new_box\">\r\n        <div class=\"zolo_thumbnail\" style=\"background:url(https:\/\/the-rsgroup.com\/wp-content\/uploads\/2025\/04\/RauscherStoecklin_Logo_pos_RGB-updated.png) no-repeat center center; -moz-background-size:cover;-webkit-background-size:cover;-o-background-size:cover;-ms-background-size:cover;background-size:cover; height:300px;\"><\/div>\r\n        <div class=\"zolo_imagebox_new_content\">\r\n            <div class=\"zolo_imagebox_new_title_des\">\r\n        <h3 class=\"entry-title zolo_imagebox_new_title\" style=\"color:#000000; \">        Rauscher &amp; Stoecklin Pologne <\/h3>                        <div class=\"zolo_imagebox_icon_button_element alignment_inline zolo_imagebox_icon_button_68413548169efd48f210a5\"><span class=\"zolo_iconbutton_tag iconbutton_style1 button_style_none\"><span class=\"zolo_button_icon zolo_arrow_icon\"><\/span><\/span><\/div>      <\/div>\r\n    <\/div>\r\n          <\/div>\r\n    <\/a>\r\n  <\/div>\r\n<\/div><!--Image Box End-->\r\n\r\n[\/vc_column_inner][\/vc_row_inner][\/vc_column][\/vc_row][vc_row full_width=&#8221;stretch_row_content&#8221; content_placement=&#8221;middle&#8221; bg_type=&#8221;image&#8221; parallax_style=&#8221;vcpb-default&#8221; bg_image_new=&#8221;id^31553|url^https:\/\/the-rsgroup.com\/wp-content\/uploads\/2025\/12\/Mirjana__2_2048_680.jpg|caption^null|alt^null|title^Mirjana__2_2048_680|description^null&#8221; bg_image_repeat=&#8221;no-repeat&#8221; bg_override=&#8221;full&#8221; css=&#8221;.vc_custom_1765965406436{padding-top: 50px !important;padding-bottom: 100px !important;background-position: center !important;background-repeat: no-repeat !important;background-size: cover !important;}&#8221; el_class=&#8221;full-width-content-section testimonial&#8221; el_id=&#8221;row3&#8243;][vc_column][vc_row_inner][vc_column_inner][vc_single_image image=&#8221;31559&#8243; img_size=&#8221;full&#8221; css=&#8221;&#8221; el_class=&#8221;test-desktop-hide&#8221;][vc_column_text css=&#8221;&#8221; el_class=&#8221;full-width-content full-width-content-right rs&#8221;]<\/p>\n<h5>Une logistique de bout en bout qui respecte les d\u00e9lais<\/h5>\n<p><em>\u201eNous pilotons les flux de mat\u00e9riaux et d\u2019informations de bout en bout \u2013 de mani\u00e8re fond\u00e9e sur les donn\u00e9es, transparente et avec des priorit\u00e9s claires, afin de garantir des temps de travers\u00e9e ma\u00eetris\u00e9s et des livraisons ponctuelles.\u201c<\/em><\/p>\n<h6>Mirjana Milinkovic, Directrice Logistique et Contr\u00f4le de Production, Rauscher &amp; Stoecklin AG<\/h6>\n<p>[\/vc_column_text][\/vc_column_inner][\/vc_row_inner][\/vc_column][\/vc_row]<\/p>\n<\/div>","protected":false},"excerpt":{"rendered":"<p>[vc_section full_width=&#8221;stretch_row&#8221; content_placement=&#8221;middle&#8221; min_height=&#8221;480&#8243; css=&#8221;.vc_custom_1765270064174{background-image: url(https:\/\/the-rsgroup.com\/wp-content\/uploads\/2025\/12\/Header_Rauscher_Stoecklin_Gruppe.jpg?id=30621) !important;background-position: center !important;background-repeat: no-repeat !important;background-size: cover !important;}&#8221; el_class=&#8221;inner-page-banner-section&#8221;][vc_row][vc_column][apress_heading sub_title=&#8221;Transformateurs de distribution \u00e0 huile et appareillage de commutation pour une distribution \u00e9lectrique s\u00fbre&#8221; content_alignment=&#8221;left&#8221; data_animation=&#8221;fadeInRight&#8221; enable_delimiter=&#8221;&#8221; style=&#8221;heading_style1&#8243; title_font_options=&#8221;tag:h1&#8243; subtitle_font_options=&#8221;tag:div&#8221;]Rauscher &amp; Stoecklin[\/apress_heading][\/vc_column][\/vc_row][\/vc_section][vc_row css=&#8221;.vc_custom_1754110673091{padding-top: 80px !important;padding-bottom: 80px&hellip;<\/p>\n","protected":false},"author":1,"featured_media":0,"parent":0,"menu_order":0,"comment_status":"closed","ping_status":"closed","template":"template-fullwidth-page.php","meta":{"_acf_changed":false,"_monsterinsights_skip_tracking":false,"_monsterinsights_sitenote_active":false,"_monsterinsights_sitenote_note":"","_monsterinsights_sitenote_category":0,"footnotes":""},"class_list":["post-8341","page","type-page","status-publish","hentry"],"acf":[],"_links":{"self":[{"href":"https:\/\/the-rsgroup.com\/fr\/wp-json\/wp\/v2\/pages\/8341","targetHints":{"allow":["GET"]}}],"collection":[{"href":"https:\/\/the-rsgroup.com\/fr\/wp-json\/wp\/v2\/pages"}],"about":[{"href":"https:\/\/the-rsgroup.com\/fr\/wp-json\/wp\/v2\/types\/page"}],"author":[{"embeddable":true,"href":"https:\/\/the-rsgroup.com\/fr\/wp-json\/wp\/v2\/users\/1"}],"replies":[{"embeddable":true,"href":"https:\/\/the-rsgroup.com\/fr\/wp-json\/wp\/v2\/comments?post=8341"}],"version-history":[{"count":33,"href":"https:\/\/the-rsgroup.com\/fr\/wp-json\/wp\/v2\/pages\/8341\/revisions"}],"predecessor-version":[{"id":31566,"href":"https:\/\/the-rsgroup.com\/fr\/wp-json\/wp\/v2\/pages\/8341\/revisions\/31566"}],"wp:attachment":[{"href":"https:\/\/the-rsgroup.com\/fr\/wp-json\/wp\/v2\/media?parent=8341"}],"curies":[{"name":"wp","href":"https:\/\/api.w.org\/{rel}","templated":true}]}}