{"id":18101,"date":"2023-12-10T16:34:38","date_gmt":"2023-12-10T16:34:38","guid":{"rendered":"https:\/\/the-rsgroup.com\/riguardo-a-noi\/sustainability\/"},"modified":"2025-12-22T07:18:34","modified_gmt":"2025-12-22T07:18:34","slug":"sviluppo-sostenibile","status":"publish","type":"page","link":"https:\/\/the-rsgroup.com\/it\/riguardo-a-noi\/sviluppo-sostenibile\/","title":{"rendered":"Sviluppo sostenibile"},"content":{"rendered":"<div class=\"wpb-content-wrapper\"><p>[vc_section full_width=&#8221;stretch_row&#8221; content_placement=&#8221;middle&#8221; min_height=&#8221;480&#8243; css=&#8221;.vc_custom_1759583953168{background-image: url(https:\/\/the-rsgroup.com\/wp-content\/uploads\/2021\/06\/shutterstock_526986238-scaled.jpg?id=14430) !important;background-position: center !important;background-repeat: no-repeat !important;background-size: cover !important;}&#8221; el_class=&#8221;inner-page-banner-section&#8221;][vc_row][vc_column][apress_heading sub_title=&#8221;&#8221; content_alignment=&#8221;left&#8221; data_animation=&#8221;fadeInRight&#8221; enable_delimiter=&#8221;&#8221; style=&#8221;heading_style1&#8243; title_font_options=&#8221;tag:h1&#8243; subtitle_font_options=&#8221;tag:div&#8221;]Sviluppo sostenibile[\/apress_heading][\/vc_column][\/vc_row][\/vc_section][vc_row css=&#8221;.vc_custom_1758271931831{padding-top: 80px !important;padding-bottom: 80px !important;}&#8221;][vc_column apress_zindex=&#8221;9&#8243; css=&#8221;.vc_custom_1701013509166{padding-top: 0px !important;padding-bottom: 0px !important;}&#8221; el_class=&#8221;custom_sidebar high_zIndex&#8221;][apress_heading sub_title=&#8221;&#8221; content_alignment=&#8221;left&#8221; enable_delimiter=&#8221;&#8221; color_scheme=&#8221;color_scheme1&#8243; style=&#8221;heading_style1&#8243; title_font_options=&#8221;tag:h2|letter_spacing:1&#8243; subtitle_font_options=&#8221;tag:div&#8221; heading_margin=&#8221;margin-bottom:30&#8243; subheading_margin=&#8221;margin-bottom:30&#8243; class=&#8221;h2-heading-custom&#8221;]Sviluppo sostenibile presso R&amp;S[\/apress_heading][vc_column_text css=&#8221;&#8221;]In qualit\u00e0 di fornitore leader di componenti per infrastrutture elettriche, il Gruppo R&amp;S \u00e8 attivamente impegnato nella transizione energetica. La nostra missione \u00e8 fornire energia affidabile, supportando al contempo la transizione verso fonti energetiche rinnovabili e la loro distribuzione efficiente. La sostenibilit\u00e0 \u00e8 quindi una componente centrale della nostra strategia aziendale e plasma le nostre attivit\u00e0 attuali e future.<\/p>\n<p>Adottiamo un approccio olistico per integrare i principi di sostenibilit\u00e0 lungo tutta la nostra catena del valore. Ci affidiamo a un modello di economia circolare che considera l&#8217;intero ciclo di vita dei nostri prodotti, dalla selezione dei materiali e dalla progettazione all&#8217;utilizzo e al riciclo. Il nostro obiettivo \u00e8 migliorare costantemente l&#8217;efficienza energetica dei nostri prodotti e promuovere l&#8217;uso di materiali che risparmiano risorse.<\/p>\n<p>Un esempio del nostro impegno \u00e8 lo sviluppo della prossima generazione di trasformatori. Utilizzando materiali ecocompatibili, come l&#8217;acciaio a basso tenore di carbonio, e ottimizzando il design, siamo riusciti ad aumentare l&#8217;efficienza energetica dei nostri modelli attuali di oltre il 25% rispetto alle generazioni precedenti. Inoltre, oltre l&#8217;80% delle materie prime utilizzate nei nostri trasformatori \u00e8 costituito da vari metalli, in gran parte riciclabili.<\/p>\n<p>All&#8217;interno del Gruppo R&amp;S, abbiamo definito obiettivi, processi e indicatori di performance concreti per misurare e migliorare costantemente i nostri progressi in ambito ambientale, sociale e di governance (ESG ) . Stiamo attualmente lavorando per integrare ulteriormente i principi ESG nei nostri processi aziendali e nei modelli di remunerazione, al fine di garantire una governance aziendale sostenibile.<\/p>\n<p>I nostri successi nell&#8217;esercizio 2024, tra cui una crescita del fatturato del 40% a 282,6 milioni di CHF e un portafoglio ordini record di 278 milioni di CHF, confermano l&#8217;efficacia della nostra strategia sostenibile. Siamo convinti che successo economico e responsabilit\u00e0 ecologica vadano di pari passo e continuiamo a impegnarci nello sviluppo di soluzioni innovative per un futuro energetico sostenibile.[\/vc_column_text][\/vc_column][\/vc_row][vc_row full_width=&#8221;stretch_row&#8221; equal_height=&#8221;yes&#8221; css=&#8221;.vc_custom_1758271866994{margin-top: 0px !important;padding-top: 0px !important;padding-bottom: 80px !important;}&#8221;][vc_column][vc_row_inner equal_height=&#8221;yes&#8221; gap=&#8221;20&#8243; el_class=&#8221;benefits-column-row&#8221;][vc_column_inner el_class=&#8221;custom_sidebar&#8221; width=&#8221;1\/3&#8243;][apress_gradient_icon_box description=&#8221;&#8221; color_scheme=&#8221;gradient_scheme1&#8243; icon_type=&#8221;image&#8221; icon_image=&#8221;22567&#8243; gradient_icon_size=&#8221;70&#8243; style=&#8221;iconbox_style1&#8243; class=&#8221;no-padding&#8221; title_font_options=&#8221;tag:h2|letter_spacing:1&#8243;]Strategia[\/apress_gradient_icon_box][vc_column_text css=&#8221;&#8221;]<\/p>\n<ul>\n<li>Ambizione, strategia di sostenibilit\u00e0 e tabella di marcia<\/li>\n<li>Prodotti e servizi<\/li>\n<li>Clienti<\/li>\n<\/ul>\n<p>[\/vc_column_text][\/vc_column_inner][vc_column_inner el_class=&#8221;custom_sidebar&#8221; width=&#8221;1\/3&#8243;][apress_gradient_icon_box description=&#8221;&#8221; color_scheme=&#8221;gradient_scheme1&#8243; icon_type=&#8221;image&#8221; icon_image=&#8221;22008&#8243; gradient_icon_size=&#8221;70&#8243; style=&#8221;iconbox_style1&#8243; class=&#8221;no-padding&#8221; title_font_options=&#8221;tag:h2|letter_spacing:1&#8243;]Rischio e conformit\u00e0[\/apress_gradient_icon_box][vc_column_text css=&#8221;&#8221;]<\/p>\n<ul>\n<li>Valutazione del rischio<\/li>\n<li>Dati e tecnologia<\/li>\n<li>regolamento<\/li>\n<\/ul>\n<p>[\/vc_column_text][\/vc_column_inner][vc_column_inner el_class=&#8221;custom_sidebar&#8221; width=&#8221;1\/3&#8243;][apress_gradient_icon_box description=&#8221;&#8221; color_scheme=&#8221;gradient_scheme1&#8243; icon_type=&#8221;image&#8221; icon_image=&#8221;21719&#8243; gradient_icon_size=&#8221;70&#8243; style=&#8221;iconbox_style1&#8243; class=&#8221;no-padding&#8221; title_font_options=&#8221;tag:h2|letter_spacing:1&#8243;]Gestione ambientale[\/apress_gradient_icon_box][vc_column_text css=&#8221;&#8221;]<\/p>\n<ul>\n<li>Emissioni di gas serra<\/li>\n<li>Efficienza delle risorse<\/li>\n<\/ul>\n<p>[\/vc_column_text][\/vc_column_inner][\/vc_row_inner][vc_row_inner equal_height=&#8221;yes&#8221; gap=&#8221;20&#8243; el_class=&#8221;benefits-column-row&#8221;][vc_column_inner el_class=&#8221;custom_sidebar&#8221; width=&#8221;1\/3&#8243;][apress_gradient_icon_box description=&#8221;&#8221; color_scheme=&#8221;gradient_scheme1&#8243; icon_type=&#8221;image&#8221; icon_image=&#8221;21996&#8243; gradient_icon_size=&#8221;70&#8243; style=&#8221;iconbox_style1&#8243; class=&#8221;no-padding&#8221; title_font_options=&#8221;tag:h2|letter_spacing:1&#8243;]Catena del valore[\/apress_gradient_icon_box][vc_column_text css=&#8221;&#8221;]<\/p>\n<ul>\n<li>catena di fornitura<\/li>\n<li>Relazioni educative<\/li>\n<\/ul>\n<p>[\/vc_column_text][\/vc_column_inner][vc_column_inner el_class=&#8221;custom_sidebar&#8221; width=&#8221;1\/3&#8243;][apress_gradient_icon_box description=&#8221;&#8221; color_scheme=&#8221;gradient_scheme1&#8243; icon_type=&#8221;image&#8221; icon_image=&#8221;22555&#8243; gradient_icon_size=&#8221;70&#8243; style=&#8221;iconbox_style1&#8243; class=&#8221;no-padding&#8221; title_font_options=&#8221;tag:h2|letter_spacing:1&#8243;]Dipendenti e ambiente di lavoro[\/apress_gradient_icon_box][vc_column_text css=&#8221;&#8221;]<\/p>\n<ul>\n<li>Salute e sicurezza<\/li>\n<li>Etica e comportamento sul posto di lavoro<\/li>\n<\/ul>\n<p>[\/vc_column_text][\/vc_column_inner][vc_column_inner el_class=&#8221;custom_sidebar&#8221; width=&#8221;1\/3&#8243;][apress_gradient_icon_box description=&#8221;&#8221; color_scheme=&#8221;gradient_scheme1&#8243; icon_type=&#8221;image&#8221; icon_image=&#8221;22020&#8243; gradient_icon_size=&#8221;70&#8243; style=&#8221;iconbox_style1&#8243; class=&#8221;no-padding&#8221; title_font_options=&#8221;tag:h2|letter_spacing:1&#8243;]Guida[\/apress_gradient_icon_box][vc_column_text css=&#8221;&#8221;]<\/p>\n<ul>\n<li>Ruoli e responsabilit\u00e0<\/li>\n<li>Sistemi di gestione<\/li>\n<li>Uguaglianza<\/li>\n<\/ul>\n<p>[\/vc_column_text][\/vc_column_inner][\/vc_row_inner][\/vc_column][\/vc_row]<\/p>\n<\/div>","protected":false},"excerpt":{"rendered":"<p>[vc_section full_width=&#8221;stretch_row&#8221; content_placement=&#8221;middle&#8221; min_height=&#8221;480&#8243; css=&#8221;.vc_custom_1759583953168{background-image: url(https:\/\/the-rsgroup.com\/wp-content\/uploads\/2021\/06\/shutterstock_526986238-scaled.jpg?id=14430) !important;background-position: center !important;background-repeat: no-repeat !important;background-size: cover !important;}&#8221; el_class=&#8221;inner-page-banner-section&#8221;][vc_row][vc_column][apress_heading sub_title=&#8221;&#8221; content_alignment=&#8221;left&#8221; data_animation=&#8221;fadeInRight&#8221; enable_delimiter=&#8221;&#8221; style=&#8221;heading_style1&#8243; title_font_options=&#8221;tag:h1&#8243; subtitle_font_options=&#8221;tag:div&#8221;]Sviluppo sostenibile[\/apress_heading][\/vc_column][\/vc_row][\/vc_section][vc_row css=&#8221;.vc_custom_1758271931831{padding-top: 80px !important;padding-bottom: 80px !important;}&#8221;][vc_column apress_zindex=&#8221;9&#8243; css=&#8221;.vc_custom_1701013509166{padding-top: 0px !important;padding-bottom: 0px !important;}&#8221; el_class=&#8221;custom_sidebar high_zIndex&#8221;][apress_heading sub_title=&#8221;&#8221; content_alignment=&#8221;left&#8221; enable_delimiter=&#8221;&#8221; color_scheme=&#8221;color_scheme1&#8243; style=&#8221;heading_style1&#8243;&hellip;<\/p>\n","protected":false},"author":1,"featured_media":0,"parent":8013,"menu_order":0,"comment_status":"closed","ping_status":"closed","template":"template-fullwidth-page.php","meta":{"_acf_changed":false,"_monsterinsights_skip_tracking":false,"_monsterinsights_sitenote_active":false,"_monsterinsights_sitenote_note":"","_monsterinsights_sitenote_category":0,"footnotes":""},"class_list":["post-18101","page","type-page","status-publish","hentry"],"acf":[],"_links":{"self":[{"href":"https:\/\/the-rsgroup.com\/it\/wp-json\/wp\/v2\/pages\/18101","targetHints":{"allow":["GET"]}}],"collection":[{"href":"https:\/\/the-rsgroup.com\/it\/wp-json\/wp\/v2\/pages"}],"about":[{"href":"https:\/\/the-rsgroup.com\/it\/wp-json\/wp\/v2\/types\/page"}],"author":[{"embeddable":true,"href":"https:\/\/the-rsgroup.com\/it\/wp-json\/wp\/v2\/users\/1"}],"replies":[{"embeddable":true,"href":"https:\/\/the-rsgroup.com\/it\/wp-json\/wp\/v2\/comments?post=18101"}],"version-history":[{"count":23,"href":"https:\/\/the-rsgroup.com\/it\/wp-json\/wp\/v2\/pages\/18101\/revisions"}],"predecessor-version":[{"id":31792,"href":"https:\/\/the-rsgroup.com\/it\/wp-json\/wp\/v2\/pages\/18101\/revisions\/31792"}],"up":[{"embeddable":true,"href":"https:\/\/the-rsgroup.com\/it\/wp-json\/wp\/v2\/pages\/8013"}],"wp:attachment":[{"href":"https:\/\/the-rsgroup.com\/it\/wp-json\/wp\/v2\/media?parent=18101"}],"curies":[{"name":"wp","href":"https:\/\/api.w.org\/{rel}","templated":true}]}}