{"id":18217,"date":"2023-12-11T20:02:29","date_gmt":"2023-12-11T20:02:29","guid":{"rendered":"https:\/\/the-rsgroup.com\/riguardo-a-noi\/aree-di-attivita\/"},"modified":"2025-12-06T08:41:53","modified_gmt":"2025-12-06T08:41:53","slug":"aree-di-attivita","status":"publish","type":"page","link":"https:\/\/the-rsgroup.com\/it\/riguardo-a-noi\/aree-di-attivita\/","title":{"rendered":"Aree di attivit\u00e0"},"content":{"rendered":"<div class=\"wpb-content-wrapper\"><p>[vc_section full_width=&#8221;stretch_row&#8221; content_placement=&#8221;middle&#8221; min_height=&#8221;480&#8243; css=&#8221;.vc_custom_1765009975511{background-image: url(https:\/\/the-rsgroup.com\/wp-content\/uploads\/2025\/12\/f3180ede-4dd9-46e3-a083-a1e8c4528abe.jpg?id=29633) !important;background-position: center !important;background-repeat: no-repeat !important;background-size: cover !important;}&#8221; el_class=&#8221;inner-page-banner-section&#8221;][vc_row][vc_column][apress_heading sub_title=&#8221;&#8221; content_alignment=&#8221;left&#8221; data_animation=&#8221;fadeInRight&#8221; enable_delimiter=&#8221;&#8221; style=&#8221;heading_style1&#8243; title_font_options=&#8221;tag:h1&#8243; subtitle_font_options=&#8221;tag:div&#8221;]Aree di attivit\u00e0[\/apress_heading][\/vc_column][\/vc_row][\/vc_section][vc_row css=&#8221;.vc_custom_1764930559177{padding-top: 80px !important;padding-bottom: 80px !important;}&#8221;][vc_column][vc_row_inner][vc_column_inner][vc_column_text css=&#8221;&#8221;]Supportiamo i nostri clienti lungo l\u2019intera catena del valore dell\u2019energia elettrica \u2013 dalla generazione al trasporto e alla distribuzione, fino allo stoccaggio e alle applicazioni critiche come data center, impianti industriali, progetti ferroviari e infrastrutturali.<\/p>\n<p>La transizione energetica sta cambiando in modo fondamentale i requisiti per le infrastrutture elettriche. Per noi, come costruttore di trasformatori, questo significa soprattutto:<br \/>\nfornire, in tempi sempre pi\u00f9 brevi, un numero significativamente maggiore di trasformatori pi\u00f9 efficienti e pi\u00f9 sostenibili \u2013 in reti che diventano tecnicamente pi\u00f9 complesse e regolatoriamente pi\u00f9 esigenti.[\/vc_column_text]<div class=\"apress-spacer spacer-69ef1dfb4089b\" data-id=\"69ef1dfb4089b\" data-height=\"50\" data-height-mobile=\"50\" data-height-tab=\"50\" data-height-tab-portrait=\"\" data-height-mobile-landscape=\"\" style=\"clear:both;display:block;\"><\/div>[apress_heading sub_title=&#8221;&#8221; content_alignment=&#8221;left&#8221; enable_delimiter=&#8221;&#8221; color_scheme=&#8221;color_scheme2&#8243; style=&#8221;heading_style5&#8243; title_font_options=&#8221;tag:h2|letter_spacing:0&#8243; subtitle_font_options=&#8221;tag:div|letter_spacing:3&#8243;]Le principali sfide sono:[\/apress_heading]<div class=\"apress-spacer spacer-69ef1dfb40932\" data-id=\"69ef1dfb40932\" data-height=\"20\" data-height-mobile=\"20\" data-height-tab=\"20\" data-height-tab-portrait=\"\" data-height-mobile-landscape=\"\" style=\"clear:both;display:block;\"><\/div>[vc_column_text css=&#8221;&#8221;]<\/p>\n<ul>\n<li>La crescente domanda di trasformatori dovuta alla contemporanea espansione, rinforzo e modernizzazione delle reti.<\/li>\n<li>L\u2019integrazione delle energie rinnovabili (ad es. eolico, solare, sistemi di accumulo a batteria) con profili di carico spesso altamente variabili.<\/li>\n<li>Requisiti stringenti in materia di efficienza e sostenibilit\u00e0 (ad es. direttive Ecodesign, riduzione della CO\u2082, requisiti acustici e di sicurezza).<\/li>\n<li>Catene di fornitura di materie prime e materiali fortemente sotto pressione.<\/li>\n<\/ul>\n<p>[\/vc_column_text][\/vc_column_inner][\/vc_row_inner][\/vc_column][\/vc_row][vc_row css=&#8221;.vc_custom_1764929364238{padding-top: 80px !important;padding-bottom: 80px !important;background-color: #E6E7E9 !important;}&#8221;][vc_column][vc_row_inner gap=&#8221;35&#8243;][vc_column_inner width=&#8221;3\/5&#8243;][apress_heading sub_title=&#8221;&#8221; content_alignment=&#8221;left&#8221; enable_delimiter=&#8221;&#8221; color_scheme=&#8221;color_scheme2&#8243; style=&#8221;heading_style5&#8243; title_font_options=&#8221;tag:h2|letter_spacing:0&#8243; subtitle_font_options=&#8221;tag:div|letter_spacing:3&#8243;]Le nostre soluzioni affrontano in modo mirato questi temi:[\/apress_heading]<div class=\"apress-spacer spacer-69ef1dfb4099f\" data-id=\"69ef1dfb4099f\" data-height=\"50\" data-height-mobile=\"50\" data-height-tab=\"50\" data-height-tab-portrait=\"\" data-height-mobile-landscape=\"\" style=\"clear:both;display:block;\"><\/div>[vc_column_text css=&#8221;&#8221;]<\/p>\n<ul>\n<li>Potenziamento delle capacit\u00e0 produttive: nel 2025 abbiamo messo in esercizio a Krzecz\u00f3w, vicino a Bochnia (Polonia), un nuovo stabilimento del marchio Rauscher &amp; Stoecklin per trasformatori di distribuzione in olio, con circa 10.000 m\u00b2 di superficie produttiva.<\/li>\n<li>Ampia gamma di trasformatori di distribuzione e di potenza a basse perdite per reti di trasmissione e distribuzione.<\/li>\n<li>Trasformatori in resina colata per l\u2019industria, i data center e i progetti edilizi e infrastrutturali.<\/li>\n<li>Esecuzioni speciali per il settore ferroviario, marittimo, minerario, oil &amp; gas, e-mobility, sistemi di accumulo a batteria e altre applicazioni particolarmente impegnative.<\/li>\n<li>Trasformatori di misura e apparecchiature di manovra per il monitoraggio e la protezione della rete.<\/li>\n<\/ul>\n<p>[\/vc_column_text][\/vc_column_inner][vc_column_inner width=&#8221;2\/5&#8243;][vc_single_image image=&#8221;29647&#8243; img_size=&#8221;large&#8221; css=&#8221;&#8221;][\/vc_column_inner][\/vc_row_inner][\/vc_column][\/vc_row][vc_row css=&#8221;.vc_custom_1764930678922{padding-top: 80px !important;padding-bottom: 80px !important;}&#8221;][vc_column][vc_row_inner][vc_column_inner][apress_heading sub_title=&#8221;&#8221; content_alignment=&#8221;left&#8221; enable_delimiter=&#8221;&#8221; color_scheme=&#8221;color_scheme2&#8243; style=&#8221;heading_style5&#8243; title_font_options=&#8221;tag:h2|letter_spacing:0&#8243; subtitle_font_options=&#8221;tag:div|letter_spacing:3&#8243;]Focus sul cliente[\/apress_heading]<div class=\"apress-spacer spacer-69ef1dfb40a02\" data-id=\"69ef1dfb40a02\" data-height=\"50\" data-height-mobile=\"50\" data-height-tab=\"50\" data-height-tab-portrait=\"\" data-height-mobile-landscape=\"\" style=\"clear:both;display:block;\"><\/div>[vc_column_text css=&#8221;&#8221;]Per il management dei nostri clienti, tre obiettivi sono centrali: sicurezza di approvvigionamento, convenienza economica e rispetto dei requisiti normativi e di sostenibilit\u00e0.<\/p>\n<p><strong>Sicurezza di approvvigionamento e stabilit\u00e0 della rete:<\/strong><br \/>\ntrasformatori e componenti progettati in modo robusto, adattati a variazioni di carico, armoniche e nuovi profili di esercizio, aumentano la disponibilit\u00e0 e riducono il rischio di guasti.<\/p>\n<p><strong>Convenienza lungo l\u2019intero ciclo di vita:<\/strong><br \/>\nprogetti ad alta efficienza energetica riducono le perdite e i costi operativi; lunga durata e ridotte esigenze di manutenzione proteggono gli investimenti per decenni.<\/p>\n<p><strong>Sostenibilit\u00e0 e regolamentazione:<\/strong><br \/>\ni nostri prodotti soddisfano i requisiti attuali e futuri in termini di efficienza, ambiente e sicurezza \u2013 dalle normative europee Ecodesign fino agli standard e alle specifiche personalizzate del cliente.[\/vc_column_text][\/vc_column_inner][\/vc_row_inner][\/vc_column][\/vc_row][vc_row css=&#8221;.vc_custom_1764930440890{padding-top: 80px !important;padding-bottom: 80px !important;background-color: #E6E7E9 !important;}&#8221;][vc_column][apress_heading sub_title=&#8221;La nostra competenza settoriale si articola in tre segmenti:&#8221; content_alignment=&#8221;left&#8221; enable_delimiter=&#8221;&#8221; color_scheme=&#8221;color_scheme2&#8243; style=&#8221;heading_style5&#8243; title_font_options=&#8221;tag:h2|letter_spacing:0&#8243; subtitle_font_options=&#8221;tag:div|letter_spacing:3&#8243;]Competenza settoriale[\/apress_heading][vc_row_inner el_class=&#8221;location-expertise-section&#8221;][vc_column_inner width=&#8221;2\/3&#8243;][apress_heading sub_title=&#8221;&#8221; content_alignment=&#8221;left&#8221; enable_delimiter=&#8221;&#8221; color_scheme=&#8221;color_scheme2&#8243; style=&#8221;heading_style5&#8243; title_font_options=&#8221;tag:h2|letter_spacing:0&#8243; subtitle_font_options=&#8221;tag:div|letter_spacing:3&#8243;]Distribuzione dell\u2019energia[\/apress_heading][vc_column_text css=&#8221;&#8221;]Generazione, trasmissione, distribuzione e accumulo dell\u2019energia elettrica \u2013 dalla centrale elettrica, attraverso la rete di trasmissione, fino all\u2019immissione decentralizzata.[\/vc_column_text][apress_button button_text=&#8221;Erfahren Sie mehr&#8221; button_shape=&#8221;square&#8221; class=&#8221;more-link&#8221; button_link=&#8221;url:https%3A%2F%2Fthe-rsgroup.com%2Fit%2Fsettori%2Fenergie-rinnovabili%2F|title:Energieverteilung&#8221;][\/vc_column_inner][vc_column_inner width=&#8221;1\/3&#8243;][vc_single_image image=&#8221;29674&#8243; img_size=&#8221;large&#8221; css=&#8221;&#8221;][\/vc_column_inner][\/vc_row_inner][vc_row_inner el_class=&#8221;location-expertise-section&#8221;][vc_column_inner width=&#8221;2\/3&#8243;][apress_heading sub_title=&#8221;&#8221; content_alignment=&#8221;left&#8221; enable_delimiter=&#8221;&#8221; color_scheme=&#8221;color_scheme2&#8243; style=&#8221;heading_style5&#8243; title_font_options=&#8221;tag:h2|letter_spacing:0&#8243; subtitle_font_options=&#8221;tag:div|letter_spacing:3&#8243;]Energie rinnovabili (Renewables)[\/apress_heading][vc_column_text css=&#8221;&#8221;]Produzione di energia da vento, solare, fotovoltaico, geotermia e idroelettrico \u2013 inclusi collegamento alla rete, gestione dell\u2019immissione e integrazione dei sistemi di accumulo.[\/vc_column_text][apress_button button_text=&#8221;Erfahren Sie mehr&#8221; button_shape=&#8221;square&#8221; class=&#8221;more-link&#8221; button_link=&#8221;url:https%3A%2F%2Fthe-rsgroup.com%2Fde%2Fbranchen%2Ferneuerbare-energien%2F|title:Erneuerbare%20Energien&#8221;][\/vc_column_inner][vc_column_inner width=&#8221;1\/3&#8243;][vc_single_image image=&#8221;29668&#8243; img_size=&#8221;large&#8221; css=&#8221;&#8221;][\/vc_column_inner][\/vc_row_inner][vc_row_inner el_class=&#8221;location-expertise-section&#8221;][vc_column_inner width=&#8221;2\/3&#8243;][apress_heading sub_title=&#8221;&#8221; content_alignment=&#8221;left&#8221; enable_delimiter=&#8221;&#8221; color_scheme=&#8221;color_scheme2&#8243; style=&#8221;heading_style5&#8243; title_font_options=&#8221;tag:h2|letter_spacing:0&#8243; subtitle_font_options=&#8221;tag:div|letter_spacing:3&#8243;]Industria e applicazioni industriali[\/apress_heading][vc_column_text css=&#8221;&#8221;]I nostri prodotti e soluzioni sono utilizzati, tra l\u2019altro, in:<\/p>\n<ul>\n<li>Settore marittimo e portuale (elettrificazione)<\/li>\n<li>Trasporto ferroviario (sistemi di alimentazione di trazione, sottostazioni, segnalamento)<\/li>\n<li>Data center (alimentazione ininterrotta ad alta disponibilit\u00e0)<\/li>\n<li>Miniere (ambienti polverosi, umidi e meccanicamente gravosi)<\/li>\n<li>Oil &amp; gas (condizioni ambientali difficili, elevati requisiti di sicurezza)<\/li>\n<li>Sistemi a batteria e sistemi di accumulo (integrazione rapida, stabilit\u00e0 termica)<\/li>\n<li>E-mobility e infrastrutture di ricarica (ricarica rapida per auto, camion e autobus, reti urbane)<\/li>\n<li>Reti di teleriscaldamento e teleraffrescamento (alimentazione energetica di moderni sistemi HVAC)<\/li>\n<li>Industria chimica e delle materie plastiche (elevate esigenze di protezione)<\/li>\n<li>Industria della cellulosa e della carta (forti picchi di carico, variazioni dinamiche)<\/li>\n<li>Ospedali, aeroporti, stadi, musei e altre strutture pubbliche e infrastrutture critiche<\/li>\n<\/ul>\n<p>&nbsp;<\/p>\n<p>Con i nostri prodotti elettrotecnici e le nostre soluzioni su misura aiutiamo i clienti a trasformare le sfide della transizione energetica in vantaggi misurabili \u2013 nella rete, nello stabilimento e nel bilancio.[\/vc_column_text][apress_button button_text=&#8221;Erfahren Sie mehr&#8221; button_shape=&#8221;square&#8221; class=&#8221;more-link&#8221; button_link=&#8221;url:https%3A%2F%2Fthe-rsgroup.com%2Fit%2Fsettori%2Findustria%2F|title:T%C3%A4tigkeitsbereiche&#8221;][\/vc_column_inner][vc_column_inner width=&#8221;1\/3&#8243;][vc_single_image image=&#8221;29687&#8243; img_size=&#8221;large&#8221; css=&#8221;&#8221;][\/vc_column_inner][\/vc_row_inner][\/vc_column][\/vc_row]<\/p>\n<\/div>","protected":false},"excerpt":{"rendered":"<p>[vc_section full_width=&#8221;stretch_row&#8221; content_placement=&#8221;middle&#8221; min_height=&#8221;480&#8243; css=&#8221;.vc_custom_1765009975511{background-image: url(https:\/\/the-rsgroup.com\/wp-content\/uploads\/2025\/12\/f3180ede-4dd9-46e3-a083-a1e8c4528abe.jpg?id=29633) !important;background-position: center !important;background-repeat: no-repeat !important;background-size: cover !important;}&#8221; el_class=&#8221;inner-page-banner-section&#8221;][vc_row][vc_column][apress_heading sub_title=&#8221;&#8221; content_alignment=&#8221;left&#8221; data_animation=&#8221;fadeInRight&#8221; enable_delimiter=&#8221;&#8221; style=&#8221;heading_style1&#8243; title_font_options=&#8221;tag:h1&#8243; subtitle_font_options=&#8221;tag:div&#8221;]Aree di attivit\u00e0[\/apress_heading][\/vc_column][\/vc_row][\/vc_section][vc_row css=&#8221;.vc_custom_1764930559177{padding-top: 80px !important;padding-bottom: 80px !important;}&#8221;][vc_column][vc_row_inner][vc_column_inner][vc_column_text css=&#8221;&#8221;]Supportiamo i nostri clienti lungo l\u2019intera catena del valore dell\u2019energia elettrica \u2013&hellip;<\/p>\n","protected":false},"author":1,"featured_media":0,"parent":8013,"menu_order":0,"comment_status":"closed","ping_status":"closed","template":"template-fullwidth-page.php","meta":{"_acf_changed":false,"_monsterinsights_skip_tracking":false,"_monsterinsights_sitenote_active":false,"_monsterinsights_sitenote_note":"","_monsterinsights_sitenote_category":0,"footnotes":""},"class_list":["post-18217","page","type-page","status-publish","hentry"],"acf":[],"_links":{"self":[{"href":"https:\/\/the-rsgroup.com\/it\/wp-json\/wp\/v2\/pages\/18217","targetHints":{"allow":["GET"]}}],"collection":[{"href":"https:\/\/the-rsgroup.com\/it\/wp-json\/wp\/v2\/pages"}],"about":[{"href":"https:\/\/the-rsgroup.com\/it\/wp-json\/wp\/v2\/types\/page"}],"author":[{"embeddable":true,"href":"https:\/\/the-rsgroup.com\/it\/wp-json\/wp\/v2\/users\/1"}],"replies":[{"embeddable":true,"href":"https:\/\/the-rsgroup.com\/it\/wp-json\/wp\/v2\/comments?post=18217"}],"version-history":[{"count":19,"href":"https:\/\/the-rsgroup.com\/it\/wp-json\/wp\/v2\/pages\/18217\/revisions"}],"predecessor-version":[{"id":29959,"href":"https:\/\/the-rsgroup.com\/it\/wp-json\/wp\/v2\/pages\/18217\/revisions\/29959"}],"up":[{"embeddable":true,"href":"https:\/\/the-rsgroup.com\/it\/wp-json\/wp\/v2\/pages\/8013"}],"wp:attachment":[{"href":"https:\/\/the-rsgroup.com\/it\/wp-json\/wp\/v2\/media?parent=18217"}],"curies":[{"name":"wp","href":"https:\/\/api.w.org\/{rel}","templated":true}]}}