{"id":18227,"date":"2023-12-11T20:25:50","date_gmt":"2023-12-11T20:25:50","guid":{"rendered":"https:\/\/the-rsgroup.com\/riguardo-a-noi\/strategia\/"},"modified":"2025-12-22T07:09:23","modified_gmt":"2025-12-22T07:09:23","slug":"strategia","status":"publish","type":"page","link":"https:\/\/the-rsgroup.com\/it\/riguardo-a-noi\/strategia\/","title":{"rendered":"Strategia"},"content":{"rendered":"<div class=\"wpb-content-wrapper\"><p>[vc_section full_width=&#8221;stretch_row&#8221; content_placement=&#8221;middle&#8221; min_height=&#8221;480&#8243; css=&#8221;.vc_custom_1763460109250{background-image: url(https:\/\/the-rsgroup.com\/wp-content\/uploads\/2025\/11\/Slider_Strategy.jpg?id=27176) !important;background-position: center !important;background-repeat: no-repeat !important;background-size: cover !important;}&#8221; el_class=&#8221;inner-page-banner-section&#8221;][vc_row][vc_column][apress_heading sub_title=&#8221;&#8221; content_alignment=&#8221;left&#8221; data_animation=&#8221;fadeInRight&#8221; enable_delimiter=&#8221;&#8221; style=&#8221;heading_style1&#8243; title_font_options=&#8221;tag:h1&#8243; subtitle_font_options=&#8221;tag:div&#8221;]Strategia[\/apress_heading][\/vc_column][\/vc_row][\/vc_section][vc_row css=&#8221;.vc_custom_1758271260093{padding-top: 80px !important;padding-bottom: 80px !important;}&#8221;][vc_column apress_zindex=&#8221;9&#8243; css=&#8221;.vc_custom_1701013509166{padding-top: 0px !important;padding-bottom: 0px !important;}&#8221; el_class=&#8221;custom_sidebar high_zIndex&#8221;][apress_heading sub_title=&#8221;La nostra strategia \u00e8 in linea con il megatrend dell&#8217;elettrificazione e si basa su quattro pilastri fondamentali:&#8221; content_alignment=&#8221;left&#8221; enable_delimiter=&#8221;&#8221; color_scheme=&#8221;color_scheme1&#8243; style=&#8221;heading_style1&#8243; title_font_options=&#8221;tag:h2|letter_spacing:1&#8243; subtitle_font_options=&#8221;tag:div&#8221; heading_margin=&#8221;margin-bottom:30&#8243; subheading_margin=&#8221;margin-bottom:30&#8243; class=&#8221;h2-heading-custom&#8221;]Il Gruppo R&amp;S punta a generare profitti e ad aumentare il valore aziendale.[\/apress_heading][vc_column_text]<\/p>\n<ol>\n<li>Best in class su tutta la gamma e in termini di prodotti e design personalizzati.<\/li>\n<li>Focalizzazione sui settori in crescita come i data center, la mobilit\u00e0 elettrica e le energie rinnovabili.<\/li>\n<li>Espansione geografica verso mercati nuovi ed emergenti.<\/li>\n<li>Aumento di efficienza e produzione attraverso l&#8217;ottimizzazione continua dei processi.<\/li>\n<\/ol>\n<p>[\/vc_column_text][\/vc_column][\/vc_row][vc_row full_width=&#8221;stretch_row&#8221; equal_height=&#8221;yes&#8221; css=&#8221;.vc_custom_1758271645370{margin-top: 0px !important;padding-top: 0px !important;padding-bottom: 80px !important;background-color: #FFFFFF !important;}&#8221; row_name=&#8221;locations&#8221; el_id=&#8221;locations&#8221;][vc_column][vc_row_inner equal_height=&#8221;yes&#8221; gap=&#8221;20&#8243; el_class=&#8221;benefits-column-row&#8221;][vc_column_inner el_class=&#8221;custom_sidebar&#8221; width=&#8221;1\/2&#8243;][apress_gradient_icon_box description=&#8221;&#8221; color_scheme=&#8221;gradient_scheme1&#8243; icon_type=&#8221;image&#8221; icon_image=&#8221;2662&#8243; gradient_icon_size=&#8221;70&#8243; style=&#8221;iconbox_style1&#8243; class=&#8221;no-padding&#8221; title_font_options=&#8221;tag:h2|letter_spacing:1&#8243;]Strategia[\/apress_gradient_icon_box][vc_column_text css=&#8221;&#8221;]Il Gruppo R&amp;S si impegna a crescere in modo redditizio e ad aumentare costantemente il valore dell&#8217;azienda.<br \/>\nLa nostra strategia \u00e8 allineata al megatrend dell&#8217;elettrificazione e si basa su quattro pilastri fondamentali:<br \/>\nProdotti e design premium, disponibili e personalizzati . (Ecco solo 3?)<br \/>\nConcentrarsi su settori industriali emergenti come i data center, la mobilit\u00e0 elettrica e le energie rinnovabili.<br \/>\nEspansione geografica in mercati nuovi ed emergenti.<br \/>\nGuadagni di efficienza e miglioramenti delle prestazioni attraverso l&#8217;ottimizzazione continua dei processi.[\/vc_column_text][\/vc_column_inner][vc_column_inner el_class=&#8221;custom_sidebar&#8221; width=&#8221;1\/2&#8243;][apress_gradient_icon_box description=&#8221;Per R&amp;S, innovazione significa sviluppare nuovi prodotti con l&#8217;obiettivo di aumentare l&#8217;efficienza, ridurre i costi, migliorare la qualit\u00e0 e ridurre l&#8217;impatto ambientale. In questo modo, diventiamo pi\u00f9 competitivi, sviluppiamo il nostro business e contribuiamo allo sviluppo sostenibile del nostro pianeta.&#8221; color_scheme=&#8221;gradient_scheme1&#8243; icon_type=&#8221;image&#8221; icon_image=&#8221;2662&#8243; gradient_icon_size=&#8221;70&#8243; style=&#8221;iconbox_style1&#8243; class=&#8221;no-padding&#8221; title_font_options=&#8221;tag:h2|letter_spacing:1&#8243;]innovazione[\/apress_gradient_icon_box][\/vc_column_inner][\/vc_row_inner][vc_row_inner equal_height=&#8221;yes&#8221; gap=&#8221;20&#8243; el_class=&#8221;benefits-column-row&#8221;][vc_column_inner el_class=&#8221;custom_sidebar&#8221; width=&#8221;1\/2&#8243;][apress_gradient_icon_box description=&#8221;La nostra azienda \u00e8 certificata secondo gli standard di gestione della qualit\u00e0 applicabili. Il Gruppo R&amp;S \u00e8 sinonimo di qualit\u00e0, leadership tecnologica, competenza tecnica, partnership e vicinanza al cliente.&#8221; color_scheme=&#8221;gradient_scheme1&#8243; icon_type=&#8221;image&#8221; icon_image=&#8221;2644&#8243; gradient_icon_size=&#8221;70&#8243; style=&#8221;iconbox_style1&#8243; class=&#8221;no-padding&#8221; title_font_options=&#8221;tag:h2|letter_spacing:1&#8243;]Qualit\u00e0 e marchio[\/apress_gradient_icon_box][\/vc_column_inner][vc_column_inner el_class=&#8221;custom_sidebar&#8221; width=&#8221;1\/2&#8243;][apress_gradient_icon_box description=&#8221;In qualit\u00e0 di fornitore leader di componenti per infrastrutture elettriche, il Gruppo R&amp;S \u00e8 attivamente impegnato nella transizione energetica. La nostra missione \u00e8 fornire energia affidabile, supportando al contempo la transizione verso fonti energetiche rinnovabili e la loro distribuzione efficiente. La sostenibilit\u00e0 \u00e8 quindi una componente centrale della nostra strategia aziendale e plasma le nostre attivit\u00e0 attuali e future.&#8221; color_scheme=&#8221;gradient_scheme1&#8243; icon_type=&#8221;image&#8221; icon_image=&#8221;2644&#8243; gradient_icon_size=&#8221;70&#8243; style=&#8221;iconbox_style1&#8243; class=&#8221;no-padding&#8221; title_font_options=&#8221;tag:h2|letter_spacing:1&#8243;]Sostenibilit\u00e0:[\/apress_gradient_icon_box][\/vc_column_inner][\/vc_row_inner][vc_row_inner equal_height=&#8221;yes&#8221; gap=&#8221;20&#8243; el_class=&#8221;benefits-column-row&#8221;][vc_column_inner el_class=&#8221;custom_sidebar&#8221; width=&#8221;1\/2&#8243;][apress_gradient_icon_box description=&#8221;&#8221; color_scheme=&#8221;gradient_scheme1&#8243; icon_type=&#8221;image&#8221; icon_image=&#8221;2662&#8243; gradient_icon_size=&#8221;70&#8243; style=&#8221;iconbox_style1&#8243; class=&#8221;no-padding&#8221; title_font_options=&#8221;tag:h2|letter_spacing:1&#8243;]Obiettivi[\/apress_gradient_icon_box][vc_column_text css=&#8221;&#8221;]Il Gruppo R&amp;S persegue una strategia di crescita coerente basata su una crescita intelligente e sull&#8217;espansione nei mercati futuri. L&#8217;obiettivo \u00e8 quello di espandere in modo sostenibile la propria posizione di leader di mercato nei prodotti per infrastrutture elettriche attraverso l&#8217;innovazione e le acquisizioni strategiche, in particolare in Europa ( Svizzera , Germania, Polonia, Gran Bretagna\/Irlanda e Italia).<\/p>\n<p>Con la precisione e la qualit\u00e0 svizzera come fondamento, ci impegniamo a essere leader del settore in termini di sostenibilit\u00e0 (&#8220;1\u00b0 nella classe&#8221;). Perseguiamo costantemente questo obiettivo con prodotti ecocompatibili e processi produttivi sostenibili.[\/vc_column_text][\/vc_column_inner][vc_column_inner el_class=&#8221;custom_sidebar&#8221; width=&#8221;1\/2&#8243;][apress_gradient_icon_box description=&#8221;Il Gruppo R&amp;S offre prodotti affidabili per infrastrutture elettriche per mercati di nicchia (quando si tratta di prodotti infrastrutturali, s\u00ec, non solo di nicchia, come nel caso dei trasformatori) in tutto il mondo. Con la nostra promessa &#8220;Garantiamo energia&#8220;, non siamo solo sinonimo di tecnologie innovative, ma soprattutto di precisione svizzera, qualit\u00e0, processi decisionali rapidi ed elevata flessibilit\u00e0. I nostri clienti beneficiano di una combinazione unica di competenza globale e presenza locale, supportata da gerarchie orizzontali e solidi marchi locali con una profonda conoscenza del mercato.&#8221; color_scheme=&#8221;gradient_scheme1&#8243; icon_type=&#8221;image&#8221; icon_image=&#8221;2662&#8243; gradient_icon_size=&#8221;70&#8243; style=&#8221;iconbox_style1&#8243; class=&#8221;no-padding&#8221; title_font_options=&#8221;tag:h2|letter_spacing:1&#8243;]differenziazione[\/apress_gradient_icon_box][\/vc_column_inner][\/vc_row_inner][\/vc_column][\/vc_row]<\/p>\n<\/div>","protected":false},"excerpt":{"rendered":"<p>[vc_section full_width=&#8221;stretch_row&#8221; content_placement=&#8221;middle&#8221; min_height=&#8221;480&#8243; css=&#8221;.vc_custom_1763460109250{background-image: url(https:\/\/the-rsgroup.com\/wp-content\/uploads\/2025\/11\/Slider_Strategy.jpg?id=27176) !important;background-position: center !important;background-repeat: no-repeat !important;background-size: cover !important;}&#8221; el_class=&#8221;inner-page-banner-section&#8221;][vc_row][vc_column][apress_heading sub_title=&#8221;&#8221; content_alignment=&#8221;left&#8221; data_animation=&#8221;fadeInRight&#8221; enable_delimiter=&#8221;&#8221; style=&#8221;heading_style1&#8243; title_font_options=&#8221;tag:h1&#8243; subtitle_font_options=&#8221;tag:div&#8221;]Strategia[\/apress_heading][\/vc_column][\/vc_row][\/vc_section][vc_row css=&#8221;.vc_custom_1758271260093{padding-top: 80px !important;padding-bottom: 80px !important;}&#8221;][vc_column apress_zindex=&#8221;9&#8243; css=&#8221;.vc_custom_1701013509166{padding-top: 0px !important;padding-bottom: 0px !important;}&#8221; el_class=&#8221;custom_sidebar high_zIndex&#8221;][apress_heading sub_title=&#8221;La nostra strategia \u00e8 in linea&hellip;<\/p>\n","protected":false},"author":1,"featured_media":0,"parent":8013,"menu_order":0,"comment_status":"closed","ping_status":"closed","template":"template-fullwidth-page.php","meta":{"_acf_changed":false,"_monsterinsights_skip_tracking":false,"_monsterinsights_sitenote_active":false,"_monsterinsights_sitenote_note":"","_monsterinsights_sitenote_category":0,"footnotes":""},"class_list":["post-18227","page","type-page","status-publish","hentry"],"acf":[],"_links":{"self":[{"href":"https:\/\/the-rsgroup.com\/it\/wp-json\/wp\/v2\/pages\/18227","targetHints":{"allow":["GET"]}}],"collection":[{"href":"https:\/\/the-rsgroup.com\/it\/wp-json\/wp\/v2\/pages"}],"about":[{"href":"https:\/\/the-rsgroup.com\/it\/wp-json\/wp\/v2\/types\/page"}],"author":[{"embeddable":true,"href":"https:\/\/the-rsgroup.com\/it\/wp-json\/wp\/v2\/users\/1"}],"replies":[{"embeddable":true,"href":"https:\/\/the-rsgroup.com\/it\/wp-json\/wp\/v2\/comments?post=18227"}],"version-history":[{"count":22,"href":"https:\/\/the-rsgroup.com\/it\/wp-json\/wp\/v2\/pages\/18227\/revisions"}],"predecessor-version":[{"id":31787,"href":"https:\/\/the-rsgroup.com\/it\/wp-json\/wp\/v2\/pages\/18227\/revisions\/31787"}],"up":[{"embeddable":true,"href":"https:\/\/the-rsgroup.com\/it\/wp-json\/wp\/v2\/pages\/8013"}],"wp:attachment":[{"href":"https:\/\/the-rsgroup.com\/it\/wp-json\/wp\/v2\/media?parent=18227"}],"curies":[{"name":"wp","href":"https:\/\/api.w.org\/{rel}","templated":true}]}}